{"id":1176,"date":"2023-01-26T06:12:54","date_gmt":"2023-01-26T06:12:54","guid":{"rendered":"http:\/\/agderma.de\/?page_id=1176"},"modified":"2023-02-24T02:22:08","modified_gmt":"2023-02-24T02:22:08","slug":"product-samples","status":"publish","type":"page","link":"https:\/\/agderma.de\/en\/themen\/produktproben\/","title":{"rendered":"Product samples"},"content":{"rendered":"<div data-elementor-type=\"wp-page\" data-elementor-id=\"1176\" class=\"elementor elementor-1176\" data-elementor-post-type=\"page\">\n\t\t\t\t<div class=\"elementor-element elementor-element-3d478ea e-flex e-con-boxed e-con e-parent\" data-id=\"3d478ea\" data-element_type=\"container\" data-e-type=\"container\" data-settings=\"{&quot;background_background&quot;:&quot;classic&quot;}\">\n\t\t\t\t\t<div class=\"e-con-inner\">\n\t\t\t\t<div class=\"elementor-element elementor-element-3d3f871 elementor-widget elementor-widget-heading\" data-id=\"3d3f871\" data-element_type=\"widget\" data-e-type=\"widget\" data-widget_type=\"heading.default\">\n\t\t\t\t<div class=\"elementor-widget-container\">\n\t\t\t\t\t<h1 class=\"elementor-heading-title elementor-size-default\">Product samples<\/h1>\t\t\t\t<\/div>\n\t\t\t\t<\/div>\n\t\t\t\t\t<\/div>\n\t\t\t\t<\/div>\n\t\t<div class=\"elementor-element elementor-element-2179231 e-flex e-con-boxed e-con e-parent\" data-id=\"2179231\" data-element_type=\"container\" data-e-type=\"container\">\n\t\t\t\t\t<div class=\"e-con-inner\">\n\t\t\t\t<div class=\"elementor-element elementor-element-3c12a81 elementor-widget elementor-widget-text-editor\" data-id=\"3c12a81\" data-element_type=\"widget\" data-e-type=\"widget\" data-widget_type=\"text-editor.default\">\n\t\t\t\t<div class=\"elementor-widget-container\">\n\t\t\t\t\t\t\t\t\t<p>Product samples from different manufacturers of so-called \"cosmeceuticals\" are distributed daily in the practices and clinics.<\/p><p>Cosmeceuticals, a neologism made up of \"cosmetics\" and \"pharmaceuticals\", contain the highest possible concentration of active ingredients that are approved before they are classified as medicinal products. They therefore have a higher efficacy profile than conventional care products.<\/p><p>On the one hand, these samples offer patients several alternatives to care for their skin, but on the other hand, they are problematic for the environment and also represent a cost factor for the practice.<\/p><p><strong>The environmental factor<\/strong>\u200b<\/p><p>Often, boxes wrapped in plastic film are handed in, containing several samples and, in some cases, recommendation pads. Each small mini-package contains a tube, which usually consists of two different types of plastic (lid and tube). Many of the product samples contain a maximum of 5 to 7 ml of content, sometimes mixed with microplastics of different chemical compositions. Some of them contain substances that are suspected of being harmful, for example, <a href=\"https:\/\/agderma.de\/en\/topics\/what-are-endocrine-disruptors\/\">hormone-active<\/a> or<a href=\"https:\/\/agderma.de\/en\/topics\/problem-caused-by-sun-protection-creams\/\"> toxic to aquatic organisms<\/a> to have an effect. The energy-intensive production of plastic bags is based on fossil fuels such as gas and petroleum and puts the <a href=\"https:\/\/agderma.de\/en\/topics\/plastic-causes-climate-change\/\">Greenhouse gas carbon dioxide<\/a> free.<\/p><p>It can be assumed that thousands of samples are distributed to patients by doctors of different specialities and pharmacists every day. Not all samples are tried out by patients. In addition, many of the tubes and sachets remain in the practice and clinic cabinets beyond their expiry date and have to be sorted through and discarded by healthcare professionals. It is likely that the different types of packaging are rarely separated by practices and consumers, which prevents the recovery of recyclable plastics in waste recycling plants. In Germany alone, several tonnes of incineration waste and thus greenhouse gases are produced every day by product samples. It can also be assumed that some of the samples end up in the environment due to trips and journeys or are disposed of in countries that do not have a suitable waste disposal or recycling system.<\/p><p><strong>The cost factor<\/strong><\/p><p>In rented properties, product samples occupy storage space and thus consume floor space that generates rental costs. They require the labour of medical professionals to receive, store, sort and dispose of them. The resulting continuous consumption of working time is no longer available to a practice, clinic or pharmacy for other activities and must nevertheless be remunerated. The volume of waste is also increased immensely by product samples and repackaging. Since waste fees in most municipalities and cities are based on the amount of waste generated, this is reflected in the costs to be paid.<\/p><p><strong>Update from 01 August 2022<\/strong><\/p><p>Plastic is produced on the basis of fossil fuels such as natural gas and oil. The war in Ukraine and the associated successively increasing restriction of gas supplies to Germany therefore clearly call the production and distribution of product samples into question from an economic point of view.<\/p>\t\t\t\t\t\t\t\t<\/div>\n\t\t\t\t<\/div>\n\t\t\t\t<div class=\"elementor-element elementor-element-5361cbc elementor-widget elementor-widget-toggle\" data-id=\"5361cbc\" data-element_type=\"widget\" data-e-type=\"widget\" data-widget_type=\"toggle.default\">\n\t\t\t\t<div class=\"elementor-widget-container\">\n\t\t\t\t\t\t\t<div class=\"elementor-toggle\">\n\t\t\t\t\t\t\t<div class=\"elementor-toggle-item\">\n\t\t\t\t\t<div id=\"elementor-tab-title-8741\" class=\"elementor-tab-title\" data-tab=\"1\" role=\"button\" aria-controls=\"elementor-tab-content-8741\" aria-expanded=\"false\">\n\t\t\t\t\t\t\t\t\t\t\t\t<span class=\"elementor-toggle-icon elementor-toggle-icon-left\" aria-hidden=\"true\">\n\t\t\t\t\t\t\t\t\t\t\t\t\t\t\t<span class=\"elementor-toggle-icon-closed\"><i class=\"fas fa-caret-right\"><\/i><\/span>\n\t\t\t\t\t\t\t\t<span class=\"elementor-toggle-icon-opened\"><i class=\"elementor-toggle-icon-opened fas fa-caret-up\"><\/i><\/span>\n\t\t\t\t\t\t\t\t\t\t\t\t\t<\/span>\n\t\t\t\t\t\t\t\t\t\t\t\t<a class=\"elementor-toggle-title\" tabindex=\"0\">References and legal information<\/a>\n\t\t\t\t\t<\/div>\n\n\t\t\t\t\t<div id=\"elementor-tab-content-8741\" class=\"elementor-tab-content elementor-clearfix\" data-tab=\"1\" role=\"region\" aria-labelledby=\"elementor-tab-title-8741\"><p>\u00a9 Dr. med. Dipl. Biol. Susanne Saha 06\/2021<\/p><p><strong>Further materials:<\/strong><\/p><ul><li><a href=\"https:\/\/agderma.de\/wp-content\/uploads\/2023\/02\/Infoblatt-Produktproben.pdf\">Patient info on product samples<\/a><\/li><li>QM template: <a href=\"https:\/\/agderma.de\/wp-content\/uploads\/2023\/02\/Buero-FB-Werbung-abbestellen.docx\">Unsubscribe from advertising<\/a><\/li><\/ul><p>\u200b<\/p><\/div>\n\t\t\t\t<\/div>\n\t\t\t\t\t\t\t\t<\/div>\n\t\t\t\t\t\t<\/div>\n\t\t\t\t<\/div>\n\t\t\t\t\t<\/div>\n\t\t\t\t<\/div>\n\t\t\t\t<\/div>","protected":false},"excerpt":{"rendered":"<p>T\u00e4glich werden Produktproben unterschiedlicher Hersteller von sogenannten \u201eCosmeceuticals\u201c in den Praxen und Kliniken verteilt. Cosmeceuticals, eine Wortsch\u00f6pfung aus \u201ecosmetics\u201c (Kosmetik) und \u201epharmaceuticals\u201c (Medikament), enthalten die h\u00f6chstm\u00f6gliche Konzentration an Wirkstoffen, die zugelassen sind, bevor sie als Arzneimittel eingestuft werden. Sie haben dadurch ein h\u00f6heres Wirkprofil als herk\u00f6mmliche Pflegeprodukte. Geben diese Proben einerseits die M\u00f6glichkeit, Patient*innen mehrere [&hellip;]<\/p>\n","protected":false},"author":1,"featured_media":0,"parent":1142,"menu_order":0,"comment_status":"closed","ping_status":"closed","template":"","meta":{"_acf_changed":false,"footnotes":""},"class_list":["post-1176","page","type-page","status-publish","hentry"],"acf":[],"_links":{"self":[{"href":"https:\/\/agderma.de\/en\/wp-json\/wp\/v2\/pages\/1176","targetHints":{"allow":["GET"]}}],"collection":[{"href":"https:\/\/agderma.de\/en\/wp-json\/wp\/v2\/pages"}],"about":[{"href":"https:\/\/agderma.de\/en\/wp-json\/wp\/v2\/types\/page"}],"author":[{"embeddable":true,"href":"https:\/\/agderma.de\/en\/wp-json\/wp\/v2\/users\/1"}],"replies":[{"embeddable":true,"href":"https:\/\/agderma.de\/en\/wp-json\/wp\/v2\/comments?post=1176"}],"version-history":[{"count":0,"href":"https:\/\/agderma.de\/en\/wp-json\/wp\/v2\/pages\/1176\/revisions"}],"up":[{"embeddable":true,"href":"https:\/\/agderma.de\/en\/wp-json\/wp\/v2\/pages\/1142"}],"wp:attachment":[{"href":"https:\/\/agderma.de\/en\/wp-json\/wp\/v2\/media?parent=1176"}],"curies":[{"name":"wp","href":"https:\/\/api.w.org\/{rel}","templated":true}]}}