{"id":1199,"date":"2023-01-26T07:46:01","date_gmt":"2023-01-26T07:46:01","guid":{"rendered":"http:\/\/agderma.de\/?page_id=1199"},"modified":"2023-02-24T04:24:09","modified_gmt":"2023-02-24T04:24:09","slug":"climate-change-through-inhalation-anasthetics","status":"publish","type":"page","link":"https:\/\/agderma.de\/en\/themen\/klimawandel-durch-inhalationsanasthetika\/","title":{"rendered":"Climate change due to inhalation anaesthetics"},"content":{"rendered":"<div data-elementor-type=\"wp-page\" data-elementor-id=\"1199\" class=\"elementor elementor-1199\" data-elementor-post-type=\"page\">\n\t\t\t\t<div class=\"elementor-element elementor-element-3d478ea e-flex e-con-boxed e-con e-parent\" data-id=\"3d478ea\" data-element_type=\"container\" data-e-type=\"container\" data-settings=\"{&quot;background_background&quot;:&quot;classic&quot;}\">\n\t\t\t\t\t<div class=\"e-con-inner\">\n\t\t\t\t<div class=\"elementor-element elementor-element-3d3f871 elementor-widget elementor-widget-heading\" data-id=\"3d3f871\" data-element_type=\"widget\" data-e-type=\"widget\" data-widget_type=\"heading.default\">\n\t\t\t\t<div class=\"elementor-widget-container\">\n\t\t\t\t\t<h1 class=\"elementor-heading-title elementor-size-default\">Climate change due to inhalation anaesthetics<\/h1>\t\t\t\t<\/div>\n\t\t\t\t<\/div>\n\t\t\t\t\t<\/div>\n\t\t\t\t<\/div>\n\t\t<div class=\"elementor-element elementor-element-2179231 e-flex e-con-boxed e-con e-parent\" data-id=\"2179231\" data-element_type=\"container\" data-e-type=\"container\">\n\t\t\t\t\t<div class=\"e-con-inner\">\n\t\t\t\t<div class=\"elementor-element elementor-element-3c12a81 elementor-widget elementor-widget-text-editor\" data-id=\"3c12a81\" data-element_type=\"widget\" data-e-type=\"widget\" data-widget_type=\"text-editor.default\">\n\t\t\t\t<div class=\"elementor-widget-container\">\n\t\t\t\t\t\t\t\t\t<p>Inhalation anaesthetics (volatile anaesthetics) are anaesthetic gases used to maintain general anaesthesia. Desflurane, sevoflurane, isoflurane, nitrous oxide (N2O) and the noble gas xenon are currently authorised in Germany. Chemically, all inhalation anaesthetics except N2O and xenon are halogenated hydrocarbons in which one or more hydrogen atoms have been replaced by fluorine and chlorine. Sevoflurane and desflurane are pure fluorocarbons (HFCs). Isoflurane contains an additional chlorine atom and is therefore a chlorofluorocarbon (CFC).<\/p><h3>Climate and ozone-depleting properties<\/h3><p>CFC gases are ozone-depleting and, together with HFC gases, are highly potent greenhouse gases. In addition to its greenhouse gas effect, nitrous oxide also has an ozone-depleting effect. <a href=\"https:\/\/www.umweltbundesamt.de\/themen\/klima-energie\/klimaschutz-energiepolitik-in-deutschland\/treibhausgas-emissionen\/die-treibhausgase\" target=\"_blank\" rel=\"noopener\">with an atmospheric lifetime of about 121 years.<\/a><\/p><p>Of all the volatile anaesthetics, desflurane has by far the most\u00a0<a href=\"https:\/\/agupubs.onlinelibrary.wiley.com\/doi\/full\/10.1002\/2014GL062785\" target=\"_blank\" rel=\"noreferrer noopener\">greatest climate-damaging effect<\/a>. Thus, over the time window of 100 years, desflurane shows\u00a0<a href=\"https:\/\/academic.oup.com\/bja\/article\/105\/6\/760\/324048\" target=\"_blank\" rel=\"noreferrer noopener\">a 1,620 higher \"Global Warming Potency (GFW)\".<\/a> compared to the reference greenhouse gas CO\u2082.<\/p><p>The\u00a0<a href=\"https:\/\/academic.oup.com\/bja\/article\/105\/6\/760\/324048\" target=\"_blank\" rel=\"noreferrer noopener\">strong global warming potential of HFC and CFC compounds<\/a>\u00a0is caused by the high absorption and reflection of infrared radiation in the so-called atmospheric window, an area in which natural greenhouse gases (CO2, <a href=\"https:\/\/agderma.de\/en\/topics\/plastic-causes-climate-change\/\">Methane<\/a>nitrous oxide) do not cause any reflection of the radiating infrared radiation. In 1987, a reduction of CFC gases in the\u00a0<a href=\"http:\/\/unfccc.int\/resource\/docs\/convkp\/kpger.pdf\" target=\"_blank\" rel=\"noreferrer noopener\">Montreal Protocol<\/a>\u00a0agreed at the Conference of the Parties to the United Nations Framework Convention on Climate Change to protect the ozone layer. This was expanded in 2016 to include HFC compounds due to their high climate-damaging effect in Kigali. However, anaesthetic gases are not included in this treaty as they are medically necessary substances. Thus, anaesthetic gases are now the only HFC compounds whose concentrations are released into the atmosphere.<\/p><h3>Measurable increase in the atmosphere worldwide<\/h3><p>The\u00a0<a href=\"https:\/\/agupubs.onlinelibrary.wiley.com\/doi\/full\/10.1002\/2014GL062785\" target=\"_blank\" rel=\"noreferrer noopener\">Increasing use of desflurane worldwide<\/a>\u00a0and sevoflurane can be demonstrated by a visibly measurable increase in the atmosphere. Causes are the increasing world population, improved medical care and the increasing age of people combined with more frequent operations. In Germany, sevoflurane and desflurane are the primary inhaled anaesthetics used today*. In a hospital, currently approx.\u00a0<a href=\"https:\/\/www.ai-online.info\/archiv\/2020\/0708-2020\/positionspapier-mit-konkreten-handlungsempfehlungen-der-dgai-und-des-bda-oekologische-nachhaltigkeit-in-der-anaesthesiologie-und-intensivmedizin.html\" target=\"_blank\" rel=\"noreferrer noopener\">25 per cent of greenhouse gas emissions from the use of inhaled anaesthetics<\/a>.<\/p><p>Compared to sevoflurane, a significantly higher gas concentration is necessary for general anaesthesia with desflurane. Furthermore, it is necessary to specify the \"global warming potency\" on shorter time windows, since anaesthetic gases, except nitrous oxide, all have an atmospheric lifetime of less than 20 years. These effects should be considered as a CO2 footprint per anaesthetic procedure. For example, the\u00a0<a href=\"https:\/\/link.springer.com\/article\/10.1007\/s12630-019-01385-w\" target=\"_blank\" rel=\"noreferrer noopener\">CO2 footprint for the 1-year time window of a 7-hour general anaesthesia at a fresh gas flow of 2 l\/min<\/a> with<\/p><ul><li>Sevoflurane of a car journey of 3,132 km<\/li><li>Desflurane of a car journey of 15,698 km<\/li><\/ul><p>By reducing the fresh gas flow (low flow anaesthesia 0.5l\/min) during anaesthesia, the\u00a0<a href=\"https:\/\/www.draeger.com\/de_de\/News-Room\/Stories\/A-Better-Operating-Climate#reduktion-bis-zu-90-prozent\" target=\"_blank\" rel=\"noreferrer noopener\">CO2 footprint significantly reduced<\/a>\u00a0become. However, the better alternative would be to conduct a\u00a0<a href=\"https:\/\/journals.lww.com\/anesthesia-analgesia\/Fulltext\/2012\/05000\/Life_Cycle_Greenhouse_Gas_Emissions_of_Anesthetic.25.aspx\" target=\"_blank\" rel=\"noreferrer noopener\">General anaesthesia via the vein with propofol or, if possible, the use of regional anaesthesia procedures<\/a>. Both processes leave a significantly lower carbon footprint<\/p>\t\t\t\t\t\t\t\t<\/div>\n\t\t\t\t<\/div>\n\t\t\t\t<div class=\"elementor-element elementor-element-5361cbc elementor-widget elementor-widget-toggle\" data-id=\"5361cbc\" data-element_type=\"widget\" data-e-type=\"widget\" data-widget_type=\"toggle.default\">\n\t\t\t\t<div class=\"elementor-widget-container\">\n\t\t\t\t\t\t\t<div class=\"elementor-toggle\">\n\t\t\t\t\t\t\t<div class=\"elementor-toggle-item\">\n\t\t\t\t\t<div id=\"elementor-tab-title-8741\" class=\"elementor-tab-title\" data-tab=\"1\" role=\"button\" aria-controls=\"elementor-tab-content-8741\" aria-expanded=\"false\">\n\t\t\t\t\t\t\t\t\t\t\t\t<span class=\"elementor-toggle-icon elementor-toggle-icon-left\" aria-hidden=\"true\">\n\t\t\t\t\t\t\t\t\t\t\t\t\t\t\t<span class=\"elementor-toggle-icon-closed\"><i class=\"fas fa-caret-right\"><\/i><\/span>\n\t\t\t\t\t\t\t\t<span class=\"elementor-toggle-icon-opened\"><i class=\"elementor-toggle-icon-opened fas fa-caret-up\"><\/i><\/span>\n\t\t\t\t\t\t\t\t\t\t\t\t\t<\/span>\n\t\t\t\t\t\t\t\t\t\t\t\t<a class=\"elementor-toggle-title\" tabindex=\"0\">References and legal information<\/a>\n\t\t\t\t\t<\/div>\n\n\t\t\t\t\t<div id=\"elementor-tab-content-8741\" class=\"elementor-tab-content elementor-clearfix\" data-tab=\"1\" role=\"region\" aria-labelledby=\"elementor-tab-title-8741\"><p>\u00a9 Priv. Doz. Susanne Koch, MD, Forum Sustainability in Anaesthesiology (DGAI\/BDA) 10\/2021<\/p><p class=\"font_8\"><span class=\"color_26\">* Koch S, et al. Survey regarding routine use of anaesthetic procedures and related knowledge on environmental impact in Germany 2021. European Journal of Anaesthesiology.<\/span>\u200b<\/p><\/div>\n\t\t\t\t<\/div>\n\t\t\t\t\t\t\t\t<\/div>\n\t\t\t\t\t\t<\/div>\n\t\t\t\t<\/div>\n\t\t\t\t\t<\/div>\n\t\t\t\t<\/div>\n\t\t\t\t<\/div>","protected":false},"excerpt":{"rendered":"<p>Inhalationsan\u00e4sthetika (volatile An\u00e4sthetika) sind narkotisierende Gase, die zur Aufrechterhaltung einer Allgemeinan\u00e4sthesie dienen. Derzeit sind in Deutschland Desfluran, Sevofluran, Isofluran, Lachgas (N2O) und das Edelgas Xenon zugelassen. Chemisch gesehen sind alle Inhalationsan\u00e4sthetika, bis auf N2O und Xenon, halogenierte Kohlenwasserstoffe bei denen ein oder mehrere Wasserstoffatome durch Fluor und Chlor ersetzt wurden. Sevofluran und Desfluran sind reine [&hellip;]<\/p>\n","protected":false},"author":1,"featured_media":0,"parent":1142,"menu_order":0,"comment_status":"closed","ping_status":"closed","template":"","meta":{"_acf_changed":false,"footnotes":""},"class_list":["post-1199","page","type-page","status-publish","hentry"],"acf":[],"_links":{"self":[{"href":"https:\/\/agderma.de\/en\/wp-json\/wp\/v2\/pages\/1199","targetHints":{"allow":["GET"]}}],"collection":[{"href":"https:\/\/agderma.de\/en\/wp-json\/wp\/v2\/pages"}],"about":[{"href":"https:\/\/agderma.de\/en\/wp-json\/wp\/v2\/types\/page"}],"author":[{"embeddable":true,"href":"https:\/\/agderma.de\/en\/wp-json\/wp\/v2\/users\/1"}],"replies":[{"embeddable":true,"href":"https:\/\/agderma.de\/en\/wp-json\/wp\/v2\/comments?post=1199"}],"version-history":[{"count":0,"href":"https:\/\/agderma.de\/en\/wp-json\/wp\/v2\/pages\/1199\/revisions"}],"up":[{"embeddable":true,"href":"https:\/\/agderma.de\/en\/wp-json\/wp\/v2\/pages\/1142"}],"wp:attachment":[{"href":"https:\/\/agderma.de\/en\/wp-json\/wp\/v2\/media?parent=1199"}],"curies":[{"name":"wp","href":"https:\/\/api.w.org\/{rel}","templated":true}]}}