{"id":1208,"date":"2023-01-26T07:58:45","date_gmt":"2023-01-26T07:58:45","guid":{"rendered":"http:\/\/agderma.de\/?page_id=1208"},"modified":"2025-03-15T15:49:45","modified_gmt":"2025-03-15T15:49:45","slug":"plastic-causes-climate-change","status":"publish","type":"page","link":"https:\/\/agderma.de\/en\/themen\/plastik-verursacht-klimawandel\/","title":{"rendered":"Plastic causes climate change"},"content":{"rendered":"<div data-elementor-type=\"wp-page\" data-elementor-id=\"1208\" class=\"elementor elementor-1208\" data-elementor-post-type=\"page\">\n\t\t\t\t<div class=\"elementor-element elementor-element-3d478ea e-flex e-con-boxed e-con e-parent\" data-id=\"3d478ea\" data-element_type=\"container\" data-e-type=\"container\" data-settings=\"{&quot;background_background&quot;:&quot;classic&quot;}\">\n\t\t\t\t\t<div class=\"e-con-inner\">\n\t\t\t\t<div class=\"elementor-element elementor-element-3d3f871 elementor-widget elementor-widget-heading\" data-id=\"3d3f871\" data-element_type=\"widget\" data-e-type=\"widget\" data-widget_type=\"heading.default\">\n\t\t\t\t<div class=\"elementor-widget-container\">\n\t\t\t\t\t<h1 class=\"elementor-heading-title elementor-size-default\">Plastic causes climate change<\/h1>\t\t\t\t<\/div>\n\t\t\t\t<\/div>\n\t\t\t\t\t<\/div>\n\t\t\t\t<\/div>\n\t\t<div class=\"elementor-element elementor-element-2179231 e-flex e-con-boxed e-con e-parent\" data-id=\"2179231\" data-element_type=\"container\" data-e-type=\"container\">\n\t\t\t\t\t<div class=\"e-con-inner\">\n\t\t\t\t<div class=\"elementor-element elementor-element-3c12a81 elementor-widget elementor-widget-text-editor\" data-id=\"3c12a81\" data-element_type=\"widget\" data-e-type=\"widget\" data-widget_type=\"text-editor.default\">\n\t\t\t\t<div class=\"elementor-widget-container\">\n\t\t\t\t\t\t\t\t\t<p>Plastic is a petro-based and thus artificially created raw material, for which approximately 16 % of crude oil and natural gas are currently consumed worldwide every day.\u00a0<a href=\"https:\/\/www.boell.de\/de\/plastikatlas\" target=\"_blank\" rel=\"noreferrer noopener\">The Heinrich B\u00f6ll Foundation<\/a> estimates that carbon dioxide (CO\u2082) caused emissions of 1,781 million tonnes in 2015 alone. Global plastic production accounts for 10-13 % of the total CO\u2082 budget that may be consumed as a maximum to limit man-made global warming to 1.5 degrees.<\/p><h3>CO\u2082 and the ocean<\/h3><p>Around 400 million tonnes of plastic of various compositions are produced worldwide every year. According to estimates, about one third of this is disposed of in the environment. A large part ends up in the ocean, forming 5 large plastic whirlpools of\u00a0<a href=\"https:\/\/www.zeit.de\/wissen\/umwelt\/2018-03\/umweltverschmutzung-ozeane-muellstrudel-plastikmuell\" target=\"_blank\" rel=\"noreferrer noopener\">1.6 square kilometres in diameter (as of 2018)<\/a><\/p><p>It is assumed that the increasing amount of\u00a0<a href=\"https:\/\/www.ciel.org\/wp-content\/uploads\/2019\/05\/Plastic-and-Climate-Executive-Summary-2019.pdf\" target=\"_blank\" rel=\"noreferrer noopener\">Microplastics in the oceans, created by the decay of plastic, disrupt biological processes<\/a>with the help of which plankton at the sea surface binds CO2 through photosynthesis. This process, called the biological carbon pump, is of central importance for the role of the ocean as a so-called carbon sink and contributes significantly to a stable Earth climate.<\/p><p>Through natural death processes, the plankton secretes the CO2 again when it sinks to the seabed. The partly highly toxic effect of microplastics leads to the\u00a0<a href=\"https:\/\/www.oceaneye.ch\/de\/problematique\/plastique-en-mer\/\" target=\"_blank\" rel=\"noreferrer noopener\">increased dieback<\/a> of the plankton and thus to an increased release of CO2 into the atmosphere.<\/p><p>Currently, more than half of the CO2 produced annually by humans is stored in the ocean. Statements about the amount and how storage could change in the future are the subject of research.<\/p><h3>Decomposition of plastic causes methane<\/h3><p><a href=\"https:\/\/journals.plos.org\/plosone\/article?id=10.1371\/journal.pone.0200574\" target=\"_blank\" rel=\"noreferrer noopener\">According to an August 2018 study by the University of Hawaii<\/a>\u00a0UV light promotes the decomposition of plastic in the environment, releasing methane and ethylene.\u00a0<a href=\"https:\/\/www.mpg.de\/405362\/forschungsSchwerpunkt\" target=\"_blank\" rel=\"noreferrer noopener\">Methane<\/a> (CH4) is one of the most important greenhouse gases and is 21 times more effective than CO\u2082.<\/p><p class=\"font_8\"><span class=\"color_26\">The studies on different types of plastics showed that most of the methane is released by plastic particles of\u00a0<a href=\"https:\/\/en.wikipedia.org\/wiki\/Low-density_polyethylene\" target=\"_blank\" rel=\"noreferrer noopener\">Low density polyethylene (LDPE)<\/a>, a variant of the\u00a0<a href=\"https:\/\/echa.europa.eu\/legislation-obligation\/-\/obligations\/100.121.698\" target=\"_blank\" rel=\"noreferrer noopener\">Polyethylene<\/a>\u00a0(PE), was produced. Methane emissions increased the longer the plastic particles were irradiated by UV light. UV light apparently acts as a catalyst, as methane production, once triggered, no longer requires UV light to continue.<\/span><\/p><p class=\"font_8\"><span class=\"color_26\">LDPE and PE is the most commonly produced material in the world and is used in dispenser bottles, wash bottles, tubing, plastic bags, work surfaces and plastic sheeting, among other things.<\/span><\/p><p>Recycling and reduction of plastic production represent an important goal worldwide for saving emissions of the anthropogenic greenhouse gases CO\u2082 and methane.<\/p><p><strong>Further links:<\/strong><\/p><ul><li><a href=\"https:\/\/www.ciel.org\/wp-content\/uploads\/2019\/05\/Plastic-and-Climate-Executive-Summary-2019.pdf\" target=\"_blank\" rel=\"noreferrer noopener\">Plastic &amp; Climate: The Hidden Costs of a Plastic Planet<\/a><\/li><\/ul>\t\t\t\t\t\t\t\t<\/div>\n\t\t\t\t<\/div>\n\t\t\t\t<div class=\"elementor-element elementor-element-5361cbc elementor-widget elementor-widget-toggle\" data-id=\"5361cbc\" data-element_type=\"widget\" data-e-type=\"widget\" data-widget_type=\"toggle.default\">\n\t\t\t\t<div class=\"elementor-widget-container\">\n\t\t\t\t\t\t\t<div class=\"elementor-toggle\">\n\t\t\t\t\t\t\t<div class=\"elementor-toggle-item\">\n\t\t\t\t\t<div id=\"elementor-tab-title-8741\" class=\"elementor-tab-title\" data-tab=\"1\" role=\"button\" aria-controls=\"elementor-tab-content-8741\" aria-expanded=\"false\">\n\t\t\t\t\t\t\t\t\t\t\t\t<span class=\"elementor-toggle-icon elementor-toggle-icon-left\" aria-hidden=\"true\">\n\t\t\t\t\t\t\t\t\t\t\t\t\t\t\t<span class=\"elementor-toggle-icon-closed\"><i class=\"fas fa-caret-right\"><\/i><\/span>\n\t\t\t\t\t\t\t\t<span class=\"elementor-toggle-icon-opened\"><i class=\"elementor-toggle-icon-opened fas fa-caret-up\"><\/i><\/span>\n\t\t\t\t\t\t\t\t\t\t\t\t\t<\/span>\n\t\t\t\t\t\t\t\t\t\t\t\t<a class=\"elementor-toggle-title\" tabindex=\"0\">References and legal information<\/a>\n\t\t\t\t\t<\/div>\n\n\t\t\t\t\t<div id=\"elementor-tab-content-8741\" class=\"elementor-tab-content elementor-clearfix\" data-tab=\"1\" role=\"region\" aria-labelledby=\"elementor-tab-title-8741\"><p>\u00a9 Dr. med. Dipl. Biol. Susanne Saha 05\/2021<\/p><\/div>\n\t\t\t\t<\/div>\n\t\t\t\t\t\t\t\t<\/div>\n\t\t\t\t\t\t<\/div>\n\t\t\t\t<\/div>\n\t\t\t\t\t<\/div>\n\t\t\t\t<\/div>\n\t\t\t\t<\/div>","protected":false},"excerpt":{"rendered":"<p>Plastik ist ein petrobasierter und damit k\u00fcnstlich geschaffener Rohstoff, f\u00fcr den aktuell weltweit t\u00e4glich ca. 16 % Erd\u00f6l- und Erdgas verbraucht werden.\u00a0Die Heinrich-B\u00f6ll-Stiftung sch\u00e4tzt, dass durch Kohlendioxid (CO\u2082) allein 2015 Emissionen in H\u00f6he von 1.781 Mio. Tonnen verursacht wurden. Die weltweite Kunststoffproduktion macht 10-13 % des gesamten CO\u2082-Budgets aus, das maximal verbraucht werden darf, um [&hellip;]<\/p>\n","protected":false},"author":1,"featured_media":0,"parent":1142,"menu_order":0,"comment_status":"closed","ping_status":"closed","template":"","meta":{"_acf_changed":false,"footnotes":""},"class_list":["post-1208","page","type-page","status-publish","hentry"],"acf":[],"_links":{"self":[{"href":"https:\/\/agderma.de\/en\/wp-json\/wp\/v2\/pages\/1208","targetHints":{"allow":["GET"]}}],"collection":[{"href":"https:\/\/agderma.de\/en\/wp-json\/wp\/v2\/pages"}],"about":[{"href":"https:\/\/agderma.de\/en\/wp-json\/wp\/v2\/types\/page"}],"author":[{"embeddable":true,"href":"https:\/\/agderma.de\/en\/wp-json\/wp\/v2\/users\/1"}],"replies":[{"embeddable":true,"href":"https:\/\/agderma.de\/en\/wp-json\/wp\/v2\/comments?post=1208"}],"version-history":[{"count":7,"href":"https:\/\/agderma.de\/en\/wp-json\/wp\/v2\/pages\/1208\/revisions"}],"predecessor-version":[{"id":5634,"href":"https:\/\/agderma.de\/en\/wp-json\/wp\/v2\/pages\/1208\/revisions\/5634"}],"up":[{"embeddable":true,"href":"https:\/\/agderma.de\/en\/wp-json\/wp\/v2\/pages\/1142"}],"wp:attachment":[{"href":"https:\/\/agderma.de\/en\/wp-json\/wp\/v2\/media?parent=1208"}],"curies":[{"name":"wp","href":"https:\/\/api.w.org\/{rel}","templated":true}]}}