{"id":1220,"date":"2023-01-26T23:05:11","date_gmt":"2023-01-26T23:05:11","guid":{"rendered":"http:\/\/agderma.de\/?page_id=1220"},"modified":"2024-03-01T07:18:57","modified_gmt":"2024-03-01T07:18:57","slug":"problem-caused-by-sun-protection-creams","status":"publish","type":"page","link":"https:\/\/agderma.de\/en\/themen\/problem-durch-sonnenschutzcremes\/","title":{"rendered":"Problem due to sunscreens"},"content":{"rendered":"<div data-elementor-type=\"wp-page\" data-elementor-id=\"1220\" class=\"elementor elementor-1220\" data-elementor-post-type=\"page\">\n\t\t\t\t<div class=\"elementor-element elementor-element-3d478ea e-flex e-con-boxed e-con e-parent\" data-id=\"3d478ea\" data-element_type=\"container\" data-e-type=\"container\" data-settings=\"{&quot;background_background&quot;:&quot;classic&quot;}\">\n\t\t\t\t\t<div class=\"e-con-inner\">\n\t\t\t\t<div class=\"elementor-element elementor-element-3d3f871 elementor-widget elementor-widget-heading\" data-id=\"3d3f871\" data-element_type=\"widget\" data-e-type=\"widget\" data-widget_type=\"heading.default\">\n\t\t\t\t<div class=\"elementor-widget-container\">\n\t\t\t\t\t<h1 class=\"elementor-heading-title elementor-size-default\">Problem due to sunscreens<\/h1>\t\t\t\t<\/div>\n\t\t\t\t<\/div>\n\t\t\t\t\t<\/div>\n\t\t\t\t<\/div>\n\t\t<div class=\"elementor-element elementor-element-2179231 e-flex e-con-boxed e-con e-parent\" data-id=\"2179231\" data-element_type=\"container\" data-e-type=\"container\">\n\t\t\t\t\t<div class=\"e-con-inner\">\n\t\t\t\t<div class=\"elementor-element elementor-element-3c12a81 elementor-widget elementor-widget-text-editor\" data-id=\"3c12a81\" data-element_type=\"widget\" data-e-type=\"widget\" data-widget_type=\"text-editor.default\">\n\t\t\t\t<div class=\"elementor-widget-container\">\n\t\t\t\t\t\t\t\t\t<p><em>This text is by no means an invitation to permanently refrain from active sun protection, but deals with some of the ingredients of sunscreens. Sunscreens fulfil an important function by protecting the skin barrier from UV light and thus preventing skin cancer.<\/em><\/p><p>Basically, a distinction is made between two active principles in sun creams:<\/p><p><strong>1. sun creams with mineral or physical UV filters<br \/><\/strong>contain substances such as titanium dioxide (TiO2) and zinc oxide (ZnO). These stick to the skin when applied and prevent UV radiation from reaching the skin through diffuse reflection. Meanwhile, these are often added as nanoparticles (nano titanium dioxide and nano zinc oxide) to avoid a whitening effect. The <a href=\"https:\/\/eur-lex.europa.eu\/LexUriServ\/LexUriServ.do?uri=OJ:L:2012:167:0001:0123:DE:PDF\" target=\"_blank\" rel=\"noopener\">Biocides Ordinance<\/a>\u00a0defines nanomaterials as \"particles (...) in which at least 50 percent of the particles in the number size distribution have one or more dimensions in the range from 1 nm to 100 nm.\"<\/p><p><a href=\"https:\/\/echa.europa.eu\/de\/brief-profile\/-\/briefprofile\/100.013.839\" target=\"_blank\" rel=\"noopener\"><strong>Zinc oxide<\/strong><\/a><br \/>A\u00a0<a href=\"https:\/\/www.jidonline.org\/article\/S0022-202X(18)32655-1\/fulltext\" target=\"_blank\" rel=\"noopener\">Publication<\/a>\u00a0from 2018 could not find any skin permeability for hydrophobic silicone-coated and uncoated zinc oxide nanoparticles in a size of 65 and 77 nm.\u00a0<br \/>A\u00a0<a href=\"https:\/\/pubmed.ncbi.nlm.nih.gov\/21329043\/\" target=\"_blank\" rel=\"noopener\">Study<\/a> concluded in 2010, however, that the uptake of nanoparticles through the skin is influenced by the particle size and that this also depends on the health status of the skin. Zinc oxide is listed in the ECHA database as a very <a href=\"https:\/\/echa.europa.eu\/de\/brief-profile\/-\/briefprofile\/100.013.839\" target=\"_blank\" rel=\"noopener\">toxicological for aquatic life forms<\/a>\u00a0listed.<\/p><p><strong><a href=\"https:\/\/echa.europa.eu\/de\/brief-profile\/-\/briefprofile\/100.033.327\" target=\"_blank\" rel=\"noopener\">Titanium dioxide<\/a><\/strong>\u00a0<br \/>The\u00a0<a href=\"https:\/\/ec.europa.eu\/transparency\/regdoc\/rep\/3\/2019\/DE\/C-2019-7227-F1-DE-ANNEX-1-PART-1.PDF\" target=\"_blank\" rel=\"noopener\">Scientific Committee on Consumer Safety (SCCS)<\/a>\u00a0notes that the use of pigmented <a href=\"https:\/\/echa.europa.eu\/de\/brief-profile\/-\/briefprofile\/100.033.327\" target=\"_blank\" rel=\"noopener\">Titanium dioxide<\/a> in topicals, due to the current data situation and the possible classification of titanium dioxide as a category 2 carcinogen according to the CLP Regulation (<a href=\"https:\/\/ec.europa.eu\/health\/sites\/health\/files\/scientific_committees\/consumer_safety\/docs\/sccs_o_238.pdf\" target=\"_blank\" rel=\"noopener\">Inhalation<\/a>), is not safe for general consumers if inhaled. In the database of\u00a0<a href=\"https:\/\/echa.europa.eu\/de\/brief-profile\/-\/briefprofile\/100.033.327\" target=\"_blank\" rel=\"noopener\">ECHA will titanium dioxide<\/a> listed as a possible carcinogenic substance.<\/p><p><em>There has been a labelling obligation for nanoparticles in cosmetics in the EU since 11 July 2013. <\/em><\/p><p>Update titanium dioxide 7 May 2021 Titanium dioxide is also used as a whitening agent in foods (sweets, toothpaste, mozzarella, etc.) and medicines. According to a <a href=\"https:\/\/www.bfr.bund.de\/cm\/343\/faq-titandioxid-gibt-es-gesundheitliche-risiken.pdf\" target=\"_blank\" rel=\"noopener\">Publication of the Federal Institute for Risk Assessment (BfR) of 6 May 2021<\/a>\u00a0its use as a food additive is not considered safe, as there is an urgent suspicion that titanium dioxide is mutagenic. In France, titanium dioxide has been banned in food since 1 January 2020. \u00a0<\/p><p><strong>2. sun creams with chemical UV filters<\/strong> <br \/>penetrate the skin. They contain absorbing substances that convert the energy of UV radiation into infrared light and emit it again. Some of these chemical UV filters are strongly suspected of being endocrine disruptors. The following substances and groups of substances are currently the focus of attention\u00a0<a href=\"https:\/\/eur-lex.europa.eu\/LexUriServ\/LexUriServ.do?uri=OJ:L:2007:136:0003:0280:de:PDF\" target=\"_blank\" rel=\"noopener\">European Commission<\/a>:<\/p><ul><li><a href=\"https:\/\/echa.europa.eu\/de\/brief-profile\/-\/briefprofile\/100.157.824\" target=\"_blank\" rel=\"noopener\">Octinoxate<\/a><\/li><li>(Octyl methoxycinnamate (OMC) or 2-ethylhexyl-4-methoxycinnamate (EHMC))<\/li><li><a href=\"https:\/\/echa.europa.eu\/de\/brief-profile\/-\/briefprofile\/100.004.575\" target=\"_blank\" rel=\"noopener\">Oxybenzone<\/a>\u00a0(Benzophenone-3)\u00a0<\/li><li><a href=\"https:\/\/echa.europa.eu\/de\/brief-profile\/-\/briefprofile\/100.025.683\" target=\"_blank\" rel=\"noopener\">Octocrylene<\/a>\u00a0<\/li><li><a href=\"https:\/\/www.akdermaplastik.de\/parabens\" target=\"_blank\" rel=\"noopener\">Parabens<\/a>\u00a0(<a href=\"https:\/\/echa.europa.eu\/de\/brief-profile\/-\/briefprofile\/100.002.532\" target=\"_blank\" rel=\"noopener\">Methyl paraben<\/a>,\u00a0<a href=\"https:\/\/echa.europa.eu\/de\/brief-profile\/-\/briefprofile\/100.004.000\" target=\"_blank\" rel=\"noopener\">Ethyl paraben<\/a>,\u00a0<a href=\"https:\/\/echa.europa.eu\/de\/brief-profile\/-\/briefprofile\/100.002.108\" target=\"_blank\" rel=\"noopener\">Butyl paraben<\/a>,\u00a0<a href=\"https:\/\/echa.europa.eu\/de\/brief-profile\/-\/briefprofile\/100.002.102\" target=\"_blank\" rel=\"noopener\">Benzyl paraben)<\/a>\u00a0<\/li><li><a href=\"https:\/\/echa.europa.eu\/de\/brief-profile\/-\/briefprofile\/100.002.102\" target=\"_blank\" rel=\"noopener\">Camphor derivatives<\/a> (4-methyl-benzylidene)<\/li><\/ul><p>These UV filters pass from the body <a href=\"https:\/\/www.sciencedirect.com\/science\/article\/abs\/pii\/S0048969718320242\" target=\"_blank\" rel=\"noopener\">into the environment through direct contact<\/a>\u00a0with water bodies or indirectly through via sewage treatment plants into the sea. They accumulate in waterbodies, are not biodegradable and are increasingly being\u00a0<a href=\"https:\/\/www.sciencedirect.com\/science\/article\/abs\/pii\/S0048969718347545\" target=\"_blank\" rel=\"noopener\">enriched in the food chain<\/a>. They are demonstrably\u00a0<a href=\"https:\/\/pubs.acs.org\/doi\/abs\/10.1021\/acs.est.6b05211\" target=\"_blank\" rel=\"noopener\">toxic for aquatic organisms<\/a> such as corals.<\/p><p>As they are blamed for coral bleaching worldwide, sunscreens containing the above UV filters have been banned on Palau since 2020 and according to the <a href=\"https:\/\/trackbill.com\/bill\/hawaii-senate-bill-748-non-chemical-sunscreen-dispensers-department-of-land-and-natural-resources-state-beaches-appropriation\/2333872\/\" target=\"_blank\" rel=\"noopener\">Hawaii Reef Act (SB 2571)<\/a> since 01 January 2021 prohibited on Bonaire, in Key West Florida, the American Virgin Islands, Hawaii, Thailand and the Yucatan Peninsula \/ Mexico.<\/p><p>The EU Commission has altogether a separate <a href=\"https:\/\/eur-lex.europa.eu\/legal-content\/DE\/TXT\/PDF\/?uri=CELEX:52018DC0739&amp;from=EN\" target=\"_blank\" rel=\"noopener\">List of 28 substances<\/a>\u00a0for which there is a suspicion of an endocrine effect in humans. In Europe, the assessment of the environmental hazards of UV filters in cosmetics and other products is currently being carried out under the\u00a0<a href=\"https:\/\/eur-lex.europa.eu\/LexUriServ\/LexUriServ.do?uri=OJ:L:2007:136:0003:0280:de:PDF\" target=\"_blank\" rel=\"noopener\">European REACH Regulation (EC No 1907\/2006)<\/a>.<\/p><p>The Haereticus Environmental Laboratory (USA) has developed the <a href=\"https:\/\/haereticus-lab.org\/protect-land-sea-certification-3\" target=\"_blank\" rel=\"noopener\">Protect Land + Sea Certification<\/a>\u00a0which certifies safe sun creams. Among other things, the sun creams must not contain any microplastics, nanoparticles or\u00a0<a href=\"https:\/\/agderma.de\/en\/topics\/triclosan-a-problematic-substance\/\">Triclosan<\/a>\u00a0contain.<\/p><p>According to current knowledge, many sun creams and sprays on the market continue to contain oxybenzone, octocrylene, octinoxate and\u00a0<a href=\"https:\/\/agderma.de\/en\/topics\/breast-cancer-due-to-parabens\/\">Parabens<\/a>.<\/p><p>As a further link, the article by Prof. Peter and Prof. Joachim Barth from Altmeyer's Encyclopaedia:\u00a0<a href=\"https:\/\/www.altmeyers.org\/de\/news\/vierzehntausend-tonnen-oder-wer-liebt-das-meer-28\" target=\"_blank\" rel=\"noopener\">Fourteen thousand tons or who loves the sea?<\/a><\/p><p>Download our info sheet on sunscreens for your patients by Dr. med. Christina Hecker. You can find the info sheets <a href=\"https:\/\/agderma.de\/en\/information-leaflets-for-patients\/\">here<\/a>.<\/p>\t\t\t\t\t\t\t\t<\/div>\n\t\t\t\t<\/div>\n\t\t\t\t<div class=\"elementor-element elementor-element-5361cbc elementor-widget elementor-widget-toggle\" data-id=\"5361cbc\" data-element_type=\"widget\" data-e-type=\"widget\" data-widget_type=\"toggle.default\">\n\t\t\t\t<div class=\"elementor-widget-container\">\n\t\t\t\t\t\t\t<div class=\"elementor-toggle\">\n\t\t\t\t\t\t\t<div class=\"elementor-toggle-item\">\n\t\t\t\t\t<div id=\"elementor-tab-title-8741\" class=\"elementor-tab-title\" data-tab=\"1\" role=\"button\" aria-controls=\"elementor-tab-content-8741\" aria-expanded=\"false\">\n\t\t\t\t\t\t\t\t\t\t\t\t<span class=\"elementor-toggle-icon elementor-toggle-icon-left\" aria-hidden=\"true\">\n\t\t\t\t\t\t\t\t\t\t\t\t\t\t\t<span class=\"elementor-toggle-icon-closed\"><i class=\"fas fa-caret-right\"><\/i><\/span>\n\t\t\t\t\t\t\t\t<span class=\"elementor-toggle-icon-opened\"><i class=\"elementor-toggle-icon-opened fas fa-caret-up\"><\/i><\/span>\n\t\t\t\t\t\t\t\t\t\t\t\t\t<\/span>\n\t\t\t\t\t\t\t\t\t\t\t\t<a class=\"elementor-toggle-title\" tabindex=\"0\">References and legal information<\/a>\n\t\t\t\t\t<\/div>\n\n\t\t\t\t\t<div id=\"elementor-tab-content-8741\" class=\"elementor-tab-content elementor-clearfix\" data-tab=\"1\" role=\"region\" aria-labelledby=\"elementor-tab-title-8741\"><p>\u00a9 Dr. med. Dipl. Biol. Susanne Saha 03\/2021<\/p><\/div>\n\t\t\t\t<\/div>\n\t\t\t\t\t\t\t\t<\/div>\n\t\t\t\t\t\t<\/div>\n\t\t\t\t<\/div>\n\t\t\t\t\t<\/div>\n\t\t\t\t<\/div>\n\t\t\t\t<\/div>","protected":false},"excerpt":{"rendered":"<p>Dieser Text ist keinesfalls eine Aufforderung den aktiven Sonnenschutz dauerhaft zu unterlassen, sondern befasst sich mit einigen Inhaltsstoffen von Sonnenschutzmitteln. Sonnenschutzmittel erf\u00fcllen eine wichtige Funktion, indem sie die Hautbarriere vor UV-Licht sch\u00fctzen und damit Hautkrebs vorbeugen. Grunds\u00e4tzlich werden zwei Wirkprinzipien bei Sonnencremes unterschieden: 1. Sonnencremes mit mineralischer oder physikalischer UV-Filterungenthalten Substanzen wie z. B. Titandioxid [&hellip;]<\/p>\n","protected":false},"author":1,"featured_media":0,"parent":1142,"menu_order":0,"comment_status":"closed","ping_status":"closed","template":"","meta":{"_acf_changed":false,"footnotes":""},"class_list":["post-1220","page","type-page","status-publish","hentry"],"acf":[],"_links":{"self":[{"href":"https:\/\/agderma.de\/en\/wp-json\/wp\/v2\/pages\/1220","targetHints":{"allow":["GET"]}}],"collection":[{"href":"https:\/\/agderma.de\/en\/wp-json\/wp\/v2\/pages"}],"about":[{"href":"https:\/\/agderma.de\/en\/wp-json\/wp\/v2\/types\/page"}],"author":[{"embeddable":true,"href":"https:\/\/agderma.de\/en\/wp-json\/wp\/v2\/users\/1"}],"replies":[{"embeddable":true,"href":"https:\/\/agderma.de\/en\/wp-json\/wp\/v2\/comments?post=1220"}],"version-history":[{"count":25,"href":"https:\/\/agderma.de\/en\/wp-json\/wp\/v2\/pages\/1220\/revisions"}],"predecessor-version":[{"id":5077,"href":"https:\/\/agderma.de\/en\/wp-json\/wp\/v2\/pages\/1220\/revisions\/5077"}],"up":[{"embeddable":true,"href":"https:\/\/agderma.de\/en\/wp-json\/wp\/v2\/pages\/1142"}],"wp:attachment":[{"href":"https:\/\/agderma.de\/en\/wp-json\/wp\/v2\/media?parent=1220"}],"curies":[{"name":"wp","href":"https:\/\/api.w.org\/{rel}","templated":true}]}}