{"id":1259,"date":"2023-01-27T03:47:18","date_gmt":"2023-01-27T03:47:18","guid":{"rendered":"http:\/\/agderma.de\/?page_id=1259"},"modified":"2023-02-24T02:39:50","modified_gmt":"2023-02-24T02:39:50","slug":"paraffin-oil-in-cosmetics","status":"publish","type":"page","link":"https:\/\/agderma.de\/en\/themen\/paraffine-erdoel-in-kosmetik\/","title":{"rendered":"Paraffins - Petroleum in cosmetics"},"content":{"rendered":"<div data-elementor-type=\"wp-page\" data-elementor-id=\"1259\" class=\"elementor elementor-1259\" data-elementor-post-type=\"page\">\n\t\t\t\t<div class=\"elementor-element elementor-element-3d478ea e-flex e-con-boxed e-con e-parent\" data-id=\"3d478ea\" data-element_type=\"container\" data-e-type=\"container\" data-settings=\"{&quot;background_background&quot;:&quot;classic&quot;}\">\n\t\t\t\t\t<div class=\"e-con-inner\">\n\t\t\t\t<div class=\"elementor-element elementor-element-3d3f871 elementor-widget elementor-widget-heading\" data-id=\"3d3f871\" data-element_type=\"widget\" data-e-type=\"widget\" data-widget_type=\"heading.default\">\n\t\t\t\t<div class=\"elementor-widget-container\">\n\t\t\t\t\t<h1 class=\"elementor-heading-title elementor-size-default\">Paraffins - Petroleum in cosmetics<\/h1>\t\t\t\t<\/div>\n\t\t\t\t<\/div>\n\t\t\t\t\t<\/div>\n\t\t\t\t<\/div>\n\t\t<div class=\"elementor-element elementor-element-2179231 e-flex e-con-boxed e-con e-parent\" data-id=\"2179231\" data-element_type=\"container\" data-e-type=\"container\">\n\t\t\t\t\t<div class=\"e-con-inner\">\n\t\t\t\t<div class=\"elementor-element elementor-element-3c12a81 elementor-widget elementor-widget-text-editor\" data-id=\"3c12a81\" data-element_type=\"widget\" data-e-type=\"widget\" data-widget_type=\"text-editor.default\">\n\t\t\t\t<div class=\"elementor-widget-container\">\n\t\t\t\t\t\t\t\t\t<p>Paraffins for personal care, also known as mineral oils, are a by-product of petroleum processing and are formed from unpurified industrial paraffins. Purified paraffins are contained in liquid or solid form in numerous personal care products as binders in creams, ointments, pastes, lotions, cosmetics and other medical products because they have film-forming, protective and water-repellent properties. They dissolve\u00a0<a href=\"https:\/\/pubmed.ncbi.nlm.nih.gov\/16787456\/\" target=\"_blank\" rel=\"noopener\">No allergies<\/a>\u00a0are very good for the time being\u00a0<a href=\"https:\/\/www.bfr.bund.de\/de\/fragen_und_antworten_zu_mineraloel_in_kosmetischen_mitteln-194244.html\" target=\"_blank\" rel=\"noopener\">Compatible<\/a>\u00a0and are\u00a0<a href=\"https:\/\/www.tagesspiegel.de\/wirtschaft\/potenziell-krebserregend-stiftung-warentest-warnt-vor-mineraloel-kosmetik\/11828748.html\" target=\"_blank\" rel=\"noopener\">inexpensive<\/a>.<\/p><h3>Paraffins harm the environment<\/h3><p><a href=\"https:\/\/echa.europa.eu\/de\/registration-dossier\/-\/registered-dossier\/15514\/7\/8\" target=\"_blank\" rel=\"noopener\">Crude paraffins<\/a>\u00a0are extracted in the production of lubricating oil, which is\u00a0<a href=\"https:\/\/agderma.de\/en\/topics\/plastic-causes-climate-change\/\">Crude oil<\/a>\u00a0distilled or extracted from lignite or bituminous shale as well as peat coal. Paraffin production thus contributes to increasing greenhouse gas emissions worldwide.\u00a0<\/p><p>In daily use, they enter the water cycle because they cannot be filtered by sewage treatment plants. They can, however, be\u00a0<a href=\"https:\/\/e97ec710-2fbf-48c5-896e-412785f39c45.filesusr.com\/ugd\/e99956_88cb0c3bb8ac43f59fd9814d25ae9497.pdf\" target=\"_blank\" rel=\"noopener\">Bacteria degraded<\/a>\u00a0and do not remain permanently in the environment. The\u00a0<a href=\"https:\/\/www.bfr.bund.de\/cm\/343\/verschmutzung-von-nord-und-ostsee-durch-paraffin.pdf\" target=\"_blank\" rel=\"noopener\">Mining time<\/a>\u00a0is unclear.<\/p><p>In recent years, large lumps of industrial paraffin have increasingly washed up on beaches, presumably from ship washings from chemical freighters. The discharge of paraffin and paraffin-like substances into the sea has so far been internationally regulated, but not prohibited. The problem is that paraffin lumps are mistaken for food by marine animals and seabirds. Furthermore, since these lumps have a low degree of purity, they contain carcinogenic substances such as polycyclic aromatic hydrocarbons (see below MOAH), which can be ingested by bathers and marine animals. The\u00a0<a href=\"https:\/\/www.bfr.bund.de\/cm\/343\/verschmutzung-von-nord-und-ostsee-durch-paraffin.pdf\" target=\"_blank\" rel=\"noopener\">Federal Office for Risk Research (BfR)<\/a>\u00a0therefore considers \"a general ban on discharges of such floating substances as paraffin into the North Sea and Baltic Sea to be absolutely necessary\".<\/p><h3>Discussion of properties that are harmful to health<\/h3><p>During the processing of raw paraffin, two other paraffin components are produced in addition to pure paraffin:<\/p><ul><li><p>aromatised mineral oils, MOAH for short (mineral oil saturated hydrocarbons) and<\/p><\/li><li><p>Saturated mineral oil hydrocarbons, MOSH for short (mineral oil aromatic hydrocarbons)<\/p><\/li><\/ul><p>In 2015, the\u00a0<a href=\"https:\/\/www.test.de\/Mineraloele-in-Kosmetika-Kritische-Stoffe-in-Cremes-Lippenpflegeprodukten-und-Vaseline-4853357-0\/\" target=\"_blank\" rel=\"noopener\">Stiftung Warentest<\/a>\u00a0found that MOAH was present in 25 out of 25 conventional cosmetic and personal care products tested. MOAH is found in\u00a0<a href=\"https:\/\/pubmed.ncbi.nlm.nih.gov\/6615701\/\" target=\"_blank\" rel=\"noopener\">Strongly suspected of being carcinogenic<\/a>\u00a0to be. Three years later, in a statement issued in February 2018, the\u00a0<a href=\"https:\/\/www.bfr.bund.de\/cm\/343\/hochraffinierte-mineraloele-in-kosmetika-gesundheitliche-risiken-sind-nach-derzeitigem-kenntnisstand-nicht-zu-erwarten.pdf\" target=\"_blank\" rel=\"noopener\">Federal Institute for Risk Research (BfR)<\/a>\u00a0the analytical methodology of MOSH and MOAH in products. The BfR concludes that only the\u00a0<a href=\"https:\/\/pubmed.ncbi.nlm.nih.gov\/28941808\/\" target=\"_blank\" rel=\"noopener\">Two-step analysis methodology introduced in 2017<\/a>\u00a0led to a significantly better quantification of MOAH, as this was obviously overestimated in the previous one-step procedure and thus led to falsely high MOAH values in products.<\/p><p>MOSH, on the other hand, is present as an impurity in some lip balms. When applied, some of it enters the body through oral uptake and accumulates in the organs. A toxicological relevance is, as stated in a\u00a0<a href=\"https:\/\/pubmed.ncbi.nlm.nih.gov\/22422433\/\" target=\"_blank\" rel=\"noopener\">Study on rats<\/a>\u00a0observed, loud\u00a0<a href=\"https:\/\/www.bfr.bund.de\/cm\/343\/hochraffinierte-mineraloele-in-kosmetika-gesundheitliche-risiken-sind-nach-derzeitigem-kenntnisstand-nicht-zu-erwarten.pdf\" target=\"_blank\" rel=\"noopener\">BfR<\/a>\u00a0doubtful for humans.<\/p><p>Paraffins with a high degree of purity, which are used for cosmetics or as an ingredient in medicinal products, are altogether protected by the\u00a0<a href=\"https:\/\/echa.europa.eu\/de\/registration-dossier\/-\/registered-dossier\/15514\/7\/8\" target=\"_blank\" rel=\"noopener\">European Commission<\/a>\u00a0and the\u00a0<a href=\"https:\/\/www.bfr.bund.de\/cm\/343\/verschmutzung-von-nord-und-ostsee-durch-paraffin.pdf\" target=\"_blank\" rel=\"noopener\">BfR<\/a>\u00a0classified as non-carcinogenic.<\/p><p>The\u00a0<a href=\"https:\/\/www.bfr.bund.de\/de\/fragen_und_antworten_zu_mineraloel_in_kosmetischen_mitteln-194244.html\" target=\"_blank\" rel=\"noopener\">BfR<\/a>\u00a0admitted in 2015 that there are \"data gaps that make a health assessment difficult. These include data on absorption through the skin after prolonged contact, on oral bioavailability and on the relevance of histopathological liver changes (microgranulomas), which occurred in animal experiments in a particularly sensitive strain of rats after feeding corresponding preparations (...) Little is currently known about the effect and presence of aromatic hydrocarbons (MOAH) in cosmetic products. An overall assessment is made difficult not least by data gaps regarding the composition of the mineral oil mixtures used in the cosmetics industry\".<\/p><p>The use of paraffin-containing topical preparations is well established in dermatology and other medical fields. The widespread use in conventional and over-the-counter products should also be discouraged for reasons of\u00a0<a href=\"https:\/\/agderma.de\/en\/topics\/plastic-causes-climate-change\/\">Climate protection<\/a>\u00a0should definitely be reconsidered.<\/p><h3>Paraffin types in care products and cosmetics<\/h3><p>\u00a0Depending on its chemical composition and method of production, paraffin wax appears under the following names in the\u00a0<a href=\"https:\/\/www.verbraucherzentrale.de\/wissen\/umwelt-haushalt\/produkte\/kosmetik-inhaltsstoffe-kennzeichnung-und-unerwuenschte-wirkungen-26338\" target=\"_blank\" rel=\"noopener\">Lists of ingredients<\/a>\u00a0on products:<\/p><ul><li><a href=\"https:\/\/echa.europa.eu\/de\/registration-dossier\/-\/registered-dossier\/15514\/7\/8\" target=\"_blank\" rel=\"noopener\">Paraffinum liquidum<\/a><\/li><li>Petroleum or petrolatum<\/li><li>Isoparaffin<\/li><li>Ceresin<\/li><li>Vaseline (Microcrystalline Wax<\/li><li>Cera Microcristallina<\/li><li>Mineral wax or mineral oil<\/li><li>Ozokeritem<\/li><\/ul>\t\t\t\t\t\t\t\t<\/div>\n\t\t\t\t<\/div>\n\t\t\t\t<div class=\"elementor-element elementor-element-5361cbc elementor-widget elementor-widget-toggle\" data-id=\"5361cbc\" data-element_type=\"widget\" data-e-type=\"widget\" data-widget_type=\"toggle.default\">\n\t\t\t\t<div class=\"elementor-widget-container\">\n\t\t\t\t\t\t\t<div class=\"elementor-toggle\">\n\t\t\t\t\t\t\t<div class=\"elementor-toggle-item\">\n\t\t\t\t\t<div id=\"elementor-tab-title-8741\" class=\"elementor-tab-title\" data-tab=\"1\" role=\"button\" aria-controls=\"elementor-tab-content-8741\" aria-expanded=\"false\">\n\t\t\t\t\t\t\t\t\t\t\t\t<span class=\"elementor-toggle-icon elementor-toggle-icon-left\" aria-hidden=\"true\">\n\t\t\t\t\t\t\t\t\t\t\t\t\t\t\t<span class=\"elementor-toggle-icon-closed\"><i class=\"fas fa-caret-right\"><\/i><\/span>\n\t\t\t\t\t\t\t\t<span class=\"elementor-toggle-icon-opened\"><i class=\"elementor-toggle-icon-opened fas fa-caret-up\"><\/i><\/span>\n\t\t\t\t\t\t\t\t\t\t\t\t\t<\/span>\n\t\t\t\t\t\t\t\t\t\t\t\t<a class=\"elementor-toggle-title\" tabindex=\"0\">References and legal information<\/a>\n\t\t\t\t\t<\/div>\n\n\t\t\t\t\t<div id=\"elementor-tab-content-8741\" class=\"elementor-tab-content elementor-clearfix\" data-tab=\"1\" role=\"region\" aria-labelledby=\"elementor-tab-title-8741\"><p>\u00a9 Dr. med. Dipl. Biol. Susanne Saha 06\/2021<\/p><\/div>\n\t\t\t\t<\/div>\n\t\t\t\t\t\t\t\t<\/div>\n\t\t\t\t\t\t<\/div>\n\t\t\t\t<\/div>\n\t\t\t\t\t<\/div>\n\t\t\t\t<\/div>\n\t\t\t\t<\/div>","protected":false},"excerpt":{"rendered":"<p>Paraffine f\u00fcr die K\u00f6rperpflege, auch als Mineral\u00f6le bezeichnet, sind ein Nebenprodukt der Erd\u00f6laufbereitung und entstehen aus ungereinigten Industrieparaffinen. Gereinigte Paraffine sind in fl\u00fcssiger oder fester Form in zahlreichen K\u00f6rperpflegeprodukten als Bindemittel in Cremes, Salben, Pasten, Lotionen, Kosmetika und weiteren Medizinprodukten enthalten, da sie filmbildende, sch\u00fctzende und wasserabweisende Eigenschaften haben. Sie l\u00f6sen\u00a0keine Allergien\u00a0aus, sind dermal sehr [&hellip;]<\/p>\n","protected":false},"author":1,"featured_media":0,"parent":1142,"menu_order":0,"comment_status":"closed","ping_status":"closed","template":"","meta":{"_acf_changed":false,"footnotes":""},"class_list":["post-1259","page","type-page","status-publish","hentry"],"acf":[],"_links":{"self":[{"href":"https:\/\/agderma.de\/en\/wp-json\/wp\/v2\/pages\/1259","targetHints":{"allow":["GET"]}}],"collection":[{"href":"https:\/\/agderma.de\/en\/wp-json\/wp\/v2\/pages"}],"about":[{"href":"https:\/\/agderma.de\/en\/wp-json\/wp\/v2\/types\/page"}],"author":[{"embeddable":true,"href":"https:\/\/agderma.de\/en\/wp-json\/wp\/v2\/users\/1"}],"replies":[{"embeddable":true,"href":"https:\/\/agderma.de\/en\/wp-json\/wp\/v2\/comments?post=1259"}],"version-history":[{"count":0,"href":"https:\/\/agderma.de\/en\/wp-json\/wp\/v2\/pages\/1259\/revisions"}],"up":[{"embeddable":true,"href":"https:\/\/agderma.de\/en\/wp-json\/wp\/v2\/pages\/1142"}],"wp:attachment":[{"href":"https:\/\/agderma.de\/en\/wp-json\/wp\/v2\/media?parent=1259"}],"curies":[{"name":"wp","href":"https:\/\/api.w.org\/{rel}","templated":true}]}}