{"id":1714,"date":"2023-02-02T08:50:59","date_gmt":"2023-02-02T08:50:59","guid":{"rendered":"http:\/\/agderma.de\/?page_id=1714"},"modified":"2024-04-29T06:33:25","modified_gmt":"2024-04-29T06:33:25","slug":"information-leaflets-for-patients","status":"publish","type":"page","link":"https:\/\/agderma.de\/en\/informationsblaetter-fuer-patientinnen\/","title":{"rendered":"Information sheets for patients"},"content":{"rendered":"<div data-elementor-type=\"wp-page\" data-elementor-id=\"1714\" class=\"elementor elementor-1714\" data-elementor-post-type=\"page\">\n\t\t\t\t<div class=\"elementor-element elementor-element-44e39cc e-flex e-con-boxed e-con e-parent\" data-id=\"44e39cc\" data-element_type=\"container\" data-e-type=\"container\" data-settings=\"{&quot;background_background&quot;:&quot;classic&quot;}\">\n\t\t\t\t\t<div class=\"e-con-inner\">\n\t\t\t\t<div class=\"elementor-element elementor-element-ef06e2a elementor-widget elementor-widget-heading\" data-id=\"ef06e2a\" data-element_type=\"widget\" data-e-type=\"widget\" data-widget_type=\"heading.default\">\n\t\t\t\t<div class=\"elementor-widget-container\">\n\t\t\t\t\t<h1 class=\"elementor-heading-title elementor-size-default\">Information sheets for patients<\/h1>\t\t\t\t<\/div>\n\t\t\t\t<\/div>\n\t\t\t\t\t<\/div>\n\t\t\t\t<\/div>\n\t\t<div class=\"elementor-element elementor-element-ccb2417 e-flex e-con-boxed e-con e-parent\" data-id=\"ccb2417\" data-element_type=\"container\" data-e-type=\"container\">\n\t\t\t\t\t<div class=\"e-con-inner\">\n\t\t<div class=\"elementor-element elementor-element-12db554 e-con-full e-flex e-con e-child\" data-id=\"12db554\" data-element_type=\"container\" data-e-type=\"container\">\n\t\t\t\t<div class=\"elementor-element elementor-element-9653fca elementor-widget elementor-widget-text-editor\" data-id=\"9653fca\" data-element_type=\"widget\" data-e-type=\"widget\" data-widget_type=\"text-editor.default\">\n\t\t\t\t<div class=\"elementor-widget-container\">\n\t\t\t\t\t\t\t\t\t<p>The information sheets for patients can be downloaded free of charge. Alternatively, you can make some of this information available to patients, e.g. in your waiting room.<\/p>\t\t\t\t\t\t\t\t<\/div>\n\t\t\t\t<\/div>\n\t\t\t\t<\/div>\n\t\t<div class=\"elementor-element elementor-element-8485a3e e-con-full e-flex e-con e-child\" data-id=\"8485a3e\" data-element_type=\"container\" data-e-type=\"container\">\n\t\t\t\t<div class=\"elementor-element elementor-element-e6efad5 elementor-widget elementor-widget-image\" data-id=\"e6efad5\" data-element_type=\"widget\" data-e-type=\"widget\" data-widget_type=\"image.default\">\n\t\t\t\t<div class=\"elementor-widget-container\">\n\t\t\t\t\t\t\t\t\t\t\t\t\t\t\t<img fetchpriority=\"high\" decoding=\"async\" width=\"800\" height=\"220\" src=\"https:\/\/agderma.de\/wp-content\/uploads\/2023\/02\/AdobeStock_525336100-1024x281.jpeg\" class=\"attachment-large size-large wp-image-3336\" alt=\"\" srcset=\"https:\/\/agderma.de\/wp-content\/uploads\/2023\/02\/AdobeStock_525336100-1024x281.jpeg 1024w, https:\/\/agderma.de\/wp-content\/uploads\/2023\/02\/AdobeStock_525336100-300x82.jpeg 300w, https:\/\/agderma.de\/wp-content\/uploads\/2023\/02\/AdobeStock_525336100-768x211.jpeg 768w, https:\/\/agderma.de\/wp-content\/uploads\/2023\/02\/AdobeStock_525336100.jpeg 1400w\" sizes=\"(max-width: 800px) 100vw, 800px\" \/>\t\t\t\t\t\t\t\t\t\t\t\t\t\t\t<\/div>\n\t\t\t\t<\/div>\n\t\t\t\t<div class=\"elementor-element elementor-element-6f2a2c1 elementor-widget elementor-widget-toggle\" data-id=\"6f2a2c1\" data-element_type=\"widget\" data-e-type=\"widget\" data-widget_type=\"toggle.default\">\n\t\t\t\t<div class=\"elementor-widget-container\">\n\t\t\t\t\t\t\t<div class=\"elementor-toggle\">\n\t\t\t\t\t\t\t<div class=\"elementor-toggle-item\">\n\t\t\t\t\t<div id=\"elementor-tab-title-1161\" class=\"elementor-tab-title\" data-tab=\"1\" role=\"button\" aria-controls=\"elementor-tab-content-1161\" aria-expanded=\"false\">\n\t\t\t\t\t\t\t\t\t\t\t\t<span class=\"elementor-toggle-icon elementor-toggle-icon-right\" aria-hidden=\"true\">\n\t\t\t\t\t\t\t\t\t\t\t\t\t\t\t<span class=\"elementor-toggle-icon-closed\"><i class=\"fas fa-chevron-down\"><\/i><\/span>\n\t\t\t\t\t\t\t\t<span class=\"elementor-toggle-icon-opened\"><i class=\"elementor-toggle-icon-opened fas fa-chevron-up\"><\/i><\/span>\n\t\t\t\t\t\t\t\t\t\t\t\t\t<\/span>\n\t\t\t\t\t\t\t\t\t\t\t\t<a class=\"elementor-toggle-title\" tabindex=\"0\">Information sheets for patients<\/a>\n\t\t\t\t\t<\/div>\n\n\t\t\t\t\t<div id=\"elementor-tab-content-1161\" class=\"elementor-tab-content elementor-clearfix\" data-tab=\"1\" role=\"region\" aria-labelledby=\"elementor-tab-title-1161\"><p><a href=\"https:\/\/agderma.de\/wp-content\/uploads\/2023\/02\/Infoblatt-Diclofenac.pdf\">Diclofenac<\/a><\/p><p><a href=\"https:\/\/agderma.de\/wp-content\/uploads\/2023\/03\/Infoblatt-Dosieraerosole.pdf\">Metered dose inhalers and asthma\/COPD inhalers<\/a><\/p><p><a href=\"https:\/\/agderma.de\/wp-content\/uploads\/2024\/04\/AG-Diabetes-Umwelt-Klima-Empfehlungen-zum-allgemeinen-Verhalten-von-Menschen-mit-Diabetes-bei-Hitze.pdf\">Recommendations on the general behaviour of people with diabetes in hot weather (Author: Working Group Diabetes, Environment &amp; Climate of the German Diabetes Society)<\/a><\/p><p><a href=\"https:\/\/agderma.de\/wp-content\/uploads\/2023\/02\/Infoblatt-Arzneimittelentsorgung.pdf\">Disposal of medicinal products<\/a><\/p><p><a href=\"https:\/\/agderma.de\/wp-content\/uploads\/2024\/04\/AG-Diabetes-Umwelt-Klima-Information-fuer-PatientInnen-zur-Entsorgung-von-Insulin-Pens.pdf\">Disposal of insulin pens (Author: Working Group Diabetes, Environment &amp; Climate of the German Diabetes Society)<\/a><\/p><p><a href=\"https:\/\/agderma.de\/wp-content\/uploads\/2023\/03\/Infoblatt-Nachhaltiger-Umgang-mit-Wasser.pdf\">Sustainable use of water<\/a><\/p><p><a href=\"https:\/\/agderma.de\/wp-content\/uploads\/2023\/02\/Infoblatt-Parabene.pdf\">Parabens<\/a><\/p><p><a href=\"https:\/\/agderma.de\/wp-content\/uploads\/2023\/02\/Infoblatt-Produktproben.pdf\">Product samples<\/a><\/p><p><a href=\"https:\/\/agderma.de\/wp-content\/uploads\/2023\/02\/Infoblatt-Sonnenschutz.pdf\">Sun creams<\/a><\/p><p><a href=\"https:\/\/agderma.de\/wp-content\/uploads\/2023\/03\/Infoblatt-Titandioxid.pdf\">Titanium dioxide<\/a><\/p><p><a href=\"https:\/\/agderma.de\/wp-content\/uploads\/2023\/03\/Aushang-Wasser-sparen-mehrsprachig.pdf\">Save water (notice board multilingual)<\/a><\/p><\/div>\n\t\t\t\t<\/div>\n\t\t\t\t\t\t\t\t<\/div>\n\t\t\t\t\t\t<\/div>\n\t\t\t\t<\/div>\n\t\t\t\t<\/div>\n\t\t\t\t\t<\/div>\n\t\t\t\t<\/div>\n\t\t\t\t<\/div>","protected":false},"excerpt":{"rendered":"<p>Die Informationsbl\u00e4tter f\u00fcr Patient:innen k\u00f6nnen kostenfrei heruntergeladen werden. Alternativ k\u00f6nnen Sie auch einige dieser Informationen Patient:innen z.&nbsp;B. in Ihrem Warteraum zur Verf\u00fcgung stellen. Informationsbl\u00e4tter f\u00fcr Patient:innen Diclofenac Dosieraerosolen und Asthma-\/COPD-Inhaler Empfehlungen zum allgemeinen Verhalten von Menschen mit Diabetes bei Hitze (Urheber: Arbeitsgemeinschaft Diabetes, Umwelt &amp; Klima der Deutschen Diabetes Gesellschaft) Entsorgung von Arzneimitteln Entsorgung von [&hellip;]<\/p>\n","protected":false},"author":1,"featured_media":0,"parent":0,"menu_order":0,"comment_status":"closed","ping_status":"closed","template":"","meta":{"_acf_changed":false,"footnotes":""},"class_list":["post-1714","page","type-page","status-publish","hentry"],"acf":[],"_links":{"self":[{"href":"https:\/\/agderma.de\/en\/wp-json\/wp\/v2\/pages\/1714","targetHints":{"allow":["GET"]}}],"collection":[{"href":"https:\/\/agderma.de\/en\/wp-json\/wp\/v2\/pages"}],"about":[{"href":"https:\/\/agderma.de\/en\/wp-json\/wp\/v2\/types\/page"}],"author":[{"embeddable":true,"href":"https:\/\/agderma.de\/en\/wp-json\/wp\/v2\/users\/1"}],"replies":[{"embeddable":true,"href":"https:\/\/agderma.de\/en\/wp-json\/wp\/v2\/comments?post=1714"}],"version-history":[{"count":11,"href":"https:\/\/agderma.de\/en\/wp-json\/wp\/v2\/pages\/1714\/revisions"}],"predecessor-version":[{"id":5204,"href":"https:\/\/agderma.de\/en\/wp-json\/wp\/v2\/pages\/1714\/revisions\/5204"}],"wp:attachment":[{"href":"https:\/\/agderma.de\/en\/wp-json\/wp\/v2\/media?parent=1714"}],"curies":[{"name":"wp","href":"https:\/\/api.w.org\/{rel}","templated":true}]}}