{"id":1030,"date":"2023-01-25T02:44:45","date_gmt":"2023-01-25T02:44:45","guid":{"rendered":"http:\/\/agderma.de\/?page_id=1030"},"modified":"2024-08-19T18:02:37","modified_gmt":"2024-08-19T18:02:37","slug":"consejos-sobre-libros","status":"publish","type":"page","link":"https:\/\/agderma.de\/es\/buchtipps\/","title":{"rendered":"Consejos sobre libros"},"content":{"rendered":"<div data-elementor-type=\"wp-page\" data-elementor-id=\"1030\" class=\"elementor elementor-1030\" data-elementor-post-type=\"page\">\n\t\t\t\t<div class=\"elementor-element elementor-element-ef8ab9d e-flex e-con-boxed e-con e-parent\" data-id=\"ef8ab9d\" data-element_type=\"container\" data-e-type=\"container\" data-settings=\"{&quot;background_background&quot;:&quot;classic&quot;}\">\n\t\t\t\t\t<div class=\"e-con-inner\">\n\t\t\t\t<div class=\"elementor-element elementor-element-00b8cf9 elementor-widget elementor-widget-heading\" data-id=\"00b8cf9\" data-element_type=\"widget\" data-e-type=\"widget\" data-widget_type=\"heading.default\">\n\t\t\t\t<div class=\"elementor-widget-container\">\n\t\t\t\t\t<h1 class=\"elementor-heading-title elementor-size-default\">Consejos sobre libros<\/h1>\t\t\t\t<\/div>\n\t\t\t\t<\/div>\n\t\t\t\t\t<\/div>\n\t\t\t\t<\/div>\n\t\t<div class=\"elementor-element elementor-element-92792a5 e-flex e-con-boxed e-con e-parent\" data-id=\"92792a5\" data-element_type=\"container\" data-e-type=\"container\">\n\t\t\t\t\t<div class=\"e-con-inner\">\n\t\t<div class=\"elementor-element elementor-element-332bcb8 e-flex e-con-boxed e-con e-child\" data-id=\"332bcb8\" data-element_type=\"container\" data-e-type=\"container\">\n\t\t\t\t\t<div class=\"e-con-inner\">\n\t\t<div class=\"elementor-element elementor-element-cf0864d e-flex e-con-boxed e-con e-child\" data-id=\"cf0864d\" data-element_type=\"container\" data-e-type=\"container\">\n\t\t\t\t\t<div class=\"e-con-inner\">\n\t\t\t\t<div class=\"elementor-element elementor-element-aab5221 elementor-widget elementor-widget-text-editor\" data-id=\"aab5221\" data-element_type=\"widget\" data-e-type=\"widget\" data-widget_type=\"text-editor.default\">\n\t\t\t\t<div class=\"elementor-widget-container\">\n\t\t\t\t\t\t\t\t\t<p>\u00a0Friederike von Gierke (ed.), Gudula Keller (ed.), Nikolaus Mezger (ed.)<\/p>\t\t\t\t\t\t\t\t<\/div>\n\t\t\t\t<\/div>\n\t\t\t\t<div class=\"elementor-element elementor-element-7a3d2fc elementor-widget elementor-widget-heading\" data-id=\"7a3d2fc\" data-element_type=\"widget\" data-e-type=\"widget\" data-widget_type=\"heading.default\">\n\t\t\t\t<div class=\"elementor-widget-container\">\n\t\t\t\t\t<h2 class=\"elementor-heading-title elementor-size-default\"><a href=\"https:\/\/www.mwv-berlin.de\/produkte\/!\/title\/die-gruene-arztpraxis\/id\/1010\" target=\"_blank\" rel=\"noopener\">La pr\u00e1ctica m\u00e9dica ecol\u00f3gica. Salud, sostenibilidad y contribuci\u00f3n a la transici\u00f3n ecol\u00f3gica.<\/a><\/h2>\t\t\t\t<\/div>\n\t\t\t\t<\/div>\n\t\t\t\t<div class=\"elementor-element elementor-element-47e87b2 elementor-widget-divider--view-line elementor-widget elementor-widget-divider\" data-id=\"47e87b2\" data-element_type=\"widget\" data-e-type=\"widget\" data-widget_type=\"divider.default\">\n\t\t\t\t<div class=\"elementor-widget-container\">\n\t\t\t\t\t\t\t<div class=\"elementor-divider\">\n\t\t\t<span class=\"elementor-divider-separator\">\n\t\t\t\t\t\t<\/span>\n\t\t<\/div>\n\t\t\t\t\t\t<\/div>\n\t\t\t\t<\/div>\n\t\t\t\t<div class=\"elementor-element elementor-element-d03015d elementor-widget elementor-widget-text-editor\" data-id=\"d03015d\" data-element_type=\"widget\" data-e-type=\"widget\" data-widget_type=\"text-editor.default\">\n\t\t\t\t<div class=\"elementor-widget-container\">\n\t\t\t\t\t\t\t\t\t<p>Editorial cient\u00edfica m\u00e9dica<\/p><p>1\u00aa edici\u00f3n (31 de mayo de 2024)<\/p>\t\t\t\t\t\t\t\t<\/div>\n\t\t\t\t<\/div>\n\t\t\t\t\t<\/div>\n\t\t\t\t<\/div>\n\t\t\t\t\t<\/div>\n\t\t\t\t<\/div>\n\t\t<div class=\"elementor-element elementor-element-9a1d09b e-con-full e-flex e-con e-child\" data-id=\"9a1d09b\" data-element_type=\"container\" data-e-type=\"container\">\n\t\t<div class=\"elementor-element elementor-element-af01b41 e-flex e-con-boxed e-con e-child\" data-id=\"af01b41\" data-element_type=\"container\" data-e-type=\"container\">\n\t\t\t\t\t<div class=\"e-con-inner\">\n\t\t\t\t<div class=\"elementor-element elementor-element-b2c3caf elementor-widget elementor-widget-text-editor\" data-id=\"b2c3caf\" data-element_type=\"widget\" data-e-type=\"widget\" data-widget_type=\"text-editor.default\">\n\t\t\t\t<div class=\"elementor-widget-container\">\n\t\t\t\t\t\t\t\t\t<p>Werner, J. A., Kaatze, T., Schmidt-Rumposch, A. (eds.)<\/p>\t\t\t\t\t\t\t\t<\/div>\n\t\t\t\t<\/div>\n\t\t\t\t<div class=\"elementor-element elementor-element-fd55e13 elementor-widget elementor-widget-heading\" data-id=\"fd55e13\" data-element_type=\"widget\" data-e-type=\"widget\" data-widget_type=\"heading.default\">\n\t\t\t\t<div class=\"elementor-widget-container\">\n\t\t\t\t\t<h2 class=\"elementor-heading-title elementor-size-default\"><a href=\"https:\/\/www.mwv-berlin.de\/produkte\/!\/title\/green-hospital\/id\/830\" target=\"_blank\" rel=\"noopener\">Green Hospital - Sostenibilidad y conservaci\u00f3n de recursos en los hospitales.\nCon pr\u00f3logo de Eckart v. Hirschhausen<\/a><\/h2>\t\t\t\t<\/div>\n\t\t\t\t<\/div>\n\t\t\t\t<div class=\"elementor-element elementor-element-e79f3f6 elementor-widget-divider--view-line elementor-widget elementor-widget-divider\" data-id=\"e79f3f6\" data-element_type=\"widget\" data-e-type=\"widget\" data-widget_type=\"divider.default\">\n\t\t\t\t<div class=\"elementor-widget-container\">\n\t\t\t\t\t\t\t<div class=\"elementor-divider\">\n\t\t\t<span class=\"elementor-divider-separator\">\n\t\t\t\t\t\t<\/span>\n\t\t<\/div>\n\t\t\t\t\t\t<\/div>\n\t\t\t\t<\/div>\n\t\t\t\t<div class=\"elementor-element elementor-element-8a093b8 elementor-widget elementor-widget-text-editor\" data-id=\"8a093b8\" data-element_type=\"widget\" data-e-type=\"widget\" data-widget_type=\"text-editor.default\">\n\t\t\t\t<div class=\"elementor-widget-container\">\n\t\t\t\t\t\t\t\t\t<p>Editorial cient\u00edfica m\u00e9dica<\/p><p>1\u00aa edici\u00f3n (23.05.2022)<\/p>\t\t\t\t\t\t\t\t<\/div>\n\t\t\t\t<\/div>\n\t\t\t\t\t<\/div>\n\t\t\t\t<\/div>\n\t\t\t\t<\/div>\n\t\t<div class=\"elementor-element elementor-element-d8d0f8e e-flex e-con-boxed e-con e-child\" data-id=\"d8d0f8e\" data-element_type=\"container\" data-e-type=\"container\">\n\t\t\t\t\t<div class=\"e-con-inner\">\n\t\t<div class=\"elementor-element elementor-element-b4159de e-con-full e-flex e-con e-child\" data-id=\"b4159de\" data-element_type=\"container\" data-e-type=\"container\">\n\t\t\t\t<div class=\"elementor-element elementor-element-04bab4e elementor-widget elementor-widget-text-editor\" data-id=\"04bab4e\" data-element_type=\"widget\" data-e-type=\"widget\" data-widget_type=\"text-editor.default\">\n\t\t\t\t<div class=\"elementor-widget-container\">\n\t\t\t\t\t\t\t\t\t<p>Asociaci\u00f3n M\u00e9dica Austriaca (ed.)<\/p>\t\t\t\t\t\t\t\t<\/div>\n\t\t\t\t<\/div>\n\t\t\t\t<div class=\"elementor-element elementor-element-3cbc111 elementor-widget elementor-widget-heading\" data-id=\"3cbc111\" data-element_type=\"widget\" data-e-type=\"widget\" data-widget_type=\"heading.default\">\n\t\t\t\t<div class=\"elementor-widget-container\">\n\t\t\t\t\t<h2 class=\"elementor-heading-title elementor-size-default\"><a href=\"https:\/\/www.beck-shop.de\/medizin-klimawandel\/product\/34060874\" target=\"_blank\" rel=\"noopener\">La medicina en el cambio clim\u00e1tico - Gu\u00eda para la pr\u00e1ctica<\/a><\/h2>\t\t\t\t<\/div>\n\t\t\t\t<\/div>\n\t\t\t\t<div class=\"elementor-element elementor-element-5aa2eac elementor-widget-divider--view-line elementor-widget elementor-widget-divider\" data-id=\"5aa2eac\" data-element_type=\"widget\" data-e-type=\"widget\" data-widget_type=\"divider.default\">\n\t\t\t\t<div class=\"elementor-widget-container\">\n\t\t\t\t\t\t\t<div class=\"elementor-divider\">\n\t\t\t<span class=\"elementor-divider-separator\">\n\t\t\t\t\t\t<\/span>\n\t\t<\/div>\n\t\t\t\t\t\t<\/div>\n\t\t\t\t<\/div>\n\t\t\t\t<div class=\"elementor-element elementor-element-846657c elementor-widget elementor-widget-text-editor\" data-id=\"846657c\" data-element_type=\"widget\" data-e-type=\"widget\" data-widget_type=\"text-editor.default\">\n\t\t\t\t<div class=\"elementor-widget-container\">\n\t\t\t\t\t\t\t\t\t<p>Editorial de M\u00e9dicos<br \/>1\u00aa edici\u00f3n (10.06.2022)<\/p>\t\t\t\t\t\t\t\t<\/div>\n\t\t\t\t<\/div>\n\t\t\t\t<\/div>\n\t\t\t\t\t<\/div>\n\t\t\t\t<\/div>\n\t\t<div class=\"elementor-element elementor-element-b164dfc e-flex e-con-boxed e-con e-child\" data-id=\"b164dfc\" data-element_type=\"container\" data-e-type=\"container\">\n\t\t\t\t\t<div class=\"e-con-inner\">\n\t\t<div class=\"elementor-element elementor-element-0f76893 e-con-full e-flex e-con e-child\" data-id=\"0f76893\" data-element_type=\"container\" data-e-type=\"container\">\n\t\t\t\t<div class=\"elementor-element elementor-element-ff5cb9c elementor-widget elementor-widget-text-editor\" data-id=\"ff5cb9c\" data-element_type=\"widget\" data-e-type=\"widget\" data-widget_type=\"text-editor.default\">\n\t\t\t\t<div class=\"elementor-widget-container\">\n\t\t\t\t\t\t\t\t\t<p>Esther Luhmann (ed.)<\/p>\t\t\t\t\t\t\t\t<\/div>\n\t\t\t\t<\/div>\n\t\t\t\t<div class=\"elementor-element elementor-element-6c2be33 elementor-widget elementor-widget-heading\" data-id=\"6c2be33\" data-element_type=\"widget\" data-e-type=\"widget\" data-widget_type=\"heading.default\">\n\t\t\t\t<div class=\"elementor-widget-container\">\n\t\t\t\t\t<h2 class=\"elementor-heading-title elementor-size-default\"><a href=\"https:\/\/www.deutscher-apotheker-verlag.de\/shop\/produkt\/9783769278095\/die-nachhaltige-apotheke\" target=\"_blank\" rel=\"noopener\">La farmacia sostenible: cambio clim\u00e1tico, protecci\u00f3n del medio ambiente y salud<\/a><\/h2>\t\t\t\t<\/div>\n\t\t\t\t<\/div>\n\t\t\t\t<div class=\"elementor-element elementor-element-651287e elementor-widget-divider--view-line elementor-widget elementor-widget-divider\" data-id=\"651287e\" data-element_type=\"widget\" data-e-type=\"widget\" data-widget_type=\"divider.default\">\n\t\t\t\t<div class=\"elementor-widget-container\">\n\t\t\t\t\t\t\t<div class=\"elementor-divider\">\n\t\t\t<span class=\"elementor-divider-separator\">\n\t\t\t\t\t\t<\/span>\n\t\t<\/div>\n\t\t\t\t\t\t<\/div>\n\t\t\t\t<\/div>\n\t\t\t\t<div class=\"elementor-element elementor-element-d4165bb elementor-widget elementor-widget-text-editor\" data-id=\"d4165bb\" data-element_type=\"widget\" data-e-type=\"widget\" data-widget_type=\"text-editor.default\">\n\t\t\t\t<div class=\"elementor-widget-container\">\n\t\t\t\t\t\t\t\t\t<p>Editorial farmac\u00e9utica alemana<br \/>1\u00aa edici\u00f3n (21 de octubre de 2021)<\/p>\t\t\t\t\t\t\t\t<\/div>\n\t\t\t\t<\/div>\n\t\t\t\t<\/div>\n\t\t\t\t\t<\/div>\n\t\t\t\t<\/div>\n\t\t<div class=\"elementor-element elementor-element-faf38e5 e-flex e-con-boxed e-con e-child\" data-id=\"faf38e5\" data-element_type=\"container\" data-e-type=\"container\">\n\t\t\t\t\t<div class=\"e-con-inner\">\n\t\t<div class=\"elementor-element elementor-element-8981471 e-con-full e-flex e-con e-child\" data-id=\"8981471\" data-element_type=\"container\" data-e-type=\"container\">\n\t\t\t\t<div class=\"elementor-element elementor-element-d6585d4 elementor-widget elementor-widget-text-editor\" data-id=\"d6585d4\" data-element_type=\"widget\" data-e-type=\"widget\" data-widget_type=\"text-editor.default\">\n\t\t\t\t<div class=\"elementor-widget-container\">\n\t\t\t\t\t\t\t\t\t<p>Claudia Traidl-Hoffmann (ed.), Christian Schulz (ed.), Martin Herrmann (ed.), Babette Simon (ed.)<\/p>\t\t\t\t\t\t\t\t<\/div>\n\t\t\t\t<\/div>\n\t\t\t\t<div class=\"elementor-element elementor-element-e664ef7 elementor-widget elementor-widget-heading\" data-id=\"e664ef7\" data-element_type=\"widget\" data-e-type=\"widget\" data-widget_type=\"heading.default\">\n\t\t\t\t<div class=\"elementor-widget-container\">\n\t\t\t\t\t<h2 class=\"elementor-heading-title elementor-size-default\"><a href=\"https:\/\/www.mwv-berlin.de\/produkte\/!\/title\/planetary-health\/id\/791\" target=\"_blank\" rel=\"noopener\">Salud planetaria - Clima, medio ambiente y salud en el Antropoceno<\/a><\/h2>\t\t\t\t<\/div>\n\t\t\t\t<\/div>\n\t\t\t\t<div class=\"elementor-element elementor-element-743d568 elementor-widget-divider--view-line elementor-widget elementor-widget-divider\" data-id=\"743d568\" data-element_type=\"widget\" data-e-type=\"widget\" data-widget_type=\"divider.default\">\n\t\t\t\t<div class=\"elementor-widget-container\">\n\t\t\t\t\t\t\t<div class=\"elementor-divider\">\n\t\t\t<span class=\"elementor-divider-separator\">\n\t\t\t\t\t\t<\/span>\n\t\t<\/div>\n\t\t\t\t\t\t<\/div>\n\t\t\t\t<\/div>\n\t\t\t\t<div class=\"elementor-element elementor-element-fade8ed elementor-widget elementor-widget-text-editor\" data-id=\"fade8ed\" data-element_type=\"widget\" data-e-type=\"widget\" data-widget_type=\"text-editor.default\">\n\t\t\t\t<div class=\"elementor-widget-container\">\n\t\t\t\t\t\t\t\t\t<p>MWV Medical Scientific Publishing Company<br \/>1\u00aa edici\u00f3n (23 de septiembre de 2021)<\/p>\t\t\t\t\t\t\t\t<\/div>\n\t\t\t\t<\/div>\n\t\t\t\t<\/div>\n\t\t\t\t\t<\/div>\n\t\t\t\t<\/div>\n\t\t\t\t\t<\/div>\n\t\t\t\t<\/div>\n\t\t\t\t<\/div>","protected":false},"excerpt":{"rendered":"<p>\u00a0Friederike von Gierke (Hrsg.), Gudula Keller (Hrsg.), Nikolaus Mezger (Hrsg.) Die gr\u00fcne Arztpraxis. Gesundheit, Nachhaltigkeit und Mitgestaltung der \u00f6kologischen Wende Medizinisch Wissenschaftliche Verlagsgesellschaft 1. Auflage (31.05.2024) Werner, J. A., Kaatze, T., Schmidt-Rumposch, A. (Hrsg.) Green Hospital \u2013 Nachhaltigkeit und Ressourcenschonung im Krankenhaus. Mit einem Geleitwort von Eckart v. Hirschhausen Medizinisch Wissenschaftliche Verlagsgesellschaft 1. Auflage (23.05.2022) [&hellip;]<\/p>\n","protected":false},"author":1,"featured_media":0,"parent":0,"menu_order":0,"comment_status":"closed","ping_status":"closed","template":"","meta":{"_acf_changed":false,"footnotes":""},"class_list":["post-1030","page","type-page","status-publish","hentry"],"acf":[],"_links":{"self":[{"href":"https:\/\/agderma.de\/es\/wp-json\/wp\/v2\/pages\/1030","targetHints":{"allow":["GET"]}}],"collection":[{"href":"https:\/\/agderma.de\/es\/wp-json\/wp\/v2\/pages"}],"about":[{"href":"https:\/\/agderma.de\/es\/wp-json\/wp\/v2\/types\/page"}],"author":[{"embeddable":true,"href":"https:\/\/agderma.de\/es\/wp-json\/wp\/v2\/users\/1"}],"replies":[{"embeddable":true,"href":"https:\/\/agderma.de\/es\/wp-json\/wp\/v2\/comments?post=1030"}],"version-history":[{"count":8,"href":"https:\/\/agderma.de\/es\/wp-json\/wp\/v2\/pages\/1030\/revisions"}],"predecessor-version":[{"id":5406,"href":"https:\/\/agderma.de\/es\/wp-json\/wp\/v2\/pages\/1030\/revisions\/5406"}],"wp:attachment":[{"href":"https:\/\/agderma.de\/es\/wp-json\/wp\/v2\/media?parent=1030"}],"curies":[{"name":"wp","href":"https:\/\/api.w.org\/{rel}","templated":true}]}}