{"id":1169,"date":"2023-01-26T05:59:52","date_gmt":"2023-01-26T05:59:52","guid":{"rendered":"http:\/\/agderma.de\/?page_id=1169"},"modified":"2025-03-15T15:41:44","modified_gmt":"2025-03-15T15:41:44","slug":"plastica-en-dermatologia","status":"publish","type":"page","link":"https:\/\/agderma.de\/es\/themen\/plastik-in-der-dermatologie\/","title":{"rendered":"Pl\u00e1sticos en dermatolog\u00eda"},"content":{"rendered":"<div data-elementor-type=\"wp-page\" data-elementor-id=\"1169\" class=\"elementor elementor-1169\" data-elementor-post-type=\"page\">\n\t\t\t\t<div class=\"elementor-element elementor-element-3d478ea e-flex e-con-boxed e-con e-parent\" data-id=\"3d478ea\" data-element_type=\"container\" data-e-type=\"container\" data-settings=\"{&quot;background_background&quot;:&quot;classic&quot;}\">\n\t\t\t\t\t<div class=\"e-con-inner\">\n\t\t\t\t<div class=\"elementor-element elementor-element-3d3f871 elementor-widget elementor-widget-heading\" data-id=\"3d3f871\" data-element_type=\"widget\" data-e-type=\"widget\" data-widget_type=\"heading.default\">\n\t\t\t\t<div class=\"elementor-widget-container\">\n\t\t\t\t\t<h1 class=\"elementor-heading-title elementor-size-default\">Pl\u00e1sticos en dermatolog\u00eda<\/h1>\t\t\t\t<\/div>\n\t\t\t\t<\/div>\n\t\t\t\t\t<\/div>\n\t\t\t\t<\/div>\n\t\t<div class=\"elementor-element elementor-element-2179231 e-flex e-con-boxed e-con e-parent\" data-id=\"2179231\" data-element_type=\"container\" data-e-type=\"container\">\n\t\t\t\t\t<div class=\"e-con-inner\">\n\t\t\t\t<div class=\"elementor-element elementor-element-3c12a81 elementor-widget elementor-widget-text-editor\" data-id=\"3c12a81\" data-element_type=\"widget\" data-e-type=\"widget\" data-widget_type=\"text-editor.default\">\n\t\t\t\t<div class=\"elementor-widget-container\">\n\t\t\t\t\t\t\t\t\t<p>En la pr\u00e1ctica m\u00e9dica diaria se producen muchos residuos pl\u00e1sticos en la atenci\u00f3n al paciente, desde agujas de jeringuillas hasta elaborados sets quir\u00fargicos, guantes, mascarillas y material de laboratorio. Adem\u00e1s, en la rutina de una consulta o cl\u00ednica dermatol\u00f3gica, numerosas muestras envasadas en pl\u00e1stico de productos para el cuidado de diversos or\u00edgenes desempe\u00f1an un papel importante en la atenci\u00f3n al paciente.<\/p><p>Existen m\u00e1s de 200 tipos diferentes de pl\u00e1stico s\u00f3lido de composici\u00f3n variable. El pl\u00e1stico es omnipresente y lleva d\u00e9cadas acumul\u00e1ndose en el oc\u00e9ano a trav\u00e9s de los r\u00edos, las aguas residuales y el agua de lluvia. Actualmente se calcula que ya hay 14 millones de toneladas de micropl\u00e1sticos en los fondos marinos.<\/p><p>La mayor\u00eda de estas sustancias no son biodegradables en absoluto o s\u00f3lo con dificultad y, dependiendo de su tama\u00f1o, no pueden filtrarse de las aguas residuales de las zonas urbanas a trav\u00e9s de las depuradoras. Estas sustancias acaban de nuevo en el plato a trav\u00e9s de la cadena alimentaria.<\/p><p><strong>B\u00e1sicamente, el pl\u00e1stico tiene un peso diferente:<\/strong><\/p><ul><li><strong>Macropl\u00e1stico<\/strong> en forma de material de envasado como tubos, botellas y tarros.<\/li><li><strong>Micropl\u00e1sticos<\/strong> como compuestos sint\u00e9ticos s\u00f3lidos de diversas composiciones hasta un di\u00e1metro m\u00e1ximo de 5 mm. Estos caen como <strong>micropl\u00e1sticos primarios<\/strong> en la formulaci\u00f3n de productos externos, por ejemplo como sustancias s\u00f3lidas como part\u00edculas abrasivas, pastas y polvos. Adem\u00e1s, tambi\u00e9n se enumeran aqu\u00ed los pol\u00edmeros l\u00edquidos m\u00e1s comunes, que pueden estar contenidos en los productos externos, por ejemplo, como emulsionantes y conservantes. Secundarios <strong>Micropl\u00e1sticos<\/strong> por otro lado, se crea a partir de macropl\u00e1sticos mediante procesos de abrasi\u00f3n y descomposici\u00f3n causados por el sol y el viento.<\/li><\/ul><div>\u00a0<\/div><p>Desde hace unos a\u00f1os, cada vez hay m\u00e1s pruebas de que, adem\u00e1s de los micropl\u00e1sticos, algunas otras sustancias de los productos externos tambi\u00e9n tienen efectos nocivos para la salud. Entre ellas se encuentran al\u00e9rgenos como los acrilatos, parabenos inductores de tumores, sustancias activas hormonales como los <a href=\"https:\/\/agderma.de\/es\/temas\/que-son-los-disruptores-endocrinos\/\">disruptores endocrinos<\/a> y m\u00e1s <a href=\"https:\/\/agderma.de\/es\/temas\/problema-causado-por-las-cremas-de-proteccion-solar\/\">Ingredientes de los productos de protecci\u00f3n solar<\/a>que est\u00e1n provocando la muerte de los arrecifes de coral en todo el mundo.<\/p>\t\t\t\t\t\t\t\t<\/div>\n\t\t\t\t<\/div>\n\t\t\t\t<div class=\"elementor-element elementor-element-5d58bc7 elementor-widget elementor-widget-image\" data-id=\"5d58bc7\" data-element_type=\"widget\" data-e-type=\"widget\" data-widget_type=\"image.default\">\n\t\t\t\t<div class=\"elementor-widget-container\">\n\t\t\t\t\t\t\t\t\t\t\t\t<figure class=\"wp-caption\">\n\t\t\t\t\t\t\t\t\t\t\t<a href=\"https:\/\/www.mdr.de\/wissen\/gefahr-mikroplastik-in-menschen100_zc-b1d0fd3e_zs-64b8d9c9.html\" target=\"_blank\" rel=\"noopener\">\n\t\t\t\t\t\t\t<img fetchpriority=\"high\" decoding=\"async\" width=\"600\" height=\"337\" src=\"https:\/\/agderma.de\/wp-content\/uploads\/2023\/01\/Beitrag-Plastik-in-der-Dermatologie_Video.webp\" class=\"attachment-large size-large wp-image-1172\" alt=\"\" srcset=\"https:\/\/agderma.de\/wp-content\/uploads\/2023\/01\/Beitrag-Plastik-in-der-Dermatologie_Video.webp 600w, https:\/\/agderma.de\/wp-content\/uploads\/2023\/01\/Beitrag-Plastik-in-der-Dermatologie_Video-300x169.webp 300w\" sizes=\"(max-width: 600px) 100vw, 600px\" \/>\t\t\t\t\t\t\t\t<\/a>\n\t\t\t\t\t\t\t\t\t\t\t<figcaption class=\"widget-image-caption wp-caption-text\">V\u00eddeo: Micropl\u00e1sticos: El peligro invisible Cortes\u00eda de MDR Wissen (2018)<\/figcaption>\n\t\t\t\t\t\t\t\t\t\t<\/figure>\n\t\t\t\t\t\t\t\t\t<\/div>\n\t\t\t\t<\/div>\n\t\t\t\t<div class=\"elementor-element elementor-element-b668183 elementor-widget elementor-widget-text-editor\" data-id=\"b668183\" data-element_type=\"widget\" data-e-type=\"widget\" data-widget_type=\"text-editor.default\">\n\t\t\t\t<div class=\"elementor-widget-container\">\n\t\t\t\t\t\t\t\t\t<p>Un informe publicado en marzo de 2021 <a href=\"https:\/\/pubs.acs.org\/doi\/10.1021\/acs.est.0c05984\" target=\"_blank\" rel=\"noopener\">Estudiar<\/a> de San Francisco fue capaz de detectar 109 sustancias qu\u00edmicas industriales en la sangre de los reci\u00e9n nacidos y de sus madres mediante espectrometr\u00eda de masas. Esto demostr\u00f3 claramente que las nanopart\u00edculas qu\u00edmicas pueden atravesar la barrera placentaria. Por primera vez se detectaron 55 sustancias en la sangre humana. 28 sustancias eran claramente atribuibles al sector cosm\u00e9tico. En el caso de 42 compuestos qu\u00edmicos, no pudieron determinarse las fuentes ni los \u00e1mbitos de aplicaci\u00f3n.<\/p><p>Esto suscita la mayor preocupaci\u00f3n. Faltan estudios que examinen qu\u00e9 interacciones pueden surgir de la multitud de sustancias qu\u00edmicas del medio ambiente, si resultan ser t\u00f3xicas y hasta qu\u00e9 punto pueden influir en la embriog\u00e9nesis de los seres vivos.<\/p>\t\t\t\t\t\t\t\t<\/div>\n\t\t\t\t<\/div>\n\t\t\t\t<div class=\"elementor-element elementor-element-5361cbc elementor-widget elementor-widget-toggle\" data-id=\"5361cbc\" data-element_type=\"widget\" data-e-type=\"widget\" data-widget_type=\"toggle.default\">\n\t\t\t\t<div class=\"elementor-widget-container\">\n\t\t\t\t\t\t\t<div class=\"elementor-toggle\">\n\t\t\t\t\t\t\t<div class=\"elementor-toggle-item\">\n\t\t\t\t\t<div id=\"elementor-tab-title-8741\" class=\"elementor-tab-title\" data-tab=\"1\" role=\"button\" aria-controls=\"elementor-tab-content-8741\" aria-expanded=\"false\">\n\t\t\t\t\t\t\t\t\t\t\t\t<span class=\"elementor-toggle-icon elementor-toggle-icon-left\" aria-hidden=\"true\">\n\t\t\t\t\t\t\t\t\t\t\t\t\t\t\t<span class=\"elementor-toggle-icon-closed\"><i class=\"fas fa-caret-right\"><\/i><\/span>\n\t\t\t\t\t\t\t\t<span class=\"elementor-toggle-icon-opened\"><i class=\"elementor-toggle-icon-opened fas fa-caret-up\"><\/i><\/span>\n\t\t\t\t\t\t\t\t\t\t\t\t\t<\/span>\n\t\t\t\t\t\t\t\t\t\t\t\t<a class=\"elementor-toggle-title\" tabindex=\"0\">Referencias e informaci\u00f3n jur\u00eddica<\/a>\n\t\t\t\t\t<\/div>\n\n\t\t\t\t\t<div id=\"elementor-tab-content-8741\" class=\"elementor-tab-content elementor-clearfix\" data-tab=\"1\" role=\"region\" aria-labelledby=\"elementor-tab-title-8741\"><p class=\"font_8\"><span class=\"color_11\">\u00a9 Dra. med. Dipl. Biol. Susanne Saha 03\/2021<\/span><\/p><p><strong>Referencias:<\/strong><\/p><ul><li><a href=\"https:\/\/codecheck-app.com\/wp-content\/uploads\/2016\/10\/Codecheck_Mikroplastikstudie_2016.pdf\" target=\"_blank\" rel=\"noopener\">Estudio sobre micropl\u00e1sticos 2016<\/a><\/li><li><a href=\"https:\/\/www.bund.net\/fileadmin\/user_upload_bund\/publikationen\/chemie\/chemie_plastikatlas_2019.pdf\" target=\"_blank\" rel=\"noopener\">PLASTIKATLAS 2019 - Hechos y cifras sobre un mundo lleno de pl\u00e1sticos<\/a>, Fundaci\u00f3n Heinrich B\u00f6ll y Liga Alemana para el Medio Ambiente y la Conservaci\u00f3n de la Naturaleza, 2\u00aa edici\u00f3n, julio de 2019<\/li><li><a href=\"https:\/\/www.umsicht.fraunhofer.de\/content\/dam\/umsicht\/de\/dokumente\/publikationen\/2018\/kunststoffe-id-umwelt-konsortialstudie-mikroplastik.pdf\" target=\"_blank\" rel=\"noopener\">Estudio de prudencia<\/a>Instituto Fraunhofer, 2018<\/li><\/ul><\/div>\n\t\t\t\t<\/div>\n\t\t\t\t\t\t\t\t<\/div>\n\t\t\t\t\t\t<\/div>\n\t\t\t\t<\/div>\n\t\t\t\t\t<\/div>\n\t\t\t\t<\/div>\n\t\t\t\t<\/div>","protected":false},"excerpt":{"rendered":"<p>Im medizinischen Alltag f\u00e4llt bei der Patientenversorgung von der Spritzkan\u00fcle bis zu aufw\u00e4ndigen OP-Sets, Handschuhen, Masken und Laborbedarf viel Plastikabfall an. Zudem spielen in der Routine einer dermatologischen Praxis oder Klinik zahlreiche in Plastik verpackte Proben f\u00fcr Pflegemittel unterschiedlichster Herkunft eine wichtige Rolle in der Patientenversorgung. Es gibt \u00fcber 200 verschiedene feste Plastikarten unterschiedlichster Zusammensetzung. [&hellip;]<\/p>\n","protected":false},"author":1,"featured_media":0,"parent":1142,"menu_order":0,"comment_status":"closed","ping_status":"closed","template":"","meta":{"_acf_changed":false,"footnotes":""},"class_list":["post-1169","page","type-page","status-publish","hentry"],"acf":[],"_links":{"self":[{"href":"https:\/\/agderma.de\/es\/wp-json\/wp\/v2\/pages\/1169","targetHints":{"allow":["GET"]}}],"collection":[{"href":"https:\/\/agderma.de\/es\/wp-json\/wp\/v2\/pages"}],"about":[{"href":"https:\/\/agderma.de\/es\/wp-json\/wp\/v2\/types\/page"}],"author":[{"embeddable":true,"href":"https:\/\/agderma.de\/es\/wp-json\/wp\/v2\/users\/1"}],"replies":[{"embeddable":true,"href":"https:\/\/agderma.de\/es\/wp-json\/wp\/v2\/comments?post=1169"}],"version-history":[{"count":13,"href":"https:\/\/agderma.de\/es\/wp-json\/wp\/v2\/pages\/1169\/revisions"}],"predecessor-version":[{"id":5616,"href":"https:\/\/agderma.de\/es\/wp-json\/wp\/v2\/pages\/1169\/revisions\/5616"}],"up":[{"embeddable":true,"href":"https:\/\/agderma.de\/es\/wp-json\/wp\/v2\/pages\/1142"}],"wp:attachment":[{"href":"https:\/\/agderma.de\/es\/wp-json\/wp\/v2\/media?parent=1169"}],"curies":[{"name":"wp","href":"https:\/\/api.w.org\/{rel}","templated":true}]}}