{"id":1176,"date":"2023-01-26T06:12:54","date_gmt":"2023-01-26T06:12:54","guid":{"rendered":"http:\/\/agderma.de\/?page_id=1176"},"modified":"2023-02-24T02:22:08","modified_gmt":"2023-02-24T02:22:08","slug":"muestras-de-productos","status":"publish","type":"page","link":"https:\/\/agderma.de\/es\/themen\/produktproben\/","title":{"rendered":"Muestras de productos"},"content":{"rendered":"<div data-elementor-type=\"wp-page\" data-elementor-id=\"1176\" class=\"elementor elementor-1176\" data-elementor-post-type=\"page\">\n\t\t\t\t<div class=\"elementor-element elementor-element-3d478ea e-flex e-con-boxed e-con e-parent\" data-id=\"3d478ea\" data-element_type=\"container\" data-e-type=\"container\" data-settings=\"{&quot;background_background&quot;:&quot;classic&quot;}\">\n\t\t\t\t\t<div class=\"e-con-inner\">\n\t\t\t\t<div class=\"elementor-element elementor-element-3d3f871 elementor-widget elementor-widget-heading\" data-id=\"3d3f871\" data-element_type=\"widget\" data-e-type=\"widget\" data-widget_type=\"heading.default\">\n\t\t\t\t<div class=\"elementor-widget-container\">\n\t\t\t\t\t<h1 class=\"elementor-heading-title elementor-size-default\">Muestras de productos<\/h1>\t\t\t\t<\/div>\n\t\t\t\t<\/div>\n\t\t\t\t\t<\/div>\n\t\t\t\t<\/div>\n\t\t<div class=\"elementor-element elementor-element-2179231 e-flex e-con-boxed e-con e-parent\" data-id=\"2179231\" data-element_type=\"container\" data-e-type=\"container\">\n\t\t\t\t\t<div class=\"e-con-inner\">\n\t\t\t\t<div class=\"elementor-element elementor-element-3c12a81 elementor-widget elementor-widget-text-editor\" data-id=\"3c12a81\" data-element_type=\"widget\" data-e-type=\"widget\" data-widget_type=\"text-editor.default\">\n\t\t\t\t<div class=\"elementor-widget-container\">\n\t\t\t\t\t\t\t\t\t<p>En los consultorios y cl\u00ednicas se distribuyen a diario muestras de productos de diferentes fabricantes de los llamados \"cosmec\u00e9uticos\".<\/p><p>Los cosmec\u00e9uticos, neologismo formado por \"cosm\u00e9tico\" y \"farmac\u00e9utico\", contienen la mayor concentraci\u00f3n posible de principios activos aprobados antes de ser clasificados como medicamentos. Por tanto, tienen un perfil de eficacia m\u00e1s elevado que los productos de cuidado convencionales.<\/p><p>Por un lado, estas muestras ofrecen a los pacientes varias alternativas para cuidar su piel, pero por otro, son problem\u00e1ticas para el medio ambiente y tambi\u00e9n representan un factor de coste para la consulta.<\/p><p><strong>El factor medioambiental<\/strong>\u200b<\/p><p>A menudo se entregan cajas envueltas en film de pl\u00e1stico que contienen varias muestras y, en algunos casos, almohadillas de recomendaci\u00f3n. Cada peque\u00f1o minipaquete contiene un tubo, que suele estar formado por dos tipos diferentes de pl\u00e1stico (tapa y tubo). Muchas de las muestras de productos contienen un m\u00e1ximo de 5 a 7 ml de contenido, a veces mezclado con micropl\u00e1sticos de diferentes composiciones qu\u00edmicas. Algunos de ellos contienen sustancias sospechosas de ser nocivas, por ejemplo, <a href=\"https:\/\/agderma.de\/es\/temas\/que-son-los-disruptores-endocrinos\/\">hormona-activa<\/a> o<a href=\"https:\/\/agderma.de\/es\/temas\/problema-causado-por-las-cremas-de-proteccion-solar\/\"> t\u00f3xico para los organismos acu\u00e1ticos<\/a> para tener un efecto. La producci\u00f3n de bolsas de pl\u00e1stico, que consume mucha energ\u00eda, se basa en combustibles f\u00f3siles como el gas y el petr\u00f3leo y pone en peligro la <a href=\"https:\/\/agderma.de\/es\/temas\/el-plastico-provoca-el-cambio-climatico\/\">Gas de efecto invernadero di\u00f3xido de carbono<\/a> gratis.<\/p><p>Es de suponer que los m\u00e9dicos de distintas especialidades y los farmac\u00e9uticos distribuyen diariamente miles de muestras a los pacientes. No todas las muestras son probadas por los pacientes. Adem\u00e1s, muchos de los tubos y sobres permanecen en los armarios de las consultas y cl\u00ednicas m\u00e1s all\u00e1 de su fecha de caducidad y tienen que ser clasificados y desechados por los profesionales sanitarios. Es probable que los distintos tipos de envases rara vez sean separados por las consultas y los consumidores, lo que impide la recuperaci\u00f3n de los pl\u00e1sticos reciclables en las plantas de reciclaje de residuos. S\u00f3lo en Alemania, las muestras de productos producen cada d\u00eda varias toneladas de residuos de incineraci\u00f3n y, por tanto, de gases de efecto invernadero. Tambi\u00e9n cabe suponer que algunas de las muestras acaban en el medio ambiente debido a viajes y desplazamientos o se eliminan en pa\u00edses que no disponen de un sistema adecuado de eliminaci\u00f3n o reciclaje de residuos.<\/p><p><strong>El factor coste<\/strong><\/p><p>En los inmuebles alquilados, las muestras de productos ocupan espacio de almacenamiento y, por tanto, consumen superficie que genera gastos de alquiler. Requieren la mano de obra de los profesionales m\u00e9dicos para recibirlas, almacenarlas, clasificarlas y eliminarlas. El consumo continuo de tiempo de trabajo resultante ya no est\u00e1 a disposici\u00f3n de una consulta, cl\u00ednica o farmacia para otras actividades y, sin embargo, debe ser remunerado. El volumen de residuos tambi\u00e9n aumenta enormemente por las muestras de productos y el reenvasado. Dado que las tasas de residuos en la mayor\u00eda de los municipios y ciudades se basan en la cantidad de residuos generados, esto se refleja en los costes a pagar.<\/p><p><strong>Actualizaci\u00f3n del 01 de agosto de 2022<\/strong><\/p><p>El pl\u00e1stico se produce a base de combustibles f\u00f3siles como el gas natural y el petr\u00f3leo. Por ello, la guerra en Ucrania y la consiguiente restricci\u00f3n, cada vez mayor, del suministro de gas a Alemania cuestionan claramente la producci\u00f3n y distribuci\u00f3n de muestras de productos desde un punto de vista econ\u00f3mico.<\/p>\t\t\t\t\t\t\t\t<\/div>\n\t\t\t\t<\/div>\n\t\t\t\t<div class=\"elementor-element elementor-element-5361cbc elementor-widget elementor-widget-toggle\" data-id=\"5361cbc\" data-element_type=\"widget\" data-e-type=\"widget\" data-widget_type=\"toggle.default\">\n\t\t\t\t<div class=\"elementor-widget-container\">\n\t\t\t\t\t\t\t<div class=\"elementor-toggle\">\n\t\t\t\t\t\t\t<div class=\"elementor-toggle-item\">\n\t\t\t\t\t<div id=\"elementor-tab-title-8741\" class=\"elementor-tab-title\" data-tab=\"1\" role=\"button\" aria-controls=\"elementor-tab-content-8741\" aria-expanded=\"false\">\n\t\t\t\t\t\t\t\t\t\t\t\t<span class=\"elementor-toggle-icon elementor-toggle-icon-left\" aria-hidden=\"true\">\n\t\t\t\t\t\t\t\t\t\t\t\t\t\t\t<span class=\"elementor-toggle-icon-closed\"><i class=\"fas fa-caret-right\"><\/i><\/span>\n\t\t\t\t\t\t\t\t<span class=\"elementor-toggle-icon-opened\"><i class=\"elementor-toggle-icon-opened fas fa-caret-up\"><\/i><\/span>\n\t\t\t\t\t\t\t\t\t\t\t\t\t<\/span>\n\t\t\t\t\t\t\t\t\t\t\t\t<a class=\"elementor-toggle-title\" tabindex=\"0\">Referencias e informaci\u00f3n jur\u00eddica<\/a>\n\t\t\t\t\t<\/div>\n\n\t\t\t\t\t<div id=\"elementor-tab-content-8741\" class=\"elementor-tab-content elementor-clearfix\" data-tab=\"1\" role=\"region\" aria-labelledby=\"elementor-tab-title-8741\"><p>\u00a9 Dr. med. Dipl. Biol. Susanne Saha 06\/2021<\/p><p><strong>Otros materiales:<\/strong><\/p><ul><li><a href=\"https:\/\/agderma.de\/wp-content\/uploads\/2023\/02\/Infoblatt-Produktproben.pdf\">Informaci\u00f3n para pacientes sobre muestras de productos<\/a><\/li><li>Plantilla QM: <a href=\"https:\/\/agderma.de\/wp-content\/uploads\/2023\/02\/Buero-FB-Werbung-abbestellen.docx\">Darse de baja de la publicidad<\/a><\/li><\/ul><p>\u200b<\/p><\/div>\n\t\t\t\t<\/div>\n\t\t\t\t\t\t\t\t<\/div>\n\t\t\t\t\t\t<\/div>\n\t\t\t\t<\/div>\n\t\t\t\t\t<\/div>\n\t\t\t\t<\/div>\n\t\t\t\t<\/div>","protected":false},"excerpt":{"rendered":"<p>T\u00e4glich werden Produktproben unterschiedlicher Hersteller von sogenannten \u201eCosmeceuticals\u201c in den Praxen und Kliniken verteilt. Cosmeceuticals, eine Wortsch\u00f6pfung aus \u201ecosmetics\u201c (Kosmetik) und \u201epharmaceuticals\u201c (Medikament), enthalten die h\u00f6chstm\u00f6gliche Konzentration an Wirkstoffen, die zugelassen sind, bevor sie als Arzneimittel eingestuft werden. Sie haben dadurch ein h\u00f6heres Wirkprofil als herk\u00f6mmliche Pflegeprodukte. Geben diese Proben einerseits die M\u00f6glichkeit, Patient*innen mehrere [&hellip;]<\/p>\n","protected":false},"author":1,"featured_media":0,"parent":1142,"menu_order":0,"comment_status":"closed","ping_status":"closed","template":"","meta":{"_acf_changed":false,"footnotes":""},"class_list":["post-1176","page","type-page","status-publish","hentry"],"acf":[],"_links":{"self":[{"href":"https:\/\/agderma.de\/es\/wp-json\/wp\/v2\/pages\/1176","targetHints":{"allow":["GET"]}}],"collection":[{"href":"https:\/\/agderma.de\/es\/wp-json\/wp\/v2\/pages"}],"about":[{"href":"https:\/\/agderma.de\/es\/wp-json\/wp\/v2\/types\/page"}],"author":[{"embeddable":true,"href":"https:\/\/agderma.de\/es\/wp-json\/wp\/v2\/users\/1"}],"replies":[{"embeddable":true,"href":"https:\/\/agderma.de\/es\/wp-json\/wp\/v2\/comments?post=1176"}],"version-history":[{"count":0,"href":"https:\/\/agderma.de\/es\/wp-json\/wp\/v2\/pages\/1176\/revisions"}],"up":[{"embeddable":true,"href":"https:\/\/agderma.de\/es\/wp-json\/wp\/v2\/pages\/1142"}],"wp:attachment":[{"href":"https:\/\/agderma.de\/es\/wp-json\/wp\/v2\/media?parent=1176"}],"curies":[{"name":"wp","href":"https:\/\/api.w.org\/{rel}","templated":true}]}}