{"id":1192,"date":"2023-01-26T07:05:50","date_gmt":"2023-01-26T07:05:50","guid":{"rendered":"http:\/\/agderma.de\/?page_id=1192"},"modified":"2025-03-15T15:43:05","modified_gmt":"2025-03-15T15:43:05","slug":"dosificacion-de-aerosoles-terapia-climatologica","status":"publish","type":"page","link":"https:\/\/agderma.de\/es\/themen\/dosieraerosole-klimarelevante-therapie\/","title":{"rendered":"Inhaladores dosificadores Terapia adaptada al clima"},"content":{"rendered":"<div data-elementor-type=\"wp-page\" data-elementor-id=\"1192\" class=\"elementor elementor-1192\" data-elementor-post-type=\"page\">\n\t\t\t\t<div class=\"elementor-element elementor-element-3d478ea e-flex e-con-boxed e-con e-parent\" data-id=\"3d478ea\" data-element_type=\"container\" data-e-type=\"container\" data-settings=\"{&quot;background_background&quot;:&quot;classic&quot;}\">\n\t\t\t\t\t<div class=\"e-con-inner\">\n\t\t\t\t<div class=\"elementor-element elementor-element-3d3f871 elementor-widget elementor-widget-heading\" data-id=\"3d3f871\" data-element_type=\"widget\" data-e-type=\"widget\" data-widget_type=\"heading.default\">\n\t\t\t\t<div class=\"elementor-widget-container\">\n\t\t\t\t\t<h1 class=\"elementor-heading-title elementor-size-default\">Inhaladores dosificadores Terapia adaptada al clima<\/h1>\t\t\t\t<\/div>\n\t\t\t\t<\/div>\n\t\t\t\t\t<\/div>\n\t\t\t\t<\/div>\n\t\t<div class=\"elementor-element elementor-element-2179231 e-flex e-con-boxed e-con e-parent\" data-id=\"2179231\" data-element_type=\"container\" data-e-type=\"container\">\n\t\t\t\t\t<div class=\"e-con-inner\">\n\t\t\t\t<div class=\"elementor-element elementor-element-3c12a81 elementor-widget elementor-widget-text-editor\" data-id=\"3c12a81\" data-element_type=\"widget\" data-e-type=\"widget\" data-widget_type=\"text-editor.default\">\n\t\t\t\t<div class=\"elementor-widget-container\">\n\t\t\t\t\t\t\t\t\t<h3>La terapia del asma y la EPOC es relevante para el clima<\/h3><p>La mayor\u00eda de los dermat\u00f3logos est\u00e1n familiarizados con el diagn\u00f3stico y el tratamiento de las enfermedades al\u00e9rgicas de las v\u00edas respiratorias altas, como la rinoconjuntivitis al\u00e9rgica y el asma. Los cambios estacionales y la prolongaci\u00f3n de la estaci\u00f3n pol\u00ednica causados por el cambio clim\u00e1tico han\u00a0<a href=\"https:\/\/www.lungenaerzte-im-netz.de\/krankheiten\/asthma-bronchiale\/haeufigkeit\/\" target=\"_blank\" rel=\"noopener\">Las enfermedades respiratorias al\u00e9rgicas han aumentado considerablemente desde la d\u00e9cada de 1980.<\/a>que afecta a la frecuencia de prescripci\u00f3n de DAe y PI.<\/p><p>La medicaci\u00f3n diaria contra el asma al\u00e9rgica se prescribe, entre otras, en dos formas de aplicaci\u00f3n diferentes:<\/p><ol><li><strong>Inhaladores dosificadores (DAe)<\/strong> se aplican en la boca. Al aplicar presi\u00f3n sobre el gatillo, se introduce un propelente con principio activo en las v\u00edas respiratorias con inhalaci\u00f3n simult\u00e1nea.<\/li><li><strong>Inhaladores de polvo (PI)<\/strong> est\u00e1n encerrados por la boca. La inhalaci\u00f3n se produce por succi\u00f3n durante la inhalaci\u00f3n r\u00e1pida.<\/li><\/ol><h3>Los propelentes de los inhaladores dosificadores son m\u00e1s nocivos para el clima que los inhaladores en polvo<\/h3><p>Adem\u00e1s del gas de efecto invernadero di\u00f3xido de carbono, cuya proporci\u00f3n ha aumentado considerablemente desde la industrializaci\u00f3n, otros gases de efecto invernadero como el\u00a0<a href=\"https:\/\/agderma.de\/es\/temas\/el-plastico-provoca-el-cambio-climatico\/\" target=\"_blank\" rel=\"noopener\">Metano<\/a>se liberan a la atm\u00f3sfera \u00f3xido nitroso y gases fluorados de efecto invernadero (gases F) producidos por el hombre. Los gases fluorados no afectan a la capa de ozono, a diferencia de los CFC, cuya producci\u00f3n est\u00e1 prohibida en todo el mundo desde 2020.<\/p><p>Los gases fluorados no s\u00f3lo se encuentran en productos como congeladores, aparatos de aire acondicionado, extintores y materiales aislantes, sino tambi\u00e9n en los aerosoles para el asma. El\u00a0<a href=\"http:\/\/www.duh.de\/uploads\/tx_duhdownloads\/F-Gase_Hintergrundpapier.pdf\" target=\"_blank\" rel=\"noopener\">El potencial de calentamiento global de estos gases es entre 100 y 23.000 veces superior<\/a>\u00a0como la del di\u00f3xido de carbono. El\u00a0<a href=\"https:\/\/www.umweltbundesamt.de\/daten\/klima\/atmosphaerische-treibhausgas-konzentrationen#beitrag-langlebiger-treibhausgase-zum-treibhauseffekt\" target=\"_blank\" rel=\"noopener\">Tiempo de permanencia en la atm\u00f3sfera<\/a>\u00a0oscila en algunos casos entre algunas d\u00e9cadas y varios cientos de a\u00f1os. En todo el mundo, aportan alrededor de\u00a0<a href=\"https:\/\/bmjopen.bmj.com\/content\/9\/10\/e028763\" target=\"_blank\" rel=\"noopener\">dos por ciento al efecto invernadero<\/a>\u00a0y, por tanto, tanto como el tr\u00e1fico a\u00e9reo internacional. Investigaciones anteriores han demostrado, por ejemplo, que los DAe prescritos en Inglaterra contribuyen con 3,9 % a la huella de carbono del Servicio Nacional de Salud del Reino Unido. En Alemania, las emisiones de gases fluorados ya representaban\u00a0<a href=\"https:\/\/www.umweltbundesamt.de\/daten\/klima\/treibhausgas-emissionen-in-deutschland\/emissionen-fluorierter-treibhausgase-f-gase\" target=\"_blank\" rel=\"noopener\">Agencia Federal de Medio Ambiente<\/a>\u00a0representa alrededor del 1,6% de las emisiones de gases de efecto invernadero.<\/p><p><a href=\"https:\/\/pubmed.ncbi.nlm.nih.gov\/33124196\/\" target=\"_blank\" rel=\"noopener\">Los gases fluorados utilizados en los aerosoles para el asma<\/a>principalmente el tetrafluoroetano HFA 134a y el heptafluoropropano HFA 227ea, son potentes gases de efecto invernadero y hasta 1.430 y 3.220 veces m\u00e1s potentes que el di\u00f3xido de carbono respectivamente.<\/p><h3>Comparaci\u00f3n de inhaladores dosificadores (ID) - inhaladores de polvo (IP)<\/h3><p>Si ahora comparamos el balance de di\u00f3xido de carbono de DAe con PI, el de\u00a0<a href=\"https:\/\/thorax.bmj.com\/content\/75\/1\/82\" target=\"_blank\" rel=\"noopener\">PI hasta 20 veces mejor<\/a>\u00a0como\u00a0<a href=\"https:\/\/www.aerzteblatt.de\/n107077\/\" target=\"_blank\" rel=\"noopener\">que DAe<\/a>.<\/p><p>La mayor\u00eda de las sustancias activas y combinaciones de sustancias activas que desempe\u00f1an un papel en la terapia del asma y la EPOC est\u00e1n disponibles tanto como DAe como PI.<\/p>\t\t\t\t\t\t\t\t<\/div>\n\t\t\t\t<\/div>\n\t\t\t\t<div class=\"elementor-element elementor-element-5d58bc7 elementor-widget elementor-widget-image\" data-id=\"5d58bc7\" data-element_type=\"widget\" data-e-type=\"widget\" data-widget_type=\"image.default\">\n\t\t\t\t<div class=\"elementor-widget-container\">\n\t\t\t\t\t\t\t\t\t\t\t\t<figure class=\"wp-caption\">\n\t\t\t\t\t\t\t\t\t\t<img fetchpriority=\"high\" decoding=\"async\" width=\"625\" height=\"120\" src=\"https:\/\/agderma.de\/wp-content\/uploads\/2023\/01\/Tabelle-Dosieraerosole.webp\" class=\"attachment-large size-large wp-image-1195\" alt=\"\" srcset=\"https:\/\/agderma.de\/wp-content\/uploads\/2023\/01\/Tabelle-Dosieraerosole.webp 625w, https:\/\/agderma.de\/wp-content\/uploads\/2023\/01\/Tabelle-Dosieraerosole-300x58.webp 300w\" sizes=\"(max-width: 625px) 100vw, 625px\" \/>\t\t\t\t\t\t\t\t\t\t\t<figcaption class=\"widget-image-caption wp-caption-text\"><\/figcaption>\n\t\t\t\t\t\t\t\t\t\t<\/figure>\n\t\t\t\t\t\t\t\t\t<\/div>\n\t\t\t\t<\/div>\n\t\t\t\t<div class=\"elementor-element elementor-element-a5951ba elementor-widget elementor-widget-text-editor\" data-id=\"a5951ba\" data-element_type=\"widget\" data-e-type=\"widget\" data-widget_type=\"text-editor.default\">\n\t\t\t\t<div class=\"elementor-widget-container\">\n\t\t\t\t\t\t\t\t\t<p>* En\u00a0<a href=\"https:\/\/www.cme-point.de\/Fortbildungen\/2589_CME_Inhalationssysteme.pdf\" target=\"_blank\" rel=\"noopener\">Estudios<\/a>\u00a0se demostr\u00f3 que la eficacia de los respectivos sistemas DAe frente a PI no depende del tipo de f\u00e1rmaco, sino de su correcta aplicaci\u00f3n.<\/p><p>** cf. <a href=\"https:\/\/bmjopen.bmj.com\/content\/9\/10\/e028763\" target=\"_blank\" rel=\"noopener\">https:\/\/bmjopen.bmj.com\/content\/9\/10\/e028763<\/a><\/p>\t\t\t\t\t\t\t\t<\/div>\n\t\t\t\t<\/div>\n\t\t\t\t<div class=\"elementor-element elementor-element-b668183 elementor-widget elementor-widget-text-editor\" data-id=\"b668183\" data-element_type=\"widget\" data-e-type=\"widget\" data-widget_type=\"text-editor.default\">\n\t\t\t\t<div class=\"elementor-widget-container\">\n\t\t\t\t\t\t\t\t\t<p><strong>Recomendaci\u00f3n para la prescripci\u00f3n de medicaci\u00f3n contra el asma:<\/strong><\/p><ul><li>Considere la posibilidad de prescribir inhaladores en polvo si es posible una respiraci\u00f3n profunda de 2-3 segundos o una respiraci\u00f3n m\u00e1s larga de 4-5 segundos, ya que \u00e9stos tienen un equilibrio clim\u00e1tico mucho mejor.<\/li><li>uando se utilicen inhaladores dosificadores como medicaci\u00f3n de emergencia o para personas mayores, debe proporcionarse una informaci\u00f3n cuidadosa no s\u00f3lo sobre su uso sino tambi\u00e9n sobre su eliminaci\u00f3n.<\/li><li>Tenga en cuenta los propelentes de los inhaladores dosificadores, ya que difieren significativamente en cuanto a su huella de carbono.<\/li><li>Inhaladores dosificadores <a href=\"https:\/\/agderma.de\/es\/gestion-de-practicas-sostenibles-2\/plantillas-sqm-2\/\">eliminar correctamente<\/a>ya que los gases residuales se escapan al final de su uso y los inhaladores son mercanc\u00edas peligrosas.<\/li><li>Los servicios de eliminaci\u00f3n de medicamentos dependen del municipio. Aqu\u00ed encontrar\u00e1 m\u00e1s informaci\u00f3n<\/li><\/ul><p>Actualizaci\u00f3n: <a href=\"https:\/\/register.awmf.org\/assets\/guidelines\/053-059k_S2k_Klimabewusste-Verordnung-Inhalativa_2024-04.pdf\" target=\"_blank\" rel=\"noopener\">Directriz S2k \"Prescripci\u00f3n de inhalantes con conciencia clim\u00e1tica\" 1\/24<\/a><\/p>\t\t\t\t\t\t\t\t<\/div>\n\t\t\t\t<\/div>\n\t\t\t\t<div class=\"elementor-element elementor-element-5361cbc elementor-widget elementor-widget-toggle\" data-id=\"5361cbc\" data-element_type=\"widget\" data-e-type=\"widget\" data-widget_type=\"toggle.default\">\n\t\t\t\t<div class=\"elementor-widget-container\">\n\t\t\t\t\t\t\t<div class=\"elementor-toggle\">\n\t\t\t\t\t\t\t<div class=\"elementor-toggle-item\">\n\t\t\t\t\t<div id=\"elementor-tab-title-8741\" class=\"elementor-tab-title\" data-tab=\"1\" role=\"button\" aria-controls=\"elementor-tab-content-8741\" aria-expanded=\"false\">\n\t\t\t\t\t\t\t\t\t\t\t\t<span class=\"elementor-toggle-icon elementor-toggle-icon-left\" aria-hidden=\"true\">\n\t\t\t\t\t\t\t\t\t\t\t\t\t\t\t<span class=\"elementor-toggle-icon-closed\"><i class=\"fas fa-caret-right\"><\/i><\/span>\n\t\t\t\t\t\t\t\t<span class=\"elementor-toggle-icon-opened\"><i class=\"elementor-toggle-icon-opened fas fa-caret-up\"><\/i><\/span>\n\t\t\t\t\t\t\t\t\t\t\t\t\t<\/span>\n\t\t\t\t\t\t\t\t\t\t\t\t<a class=\"elementor-toggle-title\" tabindex=\"0\">Referencias e informaci\u00f3n jur\u00eddica<\/a>\n\t\t\t\t\t<\/div>\n\n\t\t\t\t\t<div id=\"elementor-tab-content-8741\" class=\"elementor-tab-content elementor-clearfix\" data-tab=\"1\" role=\"region\" aria-labelledby=\"elementor-tab-title-8741\"><p>\u00a9 Dra. med. Christina Hecker y Dra. med. Dipl. Biol. Susanne Saha 07\/2021<\/p><\/div>\n\t\t\t\t<\/div>\n\t\t\t\t\t\t\t\t<\/div>\n\t\t\t\t\t\t<\/div>\n\t\t\t\t<\/div>\n\t\t\t\t\t<\/div>\n\t\t\t\t<\/div>\n\t\t\t\t<\/div>","protected":false},"excerpt":{"rendered":"<p>Die Therapie von Asthma und COPD ist klimarelevant\u200b Der gr\u00f6\u00dfte Anteil der Dermatologinnen und Dermatologen ist als Allergolog*innen mit der Diagnostik und Therapie allergischer Erkrankungen der oberen Atemwege wie z. B. Rhinokonjunktivitis allergica und Asthma vertraut. Durch den Klimawandel bedingte jahreszeitliche Verschiebungen und Verl\u00e4ngerung der Pollensaison haben\u00a0allergische Atemwegserkrankungen seit den 80iger Jahren stark zugenommen, was [&hellip;]<\/p>\n","protected":false},"author":1,"featured_media":0,"parent":1142,"menu_order":0,"comment_status":"closed","ping_status":"closed","template":"","meta":{"_acf_changed":false,"footnotes":""},"class_list":["post-1192","page","type-page","status-publish","hentry"],"acf":[],"_links":{"self":[{"href":"https:\/\/agderma.de\/es\/wp-json\/wp\/v2\/pages\/1192","targetHints":{"allow":["GET"]}}],"collection":[{"href":"https:\/\/agderma.de\/es\/wp-json\/wp\/v2\/pages"}],"about":[{"href":"https:\/\/agderma.de\/es\/wp-json\/wp\/v2\/types\/page"}],"author":[{"embeddable":true,"href":"https:\/\/agderma.de\/es\/wp-json\/wp\/v2\/users\/1"}],"replies":[{"embeddable":true,"href":"https:\/\/agderma.de\/es\/wp-json\/wp\/v2\/comments?post=1192"}],"version-history":[{"count":22,"href":"https:\/\/agderma.de\/es\/wp-json\/wp\/v2\/pages\/1192\/revisions"}],"predecessor-version":[{"id":5619,"href":"https:\/\/agderma.de\/es\/wp-json\/wp\/v2\/pages\/1192\/revisions\/5619"}],"up":[{"embeddable":true,"href":"https:\/\/agderma.de\/es\/wp-json\/wp\/v2\/pages\/1142"}],"wp:attachment":[{"href":"https:\/\/agderma.de\/es\/wp-json\/wp\/v2\/media?parent=1192"}],"curies":[{"name":"wp","href":"https:\/\/api.w.org\/{rel}","templated":true}]}}