{"id":1208,"date":"2023-01-26T07:58:45","date_gmt":"2023-01-26T07:58:45","guid":{"rendered":"http:\/\/agderma.de\/?page_id=1208"},"modified":"2025-03-15T15:49:45","modified_gmt":"2025-03-15T15:49:45","slug":"el-plastico-provoca-el-cambio-climatico","status":"publish","type":"page","link":"https:\/\/agderma.de\/es\/themen\/plastik-verursacht-klimawandel\/","title":{"rendered":"El pl\u00e1stico provoca el cambio clim\u00e1tico"},"content":{"rendered":"<div data-elementor-type=\"wp-page\" data-elementor-id=\"1208\" class=\"elementor elementor-1208\" data-elementor-post-type=\"page\">\n\t\t\t\t<div class=\"elementor-element elementor-element-3d478ea e-flex e-con-boxed e-con e-parent\" data-id=\"3d478ea\" data-element_type=\"container\" data-e-type=\"container\" data-settings=\"{&quot;background_background&quot;:&quot;classic&quot;}\">\n\t\t\t\t\t<div class=\"e-con-inner\">\n\t\t\t\t<div class=\"elementor-element elementor-element-3d3f871 elementor-widget elementor-widget-heading\" data-id=\"3d3f871\" data-element_type=\"widget\" data-e-type=\"widget\" data-widget_type=\"heading.default\">\n\t\t\t\t<div class=\"elementor-widget-container\">\n\t\t\t\t\t<h1 class=\"elementor-heading-title elementor-size-default\">El pl\u00e1stico provoca el cambio clim\u00e1tico<\/h1>\t\t\t\t<\/div>\n\t\t\t\t<\/div>\n\t\t\t\t\t<\/div>\n\t\t\t\t<\/div>\n\t\t<div class=\"elementor-element elementor-element-2179231 e-flex e-con-boxed e-con e-parent\" data-id=\"2179231\" data-element_type=\"container\" data-e-type=\"container\">\n\t\t\t\t\t<div class=\"e-con-inner\">\n\t\t\t\t<div class=\"elementor-element elementor-element-3c12a81 elementor-widget elementor-widget-text-editor\" data-id=\"3c12a81\" data-element_type=\"widget\" data-e-type=\"widget\" data-widget_type=\"text-editor.default\">\n\t\t\t\t<div class=\"elementor-widget-container\">\n\t\t\t\t\t\t\t\t\t<p>El pl\u00e1stico es una materia prima derivada del petr\u00f3leo y, por tanto, creada artificialmente, para la que actualmente se consumen en todo el mundo unas 16 % de petr\u00f3leo crudo y gas natural al d\u00eda.\u00a0<a href=\"https:\/\/www.boell.de\/de\/plastikatlas\" target=\"_blank\" rel=\"noreferrer noopener\">La Fundaci\u00f3n Heinrich B\u00f6ll<\/a> estima que el di\u00f3xido de carbono (CO\u2082) caus\u00f3 unas emisiones de 1.781 millones de toneladas s\u00f3lo en 2015. La producci\u00f3n mundial de pl\u00e1stico representa entre 10 y 13 % del presupuesto total de CO\u2082 que puede consumirse como m\u00e1ximo para limitar el calentamiento global provocado por el hombre a 1,5 grados.<\/p><h3>El CO\u2082 y el oc\u00e9ano<\/h3><p>Cada a\u00f1o se producen en el mundo unos 400 millones de toneladas de pl\u00e1stico de distintas composiciones. Seg\u00fan las estimaciones, alrededor de un tercio de \u00e9ste se desecha en el medio ambiente. Una gran parte acaba en el oc\u00e9ano, formando 5 grandes remolinos de pl\u00e1stico de\u00a0<a href=\"https:\/\/www.zeit.de\/wissen\/umwelt\/2018-03\/umweltverschmutzung-ozeane-muellstrudel-plastikmuell\" target=\"_blank\" rel=\"noreferrer noopener\">1,6 kil\u00f3metros cuadrados de di\u00e1metro (en 2018)<\/a><\/p><p>Se supone que la cantidad creciente de\u00a0<a href=\"https:\/\/www.ciel.org\/wp-content\/uploads\/2019\/05\/Plastic-and-Climate-Executive-Summary-2019.pdf\" target=\"_blank\" rel=\"noreferrer noopener\">Los micropl\u00e1sticos en los oc\u00e9anos, creados por la descomposici\u00f3n del pl\u00e1stico, perturban los procesos biol\u00f3gicos<\/a>con cuya ayuda el plancton de la superficie del mar fija CO2 mediante la fotos\u00edntesis. Este proceso, denominado bomba biol\u00f3gica de carbono, es de vital importancia para el papel del oc\u00e9ano como denominado sumidero de carbono y contribuye de forma significativa a la estabilidad del clima de la Tierra.<\/p><p>A trav\u00e9s de los procesos naturales de muerte, el plancton vuelve a segregar el CO2 cuando se hunde en el lecho marino. El efecto en parte altamente t\u00f3xico de los micropl\u00e1sticos conduce a la\u00a0<a href=\"https:\/\/www.oceaneye.ch\/de\/problematique\/plastique-en-mer\/\" target=\"_blank\" rel=\"noreferrer noopener\">aumento de la muerte<\/a> del plancton y, por tanto, a una mayor liberaci\u00f3n de CO2 a la atm\u00f3sfera.<\/p><p>En la actualidad, m\u00e1s de la mitad del CO2 producido anualmente por el ser humano se almacena en el oc\u00e9ano. Las afirmaciones sobre la cantidad y c\u00f3mo podr\u00eda cambiar el almacenamiento en el futuro son objeto de investigaci\u00f3n.<\/p><h3>La descomposici\u00f3n del pl\u00e1stico provoca metano<\/h3><p><a href=\"https:\/\/journals.plos.org\/plosone\/article?id=10.1371\/journal.pone.0200574\" target=\"_blank\" rel=\"noreferrer noopener\">Seg\u00fan un estudio de agosto de 2018 de la Universidad de Hawaii<\/a>\u00a0La luz ultravioleta favorece la descomposici\u00f3n del pl\u00e1stico en el medio ambiente, liberando metano y etileno.\u00a0<a href=\"https:\/\/www.mpg.de\/405362\/forschungsSchwerpunkt\" target=\"_blank\" rel=\"noreferrer noopener\">Metano<\/a> (CH4) es uno de los gases de efecto invernadero m\u00e1s importantes y es 21 veces m\u00e1s eficaz que el CO\u2082.<\/p><p class=\"font_8\"><span class=\"color_26\">Los estudios sobre diferentes tipos de pl\u00e1sticos mostraron que la mayor parte del metano es liberado por part\u00edculas de pl\u00e1stico de\u00a0<a href=\"https:\/\/en.wikipedia.org\/wiki\/Low-density_polyethylene\" target=\"_blank\" rel=\"noreferrer noopener\">Polietileno de baja densidad (LDPE)<\/a>una variante del\u00a0<a href=\"https:\/\/echa.europa.eu\/legislation-obligation\/-\/obligations\/100.121.698\" target=\"_blank\" rel=\"noreferrer noopener\">Polietileno<\/a>\u00a0(PE). Las emisiones de metano aumentaban cuanto m\u00e1s tiempo se irradiaban las part\u00edculas de pl\u00e1stico con luz UV. Al parecer, la luz UV act\u00faa como catalizador, ya que la producci\u00f3n de metano, una vez desencadenada, ya no necesita la luz UV para continuar.<\/span><\/p><p class=\"font_8\"><span class=\"color_26\">El LDPE y el PE son los materiales que m\u00e1s se producen en el mundo y se utilizan, entre otras cosas, en botellas dispensadoras, botellas de lavado, tubos, bolsas de pl\u00e1stico, superficies de trabajo y l\u00e1minas de pl\u00e1stico.<\/span><\/p><p>El reciclaje y la reducci\u00f3n de la producci\u00f3n de pl\u00e1stico representan un objetivo importante en todo el mundo para ahorrar emisiones de los gases antropog\u00e9nicos de efecto invernadero CO\u2082 y metano.<\/p><p><strong>M\u00e1s enlaces:<\/strong><\/p><ul><li><a href=\"https:\/\/www.ciel.org\/wp-content\/uploads\/2019\/05\/Plastic-and-Climate-Executive-Summary-2019.pdf\" target=\"_blank\" rel=\"noreferrer noopener\">Pl\u00e1stico y clima: Los costes ocultos de un planeta de pl\u00e1stico<\/a><\/li><\/ul>\t\t\t\t\t\t\t\t<\/div>\n\t\t\t\t<\/div>\n\t\t\t\t<div class=\"elementor-element elementor-element-5361cbc elementor-widget elementor-widget-toggle\" data-id=\"5361cbc\" data-element_type=\"widget\" data-e-type=\"widget\" data-widget_type=\"toggle.default\">\n\t\t\t\t<div class=\"elementor-widget-container\">\n\t\t\t\t\t\t\t<div class=\"elementor-toggle\">\n\t\t\t\t\t\t\t<div class=\"elementor-toggle-item\">\n\t\t\t\t\t<div id=\"elementor-tab-title-8741\" class=\"elementor-tab-title\" data-tab=\"1\" role=\"button\" aria-controls=\"elementor-tab-content-8741\" aria-expanded=\"false\">\n\t\t\t\t\t\t\t\t\t\t\t\t<span class=\"elementor-toggle-icon elementor-toggle-icon-left\" aria-hidden=\"true\">\n\t\t\t\t\t\t\t\t\t\t\t\t\t\t\t<span class=\"elementor-toggle-icon-closed\"><i class=\"fas fa-caret-right\"><\/i><\/span>\n\t\t\t\t\t\t\t\t<span class=\"elementor-toggle-icon-opened\"><i class=\"elementor-toggle-icon-opened fas fa-caret-up\"><\/i><\/span>\n\t\t\t\t\t\t\t\t\t\t\t\t\t<\/span>\n\t\t\t\t\t\t\t\t\t\t\t\t<a class=\"elementor-toggle-title\" tabindex=\"0\">Referencias e informaci\u00f3n jur\u00eddica<\/a>\n\t\t\t\t\t<\/div>\n\n\t\t\t\t\t<div id=\"elementor-tab-content-8741\" class=\"elementor-tab-content elementor-clearfix\" data-tab=\"1\" role=\"region\" aria-labelledby=\"elementor-tab-title-8741\"><p>\u00a9 Dr. med. Dipl. Biol. Susanne Saha 05\/2021<\/p><\/div>\n\t\t\t\t<\/div>\n\t\t\t\t\t\t\t\t<\/div>\n\t\t\t\t\t\t<\/div>\n\t\t\t\t<\/div>\n\t\t\t\t\t<\/div>\n\t\t\t\t<\/div>\n\t\t\t\t<\/div>","protected":false},"excerpt":{"rendered":"<p>Plastik ist ein petrobasierter und damit k\u00fcnstlich geschaffener Rohstoff, f\u00fcr den aktuell weltweit t\u00e4glich ca. 16 % Erd\u00f6l- und Erdgas verbraucht werden.\u00a0Die Heinrich-B\u00f6ll-Stiftung sch\u00e4tzt, dass durch Kohlendioxid (CO\u2082) allein 2015 Emissionen in H\u00f6he von 1.781 Mio. Tonnen verursacht wurden. Die weltweite Kunststoffproduktion macht 10-13 % des gesamten CO\u2082-Budgets aus, das maximal verbraucht werden darf, um [&hellip;]<\/p>\n","protected":false},"author":1,"featured_media":0,"parent":1142,"menu_order":0,"comment_status":"closed","ping_status":"closed","template":"","meta":{"_acf_changed":false,"footnotes":""},"class_list":["post-1208","page","type-page","status-publish","hentry"],"acf":[],"_links":{"self":[{"href":"https:\/\/agderma.de\/es\/wp-json\/wp\/v2\/pages\/1208","targetHints":{"allow":["GET"]}}],"collection":[{"href":"https:\/\/agderma.de\/es\/wp-json\/wp\/v2\/pages"}],"about":[{"href":"https:\/\/agderma.de\/es\/wp-json\/wp\/v2\/types\/page"}],"author":[{"embeddable":true,"href":"https:\/\/agderma.de\/es\/wp-json\/wp\/v2\/users\/1"}],"replies":[{"embeddable":true,"href":"https:\/\/agderma.de\/es\/wp-json\/wp\/v2\/comments?post=1208"}],"version-history":[{"count":7,"href":"https:\/\/agderma.de\/es\/wp-json\/wp\/v2\/pages\/1208\/revisions"}],"predecessor-version":[{"id":5634,"href":"https:\/\/agderma.de\/es\/wp-json\/wp\/v2\/pages\/1208\/revisions\/5634"}],"up":[{"embeddable":true,"href":"https:\/\/agderma.de\/es\/wp-json\/wp\/v2\/pages\/1142"}],"wp:attachment":[{"href":"https:\/\/agderma.de\/es\/wp-json\/wp\/v2\/media?parent=1208"}],"curies":[{"name":"wp","href":"https:\/\/api.w.org\/{rel}","templated":true}]}}