{"id":1213,"date":"2023-01-26T22:34:45","date_gmt":"2023-01-26T22:34:45","guid":{"rendered":"http:\/\/agderma.de\/?page_id=1213"},"modified":"2024-02-02T09:21:06","modified_gmt":"2024-02-02T09:21:06","slug":"cancer-de-mama-debido-a-los-parabenos","status":"publish","type":"page","link":"https:\/\/agderma.de\/es\/themen\/brustkrebs-durch-parabene\/","title":{"rendered":"\u00bfC\u00e1ncer de mama debido a los parabenos?"},"content":{"rendered":"<div data-elementor-type=\"wp-page\" data-elementor-id=\"1213\" class=\"elementor elementor-1213\" data-elementor-post-type=\"page\">\n\t\t\t\t<div class=\"elementor-element elementor-element-3d478ea e-flex e-con-boxed e-con e-parent\" data-id=\"3d478ea\" data-element_type=\"container\" data-e-type=\"container\" data-settings=\"{&quot;background_background&quot;:&quot;classic&quot;}\">\n\t\t\t\t\t<div class=\"e-con-inner\">\n\t\t\t\t<div class=\"elementor-element elementor-element-3d3f871 elementor-widget elementor-widget-heading\" data-id=\"3d3f871\" data-element_type=\"widget\" data-e-type=\"widget\" data-widget_type=\"heading.default\">\n\t\t\t\t<div class=\"elementor-widget-container\">\n\t\t\t\t\t<h1 class=\"elementor-heading-title elementor-size-default\">\u00bfC\u00e1ncer de mama debido a los parabenos?<\/h1>\t\t\t\t<\/div>\n\t\t\t\t<\/div>\n\t\t\t\t\t<\/div>\n\t\t\t\t<\/div>\n\t\t<div class=\"elementor-element elementor-element-2179231 e-flex e-con-boxed e-con e-parent\" data-id=\"2179231\" data-element_type=\"container\" data-e-type=\"container\">\n\t\t\t\t\t<div class=\"e-con-inner\">\n\t\t\t\t<div class=\"elementor-element elementor-element-3c12a81 elementor-widget elementor-widget-text-editor\" data-id=\"3c12a81\" data-element_type=\"widget\" data-e-type=\"widget\" data-widget_type=\"text-editor.default\">\n\t\t\t\t<div class=\"elementor-widget-container\">\n\t\t\t\t\t\t\t\t\t<p class=\"p1\">Los parabenos son compuestos qu\u00edmicos que tienen propiedades antibacterianas y antif\u00fangicas. Actualmente se utilizan en m\u00e1s de 22.000 <a href=\"https:\/\/www.bfr.bund.de\/cm\/343\/verwendung_von_parabenen_in_kosmetischen_mitteln.pdf\" target=\"_blank\" rel=\"noopener\"><span class=\"s1\">Cosm\u00e9ticos<\/span><\/a>\u00a0y <a href=\"https:\/\/www.bfr.bund.de\/cm\/343\/parabenhaltige_deodorants_und_die_entstehung_von_brustkrebs.pdf\" target=\"_blank\" rel=\"noopener\"><span class=\"s1\">Medicamentos<\/span><\/a>\u00a0utilizados como conservantes. Los parabenos se derivan de la sustancia natural <a href=\"https:\/\/www.chemicalsafetyfacts.org\/parabens\/\" target=\"_blank\" rel=\"noopener\"><span class=\"s1\">\u00e1cido parahidroxibenzoico<\/span><\/a> que se encuentra en muchas frutas y verduras como las cerezas, los pepinos, las zanahorias y las cebollas.<\/p><p class=\"p1\">Se conocen numerosas sales y \u00e9steres de parabenos. En experimentos con animales se descubri\u00f3 que <a href=\"https:\/\/pubmed.ncbi.nlm.nih.gov\/12387298\/\" target=\"_blank\" rel=\"noopener\"><span class=\"s1\">El metilparabeno se absorbe r\u00e1pida y completamente tras la exposici\u00f3n oral, se metaboliza<\/span><\/a> y se excreta.<\/p><p class=\"p1\">Debido a su estructura similar a la de los estr\u00f3genos, se sospecha que algunos parabenos pueden <a href=\"https:\/\/agderma.de\/es\/temas\/que-son-los-disruptores-endocrinos\/\"><span class=\"s2\">disruptores endocrinos<\/span><\/a>\u00a0ser. Es de <a href=\"https:\/\/pubmed.ncbi.nlm.nih.gov\/12387298\/)\" target=\"_blank\" rel=\"noopener\"><span class=\"s1\">Ensayos con animales<\/span><\/a> Se sabe que influyen en el sistema hormonal y que se unen a los receptores de estr\u00f3geno in vivo e in vitro. Sin embargo, parecen ser mucho m\u00e1s d\u00e9biles que el estradiol.<\/p><p class=\"p1\">Ya en 2004, cient\u00edficos brit\u00e1nicos publicaron un <a href=\"https:\/\/pubmed.ncbi.nlm.nih.gov\/14745841\/\" target=\"_blank\" rel=\"noopener\"><span class=\"s1\">Estudiar<\/span><\/a>en los que hab\u00edan detectado parabenos en tumores de mama.<\/p><p class=\"p1\">El <a href=\"https:\/\/www.bfr.bund.de\/cm\/343\/parabenhaltige_deodorants_und_die_entstehung_von_brustkrebs.pdf\" target=\"_blank\" rel=\"noopener\"><span class=\"s1\">Instituto Federal de Evaluaci\u00f3n de Riesgos (BfR)<\/span><\/a> evalu\u00f3 el dise\u00f1o del estudio y afirm\u00f3 en una declaraci\u00f3n del 13 de febrero de 2004 que no exist\u00eda relaci\u00f3n entre los desodorantes que contienen parabenos y el desarrollo de c\u00e1ncer de mama. La dosis de parabenos era demasiado baja para mostrar una bioactividad relevante<\/p><p class=\"p1\"><span style=\"text-align: var(--text-align); font-family: var( --e-global-typography-text-font-family ), Sans-serif; font-size: var( --e-global-typography-text-font-size ); font-weight: var( --e-global-typography-text-font-weight );\">A <\/span><a style=\"text-align: var(--text-align); background-color: #ffffff; font-family: var( --e-global-typography-text-font-family ), Sans-serif; font-size: var( --e-global-typography-text-font-size ); font-weight: var( --e-global-typography-text-font-weight );\" href=\"https:\/\/www.cdc.gov\/biomonitoring\/pdf\/Parabens_FactSheet.pdf\" target=\"_blank\" rel=\"noopener\"><span class=\"s1\">Estudiar<\/span><\/a><span style=\"text-align: var(--text-align); font-family: var( --e-global-typography-text-font-family ), Sans-serif; font-size: var( --e-global-typography-text-font-size ); font-weight: var( --e-global-typography-text-font-weight );\">\u00a0con 2.548 participantes pudo demostrar en 2005 - 2006 que se detect\u00f3 metil y propilparabeno en la orina de casi todas las personas sometidas a la prueba. Adem\u00e1s, la concentraci\u00f3n medida era significativamente mayor en las mujeres. Esto se explicaba por el uso m\u00e1s frecuente de productos cosm\u00e9ticos.<\/span><\/p><p class=\"p1\">A pesar de las preocupaciones emergentes, el BfR mantuvo en su <a href=\"https:\/\/www.bfr.bund.de\/cm\/343\/verwendung_von_parabenen_in_kosmetischen_mitteln.pdf\" target=\"_blank\" rel=\"noopener\"><span class=\"s1\">Dictamen n\u00ba 009\/2011 de 28 de enero de 2011<\/span><\/a> una \"sustituci\u00f3n general de los parabenos en los productos cosm\u00e9ticos (...) no tiene sentido\". Y adem\u00e1s afirmaba: \"Muchos de los otros conservantes utilizados actualmente tendr\u00edan un potencial alerg\u00e9nico significativamente mayor que los parabenos\".<\/p><p class=\"p1\">En 2012, Harvey y Everett se\u00f1alaron en un <a href=\"https:\/\/analyticalsciencejournals.onlinelibrary.wiley.com\/doi\/abs\/10.1002\/jat.2743?deniedAccessCustomisedMessage=&amp;userIsAuthenticated=false\" target=\"_blank\" rel=\"noopener\"><span class=\"s1\">Estudiar<\/span><\/a> uno o m\u00e1s \u00e9steres de parabenos en el 99% de 160 muestras procedentes de 40 mastectom\u00edas por carcinoma de mama.<\/p><p class=\"p1\"><span class=\"s1\"><a href=\"https:\/\/www.lgl.bayern.de\/gesundheit\/umweltbezogener_gesundheitsschutz\/chemische_umweltfaktoren\/parabenhaltige_deodorants_brustkrebs.htm\" target=\"_blank\" rel=\"noopener\">Hasta la fecha, sin embargo, faltan suficientes estudios toxicol\u00f3gicos<\/a><\/span> y pruebas de los efectos cancer\u00edgenos de los parabenos. Hasta ahora, s\u00f3lo se han encontrado cuatro parabenos en <a href=\"https:\/\/www.beyer-soehne.de\/parabene-sind-sie-schaedlich-und-gefaehrlich\/\" target=\"_blank\" rel=\"noopener\"><span class=\"s1\">Experimentos con ratas<\/span><\/a> (etil, metil, butil y propilparabeno).<\/p><p class=\"p1\"><b>Actualizaci\u00f3n 01.11.2021<\/b><\/p><p class=\"p1\">En 2020, un estudio del hospital Charit\u00e9 de Berl\u00edn demostr\u00f3 que la orina de las mujeres embarazadas que utilizaban cosm\u00e9ticos con parabenos, como cremas para la piel, conten\u00eda hasta tres veces m\u00e1s compuestos de parabenos de lo habitual. La observaci\u00f3n de ni\u00f1os de hasta ocho a\u00f1os mostr\u00f3 que el butilparabeno se asociaba a un riesgo doble de obesidad. El efecto era mayor en las ni\u00f1as que en los ni\u00f1os, presumiblemente porque el butilparabeno tiene un efecto similar al estr\u00f3geno.<\/p><p class=\"p1\">Por ello, debe considerarse cuidadosamente la recomendaci\u00f3n de productos de cuidado y medicamentos que contengan parabenos.<\/p><p class=\"p2\"><b>Parabenos m\u00e1s conocidos:<\/b><\/p><table class=\"t1\" cellspacing=\"0\" cellpadding=\"0\"><tbody><tr><td class=\"td1\" valign=\"top\"><p class=\"p4\"><b>Inobjetable hasta ahora<\/b><\/p><\/td><td class=\"td2\" valign=\"top\"><p class=\"p4\"><b>Comentario<\/b><\/p><\/td><\/tr><tr><td class=\"td3\" valign=\"top\"><p class=\"p4\"><a href=\"https:\/\/www.echa.europa.eu\/web\/guest\/brief-profile\/-\/briefprofile\/100.004.000\" target=\"_blank\" rel=\"noopener\">Etilparabeno<\/a><\/p><\/td><td class=\"td4\" valign=\"top\"><p class=\"p4\">Seg\u00fan el BfR: seguro hasta una concentraci\u00f3n de 0,4%<\/p><\/td><\/tr><tr><td class=\"td1\" colspan=\"2\" valign=\"top\"><p class=\"p4\"><b>Cuestionable<\/b><\/p><\/td><\/tr><tr><td class=\"td3\" valign=\"top\"><p class=\"p4\"><a href=\"https:\/\/echa.europa.eu\/de\/brief-profile\/-\/briefprofile\/100.002.102\" target=\"_blank\" rel=\"noopener\">Bencilparabeno<\/a><\/p><\/td><td class=\"td4\" valign=\"top\"><p class=\"p4\">Catalogado como posible disruptor endocrino<\/p><\/td><\/tr><tr><td class=\"td3\" valign=\"top\"><p class=\"p4\"><a href=\"https:\/\/www.echa.europa.eu\/web\/guest\/brief-profile\/-\/briefprofile\/100.002.108\" target=\"_blank\" rel=\"noopener\">Butilparabeno<\/a><\/p><\/td><td class=\"td4\" valign=\"top\"><p class=\"p4\">Catalogado como posible disruptor endocrino<\/p><\/td><\/tr><tr><td class=\"td3\" valign=\"top\"><p class=\"p4\"><a href=\"https:\/\/www.echa.europa.eu\/web\/guest\/brief-profile\/-\/briefprofile\/100.002.532\" target=\"_blank\" rel=\"noopener\">Metilparabeno<\/a><\/p><\/td><td class=\"td4\" valign=\"top\"><p class=\"p4\">T\u00f3xico para los organismos acu\u00e1ticos con efecto a largo plazo<\/p><\/td><\/tr><tr><td class=\"td5\" valign=\"top\"><p class=\"p4\"><a href=\"https:\/\/www.echa.europa.eu\/web\/guest\/brief-profile\/-\/briefprofile\/100.002.098\" target=\"_blank\" rel=\"noopener\">Propilparabeno<\/a><\/p><\/td><td class=\"td6\" valign=\"top\"><p class=\"p4\">Catalogado como posible disruptor endocrino<\/p><\/td><\/tr><tr><td class=\"td7\" valign=\"top\"><p class=\"p4\">Pentilparabeno<\/p><\/td><td class=\"td8\" valign=\"top\"><p class=\"p4\">No hay datos confirmados, no se recomienda su uso.<\/p><\/td><\/tr><tr><td class=\"td1\" colspan=\"2\" valign=\"top\"><p class=\"p4\"><b>Prohibido<\/b><\/p><\/td><\/tr><tr><td class=\"td3\" valign=\"top\"><p class=\"p4\"><a href=\"https:\/\/echa.europa.eu\/de\/brief-profile\/-\/briefprofile\/100.021.882\" target=\"_blank\" rel=\"noopener\">Isopropilparabeno<\/a><\/p><\/td><td class=\"td4\" valign=\"top\"><p class=\"p4\">Prohibido en cosm\u00e9ticos en la UE<\/p><\/td><\/tr><tr><td class=\"td5\" valign=\"top\"><p class=\"p4\"><a href=\"https:\/\/echa.europa.eu\/de\/brief-profile\/-\/briefprofile\/100.022.008\" target=\"_blank\" rel=\"noopener\">Isobutilparabeno<\/a><\/p><\/td><td class=\"td6\" valign=\"top\"><p class=\"p4\">Prohibido en cosm\u00e9ticos en la UE<\/p><\/td><\/tr><tr><td class=\"td3\" valign=\"top\"><p class=\"p4\"><a href=\"https:\/\/echa.europa.eu\/de\/brief-profile\/-\/briefprofile\/100.037.892\" target=\"_blank\" rel=\"noopener\">Fenilparabeno<\/a><\/p><\/td><td class=\"td4\" valign=\"top\"><p class=\"p4\">Uso prohibido<\/p><\/td><\/tr><\/tbody><\/table><p class=\"p1\"><b>Perfiles de Echa:<br \/><\/b><a style=\"text-align: var(--text-align); font-family: var( --e-global-typography-text-font-family ), Sans-serif; font-size: var( --e-global-typography-text-font-size ); font-weight: var( --e-global-typography-text-font-weight ); background-color: #ffffff;\" href=\"https:\/\/www.echa.europa.eu\/web\/guest\/brief-profile\/-\/briefprofile\/100.004.000\" target=\"_blank\" rel=\"noopener\">Etilparabeno<\/a><br \/><a style=\"text-align: var(--text-align); font-family: var( --e-global-typography-text-font-family ), Sans-serif; font-size: var( --e-global-typography-text-font-size ); font-weight: var( --e-global-typography-text-font-weight ); background-color: #ffffff;\" href=\"https:\/\/echa.europa.eu\/de\/brief-profile\/-\/briefprofile\/100.002.102\" target=\"_blank\" rel=\"noopener\">Bencilparabeno<\/a><br \/><a style=\"text-align: var(--text-align); background-color: #ffffff; font-family: var( --e-global-typography-text-font-family ), Sans-serif; font-size: var( --e-global-typography-text-font-size ); font-weight: var( --e-global-typography-text-font-weight );\" href=\"https:\/\/www.echa.europa.eu\/web\/guest\/brief-profile\/-\/briefprofile\/100.002.108\" target=\"_blank\" rel=\"noopener\">Butilparabeno<\/a><br \/><a style=\"text-align: var(--text-align); background-color: #ffffff; font-family: var( --e-global-typography-text-font-family ), Sans-serif; font-size: var( --e-global-typography-text-font-size ); font-weight: var( --e-global-typography-text-font-weight );\" href=\"https:\/\/www.echa.europa.eu\/web\/guest\/brief-profile\/-\/briefprofile\/100.002.532\" target=\"_blank\" rel=\"noopener\">Metilparabeno<\/a><br \/><a style=\"text-align: var(--text-align); background-color: #ffffff; font-family: var( --e-global-typography-text-font-family ), Sans-serif; font-size: var( --e-global-typography-text-font-size ); font-weight: var( --e-global-typography-text-font-weight );\" href=\"https:\/\/www.echa.europa.eu\/web\/guest\/brief-profile\/-\/briefprofile\/100.002.098\" target=\"_blank\" rel=\"noopener\">Propilparabeno<\/a><br \/><a style=\"text-align: var(--text-align); background-color: #ffffff; font-family: var( --e-global-typography-text-font-family ), Sans-serif; font-size: var( --e-global-typography-text-font-size ); font-weight: var( --e-global-typography-text-font-weight );\" href=\"https:\/\/echa.europa.eu\/de\/brief-profile\/-\/briefprofile\/100.021.882\" target=\"_blank\" rel=\"noopener\">Isopropilparabeno<\/a><br \/><a style=\"text-align: var(--text-align); background-color: #ffffff; font-family: var( --e-global-typography-text-font-family ), Sans-serif; font-size: var( --e-global-typography-text-font-size ); font-weight: var( --e-global-typography-text-font-weight );\" href=\"https:\/\/echa.europa.eu\/de\/brief-profile\/-\/briefprofile\/100.022.008\" target=\"_blank\" rel=\"noopener\">Isobutilparabeno<\/a><br \/><a style=\"text-align: var(--text-align); background-color: #ffffff; font-family: var( --e-global-typography-text-font-family ), Sans-serif; font-size: var( --e-global-typography-text-font-size ); font-weight: var( --e-global-typography-text-font-weight );\" href=\"https:\/\/echa.europa.eu\/de\/brief-profile\/-\/briefprofile\/100.037.892\" target=\"_blank\" rel=\"noopener\">Fenilparabeno<\/a><\/p><p class=\"p1\">Encontrar\u00e1 informaci\u00f3n sobre las concentraciones m\u00e1ximas <a href=\"https:\/\/www.bfr.bund.de\/de\/a-z_index\/parabene-4932.html\" target=\"_blank\" rel=\"noopener\"><span class=\"s2\">aqu\u00ed<\/span><\/a>.\u00a0<\/p><p class=\"p1\">&gt;&gt; Descargue nuestro <a href=\"https:\/\/agderma.de\/wp-content\/uploads\/2023\/02\/Infoblatt-Parabene.pdf\"><span class=\"s2\">Hoja informativa sobre los parabenos<\/span><\/a> para sus pacientes. &lt;&lt;<\/p>\t\t\t\t\t\t\t\t<\/div>\n\t\t\t\t<\/div>\n\t\t\t\t<div class=\"elementor-element elementor-element-5361cbc elementor-widget elementor-widget-toggle\" data-id=\"5361cbc\" data-element_type=\"widget\" data-e-type=\"widget\" data-widget_type=\"toggle.default\">\n\t\t\t\t<div class=\"elementor-widget-container\">\n\t\t\t\t\t\t\t<div class=\"elementor-toggle\">\n\t\t\t\t\t\t\t<div class=\"elementor-toggle-item\">\n\t\t\t\t\t<div id=\"elementor-tab-title-8741\" class=\"elementor-tab-title\" data-tab=\"1\" role=\"button\" aria-controls=\"elementor-tab-content-8741\" aria-expanded=\"false\">\n\t\t\t\t\t\t\t\t\t\t\t\t<span class=\"elementor-toggle-icon elementor-toggle-icon-left\" aria-hidden=\"true\">\n\t\t\t\t\t\t\t\t\t\t\t\t\t\t\t<span class=\"elementor-toggle-icon-closed\"><i class=\"fas fa-caret-right\"><\/i><\/span>\n\t\t\t\t\t\t\t\t<span class=\"elementor-toggle-icon-opened\"><i class=\"elementor-toggle-icon-opened fas fa-caret-up\"><\/i><\/span>\n\t\t\t\t\t\t\t\t\t\t\t\t\t<\/span>\n\t\t\t\t\t\t\t\t\t\t\t\t<a class=\"elementor-toggle-title\" tabindex=\"0\">Referencias e informaci\u00f3n jur\u00eddica<\/a>\n\t\t\t\t\t<\/div>\n\n\t\t\t\t\t<div id=\"elementor-tab-content-8741\" class=\"elementor-tab-content elementor-clearfix\" data-tab=\"1\" role=\"region\" aria-labelledby=\"elementor-tab-title-8741\"><p>\u00a9 Dra. med. Dipl. Biol. Susanne Saha 04\/2021<\/p><\/div>\n\t\t\t\t<\/div>\n\t\t\t\t\t\t\t\t<\/div>\n\t\t\t\t\t\t<\/div>\n\t\t\t\t<\/div>\n\t\t\t\t\t<\/div>\n\t\t\t\t<\/div>\n\t\t\t\t<\/div>","protected":false},"excerpt":{"rendered":"<p>Parabene sind chemische Verbindungen, die antibakterielle und fungizide Eigenschaften haben. Sie werden derzeit in \u00fcber 22.000 Kosmetika\u00a0und Arzneimitteln\u00a0als Konservierungsstoffe eingesetzt.\u00a0Parabene leiten sich von der in der Natur vorkommenden para-Hydroxybenzoes\u00e4ure ab, die in zahlreichen Fr\u00fcchten und Gem\u00fcse wie z.B. Kirschen, Gurken, Karotten und Zwiebeln enthalten ist. Es sind zahlreiche Salze und Ester der Parabene bekannt. In [&hellip;]<\/p>\n","protected":false},"author":1,"featured_media":0,"parent":1142,"menu_order":0,"comment_status":"closed","ping_status":"closed","template":"","meta":{"_acf_changed":false,"footnotes":""},"class_list":["post-1213","page","type-page","status-publish","hentry"],"acf":[],"_links":{"self":[{"href":"https:\/\/agderma.de\/es\/wp-json\/wp\/v2\/pages\/1213","targetHints":{"allow":["GET"]}}],"collection":[{"href":"https:\/\/agderma.de\/es\/wp-json\/wp\/v2\/pages"}],"about":[{"href":"https:\/\/agderma.de\/es\/wp-json\/wp\/v2\/types\/page"}],"author":[{"embeddable":true,"href":"https:\/\/agderma.de\/es\/wp-json\/wp\/v2\/users\/1"}],"replies":[{"embeddable":true,"href":"https:\/\/agderma.de\/es\/wp-json\/wp\/v2\/comments?post=1213"}],"version-history":[{"count":4,"href":"https:\/\/agderma.de\/es\/wp-json\/wp\/v2\/pages\/1213\/revisions"}],"predecessor-version":[{"id":4927,"href":"https:\/\/agderma.de\/es\/wp-json\/wp\/v2\/pages\/1213\/revisions\/4927"}],"up":[{"embeddable":true,"href":"https:\/\/agderma.de\/es\/wp-json\/wp\/v2\/pages\/1142"}],"wp:attachment":[{"href":"https:\/\/agderma.de\/es\/wp-json\/wp\/v2\/media?parent=1213"}],"curies":[{"name":"wp","href":"https:\/\/api.w.org\/{rel}","templated":true}]}}