{"id":1220,"date":"2023-01-26T23:05:11","date_gmt":"2023-01-26T23:05:11","guid":{"rendered":"http:\/\/agderma.de\/?page_id=1220"},"modified":"2024-03-01T07:18:57","modified_gmt":"2024-03-01T07:18:57","slug":"problema-causado-por-las-cremas-de-proteccion-solar","status":"publish","type":"page","link":"https:\/\/agderma.de\/es\/themen\/problem-durch-sonnenschutzcremes\/","title":{"rendered":"Problema debido a los protectores solares"},"content":{"rendered":"<div data-elementor-type=\"wp-page\" data-elementor-id=\"1220\" class=\"elementor elementor-1220\" data-elementor-post-type=\"page\">\n\t\t\t\t<div class=\"elementor-element elementor-element-3d478ea e-flex e-con-boxed e-con e-parent\" data-id=\"3d478ea\" data-element_type=\"container\" data-e-type=\"container\" data-settings=\"{&quot;background_background&quot;:&quot;classic&quot;}\">\n\t\t\t\t\t<div class=\"e-con-inner\">\n\t\t\t\t<div class=\"elementor-element elementor-element-3d3f871 elementor-widget elementor-widget-heading\" data-id=\"3d3f871\" data-element_type=\"widget\" data-e-type=\"widget\" data-widget_type=\"heading.default\">\n\t\t\t\t<div class=\"elementor-widget-container\">\n\t\t\t\t\t<h1 class=\"elementor-heading-title elementor-size-default\">Problema debido a los protectores solares<\/h1>\t\t\t\t<\/div>\n\t\t\t\t<\/div>\n\t\t\t\t\t<\/div>\n\t\t\t\t<\/div>\n\t\t<div class=\"elementor-element elementor-element-2179231 e-flex e-con-boxed e-con e-parent\" data-id=\"2179231\" data-element_type=\"container\" data-e-type=\"container\">\n\t\t\t\t\t<div class=\"e-con-inner\">\n\t\t\t\t<div class=\"elementor-element elementor-element-3c12a81 elementor-widget elementor-widget-text-editor\" data-id=\"3c12a81\" data-element_type=\"widget\" data-e-type=\"widget\" data-widget_type=\"text-editor.default\">\n\t\t\t\t<div class=\"elementor-widget-container\">\n\t\t\t\t\t\t\t\t\t<p><em>Este texto no es en absoluto una invitaci\u00f3n a abstenerse permanentemente de la protecci\u00f3n solar activa, sino que trata sobre algunos de los ingredientes de los protectores solares. Los protectores solares cumplen una importante funci\u00f3n al proteger la barrera cut\u00e1nea de la luz ultravioleta y prevenir as\u00ed el c\u00e1ncer de piel.<\/em><\/p><p>B\u00e1sicamente, se distinguen dos principios activos en las cremas solares:<\/p><p><strong>1. cremas solares con filtros UV minerales o f\u00edsicos<br \/><\/strong>contienen sustancias como el di\u00f3xido de titanio (TiO2) y el \u00f3xido de zinc (ZnO). \u00c9stas se adhieren a la piel cuando se aplican e impiden que la radiaci\u00f3n UV llegue a la piel por reflexi\u00f3n difusa. Entretanto, a menudo se a\u00f1aden en forma de nanopart\u00edculas (nano di\u00f3xido de titanio y nano \u00f3xido de zinc) para evitar un efecto blanqueador. El <a href=\"https:\/\/eur-lex.europa.eu\/LexUriServ\/LexUriServ.do?uri=OJ:L:2012:167:0001:0123:DE:PDF\" target=\"_blank\" rel=\"noopener\">Ordenanza sobre biocidas<\/a>\u00a0define los nanomateriales como \"part\u00edculas (...) en las que al menos el 50 por ciento de las part\u00edculas en la distribuci\u00f3n del tama\u00f1o num\u00e9rico tienen una o m\u00e1s dimensiones en el rango de 1 nm a 100 nm\".<\/p><p><a href=\"https:\/\/echa.europa.eu\/de\/brief-profile\/-\/briefprofile\/100.013.839\" target=\"_blank\" rel=\"noopener\"><strong>\u00d3xido de cinc<\/strong><\/a><br \/>A\u00a0<a href=\"https:\/\/www.jidonline.org\/article\/S0022-202X(18)32655-1\/fulltext\" target=\"_blank\" rel=\"noopener\">Publicaci\u00f3n<\/a>\u00a0de 2018 no pudieron encontrar ninguna permeabilidad cut\u00e1nea para las nanopart\u00edculas de \u00f3xido de cinc hidr\u00f3fobas recubiertas de silicona y sin recubrir con un tama\u00f1o de 65 y 77 nm.\u00a0<br \/>A\u00a0<a href=\"https:\/\/pubmed.ncbi.nlm.nih.gov\/21329043\/\" target=\"_blank\" rel=\"noopener\">Estudiar<\/a> Sin embargo, en 2010 concluy\u00f3 que la absorci\u00f3n de nanopart\u00edculas a trav\u00e9s de la piel se ve influida por el tama\u00f1o de las part\u00edculas y que esto tambi\u00e9n depende del estado de salud de la piel. El \u00f3xido de zinc figura en la base de datos de la ECHA como una sustancia muy <a href=\"https:\/\/echa.europa.eu\/de\/brief-profile\/-\/briefprofile\/100.013.839\" target=\"_blank\" rel=\"noopener\">toxicol\u00f3gico para las formas de vida acu\u00e1tica<\/a>\u00a0listado.<\/p><p><strong><a href=\"https:\/\/echa.europa.eu\/de\/brief-profile\/-\/briefprofile\/100.033.327\" target=\"_blank\" rel=\"noopener\">Di\u00f3xido de titanio<\/a><\/strong>\u00a0<br \/>El\u00a0<a href=\"https:\/\/ec.europa.eu\/transparency\/regdoc\/rep\/3\/2019\/DE\/C-2019-7227-F1-DE-ANNEX-1-PART-1.PDF\" target=\"_blank\" rel=\"noopener\">Comit\u00e9 Cient\u00edfico de Seguridad de los Consumidores (CCSC)<\/a>\u00a0se\u00f1ala que el uso de pigmentos <a href=\"https:\/\/echa.europa.eu\/de\/brief-profile\/-\/briefprofile\/100.033.327\" target=\"_blank\" rel=\"noopener\">Di\u00f3xido de titanio<\/a> en t\u00f3picos, debido a la situaci\u00f3n actual de los datos y a la posible clasificaci\u00f3n del di\u00f3xido de titanio como carcin\u00f3geno de categor\u00eda 2 seg\u00fan el Reglamento CLP (<a href=\"https:\/\/ec.europa.eu\/health\/sites\/health\/files\/scientific_committees\/consumer_safety\/docs\/sccs_o_238.pdf\" target=\"_blank\" rel=\"noopener\">Inhalaci\u00f3n<\/a>), no es seguro para los consumidores en general si se inhala. En la base de datos de\u00a0<a href=\"https:\/\/echa.europa.eu\/de\/brief-profile\/-\/briefprofile\/100.033.327\" target=\"_blank\" rel=\"noopener\">La ECHA quiere di\u00f3xido de titanio<\/a> catalogada como posible sustancia cancer\u00edgena.<\/p><p><em>Desde el 11 de julio de 2013 existe en la UE la obligaci\u00f3n de etiquetar las nanopart\u00edculas en los cosm\u00e9ticos. <\/em><\/p><p>Actualizaci\u00f3n di\u00f3xido de titanio 7 May 2021 El di\u00f3xido de titanio tambi\u00e9n se utiliza como agente blanqueador en alimentos (dulces, pasta de dientes, mozzarella, etc.) y medicamentos. Seg\u00fan un <a href=\"https:\/\/www.bfr.bund.de\/cm\/343\/faq-titandioxid-gibt-es-gesundheitliche-risiken.pdf\" target=\"_blank\" rel=\"noopener\">Publicaci\u00f3n del Instituto Federal de Evaluaci\u00f3n de Riesgos (BfR) del 6 de mayo de 2021<\/a>\u00a0Su uso como aditivo alimentario no se considera seguro, ya que existe la sospecha urgente de que el di\u00f3xido de titanio es mutag\u00e9nico. En Francia, el di\u00f3xido de titanio est\u00e1 prohibido en los alimentos desde el 1 de enero de 2020. \u00a0<\/p><p><strong>2. cremas solares con filtros UV qu\u00edmicos<\/strong> <br \/>penetran en la piel. Contienen sustancias absorbentes que convierten la energ\u00eda de la radiaci\u00f3n UV en luz infrarroja y la vuelven a emitir. Se sospecha firmemente que algunos de estos filtros UV qu\u00edmicos son disruptores endocrinos. Las siguientes sustancias y grupos de sustancias son actualmente objeto de atenci\u00f3n\u00a0<a href=\"https:\/\/eur-lex.europa.eu\/LexUriServ\/LexUriServ.do?uri=OJ:L:2007:136:0003:0280:de:PDF\" target=\"_blank\" rel=\"noopener\">Comisi\u00f3n Europea<\/a>:<\/p><ul><li><a href=\"https:\/\/echa.europa.eu\/de\/brief-profile\/-\/briefprofile\/100.157.824\" target=\"_blank\" rel=\"noopener\">Octinoxato<\/a><\/li><li>(Octil metoxicinamato (OMC) o 2-etilhexil-4-metoxicinamato (EHMC))<\/li><li><a href=\"https:\/\/echa.europa.eu\/de\/brief-profile\/-\/briefprofile\/100.004.575\" target=\"_blank\" rel=\"noopener\">Oxibenzona<\/a>\u00a0(Benzofenona-3)\u00a0<\/li><li><a href=\"https:\/\/echa.europa.eu\/de\/brief-profile\/-\/briefprofile\/100.025.683\" target=\"_blank\" rel=\"noopener\">Octocrileno<\/a>\u00a0<\/li><li><a href=\"https:\/\/www.akdermaplastik.de\/parabens\" target=\"_blank\" rel=\"noopener\">Parabenos<\/a>\u00a0(<a href=\"https:\/\/echa.europa.eu\/de\/brief-profile\/-\/briefprofile\/100.002.532\" target=\"_blank\" rel=\"noopener\">Metilparabeno<\/a>,\u00a0<a href=\"https:\/\/echa.europa.eu\/de\/brief-profile\/-\/briefprofile\/100.004.000\" target=\"_blank\" rel=\"noopener\">Etil parabeno<\/a>,\u00a0<a href=\"https:\/\/echa.europa.eu\/de\/brief-profile\/-\/briefprofile\/100.002.108\" target=\"_blank\" rel=\"noopener\">Butil parabeno<\/a>,\u00a0<a href=\"https:\/\/echa.europa.eu\/de\/brief-profile\/-\/briefprofile\/100.002.102\" target=\"_blank\" rel=\"noopener\">Parabeno benc\u00edlico)<\/a>\u00a0<\/li><li><a href=\"https:\/\/echa.europa.eu\/de\/brief-profile\/-\/briefprofile\/100.002.102\" target=\"_blank\" rel=\"noopener\">Derivados del alcanfor<\/a> (4-metil-bencilideno)<\/li><\/ul><p>Estos filtros UV pasan del cuerpo <a href=\"https:\/\/www.sciencedirect.com\/science\/article\/abs\/pii\/S0048969718320242\" target=\"_blank\" rel=\"noopener\">al medio ambiente por contacto directo<\/a>\u00a0con las masas de agua o indirectamente a trav\u00e9s de las plantas de tratamiento de aguas residuales al mar. Se acumulan en las masas de agua, no son biodegradables y cada vez son m\u00e1s\u00a0<a href=\"https:\/\/www.sciencedirect.com\/science\/article\/abs\/pii\/S0048969718347545\" target=\"_blank\" rel=\"noopener\">enriquecido en la cadena alimentaria<\/a>. Son demostrablemente\u00a0<a href=\"https:\/\/pubs.acs.org\/doi\/abs\/10.1021\/acs.est.6b05211\" target=\"_blank\" rel=\"noopener\">t\u00f3xico para los organismos acu\u00e1ticos<\/a> como los corales.<\/p><p>Como se les culpa de la decoloraci\u00f3n del coral en todo el mundo, los protectores solares que contienen los filtros UV mencionados han sido prohibidos en Palaos desde 2020 y, seg\u00fan el <a href=\"https:\/\/trackbill.com\/bill\/hawaii-senate-bill-748-non-chemical-sunscreen-dispensers-department-of-land-and-natural-resources-state-beaches-appropriation\/2333872\/\" target=\"_blank\" rel=\"noopener\">Ley de Arrecifes de Hawai (SB 2571)<\/a> desde el 01 de enero 2021 prohibido en Bonaire, en Key West Florida, las Islas V\u00edrgenes Americanas, Hawai, Tailandia y la Pen\u00ednsula de Yucat\u00e1n \/ M\u00e9xico.<\/p><p>En general, la Comisi\u00f3n de la UE ha desarrollado un <a href=\"https:\/\/eur-lex.europa.eu\/legal-content\/DE\/TXT\/PDF\/?uri=CELEX:52018DC0739&amp;from=EN\" target=\"_blank\" rel=\"noopener\">Lista de 28 sustancias<\/a>\u00a0para los que existe la sospecha de un efecto endocrino en los seres humanos. En Europa, la evaluaci\u00f3n de los peligros medioambientales de los filtros UV en cosm\u00e9ticos y otros productos se est\u00e1 llevando a cabo actualmente bajo el\u00a0<a href=\"https:\/\/eur-lex.europa.eu\/LexUriServ\/LexUriServ.do?uri=OJ:L:2007:136:0003:0280:de:PDF\" target=\"_blank\" rel=\"noopener\">Reglamento europeo REACH (CE n\u00ba 1907\/2006)<\/a>.<\/p><p>El Laboratorio Medioambiental Haereticus (EE.UU.) ha desarrollado el <a href=\"https:\/\/haereticus-lab.org\/protect-land-sea-certification-3\" target=\"_blank\" rel=\"noopener\">Certificaci\u00f3n Proteger la Tierra + el Mar<\/a>\u00a0que certifica las cremas solares seguras. Entre otras cosas, las cremas solares no deben contener micropl\u00e1sticos, nanopart\u00edculas o\u00a0<a href=\"https:\/\/agderma.de\/es\/temas\/el-triclosan-una-sustancia-problematica\/\">Triclos\u00e1n<\/a>\u00a0contener.<\/p><p>Seg\u00fan los conocimientos actuales, muchas cremas y sprays solares del mercado siguen conteniendo oxibenzona, octocrileno, octinoxato y\u00a0<a href=\"https:\/\/agderma.de\/es\/temas\/cancer-de-mama-debido-a-los-parabenos\/\">Parabenos<\/a>.<\/p><p>Como enlace adicional, el art\u00edculo de los profesores Peter y Joachim Barth de la Enciclopedia Altmeyer:\u00a0<a href=\"https:\/\/www.altmeyers.org\/de\/news\/vierzehntausend-tonnen-oder-wer-liebt-das-meer-28\" target=\"_blank\" rel=\"noopener\">Catorce mil toneladas o \u00bfqui\u00e9n ama el mar?<\/a><\/p><p>Desc\u00e1rguese nuestra hoja informativa sobre protectores solares para sus pacientes de la Dra. med. Christina Hecker. Puede encontrar las hojas informativas <a href=\"https:\/\/agderma.de\/es\/folletos-informativos-para-pacientes\/\">aqu\u00ed<\/a>.<\/p>\t\t\t\t\t\t\t\t<\/div>\n\t\t\t\t<\/div>\n\t\t\t\t<div class=\"elementor-element elementor-element-5361cbc elementor-widget elementor-widget-toggle\" data-id=\"5361cbc\" data-element_type=\"widget\" data-e-type=\"widget\" data-widget_type=\"toggle.default\">\n\t\t\t\t<div class=\"elementor-widget-container\">\n\t\t\t\t\t\t\t<div class=\"elementor-toggle\">\n\t\t\t\t\t\t\t<div class=\"elementor-toggle-item\">\n\t\t\t\t\t<div id=\"elementor-tab-title-8741\" class=\"elementor-tab-title\" data-tab=\"1\" role=\"button\" aria-controls=\"elementor-tab-content-8741\" aria-expanded=\"false\">\n\t\t\t\t\t\t\t\t\t\t\t\t<span class=\"elementor-toggle-icon elementor-toggle-icon-left\" aria-hidden=\"true\">\n\t\t\t\t\t\t\t\t\t\t\t\t\t\t\t<span class=\"elementor-toggle-icon-closed\"><i class=\"fas fa-caret-right\"><\/i><\/span>\n\t\t\t\t\t\t\t\t<span class=\"elementor-toggle-icon-opened\"><i class=\"elementor-toggle-icon-opened fas fa-caret-up\"><\/i><\/span>\n\t\t\t\t\t\t\t\t\t\t\t\t\t<\/span>\n\t\t\t\t\t\t\t\t\t\t\t\t<a class=\"elementor-toggle-title\" tabindex=\"0\">Referencias e informaci\u00f3n jur\u00eddica<\/a>\n\t\t\t\t\t<\/div>\n\n\t\t\t\t\t<div id=\"elementor-tab-content-8741\" class=\"elementor-tab-content elementor-clearfix\" data-tab=\"1\" role=\"region\" aria-labelledby=\"elementor-tab-title-8741\"><p>\u00a9 Dra. med. Dipl. Biol. Susanne Saha 03\/2021<\/p><\/div>\n\t\t\t\t<\/div>\n\t\t\t\t\t\t\t\t<\/div>\n\t\t\t\t\t\t<\/div>\n\t\t\t\t<\/div>\n\t\t\t\t\t<\/div>\n\t\t\t\t<\/div>\n\t\t\t\t<\/div>","protected":false},"excerpt":{"rendered":"<p>Dieser Text ist keinesfalls eine Aufforderung den aktiven Sonnenschutz dauerhaft zu unterlassen, sondern befasst sich mit einigen Inhaltsstoffen von Sonnenschutzmitteln. Sonnenschutzmittel erf\u00fcllen eine wichtige Funktion, indem sie die Hautbarriere vor UV-Licht sch\u00fctzen und damit Hautkrebs vorbeugen. Grunds\u00e4tzlich werden zwei Wirkprinzipien bei Sonnencremes unterschieden: 1. Sonnencremes mit mineralischer oder physikalischer UV-Filterungenthalten Substanzen wie z. B. Titandioxid [&hellip;]<\/p>\n","protected":false},"author":1,"featured_media":0,"parent":1142,"menu_order":0,"comment_status":"closed","ping_status":"closed","template":"","meta":{"_acf_changed":false,"footnotes":""},"class_list":["post-1220","page","type-page","status-publish","hentry"],"acf":[],"_links":{"self":[{"href":"https:\/\/agderma.de\/es\/wp-json\/wp\/v2\/pages\/1220","targetHints":{"allow":["GET"]}}],"collection":[{"href":"https:\/\/agderma.de\/es\/wp-json\/wp\/v2\/pages"}],"about":[{"href":"https:\/\/agderma.de\/es\/wp-json\/wp\/v2\/types\/page"}],"author":[{"embeddable":true,"href":"https:\/\/agderma.de\/es\/wp-json\/wp\/v2\/users\/1"}],"replies":[{"embeddable":true,"href":"https:\/\/agderma.de\/es\/wp-json\/wp\/v2\/comments?post=1220"}],"version-history":[{"count":25,"href":"https:\/\/agderma.de\/es\/wp-json\/wp\/v2\/pages\/1220\/revisions"}],"predecessor-version":[{"id":5077,"href":"https:\/\/agderma.de\/es\/wp-json\/wp\/v2\/pages\/1220\/revisions\/5077"}],"up":[{"embeddable":true,"href":"https:\/\/agderma.de\/es\/wp-json\/wp\/v2\/pages\/1142"}],"wp:attachment":[{"href":"https:\/\/agderma.de\/es\/wp-json\/wp\/v2\/media?parent=1220"}],"curies":[{"name":"wp","href":"https:\/\/api.w.org\/{rel}","templated":true}]}}