{"id":1230,"date":"2023-01-27T02:54:44","date_gmt":"2023-01-27T02:54:44","guid":{"rendered":"http:\/\/agderma.de\/?page_id=1230"},"modified":"2023-02-14T10:08:36","modified_gmt":"2023-02-14T10:08:36","slug":"olvidese-de-los-polimeros-sinteticos","status":"publish","type":"page","link":"https:\/\/agderma.de\/es\/themen\/vergessen-synthetische-polymere\/","title":{"rendered":"Olvidado: Pol\u00edmeros sint\u00e9ticos"},"content":{"rendered":"<div data-elementor-type=\"wp-page\" data-elementor-id=\"1230\" class=\"elementor elementor-1230\" data-elementor-post-type=\"page\">\n\t\t\t\t<div class=\"elementor-element elementor-element-bb32a3f e-flex e-con-boxed e-con e-parent\" data-id=\"bb32a3f\" data-element_type=\"container\" data-e-type=\"container\" data-settings=\"{&quot;background_background&quot;:&quot;classic&quot;}\">\n\t\t\t\t\t<div class=\"e-con-inner\">\n\t\t\t\t<div class=\"elementor-element elementor-element-3a67742 elementor-widget elementor-widget-heading\" data-id=\"3a67742\" data-element_type=\"widget\" data-e-type=\"widget\" data-widget_type=\"heading.default\">\n\t\t\t\t<div class=\"elementor-widget-container\">\n\t\t\t\t\t<h1 class=\"elementor-heading-title elementor-size-default\">Olvidado: Pol\u00edmeros sint\u00e9ticos<\/h1>\t\t\t\t<\/div>\n\t\t\t\t<\/div>\n\t\t\t\t\t<\/div>\n\t\t\t\t<\/div>\n\t\t<div class=\"elementor-element elementor-element-76f7a45 e-flex e-con-boxed e-con e-parent\" data-id=\"76f7a45\" data-element_type=\"container\" data-e-type=\"container\">\n\t\t\t\t\t<div class=\"e-con-inner\">\n\t\t\t\t<div class=\"elementor-element elementor-element-dc10c6d elementor-widget elementor-widget-text-editor\" data-id=\"dc10c6d\" data-element_type=\"widget\" data-e-type=\"widget\" data-widget_type=\"text-editor.default\">\n\t\t\t\t<div class=\"elementor-widget-container\">\n\t\t\t\t\t\t\t\t\t<p><a href=\"https:\/\/www.nabu.de\/imperia\/md\/content\/nabude\/konsumressourcenmuell\/181012_mikroplastikstudie.pdf\" target=\"_blank\" rel=\"noopener\">Pol\u00edmeros sint\u00e9ticos<\/a>\u00a0representan, adem\u00e1s de los micropl\u00e1sticos, que por definici\u00f3n son part\u00edculas s\u00f3lidas de pl\u00e1stico de hasta 5 mm, otra forma de pl\u00e1sticos utilizados en cosm\u00e9ticos y productos de cuidado como champ\u00fas y geles de ducha como agentes exfoliantes, espesantes y aglutinantes. Los pol\u00edmeros artificiales se presentan en forma l\u00edquida, gel o cera y son cadenas formadas por unidades qu\u00edmicas que se repiten constantemente. Muchos de ellos se basan en materias primas de origen petrol\u00edfero, es decir, petr\u00f3leo crudo y gas natural. A diferencia de los pol\u00edmeros biol\u00f3gicos como la celulosa, la gelatina o el almid\u00f3n, son muy dif\u00edciles o imposibles de biodegradar, se vierten casi por completo en las aguas residuales y, por tanto, pueden acumularse en el medio ambiente del mismo modo que los micropl\u00e1sticos. Su\u00a0<a href=\"https:\/\/www.bundesrat.de\/SharedDocs\/drucksachen\/2019\/0401-0500\/461-19.html\" target=\"_blank\" rel=\"noopener\">La cuota se multiplica por 50<\/a>que la cantidad correspondiente de micropl\u00e1sticos.<\/p><p>Hasta ahora, no se conocen efectos negativos de los pol\u00edmeros sint\u00e9ticos sobre la salud y el medio ambiente. La raz\u00f3n: apenas existen estudios sobre estas sustancias. Los estudios sobre sustancias individuales se han\u00a0<a href=\"https:\/\/echa.europa.eu\/de\/home\" target=\"_blank\" rel=\"noopener\">ECHA<\/a>\u00a0(Agencia Europea de Sustancias y Preparados Qu\u00edmicos) no proporciona informaci\u00f3n suficiente.<\/p><p>Por tanto, los pol\u00edmeros sint\u00e9ticos, a diferencia de los micropl\u00e1sticos, no han sido objeto de debate hasta ahora. La mayor\u00eda de estos compuestos figuran en\u00a0<a href=\"https:\/\/www.umweltbundesamt.de\/themen\/chemikalien\/reach-chemikalien-reach\" target=\"_blank\" rel=\"noopener\">REACH<\/a>, el Reglamento sobre sustancias qu\u00edmicas de la UE, no requieren registro porque no est\u00e1n en forma s\u00f3lida. En el\u00a0<a href=\"https:\/\/www.nabu.de\/imperia\/md\/content\/nabude\/konsumressourcenmuell\/181012_mikroplastikstudie.pdf\" target=\"_blank\" rel=\"noopener\">Estudio UMSICHT<\/a>\u00a0Esto se explica por el hecho de que los posibles peligros de los pol\u00edmeros sint\u00e9ticos deben probarse primero mediante estudios para poder incluirlos en la lista de sustancias qu\u00edmicas que deben regularse. Ello supondr\u00eda ignorar el hecho de que muchas de estas sustancias no son biodegradables. Por ello, los pol\u00edmeros sint\u00e9ticos se describen en el estudio como insuficientemente regulados.<\/p><p>En septiembre de 2019, el gobierno del estado de Hesse present\u00f3 el\u00a0<a href=\"https:\/\/www.bundesrat.de\/SharedDocs\/drucksachen\/2019\/0401-0500\/461-19.html\" target=\"_blank\" rel=\"noopener\">Solicite<\/a>\u00a0\"Evitar los pl\u00e1sticos l\u00edquidos y disueltos - Por una estrategia global para reducir los pol\u00edmeros persistentes\" al Bundesrat. Esta moci\u00f3n fue apoyada por la Comisi\u00f3n de Medio Ambiente y la Comisi\u00f3n de Europa del Bundesrat, pero rechazada por la Comisi\u00f3n de Econom\u00eda del Bundesrat. El Estado Federal de Hesse\u00a0<a href=\"http:\/\/dipbt.bundestag.de\/extrakt\/ba\/WP19\/2533\/253347.html\" target=\"_blank\" rel=\"noopener\">a continuaci\u00f3n retir\u00f3 de nuevo su solicitud<\/a>.<\/p><p>Los pol\u00edmeros sint\u00e9ticos m\u00e1s conocidos, algunos de los cuales tambi\u00e9n se encuentran en los exteriores, incluyen:<\/p><ul><li><a href=\"https:\/\/echa.europa.eu\/de\/substance-information\/-\/substanceinfo\/100.308.063\" target=\"_blank\" rel=\"noopener\">Copol\u00edmero de acrilato (AC)<\/a><\/li><li>Pol\u00edmero cruzado de acrilato (ACS)<\/li><li><a href=\"https:\/\/echa.europa.eu\/de\/substance-information\/-\/substanceinfo\/100.131.870\" target=\"_blank\" rel=\"noopener\">Nylon-12<\/a><\/li><li>Nylon-6<\/li><li>Copol\u00edmeros de etilvinilacetato (EVA)<\/li><li><a href=\"https:\/\/echa.europa.eu\/de\/substance-information\/-\/substanceinfo\/100.121.698?_disssubsinfo_WAR_disssubsinfoportlet_backURL=https%3A%2F%2Fecha.europa.eu%2Fde%2Fsearch-for-chemicals%3Fp_p_id%3Ddisssimplesearch_WAR_disssearchportlet%26p_p_lifecycle%3D0%26p_p_state%3Dnormal%26p_p_mode%3Dview%26p_p_col_id%3Dcolumn-1%26p_p_col_count%3D1%26_disssimplesearch_WAR_disssearchportlet_sessionCriteriaId%3DdissSimpleSearchSessionParam101401619378918703\" target=\"_blank\" rel=\"noopener\">Polietileno (PE)<\/a><\/li><li><a href=\"https:\/\/echa.europa.eu\/de\/substance-information\/-\/substanceinfo\/100.117.813?_disssubsinfo_WAR_disssubsinfoportlet_backURL=https%3A%2F%2Fecha.europa.eu%2Fde%2Fsearch-for-chemicals%3Fp_p_id%3Ddisssimplesearch_WAR_disssearchportlet%26p_p_lifecycle%3D0%26p_p_state%3Dnormal%26p_p_mode%3Dview%26p_p_col_id%3Dcolumn-1%26p_p_col_count%3D1%26_disssimplesearch_WAR_disssearchportlet_sessionCriteriaId%3DdissSimpleSearchSessionParam101401619378918703\" target=\"_blank\" rel=\"noopener\">Polipropileno (PP)<\/a><\/li><li><a href=\"https:\/\/echa.europa.eu\/de\/substance-information\/-\/substanceinfo\/100.213.480?_disssubsinfo_WAR_disssubsinfoportlet_backURL=https%3A%2F%2Fecha.europa.eu%2Fde%2Fsearch-for-chemicals%3Fp_p_id%3Ddisssimplesearch_WAR_disssearchportlet%26p_p_lifecycle%3D0%26p_p_state%3Dnormal%26p_p_mode%3Dview%26p_p_col_id%3Dcolumn-1%26p_p_col_count%3D1%26_disssimplesearch_WAR_disssearchportlet_sessionCriteriaId%3DdissSimpleSearchSessionParam101401619378918703)\" target=\"_blank\" rel=\"noopener\">Poliamida (PA)<\/a><a href=\"https:\/\/echa.europa.eu\/de\/substance-information\/-\/substanceinfo\/100.213.480?_disssubsinfo_WAR_disssubsinfoportlet_backURL=https%3A%2F%2Fecha.europa.eu%2Fde%2Fsearch-for-chemicals%3Fp_p_id%3Ddisssimplesearch_WAR_disssearchportlet%26p_p_lifecycle%3D0%26p_p_state%3Dnormal%26p_p_mode%3Dview%26p_p_col_id%3Dcolumn-1%26p_p_col_count%3D1%26_disssimplesearch_WAR_disssearchportlet_sessionCriteriaId%3DdissSimpleSearchSessionParam101401619378918703)\" target=\"_blank\" rel=\"noopener\">Irritaci\u00f3n cut\u00e1nea, puede provocar alergias, nocivo para los ojos.<\/a><\/li><li><a href=\"https:\/\/de.wikipedia.org\/wiki\/Polyquaternium\" target=\"_blank\" rel=\"noopener\">Poliquaternio (PQ)<\/a>T\u00e9rmino colectivo para una variedad de compuestos org\u00e1nicos. Algunos provocan irritaci\u00f3n cut\u00e1nea, otros son t\u00f3xicos para los organismos acu\u00e1ticos.<\/li><li>Poliestireno (PS)<\/li><li><a href=\"https:\/\/echa.europa.eu\/de\/substance-information\/-\/substanceinfo\/100.123.495?_disssubsinfo_WAR_disssubsinfoportlet_backURL=https%3A%2F%2Fecha.europa.eu%2Fde%2Fsearch-for-chemicals%3Fp_p_id%3Ddisssimplesearch_WAR_disssearchportlet%26p_p_lifecycle%3D0%26p_p_state%3Dnormal%26p_p_mode%3Dview%26p_p_col_id%3Dcolumn-1%26p_p_col_count%3D1%26_disssimplesearch_WAR_disssearchportlet_sessionCriteriaId%3DdissSimpleSearchSessionParam101401619379202277\" target=\"_blank\" rel=\"noopener\">Poliuretano (PUR)<\/a><\/li><\/ul><p>\u00a0<\/p>\t\t\t\t\t\t\t\t<\/div>\n\t\t\t\t<\/div>\n\t\t\t\t<div class=\"elementor-element elementor-element-4ba51c9 elementor-widget elementor-widget-toggle\" data-id=\"4ba51c9\" data-element_type=\"widget\" data-e-type=\"widget\" data-widget_type=\"toggle.default\">\n\t\t\t\t<div class=\"elementor-widget-container\">\n\t\t\t\t\t\t\t<div class=\"elementor-toggle\">\n\t\t\t\t\t\t\t<div class=\"elementor-toggle-item\">\n\t\t\t\t\t<div id=\"elementor-tab-title-7931\" class=\"elementor-tab-title\" data-tab=\"1\" role=\"button\" aria-controls=\"elementor-tab-content-7931\" aria-expanded=\"false\">\n\t\t\t\t\t\t\t\t\t\t\t\t<span class=\"elementor-toggle-icon elementor-toggle-icon-left\" aria-hidden=\"true\">\n\t\t\t\t\t\t\t\t\t\t\t\t\t\t\t<span class=\"elementor-toggle-icon-closed\"><i class=\"fas fa-caret-right\"><\/i><\/span>\n\t\t\t\t\t\t\t\t<span class=\"elementor-toggle-icon-opened\"><i class=\"elementor-toggle-icon-opened fas fa-caret-up\"><\/i><\/span>\n\t\t\t\t\t\t\t\t\t\t\t\t\t<\/span>\n\t\t\t\t\t\t\t\t\t\t\t\t<a class=\"elementor-toggle-title\" tabindex=\"0\">Referencias e informaci\u00f3n jur\u00eddica<\/a>\n\t\t\t\t\t<\/div>\n\n\t\t\t\t\t<div id=\"elementor-tab-content-7931\" class=\"elementor-tab-content elementor-clearfix\" data-tab=\"1\" role=\"region\" aria-labelledby=\"elementor-tab-title-7931\"><p>\u00a9 Dra. med. Dipl. Biol. Susanne Saha 04\/2021<\/p><\/div>\n\t\t\t\t<\/div>\n\t\t\t\t\t\t\t\t<\/div>\n\t\t\t\t\t\t<\/div>\n\t\t\t\t<\/div>\n\t\t\t\t\t<\/div>\n\t\t\t\t<\/div>\n\t\t\t\t<\/div>","protected":false},"excerpt":{"rendered":"<p>Synthetische Polymere\u00a0stellen neben Mikroplastik, die definitionsgem\u00e4\u00df feste Kunststoffpartikel bis 5 mm sind, eine weitere Form von Kunststoffen dar, die in Kosmetika und Pflegeprodukten wie z. B. Schampoos und Duschgelen als Peeling-, Verdickungs- und Bindemittel verwendet werden. Die k\u00fcnstlich hergestellten Polymere kommen in fl\u00fcssiger, gel- oder wachsartiger Form vor und sind Ketten, die aus sich stets [&hellip;]<\/p>\n","protected":false},"author":1,"featured_media":0,"parent":1142,"menu_order":0,"comment_status":"closed","ping_status":"closed","template":"","meta":{"_acf_changed":false,"footnotes":""},"class_list":["post-1230","page","type-page","status-publish","hentry"],"acf":[],"_links":{"self":[{"href":"https:\/\/agderma.de\/es\/wp-json\/wp\/v2\/pages\/1230","targetHints":{"allow":["GET"]}}],"collection":[{"href":"https:\/\/agderma.de\/es\/wp-json\/wp\/v2\/pages"}],"about":[{"href":"https:\/\/agderma.de\/es\/wp-json\/wp\/v2\/types\/page"}],"author":[{"embeddable":true,"href":"https:\/\/agderma.de\/es\/wp-json\/wp\/v2\/users\/1"}],"replies":[{"embeddable":true,"href":"https:\/\/agderma.de\/es\/wp-json\/wp\/v2\/comments?post=1230"}],"version-history":[{"count":0,"href":"https:\/\/agderma.de\/es\/wp-json\/wp\/v2\/pages\/1230\/revisions"}],"up":[{"embeddable":true,"href":"https:\/\/agderma.de\/es\/wp-json\/wp\/v2\/pages\/1142"}],"wp:attachment":[{"href":"https:\/\/agderma.de\/es\/wp-json\/wp\/v2\/media?parent=1230"}],"curies":[{"name":"wp","href":"https:\/\/api.w.org\/{rel}","templated":true}]}}