{"id":1259,"date":"2023-01-27T03:47:18","date_gmt":"2023-01-27T03:47:18","guid":{"rendered":"http:\/\/agderma.de\/?page_id=1259"},"modified":"2023-02-24T02:39:50","modified_gmt":"2023-02-24T02:39:50","slug":"aceite-de-parafina-en-cosmetica","status":"publish","type":"page","link":"https:\/\/agderma.de\/es\/themen\/paraffine-erdoel-in-kosmetik\/","title":{"rendered":"Parafinas - Petr\u00f3leo en cosm\u00e9ticos"},"content":{"rendered":"<div data-elementor-type=\"wp-page\" data-elementor-id=\"1259\" class=\"elementor elementor-1259\" data-elementor-post-type=\"page\">\n\t\t\t\t<div class=\"elementor-element elementor-element-3d478ea e-flex e-con-boxed e-con e-parent\" data-id=\"3d478ea\" data-element_type=\"container\" data-e-type=\"container\" data-settings=\"{&quot;background_background&quot;:&quot;classic&quot;}\">\n\t\t\t\t\t<div class=\"e-con-inner\">\n\t\t\t\t<div class=\"elementor-element elementor-element-3d3f871 elementor-widget elementor-widget-heading\" data-id=\"3d3f871\" data-element_type=\"widget\" data-e-type=\"widget\" data-widget_type=\"heading.default\">\n\t\t\t\t<div class=\"elementor-widget-container\">\n\t\t\t\t\t<h1 class=\"elementor-heading-title elementor-size-default\">Parafinas - Petr\u00f3leo en cosm\u00e9ticos<\/h1>\t\t\t\t<\/div>\n\t\t\t\t<\/div>\n\t\t\t\t\t<\/div>\n\t\t\t\t<\/div>\n\t\t<div class=\"elementor-element elementor-element-2179231 e-flex e-con-boxed e-con e-parent\" data-id=\"2179231\" data-element_type=\"container\" data-e-type=\"container\">\n\t\t\t\t\t<div class=\"e-con-inner\">\n\t\t\t\t<div class=\"elementor-element elementor-element-3c12a81 elementor-widget elementor-widget-text-editor\" data-id=\"3c12a81\" data-element_type=\"widget\" data-e-type=\"widget\" data-widget_type=\"text-editor.default\">\n\t\t\t\t<div class=\"elementor-widget-container\">\n\t\t\t\t\t\t\t\t\t<p>Las parafinas para el cuidado personal, tambi\u00e9n conocidas como aceites minerales, son un subproducto del procesamiento del petr\u00f3leo y se forman a partir de parafinas industriales no purificadas. Las parafinas purificadas se encuentran en forma l\u00edquida o s\u00f3lida en numerosos productos para el cuidado personal como aglutinantes en cremas, ung\u00fcentos, pastas, lociones, cosm\u00e9ticos y otros productos m\u00e9dicos porque tienen propiedades film\u00f3genas, protectoras e hidr\u00f3fugas. Se disuelven\u00a0<a href=\"https:\/\/pubmed.ncbi.nlm.nih.gov\/16787456\/\" target=\"_blank\" rel=\"noopener\">Sin alergias<\/a>\u00a0son muy buenos por el momento\u00a0<a href=\"https:\/\/www.bfr.bund.de\/de\/fragen_und_antworten_zu_mineraloel_in_kosmetischen_mitteln-194244.html\" target=\"_blank\" rel=\"noopener\">Compatible<\/a>\u00a0y son\u00a0<a href=\"https:\/\/www.tagesspiegel.de\/wirtschaft\/potenziell-krebserregend-stiftung-warentest-warnt-vor-mineraloel-kosmetik\/11828748.html\" target=\"_blank\" rel=\"noopener\">barato<\/a>.<\/p><h3>Las parafinas da\u00f1an el medio ambiente<\/h3><p><a href=\"https:\/\/echa.europa.eu\/de\/registration-dossier\/-\/registered-dossier\/15514\/7\/8\" target=\"_blank\" rel=\"noopener\">Parafinas brutas<\/a>\u00a0se extraen en la producci\u00f3n de aceite lubricante, que es\u00a0<a href=\"https:\/\/agderma.de\/es\/temas\/el-plastico-provoca-el-cambio-climatico\/\">Petr\u00f3leo crudo<\/a>\u00a0destilada o extra\u00edda del lignito o del esquisto bituminoso, as\u00ed como del carb\u00f3n de turba. La producci\u00f3n de parafina contribuye as\u00ed a aumentar las emisiones de gases de efecto invernadero en todo el mundo.\u00a0<\/p><p>En el uso diario, entran en el ciclo del agua porque no pueden ser filtrados por las plantas de tratamiento de aguas residuales. Sin embargo, pueden ser\u00a0<a href=\"https:\/\/e97ec710-2fbf-48c5-896e-412785f39c45.filesusr.com\/ugd\/e99956_88cb0c3bb8ac43f59fd9814d25ae9497.pdf\" target=\"_blank\" rel=\"noopener\">Bacterias degradadas<\/a>\u00a0y no permanecen de forma permanente en el medio ambiente. El\u00a0<a href=\"https:\/\/www.bfr.bund.de\/cm\/343\/verschmutzung-von-nord-und-ostsee-durch-paraffin.pdf\" target=\"_blank\" rel=\"noopener\">Tiempo de extracci\u00f3n<\/a>\u00a0no est\u00e1 claro.<\/p><p>En los \u00faltimos a\u00f1os, han aparecido cada vez m\u00e1s grandes trozos de parafina industrial en las playas, presumiblemente procedentes de los vertidos de los buques de carga de productos qu\u00edmicos. Hasta ahora, el vertido de parafina y sustancias similares en el mar se ha regulado internacionalmente, pero no se ha prohibido. El problema es que los grumos de parafina son confundidos con comida por los animales marinos y las aves marinas. Adem\u00e1s, como estos grumos tienen un bajo grado de pureza, contienen sustancias cancer\u00edgenas como los hidrocarburos arom\u00e1ticos polic\u00edclicos (v\u00e9ase m\u00e1s abajo MOAH), que pueden ser ingeridos por los ba\u00f1istas y los animales marinos. El\u00a0<a href=\"https:\/\/www.bfr.bund.de\/cm\/343\/verschmutzung-von-nord-und-ostsee-durch-paraffin.pdf\" target=\"_blank\" rel=\"noopener\">Oficina Federal de Investigaci\u00f3n sobre Riesgos (BfR)<\/a>\u00a0Por ello, considera \"absolutamente necesaria una prohibici\u00f3n general de los vertidos de sustancias flotantes como la parafina en el Mar del Norte y el Mar B\u00e1ltico\".<\/p><h3>Debate sobre las propiedades perjudiciales para la salud<\/h3><p>Durante el procesamiento de la parafina bruta, se producen otros dos componentes paraf\u00ednicos adem\u00e1s de la parafina pura:<\/p><ul><li><p>aceites minerales aromatizados, MOAH para abreviar (hidrocarburos saturados de aceites minerales) y<\/p><\/li><li><p>Hidrocarburos saturados de aceites minerales, abreviado MOSH (hidrocarburos arom\u00e1ticos de aceites minerales)<\/p><\/li><\/ul><p>En 2015, el\u00a0<a href=\"https:\/\/www.test.de\/Mineraloele-in-Kosmetika-Kritische-Stoffe-in-Cremes-Lippenpflegeprodukten-und-Vaseline-4853357-0\/\" target=\"_blank\" rel=\"noopener\">Stiftung Warentest<\/a>\u00a0descubri\u00f3 que el MOAH estaba presente en 25 de los 25 productos cosm\u00e9ticos y de cuidado personal convencionales analizados. El MOAH se encuentra en\u00a0<a href=\"https:\/\/pubmed.ncbi.nlm.nih.gov\/6615701\/\" target=\"_blank\" rel=\"noopener\">Fuertemente sospechoso de ser cancer\u00edgeno<\/a>\u00a0ser. Tres a\u00f1os despu\u00e9s, en una declaraci\u00f3n emitida en febrero de 2018, el\u00a0<a href=\"https:\/\/www.bfr.bund.de\/cm\/343\/hochraffinierte-mineraloele-in-kosmetika-gesundheitliche-risiken-sind-nach-derzeitigem-kenntnisstand-nicht-zu-erwarten.pdf\" target=\"_blank\" rel=\"noopener\">Instituto Federal de Investigaci\u00f3n sobre Riesgos (BfR)<\/a>\u00a0la metodolog\u00eda anal\u00edtica de MOSH y MOAH en los productos. El BfR concluye que s\u00f3lo el\u00a0<a href=\"https:\/\/pubmed.ncbi.nlm.nih.gov\/28941808\/\" target=\"_blank\" rel=\"noopener\">Metodolog\u00eda de an\u00e1lisis en dos fases introducida en 2017<\/a>\u00a0condujo a una cuantificaci\u00f3n significativamente mejor del MOAH, ya que \u00e9ste estaba obviamente sobreestimado en el procedimiento anterior de un solo paso y, por tanto, conduc\u00eda a valores de MOAH falsamente elevados en los productos.<\/p><p>El MOSH, por su parte, est\u00e1 presente como impureza en algunos b\u00e1lsamos labiales. Cuando se aplica, una parte entra en el organismo por v\u00eda oral y se acumula en los \u00f3rganos. Una relevancia toxicol\u00f3gica es, como se afirma en un\u00a0<a href=\"https:\/\/pubmed.ncbi.nlm.nih.gov\/22422433\/\" target=\"_blank\" rel=\"noopener\">Estudio en ratas<\/a>\u00a0observado, fuerte\u00a0<a href=\"https:\/\/www.bfr.bund.de\/cm\/343\/hochraffinierte-mineraloele-in-kosmetika-gesundheitliche-risiken-sind-nach-derzeitigem-kenntnisstand-nicht-zu-erwarten.pdf\" target=\"_blank\" rel=\"noopener\">BfR<\/a>\u00a0dudoso para los humanos.<\/p><p>Las parafinas con un alto grado de pureza, que se utilizan para cosm\u00e9ticos o como ingrediente en medicamentos, est\u00e1n totalmente protegidas por el\u00a0<a href=\"https:\/\/echa.europa.eu\/de\/registration-dossier\/-\/registered-dossier\/15514\/7\/8\" target=\"_blank\" rel=\"noopener\">Comisi\u00f3n Europea<\/a>\u00a0y el\u00a0<a href=\"https:\/\/www.bfr.bund.de\/cm\/343\/verschmutzung-von-nord-und-ostsee-durch-paraffin.pdf\" target=\"_blank\" rel=\"noopener\">BfR<\/a>\u00a0clasificado como no cancer\u00edgeno.<\/p><p>El\u00a0<a href=\"https:\/\/www.bfr.bund.de\/de\/fragen_und_antworten_zu_mineraloel_in_kosmetischen_mitteln-194244.html\" target=\"_blank\" rel=\"noopener\">BfR<\/a>\u00a0admiti\u00f3 en 2015 que existen \"lagunas de datos que dificultan una evaluaci\u00f3n sanitaria\". Entre ellas se incluyen datos sobre la absorci\u00f3n a trav\u00e9s de la piel tras un contacto prolongado, sobre la biodisponibilidad oral y sobre la relevancia de los cambios histopatol\u00f3gicos en el h\u00edgado (microgranulomas), que se produjeron en experimentos con animales en una cepa especialmente sensible de ratas tras alimentarlas con los preparados correspondientes (...) Actualmente se sabe poco sobre el efecto y la presencia de hidrocarburos arom\u00e1ticos (MOAH) en los productos cosm\u00e9ticos. Una evaluaci\u00f3n global se ve dificultada, entre otras cosas, por la falta de datos sobre la composici\u00f3n de las mezclas de aceites minerales utilizadas en la industria cosm\u00e9tica\".<\/p><p>El uso de preparados t\u00f3picos que contienen parafina est\u00e1 bien establecido en dermatolog\u00eda y otros campos m\u00e9dicos. Su uso generalizado en productos convencionales y de venta libre tambi\u00e9n deber\u00eda desaconsejarse por razones de\u00a0<a href=\"https:\/\/agderma.de\/es\/temas\/el-plastico-provoca-el-cambio-climatico\/\">Protecci\u00f3n del clima<\/a>\u00a0deber\u00eda reconsiderarse definitivamente.<\/p><h3>Tipos de parafina en productos de cuidado y cosm\u00e9ticos<\/h3><p>\u00a0Dependiendo de su composici\u00f3n qu\u00edmica y de su m\u00e9todo de producci\u00f3n, la parafina aparece con los siguientes nombres en la\u00a0<a href=\"https:\/\/www.verbraucherzentrale.de\/wissen\/umwelt-haushalt\/produkte\/kosmetik-inhaltsstoffe-kennzeichnung-und-unerwuenschte-wirkungen-26338\" target=\"_blank\" rel=\"noopener\">Listas de ingredientes<\/a>\u00a0en los productos:<\/p><ul><li><a href=\"https:\/\/echa.europa.eu\/de\/registration-dossier\/-\/registered-dossier\/15514\/7\/8\" target=\"_blank\" rel=\"noopener\">Paraffinum liquidum<\/a><\/li><li>Petr\u00f3leo o vaselina<\/li><li>Isoparafina<\/li><li>Ceresina<\/li><li>Vaselina (cera microcristalina<\/li><li>Cera microcristalina<\/li><li>Cera mineral o aceite mineral<\/li><li>Ozokeritem<\/li><\/ul>\t\t\t\t\t\t\t\t<\/div>\n\t\t\t\t<\/div>\n\t\t\t\t<div class=\"elementor-element elementor-element-5361cbc elementor-widget elementor-widget-toggle\" data-id=\"5361cbc\" data-element_type=\"widget\" data-e-type=\"widget\" data-widget_type=\"toggle.default\">\n\t\t\t\t<div class=\"elementor-widget-container\">\n\t\t\t\t\t\t\t<div class=\"elementor-toggle\">\n\t\t\t\t\t\t\t<div class=\"elementor-toggle-item\">\n\t\t\t\t\t<div id=\"elementor-tab-title-8741\" class=\"elementor-tab-title\" data-tab=\"1\" role=\"button\" aria-controls=\"elementor-tab-content-8741\" aria-expanded=\"false\">\n\t\t\t\t\t\t\t\t\t\t\t\t<span class=\"elementor-toggle-icon elementor-toggle-icon-left\" aria-hidden=\"true\">\n\t\t\t\t\t\t\t\t\t\t\t\t\t\t\t<span class=\"elementor-toggle-icon-closed\"><i class=\"fas fa-caret-right\"><\/i><\/span>\n\t\t\t\t\t\t\t\t<span class=\"elementor-toggle-icon-opened\"><i class=\"elementor-toggle-icon-opened fas fa-caret-up\"><\/i><\/span>\n\t\t\t\t\t\t\t\t\t\t\t\t\t<\/span>\n\t\t\t\t\t\t\t\t\t\t\t\t<a class=\"elementor-toggle-title\" tabindex=\"0\">Referencias e informaci\u00f3n jur\u00eddica<\/a>\n\t\t\t\t\t<\/div>\n\n\t\t\t\t\t<div id=\"elementor-tab-content-8741\" class=\"elementor-tab-content elementor-clearfix\" data-tab=\"1\" role=\"region\" aria-labelledby=\"elementor-tab-title-8741\"><p>\u00a9 Dr. med. Dipl. Biol. Susanne Saha 06\/2021<\/p><\/div>\n\t\t\t\t<\/div>\n\t\t\t\t\t\t\t\t<\/div>\n\t\t\t\t\t\t<\/div>\n\t\t\t\t<\/div>\n\t\t\t\t\t<\/div>\n\t\t\t\t<\/div>\n\t\t\t\t<\/div>","protected":false},"excerpt":{"rendered":"<p>Paraffine f\u00fcr die K\u00f6rperpflege, auch als Mineral\u00f6le bezeichnet, sind ein Nebenprodukt der Erd\u00f6laufbereitung und entstehen aus ungereinigten Industrieparaffinen. Gereinigte Paraffine sind in fl\u00fcssiger oder fester Form in zahlreichen K\u00f6rperpflegeprodukten als Bindemittel in Cremes, Salben, Pasten, Lotionen, Kosmetika und weiteren Medizinprodukten enthalten, da sie filmbildende, sch\u00fctzende und wasserabweisende Eigenschaften haben. Sie l\u00f6sen\u00a0keine Allergien\u00a0aus, sind dermal sehr [&hellip;]<\/p>\n","protected":false},"author":1,"featured_media":0,"parent":1142,"menu_order":0,"comment_status":"closed","ping_status":"closed","template":"","meta":{"_acf_changed":false,"footnotes":""},"class_list":["post-1259","page","type-page","status-publish","hentry"],"acf":[],"_links":{"self":[{"href":"https:\/\/agderma.de\/es\/wp-json\/wp\/v2\/pages\/1259","targetHints":{"allow":["GET"]}}],"collection":[{"href":"https:\/\/agderma.de\/es\/wp-json\/wp\/v2\/pages"}],"about":[{"href":"https:\/\/agderma.de\/es\/wp-json\/wp\/v2\/types\/page"}],"author":[{"embeddable":true,"href":"https:\/\/agderma.de\/es\/wp-json\/wp\/v2\/users\/1"}],"replies":[{"embeddable":true,"href":"https:\/\/agderma.de\/es\/wp-json\/wp\/v2\/comments?post=1259"}],"version-history":[{"count":0,"href":"https:\/\/agderma.de\/es\/wp-json\/wp\/v2\/pages\/1259\/revisions"}],"up":[{"embeddable":true,"href":"https:\/\/agderma.de\/es\/wp-json\/wp\/v2\/pages\/1142"}],"wp:attachment":[{"href":"https:\/\/agderma.de\/es\/wp-json\/wp\/v2\/media?parent=1259"}],"curies":[{"name":"wp","href":"https:\/\/api.w.org\/{rel}","templated":true}]}}