{"id":1265,"date":"2023-01-27T04:02:02","date_gmt":"2023-01-27T04:02:02","guid":{"rendered":"http:\/\/agderma.de\/?page_id=1265"},"modified":"2025-03-15T15:45:23","modified_gmt":"2025-03-15T15:45:23","slug":"status-quo-de-la-seguridad-de-la-desinfeccion-para-los-usuarios-y-el-medio-ambiente","status":"publish","type":"page","link":"https:\/\/agderma.de\/es\/themen\/status-quo-der-desinfektion-sicherheit-fuer-anwender-und-umwelt\/","title":{"rendered":"Status quo de la desinfecci\u00f3n: seguridad para los usuarios y el medio ambiente"},"content":{"rendered":"<div data-elementor-type=\"wp-page\" data-elementor-id=\"1265\" class=\"elementor elementor-1265\" data-elementor-post-type=\"page\">\n\t\t\t\t<div class=\"elementor-element elementor-element-3d478ea e-flex e-con-boxed e-con e-parent\" data-id=\"3d478ea\" data-element_type=\"container\" data-e-type=\"container\" data-settings=\"{&quot;background_background&quot;:&quot;classic&quot;}\">\n\t\t\t\t\t<div class=\"e-con-inner\">\n\t\t\t\t<div class=\"elementor-element elementor-element-3d3f871 elementor-widget elementor-widget-heading\" data-id=\"3d3f871\" data-element_type=\"widget\" data-e-type=\"widget\" data-widget_type=\"heading.default\">\n\t\t\t\t<div class=\"elementor-widget-container\">\n\t\t\t\t\t<h1 class=\"elementor-heading-title elementor-size-default\">Status quo de la desinfecci\u00f3n: seguridad para los usuarios y el medio ambiente<\/h1>\t\t\t\t<\/div>\n\t\t\t\t<\/div>\n\t\t\t\t\t<\/div>\n\t\t\t\t<\/div>\n\t\t<div class=\"elementor-element elementor-element-2179231 e-flex e-con-boxed e-con e-parent\" data-id=\"2179231\" data-element_type=\"container\" data-e-type=\"container\">\n\t\t\t\t\t<div class=\"e-con-inner\">\n\t\t\t\t<div class=\"elementor-element elementor-element-3c12a81 elementor-widget elementor-widget-text-editor\" data-id=\"3c12a81\" data-element_type=\"widget\" data-e-type=\"widget\" data-widget_type=\"text-editor.default\">\n\t\t\t\t<div class=\"elementor-widget-container\">\n\t\t\t\t\t\t\t\t\t<p>La base m\u00e1s importante de la medicina es el alto nivel de higiene, cuya importancia central se hace especialmente evidente en tiempos de pandemias y del creciente desarrollo de la resistencia microbiana. En la sanidad, la prevenci\u00f3n de infecciones est\u00e1 al servicio de la seguridad de los pacientes y de la protecci\u00f3n de los empleados, en las empresas est\u00e1 al servicio de la seguridad de los productos y de los consumidores. Los planes de higiene adaptados a cada instituci\u00f3n son legalmente vinculantes en Austria y Alemania y exigen el uso de desinfectantes eficaces. Teniendo en cuenta el gran n\u00famero de instituciones en el sector sanitario y a\u00f1adiendo la industria alimentaria manufacturera y las empresas farmac\u00e9uticas, son indispensables cantidades correspondientemente altas de desinfectantes para o antes de determinados pasos de trabajo.<\/p><p>A primera vista, la desinfecci\u00f3n qu\u00edmica y la protecci\u00f3n del medio ambiente parecen dos \u00e1reas diametralmente opuestas. Las sustancias que eliminan espec\u00edficamente microorganismos para proteger a los seres humanos tambi\u00e9n pueden matar microbios de diversos tipos relevantes para el medio ambiente a trav\u00e9s de las aguas residuales. Adem\u00e1s, algunos desinfectantes contienen mol\u00e9culas, como aldeh\u00eddos estables para el medio ambiente o compuestos de amonio cuaternario (QAV), que se acumulan en el medio ambiente y, dependiendo de su concentraci\u00f3n, pueden tener efectos t\u00f3xicos a largo plazo en los organismos acu\u00e1ticos.\u00a0<\/p><h3>Centrarse en la desinfecci\u00f3n de las manos<\/h3><p>A menudo se asume que lavarse las manos es la versi\u00f3n m\u00e1s respetuosa con la piel y los desinfectantes la medida m\u00e1s \"agresiva\" de higiene de las manos. Sin embargo, la pandemia en particular demostr\u00f3 que el lavado de manos excesivo con jab\u00f3n da\u00f1a la barrera cut\u00e1nea y, por tanto, favorece el desarrollo de eccema de manos irritativo-t\u00f3xico. En consecuencia, la desinfecci\u00f3n de las manos es preferible al lavado frecuente. Sin embargo, a diferencia de la desinfecci\u00f3n de superficies, deben utilizarse sustancias activas compatibles con la piel, ya que s\u00f3lo \u00e9stas son toleradas por el usuario con la regularidad correspondiente. Un elemento central de la prevenci\u00f3n de infecciones es la amplia disponibilidad de desinfectantes de manos, que garantizan una protecci\u00f3n completa contra las infecciones pero al mismo tiempo un alto nivel de compatibilidad con el medio ambiente.<\/p><p>Productos con\u00a0<a href=\"https:\/\/www.gelbe-liste.de\/wirkstoffe\/Natriumhypochlorit_18048\" target=\"_blank\" rel=\"noopener\">Hipoclorito s\u00f3dico<\/a>\u00a0(NaOCl) se anuncian como \"especialmente suaves, biol\u00f3gicos y naturales\". Sin embargo, este ingrediente activo es altamente t\u00f3xico y qu\u00edmicamente reactivo. Es un desinfectante de superficies. No est\u00e1 aprobado para la desinfecci\u00f3n de manos en la mayor\u00eda de los pa\u00edses.<\/p><p>Por otro lado, los alcoholes qu\u00edmicamente puros -propanol o etanol- en altas concentraciones muestran una amplia eficacia contra bacterias, hongos y, en algunos casos, virus al desnaturalizar de forma inmediata e irreversible y destruir as\u00ed las prote\u00ednas de los microorganismos.<\/p><p>Los alcoholes se toleran muy bien sobre la piel intacta y presentan tres ventajas principales: act\u00faan muy r\u00e1pidamente, se secan en 15-30 segundos sin dejar residuos y no presentan residuos nocivos o irritantes para el ser humano o el medio ambiente. Puede descartarse el desarrollo de resistencias al propanol o al etanol.<\/p><p>El desengrasado de la piel se evita con aditivos nutritivos como el dexpantenol y la vitamina E. Son inocuos para el medio ambiente. Son inocuos para el medio ambiente, mientras que\u00a0<a href=\"https:\/\/agderma.de\/es\/temas\/aceite-de-parafina-en-cosmetica\/\">Glicerina<\/a>\u00a0se produce de forma petroqu\u00edmica, es decir, a base de petr\u00f3leo.<\/p><p>En particular, los beneficios de los ingredientes conocidos como \"principios activos remanentes\" (p. ej.\u00a0<a href=\"https:\/\/www.chemie.de\/lexikon\/Chlorhexidin.html\" target=\"_blank\" rel=\"noopener\">Clorhexidina<\/a>,\u00a0<a href=\"https:\/\/agderma.de\/es\/temas\/el-triclosan-una-sustancia-problematica\/\">Triclos\u00e1n<\/a>,\u00a0<a href=\"https:\/\/www.wien.gv.at\/wuawides\/internet\/Inhaltsstoffsuche\/Detail\/55\" target=\"_blank\" rel=\"noopener\">Mecetronio etilsulfato<\/a>,\u00a0<a href=\"https:\/\/www.chemie.de\/lexikon\/Orthophenylphenol.html\" target=\"_blank\" rel=\"noopener\">Ortofenilfenol<\/a>), es decir, los principios activos que permanecen en la piel, deben cuestionarse cr\u00edticamente.<\/p><p>Para la clorhexidina, por ejemplo, un\u00a0<a href=\"https:\/\/pubmed.ncbi.nlm.nih.gov\/27671220\/\" target=\"_blank\" rel=\"noopener\">resistencia bacteriana<\/a><a href=\"https:\/\/pubmed.ncbi.nlm.nih.gov\/27671220\/\" target=\"_blank\" rel=\"noopener\">,<\/a>\u00a0Inducci\u00f3n de\u00a0<a href=\"https:\/\/pubmed.ncbi.nlm.nih.gov\/27799211\/\" target=\"_blank\" rel=\"noopener\">Resistencia cruzada a los antibi\u00f3ticos de reserva<\/a>\u00a0y\u00a0<a href=\"https:\/\/www.ncbi.nlm.nih.gov\/pmc\/articles\/PMC4411823\/\" target=\"_blank\" rel=\"noopener\">Irritaciones cut\u00e1neas<\/a>\u00a0y anafilaxia. Adem\u00e1s, la mol\u00e9cula permanece estable en las aguas residuales. Tambi\u00e9n\u00a0<a href=\"https:\/\/agderma.de\/es\/temas\/el-triclosan-una-sustancia-problematica\/\">Triclos\u00e1n<\/a>\u00a0puede provocar alergias de contacto y es muy t\u00f3xico para los organismos acu\u00e1ticos. Por ello, en 2016 se prohibi\u00f3 en EE.UU. como sustancia nociva para el medio ambiente e insalubre en productos de limpieza de manos y cuerpo sin aclarado.<\/p><p>El\u00a0<a href=\"https:\/\/www.rki.de\/DE\/Content\/Kommissionen\/KRINKO\/krinko_node.html\" target=\"_blank\" rel=\"noopener\">Comisi\u00f3n de Higiene Hospitalaria y Prevenci\u00f3n de Infecciones (KRINKO)<\/a>\u00a0por lo que lo desaconseja: \"No se recomiendan los preparados con ingredientes activos antimicrobianos remanentes a\u00f1adidos, ya que su adici\u00f3n no mejora la eficacia, sino que aumenta el riesgo de efectos secundarios\".<\/p><h3>Enfoque la desinfecci\u00f3n de superficies<\/h3><p>Especialmente para la desinfecci\u00f3n de superficies e instrumentos, deben tenerse en cuenta numerosos par\u00e1metros como la compatibilidad del material, el tiempo de exposici\u00f3n necesario y\/o el espectro de actividad requerido.<\/p><p>A nivel internacional, se observa una tendencia hacia los productos de limpieza biodegradables, como el uso de enzimas. Adem\u00e1s, cada vez se ofrecen m\u00e1s toallitas desinfectantes fabricadas con materiales sostenibles, que hasta ahora sol\u00edan ser de PET (tereftalato de polietileno) o PP (polipropileno). Para el sector profesional, cada vez son m\u00e1s los productos de desinfecci\u00f3n de superficies basados en ingredientes activos de\u00a0<a href=\"https:\/\/www.chemie.de\/lexikon\/Peroxyessigs%C3%A4ure.html\" target=\"_blank\" rel=\"noopener\">\u00c1cido perac\u00e9tico<\/a>\u00a0(PAA, \u00e1cido perac\u00e9tico) -que se descompone en ox\u00edgeno, agua y vinagre tras su uso- u ox\u00edgeno activo. Tienen un espectro de actuaci\u00f3n especialmente alto (virucida, esporicida), son bien compatibles con muchos materiales y no dejan residuos t\u00f3xicos duraderos.<\/p><p>Un valioso complemento sostenible ser\u00eda el cambio oportuno a envases de desinfectante reciclables o reciclables para la desinfecci\u00f3n de manos y superficies y su devoluci\u00f3n por parte de los fabricantes.\u00a0<\/p><h3>Bases de datos para desinfectantes<\/h3><p><a href=\"https:\/\/www.wien.gv.at\/english\/environment\/protection\/oekokauf\/disinfectants\/index.html\" target=\"_blank\" rel=\"noopener\">Base de datos de desinfectantes de Viena (base de datos WIDES)<\/a>, Austria<br \/>Presentaci\u00f3n transparente (en alem\u00e1n e ingl\u00e9s) de los peligros potenciales de los desinfectantes disponibles en el mercado. Permite seleccionar el desinfectante que suponga el menor riesgo para el personal, los pacientes y el medio ambiente.<\/p><p><a href=\"https:\/\/expertisen.oeghmp.at\/\" target=\"_blank\" rel=\"noopener\">Sociedad de Higiene, Microbiolog\u00eda y Medicina Preventiva (\u00d6GHMP)<\/a>, Austria<br \/>Para medidas rutinarias de desinfecci\u00f3n en el campo de la medicina humana.<\/p><p><a href=\"https:\/\/edoc.rki.de\/bitstream\/handle\/176904\/5723\/2017_Article_ListeDerVomRobertKoch-Institut.pdf?sequence=1&amp;isAllowed=y\" target=\"_blank\" rel=\"noopener\">Instituto Robert Koch (RKI)<\/a>, Alemania<br \/>Lista de desinfectantes y procedimientos de desinfecci\u00f3n probados y aprobados para la desinfecci\u00f3n ordenada oficialmente en el sector humano.\u00a0<\/p><p><a href=\"https:\/\/vah-online.de\/de\/desinfektion\" target=\"_blank\" rel=\"noopener\">Comisi\u00f3n de Desinfectantes de la Asociaci\u00f3n de Higiene Aplicada (VAH)<\/a>, Alemania<br \/>Para medidas rutinarias de desinfecci\u00f3n en el campo de la medicina humana.\u00a0<\/p><p><a href=\"https:\/\/www.desinfektionsmittelliste.de\/Home\/Page\/1\" target=\"_blank\" rel=\"noopener\">Asociaci\u00f3n de la Industria de Higiene y Protecci\u00f3n de Superficies (OHI)<\/a>, Alemania<br \/>Probados seg\u00fan los requisitos del Reglamento sobre biocidas de la UE, eficacia probada con opiniones de expertos. Los biocidas listados cubren los sectores humano, veterinario y de producci\u00f3n de alimentos.<\/p><p><a href=\"https:\/\/echa.europa.eu\/de\/home\" target=\"_blank\" rel=\"noopener\">Base de datos de biocidas de la Agencia Europea de Sustancias y Preparados Qu\u00edmicos (ECHA)<br \/><\/a>Listado de sustancias activas probadas y aprobadas de acuerdo con los requisitos de la Ordenanza sobre biocidas.<\/p>\t\t\t\t\t\t\t\t<\/div>\n\t\t\t\t<\/div>\n\t\t\t\t<div class=\"elementor-element elementor-element-5361cbc elementor-widget elementor-widget-toggle\" data-id=\"5361cbc\" data-element_type=\"widget\" data-e-type=\"widget\" data-widget_type=\"toggle.default\">\n\t\t\t\t<div class=\"elementor-widget-container\">\n\t\t\t\t\t\t\t<div class=\"elementor-toggle\">\n\t\t\t\t\t\t\t<div class=\"elementor-toggle-item\">\n\t\t\t\t\t<div id=\"elementor-tab-title-8741\" class=\"elementor-tab-title\" data-tab=\"1\" role=\"button\" aria-controls=\"elementor-tab-content-8741\" aria-expanded=\"false\">\n\t\t\t\t\t\t\t\t\t\t\t\t<span class=\"elementor-toggle-icon elementor-toggle-icon-left\" aria-hidden=\"true\">\n\t\t\t\t\t\t\t\t\t\t\t\t\t\t\t<span class=\"elementor-toggle-icon-closed\"><i class=\"fas fa-caret-right\"><\/i><\/span>\n\t\t\t\t\t\t\t\t<span class=\"elementor-toggle-icon-opened\"><i class=\"elementor-toggle-icon-opened fas fa-caret-up\"><\/i><\/span>\n\t\t\t\t\t\t\t\t\t\t\t\t\t<\/span>\n\t\t\t\t\t\t\t\t\t\t\t\t<a class=\"elementor-toggle-title\" tabindex=\"0\">Referencias e informaci\u00f3n jur\u00eddica<\/a>\n\t\t\t\t\t<\/div>\n\n\t\t\t\t\t<div id=\"elementor-tab-content-8741\" class=\"elementor-tab-content elementor-clearfix\" data-tab=\"1\" role=\"region\" aria-labelledby=\"elementor-tab-title-8741\"><p>\u00a9 O\u00c4 Dr. med. univ. Mahitab Khalifa-Paruch, Viena, 11\/2021<\/p><\/div>\n\t\t\t\t<\/div>\n\t\t\t\t\t\t\t\t<\/div>\n\t\t\t\t\t\t<\/div>\n\t\t\t\t<\/div>\n\t\t\t\t\t<\/div>\n\t\t\t\t<\/div>\n\t\t\t\t<\/div>","protected":false},"excerpt":{"rendered":"<p>Das wichtigste Fundament der Medizin ist der hohe Hygienestandard, dessen zentrale Bedeutung besonders in Zeiten der Pandemie und bei zunehmender mikrobieller Resistenzentwicklung sichtbar wird. Im Gesundheitswesen dient die Infektions-pr\u00e4vention der Patientensicherheit und dem Schutz der MitarbeiterInnen, in Unternehmen der Produkt- und Konsumentensicherheit. An die jeweilige Einrichtung adaptierten Hygienepl\u00e4ne sind in \u00d6sterreich und Deutschland rechtlich verpflichtend [&hellip;]<\/p>\n","protected":false},"author":1,"featured_media":0,"parent":1142,"menu_order":0,"comment_status":"closed","ping_status":"closed","template":"","meta":{"_acf_changed":false,"footnotes":""},"class_list":["post-1265","page","type-page","status-publish","hentry"],"acf":[],"_links":{"self":[{"href":"https:\/\/agderma.de\/es\/wp-json\/wp\/v2\/pages\/1265","targetHints":{"allow":["GET"]}}],"collection":[{"href":"https:\/\/agderma.de\/es\/wp-json\/wp\/v2\/pages"}],"about":[{"href":"https:\/\/agderma.de\/es\/wp-json\/wp\/v2\/types\/page"}],"author":[{"embeddable":true,"href":"https:\/\/agderma.de\/es\/wp-json\/wp\/v2\/users\/1"}],"replies":[{"embeddable":true,"href":"https:\/\/agderma.de\/es\/wp-json\/wp\/v2\/comments?post=1265"}],"version-history":[{"count":6,"href":"https:\/\/agderma.de\/es\/wp-json\/wp\/v2\/pages\/1265\/revisions"}],"predecessor-version":[{"id":5622,"href":"https:\/\/agderma.de\/es\/wp-json\/wp\/v2\/pages\/1265\/revisions\/5622"}],"up":[{"embeddable":true,"href":"https:\/\/agderma.de\/es\/wp-json\/wp\/v2\/pages\/1142"}],"wp:attachment":[{"href":"https:\/\/agderma.de\/es\/wp-json\/wp\/v2\/media?parent=1265"}],"curies":[{"name":"wp","href":"https:\/\/api.w.org\/{rel}","templated":true}]}}