{"id":1270,"date":"2023-01-27T04:08:36","date_gmt":"2023-01-27T04:08:36","guid":{"rendered":"http:\/\/agderma.de\/?page_id=1270"},"modified":"2023-02-24T02:44:54","modified_gmt":"2023-02-24T02:44:54","slug":"el-triclosan-una-sustancia-problematica","status":"publish","type":"page","link":"https:\/\/agderma.de\/es\/themen\/triclosan-ein-problematischer-stoff\/","title":{"rendered":"Triclos\u00e1n: una sustancia problem\u00e1tica"},"content":{"rendered":"<div data-elementor-type=\"wp-page\" data-elementor-id=\"1270\" class=\"elementor elementor-1270\" data-elementor-post-type=\"page\">\n\t\t\t\t<div class=\"elementor-element elementor-element-3d478ea e-flex e-con-boxed e-con e-parent\" data-id=\"3d478ea\" data-element_type=\"container\" data-e-type=\"container\" data-settings=\"{&quot;background_background&quot;:&quot;classic&quot;}\">\n\t\t\t\t\t<div class=\"e-con-inner\">\n\t\t\t\t<div class=\"elementor-element elementor-element-3d3f871 elementor-widget elementor-widget-heading\" data-id=\"3d3f871\" data-element_type=\"widget\" data-e-type=\"widget\" data-widget_type=\"heading.default\">\n\t\t\t\t<div class=\"elementor-widget-container\">\n\t\t\t\t\t<h1 class=\"elementor-heading-title elementor-size-default\">Triclos\u00e1n: una sustancia problem\u00e1tica<\/h1>\t\t\t\t<\/div>\n\t\t\t\t<\/div>\n\t\t\t\t\t<\/div>\n\t\t\t\t<\/div>\n\t\t<div class=\"elementor-element elementor-element-2179231 e-flex e-con-boxed e-con e-parent\" data-id=\"2179231\" data-element_type=\"container\" data-e-type=\"container\">\n\t\t\t\t\t<div class=\"e-con-inner\">\n\t\t\t\t<div class=\"elementor-element elementor-element-3c12a81 elementor-widget elementor-widget-text-editor\" data-id=\"3c12a81\" data-element_type=\"widget\" data-e-type=\"widget\" data-widget_type=\"text-editor.default\">\n\t\t\t\t<div class=\"elementor-widget-container\">\n\t\t\t\t\t\t\t\t\t<p><a href=\"https:\/\/echa.europa.eu\/de\/brief-profile\/-\/briefprofile\/100.020.167\" target=\"_blank\" rel=\"noopener\">Triclos\u00e1n<\/a>\u00a0es un agente antimicrobiano eficaz contra bacterias, hongos y virus envueltos. Se utiliza como biocida y conservante y se emplea en numerosos productos cosm\u00e9ticos como dent\u00edfricos, jabones antibacterianos para lavarse las manos, desinfectantes y productos de limpieza.<\/p><p><a href=\"https:\/\/www.annualreviews.org\/doi\/10.1146\/annurev-pharmtox-010715-103417\" target=\"_blank\" rel=\"noopener\">Triclos\u00e1n<\/a>\u00a0acumulado, con productos qu\u00edmicos\u00a0<a href=\"https:\/\/echa.europa.eu\/documents\/10162\/fbbd46b2-f92e-d84e-4540-6e6b292751dc\" target=\"_blank\" rel=\"noopener\">Longevidad<\/a>, como demuestra su creciente uso en organismos acu\u00e1ticos de todo el mundo. Se caracteriza aqu\u00ed por\u00a0<a href=\"https:\/\/echa.europa.eu\/documents\/10162\/fbbd46b2-f92e-d84e-4540-6e6b292751dc\" target=\"_blank\" rel=\"noopener\">Toxicidad muy elevada<\/a><a href=\"https:\/\/echa.europa.eu\/documents\/10162\/fbbd46b2-f92e-d84e-4540-6e6b292751dc\" target=\"_blank\" rel=\"noopener\">\u00a0y por lo tanto es peligroso para el medio ambiente<\/a>. Adem\u00e1s, se\u00a0<a href=\"https:\/\/ec.europa.eu\/transparency\/regdoc\/rep\/1\/2018\/EN\/COM-2018-739-F1-EN-MAIN-PART-1.PDF\" target=\"_blank\" rel=\"noopener\">Revisi\u00f3n del Reglamento (CE) n\u00ba 1223\/2009<\/a>\u00a0del Parlamento Europeo en noviembre de 2018 como presunto\u00a0<a href=\"https:\/\/agderma.de\/es\/temas\/que-son-los-disruptores-endocrinos\/\">disruptor endocrino<\/a>\u00a0nombrado.<\/p><p><a href=\"https:\/\/www.tandfonline.com\/doi\/abs\/10.1080\/10937404.2017.1399306?journalCode=uteb20\" target=\"_blank\" rel=\"noopener\">Los siguientes trastornos de salud<\/a>\u00a0se sospecha que est\u00e1n causadas por el triclos\u00e1n:<\/p><ul><li>Disminuci\u00f3n de la fertilidad<\/li><li>Aumento del riesgo de abortos<\/li><li>Disminuci\u00f3n del peso, la talla y el per\u00edmetro cef\u00e1lico de los lactantes<\/li><li>Pruebas epidemiol\u00f3gicas limitadas para las enfermedades al\u00e9rgicas\u00a0<\/li><li>Aumento de los niveles sangu\u00edneos de marcadores de estr\u00e9s oxidativo y de la hormona tiroidea triyodotironina.\u00a0<\/li><li>Posible crecimiento de\u00a0<a href=\"https:\/\/www.annualreviews.org\/doi\/10.1146\/annurev-pharmtox-010715-103417\" target=\"_blank\" rel=\"noopener\">Tumores hep\u00e1ticos e inflamaci\u00f3n del h\u00edgado<\/a><\/li><\/ul><p>En 2006, el\u00a0<a href=\"https:\/\/www.bfr.bund.de\/cm\/343\/triclosan_nur_im_aerztlichen_bereich_anwenden_um_resistenzbildungen_vorzubeugen.pdf\" target=\"_blank\" rel=\"noopener\">Instituto Federal de Evaluaci\u00f3n de Riesgos (BfR)<\/a>\u00a0de su uso a gran escala en los hogares por temor a que las bacterias desarrollen resistencias. En 2017, cient\u00edficos de la Universidad de Birmingham publicaron un\u00a0<a href=\"https:\/\/www.birmingham.ac.uk\/news\/latest\/2017\/07\/study-links-antibiotic-resistance-to-triclosan.aspx\" target=\"_blank\" rel=\"noopener\">Estudiar<\/a>que demostr\u00f3 que los g\u00e9rmenes resistentes a los antibi\u00f3ticos de quinolona (por ejemplo, el clioquinol) tambi\u00e9n mostraban mecanismos de defensa contra el triclos\u00e1n.\u00a0<\/p><p>Por decisi\u00f3n del 08.02.2016 del\u00a0<a href=\"https:\/\/eur-lex.europa.eu\/legal-content\/DE\/TXT\/PDF\/?uri=CELEX:32012R0528\" target=\"_blank\" rel=\"noopener\">Reglamento sobre biocidas de la UE<\/a>\u00a0 se prohibi\u00f3 el uso de triclos\u00e1n en productos de higiene que se aplican sobre grandes zonas de la piel. Sin embargo, el triclos\u00e1n se sigue utilizando en productos como dent\u00edfricos, jabones y geles de ducha y como biocida en consultas m\u00e9dicas y hospitales.<\/p><p>En dermatolog\u00eda, el triclos\u00e1n tambi\u00e9n es un componente de algunos preparados extempor\u00e1neos (NRF 11.135 y NRF 11.122) y recetas individuales.<\/p><p>Por tanto, se recomienda a las cl\u00ednicas y consultas que sometan a un estrecho escrutinio la prescripci\u00f3n o el uso de preparados t\u00f3picos que contengan triclos\u00e1n.<\/p>\t\t\t\t\t\t\t\t<\/div>\n\t\t\t\t<\/div>\n\t\t\t\t<div class=\"elementor-element elementor-element-5361cbc elementor-widget elementor-widget-toggle\" data-id=\"5361cbc\" data-element_type=\"widget\" data-e-type=\"widget\" data-widget_type=\"toggle.default\">\n\t\t\t\t<div class=\"elementor-widget-container\">\n\t\t\t\t\t\t\t<div class=\"elementor-toggle\">\n\t\t\t\t\t\t\t<div class=\"elementor-toggle-item\">\n\t\t\t\t\t<div id=\"elementor-tab-title-8741\" class=\"elementor-tab-title\" data-tab=\"1\" role=\"button\" aria-controls=\"elementor-tab-content-8741\" aria-expanded=\"false\">\n\t\t\t\t\t\t\t\t\t\t\t\t<span class=\"elementor-toggle-icon elementor-toggle-icon-left\" aria-hidden=\"true\">\n\t\t\t\t\t\t\t\t\t\t\t\t\t\t\t<span class=\"elementor-toggle-icon-closed\"><i class=\"fas fa-caret-right\"><\/i><\/span>\n\t\t\t\t\t\t\t\t<span class=\"elementor-toggle-icon-opened\"><i class=\"elementor-toggle-icon-opened fas fa-caret-up\"><\/i><\/span>\n\t\t\t\t\t\t\t\t\t\t\t\t\t<\/span>\n\t\t\t\t\t\t\t\t\t\t\t\t<a class=\"elementor-toggle-title\" tabindex=\"0\">Referencias e informaci\u00f3n jur\u00eddica<\/a>\n\t\t\t\t\t<\/div>\n\n\t\t\t\t\t<div id=\"elementor-tab-content-8741\" class=\"elementor-tab-content elementor-clearfix\" data-tab=\"1\" role=\"region\" aria-labelledby=\"elementor-tab-title-8741\"><p>\u00a9 Dra. med. Dipl. Biol. Susanne Saha 03\/2021<\/p><\/div>\n\t\t\t\t<\/div>\n\t\t\t\t\t\t\t\t<\/div>\n\t\t\t\t\t\t<\/div>\n\t\t\t\t<\/div>\n\t\t\t\t\t<\/div>\n\t\t\t\t<\/div>\n\t\t\t\t<\/div>","protected":false},"excerpt":{"rendered":"<p>Triclosan\u00a0ist ein antimikrobieller Wirkstoff, der gegen Bakterien Pilze und beh\u00fcllte Viren wirksam ist. Er wird als Biozid und Konservierungsstoff eingesetzt und findet Anwendung in zahlreichen kosmetischen Produkten wie z. B. Zahnpasta, antibakteriellen Handwaschseifen, Desinfektionsmitteln und Reinigungsmitteln. Triclosan\u00a0akkumuliert, bei chemischer\u00a0Langlebigkeit, nachweislich durch den weltweit zunehmenden Gebrauch in aquatischen Organismen. Es zeichnet sich hier durch\u00a0sehr hohe Toxizit\u00e4t\u00a0aus [&hellip;]<\/p>\n","protected":false},"author":1,"featured_media":0,"parent":1142,"menu_order":0,"comment_status":"closed","ping_status":"closed","template":"","meta":{"_acf_changed":false,"footnotes":""},"class_list":["post-1270","page","type-page","status-publish","hentry"],"acf":[],"_links":{"self":[{"href":"https:\/\/agderma.de\/es\/wp-json\/wp\/v2\/pages\/1270","targetHints":{"allow":["GET"]}}],"collection":[{"href":"https:\/\/agderma.de\/es\/wp-json\/wp\/v2\/pages"}],"about":[{"href":"https:\/\/agderma.de\/es\/wp-json\/wp\/v2\/types\/page"}],"author":[{"embeddable":true,"href":"https:\/\/agderma.de\/es\/wp-json\/wp\/v2\/users\/1"}],"replies":[{"embeddable":true,"href":"https:\/\/agderma.de\/es\/wp-json\/wp\/v2\/comments?post=1270"}],"version-history":[{"count":0,"href":"https:\/\/agderma.de\/es\/wp-json\/wp\/v2\/pages\/1270\/revisions"}],"up":[{"embeddable":true,"href":"https:\/\/agderma.de\/es\/wp-json\/wp\/v2\/pages\/1142"}],"wp:attachment":[{"href":"https:\/\/agderma.de\/es\/wp-json\/wp\/v2\/media?parent=1270"}],"curies":[{"name":"wp","href":"https:\/\/api.w.org\/{rel}","templated":true}]}}