{"id":1284,"date":"2023-01-27T04:43:28","date_gmt":"2023-01-27T04:43:28","guid":{"rendered":"http:\/\/agderma.de\/?page_id=1284"},"modified":"2023-02-14T10:01:30","modified_gmt":"2023-02-14T10:01:30","slug":"hoja-informativa-para-la-publicacion-del-nuevo-carbon-de-beyond-plastic","status":"publish","type":"page","link":"https:\/\/agderma.de\/es\/themen\/fact-sheet-zur-veroffentlichung-the-new-coal-von-beyond-plastic\/","title":{"rendered":"Hoja informativa para la publicaci\u00f3n \"El nuevo carb\u00f3n\" de Beyond Plastic"},"content":{"rendered":"<div data-elementor-type=\"wp-page\" data-elementor-id=\"1284\" class=\"elementor elementor-1284\" data-elementor-post-type=\"page\">\n\t\t\t\t<div class=\"elementor-element elementor-element-3d478ea e-flex e-con-boxed e-con e-parent\" data-id=\"3d478ea\" data-element_type=\"container\" data-e-type=\"container\" data-settings=\"{&quot;background_background&quot;:&quot;classic&quot;}\">\n\t\t\t\t\t<div class=\"e-con-inner\">\n\t\t\t\t<div class=\"elementor-element elementor-element-3d3f871 elementor-widget elementor-widget-heading\" data-id=\"3d3f871\" data-element_type=\"widget\" data-e-type=\"widget\" data-widget_type=\"heading.default\">\n\t\t\t\t<div class=\"elementor-widget-container\">\n\t\t\t\t\t<h1 class=\"elementor-heading-title elementor-size-default\">Hoja informativa para la publicaci\u00f3n \"El nuevo carb\u00f3n\" de Beyond Plastic<\/h1>\t\t\t\t<\/div>\n\t\t\t\t<\/div>\n\t\t\t\t\t<\/div>\n\t\t\t\t<\/div>\n\t\t<div class=\"elementor-element elementor-element-2179231 e-flex e-con-boxed e-con e-parent\" data-id=\"2179231\" data-element_type=\"container\" data-e-type=\"container\">\n\t\t\t\t\t<div class=\"e-con-inner\">\n\t\t\t\t<div class=\"elementor-element elementor-element-3c12a81 elementor-widget elementor-widget-text-editor\" data-id=\"3c12a81\" data-element_type=\"widget\" data-e-type=\"widget\" data-widget_type=\"text-editor.default\">\n\t\t\t\t<div class=\"elementor-widget-container\">\n\t\t\t\t\t\t\t\t\t<h3>El pl\u00e1stico es el nuevo carb\u00f3n<\/h3><p>El pl\u00e1stico produce emisiones de gases de efecto invernadero en todas las fases de su ciclo de vida. El objetivo actual de reducir las emisiones de gases de efecto invernadero de las centrales el\u00e9ctricas de carb\u00f3n queda eliminado por las emisiones de calentamiento clim\u00e1tico de los pl\u00e1sticos. Seg\u00fan la Agencia Internacional de la Energ\u00eda (AIE), la petroqu\u00edmica representar\u00e1 m\u00e1s de un tercio del crecimiento de la demanda mundial de petr\u00f3leo en 2030. Al menos 42 plantas de pl\u00e1sticos han abierto, est\u00e1n en construcci\u00f3n o en proceso de obtenci\u00f3n de permisos desde 2019. Cuando entren en funcionamiento, estas nuevas plantas de pl\u00e1sticos podr\u00edan liberar 55 millones de toneladas adicionales de CO2e para 2025, lo que equivale a las emisiones de siete centrales el\u00e9ctricas de carb\u00f3n de 500 megavatios m\u00e1s.<\/p><p>La industria estadounidense del pl\u00e1stico es responsable de al menos 232 millones de toneladas de emisiones de gas CO2e al a\u00f1o. La extracci\u00f3n de gases de fracturaci\u00f3n hidr\u00e1ulica (fracking) en EE.UU. para la producci\u00f3n de pl\u00e1sticos en el pa\u00eds y en el extranjero libera al menos 1,5 millones de toneladas de metano al a\u00f1o, que se descarga en peso.<\/p><p>Aunque la industria lleva mucho tiempo hablando de la reciclabilidad de los pl\u00e1sticos, en la actualidad se reciclan menos de 9 % de pl\u00e1sticos. En 2020, EE.UU. envi\u00f3 al extranjero cerca de 1.400 millones de libras de residuos pl\u00e1sticos, la mayor\u00eda a pa\u00edses en v\u00edas de desarrollo.<\/p><p>Resumen de las 10 fases especialmente perjudiciales para el medio ambiente de la producci\u00f3n, uso y eliminaci\u00f3n de pl\u00e1sticos:\u00a0<\/p><h3>1. fracking para pl\u00e1sticos<\/h3><p>En la d\u00e9cada de 1990, Estados Unidos perfeccion\u00f3 los m\u00e9todos con los que se puede extraer gas natural y petr\u00f3leo crudo de los estratos rocosos.<\/p><p>El fracking ha reducido significativamente el coste del petr\u00f3leo y el gas y ha aumentado los impactos medioambientales. Numerosas fuentes documentan la grave contaminaci\u00f3n de las aguas superficiales y subterr\u00e1neas por la liberaci\u00f3n de productos qu\u00edmicos del fracking, el deterioro de la calidad del aire y el desencadenamiento de terremotos. Otro subproducto son los pl\u00e1sticos. Los dep\u00f3sitos de esquisto explotados por el fracking son inusualmente ricos en etano, metano y otros gases especialmente \u00fatiles para la producci\u00f3n de pl\u00e1sticos petroqu\u00edmicos. El exceso de oferta de gases del fracking ha convertido a EEUU en el motor mundial de la producci\u00f3n de pl\u00e1sticos.<\/p><p>La industria del pl\u00e1stico consume m\u00e1s de 1.500 millones de toneladas de gases de fracking cada a\u00f1o. Con un \u00edndice de fugas de 2,6 %, esta demanda de fracking genera cada a\u00f1o unos 36 millones de toneladas de gases equivalentes de CO2e.\u00a0<\/p><h3>2. transporte y procesamiento de los gases del fracking<\/h3><p>Esta fase de la producci\u00f3n de pl\u00e1stico -transporte y procesamiento de los gases del fracking- libera al menos 4,8 millones de toneladas de gases de CO2e al a\u00f1o. Esta cantidad equivale aproximadamente a las emisiones de dos centrales el\u00e9ctricas de carb\u00f3n de tama\u00f1o medio (500 megavatios) en 2020. Las ampliaciones actuales y previstas pueden dar lugar a la liberaci\u00f3n de otros 4,7 millones de toneladas anuales en 2025, equivalentes a las emisiones de otras dos centrales el\u00e9ctricas. Se calcula que las tuber\u00edas fugan aproximadamente 0,8 % del metano suministrado a las plantas de pl\u00e1sticos para la generaci\u00f3n de energ\u00eda. Seg\u00fan esta estimaci\u00f3n, la industria del pl\u00e1stico es actualmente responsable de un mill\u00f3n de toneladas adicionales de fugas de metano al a\u00f1o.\u00a0<\/p><h3>3. proceso de craqueo del gas etano<\/h3><p>Los actores centrales en la producci\u00f3n de pl\u00e1sticos son las plantas de craqueo, donde los gases extra\u00eddos mediante fracking se sobrecalientan hasta que las mol\u00e9culas se \"craquean\" en nuevos componentes, incluido el etileno. En octubre de 2021, hab\u00eda 35 instalaciones de craqueo en EE.UU. con una capacidad total de 45 millones de toneladas al a\u00f1o, lo que supone un aumento de 14 plantas y 19 millones de toneladas desde 2005. Hay otras cinco instalaciones de craqueo en construcci\u00f3n o previstas, con una capacidad total adicional de craqueo de 9,1 millones de toneladas.\u00a0<\/p><h3>4. producci\u00f3n de otras materias primas pl\u00e1sticas<\/h3><p>Los procesos de craqueo no son los \u00fanicos motores de la producci\u00f3n de pl\u00e1stico. Otros componentes importantes proceden de f\u00e1bricas que procesan carb\u00f3n, metanol, cloro y amon\u00edaco. Al igual que ocurre con los procesos de craqueo, los impactos clim\u00e1ticos de estas plantas qu\u00edmicas son numerosos.<\/p><p>Esta etapa de la producci\u00f3n de pl\u00e1sticos -la fabricaci\u00f3n de otras materias primas pl\u00e1sticas- libera anualmente m\u00e1s de 28 millones de toneladas de gases de CO2e, equivalentes a las emisiones de 14 centrales el\u00e9ctricas de carb\u00f3n de tama\u00f1o medio en 2020. La expansi\u00f3n podr\u00eda a\u00f1adir otros 10 millones de toneladas en 2025, equivalentes a las emisiones de 5 centrales el\u00e9ctricas de carb\u00f3n. Las emisiones relacionadas con la extracci\u00f3n y el suministro de materias primas se tienen en cuenta en fases anteriores.<\/p><h3>5. producci\u00f3n de pol\u00edmeros y aditivos<\/h3><p>Los pol\u00edmeros se producen cuando los componentes b\u00e1sicos de los pl\u00e1sticos -mol\u00e9culas de hidrocarburos derivadas del gas, el carb\u00f3n o el petr\u00f3leo- se forman en cadenas llamadas pol\u00edmeros. Estos pol\u00edmeros se combinan de diversas formas para fabricar pl\u00e1sticos con diferentes propiedades. La polimerizaci\u00f3n consume mucha energ\u00eda. En total, los fabricantes norteamericanos de pol\u00edmeros (la gran mayor\u00eda en EE.UU.) produjeron m\u00e1s de 60 millones de toneladas de pol\u00edmeros en 2021.<\/p><p>\u00a0Muchos pl\u00e1sticos son combinaciones de pol\u00edmeros y aditivos. Un estudio de 2021 identific\u00f3 m\u00e1s de 8.000 aditivos que se utilizan en combinaci\u00f3n con pol\u00edmeros para fabricar pl\u00e1sticos y determinar sus propiedades. Algunos aditivos PFAS son gases de efecto invernadero miles de veces m\u00e1s potentes que el di\u00f3xido de carbono. Los fabricantes de pl\u00e1sticos utilizan fluoroqu\u00edmicos para repeler las manchas en los tejidos y como agentes espumantes en los aislantes.\u00a0<\/p><h3>6. exportaciones e importaciones<\/h3><p>La industria globalizada del pl\u00e1stico se centra en Estados Unidos. La producci\u00f3n de pl\u00e1sticos -exportaci\u00f3n de materias primas desde EE.UU. e importaci\u00f3n a este pa\u00eds- provoca la liberaci\u00f3n de al menos 51 millones de toneladas de gases de CO2e al a\u00f1o en el extranjero, lo que equivale a las emisiones de 25 centrales el\u00e9ctricas de carb\u00f3n de tama\u00f1o medio en 2020. A una tasa de crecimiento anual de 3,9 %, este comercio liberar\u00e1 otros 6 millones de toneladas de CO2e al a\u00f1o en 2025, equivalentes a tres centrales el\u00e9ctricas de carb\u00f3n. Esta estimaci\u00f3n no tiene en cuenta muchos productos de pl\u00e1stico que se env\u00edan dentro o fuera de Estados Unidos.<\/p><h3>7. desgasificaci\u00f3n de aislamientos de pl\u00e1stico espumado<\/h3><p>\u00a0El uso de agentes espumantes en el aislamiento pl\u00e1stico libera al menos 27 millones de toneladas de di\u00f3xido de carbono equivalente al a\u00f1o en edificios y vertederos. Esto equivale al CO2e de 13 centrales el\u00e9ctricas de carb\u00f3n de tama\u00f1o medio en 2020.<\/p><p>Alrededor del 25% de los gases fluoroqu\u00edmicos presentes en los aislamientos de pl\u00e1stico se liberan al aire en el primer a\u00f1o tras su instalaci\u00f3n y siguen emitiendo gases durante al menos 50 a\u00f1os.\u00a0<\/p><h3>8 Reciclaje \"qu\u00edmico<\/h3><p>\u00a0Actualmente, la industria del pl\u00e1stico comercializa el \"reciclado qu\u00edmico\". Este proceso se refiere a un m\u00e9todo para superar los retos t\u00e9cnicos del reciclado de pl\u00e1sticos. La mayor\u00eda de los m\u00e9todos utilizados son t\u00e9cnicas para convertir los pl\u00e1sticos en combustibles mediante pir\u00f3lisis. No se incluye la conversi\u00f3n en nuevos productos de pl\u00e1stico reciclado.<\/p><p>La expansi\u00f3n de la pir\u00f3lisis y de otros procesos denominados de \"reciclaje avanzado\" tiene el potencial de a\u00f1adir hasta 18 millones de toneladas de CO2e al a\u00f1o para 2025, lo que equivale a las emisiones de nueve centrales el\u00e9ctricas de carb\u00f3n en 2020.\u00a0<\/p><h3>9. incineraci\u00f3n de residuos municipales<\/h3><p>La incineraci\u00f3n de residuos pl\u00e1sticos en las incineradoras de residuos municipales de Estados Unidos libera unos 15 millones de toneladas de gases de CO2e al a\u00f1o, lo que equivale a la liberaci\u00f3n de 7 centrales el\u00e9ctricas de carb\u00f3n de media en 2020. Muchos de los elementos quemados en las incineradoras no est\u00e1n controlados ni regulados.<\/p><h3>10. pl\u00e1stico en el agua<\/h3><p>\u00a0Uno de los puntos finales m\u00e1s importantes de los residuos pl\u00e1sticos son los oc\u00e9anos. En 2018, cerca de 15 millones de toneladas de residuos pl\u00e1sticos llegaron a los oc\u00e9anos. Se prev\u00e9 que los vertidos y la contaminaci\u00f3n aumenten hasta superar los 40 millones de toneladas anuales en 2025. Los pl\u00e1sticos no son biodegradables y liberan diversas sustancias qu\u00edmicas, as\u00ed como cantidades mensurables de gases de efecto invernadero. As\u00ed pues, la fragmentaci\u00f3n gradual de los pl\u00e1sticos tiene implicaciones preocupantes para los biosistemas marinos y para el propio clima.<\/p>\t\t\t\t\t\t\t\t<\/div>\n\t\t\t\t<\/div>\n\t\t\t\t<div class=\"elementor-element elementor-element-5361cbc elementor-widget elementor-widget-toggle\" data-id=\"5361cbc\" data-element_type=\"widget\" data-e-type=\"widget\" data-widget_type=\"toggle.default\">\n\t\t\t\t<div class=\"elementor-widget-container\">\n\t\t\t\t\t\t\t<div class=\"elementor-toggle\">\n\t\t\t\t\t\t\t<div class=\"elementor-toggle-item\">\n\t\t\t\t\t<div id=\"elementor-tab-title-8741\" class=\"elementor-tab-title\" data-tab=\"1\" role=\"button\" aria-controls=\"elementor-tab-content-8741\" aria-expanded=\"false\">\n\t\t\t\t\t\t\t\t\t\t\t\t<span class=\"elementor-toggle-icon elementor-toggle-icon-left\" aria-hidden=\"true\">\n\t\t\t\t\t\t\t\t\t\t\t\t\t\t\t<span class=\"elementor-toggle-icon-closed\"><i class=\"fas fa-caret-right\"><\/i><\/span>\n\t\t\t\t\t\t\t\t<span class=\"elementor-toggle-icon-opened\"><i class=\"elementor-toggle-icon-opened fas fa-caret-up\"><\/i><\/span>\n\t\t\t\t\t\t\t\t\t\t\t\t\t<\/span>\n\t\t\t\t\t\t\t\t\t\t\t\t<a class=\"elementor-toggle-title\" tabindex=\"0\">Referencias e informaci\u00f3n jur\u00eddica<\/a>\n\t\t\t\t\t<\/div>\n\n\t\t\t\t\t<div id=\"elementor-tab-content-8741\" class=\"elementor-tab-content elementor-clearfix\" data-tab=\"1\" role=\"region\" aria-labelledby=\"elementor-tab-title-8741\"><p>Encontrar\u00e1 m\u00e1s datos y cifras, as\u00ed como referencias bibliogr\u00e1ficas, en la publicaci\u00f3n\u00a0<a href=\"https:\/\/www.beyondplastics.org\/plastics-and-climate\" target=\"_blank\" rel=\"noreferrer noopener\">\"El nuevo carb\u00f3n\"<\/a>\u00a0se puede tomar.<\/p><\/div>\n\t\t\t\t<\/div>\n\t\t\t\t\t\t\t\t<\/div>\n\t\t\t\t\t\t<\/div>\n\t\t\t\t<\/div>\n\t\t\t\t\t<\/div>\n\t\t\t\t<\/div>\n\t\t\t\t<\/div>","protected":false},"excerpt":{"rendered":"<p>Plastik ist die neue Kohle Kunststoff erzeugt in jeder Phase seines Lebenszyklus Treibhausgasemissionen. Die aktuell angestrebte Verringerung der Treibhausgasemissionen aus Kohlekraftwerken wird durch klimaerw\u00e4rmende Emissionen aus Kunststoffen eliminiert. Laut Internationaler Energieagentur (IEA) wird bis 2030 mehr als ein Drittel des Wachstums der weltweiten \u00d6lnachfrage auf die Petrochemie entfallen. Mindestens 42 Kunststoffanlagen wurden seit 2019 er\u00f6ffnet, [&hellip;]<\/p>\n","protected":false},"author":1,"featured_media":0,"parent":1142,"menu_order":0,"comment_status":"closed","ping_status":"closed","template":"","meta":{"_acf_changed":false,"footnotes":""},"class_list":["post-1284","page","type-page","status-publish","hentry"],"acf":[],"_links":{"self":[{"href":"https:\/\/agderma.de\/es\/wp-json\/wp\/v2\/pages\/1284","targetHints":{"allow":["GET"]}}],"collection":[{"href":"https:\/\/agderma.de\/es\/wp-json\/wp\/v2\/pages"}],"about":[{"href":"https:\/\/agderma.de\/es\/wp-json\/wp\/v2\/types\/page"}],"author":[{"embeddable":true,"href":"https:\/\/agderma.de\/es\/wp-json\/wp\/v2\/users\/1"}],"replies":[{"embeddable":true,"href":"https:\/\/agderma.de\/es\/wp-json\/wp\/v2\/comments?post=1284"}],"version-history":[{"count":0,"href":"https:\/\/agderma.de\/es\/wp-json\/wp\/v2\/pages\/1284\/revisions"}],"up":[{"embeddable":true,"href":"https:\/\/agderma.de\/es\/wp-json\/wp\/v2\/pages\/1142"}],"wp:attachment":[{"href":"https:\/\/agderma.de\/es\/wp-json\/wp\/v2\/media?parent=1284"}],"curies":[{"name":"wp","href":"https:\/\/api.w.org\/{rel}","templated":true}]}}