{"id":1301,"date":"2023-01-27T06:32:42","date_gmt":"2023-01-27T06:32:42","guid":{"rendered":"http:\/\/agderma.de\/?page_id=1301"},"modified":"2025-03-11T15:36:24","modified_gmt":"2025-03-11T15:36:24","slug":"hoja-informativa-resumen-del-estudio-packaging-turnaround-now","status":"publish","type":"page","link":"https:\/\/agderma.de\/es\/themen\/fact-sheet-zusammenfassung-der-studie-verpackungswende-jetzt\/","title":{"rendered":"Hoja informativa: Resumen del estudio: \u00a1Envase ya!"},"content":{"rendered":"<div data-elementor-type=\"wp-page\" data-elementor-id=\"1301\" class=\"elementor elementor-1301\" data-elementor-post-type=\"page\">\n\t\t\t\t<div class=\"elementor-element elementor-element-3d478ea e-flex e-con-boxed e-con e-parent\" data-id=\"3d478ea\" data-element_type=\"container\" data-e-type=\"container\" data-settings=\"{&quot;background_background&quot;:&quot;classic&quot;}\">\n\t\t\t\t\t<div class=\"e-con-inner\">\n\t\t\t\t<div class=\"elementor-element elementor-element-3d3f871 elementor-widget elementor-widget-heading\" data-id=\"3d3f871\" data-element_type=\"widget\" data-e-type=\"widget\" data-widget_type=\"heading.default\">\n\t\t\t\t<div class=\"elementor-widget-container\">\n\t\t\t\t\t<h1 class=\"elementor-heading-title elementor-size-default\">Hoja informativa: Resumen del estudio: \u00a1Envase ya!<\/h1>\t\t\t\t<\/div>\n\t\t\t\t<\/div>\n\t\t\t\t\t<\/div>\n\t\t\t\t<\/div>\n\t\t<div class=\"elementor-element elementor-element-2179231 e-flex e-con-boxed e-con e-parent\" data-id=\"2179231\" data-element_type=\"container\" data-e-type=\"container\">\n\t\t\t\t\t<div class=\"e-con-inner\">\n\t\t\t\t<div class=\"elementor-element elementor-element-b5828d9 elementor-widget elementor-widget-text-editor\" data-id=\"b5828d9\" data-element_type=\"widget\" data-e-type=\"widget\" data-widget_type=\"text-editor.default\">\n\t\t\t\t<div class=\"elementor-widget-container\">\n\t\t\t\t\t\t\t\t\t<h3>C\u00f3mo conseguir que la transici\u00f3n a una econom\u00eda circular de los pl\u00e1sticos en Alemania sea un \u00e9xito<\/h3>\n<p><a href=\"https:\/\/www.wwf.de\/fileadmin\/fm-wwf\/Publikationen-PDF\/Unternehmen\/WWF-Studie-Verpackungswende_jetzt_-_So_gelingt_der_Wandel_zu_einer_Kreislaufwirtschaft_f%C3%BCr_Kunststoffe_in_Deutschland.pdf\" target=\"_blank\" rel=\"noopener\">Un estudio de WWF Alemania y SYSTEMIQ de agosto de 2021<\/a><\/p>\t\t\t\t\t\t\t\t<\/div>\n\t\t\t\t<\/div>\n\t\t\t\t<div class=\"elementor-element elementor-element-3c12a81 elementor-widget elementor-widget-text-editor\" data-id=\"3c12a81\" data-element_type=\"widget\" data-e-type=\"widget\" data-widget_type=\"text-editor.default\">\n\t\t\t\t<div class=\"elementor-widget-container\">\n\t\t\t\t\t\t\t\t\t<p>El estudio arroja luz sobre las desventajas de la econom\u00eda lineal de los pl\u00e1sticos y describe instrumentos y medidas sobre c\u00f3mo puede tener \u00e9xito la transformaci\u00f3n hacia una econom\u00eda circular con el objetivo de reducir la contaminaci\u00f3n medioambiental y disminuir significativamente las emisiones de gases de efecto invernadero.<\/p><p>A continuaci\u00f3n se citan o resumen en esp\u00edritu la informaci\u00f3n, los datos y las medidas de aplicaci\u00f3n del estudio:<\/p><p>Seg\u00fan las previsiones, la producci\u00f3n mundial de pl\u00e1stico se duplicar\u00e1 de aqu\u00ed a 2040, la aportaci\u00f3n de pl\u00e1stico al medio ambiente se triplicar\u00e1 y la cantidad de pl\u00e1stico en el mar se cuadruplicar\u00e1.<\/p><p>En la actualidad, los envases de pl\u00e1stico representan una gran parte del consumo de pl\u00e1stico (27%), de los residuos de pl\u00e1stico (59%) y de las emisiones de gases de efecto invernadero (15,3 millones de toneladas equivalentes de CO2 al a\u00f1o).<\/p><p>Se calcula que la industria del pl\u00e1stico consume en todo el mundo hasta 19% del presupuesto de CO2 disponible que no debe superarse para cumplir el objetivo de 1,5 grados fijado en el Acuerdo de Par\u00eds sobre el clima.<\/p><p>95% del valor de los envases se pierde tras un breve ciclo de uso. Esto corresponde a una suma de 80.000 a 120.000 millones de d\u00f3lares anuales. Con 38 kg de envases consumidos per c\u00e1pita al a\u00f1o, Alemania se sit\u00faa muy por encima de la media europea.<\/p><h3>La econom\u00eda lineal de los pl\u00e1sticos - situaci\u00f3n actual:<\/h3><ul><li>En 2019 se procesaron en Alemania 14,2 millones de toneladas de pl\u00e1stico, de las que 12,1 millones se consumieron en el pa\u00eds.<\/li><li>89% de todos los envases de pl\u00e1stico est\u00e1n hechos de material virgen.<\/li><li>50% de residuos de envases se utilizan para producir energ\u00eda. Volumen anual de incineraci\u00f3n de 1,6 millones de toneladas de envases de pl\u00e1stico por valor de 3.800 millones de euros.<\/li><li>De 50% de pl\u00e1sticos sin combusti\u00f3n, 18% se exportan.<\/li><li>Otros 10% se reciclan en el ciclo abierto y se pierden tras un breve ciclo de uso.<\/li><li>33% de los envases en Alemania no son reciclables.<\/li><\/ul><h3>Si no hay un cambio de sistema en la industria del pl\u00e1stico:<\/h3><p>Se estima que la producci\u00f3n de envases de pl\u00e1stico y la eliminaci\u00f3n de residuos liberar\u00e1n cada vez m\u00e1s emisiones de gases de efecto invernadero. En el escenario \"sin cambios\", se espera que los vol\u00famenes de envases de pl\u00e1stico crezcan moderadamente en unas 0,6% al a\u00f1o o 14% en 2040<\/p><ul><li>generaci\u00f3n de 329 millones de toneladas de gases de efecto invernadero entre 2019 y 2040.<\/li><li>Previsi\u00f3n: M\u00e1s de 17,2 millones de toneladas de gases de efecto invernadero en 2040 causados por los envases de pl\u00e1stico durante y despu\u00e9s de su ciclo de vida del producto.<\/li><\/ul><p>Esto corresponde a casi 5% del presupuesto de emisiones de Alemania (375 millones de toneladas en 2040), con el que se puede cumplir el objetivo de 1,5 grados del Acuerdo de Par\u00eds sobre el clima.<\/p><p>Sin embargo, Alemania puede reducir el volumen de todos los residuos pl\u00e1sticos en 40%, el consumo de pl\u00e1stico nuevo en m\u00e1s de 60% y la recuperaci\u00f3n de energ\u00eda en m\u00e1s de 70% para 2040.\u00a0<\/p><h3>Un cambio de sistema hacia una econom\u00eda circular conlleva:<\/h3><ul><li>La reducci\u00f3n en el cambio de sistema de la tasa de combusti\u00f3n por 73 %<\/li><li>La disminuci\u00f3n de la demanda de pl\u00e1stico nuevo en 64 %<\/li><\/ul><p><span style=\"text-align: var(--text-align); font-family: var( --e-global-typography-text-font-family ), Sans-serif; font-size: var( --e-global-typography-text-font-size ); font-weight: var( --e-global-typography-text-font-weight );\">\u00a0<\/span><\/p><p><span style=\"text-align: var(--text-align); font-family: var( --e-global-typography-text-font-family ), Sans-serif; font-size: var( --e-global-typography-text-font-size ); font-weight: var( --e-global-typography-text-font-weight );\">Para 2040, 20 millones de toneladas de pl\u00e1stico nuevo (equivalente a m\u00e1s de seis a\u00f1os de consumo de envases de pl\u00e1stico) y <\/span><a style=\"text-align: var(--text-align); background-color: #ffffff; font-family: var( --e-global-typography-text-font-family ), Sans-serif; font-size: var( --e-global-typography-text-font-size ); font-weight: var( --e-global-typography-text-font-weight );\" href=\"https:\/\/agderma.de\/es\/temas\/el-plastico-provoca-el-cambio-climatico\/\">m\u00e1s de 68 millones de toneladas de emisiones de gases de efecto invernadero<\/a><span style=\"text-align: var(--text-align); font-family: var( --e-global-typography-text-font-family ), Sans-serif; font-size: var( --e-global-typography-text-font-size ); font-weight: var( --e-global-typography-text-font-weight );\">\u00a0podr\u00edan ahorrarse. El beneficio sist\u00e9mico para 2040 ser\u00eda de casi mil millones de euros.<\/span><\/p><h3>\u00bfC\u00f3mo puede lograrse un cambio sist\u00e9mico?<\/h3><p>Actualmente, las obligaciones existentes (incluidas las normativas pol\u00edticas vinculantes y las iniciativas voluntarias de la industria) no son suficientes para permitir la transici\u00f3n hacia una econom\u00eda circular en los envases. Por lo tanto, es necesario adoptar nuevas medidas:<\/p><p>Acci\u00f3n 1 -\u00a0<a href=\"https:\/\/agderma.de\/es\/temas\/muestras-de-productos\/\">Evitar y minimizar los envases innecesarios<\/a>\u00a0reduce los residuos pl\u00e1sticos en 8%.<\/p><p>Medida 2 - Los enfoques reutilizables podr\u00edan reducir los residuos pl\u00e1sticos hasta en 23% (909 kilotoneladas) para 2040.<\/p><p>Acci\u00f3n 3 - Sustituir o reemplazar los envases de pl\u00e1stico de un solo uso por papel, papel estucado o materiales de origen biol\u00f3gico.<\/p><p>Acci\u00f3n 4 - El dise\u00f1o para el reciclado puede mejorar significativamente el reciclado de circuito cerrado (menor complejidad de los envases, plazos claros para los productores). Fomenta el rendimiento del reciclado y el valor de los materiales reciclados.<\/p><p>Acci\u00f3n 5 - La separaci\u00f3n de residuos en el punto de vertido y la clasificaci\u00f3n de alta calidad mejoran la eficacia y los resultados del sistema de reciclaje mediante:<\/p><ul><li>Normalizaci\u00f3n del sistema de reciclaje<\/li><li>Sensibilizaci\u00f3n del consumidor<\/li><li>Informaci\u00f3n clara sobre reciclaje en los envases<\/li><\/ul><p>Acci\u00f3n 6 - Nuevas normativas y tecnolog\u00edas para el reciclaje en circuito cerrado de pl\u00e1sticos de uso alimentario, protegiendo al mismo tiempo la salud y la seguridad de los consumidores.<\/p><p>Acci\u00f3n 7 - Mercados de reciclaje: Es necesario desarrollar normas, incentivos y normas de mercado del lado de la demanda (por ejemplo, normas para reciclados y material reciclado).<\/p><p>Alemania puede convertirse en un modelo para Europa en la transici\u00f3n hacia una econom\u00eda circular de los pl\u00e1sticos.<\/p><h3>Para los fabricantes, esto significa:<\/h3><p>1. Garantizar una mayor transparencia publicando los objetivos de reciclabilidad e informando sobre los progresos realizados.<\/p><p>2. Mejorar los procesos de clasificaci\u00f3n y reciclaje mediante normas de c\u00f3digo abierto para todo el ciclo de vida de un producto (por ejemplo, trazadores en el envase que proporcionen informaci\u00f3n sobre la composici\u00f3n y el origen del envase en t\u00e9rminos de trazabilidad).<\/p><p>3. Estandarizaci\u00f3n de los sistemas de recogida y simplificaci\u00f3n de la separaci\u00f3n: en la actualidad, existen en paralelo diferentes sistemas de recogida de material reciclado.<\/p><p>4. apoyar y educar con instrucciones de reciclaje sencillas y claras en los envases.<\/p><p>5. Promover el aprecio de los consumidores por los materiales reciclados mediante la educaci\u00f3n y la sensibilizaci\u00f3n.<\/p><p>6. Tener en cuenta las posibles limitaciones de la calidad (reducci\u00f3n del ciclo por degradaci\u00f3n de la calidad).<\/p><h3>6 criterios clave para el dise\u00f1o de envases respetuosos con el reciclado:<\/h3><p>1. Abandonar los multimateriales para aplicaciones no alimentarias para 2030 y todos los multimateriales alimentarios para 2040, pasando a los monomateriales.<\/p><p>2. abandono del PVC, el poliestireno y el holl\u00edn industrial a partir de 2025.<\/p><p>3. Utilice \u00fanicamente recipientes transparentes e incoloros.\u00a0<\/p><p>4. F\u00e1cil retirada de las etiquetas, minimiza la impresi\u00f3n directa en los envases.<\/p><p>5. aditivos, barreras, revestimientos, adhesivos y pinturas que no son problem\u00e1ticos para el reciclaje.<\/p><p>6. Material no problem\u00e1tico para los cierres (salida de las juntas de silicona y v\u00e1lvulas y tapas de PS, PVC, aluminio y acero).<\/p>\t\t\t\t\t\t\t\t<\/div>\n\t\t\t\t<\/div>\n\t\t\t\t<div class=\"elementor-element elementor-element-5361cbc elementor-widget elementor-widget-toggle\" data-id=\"5361cbc\" data-element_type=\"widget\" data-e-type=\"widget\" data-widget_type=\"toggle.default\">\n\t\t\t\t<div class=\"elementor-widget-container\">\n\t\t\t\t\t\t\t<div class=\"elementor-toggle\">\n\t\t\t\t\t\t\t<div class=\"elementor-toggle-item\">\n\t\t\t\t\t<div id=\"elementor-tab-title-8741\" class=\"elementor-tab-title\" data-tab=\"1\" role=\"button\" aria-controls=\"elementor-tab-content-8741\" aria-expanded=\"false\">\n\t\t\t\t\t\t\t\t\t\t\t\t<span class=\"elementor-toggle-icon elementor-toggle-icon-left\" aria-hidden=\"true\">\n\t\t\t\t\t\t\t\t\t\t\t\t\t\t\t<span class=\"elementor-toggle-icon-closed\"><i class=\"fas fa-caret-right\"><\/i><\/span>\n\t\t\t\t\t\t\t\t<span class=\"elementor-toggle-icon-opened\"><i class=\"elementor-toggle-icon-opened fas fa-caret-up\"><\/i><\/span>\n\t\t\t\t\t\t\t\t\t\t\t\t\t<\/span>\n\t\t\t\t\t\t\t\t\t\t\t\t<a class=\"elementor-toggle-title\" tabindex=\"0\">Referencias e informaci\u00f3n jur\u00eddica<\/a>\n\t\t\t\t\t<\/div>\n\n\t\t\t\t\t<div id=\"elementor-tab-content-8741\" class=\"elementor-tab-content elementor-clearfix\" data-tab=\"1\" role=\"region\" aria-labelledby=\"elementor-tab-title-8741\"><p>Otros datos y cifras, as\u00ed como referencias bibliogr\u00e1ficas y lata del estudio\u00a0<a href=\"https:\/\/www.wwf.de\/fileadmin\/fm-wwf\/Publikationen-PDF\/Unternehmen\/WWF-Studie-Verpackungswende_jetzt_-_So_gelingt_der_Wandel_zu_einer_Kreislaufwirtschaft_f%C3%BCr_Kunststoffe_in_Deutschland.pdf\" target=\"_blank\" rel=\"noreferrer noopener\">\"\u00a1Envase ya!\"<\/a>\u00a0se puede tomar.<\/p><\/div>\n\t\t\t\t<\/div>\n\t\t\t\t\t\t\t\t<\/div>\n\t\t\t\t\t\t<\/div>\n\t\t\t\t<\/div>\n\t\t\t\t\t<\/div>\n\t\t\t\t<\/div>\n\t\t\t\t<\/div>","protected":false},"excerpt":{"rendered":"<p>So gelingt der Wandel zu einer Kreislaufwirtschaft f\u00fcr Kunststoffe in Deutschland Eine Studie des WWF Deutschland und SYSTEMIQ vom August 2021 Die Studie beleuchtet die Nachteile der linearen Kunststoffwirtschaft und schildert Instrumente und Ma\u00dfnahmen, wie der Wandel zur Kreislaufwirtschaft mit dem Ziel der Reduktion von Umweltverschmutzung und deutlichen Senkung der Treibhausgasemissionen gelingen kann. Im Folgenden [&hellip;]<\/p>\n","protected":false},"author":1,"featured_media":0,"parent":1142,"menu_order":0,"comment_status":"closed","ping_status":"closed","template":"","meta":{"_acf_changed":false,"footnotes":""},"class_list":["post-1301","page","type-page","status-publish","hentry"],"acf":[],"_links":{"self":[{"href":"https:\/\/agderma.de\/es\/wp-json\/wp\/v2\/pages\/1301","targetHints":{"allow":["GET"]}}],"collection":[{"href":"https:\/\/agderma.de\/es\/wp-json\/wp\/v2\/pages"}],"about":[{"href":"https:\/\/agderma.de\/es\/wp-json\/wp\/v2\/types\/page"}],"author":[{"embeddable":true,"href":"https:\/\/agderma.de\/es\/wp-json\/wp\/v2\/users\/1"}],"replies":[{"embeddable":true,"href":"https:\/\/agderma.de\/es\/wp-json\/wp\/v2\/comments?post=1301"}],"version-history":[{"count":6,"href":"https:\/\/agderma.de\/es\/wp-json\/wp\/v2\/pages\/1301\/revisions"}],"predecessor-version":[{"id":5597,"href":"https:\/\/agderma.de\/es\/wp-json\/wp\/v2\/pages\/1301\/revisions\/5597"}],"up":[{"embeddable":true,"href":"https:\/\/agderma.de\/es\/wp-json\/wp\/v2\/pages\/1142"}],"wp:attachment":[{"href":"https:\/\/agderma.de\/es\/wp-json\/wp\/v2\/media?parent=1301"}],"curies":[{"name":"wp","href":"https:\/\/api.w.org\/{rel}","templated":true}]}}