{"id":2016,"date":"2023-02-06T08:03:41","date_gmt":"2023-02-06T08:03:41","guid":{"rendered":"http:\/\/agderma.de\/?page_id=2016"},"modified":"2023-03-31T06:51:18","modified_gmt":"2023-03-31T06:51:18","slug":"campanas","status":"publish","type":"page","link":"https:\/\/agderma.de\/es\/kampagnen\/","title":{"rendered":"Campa\u00f1as"},"content":{"rendered":"<div data-elementor-type=\"wp-page\" data-elementor-id=\"2016\" class=\"elementor elementor-2016\" data-elementor-post-type=\"page\">\n\t\t\t\t<div class=\"elementor-element elementor-element-ae50cef e-flex e-con-boxed e-con e-parent\" data-id=\"ae50cef\" data-element_type=\"container\" data-e-type=\"container\" data-settings=\"{&quot;background_background&quot;:&quot;classic&quot;}\">\n\t\t\t\t\t<div class=\"e-con-inner\">\n\t\t\t\t<div class=\"elementor-element elementor-element-d2ac020 elementor-widget elementor-widget-heading\" data-id=\"d2ac020\" data-element_type=\"widget\" data-e-type=\"widget\" data-widget_type=\"heading.default\">\n\t\t\t\t<div class=\"elementor-widget-container\">\n\t\t\t\t\t<h1 class=\"elementor-heading-title elementor-size-default\">Campa\u00f1as<\/h1>\t\t\t\t<\/div>\n\t\t\t\t<\/div>\n\t\t\t\t\t<\/div>\n\t\t\t\t<\/div>\n\t\t<div class=\"elementor-element elementor-element-a0f7816 e-flex e-con-boxed e-con e-parent\" data-id=\"a0f7816\" data-element_type=\"container\" data-e-type=\"container\">\n\t\t\t\t\t<div class=\"e-con-inner\">\n\t\t<div class=\"elementor-element elementor-element-42ac6e4 e-con-full e-flex e-con e-child\" data-id=\"42ac6e4\" data-element_type=\"container\" data-e-type=\"container\">\n\t\t\t\t<div class=\"elementor-element elementor-element-68c4fa8 elementor-widget elementor-widget-heading\" data-id=\"68c4fa8\" data-element_type=\"widget\" data-e-type=\"widget\" data-widget_type=\"heading.default\">\n\t\t\t\t<div class=\"elementor-widget-container\">\n\t\t\t\t\t<h2 class=\"elementor-heading-title elementor-size-default\">Convi\u00e9rtete en embajador de la sostenibilidad<\/h2>\t\t\t\t<\/div>\n\t\t\t\t<\/div>\n\t\t\t\t<div class=\"elementor-element elementor-element-5289c76 elementor-widget elementor-widget-text-editor\" data-id=\"5289c76\" data-element_type=\"widget\" data-e-type=\"widget\" data-widget_type=\"text-editor.default\">\n\t\t\t\t<div class=\"elementor-widget-container\">\n\t\t\t\t\t\t\t\t\t<p>Con una idea de sostenibilidad en su presentaci\u00f3n, usted apoya activamente la transformaci\u00f3n hacia un sector sanitario sostenible:<\/p>\t\t\t\t\t\t\t\t<\/div>\n\t\t\t\t<\/div>\n\t\t\t\t<div class=\"elementor-element elementor-element-8d28cb9 elementor-widget__width-initial elementor-widget-mobile__width-inherit elementor-widget elementor-widget-toggle\" data-id=\"8d28cb9\" data-element_type=\"widget\" data-e-type=\"widget\" data-widget_type=\"toggle.default\">\n\t\t\t\t<div class=\"elementor-widget-container\">\n\t\t\t\t\t\t\t<div class=\"elementor-toggle\">\n\t\t\t\t\t\t\t<div class=\"elementor-toggle-item\">\n\t\t\t\t\t<div id=\"elementor-tab-title-1481\" class=\"elementor-tab-title\" data-tab=\"1\" role=\"button\" aria-controls=\"elementor-tab-content-1481\" aria-expanded=\"false\">\n\t\t\t\t\t\t\t\t\t\t\t\t<span class=\"elementor-toggle-icon elementor-toggle-icon-right\" aria-hidden=\"true\">\n\t\t\t\t\t\t\t\t\t\t\t\t\t\t\t<span class=\"elementor-toggle-icon-closed\"><i class=\"fas fa-chevron-down\"><\/i><\/span>\n\t\t\t\t\t\t\t\t<span class=\"elementor-toggle-icon-opened\"><i class=\"elementor-toggle-icon-opened fas fa-chevron-up\"><\/i><\/span>\n\t\t\t\t\t\t\t\t\t\t\t\t\t<\/span>\n\t\t\t\t\t\t\t\t\t\t\t\t<a class=\"elementor-toggle-title\" tabindex=\"0\">Primer paso<\/a>\n\t\t\t\t\t<\/div>\n\n\t\t\t\t\t<div id=\"elementor-tab-content-1481\" class=\"elementor-tab-content elementor-clearfix\" data-tab=\"1\" role=\"region\" aria-labelledby=\"elementor-tab-title-1481\"><p>Le sugeriremos un aspecto relevante de la sostenibilidad que se ajuste al tema de su presentaci\u00f3n.<\/p><\/div>\n\t\t\t\t<\/div>\n\t\t\t\t\t\t\t<div class=\"elementor-toggle-item\">\n\t\t\t\t\t<div id=\"elementor-tab-title-1482\" class=\"elementor-tab-title\" data-tab=\"2\" role=\"button\" aria-controls=\"elementor-tab-content-1482\" aria-expanded=\"false\">\n\t\t\t\t\t\t\t\t\t\t\t\t<span class=\"elementor-toggle-icon elementor-toggle-icon-right\" aria-hidden=\"true\">\n\t\t\t\t\t\t\t\t\t\t\t\t\t\t\t<span class=\"elementor-toggle-icon-closed\"><i class=\"fas fa-chevron-down\"><\/i><\/span>\n\t\t\t\t\t\t\t\t<span class=\"elementor-toggle-icon-opened\"><i class=\"elementor-toggle-icon-opened fas fa-chevron-up\"><\/i><\/span>\n\t\t\t\t\t\t\t\t\t\t\t\t\t<\/span>\n\t\t\t\t\t\t\t\t\t\t\t\t<a class=\"elementor-toggle-title\" tabindex=\"0\">Paso 2<\/a>\n\t\t\t\t\t<\/div>\n\n\t\t\t\t\t<div id=\"elementor-tab-content-1482\" class=\"elementor-tab-content elementor-clearfix\" data-tab=\"2\" role=\"region\" aria-labelledby=\"elementor-tab-title-1482\"><p>\u00bfEst\u00e1 de acuerdo con nuestra propuesta?<\/p><p>A continuaci\u00f3n, crearemos gratuitamente para usted una sencilla diapositiva sobre sostenibilidad en PowerPoint.<\/p><\/div>\n\t\t\t\t<\/div>\n\t\t\t\t\t\t\t<div class=\"elementor-toggle-item\">\n\t\t\t\t\t<div id=\"elementor-tab-title-1483\" class=\"elementor-tab-title\" data-tab=\"3\" role=\"button\" aria-controls=\"elementor-tab-content-1483\" aria-expanded=\"false\">\n\t\t\t\t\t\t\t\t\t\t\t\t<span class=\"elementor-toggle-icon elementor-toggle-icon-right\" aria-hidden=\"true\">\n\t\t\t\t\t\t\t\t\t\t\t\t\t\t\t<span class=\"elementor-toggle-icon-closed\"><i class=\"fas fa-chevron-down\"><\/i><\/span>\n\t\t\t\t\t\t\t\t<span class=\"elementor-toggle-icon-opened\"><i class=\"elementor-toggle-icon-opened fas fa-chevron-up\"><\/i><\/span>\n\t\t\t\t\t\t\t\t\t\t\t\t\t<\/span>\n\t\t\t\t\t\t\t\t\t\t\t\t<a class=\"elementor-toggle-title\" tabindex=\"0\">Paso 3<\/a>\n\t\t\t\t\t<\/div>\n\n\t\t\t\t\t<div id=\"elementor-tab-content-1483\" class=\"elementor-tab-content elementor-clearfix\" data-tab=\"3\" role=\"region\" aria-labelledby=\"elementor-tab-title-1483\"><p>Usted integra la diapositiva en el conjunto de su presentaci\u00f3n y se convierte as\u00ed autom\u00e1ticamente en embajador de la sostenibilidad:en la AGN.<\/p><\/div>\n\t\t\t\t<\/div>\n\t\t\t\t\t\t\t\t<\/div>\n\t\t\t\t\t\t<\/div>\n\t\t\t\t<\/div>\n\t\t\t\t<div class=\"elementor-element elementor-element-09f717c elementor-widget elementor-widget-heading\" data-id=\"09f717c\" data-element_type=\"widget\" data-e-type=\"widget\" data-widget_type=\"heading.default\">\n\t\t\t\t<div class=\"elementor-widget-container\">\n\t\t\t\t\t<h2 class=\"elementor-heading-title elementor-size-default\">Estos embajadores de la sostenibilidad ya est\u00e1n a bordo: <\/h2>\t\t\t\t<\/div>\n\t\t\t\t<\/div>\n\t\t\t\t<div class=\"elementor-element elementor-element-da08be4 elementor-widget elementor-widget-text-editor\" data-id=\"da08be4\" data-element_type=\"widget\" data-e-type=\"widget\" data-widget_type=\"text-editor.default\">\n\t\t\t\t<div class=\"elementor-widget-container\">\n\t\t\t\t\t\t\t\t\t<p><strong>\u00bfPor qu\u00e9 se lo sugerimos?<br \/><\/strong>Tal vez le gustar\u00eda implicarse de forma sostenible, pero no puede hacerlo adem\u00e1s de sus compromisos profesionales y privados. Por ello, nos gustar\u00eda apoyar su compromiso personal y hacerlo visible con nuestra oferta.<\/p><p><strong>\u00bfQu\u00e9 informaci\u00f3n necesitamos de usted?<\/strong><br \/>Nuestra propuesta se basa exclusivamente en su propio tema de conferencia. No necesitamos m\u00e1s informaci\u00f3n por su parte.<\/p><p><strong>\u00bfQu\u00e9 aspectos de la sostenibilidad se ajustan a mi presentaci\u00f3n?<\/strong><br \/>Los aspectos de sostenibilidad podr\u00edan, por ejemplo<\/p><ul><li>destacar el impacto del cambio clim\u00e1tico en el tema de su presentaci\u00f3n<\/li><li>Dar consejos sobre posibles ahorros en, por ejemplo, cadenas de suministro, muestreo de productos, envasado<\/li><li>o beneficios para la salud, los llamados cobeneficios, que est\u00e1n vinculados a la protecci\u00f3n del clima y del medio ambiente. Por ejemplo, hacer m\u00e1s ejercicio es saludable, pero tambi\u00e9n es bueno para el clima que la gente no utilice el coche.<\/li><\/ul><div>\u00a0<\/div><p><b>\u00bfQu\u00e9 aspecto puede tener su l\u00e1mina?<br \/><\/b><span style=\"font-family: var( --e-global-typography-text-font-family ), Sans-serif; font-size: var( --e-global-typography-text-font-size ); font-weight: var( --e-global-typography-text-font-weight ); text-align: var(--text-align);\">Si est\u00e1 de acuerdo con nuestra propuesta, recibir\u00e1 una diapositiva con un\u00a0<\/span><span style=\"text-align: var(--text-align); font-family: var( --e-global-typography-text-font-family ), Sans-serif; font-size: var( --e-global-typography-text-font-size ); font-weight: var( --e-global-typography-text-font-weight );\">aspecto de sostenibilidad por escrito y\/o en im\u00e1genes. Al mismo tiempo, esta diapositiva le distingue como\u00a0<\/span><span style=\"text-align: var(--text-align); font-family: var( --e-global-typography-text-font-family ), Sans-serif; font-size: var( --e-global-typography-text-font-size ); font-weight: var( --e-global-typography-text-font-weight );\">Embajador de la sostenibilidad:en el AGN de.<\/span><\/p>\t\t\t\t\t\t\t\t<\/div>\n\t\t\t\t<\/div>\n\t\t\t\t<div class=\"elementor-element elementor-element-56d565f elementor-widget elementor-widget-image\" data-id=\"56d565f\" data-element_type=\"widget\" data-e-type=\"widget\" data-widget_type=\"image.default\">\n\t\t\t\t<div class=\"elementor-widget-container\">\n\t\t\t\t\t\t\t\t\t\t\t\t<figure class=\"wp-caption\">\n\t\t\t\t\t\t\t\t\t\t<img fetchpriority=\"high\" decoding=\"async\" width=\"800\" height=\"448\" src=\"https:\/\/agderma.de\/wp-content\/uploads\/2023\/03\/beispielfoligeNachhaltigkeitsbotschafter-1024x573.png\" class=\"attachment-large size-large wp-image-3915\" alt=\"\" srcset=\"https:\/\/agderma.de\/wp-content\/uploads\/2023\/03\/beispielfoligeNachhaltigkeitsbotschafter-1024x573.png 1024w, https:\/\/agderma.de\/wp-content\/uploads\/2023\/03\/beispielfoligeNachhaltigkeitsbotschafter-300x168.png 300w, https:\/\/agderma.de\/wp-content\/uploads\/2023\/03\/beispielfoligeNachhaltigkeitsbotschafter-768x430.png 768w, https:\/\/agderma.de\/wp-content\/uploads\/2023\/03\/beispielfoligeNachhaltigkeitsbotschafter-1536x859.png 1536w, https:\/\/agderma.de\/wp-content\/uploads\/2023\/03\/beispielfoligeNachhaltigkeitsbotschafter.png 2002w\" sizes=\"(max-width: 800px) 100vw, 800px\" \/>\t\t\t\t\t\t\t\t\t\t\t<figcaption class=\"widget-image-caption wp-caption-text\"><strong>Ejemplo de diapositiva Embajador de la sostenibilidad:in<\/strong> <br> Una dieta predominantemente vegetal ahorra gases de efecto invernadero y, al mismo tiempo, favorece la salud individual.<\/figcaption>\n\t\t\t\t\t\t\t\t\t\t<\/figure>\n\t\t\t\t\t\t\t\t\t<\/div>\n\t\t\t\t<\/div>\n\t\t\t\t<div class=\"elementor-element elementor-element-062a6ad elementor-widget elementor-widget-text-editor\" data-id=\"062a6ad\" data-element_type=\"widget\" data-e-type=\"widget\" data-widget_type=\"text-editor.default\">\n\t\t\t\t<div class=\"elementor-widget-container\">\n\t\t\t\t\t\t\t\t\t<p><strong>\u00bfAhora quiere convertirse en embajador de la sostenibilidad?<\/strong><br \/><strong>\u00bfO tiene sus propias sugerencias y le gustar\u00eda integrar el tema de la sostenibilidad con m\u00e1s fuerza en su <\/strong><b>\u00bfIntegrar la lectura?<br \/><\/b><span style=\"text-align: var(--text-align); font-family: var( --e-global-typography-text-font-family ), Sans-serif; font-size: var( --e-global-typography-text-font-size ); font-weight: var( --e-global-typography-text-font-weight );\">Estupendo. P\u00f3ngase en contacto con nosotros para m\u00e1s informaci\u00f3n en <\/span><a style=\"text-align: var(--text-align); background-color: #ffffff; font-family: var( --e-global-typography-text-font-family ), Sans-serif; font-size: var( --e-global-typography-text-font-size ); font-weight: var( --e-global-typography-text-font-weight );\" href=\"mailto:office@agderma.de\">office@agderma.de<\/a><\/p>\t\t\t\t\t\t\t\t<\/div>\n\t\t\t\t<\/div>\n\t\t\t\t<div class=\"elementor-element elementor-element-0328c0b elementor-widget elementor-widget-heading\" data-id=\"0328c0b\" data-element_type=\"widget\" data-e-type=\"widget\" data-widget_type=\"heading.default\">\n\t\t\t\t<div class=\"elementor-widget-container\">\n\t\t\t\t\t<h2 class=\"elementor-heading-title elementor-size-default\">Embajadores de la sostenibilidad:interior<\/h2>\t\t\t\t<\/div>\n\t\t\t\t<\/div>\n\t\t\t\t<div class=\"elementor-element elementor-element-881d9b2 elementor-widget elementor-widget-shortcode\" data-id=\"881d9b2\" data-element_type=\"widget\" data-e-type=\"widget\" data-widget_type=\"shortcode.default\">\n\t\t\t\t<div class=\"elementor-widget-container\">\n\t\t\t\t\t\t\t<div class=\"elementor-shortcode\"><div id=\"tablepress-2-scroll-wrapper\" class=\"tablepress-scroll-wrapper\">\n\n<table id=\"tablepress-2\" class=\"tablepress tablepress-id-2 tablepress-responsive\">\n<thead>\n<tr class=\"row-1 odd\">\n\t<th class=\"column-1\">Apellido<\/th><th class=\"column-2\">Nombre<\/th><th class=\"column-3\">T\u00edtulo<\/th>\n<\/tr>\n<\/thead>\n<tbody class=\"row-hover\">\n<tr class=\"row-2 even\">\n\t<td class=\"column-1\">Anders<\/td><td class=\"column-2\">Sabine<\/td><td class=\"column-3\">Dr. med.<\/td>\n<\/tr>\n<tr class=\"row-3 odd\">\n\t<td class=\"column-1\">Bar\u00f3n<\/td><td class=\"column-2\">Jens Malte<\/td><td class=\"column-3\">Prof. Dr. med.<\/td>\n<\/tr>\n<tr class=\"row-4 even\">\n\t<td class=\"column-1\">Baumann Conzett<\/td><td class=\"column-2\">Katrin<\/td><td class=\"column-3\">Dr. med.<\/td>\n<\/tr>\n<tr class=\"row-5 odd\">\n\t<td class=\"column-1\">Claas<\/td><td class=\"column-2\">Ulrich<\/td><td class=\"column-3\">Prof. Dr. med.<\/td>\n<\/tr>\n<tr class=\"row-6 even\">\n\t<td class=\"column-1\">Ermert-Roth<\/td><td class=\"column-2\">Susanne<\/td><td class=\"column-3\">Dr. med.<\/td>\n<\/tr>\n<tr class=\"row-7 odd\">\n\t<td class=\"column-1\">Haverkampf<\/td><td class=\"column-2\">Sonja<\/td><td class=\"column-3\">Dr. med.<\/td>\n<\/tr>\n<tr class=\"row-8 even\">\n\t<td class=\"column-1\">Rosenow<\/td><td class=\"column-2\">Kristin<\/td><td class=\"column-3\"><\/td>\n<\/tr>\n<tr class=\"row-9 odd\">\n\t<td class=\"column-1\">Schempp<\/td><td class=\"column-2\">Christoph<\/td><td class=\"column-3\">Prof. Dr. med.<\/td>\n<\/tr>\n<tr class=\"row-10 even\">\n\t<td class=\"column-1\">Skudlik<\/td><td class=\"column-2\">Christoph<\/td><td class=\"column-3\">Prof. Dr. med.<\/td>\n<\/tr>\n<tr class=\"row-11 odd\">\n\t<td class=\"column-1\">Symanzik<\/td><td class=\"column-2\">Cara<\/td><td class=\"column-3\">PD Dr rer. nat. habil.<\/td>\n<\/tr>\n<tr class=\"row-12 even\">\n\t<td class=\"column-1\">Ebanistas<\/td><td class=\"column-2\">Max<\/td><td class=\"column-3\">Dr. med.<\/td>\n<\/tr>\n<tr class=\"row-13 odd\">\n\t<td class=\"column-1\">Cabello blanco<\/td><td class=\"column-2\">Elke<\/td><td class=\"column-3\">Prof. Dr. med.<\/td>\n<\/tr>\n<\/tbody>\n<\/table>\n\n<\/div><\/div>\n\t\t\t\t\t\t<\/div>\n\t\t\t\t<\/div>\n\t\t\t\t<\/div>\n\t\t<div class=\"elementor-element elementor-element-28fd345 e-con-full e-flex e-con e-child\" data-id=\"28fd345\" data-element_type=\"container\" data-e-type=\"container\">\n\t\t\t\t<div class=\"elementor-element elementor-element-23cf7ee elementor-widget__width-inherit elementor-widget elementor-widget-image\" data-id=\"23cf7ee\" data-element_type=\"widget\" data-e-type=\"widget\" data-widget_type=\"image.default\">\n\t\t\t\t<div class=\"elementor-widget-container\">\n\t\t\t\t\t\t\t\t\t\t\t\t\t\t\t<img decoding=\"async\" width=\"800\" height=\"533\" src=\"https:\/\/agderma.de\/wp-content\/uploads\/2023\/02\/female-speaker-with-laptop-speaking-in-business-se-2021-08-28-16-44-15-utc-1024x682.jpeg\" class=\"attachment-large size-large wp-image-2996\" alt=\"\" srcset=\"https:\/\/agderma.de\/wp-content\/uploads\/2023\/02\/female-speaker-with-laptop-speaking-in-business-se-2021-08-28-16-44-15-utc-1024x682.jpeg 1024w, https:\/\/agderma.de\/wp-content\/uploads\/2023\/02\/female-speaker-with-laptop-speaking-in-business-se-2021-08-28-16-44-15-utc-300x200.jpeg 300w, https:\/\/agderma.de\/wp-content\/uploads\/2023\/02\/female-speaker-with-laptop-speaking-in-business-se-2021-08-28-16-44-15-utc-768x512.jpeg 768w, https:\/\/agderma.de\/wp-content\/uploads\/2023\/02\/female-speaker-with-laptop-speaking-in-business-se-2021-08-28-16-44-15-utc.jpeg 1400w\" sizes=\"(max-width: 800px) 100vw, 800px\" \/>\t\t\t\t\t\t\t\t\t\t\t\t\t\t\t<\/div>\n\t\t\t\t<\/div>\n\t\t\t\t<\/div>\n\t\t\t\t\t<\/div>\n\t\t\t\t<\/div>\n\t\t\t\t<\/div>","protected":false},"excerpt":{"rendered":"<p>Werden Sie Nachhaltigkeitsbotschafter:in! Mit einer Nachhaltigkeitsidee in Ihrem Vortrag unterst\u00fctzen Sie aktiv die Transformation zum nachhaltigen Gesundheitssektor: Schritt 1 Passend zu Ihrem geplanten Vortragsthema schlagen wir Ihnen einen relevanten Nachhaltigkeitsaspekt vor. Schritt 2 Sie sind mit unserem Vorschlag einverstanden? Dann erstellen wir f\u00fcr Sie kostenfrei eine unkomplizierte Nachhaltigkeitsfolie in PowerPoint. Schritt 3 Sie integrieren die [&hellip;]<\/p>\n","protected":false},"author":1,"featured_media":0,"parent":0,"menu_order":0,"comment_status":"closed","ping_status":"closed","template":"","meta":{"_acf_changed":false,"footnotes":""},"class_list":["post-2016","page","type-page","status-publish","hentry"],"acf":[],"_links":{"self":[{"href":"https:\/\/agderma.de\/es\/wp-json\/wp\/v2\/pages\/2016","targetHints":{"allow":["GET"]}}],"collection":[{"href":"https:\/\/agderma.de\/es\/wp-json\/wp\/v2\/pages"}],"about":[{"href":"https:\/\/agderma.de\/es\/wp-json\/wp\/v2\/types\/page"}],"author":[{"embeddable":true,"href":"https:\/\/agderma.de\/es\/wp-json\/wp\/v2\/users\/1"}],"replies":[{"embeddable":true,"href":"https:\/\/agderma.de\/es\/wp-json\/wp\/v2\/comments?post=2016"}],"version-history":[{"count":0,"href":"https:\/\/agderma.de\/es\/wp-json\/wp\/v2\/pages\/2016\/revisions"}],"wp:attachment":[{"href":"https:\/\/agderma.de\/es\/wp-json\/wp\/v2\/media?parent=2016"}],"curies":[{"name":"wp","href":"https:\/\/api.w.org\/{rel}","templated":true}]}}