{"id":2028,"date":"2023-02-06T10:33:20","date_gmt":"2023-02-06T10:33:20","guid":{"rendered":"http:\/\/agderma.de\/?page_id=2028"},"modified":"2023-06-16T06:34:44","modified_gmt":"2023-06-16T06:34:44","slug":"cursos-de-formacion","status":"publish","type":"page","link":"https:\/\/agderma.de\/es\/fortbildungen\/","title":{"rendered":"M\u00f3dulos de aprendizaje"},"content":{"rendered":"<div data-elementor-type=\"wp-page\" data-elementor-id=\"2028\" class=\"elementor elementor-2028\" data-elementor-post-type=\"page\">\n\t\t\t\t<div class=\"elementor-element elementor-element-92e1a53 e-flex e-con-boxed e-con e-parent\" data-id=\"92e1a53\" data-element_type=\"container\" data-e-type=\"container\" data-settings=\"{&quot;background_background&quot;:&quot;classic&quot;}\">\n\t\t\t\t\t<div class=\"e-con-inner\">\n\t\t\t\t<div class=\"elementor-element elementor-element-8793525 elementor-widget elementor-widget-heading\" data-id=\"8793525\" data-element_type=\"widget\" data-e-type=\"widget\" data-widget_type=\"heading.default\">\n\t\t\t\t<div class=\"elementor-widget-container\">\n\t\t\t\t\t<h1 class=\"elementor-heading-title elementor-size-default\">M\u00f3dulos de aprendizaje<\/h1>\t\t\t\t<\/div>\n\t\t\t\t<\/div>\n\t\t\t\t<div class=\"elementor-element elementor-element-3af978b elementor-widget elementor-widget-heading\" data-id=\"3af978b\" data-element_type=\"widget\" data-e-type=\"widget\" data-widget_type=\"heading.default\">\n\t\t\t\t<div class=\"elementor-widget-container\">\n\t\t\t\t\t<h2 class=\"elementor-heading-title elementor-size-default\">Cursos de formaci\u00f3n avanzada para auxiliares m\u00e9dicos (MFA)<\/h2>\t\t\t\t<\/div>\n\t\t\t\t<\/div>\n\t\t\t\t\t<\/div>\n\t\t\t\t<\/div>\n\t\t<div class=\"elementor-element elementor-element-201c245 e-flex e-con-boxed e-con e-parent\" data-id=\"201c245\" data-element_type=\"container\" data-e-type=\"container\">\n\t\t\t\t\t<div class=\"e-con-inner\">\n\t\t\t\t<div class=\"elementor-element elementor-element-182653f elementor-widget elementor-widget-toggle\" data-id=\"182653f\" data-element_type=\"widget\" data-e-type=\"widget\" data-widget_type=\"toggle.default\">\n\t\t\t\t<div class=\"elementor-widget-container\">\n\t\t\t\t\t\t\t<div class=\"elementor-toggle\">\n\t\t\t\t\t\t\t<div class=\"elementor-toggle-item\">\n\t\t\t\t\t<div id=\"elementor-tab-title-2531\" class=\"elementor-tab-title\" data-tab=\"1\" role=\"button\" aria-controls=\"elementor-tab-content-2531\" aria-expanded=\"false\">\n\t\t\t\t\t\t\t\t\t\t\t\t<span class=\"elementor-toggle-icon elementor-toggle-icon-right\" aria-hidden=\"true\">\n\t\t\t\t\t\t\t\t\t\t\t\t\t\t\t<span class=\"elementor-toggle-icon-closed\"><i class=\"fas fa-chevron-down\"><\/i><\/span>\n\t\t\t\t\t\t\t\t<span class=\"elementor-toggle-icon-opened\"><i class=\"elementor-toggle-icon-opened fas fa-chevron-up\"><\/i><\/span>\n\t\t\t\t\t\t\t\t\t\t\t\t\t<\/span>\n\t\t\t\t\t\t\t\t\t\t\t\t<a class=\"elementor-toggle-title\" tabindex=\"0\">\u00bfPor qu\u00e9 hemos creado m\u00f3dulos de aprendizaje para asistentes m\u00e9dicos (AMF)?<\/a>\n\t\t\t\t\t<\/div>\n\n\t\t\t\t\t<div id=\"elementor-tab-content-2531\" class=\"elementor-tab-content elementor-clearfix\" data-tab=\"1\" role=\"region\" aria-labelledby=\"elementor-tab-title-2531\"><p>En noviembre de 2021, el Congreso M\u00e9dico Alem\u00e1n hizo un llamamiento a la aplicaci\u00f3n inmediata de medidas sostenibles por parte de las sociedades m\u00e9dicas. El objetivo: reducir significativamente las emisiones de gases de efecto invernadero del sector sanitario para proteger a los pacientes.<\/p><p>Creemos que hacer frente a esta carga de trabajo adicional s\u00f3lo puede tener \u00e9xito mediante una informaci\u00f3n exhaustiva de todos los trabajadores del sector sanitario. Por ello, los m\u00f3dulos de aprendizaje de AGN proporcionan conocimientos b\u00e1sicos sobre la crisis clim\u00e1tica y del pl\u00e1stico, medidas sostenibles, resiliencia y salud planetaria, entre otras cosas, en seminarios en l\u00ednea de unos 45 minutos de duraci\u00f3n. Los consejos, que ahorran tiempo y son f\u00e1ciles de poner en pr\u00e1ctica, pretenden ayudar a integrar las medidas sostenibles de forma permanente en la vida laboral normal. Los seminarios se complementan con<br \/>M\u00f3dulos de aprendizaje a trav\u00e9s de detallados <a href=\"https:\/\/agderma.de\/es\/gestion-de-practicas-sostenibles-2\/plantillas-sqm-2\/\">propuestas QM gratuitas<\/a>\u00a0en esta plataforma, que puede integrarse en el propio sistema de gesti\u00f3n de la calidad de la consulta. Trabajar de forma sostenible no s\u00f3lo significa proteger el clima y el medio ambiente, sino que tambi\u00e9n refuerza el equipo y ayuda a ahorrar costes.<\/p><p>Los m\u00f3dulos de aprendizaje est\u00e1n orientados tem\u00e1ticamente hacia la <a href=\"https:\/\/www.bundesaerztekammer.de\/fileadmin\/user_upload\/_old-files\/downloads\/pdf-Ordner\/MFA-Fort\/2021-09-17_MFC_Klimawandel_u_Gesundheit_MFA.pdf\" target=\"_blank\" rel=\"noopener\">Plan de estudios de la Asociaci\u00f3n M\u00e9dica Alemana<\/a>\u00a0para la formaci\u00f3n de auxiliares m\u00e9dicos. Tambi\u00e9n son adecuados para los empleados de las profesiones de enfermer\u00eda.<\/p><p>Recomendamos ver los m\u00f3dulos en orden, ya que se apoyan unos en otros en cuanto a contenido.<\/p><p><strong>La serie de cursos se ampl\u00eda continuamente para incluir nuevos temas. Por favor, mant\u00e9ngase al d\u00eda en esta p\u00e1gina.<\/strong><\/p><\/div>\n\t\t\t\t<\/div>\n\t\t\t\t\t\t\t\t<\/div>\n\t\t\t\t\t\t<\/div>\n\t\t\t\t<\/div>\n\t\t\t\t\t<\/div>\n\t\t\t\t<\/div>\n\t\t<div class=\"elementor-element elementor-element-266aba3 e-flex e-con-boxed e-con e-parent\" data-id=\"266aba3\" data-element_type=\"container\" data-e-type=\"container\">\n\t\t\t\t\t<div class=\"e-con-inner\">\n\t\t\t\t<div class=\"elementor-element elementor-element-786dacf elementor-widget elementor-widget-video\" data-id=\"786dacf\" data-element_type=\"widget\" data-e-type=\"widget\" data-settings=\"{&quot;video_type&quot;:&quot;hosted&quot;,&quot;controls&quot;:&quot;yes&quot;}\" data-widget_type=\"video.default\">\n\t\t\t\t<div class=\"elementor-widget-container\">\n\t\t\t\t\t\t\t<div class=\"e-hosted-video elementor-wrapper elementor-open-inline\">\n\t\t\t\t\t<video class=\"elementor-video\" src=\"https:\/\/agderma.de\/wp-content\/uploads\/2023\/05\/mfaTeaser.mp4\" controls=\"\" preload=\"metadata\" controlslist=\"nodownload\" poster=\"https:\/\/agderma.de\/wp-content\/uploads\/2023\/05\/teaserThumbnail.png\"><\/video>\n\t\t\t\t<\/div>\n\t\t\t\t\t\t<\/div>\n\t\t\t\t<\/div>\n\t\t\t\t<div class=\"elementor-element elementor-element-8c28419 elementor-widget elementor-widget-text-editor\" data-id=\"8c28419\" data-element_type=\"widget\" data-e-type=\"widget\" data-widget_type=\"text-editor.default\">\n\t\t\t\t<div class=\"elementor-widget-container\">\n\t\t\t\t\t\t\t\t\t<p>V\u00eddeo creado por <a href=\"https:\/\/zenbuero.de\/\" target=\"_blank\" rel=\"noopener\">ZenOffice<\/a><\/p>\t\t\t\t\t\t\t\t<\/div>\n\t\t\t\t<\/div>\n\t\t\t\t\t<\/div>\n\t\t\t\t<\/div>\n\t\t<div class=\"elementor-element elementor-element-219f73c e-flex e-con-boxed e-con e-parent\" data-id=\"219f73c\" data-element_type=\"container\" data-e-type=\"container\">\n\t\t\t\t\t<div class=\"e-con-inner\">\n\t\t\t\t<div class=\"elementor-element elementor-element-979a4ab e-n-tabs-mobile elementor-widget elementor-widget-n-tabs\" data-id=\"979a4ab\" data-element_type=\"widget\" data-e-type=\"widget\" data-settings=\"{&quot;horizontal_scroll&quot;:&quot;disable&quot;}\" data-widget_type=\"nested-tabs.default\">\n\t\t\t\t<div class=\"elementor-widget-container\">\n\t\t\t\t\t\t\t<div class=\"e-n-tabs\" data-widget-number=\"158966955\" aria-label=\"Pesta\u00f1as. Abra los elementos con Intro o Espacio, ci\u00e9rrelos con Escape y navegue con las teclas de flecha.\" data-no-translation-aria-label=\"\">\n\t\t\t<div class=\"e-n-tabs-heading\" role=\"tablist\">\n\t\t\t\t\t<button id=\"e-n-tab-title-1589669551\" data-tab-title-id=\"e-n-tab-title-1589669551\" class=\"e-n-tab-title\" aria-selected=\"true\" data-tab-index=\"1\" role=\"tab\" tabindex=\"0\" aria-controls=\"e-n-tab-content-1589669551\" style=\"--n-tabs-title-order: 1;\">\n\t\t\t\t\t\t<span class=\"e-n-tab-title-text\">\n\t\t\t\tAlem\u00e1n\t\t\t<\/span>\n\t\t<\/button>\n\t\t\t\t<button id=\"e-n-tab-title-1589669552\" data-tab-title-id=\"e-n-tab-title-1589669552\" class=\"e-n-tab-title\" aria-selected=\"false\" data-tab-index=\"2\" role=\"tab\" tabindex=\"-1\" aria-controls=\"e-n-tab-content-1589669552\" style=\"--n-tabs-title-order: 2;\">\n\t\t\t\t\t\t<span class=\"e-n-tab-title-text\">\n\t\t\t\tTurco\t\t\t<\/span>\n\t\t<\/button>\n\t\t\t\t\t<\/div>\n\t\t\t<div class=\"e-n-tabs-content\">\n\t\t\t\t<div id=\"e-n-tab-content-1589669551\" role=\"tabpanel\" aria-labelledby=\"e-n-tab-title-1589669551\" data-tab-index=\"1\" style=\"--n-tabs-title-order: 1;\" class=\"e-active elementor-element elementor-element-85876a6 e-con-full e-flex e-con e-parent\" data-id=\"85876a6\" data-element_type=\"container\" data-e-type=\"container\">\n\t\t<div class=\"elementor-element elementor-element-18e7bb2 e-con-full e-flex e-con e-child\" data-id=\"18e7bb2\" data-element_type=\"container\" data-e-type=\"container\">\n\t\t<div class=\"elementor-element elementor-element-3747818 e-flex e-con-boxed e-con e-child\" data-id=\"3747818\" data-element_type=\"container\" data-e-type=\"container\">\n\t\t\t\t\t<div class=\"e-con-inner\">\n\t\t\t\t<div class=\"elementor-element elementor-element-09a6384 elementor-widget elementor-widget-image\" data-id=\"09a6384\" data-element_type=\"widget\" data-e-type=\"widget\" data-widget_type=\"image.default\">\n\t\t\t\t<div class=\"elementor-widget-container\">\n\t\t\t\t\t\t\t\t\t\t\t\t\t\t\t<img fetchpriority=\"high\" decoding=\"async\" width=\"800\" height=\"447\" src=\"https:\/\/agderma.de\/wp-content\/uploads\/2023\/03\/kurs1Titelbild-1024x572.png\" class=\"attachment-large size-large wp-image-3706\" alt=\"\" srcset=\"https:\/\/agderma.de\/wp-content\/uploads\/2023\/03\/kurs1Titelbild-1024x572.png 1024w, https:\/\/agderma.de\/wp-content\/uploads\/2023\/03\/kurs1Titelbild-300x168.png 300w, https:\/\/agderma.de\/wp-content\/uploads\/2023\/03\/kurs1Titelbild-768x429.png 768w, https:\/\/agderma.de\/wp-content\/uploads\/2023\/03\/kurs1Titelbild-1536x858.png 1536w, https:\/\/agderma.de\/wp-content\/uploads\/2023\/03\/kurs1Titelbild-18x10.png 18w, https:\/\/agderma.de\/wp-content\/uploads\/2023\/03\/kurs1Titelbild.png 1594w\" sizes=\"(max-width: 800px) 100vw, 800px\" \/>\t\t\t\t\t\t\t\t\t\t\t\t\t\t\t<\/div>\n\t\t\t\t<\/div>\n\t\t\t\t\t<\/div>\n\t\t\t\t<\/div>\n\t\t<div class=\"elementor-element elementor-element-44209cf e-flex e-con-boxed e-con e-child\" data-id=\"44209cf\" data-element_type=\"container\" data-e-type=\"container\">\n\t\t\t\t\t<div class=\"e-con-inner\">\n\t\t\t\t<div class=\"elementor-element elementor-element-064970c elementor-widget elementor-widget-text-editor\" data-id=\"064970c\" data-element_type=\"widget\" data-e-type=\"widget\" data-widget_type=\"text-editor.default\">\n\t\t\t\t<div class=\"elementor-widget-container\">\n\t\t\t\t\t\t\t\t\t<p>Este curso incluye m\u00f3dulos sobre los aspectos b\u00e1sicos del cambio clim\u00e1tico y explica la gesti\u00f3n de pr\u00e1cticas sostenibles con consejos y trucos.<\/p><p><b>Despu\u00e9s de este curso, podr\u00e1 introducir en la pr\u00e1ctica de forma independiente medidas sostenibles sencillas y eficaces, aumentar su propia satisfacci\u00f3n y hacer as\u00ed m\u00e1s atractivo el lugar de trabajo.<\/b><\/p><p><em>Duraci\u00f3n por m\u00f3dulo del curso: aprox. 40 minutos<\/em><\/p><p><em>Duraci\u00f3n total del curso: aprox. 1 hora y 20 minutos<\/em><\/p>\t\t\t\t\t\t\t\t<\/div>\n\t\t\t\t<\/div>\n\t\t\t\t<div class=\"elementor-element elementor-element-8483cb6 elementor-widget elementor-widget-button\" data-id=\"8483cb6\" data-element_type=\"widget\" data-e-type=\"widget\" data-widget_type=\"button.default\">\n\t\t\t\t<div class=\"elementor-widget-container\">\n\t\t\t\t\t\t\t\t\t<div class=\"elementor-button-wrapper\">\n\t\t\t\t\t<a class=\"elementor-button elementor-button-link elementor-size-sm\" href=\"https:\/\/shop.agderma.de\/\">\n\t\t\t\t\t\t<span class=\"elementor-button-content-wrapper\">\n\t\t\t\t\t\t<span class=\"elementor-button-icon\">\n\t\t\t\t<i aria-hidden=\"true\" class=\"fas fa-arrow-right\"><\/i>\t\t\t<\/span>\n\t\t\t\t\t\t\t\t\t<span class=\"elementor-button-text\">M\u00e1s informaci\u00f3n<\/span>\n\t\t\t\t\t<\/span>\n\t\t\t\t\t<\/a>\n\t\t\t\t<\/div>\n\t\t\t\t\t\t\t\t<\/div>\n\t\t\t\t<\/div>\n\t\t\t\t\t<\/div>\n\t\t\t\t<\/div>\n\t\t\t\t<\/div>\n\t\t<div class=\"elementor-element elementor-element-5eddd9f e-con-full e-flex e-con e-child\" data-id=\"5eddd9f\" data-element_type=\"container\" data-e-type=\"container\">\n\t\t<div class=\"elementor-element elementor-element-74487e3 e-flex e-con-boxed e-con e-child\" data-id=\"74487e3\" data-element_type=\"container\" data-e-type=\"container\">\n\t\t\t\t\t<div class=\"e-con-inner\">\n\t\t\t\t<div class=\"elementor-element elementor-element-adea670 elementor-widget elementor-widget-image\" data-id=\"adea670\" data-element_type=\"widget\" data-e-type=\"widget\" data-widget_type=\"image.default\">\n\t\t\t\t<div class=\"elementor-widget-container\">\n\t\t\t\t\t\t\t\t\t\t\t\t\t\t\t<img decoding=\"async\" width=\"800\" height=\"448\" src=\"https:\/\/agderma.de\/wp-content\/uploads\/2023\/03\/kurs2Titelbild-1024x573.png\" class=\"attachment-large size-large wp-image-3705\" alt=\"\" srcset=\"https:\/\/agderma.de\/wp-content\/uploads\/2023\/03\/kurs2Titelbild-1024x573.png 1024w, https:\/\/agderma.de\/wp-content\/uploads\/2023\/03\/kurs2Titelbild-300x168.png 300w, https:\/\/agderma.de\/wp-content\/uploads\/2023\/03\/kurs2Titelbild-768x430.png 768w, https:\/\/agderma.de\/wp-content\/uploads\/2023\/03\/kurs2Titelbild-1536x860.png 1536w, https:\/\/agderma.de\/wp-content\/uploads\/2023\/03\/kurs2Titelbild-18x10.png 18w, https:\/\/agderma.de\/wp-content\/uploads\/2023\/03\/kurs2Titelbild.png 1586w\" sizes=\"(max-width: 800px) 100vw, 800px\" \/>\t\t\t\t\t\t\t\t\t\t\t\t\t\t\t<\/div>\n\t\t\t\t<\/div>\n\t\t\t\t\t<\/div>\n\t\t\t\t<\/div>\n\t\t<div class=\"elementor-element elementor-element-c9f28c2 e-flex e-con-boxed e-con e-child\" data-id=\"c9f28c2\" data-element_type=\"container\" data-e-type=\"container\">\n\t\t\t\t\t<div class=\"e-con-inner\">\n\t\t\t\t<div class=\"elementor-element elementor-element-24832c9 elementor-widget elementor-widget-text-editor\" data-id=\"24832c9\" data-element_type=\"widget\" data-e-type=\"widget\" data-widget_type=\"text-editor.default\">\n\t\t\t\t<div class=\"elementor-widget-container\">\n\t\t\t\t\t\t\t\t\t<p>Los m\u00f3dulos de este curso abordan el impacto de la crisis clim\u00e1tica en las pr\u00e1cticas y qu\u00e9 medidas tomar ahora.<\/p><p><b>Tras este curso, habr\u00e1 comprendido qu\u00e9 crisis provocadas por fen\u00f3menos meteorol\u00f3gicos podr\u00edan afectar tambi\u00e9n a su consulta en el futuro y c\u00f3mo puede afrontar los posibles problemas con seguridad y eficacia.<\/b><\/p><p><em>Duraci\u00f3n por m\u00f3dulo del curso: aprox. 40 minutos<\/em><\/p><p><em>Duraci\u00f3n total del curso: aprox. 1 hora y 20 minutos<\/em><\/p>\t\t\t\t\t\t\t\t<\/div>\n\t\t\t\t<\/div>\n\t\t\t\t<div class=\"elementor-element elementor-element-29be8df elementor-widget elementor-widget-button\" data-id=\"29be8df\" data-element_type=\"widget\" data-e-type=\"widget\" data-widget_type=\"button.default\">\n\t\t\t\t<div class=\"elementor-widget-container\">\n\t\t\t\t\t\t\t\t\t<div class=\"elementor-button-wrapper\">\n\t\t\t\t\t<a class=\"elementor-button elementor-button-link elementor-size-sm\" href=\"https:\/\/shop.agderma.de\/\">\n\t\t\t\t\t\t<span class=\"elementor-button-content-wrapper\">\n\t\t\t\t\t\t<span class=\"elementor-button-icon\">\n\t\t\t\t<i aria-hidden=\"true\" class=\"fas fa-arrow-right\"><\/i>\t\t\t<\/span>\n\t\t\t\t\t\t\t\t\t<span class=\"elementor-button-text\">M\u00e1s informaci\u00f3n<\/span>\n\t\t\t\t\t<\/span>\n\t\t\t\t\t<\/a>\n\t\t\t\t<\/div>\n\t\t\t\t\t\t\t\t<\/div>\n\t\t\t\t<\/div>\n\t\t\t\t\t<\/div>\n\t\t\t\t<\/div>\n\t\t\t\t<\/div>\n\t\t\t\t<\/div>\n\t\t<div id=\"e-n-tab-content-1589669552\" role=\"tabpanel\" aria-labelledby=\"e-n-tab-title-1589669552\" data-tab-index=\"2\" style=\"--n-tabs-title-order: 2;\" class=\"elementor-element elementor-element-e5f9c5d e-con-full e-flex e-con e-parent\" data-id=\"e5f9c5d\" data-element_type=\"container\" data-e-type=\"container\">\n\t\t<div class=\"elementor-element elementor-element-6de3f81 e-con-full e-flex e-con e-child\" data-id=\"6de3f81\" data-element_type=\"container\" data-e-type=\"container\">\n\t\t<div class=\"elementor-element elementor-element-d1ad362 e-flex e-con-boxed e-con e-child\" data-id=\"d1ad362\" data-element_type=\"container\" data-e-type=\"container\">\n\t\t\t\t\t<div class=\"e-con-inner\">\n\t\t\t\t<div class=\"elementor-element elementor-element-ccfd0ae elementor-widget elementor-widget-image\" data-id=\"ccfd0ae\" data-element_type=\"widget\" data-e-type=\"widget\" data-widget_type=\"image.default\">\n\t\t\t\t<div class=\"elementor-widget-container\">\n\t\t\t\t\t\t\t\t\t\t\t\t\t\t\t<img decoding=\"async\" width=\"800\" height=\"450\" src=\"https:\/\/agderma.de\/wp-content\/uploads\/2023\/03\/Fotos-fuer-die-Kurse.pptx-1-1024x576.jpg\" class=\"attachment-large size-large wp-image-3704\" alt=\"\" srcset=\"https:\/\/agderma.de\/wp-content\/uploads\/2023\/03\/Fotos-fuer-die-Kurse.pptx-1-1024x576.jpg 1024w, https:\/\/agderma.de\/wp-content\/uploads\/2023\/03\/Fotos-fuer-die-Kurse.pptx-1-300x169.jpg 300w, https:\/\/agderma.de\/wp-content\/uploads\/2023\/03\/Fotos-fuer-die-Kurse.pptx-1-768x432.jpg 768w, https:\/\/agderma.de\/wp-content\/uploads\/2023\/03\/Fotos-fuer-die-Kurse.pptx-1.jpg 1280w\" sizes=\"(max-width: 800px) 100vw, 800px\" \/>\t\t\t\t\t\t\t\t\t\t\t\t\t\t\t<\/div>\n\t\t\t\t<\/div>\n\t\t\t\t\t<\/div>\n\t\t\t\t<\/div>\n\t\t<div class=\"elementor-element elementor-element-faed05c e-flex e-con-boxed e-con e-child\" data-id=\"faed05c\" data-element_type=\"container\" data-e-type=\"container\">\n\t\t\t\t\t<div class=\"e-con-inner\">\n\t\t\t\t<div class=\"elementor-element elementor-element-de6a5fd elementor-widget elementor-widget-text-editor\" data-id=\"de6a5fd\" data-element_type=\"widget\" data-e-type=\"widget\" data-widget_type=\"text-editor.default\">\n\t\t\t\t<div class=\"elementor-widget-container\">\n\t\t\t\t\t\t\t\t\t<p>Bu ders, iklim de\u011fi\u015fikli\u011finin temelleri \u00fczerine mod\u00fcller i\u00e7erir ve \u0130pu\u00e7lar\u0131 ve p\u00fcf noktalar\u0131 ile s\u00fcrd\u00fcr\u00fclebilir pratik rehberlik.<\/p><p><strong>Bu kurstan sonra, basit ve etkili s\u00fcrd\u00fcr\u00fclebilir \u00f6nlemleri pratikte ba\u011f\u0131ms\u0131z olarak uygulayabilecek, kendi memnuniyetinizi art\u0131rabilecek ve b\u00f6ylece i\u015fyerini daha \u00e7ekici hale getirebileceksiniz.<\/strong><\/p><p><em>Curso mod\u00fcl\u00fc ba\u015f\u0131na s\u00fcre: yakla\u015f\u0131k 40 dakika<\/em><\/p><p><em>Condiciones generales de venta: 1 de enero de 20 d\u00edas laborables<\/em><\/p>\t\t\t\t\t\t\t\t<\/div>\n\t\t\t\t<\/div>\n\t\t\t\t<div class=\"elementor-element elementor-element-b16b252 elementor-widget elementor-widget-button\" data-id=\"b16b252\" data-element_type=\"widget\" data-e-type=\"widget\" data-widget_type=\"button.default\">\n\t\t\t\t<div class=\"elementor-widget-container\">\n\t\t\t\t\t\t\t\t\t<div class=\"elementor-button-wrapper\">\n\t\t\t\t\t<a class=\"elementor-button elementor-button-link elementor-size-sm\" href=\"https:\/\/shop.agderma.de\/produkt\/suerdueruelebilir-uygulama-yoenetimi\/\">\n\t\t\t\t\t\t<span class=\"elementor-button-content-wrapper\">\n\t\t\t\t\t\t<span class=\"elementor-button-icon\">\n\t\t\t\t<i aria-hidden=\"true\" class=\"fas fa-arrow-right\"><\/i>\t\t\t<\/span>\n\t\t\t\t\t\t\t\t\t<span class=\"elementor-button-text\">M\u00e1s informaci\u00f3n<\/span>\n\t\t\t\t\t<\/span>\n\t\t\t\t\t<\/a>\n\t\t\t\t<\/div>\n\t\t\t\t\t\t\t\t<\/div>\n\t\t\t\t<\/div>\n\t\t\t\t\t<\/div>\n\t\t\t\t<\/div>\n\t\t\t\t<\/div>\n\t\t\t\t<\/div>\n\t\t\t\t\t<\/div>\n\t\t<\/div>\n\t\t\t\t\t\t<\/div>\n\t\t\t\t<\/div>\n\t\t\t\t\t<\/div>\n\t\t\t\t<\/div>\n\t\t<div class=\"elementor-element elementor-element-bf7b7e3 e-flex e-con-boxed e-con e-parent\" data-id=\"bf7b7e3\" data-element_type=\"container\" data-e-type=\"container\">\n\t\t\t\t\t<div class=\"e-con-inner\">\n\t\t\t\t<div class=\"elementor-element elementor-element-2ae6690 elementor-position-inline-start elementor-view-default elementor-mobile-position-block-start elementor-widget elementor-widget-icon-box\" data-id=\"2ae6690\" data-element_type=\"widget\" data-e-type=\"widget\" data-widget_type=\"icon-box.default\">\n\t\t\t\t<div class=\"elementor-widget-container\">\n\t\t\t\t\t\t\t<div class=\"elementor-icon-box-wrapper\">\n\n\t\t\t\t\t\t<div class=\"elementor-icon-box-icon\">\n\t\t\t\t<span  class=\"elementor-icon\">\n\t\t\t\t<i aria-hidden=\"true\" class=\"fas fa-question-circle\"><\/i>\t\t\t\t<\/span>\n\t\t\t<\/div>\n\t\t\t\n\t\t\t\t\t\t<div class=\"elementor-icon-box-content\">\n\n\t\t\t\t\t\t\t\t\t<h3 class=\"elementor-icon-box-title\">\n\t\t\t\t\t\t<span  >\n\t\t\t\t\t\t\t\u00bfLe interesan otros m\u00f3dulos de formaci\u00f3n?\t\t\t\t\t\t<\/span>\n\t\t\t\t\t<\/h3>\n\t\t\t\t\n\t\t\t\t\t\t\t\t\t<p class=\"elementor-icon-box-description\">\n\t\t\t\t\t\tVis\u00edtenos regularmente en\npara estar al d\u00eda de las nuevas publicaciones.\n\u00bfLe han gustado nuestros cursos de formaci\u00f3n? Esperamos sus comentarios y\nsugerencias.\n<br><br>\n\n<a href=\"https:\/\/agderma.de\/es\/pongase-en-contacto-con\/\" class=\"elementor-button-link elementor-button elementor-size-sm\" role=\"button\">\n<span class=\"elementor-button-content-wrapper\">\n&lt;span class=&quot;elementor-button-icon elementor-align-icon-right&quot;<i aria-hidden=\"true\" class=\"fas fa-arrow-right\"><\/i>\t\t\t<\/span>\n<span class=\"elementor-button-text\">P\u00f3ngase en contacto con<\/span>\n\t\t<\/span>\n\t\t\t\t<\/a>\t\t\t\t\t<\/p>\n\t\t\t\t\n\t\t\t<\/div>\n\t\t\t\n\t\t<\/div>\n\t\t\t\t\t\t<\/div>\n\t\t\t\t<\/div>\n\t\t\t\t\t<\/div>\n\t\t\t\t<\/div>\n\t\t\t\t<\/div>","protected":false},"excerpt":{"rendered":"<p>Fortbildungskurse f\u00fcr Medizinische Fachangestellte (MFA) Warum haben wir Lernmodule f\u00fcr Medizinische Fachangestellte (MFA) erstellt: Im November 2021 forderte der Deutsche \u00c4rztetag die sofortige Umsetzung nachhaltiger Ma\u00dfnahmen durch medizinische Fachgesellschaften. Das Ziel: Treibhausgasemissionen des Gesundheitssektors zum Schutz der Patient:innen deutlich senken. Wir sind der Meinung, dass die Bew\u00e4ltigung dieser zus\u00e4tzlichen Arbeitsaufgabe nur durch umfassende Information aller [&hellip;]<\/p>\n","protected":false},"author":1,"featured_media":0,"parent":0,"menu_order":0,"comment_status":"closed","ping_status":"closed","template":"","meta":{"_acf_changed":false,"footnotes":""},"class_list":["post-2028","page","type-page","status-publish","hentry"],"acf":[],"_links":{"self":[{"href":"https:\/\/agderma.de\/es\/wp-json\/wp\/v2\/pages\/2028","targetHints":{"allow":["GET"]}}],"collection":[{"href":"https:\/\/agderma.de\/es\/wp-json\/wp\/v2\/pages"}],"about":[{"href":"https:\/\/agderma.de\/es\/wp-json\/wp\/v2\/types\/page"}],"author":[{"embeddable":true,"href":"https:\/\/agderma.de\/es\/wp-json\/wp\/v2\/users\/1"}],"replies":[{"embeddable":true,"href":"https:\/\/agderma.de\/es\/wp-json\/wp\/v2\/comments?post=2028"}],"version-history":[{"count":5,"href":"https:\/\/agderma.de\/es\/wp-json\/wp\/v2\/pages\/2028\/revisions"}],"predecessor-version":[{"id":4555,"href":"https:\/\/agderma.de\/es\/wp-json\/wp\/v2\/pages\/2028\/revisions\/4555"}],"wp:attachment":[{"href":"https:\/\/agderma.de\/es\/wp-json\/wp\/v2\/media?parent=2028"}],"curies":[{"name":"wp","href":"https:\/\/api.w.org\/{rel}","templated":true}]}}