{"id":31,"date":"2023-01-15T11:26:31","date_gmt":"2023-01-15T11:26:31","guid":{"rendered":"http:\/\/agderma.de\/?page_id=31"},"modified":"2024-09-11T14:32:48","modified_gmt":"2024-09-11T14:32:48","slug":"gestion-de-practicas-sostenibles-2","status":"publish","type":"page","link":"https:\/\/agderma.de\/es\/nachhaltiges-praxismanagement\/","title":{"rendered":"Gesti\u00f3n sostenible de las pr\u00e1cticas"},"content":{"rendered":"<div data-elementor-type=\"wp-page\" data-elementor-id=\"31\" class=\"elementor elementor-31\" data-elementor-post-type=\"page\">\n\t\t\t\t<div class=\"elementor-element elementor-element-5358569 e-flex e-con-boxed e-con e-parent\" data-id=\"5358569\" data-element_type=\"container\" data-e-type=\"container\" data-settings=\"{&quot;background_background&quot;:&quot;classic&quot;}\">\n\t\t\t\t\t<div class=\"e-con-inner\">\n\t\t\t\t<div class=\"elementor-element elementor-element-6aeeca1 elementor-widget elementor-widget-heading\" data-id=\"6aeeca1\" data-element_type=\"widget\" data-e-type=\"widget\" data-widget_type=\"heading.default\">\n\t\t\t\t<div class=\"elementor-widget-container\">\n\t\t\t\t\t<h1 class=\"elementor-heading-title elementor-size-default\">Gesti\u00f3n sostenible de las pr\u00e1cticas<\/h1>\t\t\t\t<\/div>\n\t\t\t\t<\/div>\n\t\t\t\t\t<\/div>\n\t\t\t\t<\/div>\n\t\t<div class=\"elementor-element elementor-element-cf916a6 e-flex e-con-boxed e-con e-parent\" data-id=\"cf916a6\" data-element_type=\"container\" data-e-type=\"container\">\n\t\t\t\t\t<div class=\"e-con-inner\">\n\t\t<div class=\"elementor-element elementor-element-4f4b5b8 e-con-full e-flex e-con e-child\" data-id=\"4f4b5b8\" data-element_type=\"container\" data-e-type=\"container\">\n\t\t\t\t<div class=\"elementor-element elementor-element-71bd86c elementor-widget elementor-widget-text-editor\" data-id=\"71bd86c\" data-element_type=\"widget\" data-e-type=\"widget\" data-widget_type=\"text-editor.default\">\n\t\t\t\t<div class=\"elementor-widget-container\">\n\t\t\t\t\t\t\t\t\t<p>La gesti\u00f3n sostenible de la consulta significa organizar el trabajo diario de forma que se conserven al m\u00e1ximo los recursos. Aunque existan requisitos legales en el \u00e1mbito m\u00e9dico, por ejemplo en materia de higiene, se pueden identificar numerosas \u00e1reas que pueden dise\u00f1arse de forma sostenible sin tener que solicitar medidas pol\u00edticas profesionales revolucionarias.<\/p><p>A su vez, la conservaci\u00f3n de los recursos no s\u00f3lo supone un ahorro de emisiones de gases de efecto invernadero, sino tambi\u00e9n una gesti\u00f3n econ\u00f3mica de la consulta. Adem\u00e1s, la gesti\u00f3n sostenible de la consulta puede motivar al personal y a los pacientes a adoptar estilos de vida sostenibles.<\/p><p><strong>Haga clic aqu\u00ed para descargar gratuitamente el sistema de gesti\u00f3n sostenible de la calidad (QM).<\/strong><br \/><strong>sugerencias y las instrucciones para su cuidado.<br \/><\/strong><\/p>\t\t\t\t\t\t\t\t<\/div>\n\t\t\t\t<\/div>\n\t\t\t\t<div class=\"elementor-element elementor-element-70f2558 elementor-widget elementor-widget-button\" data-id=\"70f2558\" data-element_type=\"widget\" data-e-type=\"widget\" data-widget_type=\"button.default\">\n\t\t\t\t<div class=\"elementor-widget-container\">\n\t\t\t\t\t\t\t\t\t<div class=\"elementor-button-wrapper\">\n\t\t\t\t\t<a class=\"elementor-button elementor-button-link elementor-size-sm\" href=\"https:\/\/agderma.de\/es\/gestion-de-practicas-sostenibles-2\/plantillas-sqm-2\/\">\n\t\t\t\t\t\t<span class=\"elementor-button-content-wrapper\">\n\t\t\t\t\t\t\t\t\t<span class=\"elementor-button-text\">A las plantillas<\/span>\n\t\t\t\t\t<\/span>\n\t\t\t\t\t<\/a>\n\t\t\t\t<\/div>\n\t\t\t\t\t\t\t\t<\/div>\n\t\t\t\t<\/div>\n\t\t\t\t<\/div>\n\t\t<div class=\"elementor-element elementor-element-f4444ce e-con-full e-flex e-con e-child\" data-id=\"f4444ce\" data-element_type=\"container\" data-e-type=\"container\">\n\t\t\t\t<div class=\"elementor-element elementor-element-4dd978b elementor-widget elementor-widget-image\" data-id=\"4dd978b\" data-element_type=\"widget\" data-e-type=\"widget\" data-widget_type=\"image.default\">\n\t\t\t\t<div class=\"elementor-widget-container\">\n\t\t\t\t\t\t\t\t\t\t\t\t<figure class=\"wp-caption\">\n\t\t\t\t\t\t\t\t\t\t<img fetchpriority=\"high\" decoding=\"async\" width=\"800\" height=\"530\" src=\"https:\/\/agderma.de\/wp-content\/uploads\/2023\/02\/place-name-sign-4929731_1920-1024x679.jpg\" class=\"attachment-large size-large wp-image-3326\" alt=\"\" srcset=\"https:\/\/agderma.de\/wp-content\/uploads\/2023\/02\/place-name-sign-4929731_1920-1024x679.jpg 1024w, https:\/\/agderma.de\/wp-content\/uploads\/2023\/02\/place-name-sign-4929731_1920-300x199.jpg 300w, https:\/\/agderma.de\/wp-content\/uploads\/2023\/02\/place-name-sign-4929731_1920-768x509.jpg 768w, https:\/\/agderma.de\/wp-content\/uploads\/2023\/02\/place-name-sign-4929731_1920.jpg 1400w\" sizes=\"(max-width: 800px) 100vw, 800px\" \/>\t\t\t\t\t\t\t\t\t\t\t<figcaption class=\"widget-image-caption wp-caption-text\"><\/figcaption>\n\t\t\t\t\t\t\t\t\t\t<\/figure>\n\t\t\t\t\t\t\t\t\t<\/div>\n\t\t\t\t<\/div>\n\t\t\t\t<\/div>\n\t\t\t\t\t<\/div>\n\t\t\t\t<\/div>\n\t\t<div class=\"elementor-element elementor-element-d7c6e16 e-flex e-con-boxed e-con e-parent\" data-id=\"d7c6e16\" data-element_type=\"container\" data-e-type=\"container\">\n\t\t\t\t\t<div class=\"e-con-inner\">\n\t\t\t\t\t<\/div>\n\t\t\t\t<\/div>\n\t\t\t\t<\/div>","protected":false},"excerpt":{"rendered":"<p>Nachhaltiges Praxismanagement bedeutet den Arbeitsalltag so ressourcenschonend wie m\u00f6glich zu gestalten. Auch wenn es im medizinischen Bereich gesetzlich vorgeschriebene Anforderungen wie z. B. f\u00fcr Hygiene gibt, lassen sich zahlreiche Bereiche identifizieren, die nachhaltig gestaltet werden k\u00f6nnen, ohne umw\u00e4lzende berufspolitische Ma\u00dfnahmen beantragen zu m\u00fcssen. Ressourcenschonung wiederum bedeutet nicht nur Einsparung von Treibhausgasemissionen, sondern auch wirtschaftliches Praxismanagement. [&hellip;]<\/p>\n","protected":false},"author":1,"featured_media":0,"parent":0,"menu_order":0,"comment_status":"closed","ping_status":"closed","template":"","meta":{"_acf_changed":false,"footnotes":""},"class_list":["post-31","page","type-page","status-publish","hentry"],"acf":[],"_links":{"self":[{"href":"https:\/\/agderma.de\/es\/wp-json\/wp\/v2\/pages\/31","targetHints":{"allow":["GET"]}}],"collection":[{"href":"https:\/\/agderma.de\/es\/wp-json\/wp\/v2\/pages"}],"about":[{"href":"https:\/\/agderma.de\/es\/wp-json\/wp\/v2\/types\/page"}],"author":[{"embeddable":true,"href":"https:\/\/agderma.de\/es\/wp-json\/wp\/v2\/users\/1"}],"replies":[{"embeddable":true,"href":"https:\/\/agderma.de\/es\/wp-json\/wp\/v2\/comments?post=31"}],"version-history":[{"count":7,"href":"https:\/\/agderma.de\/es\/wp-json\/wp\/v2\/pages\/31\/revisions"}],"predecessor-version":[{"id":5419,"href":"https:\/\/agderma.de\/es\/wp-json\/wp\/v2\/pages\/31\/revisions\/5419"}],"wp:attachment":[{"href":"https:\/\/agderma.de\/es\/wp-json\/wp\/v2\/media?parent=31"}],"curies":[{"name":"wp","href":"https:\/\/api.w.org\/{rel}","templated":true}]}}