{"id":33,"date":"2023-01-15T11:26:54","date_gmt":"2023-01-15T11:26:54","guid":{"rendered":"http:\/\/agderma.de\/?page_id=33"},"modified":"2024-09-25T04:42:13","modified_gmt":"2024-09-25T04:42:13","slug":"gestion-clinica-sostenible","status":"publish","type":"page","link":"https:\/\/agderma.de\/es\/nachhaltiges-klinikmanagement\/","title":{"rendered":"Gesti\u00f3n cl\u00ednica sostenible"},"content":{"rendered":"<div data-elementor-type=\"wp-page\" data-elementor-id=\"33\" class=\"elementor elementor-33\" data-elementor-post-type=\"page\">\n\t\t\t\t<div class=\"elementor-element elementor-element-4b4918b e-flex e-con-boxed e-con e-parent\" data-id=\"4b4918b\" data-element_type=\"container\" data-e-type=\"container\" data-settings=\"{&quot;background_background&quot;:&quot;classic&quot;}\">\n\t\t\t\t\t<div class=\"e-con-inner\">\n\t\t\t\t<div class=\"elementor-element elementor-element-abb9015 elementor-widget elementor-widget-heading\" data-id=\"abb9015\" data-element_type=\"widget\" data-e-type=\"widget\" data-widget_type=\"heading.default\">\n\t\t\t\t<div class=\"elementor-widget-container\">\n\t\t\t\t\t<h1 class=\"elementor-heading-title elementor-size-default\">Gesti\u00f3n cl\u00ednica sostenible<\/h1>\t\t\t\t<\/div>\n\t\t\t\t<\/div>\n\t\t\t\t\t<\/div>\n\t\t\t\t<\/div>\n\t\t<div class=\"elementor-element elementor-element-836808e e-flex e-con-boxed e-con e-parent\" data-id=\"836808e\" data-element_type=\"container\" data-e-type=\"container\">\n\t\t\t\t\t<div class=\"e-con-inner\">\n\t\t<div class=\"elementor-element elementor-element-4177ebd e-con-full e-flex e-con e-child\" data-id=\"4177ebd\" data-element_type=\"container\" data-e-type=\"container\">\n\t\t\t\t<div class=\"elementor-element elementor-element-8486632 elementor-widget elementor-widget-image\" data-id=\"8486632\" data-element_type=\"widget\" data-e-type=\"widget\" data-widget_type=\"image.default\">\n\t\t\t\t<div class=\"elementor-widget-container\">\n\t\t\t\t\t\t\t\t\t\t\t\t\t\t\t<img fetchpriority=\"high\" decoding=\"async\" width=\"800\" height=\"533\" src=\"https:\/\/agderma.de\/wp-content\/uploads\/2023\/02\/team-of-surgeons-performing-surgery-2022-03-07-17-45-20-utc-1-1024x682.jpg\" class=\"attachment-large size-large wp-image-3036\" alt=\"\" srcset=\"https:\/\/agderma.de\/wp-content\/uploads\/2023\/02\/team-of-surgeons-performing-surgery-2022-03-07-17-45-20-utc-1-1024x682.jpg 1024w, https:\/\/agderma.de\/wp-content\/uploads\/2023\/02\/team-of-surgeons-performing-surgery-2022-03-07-17-45-20-utc-1-300x200.jpg 300w, https:\/\/agderma.de\/wp-content\/uploads\/2023\/02\/team-of-surgeons-performing-surgery-2022-03-07-17-45-20-utc-1-768x512.jpg 768w, https:\/\/agderma.de\/wp-content\/uploads\/2023\/02\/team-of-surgeons-performing-surgery-2022-03-07-17-45-20-utc-1.jpg 1400w\" sizes=\"(max-width: 800px) 100vw, 800px\" \/>\t\t\t\t\t\t\t\t\t\t\t\t\t\t\t<\/div>\n\t\t\t\t<\/div>\n\t\t\t\t<div class=\"elementor-element elementor-element-e3da578 elementor-widget elementor-widget-toggle\" data-id=\"e3da578\" data-element_type=\"widget\" data-e-type=\"widget\" data-widget_type=\"toggle.default\">\n\t\t\t\t<div class=\"elementor-widget-container\">\n\t\t\t\t\t\t\t<div class=\"elementor-toggle\">\n\t\t\t\t\t\t\t<div class=\"elementor-toggle-item\">\n\t\t\t\t\t<div id=\"elementor-tab-title-2381\" class=\"elementor-tab-title\" data-tab=\"1\" role=\"button\" aria-controls=\"elementor-tab-content-2381\" aria-expanded=\"false\">\n\t\t\t\t\t\t\t\t\t\t\t\t<span class=\"elementor-toggle-icon elementor-toggle-icon-right\" aria-hidden=\"true\">\n\t\t\t\t\t\t\t\t\t\t\t\t\t\t\t<span class=\"elementor-toggle-icon-closed\"><i class=\"fas fa-chevron-down\"><\/i><\/span>\n\t\t\t\t\t\t\t\t<span class=\"elementor-toggle-icon-opened\"><i class=\"elementor-toggle-icon-opened fas fa-chevron-up\"><\/i><\/span>\n\t\t\t\t\t\t\t\t\t\t\t\t\t<\/span>\n\t\t\t\t\t\t\t\t\t\t\t\t<a class=\"elementor-toggle-title\" tabindex=\"0\">Consejos actuales probados para aplicar medidas sostenibles en su cl\u00ednica<\/a>\n\t\t\t\t\t<\/div>\n\n\t\t\t\t\t<div id=\"elementor-tab-content-2381\" class=\"elementor-tab-content elementor-clearfix\" data-tab=\"1\" role=\"region\" aria-labelledby=\"elementor-tab-title-2381\"><p><a href=\"https:\/\/agderma.de\/wp-content\/uploads\/2024\/09\/Aktionsplaene-fuer-Kliniken.pdf\">Planes de acci\u00f3n para las cl\u00ednicas<\/a><\/p><p><a href=\"https:\/\/klinikum-darmstadt.de\/fileadmin\/user_upload\/user_upload\/Energiesparfibel_webkorr.pdf\" target=\"_blank\" rel=\"noopener\">Gu\u00eda de ahorro energ\u00e9tico del Hospital de Darmstadt<\/a><\/p><p><a href=\"https:\/\/agderma.de\/wp-content\/uploads\/2023\/02\/Oeffentlichkeistarbeit-an-Kliniken.pdf\">Relaciones p\u00fablicas\u00a0<\/a><\/p><p><a href=\"https:\/\/agderma.de\/wp-content\/uploads\/2023\/03\/cfh_praxisleitfaden_klimatransformation_im_krankenhaus.pdf\">Gu\u00eda pr\u00e1ctica para la transformaci\u00f3n clim\u00e1tica en los hospitales (Havelh\u00f6he)<\/a><\/p><p><a href=\"https:\/\/www.ifeu.de\/nachrichtenarchiv\/treibhausgasbilanz-fuer-gesundheitsinstitutionen-klimeg-rechner-jetzt-online\" target=\"_blank\" rel=\"noopener\">Calcular el balance de gases de efecto invernadero de los hospitales (KliMeG)<\/a><\/p><\/div>\n\t\t\t\t<\/div>\n\t\t\t\t\t\t\t\t<\/div>\n\t\t\t\t\t\t<\/div>\n\t\t\t\t<\/div>\n\t\t\t\t<\/div>\n\t\t\t\t\t<\/div>\n\t\t\t\t<\/div>\n\t\t<div class=\"elementor-element elementor-element-acaaf0c e-flex e-con-boxed e-con e-parent\" data-id=\"acaaf0c\" data-element_type=\"container\" data-e-type=\"container\">\n\t\t\t\t\t<div class=\"e-con-inner\">\n\t\t\t\t<div class=\"elementor-element elementor-element-b09d95f elementor-widget elementor-widget-heading\" data-id=\"b09d95f\" data-element_type=\"widget\" data-e-type=\"widget\" data-widget_type=\"heading.default\">\n\t\t\t\t<div class=\"elementor-widget-container\">\n\t\t\t\t\t<h2 class=\"elementor-heading-title elementor-size-default\">\u00bfPor qu\u00e9 es importante la gesti\u00f3n sostenible de las cl\u00ednicas?<\/h2>\t\t\t\t<\/div>\n\t\t\t\t<\/div>\n\t\t\t\t<div class=\"elementor-element elementor-element-25fa55d elementor-widget elementor-widget-text-editor\" data-id=\"25fa55d\" data-element_type=\"widget\" data-e-type=\"widget\" data-widget_type=\"text-editor.default\">\n\t\t\t\t<div class=\"elementor-widget-container\">\n\t\t\t\t\t\t\t\t\t<p>El sistema sanitario alem\u00e1n es responsable de aproximadamente 5 % de emisiones de gases de efecto invernadero. Adem\u00e1s del di\u00f3xido de carbono (CO2) como gases de efecto invernadero, en la cl\u00ednica desempe\u00f1an un papel especial los siguientes <a href=\"https:\/\/agderma.de\/es\/temas\/dosificacion-de-aerosoles-terapia-climatologica\/\">Anest\u00e9sicos inhalatorios<\/a>\u00a0desempe\u00f1an un papel decisivo. Algunos de ellos contienen hidrocarburos fluorados y no s\u00f3lo son dif\u00edciles de degradar, sino hasta 18 veces m\u00e1s potentes que el CO2. Adem\u00e1s, las cadenas de suministro en particular, pero tambi\u00e9n el consumo de energ\u00eda, as\u00ed como la prescripci\u00f3n excesiva de productos farmac\u00e9uticos y medidas de diagn\u00f3stico, son importantes debido a las elevadas emisiones de gases de efecto invernadero. En\u00a0<a href=\"https:\/\/www.klik-krankenhaus.de\/startseite\" target=\"_blank\" rel=\"noopener\">Proyecto KLIK Green<\/a>\u00a0de BUND e.V., un proyecto sobre gesti\u00f3n hospitalaria sostenible, 250 hospitales participaron en 2021. Se demostr\u00f3 que la introducci\u00f3n de las medidas sostenibles en muchas \u00e1reas no s\u00f3lo supuso un considerable ahorro de energ\u00eda y recursos de unas 200.000 toneladas de gases de efecto invernadero, sino tambi\u00e9n un importante ahorro de costes para todos los hospitales participantes. A\u00a0<a href=\"https:\/\/www.ncbi.nlm.nih.gov\/pmc\/articles\/PMC4513229\/\" target=\"_blank\" rel=\"noopener\">Estudio de la Escuela de Salud P\u00fablica T.H. Chan de Harvard en Boston (EE.UU.)<\/a>\u00a0ya demostr\u00f3 en 2015 que tambi\u00e9n se pod\u00eda aumentar la satisfacci\u00f3n de los pacientes y los empleados y reducir la mortalidad de los pacientes en infraestructuras de edificios sostenibles.<\/p><p>A\u00a0<a href=\"https:\/\/www.kgnw.de\/download\/wuppertal-institut-zielbild-klimaneutrales-krankenhaus-2022-03-30\" target=\"_blank\" rel=\"noopener\">Opini\u00f3n de los expertos<\/a>\u00a0encargado por la Asociaci\u00f3n de Hospitales de Renania del Norte-Westfalia cita la introducci\u00f3n de la gesti\u00f3n de la protecci\u00f3n clim\u00e1tica como un primer paso importante. En un plan de acci\u00f3n concreto, el informe muestra c\u00f3mo los hospitales pueden llegar a ser neutros desde el punto de vista clim\u00e1tico para 2030.\u00a0<\/p><p><strong>Se recomiendan los siguientes primeros pasos en el camino hacia la sostenibilidad:<\/strong><\/p><ul><li><p><a href=\"https:\/\/www.uniklinik-freiburg.de\/allgemeinmedizin\/cafoges.html\" target=\"_blank\" rel=\"noopener\">C\u00e1lculo de la huella de carbono del hospital<\/a><\/p><\/li><li><p>Establezca responsables del clima\/un equipo interdisciplinar que trabaje en la aplicaci\u00f3n de medidas de sostenibilidad.<\/p><\/li><li><p>Primeras medidas: Introducci\u00f3n de medidas de bajo umbral como el ahorro de papel mediante la impresi\u00f3n a doble cara, la separaci\u00f3n de residuos, la reducci\u00f3n del pl\u00e1stico y la minimizaci\u00f3n de la energ\u00eda.<\/p><\/li><li><p>En consulta con la direcci\u00f3n, si es posible, introduzca una gesti\u00f3n profesional de la protecci\u00f3n del clima.<\/p><\/li><li><p>Revisi\u00f3n inmediata del edificio de la cl\u00ednica en busca de opciones de rehabilitaci\u00f3n energ\u00e9tica (por ejemplo, tejados, edificios y ventanas), ya que \u00e9stas son costosas y requieren planificaci\u00f3n, pero ofrecen las mayores oportunidades de ahorro de CO2 a largo plazo.<\/p><\/li><\/ul><p>Encontrar\u00e1 m\u00e1s informaci\u00f3n y posibilidades de actuaci\u00f3n para las cl\u00ednicas en la p\u00e1gina\u00a0<a href=\"https:\/\/www.klik-krankenhaus.de\/klik-datenbank\/informationen-zur-klik-datenbank\" target=\"_blank\" rel=\"noopener\">Base de datos p\u00fablica del proyecto KLIK Green<\/a>\u00a0de BUND e.V. puede consultarse.<\/p><p><strong>Oportunidades de financiaci\u00f3n<br \/><\/strong>Algunas medidas, como las energ\u00edas renovables, la movilidad o la reconversi\u00f3n, son subvencionables. Encontrar\u00e1 numerosas oportunidades de financiaci\u00f3n para medidas sostenibles, por ejemplo\u00a0<a href=\"https:\/\/www.foerderdatenbank.de\/FDB\/DE\/Home\/home.html\" target=\"_blank\" rel=\"noopener\">aqu\u00ed<\/a>.<\/p><p>\u00a0<strong>Medidas de formaci\u00f3n<\/strong><\/p><ul><li><p>El\u00a0<a href=\"https:\/\/www.klimawandel-gesundheit.de\/institutionen-und-initiativen\/planetary-health-academy\/\" target=\"_blank\" rel=\"noopener\">Academia de Salud Planetaria de la Alianza para el Cambio Clim\u00e1tico y la Salud (KLUG e.V.)<\/a>\u00a0Ofrece una serie de conferencias gratuitas sobre la transformaci\u00f3n del sector sanitario a cargo de acad\u00e9micos de renombre internacional. Parcialmente en ingl\u00e9s.\u00a0<\/p><\/li><li><p><a href=\"https:\/\/eur.nursesclimatechallenge.org\/de\" target=\"_blank\" rel=\"noopener\">Enfermeras Climate Challenge Europa<\/a>\u00a0ofrece un portal de formaci\u00f3n continua en alem\u00e1n e ingl\u00e9s para cuidadores de\u00a0<a href=\"https:\/\/noharm-europe.org\/\" target=\"_blank\" rel=\"noopener\">Atenci\u00f3n sanitaria sin da\u00f1os<\/a>\u00a0dar.<\/p><\/li><li><p><a href=\"https:\/\/agderma.de\/wp-content\/uploads\/2023\/02\/e99956_fa7a6cea6ef14afcb7dcc766ded624c6.pdf\">Seminarios en l\u00ednea<\/a>\u00a0para asistentes m\u00e9dicos sobre el tema de la sostenibilidad son ofrecidos por la\u00a0<a href=\"https:\/\/www.mfa-akademie.com\/\" target=\"_blank\" rel=\"noopener\">Academia dermatol\u00f3gica MFA<\/a>\u00a0ofrecido.<\/p><\/li><li><p><a href=\"https:\/\/projekt.klimaretter-lebensretter.de\/das-projekt\/ueber-das-projekt\/\" target=\"_blank\" rel=\"noopener\">Proyecto Salvavidas Climate Savers<\/a>Una herramienta de competici\u00f3n para hospitales y ambulatorios. Muestra cu\u00e1nto CO2 de gases de efecto invernadero ahorra cada equipo o individuo con medidas sostenibles.<\/p><\/li><\/ul>\t\t\t\t\t\t\t\t<\/div>\n\t\t\t\t<\/div>\n\t\t\t\t<div class=\"elementor-element elementor-element-f0eb642 elementor-position-inline-start elementor-view-default elementor-mobile-position-block-start elementor-widget elementor-widget-icon-box\" data-id=\"f0eb642\" data-element_type=\"widget\" data-e-type=\"widget\" data-widget_type=\"icon-box.default\">\n\t\t\t\t<div class=\"elementor-widget-container\">\n\t\t\t\t\t\t\t<div class=\"elementor-icon-box-wrapper\">\n\n\t\t\t\t\t\t<div class=\"elementor-icon-box-icon\">\n\t\t\t\t<a href=\"https:\/\/agderma.de\/es\/pongase-en-contacto-con\/\" class=\"elementor-icon\" tabindex=\"-1\" aria-label=\"\u00bfSugerencias o peticiones de temas?\">\n\t\t\t\t<i aria-hidden=\"true\" class=\"fas fa-question-circle\"><\/i>\t\t\t\t<\/a>\n\t\t\t<\/div>\n\t\t\t\n\t\t\t\t\t\t<div class=\"elementor-icon-box-content\">\n\n\t\t\t\t\t\t\t\t\t<h3 class=\"elementor-icon-box-title\">\n\t\t\t\t\t\t<a href=\"https:\/\/agderma.de\/es\/pongase-en-contacto-con\/\">\n\t\t\t\t\t\t\t\u00bfSugerencias o peticiones de temas?\t\t\t\t\t\t<\/a>\n\t\t\t\t\t<\/h3>\n\t\t\t\t\n\t\t\t\t\t\t\t\t\t<p class=\"elementor-icon-box-description\">\n\t\t\t\t\t\t\u00bfLe gustar\u00eda saber m\u00e1s sobre un tema concreto, pero a\u00fan no encuentra aqu\u00ed informaci\u00f3n al respecto? \u00bfO le gustar\u00eda indicarnos alguna correcci\u00f3n? No dude en ponerse en contacto con nosotros.\n<br><br>\n<a href=\"https:\/\/agderma.de\/es\/pongase-en-contacto-con\/\" class=\"elementor-button-link elementor-button elementor-size-sm\" role=\"button\"><span class=\"elementor-button-content-wrapper\">&lt;span class=&quot;elementor-button-icon elementor-align-icon-right&quot; <i aria-hidden=\"true\">\t\t\t<\/span>\n<span class=\"elementor-button-text\">P\u00f3ngase en contacto con<\/span>\n\t\t<\/span>\n\t\t\t\t<\/a>\t\t\t\t\t<\/p>\n\t\t\t\t\n\t\t\t<\/div>\n\t\t\t\n\t\t<\/div>\n\t\t\t\t\t\t<\/div>\n\t\t\t\t<\/div>\n\t\t\t\t\t<\/div>\n\t\t\t\t<\/div>\n\t\t\t\t<\/div>","protected":false},"excerpt":{"rendered":"<p>Bew\u00e4hrte aktuelle Tipps zur Umsetzung nachhaltiger Ma\u00dfnahmen in Ihrer Klinik Aktionspl\u00e4ne f\u00fcr Kliniken Energiesparfibel des Klinikums Darmstadt \u00d6ffentlichkeitsarbeit\u00a0 Praxisleitfaden zur Klimatransformation in Krankenh\u00e4usern (Havelh\u00f6he) Treibhausgasbilanz f\u00fcr Krankenh\u00e4user berechnen (KliMeG) Warum ist nachhaltiges Klinikmanagement wichtig? Das deutsche Gesundheitssystem ist f\u00fcr ca. 5 % der Treibhausgasemissionen verantwortlich. In der Klinik spielen neben Kohlendioxid (CO2) als Treibhausgase insbesondere [&hellip;]<\/p>\n","protected":false},"author":1,"featured_media":0,"parent":0,"menu_order":0,"comment_status":"closed","ping_status":"closed","template":"","meta":{"_acf_changed":false,"footnotes":""},"class_list":["post-33","page","type-page","status-publish","hentry"],"acf":[],"_links":{"self":[{"href":"https:\/\/agderma.de\/es\/wp-json\/wp\/v2\/pages\/33","targetHints":{"allow":["GET"]}}],"collection":[{"href":"https:\/\/agderma.de\/es\/wp-json\/wp\/v2\/pages"}],"about":[{"href":"https:\/\/agderma.de\/es\/wp-json\/wp\/v2\/types\/page"}],"author":[{"embeddable":true,"href":"https:\/\/agderma.de\/es\/wp-json\/wp\/v2\/users\/1"}],"replies":[{"embeddable":true,"href":"https:\/\/agderma.de\/es\/wp-json\/wp\/v2\/comments?post=33"}],"version-history":[{"count":16,"href":"https:\/\/agderma.de\/es\/wp-json\/wp\/v2\/pages\/33\/revisions"}],"predecessor-version":[{"id":5474,"href":"https:\/\/agderma.de\/es\/wp-json\/wp\/v2\/pages\/33\/revisions\/5474"}],"wp:attachment":[{"href":"https:\/\/agderma.de\/es\/wp-json\/wp\/v2\/media?parent=33"}],"curies":[{"name":"wp","href":"https:\/\/api.w.org\/{rel}","templated":true}]}}