{"id":3936,"date":"2023-03-22T23:48:08","date_gmt":"2023-03-22T23:48:08","guid":{"rendered":"https:\/\/agderma.de\/?page_id=3936"},"modified":"2024-09-16T18:22:06","modified_gmt":"2024-09-16T18:22:06","slug":"vision-general","status":"publish","type":"page","link":"https:\/\/agderma.de\/es\/uebersicht\/","title":{"rendered":"Visi\u00f3n general"},"content":{"rendered":"<div class=\"container\" style=\"width: 100%;color: white;margin: 50px 0\">\r\n<div class=\"content-restricted-message\" style=\"max-width: 400px;background-color: var(--e-global-color-accent, #007177);padding: 25px;margin: 0 auto\">\r\n<h2>Acceso restringido.<\/h2>\r\n<p>Por favor, reg\u00edstrese si desea acceder a las sugerencias gratuitas de QM para una gesti\u00f3n sostenible de la consulta. S\u00f3lo necesita 5 minutos para registrarse.<\/p>\r\n<button><a class=\"registrierung\" style=\"color: white;text-decoration: none\" href=\"http:\/\/agderma.de\/es\/inscripcion\/\">Reg\u00edstrese ahora<\/a><\/button><button class=\"anmelde-button\" style=\"margin-left: 10px;background-color: white\"><a class=\"anmelden\" style=\"text-decoration: none;color: var( --e-global-color-text )\" href=\"http:\/\/agderma.de\/es\/registrese-en\/\">Conectarse<\/a><\/button><\/div>\r\n<\/div>","protected":false},"excerpt":{"rendered":"","protected":false},"author":1,"featured_media":0,"parent":0,"menu_order":0,"comment_status":"closed","ping_status":"closed","template":"","meta":{"_acf_changed":false,"footnotes":""},"class_list":["post-3936","page","type-page","status-publish","hentry"],"acf":[],"_links":{"self":[{"href":"https:\/\/agderma.de\/es\/wp-json\/wp\/v2\/pages\/3936","targetHints":{"allow":["GET"]}}],"collection":[{"href":"https:\/\/agderma.de\/es\/wp-json\/wp\/v2\/pages"}],"about":[{"href":"https:\/\/agderma.de\/es\/wp-json\/wp\/v2\/types\/page"}],"author":[{"embeddable":true,"href":"https:\/\/agderma.de\/es\/wp-json\/wp\/v2\/users\/1"}],"replies":[{"embeddable":true,"href":"https:\/\/agderma.de\/es\/wp-json\/wp\/v2\/comments?post=3936"}],"version-history":[{"count":22,"href":"https:\/\/agderma.de\/es\/wp-json\/wp\/v2\/pages\/3936\/revisions"}],"predecessor-version":[{"id":5444,"href":"https:\/\/agderma.de\/es\/wp-json\/wp\/v2\/pages\/3936\/revisions\/5444"}],"wp:attachment":[{"href":"https:\/\/agderma.de\/es\/wp-json\/wp\/v2\/media?parent=3936"}],"curies":[{"name":"wp","href":"https:\/\/api.w.org\/{rel}","templated":true}]}}