{"id":4092,"date":"2023-04-06T09:12:59","date_gmt":"2023-04-06T09:12:59","guid":{"rendered":"https:\/\/agderma.de\/?page_id=4092"},"modified":"2024-04-19T05:20:28","modified_gmt":"2024-04-19T05:20:28","slug":"sostenibilidad","status":"publish","type":"page","link":"https:\/\/agderma.de\/es\/nachhaltigkeit\/","title":{"rendered":"P\u00e1gina de eventos"},"content":{"rendered":"<div data-elementor-type=\"wp-page\" data-elementor-id=\"4092\" class=\"elementor elementor-4092\" data-elementor-post-type=\"page\">\n\t\t\t\t<div class=\"elementor-element elementor-element-74b6f41 e-flex e-con-boxed e-con e-parent\" data-id=\"74b6f41\" data-element_type=\"container\" data-e-type=\"container\" data-settings=\"{&quot;background_background&quot;:&quot;classic&quot;}\">\n\t\t\t\t\t<div class=\"e-con-inner\">\n\t\t<div class=\"elementor-element elementor-element-8811d13 e-con-full e-flex e-con e-child\" data-id=\"8811d13\" data-element_type=\"container\" data-e-type=\"container\">\n\t\t\t\t<div class=\"elementor-element elementor-element-2542f9d elementor-widget__width-initial elementor-widget-tablet__width-inherit elementor-widget-mobile__width-inherit elementor-widget elementor-widget-heading\" data-id=\"2542f9d\" data-element_type=\"widget\" data-e-type=\"widget\" data-widget_type=\"heading.default\">\n\t\t\t\t<div class=\"elementor-widget-container\">\n\t\t\t\t\t<h1 class=\"elementor-heading-title elementor-size-default\">Grupo de Trabajo sobre Sostenibilidad en Dermatolog\u00eda (AGN) e. V. <\/h1>\t\t\t\t<\/div>\n\t\t\t\t<\/div>\n\t\t\t\t<div class=\"elementor-element elementor-element-f67a2a8 elementor-widget__width-initial elementor-widget-tablet__width-inherit elementor-widget-mobile__width-inherit elementor-widget elementor-widget-heading\" data-id=\"f67a2a8\" data-element_type=\"widget\" data-e-type=\"widget\" data-widget_type=\"heading.default\">\n\t\t\t\t<div class=\"elementor-widget-container\">\n\t\t\t\t\t<h2 class=\"elementor-heading-title elementor-size-default\">Secci\u00f3n de la Sociedad Alemana de Dermatolog\u00eda (DDG)<\/h2>\t\t\t\t<\/div>\n\t\t\t\t<\/div>\n\t\t\t\t<\/div>\n\t\t\t\t\t<\/div>\n\t\t\t\t<\/div>\n\t\t<div class=\"elementor-element elementor-element-e966e22 e-flex e-con-boxed e-con e-parent\" data-id=\"e966e22\" data-element_type=\"container\" data-e-type=\"container\">\n\t\t\t\t\t<div class=\"e-con-inner\">\n\t\t\t\t<div class=\"elementor-element elementor-element-715d677 elementor-widget elementor-widget-spacer\" data-id=\"715d677\" data-element_type=\"widget\" data-e-type=\"widget\" data-widget_type=\"spacer.default\">\n\t\t\t\t<div class=\"elementor-widget-container\">\n\t\t\t\t\t\t\t<div class=\"elementor-spacer\">\n\t\t\t<div class=\"elementor-spacer-inner\"><\/div>\n\t\t<\/div>\n\t\t\t\t\t\t<\/div>\n\t\t\t\t<\/div>\n\t\t\t\t\t<\/div>\n\t\t\t\t<\/div>\n\t\t<div class=\"elementor-element elementor-element-4dd4c29 e-con-full e-flex e-con e-parent\" data-id=\"4dd4c29\" data-element_type=\"container\" data-e-type=\"container\" data-settings=\"{&quot;background_background&quot;:&quot;classic&quot;}\">\n\t\t\t\t<div class=\"elementor-element elementor-element-84a52a8 elementor-widget elementor-widget-heading\" data-id=\"84a52a8\" data-element_type=\"widget\" data-e-type=\"widget\" data-widget_type=\"heading.default\">\n\t\t\t\t<div class=\"elementor-widget-container\">\n\t\t\t\t\t<h2 class=\"elementor-heading-title elementor-size-default\">El significado de AGN<\/h2>\t\t\t\t<\/div>\n\t\t\t\t<\/div>\n\t\t\t\t<div class=\"elementor-element elementor-element-e8217d9 elementor-widget elementor-widget-text-editor\" data-id=\"e8217d9\" data-element_type=\"widget\" data-e-type=\"widget\" data-widget_type=\"text-editor.default\">\n\t\t\t\t<div class=\"elementor-widget-container\">\n\t\t\t\t\t\t\t\t\t<p>La Arbeitsgemeinschaft Nachhaltigkeit in der Dermatologie (AGN) e.V. apoya activamente la transformaci\u00f3n sostenible del sector sanitario.<\/p><p>Desde 2020, desarrolla continuamente medidas de optimizaci\u00f3n de recursos para el trabajo cl\u00ednico y pr\u00e1ctico cotidiano y pone en com\u00fan informaci\u00f3n sobre ingredientes nocivos en productos t\u00f3picos de venta libre.<\/p><p>Tambi\u00e9n aborda los pl\u00e1sticos en forma de micropl\u00e1sticos y macropl\u00e1sticos, que suponen una amenaza creciente para la salud de la poblaci\u00f3n y tambi\u00e9n contribuyen significativamente a la crisis clim\u00e1tica.<\/p>\t\t\t\t\t\t\t\t<\/div>\n\t\t\t\t<\/div>\n\t\t\t\t<\/div>\n\t\t<div class=\"elementor-element elementor-element-d5a3368 e-flex e-con-boxed e-con e-parent\" data-id=\"d5a3368\" data-element_type=\"container\" data-e-type=\"container\">\n\t\t\t\t\t<div class=\"e-con-inner\">\n\t\t\t\t<div class=\"elementor-element elementor-element-447ad62 elementor-widget elementor-widget-spacer\" data-id=\"447ad62\" data-element_type=\"widget\" data-e-type=\"widget\" data-widget_type=\"spacer.default\">\n\t\t\t\t<div class=\"elementor-widget-container\">\n\t\t\t\t\t\t\t<div class=\"elementor-spacer\">\n\t\t\t<div class=\"elementor-spacer-inner\"><\/div>\n\t\t<\/div>\n\t\t\t\t\t\t<\/div>\n\t\t\t\t<\/div>\n\t\t\t\t\t<\/div>\n\t\t\t\t<\/div>\n\t\t<div class=\"elementor-element elementor-element-a27f9e0 e-flex e-con-boxed e-con e-parent\" data-id=\"a27f9e0\" data-element_type=\"container\" data-e-type=\"container\">\n\t\t\t\t\t<div class=\"e-con-inner\">\n\t\t\t\t<div class=\"elementor-element elementor-element-a02bd61 elementor-widget elementor-widget-spacer\" data-id=\"a02bd61\" data-element_type=\"widget\" data-e-type=\"widget\" data-widget_type=\"spacer.default\">\n\t\t\t\t<div class=\"elementor-widget-container\">\n\t\t\t\t\t\t\t<div class=\"elementor-spacer\">\n\t\t\t<div class=\"elementor-spacer-inner\"><\/div>\n\t\t<\/div>\n\t\t\t\t\t\t<\/div>\n\t\t\t\t<\/div>\n\t\t\t\t\t<\/div>\n\t\t\t\t<\/div>\n\t\t<div class=\"elementor-element elementor-element-d5f9e8d e-flex e-con-boxed e-con e-parent\" data-id=\"d5f9e8d\" data-element_type=\"container\" data-e-type=\"container\">\n\t\t\t\t\t<div class=\"e-con-inner\">\n\t\t\t\t<div class=\"elementor-element elementor-element-07fccac elementor-widget elementor-widget-heading\" data-id=\"07fccac\" data-element_type=\"widget\" data-e-type=\"widget\" data-widget_type=\"heading.default\">\n\t\t\t\t<div class=\"elementor-widget-container\">\n\t\t\t\t\t<h2 class=\"elementor-heading-title elementor-size-default\"><h2 data-elementor-setting-key=\"title\" data-pen-placeholder=\"Eingabe hier...\" style=\", sans-serif;font-weight: 700;line-height: var( --e-global-typography-secondary-line-height );font-size: 32px;text-align: center\">Nuestra nueva campa\u00f1a \"Climate Manager:in\":<\/h2><\/h2>\t\t\t\t<\/div>\n\t\t\t\t<\/div>\n\t\t\t\t<div class=\"elementor-element elementor-element-be71289 elementor-widget elementor-widget-image\" data-id=\"be71289\" data-element_type=\"widget\" data-e-type=\"widget\" data-widget_type=\"image.default\">\n\t\t\t\t<div class=\"elementor-widget-container\">\n\t\t\t\t\t\t\t\t\t\t\t\t\t\t\t\t<a href=\"https:\/\/agn-zukunftsakademie.de\/\" target=\"_blank\" rel=\"noopener\">\n\t\t\t\t\t\t\t<img fetchpriority=\"high\" decoding=\"async\" width=\"1809\" height=\"804\" src=\"https:\/\/agderma.de\/wp-content\/uploads\/2024\/04\/agn-zukunftsakademie.png\" class=\"attachment-full size-full wp-image-5167\" alt=\"\" srcset=\"https:\/\/agderma.de\/wp-content\/uploads\/2024\/04\/agn-zukunftsakademie.png 1809w, https:\/\/agderma.de\/wp-content\/uploads\/2024\/04\/agn-zukunftsakademie-300x133.png 300w, https:\/\/agderma.de\/wp-content\/uploads\/2024\/04\/agn-zukunftsakademie-1024x455.png 1024w, https:\/\/agderma.de\/wp-content\/uploads\/2024\/04\/agn-zukunftsakademie-768x341.png 768w, https:\/\/agderma.de\/wp-content\/uploads\/2024\/04\/agn-zukunftsakademie-1536x683.png 1536w, https:\/\/agderma.de\/wp-content\/uploads\/2024\/04\/agn-zukunftsakademie-18x8.png 18w\" sizes=\"(max-width: 1809px) 100vw, 1809px\" \/>\t\t\t\t\t\t\t\t<\/a>\n\t\t\t\t\t\t\t\t\t\t\t\t\t\t\t<\/div>\n\t\t\t\t<\/div>\n\t\t\t\t<div class=\"elementor-element elementor-element-fa009da elementor-widget elementor-widget-image\" data-id=\"fa009da\" data-element_type=\"widget\" data-e-type=\"widget\" data-widget_type=\"image.default\">\n\t\t\t\t<div class=\"elementor-widget-container\">\n\t\t\t\t\t\t\t\t\t\t\t\t\t\t\t\t<a href=\"https:\/\/agn-zukunftsakademie.de\/\" target=\"_blank\" rel=\"noopener\">\n\t\t\t\t\t\t\t<img decoding=\"async\" width=\"1909\" height=\"637\" src=\"https:\/\/agderma.de\/wp-content\/uploads\/2024\/04\/Screenshot02.png\" class=\"attachment-full size-full wp-image-5168\" alt=\"\" srcset=\"https:\/\/agderma.de\/wp-content\/uploads\/2024\/04\/Screenshot02.png 1909w, https:\/\/agderma.de\/wp-content\/uploads\/2024\/04\/Screenshot02-300x100.png 300w, https:\/\/agderma.de\/wp-content\/uploads\/2024\/04\/Screenshot02-1024x342.png 1024w, https:\/\/agderma.de\/wp-content\/uploads\/2024\/04\/Screenshot02-768x256.png 768w, https:\/\/agderma.de\/wp-content\/uploads\/2024\/04\/Screenshot02-1536x513.png 1536w, https:\/\/agderma.de\/wp-content\/uploads\/2024\/04\/Screenshot02-18x6.png 18w\" sizes=\"(max-width: 1909px) 100vw, 1909px\" \/>\t\t\t\t\t\t\t\t<\/a>\n\t\t\t\t\t\t\t\t\t\t\t\t\t\t\t<\/div>\n\t\t\t\t<\/div>\n\t\t\t\t<div class=\"elementor-element elementor-element-8d8dd70 elementor-widget elementor-widget-image\" data-id=\"8d8dd70\" data-element_type=\"widget\" data-e-type=\"widget\" data-widget_type=\"image.default\">\n\t\t\t\t<div class=\"elementor-widget-container\">\n\t\t\t\t\t\t\t\t\t\t\t\t\t\t\t\t<a href=\"https:\/\/agn-zukunftsakademie.de\/\" target=\"_blank\" rel=\"noopener\">\n\t\t\t\t\t\t\t<img decoding=\"async\" width=\"1920\" height=\"757\" src=\"https:\/\/agderma.de\/wp-content\/uploads\/2024\/04\/Screenshot03.jpg\" class=\"attachment-full size-full wp-image-5169\" alt=\"\" srcset=\"https:\/\/agderma.de\/wp-content\/uploads\/2024\/04\/Screenshot03.jpg 1920w, https:\/\/agderma.de\/wp-content\/uploads\/2024\/04\/Screenshot03-300x118.jpg 300w, https:\/\/agderma.de\/wp-content\/uploads\/2024\/04\/Screenshot03-1024x404.jpg 1024w, https:\/\/agderma.de\/wp-content\/uploads\/2024\/04\/Screenshot03-768x303.jpg 768w, https:\/\/agderma.de\/wp-content\/uploads\/2024\/04\/Screenshot03-1536x606.jpg 1536w, https:\/\/agderma.de\/wp-content\/uploads\/2024\/04\/Screenshot03-18x7.jpg 18w\" sizes=\"(max-width: 1920px) 100vw, 1920px\" \/>\t\t\t\t\t\t\t\t<\/a>\n\t\t\t\t\t\t\t\t\t\t\t\t\t\t\t<\/div>\n\t\t\t\t<\/div>\n\t\t\t\t\t<\/div>\n\t\t\t\t<\/div>\n\t\t<div class=\"elementor-element elementor-element-b98c243 e-flex e-con-boxed e-con e-parent\" data-id=\"b98c243\" data-element_type=\"container\" data-e-type=\"container\">\n\t\t\t\t\t<div class=\"e-con-inner\">\n\t\t\t\t<div class=\"elementor-element elementor-element-d50b4f8 elementor-widget elementor-widget-spacer\" data-id=\"d50b4f8\" data-element_type=\"widget\" data-e-type=\"widget\" data-widget_type=\"spacer.default\">\n\t\t\t\t<div class=\"elementor-widget-container\">\n\t\t\t\t\t\t\t<div class=\"elementor-spacer\">\n\t\t\t<div class=\"elementor-spacer-inner\"><\/div>\n\t\t<\/div>\n\t\t\t\t\t\t<\/div>\n\t\t\t\t<\/div>\n\t\t\t\t\t<\/div>\n\t\t\t\t<\/div>\n\t\t<div class=\"elementor-element elementor-element-8ba6d54 e-flex e-con-boxed e-con e-parent\" data-id=\"8ba6d54\" data-element_type=\"container\" data-e-type=\"container\">\n\t\t\t\t\t<div class=\"e-con-inner\">\n\t\t\t\t<div class=\"elementor-element elementor-element-08d3a51 elementor-widget elementor-widget-spacer\" data-id=\"08d3a51\" data-element_type=\"widget\" data-e-type=\"widget\" data-widget_type=\"spacer.default\">\n\t\t\t\t<div class=\"elementor-widget-container\">\n\t\t\t\t\t\t\t<div class=\"elementor-spacer\">\n\t\t\t<div class=\"elementor-spacer-inner\"><\/div>\n\t\t<\/div>\n\t\t\t\t\t\t<\/div>\n\t\t\t\t<\/div>\n\t\t\t\t\t<\/div>\n\t\t\t\t<\/div>\n\t\t<div class=\"elementor-element elementor-element-44f0e3a e-flex e-con-boxed e-con e-parent\" data-id=\"44f0e3a\" data-element_type=\"container\" data-e-type=\"container\" data-settings=\"{&quot;background_background&quot;:&quot;classic&quot;}\">\n\t\t\t\t\t<div class=\"e-con-inner\">\n\t\t<div class=\"elementor-element elementor-element-df64367 e-flex e-con-boxed e-con e-child\" data-id=\"df64367\" data-element_type=\"container\" data-e-type=\"container\">\n\t\t\t\t\t<div class=\"e-con-inner\">\n\t\t\t\t<div class=\"elementor-element elementor-element-851c37b elementor-widget elementor-widget-heading\" data-id=\"851c37b\" data-element_type=\"widget\" data-e-type=\"widget\" data-widget_type=\"heading.default\">\n\t\t\t\t<div class=\"elementor-widget-container\">\n\t\t\t\t\t<h2 class=\"elementor-heading-title elementor-size-default\">H\u00e1gase socio ahora<\/h2>\t\t\t\t<\/div>\n\t\t\t\t<\/div>\n\t\t\t\t<div class=\"elementor-element elementor-element-6b64235 elementor-widget elementor-widget-text-editor\" data-id=\"6b64235\" data-element_type=\"widget\" data-e-type=\"widget\" data-widget_type=\"text-editor.default\">\n\t\t\t\t<div class=\"elementor-widget-container\">\n\t\t\t\t\t\t\t\t\t<p>Apoye nuestro trabajo con su nombre: \u00a1todos los trabajadores del sector sanitario son bienvenidos! H\u00e1gase socio gratuitamente y sin compromiso.<\/p>\t\t\t\t\t\t\t\t<\/div>\n\t\t\t\t<\/div>\n\t\t\t\t<div class=\"elementor-element elementor-element-44a62df elementor-widget__width-auto elementor-widget elementor-widget-button\" data-id=\"44a62df\" data-element_type=\"widget\" data-e-type=\"widget\" data-widget_type=\"button.default\">\n\t\t\t\t<div class=\"elementor-widget-container\">\n\t\t\t\t\t\t\t\t\t<div class=\"elementor-button-wrapper\">\n\t\t\t\t\t<a class=\"elementor-button elementor-button-link elementor-size-sm\" href=\"https:\/\/agderma.de\/es\/miembros\/\">\n\t\t\t\t\t\t<span class=\"elementor-button-content-wrapper\">\n\t\t\t\t\t\t<span class=\"elementor-button-icon\">\n\t\t\t\t<i aria-hidden=\"true\" class=\"fas fa-arrow-right\"><\/i>\t\t\t<\/span>\n\t\t\t\t\t\t\t\t\t<span class=\"elementor-button-text\">Afiliarse<\/span>\n\t\t\t\t\t<\/span>\n\t\t\t\t\t<\/a>\n\t\t\t\t<\/div>\n\t\t\t\t\t\t\t\t<\/div>\n\t\t\t\t<\/div>\n\t\t\t\t\t<\/div>\n\t\t\t\t<\/div>\n\t\t<div class=\"elementor-element elementor-element-b3777f7 e-flex e-con-boxed e-con e-child\" data-id=\"b3777f7\" data-element_type=\"container\" data-e-type=\"container\">\n\t\t\t\t\t<div class=\"e-con-inner\">\n\t\t\t\t<div class=\"elementor-element elementor-element-7c2403a elementor-widget elementor-widget-heading\" data-id=\"7c2403a\" data-element_type=\"widget\" data-e-type=\"widget\" data-widget_type=\"heading.default\">\n\t\t\t\t<div class=\"elementor-widget-container\">\n\t\t\t\t\t<h2 class=\"elementor-heading-title elementor-size-default\">Haz un donativo<\/h2>\t\t\t\t<\/div>\n\t\t\t\t<\/div>\n\t\t\t\t<div class=\"elementor-element elementor-element-875d2fa elementor-widget elementor-widget-text-editor\" data-id=\"875d2fa\" data-element_type=\"widget\" data-e-type=\"widget\" data-widget_type=\"text-editor.default\">\n\t\t\t\t<div class=\"elementor-widget-container\">\n\t\t\t\t\t\t\t\t\t<p>Su donaci\u00f3n nos ayuda a seguir trabajando en el desarrollo del<br \/>sector sanitario sostenible.<\/p>\t\t\t\t\t\t\t\t<\/div>\n\t\t\t\t<\/div>\n\t\t\t\t<div class=\"elementor-element elementor-element-46e962a elementor-widget__width-auto elementor-widget elementor-widget-button\" data-id=\"46e962a\" data-element_type=\"widget\" data-e-type=\"widget\" data-widget_type=\"button.default\">\n\t\t\t\t<div class=\"elementor-widget-container\">\n\t\t\t\t\t\t\t\t\t<div class=\"elementor-button-wrapper\">\n\t\t\t\t\t<a class=\"elementor-button elementor-button-link elementor-size-sm\" href=\"https:\/\/agderma.de\/es\/donar\/\">\n\t\t\t\t\t\t<span class=\"elementor-button-content-wrapper\">\n\t\t\t\t\t\t<span class=\"elementor-button-icon\">\n\t\t\t\t<i aria-hidden=\"true\" class=\"fas fa-arrow-right\"><\/i>\t\t\t<\/span>\n\t\t\t\t\t\t\t\t\t<span class=\"elementor-button-text\">Donaciones<\/span>\n\t\t\t\t\t<\/span>\n\t\t\t\t\t<\/a>\n\t\t\t\t<\/div>\n\t\t\t\t\t\t\t\t<\/div>\n\t\t\t\t<\/div>\n\t\t\t\t\t<\/div>\n\t\t\t\t<\/div>\n\t\t\t\t\t<\/div>\n\t\t\t\t<\/div>\n\t\t\t\t<\/div>","protected":false},"excerpt":{"rendered":"<p>Arbeitsgemeinschaft Nachhaltigkeit in der Dermatologie (AGN) e.\u00a0V. Sektion der Deutschen Dermatologischen Gesellschaft (DDG) Wof\u00fcr sich die AGN einsetzt Die Arbeitsgemeinschaft Nachhaltigkeit in der Dermatologie (AGN) e.V. unterst\u00fctzt aktiv die nachhaltige Transformation des Gesundheitssektors. Seit 2020 erarbeitet sie kontinuierlich ressourcenoptimierende Ma\u00dfnahmen f\u00fcr den Klinik- und Praxisalltag und b\u00fcndelt Informationen zu sch\u00e4dlichen Inhaltsstoffen in frei verk\u00e4uflichen Externa. [&hellip;]<\/p>\n","protected":false},"author":1,"featured_media":0,"parent":0,"menu_order":0,"comment_status":"closed","ping_status":"closed","template":"","meta":{"_acf_changed":false,"footnotes":""},"class_list":["post-4092","page","type-page","status-publish","hentry"],"acf":[],"_links":{"self":[{"href":"https:\/\/agderma.de\/es\/wp-json\/wp\/v2\/pages\/4092","targetHints":{"allow":["GET"]}}],"collection":[{"href":"https:\/\/agderma.de\/es\/wp-json\/wp\/v2\/pages"}],"about":[{"href":"https:\/\/agderma.de\/es\/wp-json\/wp\/v2\/types\/page"}],"author":[{"embeddable":true,"href":"https:\/\/agderma.de\/es\/wp-json\/wp\/v2\/users\/1"}],"replies":[{"embeddable":true,"href":"https:\/\/agderma.de\/es\/wp-json\/wp\/v2\/comments?post=4092"}],"version-history":[{"count":10,"href":"https:\/\/agderma.de\/es\/wp-json\/wp\/v2\/pages\/4092\/revisions"}],"predecessor-version":[{"id":5178,"href":"https:\/\/agderma.de\/es\/wp-json\/wp\/v2\/pages\/4092\/revisions\/5178"}],"wp:attachment":[{"href":"https:\/\/agderma.de\/es\/wp-json\/wp\/v2\/media?parent=4092"}],"curies":[{"name":"wp","href":"https:\/\/api.w.org\/{rel}","templated":true}]}}