{"id":5138,"date":"2024-04-17T05:33:13","date_gmt":"2024-04-17T05:33:13","guid":{"rendered":"https:\/\/agderma.de\/?page_id=5138"},"modified":"2024-04-17T05:41:09","modified_gmt":"2024-04-17T05:41:09","slug":"articulo-de-los-documentos-sobre-el-clima-para-la-agn","status":"publish","type":"page","link":"https:\/\/agderma.de\/es\/themen\/artikel-der-klimadocs-fuer-die-agn\/","title":{"rendered":"Art\u00edculos de los KlimaDocs para el AGN"},"content":{"rendered":"<div data-elementor-type=\"wp-page\" data-elementor-id=\"5138\" class=\"elementor elementor-5138\" data-elementor-post-type=\"page\">\n\t\t\t\t<div class=\"elementor-element elementor-element-3d478ea e-flex e-con-boxed e-con e-parent\" data-id=\"3d478ea\" data-element_type=\"container\" data-e-type=\"container\" data-settings=\"{&quot;background_background&quot;:&quot;classic&quot;}\">\n\t\t\t\t\t<div class=\"e-con-inner\">\n\t\t\t\t<div class=\"elementor-element elementor-element-3d3f871 elementor-widget elementor-widget-heading\" data-id=\"3d3f871\" data-element_type=\"widget\" data-e-type=\"widget\" data-widget_type=\"heading.default\">\n\t\t\t\t<div class=\"elementor-widget-container\">\n\t\t\t\t\t<h1 class=\"elementor-heading-title elementor-size-default\">Art\u00edculos de los KlimaDocs para el AGN<\/h1>\t\t\t\t<\/div>\n\t\t\t\t<\/div>\n\t\t\t\t\t<\/div>\n\t\t\t\t<\/div>\n\t\t<div class=\"elementor-element elementor-element-2179231 e-flex e-con-boxed e-con e-parent\" data-id=\"2179231\" data-element_type=\"container\" data-e-type=\"container\">\n\t\t\t\t\t<div class=\"e-con-inner\">\n\t\t\t\t<div class=\"elementor-element elementor-element-3c12a81 elementor-widget elementor-widget-text-editor\" data-id=\"3c12a81\" data-element_type=\"widget\" data-e-type=\"widget\" data-widget_type=\"text-editor.default\">\n\t\t\t\t<div class=\"elementor-widget-container\">\n\t\t\t\t\t\t\t\t\t<p>Desde una perspectiva m\u00e9dica, la protecci\u00f3n del clima es ante todo protecci\u00f3n de la salud. Los KlimaDocs explican c\u00f3mo las personas pueden ayudar a contrarrestar el cambio clim\u00e1tico y proteger su propia salud al mismo tiempo. La visi\u00f3n de nuestra asociaci\u00f3n sin \u00e1nimo de lucro es llevar el tema \"M\u00e1s salud gracias a la protecci\u00f3n del clima\" al centro del discurso social para iniciar un cambio de pensamiento y comportamiento.<\/p><p>Para ello, nos gustar\u00eda animar a los m\u00e9dicos y otros miembros del sistema sanitario de consultas y cl\u00ednicas a que act\u00faen como multiplicadores para educar a sus pacientes sobre los beneficios para la salud de un comportamiento respetuoso con el clima (los llamados cobeneficios). Esto se debe a que gozamos de una gran confianza por parte de nuestros pacientes y llegamos a toda la sociedad.<\/p><p><strong>Nuestro mensaje: <\/strong>Seg\u00fan la OMS, las medidas de protecci\u00f3n del clima son actualmente lo m\u00e1s importante que podemos hacer por nuestra salud. Cada individuo puede hacer una contribuci\u00f3n importante. No se trata de prescindir de nada, sino de cambiar a mejor.<\/p><p>Para ello, proporcionamos a los consultorios y cl\u00ednicas atractivas y <strong>Material informativo bien fundado <\/strong>para apoyarle en esta tarea. El material se ha creado en colaboraci\u00f3n con asociaciones profesionales y expertos en comunicaci\u00f3n sanitaria e incluye medios impresos, folletos y art\u00edculos digitales, un bot\u00f3n para la p\u00e1gina web, carteles para la sala de espera y 2 cortometrajes para la sala de espera o la p\u00e1gina web, as\u00ed como tarjetas de citas. Puede estar disponible en la sala de espera sin ocupar tiempo adicional o entregarse en persona, por ejemplo, durante las revisiones. Sus pacientes reciben as\u00ed consejos sencillos y f\u00e1ciles de poner en pr\u00e1ctica que pueden utilizar para hacer algo bueno por su salud, la de sus semejantes y el clima.<\/p><p><strong>\u00bfEs usted m\u00e9dico o miembro de otras profesiones sanitarias? <\/strong>Puede solicitar nuestros materiales gratuitos a trav\u00e9s de <a href=\"http:\/\/www.klimadocs.de\" target=\"_blank\" rel=\"noopener\">www.klimadocs.de<\/a> se pueden solicitar. Usted mismo se convierte autom\u00e1ticamente en un KlimaDoc, pero no contrae ninguna otra obligaci\u00f3n como miembro o similar.<\/p><p>Invol\u00facrese, porque el futuro no ocurre porque s\u00ed: \u00a1lo moldeamos con nuestras acciones!<\/p>\t\t\t\t\t\t\t\t<\/div>\n\t\t\t\t<\/div>\n\t\t\t\t\t<\/div>\n\t\t\t\t<\/div>\n\t\t\t\t<\/div>","protected":false},"excerpt":{"rendered":"<p>Aus medizinischer Sicht ist Klimaschutz zuallererst Gesundheitsschutz. Wie die Menschen dazu beitragen k\u00f6nnen, dem Klimawandel entgegenzuwirken und dadurch zugleich ihre eigene\u00a0 Gesundheit sch\u00fctzen, dar\u00fcber kl\u00e4ren die KlimaDocs auf. Die Vision unseres gemeinn\u00fctzigen Vereins ist, das Thema \u201eMehr Gesundheit durch Klimaschutz\u201c in die Mitte des gesellschaftlichen Diskurses zu bringen, um so ein Umdenken sowie Verhaltens\u00e4nderungen anzusto\u00dfen. [&hellip;]<\/p>\n","protected":false},"author":1,"featured_media":0,"parent":1142,"menu_order":0,"comment_status":"closed","ping_status":"closed","template":"","meta":{"_acf_changed":false,"footnotes":""},"class_list":["post-5138","page","type-page","status-publish","hentry"],"acf":[],"_links":{"self":[{"href":"https:\/\/agderma.de\/es\/wp-json\/wp\/v2\/pages\/5138","targetHints":{"allow":["GET"]}}],"collection":[{"href":"https:\/\/agderma.de\/es\/wp-json\/wp\/v2\/pages"}],"about":[{"href":"https:\/\/agderma.de\/es\/wp-json\/wp\/v2\/types\/page"}],"author":[{"embeddable":true,"href":"https:\/\/agderma.de\/es\/wp-json\/wp\/v2\/users\/1"}],"replies":[{"embeddable":true,"href":"https:\/\/agderma.de\/es\/wp-json\/wp\/v2\/comments?post=5138"}],"version-history":[{"count":9,"href":"https:\/\/agderma.de\/es\/wp-json\/wp\/v2\/pages\/5138\/revisions"}],"predecessor-version":[{"id":5154,"href":"https:\/\/agderma.de\/es\/wp-json\/wp\/v2\/pages\/5138\/revisions\/5154"}],"up":[{"embeddable":true,"href":"https:\/\/agderma.de\/es\/wp-json\/wp\/v2\/pages\/1142"}],"wp:attachment":[{"href":"https:\/\/agderma.de\/es\/wp-json\/wp\/v2\/media?parent=5138"}],"curies":[{"name":"wp","href":"https:\/\/api.w.org\/{rel}","templated":true}]}}