{"id":5663,"date":"2025-03-28T14:38:52","date_gmt":"2025-03-28T14:38:52","guid":{"rendered":"https:\/\/agderma.de\/?page_id=5663"},"modified":"2025-03-28T14:41:51","modified_gmt":"2025-03-28T14:41:51","slug":"volante-bueno-para-el-clima-dos-veces-bueno-para-mi","status":"publish","type":"page","link":"https:\/\/agderma.de\/es\/themen\/flyer-gut-fuer-das-klima-doppelt-gut-fuer-mich\/","title":{"rendered":"Folleto \"Bueno para el clima - el doble de bueno para m\u00ed\""},"content":{"rendered":"<div data-elementor-type=\"wp-page\" data-elementor-id=\"5663\" class=\"elementor elementor-5663\" data-elementor-post-type=\"page\">\n\t\t\t\t<div class=\"elementor-element elementor-element-3d478ea e-flex e-con-boxed e-con e-parent\" data-id=\"3d478ea\" data-element_type=\"container\" data-e-type=\"container\" data-settings=\"{&quot;background_background&quot;:&quot;classic&quot;}\">\n\t\t\t\t\t<div class=\"e-con-inner\">\n\t\t\t\t<div class=\"elementor-element elementor-element-3d3f871 elementor-widget elementor-widget-heading\" data-id=\"3d3f871\" data-element_type=\"widget\" data-e-type=\"widget\" data-widget_type=\"heading.default\">\n\t\t\t\t<div class=\"elementor-widget-container\">\n\t\t\t\t\t<h1 class=\"elementor-heading-title elementor-size-default\">Folleto \"Bueno para el clima - el doble de bueno para m\u00ed\"<\/h1>\t\t\t\t<\/div>\n\t\t\t\t<\/div>\n\t\t\t\t\t<\/div>\n\t\t\t\t<\/div>\n\t\t<div class=\"elementor-element elementor-element-2179231 e-flex e-con-boxed e-con e-parent\" data-id=\"2179231\" data-element_type=\"container\" data-e-type=\"container\">\n\t\t\t\t\t<div class=\"e-con-inner\">\n\t\t\t\t<div class=\"elementor-element elementor-element-3c12a81 elementor-widget elementor-widget-text-editor\" data-id=\"3c12a81\" data-element_type=\"widget\" data-e-type=\"widget\" data-widget_type=\"text-editor.default\">\n\t\t\t\t<div class=\"elementor-widget-container\">\n\t\t\t\t\t\t\t\t\t<div class=\"elementToProof\">Ya est\u00e1 aqu\u00ed el nuevo folleto de KlimaDocs e.V. En colaboraci\u00f3n con KLUG - Alianza para el Cambio Clim\u00e1tico y la Salud, la Asociaci\u00f3n de M\u00e9dicos Generales (H\u00c4V) y el Instituto Federal de Salud P\u00fablica (BI\u00d6G), se ha elaborado un folleto compacto basado en los \u00faltimos hallazgos de la investigaci\u00f3n sobre comunicaci\u00f3n clim\u00e1tica. Ofrece consejos pr\u00e1cticos para promover la salud mediante un comportamiento respetuoso con el clima. La versi\u00f3n revisada contiene recomendaciones adicionales sobre nutrici\u00f3n, movilidad y uso de energ\u00edas renovables. El nuevo material informativo es especialmente adecuado para consultas m\u00e9dicas, terapeutas, cuidadores y la sanidad p\u00fablica. Puede solicitar gratuitamente el folleto y el resto del material a trav\u00e9s de nuestra p\u00e1gina web o consultarlo en l\u00ednea:\u00a0<strong><a id=\"OWAfe4a4d1d-24e1-ad2b-3d64-3a6655162950\" class=\"x_OWAAutoLink\" href=\"https:\/\/klimadocs.de\/mehr-gesundheit-durch-klimaschutz\" target=\"_blank\" rel=\"noopener\" data-linkindex=\"0\" data-auth=\"NotApplicable\">Folleto general KlimaDocs<\/a><\/strong><\/div><div>\u00a0<\/div><div class=\"elementToProof\"><u>Afiliaci\u00f3n<\/u><\/div><div class=\"elementToProof\">Apoye a KlimaDocs e.V. con una membres\u00eda de patrocinio y contribuya activamente a la promoci\u00f3n de la salud a trav\u00e9s de la protecci\u00f3n del clima. Con una aportaci\u00f3n anual de 100 euros (reducida para los miembros de KLUG), ayudar\u00e1 a financiar los proyectos de KlimaDocs e.V. y materiales gratuitos. Como miembro colaborador, recibir\u00e1 informaci\u00f3n peri\u00f3dica sobre las novedades y los proyectos actuales de la organizaci\u00f3n. Encontrar\u00e1 m\u00e1s detalles y la posibilidad de inscribirse en la p\u00e1gina\u00a0<a id=\"LPlnk381161\" href=\"https:\/\/klimadocs.de\/mitglied-werden\" target=\"_blank\" rel=\"noopener\">P\u00e1gina web<\/a>\u00a0de KlimaDocs e.V.\u00a0<\/div>\t\t\t\t\t\t\t\t<\/div>\n\t\t\t\t<\/div>\n\t\t\t\t\t<\/div>\n\t\t\t\t<\/div>\n\t\t\t\t<\/div>","protected":false},"excerpt":{"rendered":"<p>Der neue Flyer des KlimaDocs e.V. ist da! In Zusammenarbeit mit KLUG \u2013 Allianz f\u00fcr Klimawandel und Gesundheit, dem Haus\u00e4rzt:innen- und Haus\u00e4rzteverband (H\u00c4V) sowie dem Bundesinstitut f\u00fcr \u00d6ffentliche Gesundheit (BI\u00d6G) wurde ein kompaktes Faltblatt erstellt, der auf aktuellen Erkenntnissen der Klimakommunikationsforschung basiert. Er bietet praktische Tipps zur F\u00f6rderung der Gesundheit durch klimafreundliches Verhalten. Die \u00fcberarbeitete [&hellip;]<\/p>\n","protected":false},"author":1,"featured_media":0,"parent":1142,"menu_order":0,"comment_status":"closed","ping_status":"closed","template":"","meta":{"_acf_changed":false,"footnotes":""},"class_list":["post-5663","page","type-page","status-publish","hentry"],"acf":[],"_links":{"self":[{"href":"https:\/\/agderma.de\/es\/wp-json\/wp\/v2\/pages\/5663","targetHints":{"allow":["GET"]}}],"collection":[{"href":"https:\/\/agderma.de\/es\/wp-json\/wp\/v2\/pages"}],"about":[{"href":"https:\/\/agderma.de\/es\/wp-json\/wp\/v2\/types\/page"}],"author":[{"embeddable":true,"href":"https:\/\/agderma.de\/es\/wp-json\/wp\/v2\/users\/1"}],"replies":[{"embeddable":true,"href":"https:\/\/agderma.de\/es\/wp-json\/wp\/v2\/comments?post=5663"}],"version-history":[{"count":4,"href":"https:\/\/agderma.de\/es\/wp-json\/wp\/v2\/pages\/5663\/revisions"}],"predecessor-version":[{"id":5667,"href":"https:\/\/agderma.de\/es\/wp-json\/wp\/v2\/pages\/5663\/revisions\/5667"}],"up":[{"embeddable":true,"href":"https:\/\/agderma.de\/es\/wp-json\/wp\/v2\/pages\/1142"}],"wp:attachment":[{"href":"https:\/\/agderma.de\/es\/wp-json\/wp\/v2\/media?parent=5663"}],"curies":[{"name":"wp","href":"https:\/\/api.w.org\/{rel}","templated":true}]}}