{"id":1169,"date":"2023-01-26T05:59:52","date_gmt":"2023-01-26T05:59:52","guid":{"rendered":"http:\/\/agderma.de\/?page_id=1169"},"modified":"2025-03-15T15:41:44","modified_gmt":"2025-03-15T15:41:44","slug":"le-plastique-en-dermatologie","status":"publish","type":"page","link":"https:\/\/agderma.de\/fr\/themen\/plastik-in-der-dermatologie\/","title":{"rendered":"Le plastique en dermatologie"},"content":{"rendered":"<div data-elementor-type=\"wp-page\" data-elementor-id=\"1169\" class=\"elementor elementor-1169\" data-elementor-post-type=\"page\">\n\t\t\t\t<div class=\"elementor-element elementor-element-3d478ea e-flex e-con-boxed e-con e-parent\" data-id=\"3d478ea\" data-element_type=\"container\" data-e-type=\"container\" data-settings=\"{&quot;background_background&quot;:&quot;classic&quot;}\">\n\t\t\t\t\t<div class=\"e-con-inner\">\n\t\t\t\t<div class=\"elementor-element elementor-element-3d3f871 elementor-widget elementor-widget-heading\" data-id=\"3d3f871\" data-element_type=\"widget\" data-e-type=\"widget\" data-widget_type=\"heading.default\">\n\t\t\t\t<div class=\"elementor-widget-container\">\n\t\t\t\t\t<h1 class=\"elementor-heading-title elementor-size-default\">Le plastique en dermatologie<\/h1>\t\t\t\t<\/div>\n\t\t\t\t<\/div>\n\t\t\t\t\t<\/div>\n\t\t\t\t<\/div>\n\t\t<div class=\"elementor-element elementor-element-2179231 e-flex e-con-boxed e-con e-parent\" data-id=\"2179231\" data-element_type=\"container\" data-e-type=\"container\">\n\t\t\t\t\t<div class=\"e-con-inner\">\n\t\t\t\t<div class=\"elementor-element elementor-element-3c12a81 elementor-widget elementor-widget-text-editor\" data-id=\"3c12a81\" data-element_type=\"widget\" data-e-type=\"widget\" data-widget_type=\"text-editor.default\">\n\t\t\t\t<div class=\"elementor-widget-container\">\n\t\t\t\t\t\t\t\t\t<p>Dans la pratique m\u00e9dicale quotidienne, les soins aux patients g\u00e9n\u00e8rent de nombreux d\u00e9chets plastiques, des aiguilles d'injection aux kits chirurgicaux sophistiqu\u00e9s, en passant par les gants, les masques et les fournitures de laboratoire. De plus, dans la routine d'un cabinet ou d'une clinique dermatologique, de nombreux \u00e9chantillons de produits de soins d'origines diverses emball\u00e9s dans du plastique jouent un r\u00f4le important dans les soins aux patients.<\/p><p>Il existe plus de 200 types de plastiques solides de composition tr\u00e8s diff\u00e9rente. Le plastique est omnipr\u00e9sent et s'accumule depuis des d\u00e9cennies dans les oc\u00e9ans via les rivi\u00e8res, les eaux us\u00e9es et les eaux de pluie. Actuellement, on estime que 14 millions de tonnes de microplastiques reposent d\u00e9j\u00e0 sur les fonds marins.<\/p><p>La plupart de ces substances ne sont pas ou difficilement biod\u00e9gradables et, en fonction de leur taille, ne peuvent toujours pas \u00eatre filtr\u00e9es par les stations d'\u00e9puration des eaux us\u00e9es en milieu urbain. Ces substances reviennent dans notre assiette via la cha\u00eene alimentaire.<\/p><p><strong>En principe, le plastique est pond\u00e9r\u00e9 diff\u00e9remment :<\/strong><\/p><ul><li><strong>Macroplastique<\/strong> sous forme de mat\u00e9riaux d'emballage tels que tubes, bouteilles et pots.<\/li><li><strong>Microplastiques<\/strong> sous forme de compos\u00e9s synth\u00e9tiques solides de composition variable, d'un diam\u00e8tre maximal de 5 mm. Ils sont consid\u00e9r\u00e9s comme <strong>microplastiques primaires<\/strong> dans les formulations de produits externes, par exemple sous forme de substances solides telles que des particules abrasives, des p\u00e2tes et des poudres. Les polym\u00e8res liquides, plus fr\u00e9quents, peuvent \u00e9galement \u00eatre inclus dans les produits externes, par exemple en tant qu'\u00e9mulsifiants et conservateurs. Secondaire <strong>Microplastiques<\/strong> Le plastique est produit par des processus d'abrasion et de d\u00e9composition par le soleil et le vent.<\/li><\/ul><div>\u00a0<\/div><p>Depuis quelques ann\u00e9es, de plus en plus d'\u00e9l\u00e9ments indiquent que, outre les microplastiques, certaines autres substances pr\u00e9sentes dans les produits externes ont des effets n\u00e9fastes sur la sant\u00e9. Il s'agit par exemple d'allerg\u00e8nes tels que les acrylates, de parab\u00e8nes induisant des tumeurs, de perturbateurs endocriniens tels que les <a href=\"https:\/\/agderma.de\/fr\/themes-2\/que-sont-les-perturbateurs-endocriniens\/\">les perturbateurs endocriniens<\/a> et d'autres <a href=\"https:\/\/agderma.de\/fr\/themes-2\/probleme-lie-aux-cremes-solaires\/\">Ingr\u00e9dients des produits de protection solaire<\/a>Les effets de la pollution de l'eau sur les r\u00e9cifs coralliens sont tr\u00e8s importants et entra\u00eenent la mort des r\u00e9cifs coralliens dans le monde entier.<\/p>\t\t\t\t\t\t\t\t<\/div>\n\t\t\t\t<\/div>\n\t\t\t\t<div class=\"elementor-element elementor-element-5d58bc7 elementor-widget elementor-widget-image\" data-id=\"5d58bc7\" data-element_type=\"widget\" data-e-type=\"widget\" data-widget_type=\"image.default\">\n\t\t\t\t<div class=\"elementor-widget-container\">\n\t\t\t\t\t\t\t\t\t\t\t\t<figure class=\"wp-caption\">\n\t\t\t\t\t\t\t\t\t\t\t<a href=\"https:\/\/www.mdr.de\/wissen\/gefahr-mikroplastik-in-menschen100_zc-b1d0fd3e_zs-64b8d9c9.html\" target=\"_blank\" rel=\"noopener\">\n\t\t\t\t\t\t\t<img fetchpriority=\"high\" decoding=\"async\" width=\"600\" height=\"337\" src=\"https:\/\/agderma.de\/wp-content\/uploads\/2023\/01\/Beitrag-Plastik-in-der-Dermatologie_Video.webp\" class=\"attachment-large size-large wp-image-1172\" alt=\"\" srcset=\"https:\/\/agderma.de\/wp-content\/uploads\/2023\/01\/Beitrag-Plastik-in-der-Dermatologie_Video.webp 600w, https:\/\/agderma.de\/wp-content\/uploads\/2023\/01\/Beitrag-Plastik-in-der-Dermatologie_Video-300x169.webp 300w\" sizes=\"(max-width: 600px) 100vw, 600px\" \/>\t\t\t\t\t\t\t\t<\/a>\n\t\t\t\t\t\t\t\t\t\t\t<figcaption class=\"widget-image-caption wp-caption-text\">Vid\u00e9o : Microplastiques : Le danger invisible Avec l'aimable autorisation de MDR Wissen (2018)<\/figcaption>\n\t\t\t\t\t\t\t\t\t\t<\/figure>\n\t\t\t\t\t\t\t\t\t<\/div>\n\t\t\t\t<\/div>\n\t\t\t\t<div class=\"elementor-element elementor-element-b668183 elementor-widget elementor-widget-text-editor\" data-id=\"b668183\" data-element_type=\"widget\" data-e-type=\"widget\" data-widget_type=\"text-editor.default\">\n\t\t\t\t<div class=\"elementor-widget-container\">\n\t\t\t\t\t\t\t\t\t<p>Une \u00e9tude publi\u00e9e en mars 2021 <a href=\"https:\/\/pubs.acs.org\/doi\/10.1021\/acs.est.0c05984\" target=\"_blank\" rel=\"noopener\">\u00c9tude<\/a> de San Francisco a pu d\u00e9tecter, par spectrom\u00e9trie de masse, 109 produits chimiques industriels dans le sang de nouveau-n\u00e9s et de leurs m\u00e8res. Il a ainsi \u00e9t\u00e9 clairement d\u00e9montr\u00e9 que les nanoparticules chimiques peuvent traverser la barri\u00e8re placentaire. 55 substances ont \u00e9t\u00e9 d\u00e9tect\u00e9es pour la premi\u00e8re fois dans le sang humain. 28 substances ont \u00e9t\u00e9 clairement attribu\u00e9es au secteur cosm\u00e9tique. Pour 42 compos\u00e9s chimiques, les sources et les domaines d'application n'ont pas pu \u00eatre d\u00e9termin\u00e9s.<\/p><p>Cette situation est extr\u00eamement pr\u00e9occupante. Nous manquons d'\u00e9tudes pour v\u00e9rifier quelles interactions peuvent \u00eatre g\u00e9n\u00e9r\u00e9es par la multitude de substances chimiques pr\u00e9sentes dans l'environnement, si elles se r\u00e9v\u00e8lent toxiques et dans quelle mesure elles peuvent avoir une influence sur l'embryogen\u00e8se des \u00eatres vivants.<\/p>\t\t\t\t\t\t\t\t<\/div>\n\t\t\t\t<\/div>\n\t\t\t\t<div class=\"elementor-element elementor-element-5361cbc elementor-widget elementor-widget-toggle\" data-id=\"5361cbc\" data-element_type=\"widget\" data-e-type=\"widget\" data-widget_type=\"toggle.default\">\n\t\t\t\t<div class=\"elementor-widget-container\">\n\t\t\t\t\t\t\t<div class=\"elementor-toggle\">\n\t\t\t\t\t\t\t<div class=\"elementor-toggle-item\">\n\t\t\t\t\t<div id=\"elementor-tab-title-8741\" class=\"elementor-tab-title\" data-tab=\"1\" role=\"button\" aria-controls=\"elementor-tab-content-8741\" aria-expanded=\"false\">\n\t\t\t\t\t\t\t\t\t\t\t\t<span class=\"elementor-toggle-icon elementor-toggle-icon-left\" aria-hidden=\"true\">\n\t\t\t\t\t\t\t\t\t\t\t\t\t\t\t<span class=\"elementor-toggle-icon-closed\"><i class=\"fas fa-caret-right\"><\/i><\/span>\n\t\t\t\t\t\t\t\t<span class=\"elementor-toggle-icon-opened\"><i class=\"elementor-toggle-icon-opened fas fa-caret-up\"><\/i><\/span>\n\t\t\t\t\t\t\t\t\t\t\t\t\t<\/span>\n\t\t\t\t\t\t\t\t\t\t\t\t<a class=\"elementor-toggle-title\" tabindex=\"0\">R\u00e9f\u00e9rences et informations juridiques<\/a>\n\t\t\t\t\t<\/div>\n\n\t\t\t\t\t<div id=\"elementor-tab-content-8741\" class=\"elementor-tab-content elementor-clearfix\" data-tab=\"1\" role=\"region\" aria-labelledby=\"elementor-tab-title-8741\"><p class=\"font_8\"><span class=\"color_11\">Dr. med. Dipl. Biol. Susanne Saha 03\/2021<\/span><\/p><p><strong>R\u00e9f\u00e9rences :<\/strong><\/p><ul><li><a href=\"https:\/\/codecheck-app.com\/wp-content\/uploads\/2016\/10\/Codecheck_Mikroplastikstudie_2016.pdf\" target=\"_blank\" rel=\"noopener\">\u00c9tude sur les microplastiques 2016<\/a><\/li><li><a href=\"https:\/\/www.bund.net\/fileadmin\/user_upload_bund\/publikationen\/chemie\/chemie_plastikatlas_2019.pdf\" target=\"_blank\" rel=\"noopener\">PLASTIKATLAS 2019 - Faits et chiffres sur un monde de plastique<\/a>Fondation Heinrich B\u00f6ll et Bund f\u00fcr Umwelt und Naturschutz Deutschland, 2\u00e8me \u00e9dition, juillet 2019.<\/li><li><a href=\"https:\/\/www.umsicht.fraunhofer.de\/content\/dam\/umsicht\/de\/dokumente\/publikationen\/2018\/kunststoffe-id-umwelt-konsortialstudie-mikroplastik.pdf\" target=\"_blank\" rel=\"noopener\">\u00c9tude de prudence<\/a>, Institut Fraunhofer, 2018<\/li><\/ul><\/div>\n\t\t\t\t<\/div>\n\t\t\t\t\t\t\t\t<\/div>\n\t\t\t\t\t\t<\/div>\n\t\t\t\t<\/div>\n\t\t\t\t\t<\/div>\n\t\t\t\t<\/div>\n\t\t\t\t<\/div>","protected":false},"excerpt":{"rendered":"<p>Im medizinischen Alltag f\u00e4llt bei der Patientenversorgung von der Spritzkan\u00fcle bis zu aufw\u00e4ndigen OP-Sets, Handschuhen, Masken und Laborbedarf viel Plastikabfall an. Zudem spielen in der Routine einer dermatologischen Praxis oder Klinik zahlreiche in Plastik verpackte Proben f\u00fcr Pflegemittel unterschiedlichster Herkunft eine wichtige Rolle in der Patientenversorgung. Es gibt \u00fcber 200 verschiedene feste Plastikarten unterschiedlichster Zusammensetzung. [&hellip;]<\/p>\n","protected":false},"author":1,"featured_media":0,"parent":1142,"menu_order":0,"comment_status":"closed","ping_status":"closed","template":"","meta":{"_acf_changed":false,"footnotes":""},"class_list":["post-1169","page","type-page","status-publish","hentry"],"acf":[],"_links":{"self":[{"href":"https:\/\/agderma.de\/fr\/wp-json\/wp\/v2\/pages\/1169","targetHints":{"allow":["GET"]}}],"collection":[{"href":"https:\/\/agderma.de\/fr\/wp-json\/wp\/v2\/pages"}],"about":[{"href":"https:\/\/agderma.de\/fr\/wp-json\/wp\/v2\/types\/page"}],"author":[{"embeddable":true,"href":"https:\/\/agderma.de\/fr\/wp-json\/wp\/v2\/users\/1"}],"replies":[{"embeddable":true,"href":"https:\/\/agderma.de\/fr\/wp-json\/wp\/v2\/comments?post=1169"}],"version-history":[{"count":13,"href":"https:\/\/agderma.de\/fr\/wp-json\/wp\/v2\/pages\/1169\/revisions"}],"predecessor-version":[{"id":5616,"href":"https:\/\/agderma.de\/fr\/wp-json\/wp\/v2\/pages\/1169\/revisions\/5616"}],"up":[{"embeddable":true,"href":"https:\/\/agderma.de\/fr\/wp-json\/wp\/v2\/pages\/1142"}],"wp:attachment":[{"href":"https:\/\/agderma.de\/fr\/wp-json\/wp\/v2\/media?parent=1169"}],"curies":[{"name":"wp","href":"https:\/\/api.w.org\/{rel}","templated":true}]}}