{"id":1176,"date":"2023-01-26T06:12:54","date_gmt":"2023-01-26T06:12:54","guid":{"rendered":"http:\/\/agderma.de\/?page_id=1176"},"modified":"2023-02-24T02:22:08","modified_gmt":"2023-02-24T02:22:08","slug":"echantillons-de-produits","status":"publish","type":"page","link":"https:\/\/agderma.de\/fr\/themen\/produktproben\/","title":{"rendered":"\u00c9chantillons de produits"},"content":{"rendered":"<div data-elementor-type=\"wp-page\" data-elementor-id=\"1176\" class=\"elementor elementor-1176\" data-elementor-post-type=\"page\">\n\t\t\t\t<div class=\"elementor-element elementor-element-3d478ea e-flex e-con-boxed e-con e-parent\" data-id=\"3d478ea\" data-element_type=\"container\" data-e-type=\"container\" data-settings=\"{&quot;background_background&quot;:&quot;classic&quot;}\">\n\t\t\t\t\t<div class=\"e-con-inner\">\n\t\t\t\t<div class=\"elementor-element elementor-element-3d3f871 elementor-widget elementor-widget-heading\" data-id=\"3d3f871\" data-element_type=\"widget\" data-e-type=\"widget\" data-widget_type=\"heading.default\">\n\t\t\t\t<div class=\"elementor-widget-container\">\n\t\t\t\t\t<h1 class=\"elementor-heading-title elementor-size-default\">\u00c9chantillons de produits<\/h1>\t\t\t\t<\/div>\n\t\t\t\t<\/div>\n\t\t\t\t\t<\/div>\n\t\t\t\t<\/div>\n\t\t<div class=\"elementor-element elementor-element-2179231 e-flex e-con-boxed e-con e-parent\" data-id=\"2179231\" data-element_type=\"container\" data-e-type=\"container\">\n\t\t\t\t\t<div class=\"e-con-inner\">\n\t\t\t\t<div class=\"elementor-element elementor-element-3c12a81 elementor-widget elementor-widget-text-editor\" data-id=\"3c12a81\" data-element_type=\"widget\" data-e-type=\"widget\" data-widget_type=\"text-editor.default\">\n\t\t\t\t<div class=\"elementor-widget-container\">\n\t\t\t\t\t\t\t\t\t<p>Des \u00e9chantillons de produits de diff\u00e9rents fabricants de ce que l'on appelle les \"cosm\u00e9ceutiques\" sont distribu\u00e9s quotidiennement dans les cabinets m\u00e9dicaux et les cliniques.<\/p><p>Les cosm\u00e9ceutiques, un n\u00e9ologisme issu de la contraction de \"cosmetics\" (cosm\u00e9tiques) et \"pharmaceuticals\" (m\u00e9dicaments), contiennent la plus forte concentration possible d'ingr\u00e9dients actifs autoris\u00e9s avant d'\u00eatre class\u00e9s comme m\u00e9dicaments. Ils ont donc un profil d'efficacit\u00e9 plus \u00e9lev\u00e9 que les produits de soin traditionnels.<\/p><p>D'une part, ces \u00e9chantillons permettent de proposer aux patients plusieurs alternatives pour prendre soin de leur peau, mais d'autre part, ils sont probl\u00e9matiques pour l'environnement et repr\u00e9sentent \u00e9galement un co\u00fbt pour le cabinet.<\/p><p><strong>Le facteur environnemental<\/strong>\u200b<\/p><p>Des cartons emball\u00e9s dans un film plastique sont souvent distribu\u00e9s, contenant plusieurs \u00e9chantillons et, dans certains cas, des blocs de recommandations. Chaque petit mini-sur-emballage contient un tube, g\u00e9n\u00e9ralement compos\u00e9 de deux types de plastique diff\u00e9rents (bouchon et tube). De nombreux \u00e9chantillons de produits contiennent au maximum 5 \u00e0 7 ml de contenu, parfois m\u00e9lang\u00e9s \u00e0 des microplastiques de diff\u00e9rentes compositions chimiques. Certains d'entre eux contiennent des substances qui sont, par exemple, suspect\u00e9es, <a href=\"https:\/\/agderma.de\/fr\/themes-2\/que-sont-les-perturbateurs-endocriniens\/\">perturbateur endocrinien<\/a> ou<a href=\"https:\/\/agderma.de\/fr\/themes-2\/probleme-lie-aux-cremes-solaires\/\"> toxique pour les organismes aquatiques<\/a> de l'environnement. La production des petits pots en plastique, qui consomme beaucoup d'\u00e9nergie, repose sur des sources d'\u00e9nergie fossiles telles que le gaz et le p\u00e9trole, et met en p\u00e9ril l'environnement. <a href=\"https:\/\/agderma.de\/fr\/themes-2\/le-plastique-provoque-le-changement-climatique\/\">Le dioxyde de carbone, un gaz \u00e0 effet de serre<\/a> libre.<\/p><p>On peut supposer que des milliers d'\u00e9chantillons sont distribu\u00e9s chaque jour aux patients par des m\u00e9decins de diff\u00e9rentes sp\u00e9cialit\u00e9s et des pharmaciens. Tous les \u00e9chantillons ne sont pas essay\u00e9s par les patients. De plus, de nombreux tubes et sachets restent dans les armoires des cabinets m\u00e9dicaux et des cliniques au-del\u00e0 de la date de p\u00e9remption et doivent \u00eatre tri\u00e9s et jet\u00e9s par les professionnels de la sant\u00e9. Il est probable que les diff\u00e9rents types d'emballages soient rarement s\u00e9par\u00e9s par les cabinets m\u00e9dicaux et les consommateurs, ce qui emp\u00eache la r\u00e9cup\u00e9ration des plastiques recyclables dans les usines de traitement des d\u00e9chets. Rien qu'en Allemagne, les \u00e9chantillons de produits g\u00e9n\u00e8rent chaque jour plusieurs tonnes de d\u00e9chets incin\u00e9rables et donc de gaz \u00e0 effet de serre. Il est \u00e9galement probable qu'une partie des \u00e9chantillons se retrouve dans l'environnement lors d'excursions et de voyages ou qu'ils soient jet\u00e9s dans des pays qui ne disposent pas d'un syst\u00e8me de gestion des d\u00e9chets ou de recyclage appropri\u00e9.<\/p><p><strong>Le facteur co\u00fbt<\/strong><\/p><p>Dans les locaux lou\u00e9s, les \u00e9chantillons de produits occupent de l'espace de stockage et consomment donc de la surface utile, ce qui g\u00e9n\u00e8re des frais de location. Ils n\u00e9cessitent la main-d'\u0153uvre de professionnels de la sant\u00e9 pour leur r\u00e9ception, leur stockage, leur tri et leur \u00e9limination. Le temps de travail continu qui en r\u00e9sulte n'est pas disponible pour d'autres activit\u00e9s dans un cabinet m\u00e9dical, une clinique ou une pharmacie et doit n\u00e9anmoins \u00eatre r\u00e9mun\u00e9r\u00e9. De plus, les \u00e9chantillons de produits et les suremballages augmentent consid\u00e9rablement le volume des d\u00e9chets. Dans la plupart des municipalit\u00e9s, les taxes sur les d\u00e9chets sont calcul\u00e9es en fonction de la quantit\u00e9 de d\u00e9chets produits, ce qui se refl\u00e8te dans les co\u00fbts \u00e0 payer.<\/p><p><strong>Mise \u00e0 jour du 01 ao\u00fbt 2022<\/strong><\/p><p>Le plastique est produit \u00e0 partir de sources d'\u00e9nergie fossiles comme le gaz naturel et le p\u00e9trole. La guerre en Ukraine et les restrictions successives de l'approvisionnement en gaz de l'Allemagne qui en d\u00e9coulent remettent donc clairement en question la production et la diffusion d'\u00e9chantillons de produits d'un point de vue \u00e9conomique.<\/p>\t\t\t\t\t\t\t\t<\/div>\n\t\t\t\t<\/div>\n\t\t\t\t<div class=\"elementor-element elementor-element-5361cbc elementor-widget elementor-widget-toggle\" data-id=\"5361cbc\" data-element_type=\"widget\" data-e-type=\"widget\" data-widget_type=\"toggle.default\">\n\t\t\t\t<div class=\"elementor-widget-container\">\n\t\t\t\t\t\t\t<div class=\"elementor-toggle\">\n\t\t\t\t\t\t\t<div class=\"elementor-toggle-item\">\n\t\t\t\t\t<div id=\"elementor-tab-title-8741\" class=\"elementor-tab-title\" data-tab=\"1\" role=\"button\" aria-controls=\"elementor-tab-content-8741\" aria-expanded=\"false\">\n\t\t\t\t\t\t\t\t\t\t\t\t<span class=\"elementor-toggle-icon elementor-toggle-icon-left\" aria-hidden=\"true\">\n\t\t\t\t\t\t\t\t\t\t\t\t\t\t\t<span class=\"elementor-toggle-icon-closed\"><i class=\"fas fa-caret-right\"><\/i><\/span>\n\t\t\t\t\t\t\t\t<span class=\"elementor-toggle-icon-opened\"><i class=\"elementor-toggle-icon-opened fas fa-caret-up\"><\/i><\/span>\n\t\t\t\t\t\t\t\t\t\t\t\t\t<\/span>\n\t\t\t\t\t\t\t\t\t\t\t\t<a class=\"elementor-toggle-title\" tabindex=\"0\">R\u00e9f\u00e9rences et informations juridiques<\/a>\n\t\t\t\t\t<\/div>\n\n\t\t\t\t\t<div id=\"elementor-tab-content-8741\" class=\"elementor-tab-content elementor-clearfix\" data-tab=\"1\" role=\"region\" aria-labelledby=\"elementor-tab-title-8741\"><p>Dr. med. Dipl. Biol. Susanne Saha 06\/2021<\/p><p><strong>Mat\u00e9riel compl\u00e9mentaire :<\/strong><\/p><ul><li><a href=\"https:\/\/agderma.de\/wp-content\/uploads\/2023\/02\/Infoblatt-Produktproben.pdf\">Informations aux patients sur les \u00e9chantillons de produits<\/a><\/li><li>Mod\u00e8le QM : <a href=\"https:\/\/agderma.de\/wp-content\/uploads\/2023\/02\/Buero-FB-Werbung-abbestellen.docx\">Se d\u00e9sabonner de la publicit\u00e9<\/a><\/li><\/ul><p>\u200b<\/p><\/div>\n\t\t\t\t<\/div>\n\t\t\t\t\t\t\t\t<\/div>\n\t\t\t\t\t\t<\/div>\n\t\t\t\t<\/div>\n\t\t\t\t\t<\/div>\n\t\t\t\t<\/div>\n\t\t\t\t<\/div>","protected":false},"excerpt":{"rendered":"<p>T\u00e4glich werden Produktproben unterschiedlicher Hersteller von sogenannten \u201eCosmeceuticals\u201c in den Praxen und Kliniken verteilt. Cosmeceuticals, eine Wortsch\u00f6pfung aus \u201ecosmetics\u201c (Kosmetik) und \u201epharmaceuticals\u201c (Medikament), enthalten die h\u00f6chstm\u00f6gliche Konzentration an Wirkstoffen, die zugelassen sind, bevor sie als Arzneimittel eingestuft werden. Sie haben dadurch ein h\u00f6heres Wirkprofil als herk\u00f6mmliche Pflegeprodukte. Geben diese Proben einerseits die M\u00f6glichkeit, Patient*innen mehrere [&hellip;]<\/p>\n","protected":false},"author":1,"featured_media":0,"parent":1142,"menu_order":0,"comment_status":"closed","ping_status":"closed","template":"","meta":{"_acf_changed":false,"footnotes":""},"class_list":["post-1176","page","type-page","status-publish","hentry"],"acf":[],"_links":{"self":[{"href":"https:\/\/agderma.de\/fr\/wp-json\/wp\/v2\/pages\/1176","targetHints":{"allow":["GET"]}}],"collection":[{"href":"https:\/\/agderma.de\/fr\/wp-json\/wp\/v2\/pages"}],"about":[{"href":"https:\/\/agderma.de\/fr\/wp-json\/wp\/v2\/types\/page"}],"author":[{"embeddable":true,"href":"https:\/\/agderma.de\/fr\/wp-json\/wp\/v2\/users\/1"}],"replies":[{"embeddable":true,"href":"https:\/\/agderma.de\/fr\/wp-json\/wp\/v2\/comments?post=1176"}],"version-history":[{"count":0,"href":"https:\/\/agderma.de\/fr\/wp-json\/wp\/v2\/pages\/1176\/revisions"}],"up":[{"embeddable":true,"href":"https:\/\/agderma.de\/fr\/wp-json\/wp\/v2\/pages\/1142"}],"wp:attachment":[{"href":"https:\/\/agderma.de\/fr\/wp-json\/wp\/v2\/media?parent=1176"}],"curies":[{"name":"wp","href":"https:\/\/api.w.org\/{rel}","templated":true}]}}