{"id":1199,"date":"2023-01-26T07:46:01","date_gmt":"2023-01-26T07:46:01","guid":{"rendered":"http:\/\/agderma.de\/?page_id=1199"},"modified":"2023-02-24T04:24:09","modified_gmt":"2023-02-24T04:24:09","slug":"changement-climatique-du-aux-anesthesiques-par-inhalation","status":"publish","type":"page","link":"https:\/\/agderma.de\/fr\/themen\/klimawandel-durch-inhalationsanasthetika\/","title":{"rendered":"Changement climatique d\u00fb aux anesth\u00e9siques par inhalation"},"content":{"rendered":"<div data-elementor-type=\"wp-page\" data-elementor-id=\"1199\" class=\"elementor elementor-1199\" data-elementor-post-type=\"page\">\n\t\t\t\t<div class=\"elementor-element elementor-element-3d478ea e-flex e-con-boxed e-con e-parent\" data-id=\"3d478ea\" data-element_type=\"container\" data-e-type=\"container\" data-settings=\"{&quot;background_background&quot;:&quot;classic&quot;}\">\n\t\t\t\t\t<div class=\"e-con-inner\">\n\t\t\t\t<div class=\"elementor-element elementor-element-3d3f871 elementor-widget elementor-widget-heading\" data-id=\"3d3f871\" data-element_type=\"widget\" data-e-type=\"widget\" data-widget_type=\"heading.default\">\n\t\t\t\t<div class=\"elementor-widget-container\">\n\t\t\t\t\t<h1 class=\"elementor-heading-title elementor-size-default\">Changement climatique d\u00fb aux anesth\u00e9siques par inhalation<\/h1>\t\t\t\t<\/div>\n\t\t\t\t<\/div>\n\t\t\t\t\t<\/div>\n\t\t\t\t<\/div>\n\t\t<div class=\"elementor-element elementor-element-2179231 e-flex e-con-boxed e-con e-parent\" data-id=\"2179231\" data-element_type=\"container\" data-e-type=\"container\">\n\t\t\t\t\t<div class=\"e-con-inner\">\n\t\t\t\t<div class=\"elementor-element elementor-element-3c12a81 elementor-widget elementor-widget-text-editor\" data-id=\"3c12a81\" data-element_type=\"widget\" data-e-type=\"widget\" data-widget_type=\"text-editor.default\">\n\t\t\t\t<div class=\"elementor-widget-container\">\n\t\t\t\t\t\t\t\t\t<p>Les anesth\u00e9siques par inhalation (anesth\u00e9siques volatils) sont des gaz narcotiques utilis\u00e9s pour maintenir une anesth\u00e9sie g\u00e9n\u00e9rale. Actuellement, le desflurane, le s\u00e9voflurane, l'isoflurane, le protoxyde d'azote (N2O) et le x\u00e9non, un gaz rare, sont autoris\u00e9s en Allemagne. D'un point de vue chimique, tous les anesth\u00e9siques par inhalation, \u00e0 l'exception du N2O et du x\u00e9non, sont des hydrocarbures halog\u00e9n\u00e9s dans lesquels un ou plusieurs atomes d'hydrog\u00e8ne ont \u00e9t\u00e9 remplac\u00e9s par du fluor et du chlore. Le s\u00e9voflurane et le desflurane sont des hydrofluorocarbures (HFC) purs. L'isoflurane contient \u00e9galement un atome de chlore et est donc un chlorofluorocarbone (CFC).<\/p><h3>Propri\u00e9t\u00e9s nuisibles au climat et \u00e0 la couche d'ozone<\/h3><p>Les gaz CFC sont nocifs pour la couche d'ozone et constituent, avec les gaz HFC, des gaz \u00e0 effet de serre tr\u00e8s puissants. Outre son effet de serre, le protoxyde d'azote a \u00e9galement un effet destructeur sur la couche d'ozone. <a href=\"https:\/\/www.umweltbundesamt.de\/themen\/klima-energie\/klimaschutz-energiepolitik-in-deutschland\/treibhausgas-emissionen\/die-treibhausgase\" target=\"_blank\" rel=\"noopener\">avec une dur\u00e9e de vie atmosph\u00e9rique d'environ 121 ans.<\/a><\/p><p>De tous les anesth\u00e9siques volatils, le desflurane est de loin celui qui a le plus d'effets secondaires.\u00a0<a href=\"https:\/\/agupubs.onlinelibrary.wiley.com\/doi\/full\/10.1002\/2014GL062785\" target=\"_blank\" rel=\"noreferrer noopener\">le plus grand impact sur le climat<\/a>. Ainsi, le desflurane montre sur une fen\u00eatre de 100 ans\u00a0<a href=\"https:\/\/academic.oup.com\/bja\/article\/105\/6\/760\/324048\" target=\"_blank\" rel=\"noreferrer noopener\">un \"pouvoir de r\u00e9chauffement global (PRG)\" sup\u00e9rieur de 1.620<\/a> par rapport au gaz \u00e0 effet de serre de r\u00e9f\u00e9rence CO\u2082.<\/p><p>Le site\u00a0<a href=\"https:\/\/academic.oup.com\/bja\/article\/105\/6\/760\/324048\" target=\"_blank\" rel=\"noreferrer noopener\">fort potentiel de r\u00e9chauffement climatique des compos\u00e9s CFC et HFC<\/a>\u00a0est caus\u00e9e par l'absorption et la r\u00e9flexion \u00e9lev\u00e9es du rayonnement infrarouge dans ce que l'on appelle la fen\u00eatre atmosph\u00e9rique, une zone dans laquelle les gaz \u00e0 effet de serre naturels (CO2, <a href=\"https:\/\/agderma.de\/fr\/themes-2\/le-plastique-provoque-le-changement-climatique\/\">M\u00e9thane<\/a>) ne provoquent pas de r\u00e9flexion du rayonnement infrarouge \u00e9mis. En 1987, une r\u00e9duction des gaz CFC dans le\u00a0<a href=\"http:\/\/unfccc.int\/resource\/docs\/convkp\/kpger.pdf\" target=\"_blank\" rel=\"noreferrer noopener\">Protocole de Montr\u00e9al<\/a>\u00a0de la Conf\u00e9rence des parties \u00e0 la Convention-cadre des Nations unies sur les changements climatiques, afin de prot\u00e9ger la couche d'ozone. Celui-ci a \u00e9t\u00e9 \u00e9tendu en 2016 pour inclure les compos\u00e9s HFC en raison de leur impact climatique \u00e9lev\u00e9 \u00e0 Kigali. Cependant, les gaz d'anesth\u00e9sie ne sont pas inclus dans ce trait\u00e9, car il s'agit de substances n\u00e9cessaires \u00e0 la m\u00e9decine. Par cons\u00e9quent, les gaz d'anesth\u00e9sie sont aujourd'hui les seuls compos\u00e9s HFC dont les concentrations sont rejet\u00e9es dans l'atmosph\u00e8re.<\/p><h3>Augmentation mesurable dans l'atmosph\u00e8re \u00e0 l'\u00e9chelle mondiale<\/h3><p>Le site\u00a0<a href=\"https:\/\/agupubs.onlinelibrary.wiley.com\/doi\/full\/10.1002\/2014GL062785\" target=\"_blank\" rel=\"noreferrer noopener\">utilisation croissante du desflurane dans le monde<\/a>\u00a0et le s\u00e9voflurane se traduit par une augmentation visible et mesurable dans l'atmosph\u00e8re. Cela est d\u00fb \u00e0 l'augmentation de la population mondiale, \u00e0 l'am\u00e9lioration des soins m\u00e9dicaux et \u00e0 l'augmentation de l'\u00e2ge et de la fr\u00e9quence des op\u00e9rations. En Allemagne, le s\u00e9voflurane et le desflurane sont les principaux anesth\u00e9siques inhal\u00e9s utilis\u00e9s aujourd'hui*. Dans un h\u00f4pital, on compte actuellement environ\u00a0<a href=\"https:\/\/www.ai-online.info\/archiv\/2020\/0708-2020\/positionspapier-mit-konkreten-handlungsempfehlungen-der-dgai-und-des-bda-oekologische-nachhaltigkeit-in-der-anaesthesiologie-und-intensivmedizin.html\" target=\"_blank\" rel=\"noreferrer noopener\">25% des \u00e9missions de gaz \u00e0 effet de serre sont dues \u00e0 l'utilisation d'anesth\u00e9siques inhal\u00e9s<\/a>.<\/p><p>Par rapport au s\u00e9voflurane, une concentration de gaz nettement plus \u00e9lev\u00e9e est n\u00e9cessaire pour une anesth\u00e9sie g\u00e9n\u00e9rale avec du desflurane. En outre, il est n\u00e9cessaire d'indiquer le \"potentiel de r\u00e9chauffement global\" sur des p\u00e9riodes de temps plus courtes, car les gaz anesth\u00e9siques, \u00e0 l'exception du protoxyde d'azote, ont tous une dur\u00e9e de vie atmosph\u00e9rique inf\u00e9rieure \u00e0 20 ans. Ces effets devraient \u00eatre pris en compte en tant qu'empreinte carbone par acte d'anesth\u00e9sie. Par exemple, l'empreinte carbone\u00a0<a href=\"https:\/\/link.springer.com\/article\/10.1007\/s12630-019-01385-w\" target=\"_blank\" rel=\"noreferrer noopener\">Empreinte carbone pour la fen\u00eatre de temps d'un an d'une anesth\u00e9sie g\u00e9n\u00e9rale de 7 heures avec un d\u00e9bit de gaz frais de 2 l\/min<\/a> avec<\/p><ul><li>S\u00e9voflurane un voyage en voiture de 3.132 km<\/li><li>Desfluran un trajet en voiture de 15 698 km<\/li><\/ul><p>En r\u00e9duisant le d\u00e9bit de gaz frais (anesth\u00e9sie \u00e0 bas d\u00e9bit 0,5l\/min) pendant l'anesth\u00e9sie, il est possible d'augmenter le\u00a0<a href=\"https:\/\/www.draeger.com\/de_de\/News-Room\/Stories\/A-Better-Operating-Climate#reduktion-bis-zu-90-prozent\" target=\"_blank\" rel=\"noreferrer noopener\">Empreinte carbone consid\u00e9rablement r\u00e9duite<\/a>\u00a0\u00eatre mis en place. Toutefois, la meilleure alternative serait d'effectuer une\u00a0<a href=\"https:\/\/journals.lww.com\/anesthesia-analgesia\/Fulltext\/2012\/05000\/Life_Cycle_Greenhouse_Gas_Emissions_of_Anesthetic.25.aspx\" target=\"_blank\" rel=\"noreferrer noopener\">Anesth\u00e9sie g\u00e9n\u00e9rale par voie veineuse avec du propofol ou, si possible, utilisation de proc\u00e9dures d'anesth\u00e9sie r\u00e9gionale<\/a>. Les deux proc\u00e9d\u00e9s laissent une empreinte carbone nettement plus faible<\/p>\t\t\t\t\t\t\t\t<\/div>\n\t\t\t\t<\/div>\n\t\t\t\t<div class=\"elementor-element elementor-element-5361cbc elementor-widget elementor-widget-toggle\" data-id=\"5361cbc\" data-element_type=\"widget\" data-e-type=\"widget\" data-widget_type=\"toggle.default\">\n\t\t\t\t<div class=\"elementor-widget-container\">\n\t\t\t\t\t\t\t<div class=\"elementor-toggle\">\n\t\t\t\t\t\t\t<div class=\"elementor-toggle-item\">\n\t\t\t\t\t<div id=\"elementor-tab-title-8741\" class=\"elementor-tab-title\" data-tab=\"1\" role=\"button\" aria-controls=\"elementor-tab-content-8741\" aria-expanded=\"false\">\n\t\t\t\t\t\t\t\t\t\t\t\t<span class=\"elementor-toggle-icon elementor-toggle-icon-left\" aria-hidden=\"true\">\n\t\t\t\t\t\t\t\t\t\t\t\t\t\t\t<span class=\"elementor-toggle-icon-closed\"><i class=\"fas fa-caret-right\"><\/i><\/span>\n\t\t\t\t\t\t\t\t<span class=\"elementor-toggle-icon-opened\"><i class=\"elementor-toggle-icon-opened fas fa-caret-up\"><\/i><\/span>\n\t\t\t\t\t\t\t\t\t\t\t\t\t<\/span>\n\t\t\t\t\t\t\t\t\t\t\t\t<a class=\"elementor-toggle-title\" tabindex=\"0\">R\u00e9f\u00e9rences et informations juridiques<\/a>\n\t\t\t\t\t<\/div>\n\n\t\t\t\t\t<div id=\"elementor-tab-content-8741\" class=\"elementor-tab-content elementor-clearfix\" data-tab=\"1\" role=\"region\" aria-labelledby=\"elementor-tab-title-8741\"><p>\u00a9 privat-docent. Dr. med. Susanne Koch, Forum sur la durabilit\u00e9 en anesth\u00e9siologie (DGAI\/BDA) 10\/2021<\/p><p class=\"font_8\"><span class=\"color_26\">* Koch S, et al. Survey regarding routine use of anaesthetic procedures and related knowledge on environmental impact in Germany 2021. European Journal of Anaesthesiology.<\/span>\u200b<\/p><\/div>\n\t\t\t\t<\/div>\n\t\t\t\t\t\t\t\t<\/div>\n\t\t\t\t\t\t<\/div>\n\t\t\t\t<\/div>\n\t\t\t\t\t<\/div>\n\t\t\t\t<\/div>\n\t\t\t\t<\/div>","protected":false},"excerpt":{"rendered":"<p>Inhalationsan\u00e4sthetika (volatile An\u00e4sthetika) sind narkotisierende Gase, die zur Aufrechterhaltung einer Allgemeinan\u00e4sthesie dienen. Derzeit sind in Deutschland Desfluran, Sevofluran, Isofluran, Lachgas (N2O) und das Edelgas Xenon zugelassen. Chemisch gesehen sind alle Inhalationsan\u00e4sthetika, bis auf N2O und Xenon, halogenierte Kohlenwasserstoffe bei denen ein oder mehrere Wasserstoffatome durch Fluor und Chlor ersetzt wurden. Sevofluran und Desfluran sind reine [&hellip;]<\/p>\n","protected":false},"author":1,"featured_media":0,"parent":1142,"menu_order":0,"comment_status":"closed","ping_status":"closed","template":"","meta":{"_acf_changed":false,"footnotes":""},"class_list":["post-1199","page","type-page","status-publish","hentry"],"acf":[],"_links":{"self":[{"href":"https:\/\/agderma.de\/fr\/wp-json\/wp\/v2\/pages\/1199","targetHints":{"allow":["GET"]}}],"collection":[{"href":"https:\/\/agderma.de\/fr\/wp-json\/wp\/v2\/pages"}],"about":[{"href":"https:\/\/agderma.de\/fr\/wp-json\/wp\/v2\/types\/page"}],"author":[{"embeddable":true,"href":"https:\/\/agderma.de\/fr\/wp-json\/wp\/v2\/users\/1"}],"replies":[{"embeddable":true,"href":"https:\/\/agderma.de\/fr\/wp-json\/wp\/v2\/comments?post=1199"}],"version-history":[{"count":0,"href":"https:\/\/agderma.de\/fr\/wp-json\/wp\/v2\/pages\/1199\/revisions"}],"up":[{"embeddable":true,"href":"https:\/\/agderma.de\/fr\/wp-json\/wp\/v2\/pages\/1142"}],"wp:attachment":[{"href":"https:\/\/agderma.de\/fr\/wp-json\/wp\/v2\/media?parent=1199"}],"curies":[{"name":"wp","href":"https:\/\/api.w.org\/{rel}","templated":true}]}}