{"id":1208,"date":"2023-01-26T07:58:45","date_gmt":"2023-01-26T07:58:45","guid":{"rendered":"http:\/\/agderma.de\/?page_id=1208"},"modified":"2025-03-15T15:49:45","modified_gmt":"2025-03-15T15:49:45","slug":"le-plastique-provoque-le-changement-climatique","status":"publish","type":"page","link":"https:\/\/agderma.de\/fr\/themen\/plastik-verursacht-klimawandel\/","title":{"rendered":"Le plastique provoque le changement climatique"},"content":{"rendered":"<div data-elementor-type=\"wp-page\" data-elementor-id=\"1208\" class=\"elementor elementor-1208\" data-elementor-post-type=\"page\">\n\t\t\t\t<div class=\"elementor-element elementor-element-3d478ea e-flex e-con-boxed e-con e-parent\" data-id=\"3d478ea\" data-element_type=\"container\" data-e-type=\"container\" data-settings=\"{&quot;background_background&quot;:&quot;classic&quot;}\">\n\t\t\t\t\t<div class=\"e-con-inner\">\n\t\t\t\t<div class=\"elementor-element elementor-element-3d3f871 elementor-widget elementor-widget-heading\" data-id=\"3d3f871\" data-element_type=\"widget\" data-e-type=\"widget\" data-widget_type=\"heading.default\">\n\t\t\t\t<div class=\"elementor-widget-container\">\n\t\t\t\t\t<h1 class=\"elementor-heading-title elementor-size-default\">Le plastique provoque le changement climatique<\/h1>\t\t\t\t<\/div>\n\t\t\t\t<\/div>\n\t\t\t\t\t<\/div>\n\t\t\t\t<\/div>\n\t\t<div class=\"elementor-element elementor-element-2179231 e-flex e-con-boxed e-con e-parent\" data-id=\"2179231\" data-element_type=\"container\" data-e-type=\"container\">\n\t\t\t\t\t<div class=\"e-con-inner\">\n\t\t\t\t<div class=\"elementor-element elementor-element-3c12a81 elementor-widget elementor-widget-text-editor\" data-id=\"3c12a81\" data-element_type=\"widget\" data-e-type=\"widget\" data-widget_type=\"text-editor.default\">\n\t\t\t\t<div class=\"elementor-widget-container\">\n\t\t\t\t\t\t\t\t\t<p>Le plastique est une mati\u00e8re premi\u00e8re \u00e0 base de p\u00e9trole et donc cr\u00e9\u00e9e artificiellement, pour laquelle on consomme actuellement environ 16 % de p\u00e9trole et de gaz naturel par jour dans le monde.\u00a0<a href=\"https:\/\/www.boell.de\/de\/plastikatlas\" target=\"_blank\" rel=\"noreferrer noopener\">La Fondation Heinrich B\u00f6ll<\/a> estime que le dioxyde de carbone (CO\u2082) a provoqu\u00e9 des \u00e9missions de 1 781 millions de tonnes rien qu'en 2015. La production mondiale de plastique repr\u00e9sente 10 \u00e0 13 % du budget total de CO\u2082 qui peut \u00eatre consomm\u00e9 au maximum pour limiter le r\u00e9chauffement climatique d'origine humaine \u00e0 1,5 degr\u00e9.<\/p><h3>CO\u2082 et l'oc\u00e9an<\/h3><p>Environ 400 millions de tonnes de plastique de diff\u00e9rentes compositions sont produites chaque ann\u00e9e dans le monde. On estime qu'environ un tiers de cette quantit\u00e9 est rejet\u00e9 dans l'environnement. Une grande partie se retrouve dans l'oc\u00e9an, formant 5 grands tourbillons de plastique de\u00a0<a href=\"https:\/\/www.zeit.de\/wissen\/umwelt\/2018-03\/umweltverschmutzung-ozeane-muellstrudel-plastikmuell\" target=\"_blank\" rel=\"noreferrer noopener\">1,6 kilom\u00e8tre carr\u00e9 de diam\u00e8tre (en 2018)<\/a><\/p><p>On pense que la quantit\u00e9 croissante de\u00a0<a href=\"https:\/\/www.ciel.org\/wp-content\/uploads\/2019\/05\/Plastic-and-Climate-Executive-Summary-2019.pdf\" target=\"_blank\" rel=\"noreferrer noopener\">Les microplastiques dans les oc\u00e9ans, qui r\u00e9sultent de la d\u00e9composition du plastique, perturbent les processus biologiques.<\/a>Le plancton \u00e0 la surface de l'oc\u00e9an fixe le CO2 par photosynth\u00e8se. Ce processus, appel\u00e9 pompe biologique \u00e0 carbone, est essentiel pour le r\u00f4le de l'oc\u00e9an en tant que \"puits de carbone\" et contribue de mani\u00e8re significative \u00e0 la stabilit\u00e9 du climat terrestre.<\/p><p>Par des processus de mort naturelle, le plancton s\u00e9cr\u00e8te \u00e0 nouveau le CO2 lorsqu'il descend au fond de la mer. L'effet parfois tr\u00e8s toxique des microplastiques entra\u00eene le\u00a0<a href=\"https:\/\/www.oceaneye.ch\/de\/problematique\/plastique-en-mer\/\" target=\"_blank\" rel=\"noreferrer noopener\">un d\u00e9p\u00e9rissement accru<\/a> du plancton, ce qui entra\u00eene une augmentation des \u00e9missions de CO2 dans l'atmosph\u00e8re.<\/p><p>Actuellement, l'oc\u00e9an stocke plus de la moiti\u00e9 du CO2 produit par l'homme chaque ann\u00e9e. Des recherches sont en cours pour d\u00e9terminer la quantit\u00e9 et la mani\u00e8re dont le stockage pourrait changer \u00e0 l'avenir.<\/p><h3>La d\u00e9composition du plastique provoque du m\u00e9thane<\/h3><p><a href=\"https:\/\/journals.plos.org\/plosone\/article?id=10.1371\/journal.pone.0200574\" target=\"_blank\" rel=\"noreferrer noopener\">Selon une \u00e9tude de l'universit\u00e9 d'Hawa\u00ef d'ao\u00fbt 2018<\/a>\u00a0les UV favorisent la d\u00e9composition du plastique dans l'environnement, lib\u00e9rant ainsi du m\u00e9thane et de l'\u00e9thyl\u00e8ne.\u00a0<a href=\"https:\/\/www.mpg.de\/405362\/forschungsSchwerpunkt\" target=\"_blank\" rel=\"noreferrer noopener\">M\u00e9thane<\/a> (CH4) est l'un des principaux gaz \u00e0 effet de serre et est 21 fois plus puissant que le CO\u2082.<\/p><p class=\"font_8\"><span class=\"color_26\">Les \u00e9tudes men\u00e9es sur diff\u00e9rents types de plastique ont montr\u00e9 que la plupart du m\u00e9thane \u00e9tait \u00e9mis par les particules de plastique de\u00a0<a href=\"https:\/\/en.wikipedia.org\/wiki\/Low-density_polyethylene\" target=\"_blank\" rel=\"noreferrer noopener\">Poly\u00e9thyl\u00e8ne basse densit\u00e9 (LDPE)<\/a>, une variante du\u00a0<a href=\"https:\/\/echa.europa.eu\/legislation-obligation\/-\/obligations\/100.121.698\" target=\"_blank\" rel=\"noreferrer noopener\">Poly\u00e9thyl\u00e8ne<\/a>\u00a0(PE), a \u00e9t\u00e9 produit. Les \u00e9missions de m\u00e9thane augmentaient au fur et \u00e0 mesure que les particules de plastique \u00e9taient expos\u00e9es \u00e0 la lumi\u00e8re UV. Les UV semblent agir comme un catalyseur, car la production de m\u00e9thane, une fois lanc\u00e9e, n'a plus besoin des UV pour se poursuivre.<\/span><\/p><p class=\"font_8\"><span class=\"color_26\">Le PEBD et le PE sont les mat\u00e9riaux les plus couramment produits dans le monde et sont utilis\u00e9s, entre autres, dans les bouteilles de distribution, les bouteilles de lavage, les tuyaux, les sacs en plastique, les plans de travail et les films plastiques.<\/span><\/p><p>Le recyclage et la r\u00e9duction de la production de plastique repr\u00e9sentent un objectif important dans le monde entier pour \u00e9conomiser les \u00e9missions de gaz \u00e0 effet de serre d'origine anthropique CO\u2082 et m\u00e9thane.<\/p><p><strong>Liens compl\u00e9mentaires :<\/strong><\/p><ul><li><a href=\"https:\/\/www.ciel.org\/wp-content\/uploads\/2019\/05\/Plastic-and-Climate-Executive-Summary-2019.pdf\" target=\"_blank\" rel=\"noreferrer noopener\">Le plastique et le climat : Les co\u00fbts cach\u00e9s d'une plan\u00e8te plastique<\/a><\/li><\/ul>\t\t\t\t\t\t\t\t<\/div>\n\t\t\t\t<\/div>\n\t\t\t\t<div class=\"elementor-element elementor-element-5361cbc elementor-widget elementor-widget-toggle\" data-id=\"5361cbc\" data-element_type=\"widget\" data-e-type=\"widget\" data-widget_type=\"toggle.default\">\n\t\t\t\t<div class=\"elementor-widget-container\">\n\t\t\t\t\t\t\t<div class=\"elementor-toggle\">\n\t\t\t\t\t\t\t<div class=\"elementor-toggle-item\">\n\t\t\t\t\t<div id=\"elementor-tab-title-8741\" class=\"elementor-tab-title\" data-tab=\"1\" role=\"button\" aria-controls=\"elementor-tab-content-8741\" aria-expanded=\"false\">\n\t\t\t\t\t\t\t\t\t\t\t\t<span class=\"elementor-toggle-icon elementor-toggle-icon-left\" aria-hidden=\"true\">\n\t\t\t\t\t\t\t\t\t\t\t\t\t\t\t<span class=\"elementor-toggle-icon-closed\"><i class=\"fas fa-caret-right\"><\/i><\/span>\n\t\t\t\t\t\t\t\t<span class=\"elementor-toggle-icon-opened\"><i class=\"elementor-toggle-icon-opened fas fa-caret-up\"><\/i><\/span>\n\t\t\t\t\t\t\t\t\t\t\t\t\t<\/span>\n\t\t\t\t\t\t\t\t\t\t\t\t<a class=\"elementor-toggle-title\" tabindex=\"0\">R\u00e9f\u00e9rences et informations juridiques<\/a>\n\t\t\t\t\t<\/div>\n\n\t\t\t\t\t<div id=\"elementor-tab-content-8741\" class=\"elementor-tab-content elementor-clearfix\" data-tab=\"1\" role=\"region\" aria-labelledby=\"elementor-tab-title-8741\"><p>Dr. med. Dipl. Biol. Susanne Saha 05\/2021<\/p><\/div>\n\t\t\t\t<\/div>\n\t\t\t\t\t\t\t\t<\/div>\n\t\t\t\t\t\t<\/div>\n\t\t\t\t<\/div>\n\t\t\t\t\t<\/div>\n\t\t\t\t<\/div>\n\t\t\t\t<\/div>","protected":false},"excerpt":{"rendered":"<p>Plastik ist ein petrobasierter und damit k\u00fcnstlich geschaffener Rohstoff, f\u00fcr den aktuell weltweit t\u00e4glich ca. 16 % Erd\u00f6l- und Erdgas verbraucht werden.\u00a0Die Heinrich-B\u00f6ll-Stiftung sch\u00e4tzt, dass durch Kohlendioxid (CO\u2082) allein 2015 Emissionen in H\u00f6he von 1.781 Mio. Tonnen verursacht wurden. Die weltweite Kunststoffproduktion macht 10-13 % des gesamten CO\u2082-Budgets aus, das maximal verbraucht werden darf, um [&hellip;]<\/p>\n","protected":false},"author":1,"featured_media":0,"parent":1142,"menu_order":0,"comment_status":"closed","ping_status":"closed","template":"","meta":{"_acf_changed":false,"footnotes":""},"class_list":["post-1208","page","type-page","status-publish","hentry"],"acf":[],"_links":{"self":[{"href":"https:\/\/agderma.de\/fr\/wp-json\/wp\/v2\/pages\/1208","targetHints":{"allow":["GET"]}}],"collection":[{"href":"https:\/\/agderma.de\/fr\/wp-json\/wp\/v2\/pages"}],"about":[{"href":"https:\/\/agderma.de\/fr\/wp-json\/wp\/v2\/types\/page"}],"author":[{"embeddable":true,"href":"https:\/\/agderma.de\/fr\/wp-json\/wp\/v2\/users\/1"}],"replies":[{"embeddable":true,"href":"https:\/\/agderma.de\/fr\/wp-json\/wp\/v2\/comments?post=1208"}],"version-history":[{"count":7,"href":"https:\/\/agderma.de\/fr\/wp-json\/wp\/v2\/pages\/1208\/revisions"}],"predecessor-version":[{"id":5634,"href":"https:\/\/agderma.de\/fr\/wp-json\/wp\/v2\/pages\/1208\/revisions\/5634"}],"up":[{"embeddable":true,"href":"https:\/\/agderma.de\/fr\/wp-json\/wp\/v2\/pages\/1142"}],"wp:attachment":[{"href":"https:\/\/agderma.de\/fr\/wp-json\/wp\/v2\/media?parent=1208"}],"curies":[{"name":"wp","href":"https:\/\/api.w.org\/{rel}","templated":true}]}}