{"id":1220,"date":"2023-01-26T23:05:11","date_gmt":"2023-01-26T23:05:11","guid":{"rendered":"http:\/\/agderma.de\/?page_id=1220"},"modified":"2024-03-01T07:18:57","modified_gmt":"2024-03-01T07:18:57","slug":"probleme-lie-aux-cremes-solaires","status":"publish","type":"page","link":"https:\/\/agderma.de\/fr\/themen\/problem-durch-sonnenschutzcremes\/","title":{"rendered":"Probl\u00e8me li\u00e9 aux cr\u00e8mes solaires"},"content":{"rendered":"<div data-elementor-type=\"wp-page\" data-elementor-id=\"1220\" class=\"elementor elementor-1220\" data-elementor-post-type=\"page\">\n\t\t\t\t<div class=\"elementor-element elementor-element-3d478ea e-flex e-con-boxed e-con e-parent\" data-id=\"3d478ea\" data-element_type=\"container\" data-e-type=\"container\" data-settings=\"{&quot;background_background&quot;:&quot;classic&quot;}\">\n\t\t\t\t\t<div class=\"e-con-inner\">\n\t\t\t\t<div class=\"elementor-element elementor-element-3d3f871 elementor-widget elementor-widget-heading\" data-id=\"3d3f871\" data-element_type=\"widget\" data-e-type=\"widget\" data-widget_type=\"heading.default\">\n\t\t\t\t<div class=\"elementor-widget-container\">\n\t\t\t\t\t<h1 class=\"elementor-heading-title elementor-size-default\">Probl\u00e8me li\u00e9 aux cr\u00e8mes solaires<\/h1>\t\t\t\t<\/div>\n\t\t\t\t<\/div>\n\t\t\t\t\t<\/div>\n\t\t\t\t<\/div>\n\t\t<div class=\"elementor-element elementor-element-2179231 e-flex e-con-boxed e-con e-parent\" data-id=\"2179231\" data-element_type=\"container\" data-e-type=\"container\">\n\t\t\t\t\t<div class=\"e-con-inner\">\n\t\t\t\t<div class=\"elementor-element elementor-element-3c12a81 elementor-widget elementor-widget-text-editor\" data-id=\"3c12a81\" data-element_type=\"widget\" data-e-type=\"widget\" data-widget_type=\"text-editor.default\">\n\t\t\t\t<div class=\"elementor-widget-container\">\n\t\t\t\t\t\t\t\t\t<p><em>Ce texte n'est en aucun cas une invitation \u00e0 cesser d\u00e9finitivement de se prot\u00e9ger activement du soleil, mais se penche sur certains ingr\u00e9dients des produits solaires. Les \u00e9crans solaires remplissent une fonction importante en prot\u00e9geant la barri\u00e8re cutan\u00e9e contre les rayons UV et en pr\u00e9venant ainsi le cancer de la peau.<\/em><\/p><p>On distingue g\u00e9n\u00e9ralement deux principes d'action pour les cr\u00e8mes solaires :<\/p><p><strong>1. les cr\u00e8mes solaires avec un filtre UV min\u00e9ral ou physique<br \/><\/strong>contiennent des substances telles que le dioxyde de titane (TiO2) et l'oxyde de zinc (ZnO). Ces substances adh\u00e8rent \u00e0 la peau lors de l'application et pr\u00e9viennent les rayons UV en les r\u00e9fl\u00e9chissant de mani\u00e8re diffuse sur la peau. Entre-temps, ils sont souvent ajout\u00e9s sous forme de nanoparticules (nano-dioxyde de titane et nano-oxyde de zinc) afin d'\u00e9viter un effet de blanchiment. Le site <a href=\"https:\/\/eur-lex.europa.eu\/LexUriServ\/LexUriServ.do?uri=OJ:L:2012:167:0001:0123:DE:PDF\" target=\"_blank\" rel=\"noopener\">R\u00e8glement sur les biocides<\/a>\u00a0d\u00e9finit les nanomat\u00e9riaux comme \"des particules (...) dont au moins 50 pour cent des particules ont une ou plusieurs dimensions dans la gamme de 1 nm \u00e0 100 nm dans la distribution de la taille en nombre\".<\/p><p><a href=\"https:\/\/echa.europa.eu\/de\/brief-profile\/-\/briefprofile\/100.013.839\" target=\"_blank\" rel=\"noopener\"><strong>Oxyde de zinc<\/strong><\/a><br \/>Une\u00a0<a href=\"https:\/\/www.jidonline.org\/article\/S0022-202X(18)32655-1\/fulltext\" target=\"_blank\" rel=\"noopener\">Publication<\/a>\u00a0de 2018 n'a pas trouv\u00e9 de perm\u00e9abilit\u00e9 cutan\u00e9e pour les nanoparticules d'oxyde de zinc hydrophobes enduites de silicone et non enduites d'une taille de 65 et 77 nm.\u00a0<br \/>Une\u00a0<a href=\"https:\/\/pubmed.ncbi.nlm.nih.gov\/21329043\/\" target=\"_blank\" rel=\"noopener\">\u00c9tude<\/a> a toutefois conclu en 2010 que l'absorption des nanoparticules par la peau \u00e9tait influenc\u00e9e par la taille des particules et que cela d\u00e9pendait \u00e9galement de l'\u00e9tat de sant\u00e9 de la peau. L'oxyde de zinc est consid\u00e9r\u00e9 dans la base de donn\u00e9es de l'ECHA comme tr\u00e8s <a href=\"https:\/\/echa.europa.eu\/de\/brief-profile\/-\/briefprofile\/100.013.839\" target=\"_blank\" rel=\"noopener\">toxicologique pour les formes de vie aquatique<\/a>\u00a0est r\u00e9pertori\u00e9e.<\/p><p><strong><a href=\"https:\/\/echa.europa.eu\/de\/brief-profile\/-\/briefprofile\/100.033.327\" target=\"_blank\" rel=\"noopener\">Dioxyde de titane<\/a><\/strong>\u00a0<br \/>Le site\u00a0<a href=\"https:\/\/ec.europa.eu\/transparency\/regdoc\/rep\/3\/2019\/DE\/C-2019-7227-F1-DE-ANNEX-1-PART-1.PDF\" target=\"_blank\" rel=\"noopener\">Comit\u00e9 scientifique pour la s\u00e9curit\u00e9 des consommateurs (CSSC)<\/a>\u00a0constate que l'utilisation d'encre pigment\u00e9e <a href=\"https:\/\/echa.europa.eu\/de\/brief-profile\/-\/briefprofile\/100.033.327\" target=\"_blank\" rel=\"noopener\">Dioxyde de titane<\/a> dans les produits externes, sur la base des donn\u00e9es actuelles et de la classification possible du dioxyde de titane comme canc\u00e9rig\u00e8ne de cat\u00e9gorie 2 selon le r\u00e8glement CLP (<a href=\"https:\/\/ec.europa.eu\/health\/sites\/health\/files\/scientific_committees\/consumer_safety\/docs\/sccs_o_238.pdf\" target=\"_blank\" rel=\"noopener\">Inhalation<\/a>), n'est pas sans danger pour les consommateurs en g\u00e9n\u00e9ral lorsqu'il est inhal\u00e9. Dans la base de donn\u00e9es de\u00a0<a href=\"https:\/\/echa.europa.eu\/de\/brief-profile\/-\/briefprofile\/100.033.327\" target=\"_blank\" rel=\"noopener\">L'ECHA va publier le dioxyde de titane<\/a> comme substance potentiellement canc\u00e9rig\u00e8ne.<\/p><p><em>L'\u00e9tiquetage des nanoparticules dans les cosm\u00e9tiques est obligatoire dans l'UE depuis le 11 juillet 2013. <\/em><\/p><p>Mise \u00e0 jour du dioxyde de titane 7 mai 2021 Le dioxyde de titane est \u00e9galement utilis\u00e9 comme agent blanchissant dans les aliments (bonbons, dentifrice, mozzarella, etc.) et les m\u00e9dicaments. Selon une <a href=\"https:\/\/www.bfr.bund.de\/cm\/343\/faq-titandioxid-gibt-es-gesundheitliche-risiken.pdf\" target=\"_blank\" rel=\"noopener\">Publication de l'Institut f\u00e9d\u00e9ral allemand d'\u00e9valuation des risques (BfR) du 6 mai 2021<\/a>\u00a0son utilisation en tant qu'additif alimentaire n'est pas consid\u00e9r\u00e9e comme s\u00fbre, car on soup\u00e7onne fortement le dioxyde de titane d'\u00eatre mutag\u00e8ne. En France, le dioxyde de titane est interdit dans les aliments depuis le 1er janvier 2020. \u00a0<\/p><p><strong>2. les cr\u00e8mes solaires avec un filtre UV chimique<\/strong> <br \/>p\u00e9n\u00e8trent dans la peau. Ils contiennent des substances absorbantes qui convertissent l'\u00e9nergie des rayons UV en lumi\u00e8re infrarouge et la restituent. Certains de ces filtres UV chimiques sont fortement soup\u00e7onn\u00e9s d'\u00eatre des perturbateurs endocriniens. Les substances et groupes de substances suivants sont actuellement sous le feu des projecteurs\u00a0<a href=\"https:\/\/eur-lex.europa.eu\/LexUriServ\/LexUriServ.do?uri=OJ:L:2007:136:0003:0280:de:PDF\" target=\"_blank\" rel=\"noopener\">Commission europ\u00e9enne<\/a>:<\/p><ul><li><a href=\"https:\/\/echa.europa.eu\/de\/brief-profile\/-\/briefprofile\/100.157.824\" target=\"_blank\" rel=\"noopener\">Octinoxat<\/a><\/li><li>(Octylmethoxycinnamate (OMC) ou 2-ethylhexyl-4-methoxycinnamate (EHMC))<\/li><li><a href=\"https:\/\/echa.europa.eu\/de\/brief-profile\/-\/briefprofile\/100.004.575\" target=\"_blank\" rel=\"noopener\">Oxybenzone<\/a>\u00a0(benzoph\u00e9none-3)\u00a0<\/li><li><a href=\"https:\/\/echa.europa.eu\/de\/brief-profile\/-\/briefprofile\/100.025.683\" target=\"_blank\" rel=\"noopener\">Octocryl\u00e8ne<\/a>\u00a0<\/li><li><a href=\"https:\/\/www.akdermaplastik.de\/parabens\" target=\"_blank\" rel=\"noopener\">Parab\u00e8nes<\/a>\u00a0(<a href=\"https:\/\/echa.europa.eu\/de\/brief-profile\/-\/briefprofile\/100.002.532\" target=\"_blank\" rel=\"noopener\">M\u00e9thyl Paraben<\/a>,\u00a0<a href=\"https:\/\/echa.europa.eu\/de\/brief-profile\/-\/briefprofile\/100.004.000\" target=\"_blank\" rel=\"noopener\">\u00e9thyl paraben<\/a>,\u00a0<a href=\"https:\/\/echa.europa.eu\/de\/brief-profile\/-\/briefprofile\/100.002.108\" target=\"_blank\" rel=\"noopener\">butyl paraben<\/a>,\u00a0<a href=\"https:\/\/echa.europa.eu\/de\/brief-profile\/-\/briefprofile\/100.002.102\" target=\"_blank\" rel=\"noopener\">Benzyl Paraben)<\/a>\u00a0<\/li><li><a href=\"https:\/\/echa.europa.eu\/de\/brief-profile\/-\/briefprofile\/100.002.102\" target=\"_blank\" rel=\"noopener\">D\u00e9riv\u00e9s du camphre<\/a> (4-m\u00e9thyl-benzylid\u00e8ne)<\/li><\/ul><p>Ces filtres UV passent du corps <a href=\"https:\/\/www.sciencedirect.com\/science\/article\/abs\/pii\/S0048969718320242\" target=\"_blank\" rel=\"noopener\">dans l'environnement par contact direct<\/a>\u00a0avec les eaux ou indirectement dans la mer via les stations d'\u00e9puration. Ils s'accumulent dans les cours d'eau, ne sont pas biod\u00e9gradables et sont de plus en plus souvent rejet\u00e9s dans l'environnement.\u00a0<a href=\"https:\/\/www.sciencedirect.com\/science\/article\/abs\/pii\/S0048969718347545\" target=\"_blank\" rel=\"noopener\">enrichi dans la cha\u00eene alimentaire<\/a>. Il est prouv\u00e9 qu'ils sont\u00a0<a href=\"https:\/\/pubs.acs.org\/doi\/abs\/10.1021\/acs.est.6b05211\" target=\"_blank\" rel=\"noopener\">toxique pour les organismes aquatiques<\/a> comme les coraux.<\/p><p>\u00c9tant donn\u00e9 qu'ils sont consid\u00e9r\u00e9s comme responsables du blanchiment des coraux dans le monde entier, les cr\u00e8mes solaires contenant les filtres UV susmentionn\u00e9s sont interdites \u00e0 Palau depuis 2020 et conform\u00e9ment \u00e0 la loi sur la protection de l'environnement. <a href=\"https:\/\/trackbill.com\/bill\/hawaii-senate-bill-748-non-chemical-sunscreen-dispensers-department-of-land-and-natural-resources-state-beaches-appropriation\/2333872\/\" target=\"_blank\" rel=\"noopener\">Loi sur les r\u00e9cifs de Hawa\u00ef (SB 2571)<\/a> interdit depuis le 1er janvier 2021 \u00e0 Bonaire, \u00e0 Key West en Floride, dans les \u00eeles Vierges am\u00e9ricaines, \u00e0 Hawa\u00ef, en Tha\u00eflande et dans la p\u00e9ninsule du Yucatan \/ Mexique.<\/p><p>Dans l'ensemble, la Commission europ\u00e9enne a cr\u00e9\u00e9 une <a href=\"https:\/\/eur-lex.europa.eu\/legal-content\/DE\/TXT\/PDF\/?uri=CELEX:52018DC0739&amp;from=EN\" target=\"_blank\" rel=\"noopener\">Liste de 28 substances<\/a>\u00a0qui sont suspect\u00e9s d'\u00eatre des perturbateurs endocriniens chez l'homme. En Europe, l'\u00e9valuation de la dangerosit\u00e9 pour l'environnement des filtres UV utilis\u00e9s dans les cosm\u00e9tiques et autres produits est en cours dans le cadre de l'\u00e9tude sur l'\u00e9valuation des risques pour l'environnement.\u00a0<a href=\"https:\/\/eur-lex.europa.eu\/LexUriServ\/LexUriServ.do?uri=OJ:L:2007:136:0003:0280:de:PDF\" target=\"_blank\" rel=\"noopener\">R\u00e8glement europ\u00e9en REACH (CE n\u00b0 1907\/2006)<\/a>.<\/p><p>Le Haereticus Environmental Laboratory (\u00c9tats-Unis) a mis au point le <a href=\"https:\/\/haereticus-lab.org\/protect-land-sea-certification-3\" target=\"_blank\" rel=\"noopener\">Certificat Protect Land + Sea Certification<\/a>\u00a0qui certifie l'innocuit\u00e9 des cr\u00e8mes solaires. Les cr\u00e8mes solaires ne doivent pas contenir de microplastiques, de nanoparticules ou d'autres substances nocives.\u00a0<a href=\"https:\/\/agderma.de\/fr\/themes-2\/triclosan-une-substance-problematique\/\">Triclosan<\/a>\u00a0sont inclus.<\/p><p>En l'\u00e9tat actuel des connaissances, de nombreuses cr\u00e8mes et sprays solaires disponibles sur le march\u00e9 contiennent encore de l'oxybenzone, de l'octocryl\u00e8ne, de l'octinoxate et de l'oxycrylate.\u00a0<a href=\"https:\/\/agderma.de\/fr\/themes-2\/cancer-du-sein-du-aux-parabenes\/\">Parab\u00e8nes<\/a>.<\/p><p>Peter et Joachim Barth dans l'encyclop\u00e9die Altmeyer :\u00a0<a href=\"https:\/\/www.altmeyers.org\/de\/news\/vierzehntausend-tonnen-oder-wer-liebt-das-meer-28\" target=\"_blank\" rel=\"noopener\">Quatorze mille tonnes ou qui aime la mer ?<\/a><\/p><p>T\u00e9l\u00e9chargez notre fiche d'information sur les cr\u00e8mes solaires pour vos patients* par Dr. med. Christina Hecker. Vous trouverez les fiches d'information <a href=\"https:\/\/agderma.de\/fr\/lettres-dinformation-pour-les-patientes\/\">ici<\/a>.<\/p>\t\t\t\t\t\t\t\t<\/div>\n\t\t\t\t<\/div>\n\t\t\t\t<div class=\"elementor-element elementor-element-5361cbc elementor-widget elementor-widget-toggle\" data-id=\"5361cbc\" data-element_type=\"widget\" data-e-type=\"widget\" data-widget_type=\"toggle.default\">\n\t\t\t\t<div class=\"elementor-widget-container\">\n\t\t\t\t\t\t\t<div class=\"elementor-toggle\">\n\t\t\t\t\t\t\t<div class=\"elementor-toggle-item\">\n\t\t\t\t\t<div id=\"elementor-tab-title-8741\" class=\"elementor-tab-title\" data-tab=\"1\" role=\"button\" aria-controls=\"elementor-tab-content-8741\" aria-expanded=\"false\">\n\t\t\t\t\t\t\t\t\t\t\t\t<span class=\"elementor-toggle-icon elementor-toggle-icon-left\" aria-hidden=\"true\">\n\t\t\t\t\t\t\t\t\t\t\t\t\t\t\t<span class=\"elementor-toggle-icon-closed\"><i class=\"fas fa-caret-right\"><\/i><\/span>\n\t\t\t\t\t\t\t\t<span class=\"elementor-toggle-icon-opened\"><i class=\"elementor-toggle-icon-opened fas fa-caret-up\"><\/i><\/span>\n\t\t\t\t\t\t\t\t\t\t\t\t\t<\/span>\n\t\t\t\t\t\t\t\t\t\t\t\t<a class=\"elementor-toggle-title\" tabindex=\"0\">R\u00e9f\u00e9rences et informations juridiques<\/a>\n\t\t\t\t\t<\/div>\n\n\t\t\t\t\t<div id=\"elementor-tab-content-8741\" class=\"elementor-tab-content elementor-clearfix\" data-tab=\"1\" role=\"region\" aria-labelledby=\"elementor-tab-title-8741\"><p>Dr. med. Dipl. Biol. Susanne Saha 03\/2021<\/p><\/div>\n\t\t\t\t<\/div>\n\t\t\t\t\t\t\t\t<\/div>\n\t\t\t\t\t\t<\/div>\n\t\t\t\t<\/div>\n\t\t\t\t\t<\/div>\n\t\t\t\t<\/div>\n\t\t\t\t<\/div>","protected":false},"excerpt":{"rendered":"<p>Dieser Text ist keinesfalls eine Aufforderung den aktiven Sonnenschutz dauerhaft zu unterlassen, sondern befasst sich mit einigen Inhaltsstoffen von Sonnenschutzmitteln. Sonnenschutzmittel erf\u00fcllen eine wichtige Funktion, indem sie die Hautbarriere vor UV-Licht sch\u00fctzen und damit Hautkrebs vorbeugen. Grunds\u00e4tzlich werden zwei Wirkprinzipien bei Sonnencremes unterschieden: 1. Sonnencremes mit mineralischer oder physikalischer UV-Filterungenthalten Substanzen wie z. B. Titandioxid [&hellip;]<\/p>\n","protected":false},"author":1,"featured_media":0,"parent":1142,"menu_order":0,"comment_status":"closed","ping_status":"closed","template":"","meta":{"_acf_changed":false,"footnotes":""},"class_list":["post-1220","page","type-page","status-publish","hentry"],"acf":[],"_links":{"self":[{"href":"https:\/\/agderma.de\/fr\/wp-json\/wp\/v2\/pages\/1220","targetHints":{"allow":["GET"]}}],"collection":[{"href":"https:\/\/agderma.de\/fr\/wp-json\/wp\/v2\/pages"}],"about":[{"href":"https:\/\/agderma.de\/fr\/wp-json\/wp\/v2\/types\/page"}],"author":[{"embeddable":true,"href":"https:\/\/agderma.de\/fr\/wp-json\/wp\/v2\/users\/1"}],"replies":[{"embeddable":true,"href":"https:\/\/agderma.de\/fr\/wp-json\/wp\/v2\/comments?post=1220"}],"version-history":[{"count":25,"href":"https:\/\/agderma.de\/fr\/wp-json\/wp\/v2\/pages\/1220\/revisions"}],"predecessor-version":[{"id":5077,"href":"https:\/\/agderma.de\/fr\/wp-json\/wp\/v2\/pages\/1220\/revisions\/5077"}],"up":[{"embeddable":true,"href":"https:\/\/agderma.de\/fr\/wp-json\/wp\/v2\/pages\/1142"}],"wp:attachment":[{"href":"https:\/\/agderma.de\/fr\/wp-json\/wp\/v2\/media?parent=1220"}],"curies":[{"name":"wp","href":"https:\/\/api.w.org\/{rel}","templated":true}]}}