{"id":1225,"date":"2023-01-26T23:15:45","date_gmt":"2023-01-26T23:15:45","guid":{"rendered":"http:\/\/agderma.de\/?page_id=1225"},"modified":"2025-08-31T09:07:18","modified_gmt":"2025-08-31T09:07:18","slug":"le-dioxyde-de-titane-un-azurant-optique-dangereux-pour-la-sante","status":"publish","type":"page","link":"https:\/\/agderma.de\/fr\/themen\/titandioxid-optischer-aufheller-mit-gesundheitsrisiko\/","title":{"rendered":"Le dioxyde de titane - un azurant optique dangereux pour la sant\u00e9"},"content":{"rendered":"<div data-elementor-type=\"wp-page\" data-elementor-id=\"1225\" class=\"elementor elementor-1225\" data-elementor-post-type=\"page\">\n\t\t\t\t<div class=\"elementor-element elementor-element-bb32a3f e-flex e-con-boxed e-con e-parent\" data-id=\"bb32a3f\" data-element_type=\"container\" data-e-type=\"container\" data-settings=\"{&quot;background_background&quot;:&quot;classic&quot;}\">\n\t\t\t\t\t<div class=\"e-con-inner\">\n\t\t\t\t<div class=\"elementor-element elementor-element-3a67742 elementor-widget elementor-widget-heading\" data-id=\"3a67742\" data-element_type=\"widget\" data-e-type=\"widget\" data-widget_type=\"heading.default\">\n\t\t\t\t<div class=\"elementor-widget-container\">\n\t\t\t\t\t<h1 class=\"elementor-heading-title elementor-size-default\">Le dioxyde de titane - un azurant optique dangereux pour la sant\u00e9<\/h1>\t\t\t\t<\/div>\n\t\t\t\t<\/div>\n\t\t\t\t\t<\/div>\n\t\t\t\t<\/div>\n\t\t<div class=\"elementor-element elementor-element-76f7a45 e-flex e-con-boxed e-con e-parent\" data-id=\"76f7a45\" data-element_type=\"container\" data-e-type=\"container\">\n\t\t\t\t\t<div class=\"e-con-inner\">\n\t\t\t\t<div class=\"elementor-element elementor-element-dc10c6d elementor-widget elementor-widget-text-editor\" data-id=\"dc10c6d\" data-element_type=\"widget\" data-e-type=\"widget\" data-widget_type=\"text-editor.default\">\n\t\t\t\t<div class=\"elementor-widget-container\">\n\t\t\t\t\t\t\t\t\t<p>Le dioxyde de titane est un pigment color\u00e9 qui poss\u00e8de le pouvoir couvrant le plus \u00e9lev\u00e9 de tous les pigments blancs.\u00a0<a href=\"https:\/\/www.chemie.de\/lexikon\/Titan%28IV%29-oxid.html\" target=\"_blank\" rel=\"noopener\">Il est chimiquement stable<\/a>\u00a0et est consid\u00e9r\u00e9 comme non toxique.<\/p><p>En m\u00e9decine, il est utilis\u00e9 comme colorant optique pur avec la d\u00e9signation INCI (International Nomenclature of Cosmetic Ingredients) CI 77891 pour les comprim\u00e9s, les cr\u00e8mes, les produits cosm\u00e9tiques ainsi que dans les produits d'hygi\u00e8ne.\u00a0<a href=\"https:\/\/agderma.de\/fr\/themes-2\/probleme-lie-aux-cremes-solaires\/\">Cr\u00e8mes solaires<\/a>\u00a0utilis\u00e9 comme filtre UV min\u00e9ral.<\/p><p>En tant que colorant <a href=\"https:\/\/www.bfr.bund.de\/de\/titandioxid___gibt_es_gesundheitliche_risiken_-240812.html\" target=\"_blank\" rel=\"noopener\">Additif alimentaire E171<\/a> il est ajout\u00e9 par exemple dans les bonbons, les chewing-gums, le dentifrice, la mozzarella et comme pigment blanc dans les confiseries et les enrobages.  90 % du dioxyde de titane sont utilis\u00e9s dans le secteur industriel pour la fabrication de peintures, de vernis, de papier et de plastiques.<\/p><p>Le dioxyde de titane est produit \u00e0 partir du titane, le quatri\u00e8me m\u00e9tal le plus abondant au monde. Lorsqu'il r\u00e9agit avec l'oxyg\u00e8ne, il produit du dioxyde de titane (TiO2). Comme le titane pur n'est gu\u00e8re pr\u00e9sent sur Terre, il doit \u00eatre extrait du minerai de fer de titane, ce qui n\u00e9cessite beaucoup d'\u00e9nergie et co\u00fbte cher. Le processus de fabrication entra\u00eene donc l'\u00e9mission de gaz \u00e0 effet de serre et a un impact sur le climat.\u00a0<a href=\"https:\/\/www.anses.fr\/fr\/system\/files\/VSR2019SA0109Ra.pdf\" target=\"_blank\" rel=\"noopener\">Rien qu'en Allemagne, environ 550.000 tonnes de dioxyde de titane sont utilis\u00e9es chaque ann\u00e9e.<\/a>\u00a0sous forme de microparticules (particules de plus de 100 nm) ou de nanoparticules (particules de moins de 100 nm). Cela repr\u00e9sente une part totale de 10 % du march\u00e9 mondial. Les nano-dioxydes de titane sont parmi les nanoparticules les plus produites.<\/p><h3>Absorption du dioxyde de titane par la peau<\/h3><p>En 2010, une\u00a0<a href=\"https:\/\/pubmed.ncbi.nlm.nih.gov\/21329043\/\" target=\"_blank\" rel=\"noopener\">\u00c9tude<\/a>\u00a0a conclu que l'absorption des nanoparticules par la peau est d\u00e9termin\u00e9e par la taille des particules et que cela d\u00e9pend de l'\u00e9tat de sant\u00e9 de la peau. Pour l'absorption des particules de dioxyde de titane par\u00a0<a href=\"https:\/\/www.bfr.bund.de\/de\/fragen_und_antworten_zu_taetowiermitteln-187854.html\" target=\"_blank\" rel=\"noopener\">Tatouages<\/a>\u00a0En revanche, il n'a pas encore \u00e9t\u00e9 possible de se prononcer sur la question de l'utilisation de l'\u00e9nergie nucl\u00e9aire.<\/p><h3>Absorption du dioxyde de titane par le tractus gastro-intestinal<\/h3><p>Dans une\u00a0<a href=\"https:\/\/gut.bmj.com\/content\/gutjnl\/66\/7\/1216.full.pdf\" target=\"_blank\" rel=\"noopener\">\u00c9tude de l'H\u00f4pital universitaire de Zurich<\/a>\u00a0En 2016, il a \u00e9t\u00e9 d\u00e9montr\u00e9 sur un mod\u00e8le de souris que les particules de dioxyde de titane (nano) utilis\u00e9es comme additif alimentaire E171 \u00e0 moins de 100 nm entra\u00eenaient une augmentation des inflammations suppl\u00e9mentaires et des l\u00e9sions de la muqueuse intestinale chez les souris atteintes d'une maladie intestinale inflammatoire. Les scientifiques zurichois ont donc recommand\u00e9 aux patients souffrant d'inflammation intestinale d'\u00e9viter les aliments contenant du dioxyde de titane. En 2017, des chercheurs fran\u00e7ais ont \u00e9galement montr\u00e9 sur des rats que l'ingestion de E171 sous forme de nanoparticules\u00a0<a href=\"https:\/\/www.sciencedaily.com\/releases\/2017\/01\/170124124355.htm\" target=\"_blank\" rel=\"noopener\">provoquer des inflammations intestinales<\/a>\u00a0peut continuer \u00e0 nuire au syst\u00e8me immunitaire.<\/p><p>Vers\u00a0<a href=\"https:\/\/ec.europa.eu\/health\/sites\/health\/files\/scientific_committees\/consumer_safety\/docs\/sccs_o_238.pdf\" target=\"_blank\" rel=\"noopener\">potentiel canc\u00e9rig\u00e8ne<\/a>\u00a0de particules de dioxyde de titane (nano) apr\u00e8s une exposition orale, aucune \u00e9tude appropri\u00e9e n'est encore disponible. Cependant, comme la d\u00e9gradation du dioxyde de titane dans les tissus est longue, il a le potentiel de s'accumuler, ce qui conduit \u00e0 penser que des tumeurs peuvent se former par accumulation. Le site\u00a0<a href=\"https:\/\/echa.europa.eu\/de\/brief-profile\/-\/briefprofile\/100.033.327\" target=\"_blank\" rel=\"noopener\">Base de donn\u00e9es de l'Agence europ\u00e9enne des produits chimiques (ECHA)<\/a>\u00a0mentionne donc le dioxyde de titane comme substance potentiellement canc\u00e9rig\u00e8ne.<\/p><p>Actuellement, il est possible, selon\u00a0<a href=\"https:\/\/www.bfr.bund.de\/de\/titandioxid___gibt_es_gesundheitliche_risiken_-240812.htm\" target=\"_blank\" rel=\"noopener\">Institut f\u00e9d\u00e9ral d'\u00e9valuation des risques (BfR)<\/a>\u00a0n'a pas pu d\u00e9terminer si l'\u00e9valuation de l'Autorit\u00e9 europ\u00e9enne de s\u00e9curit\u00e9 des aliments (EFSA) concernant le E171 \u00e9tait \u00e9galement applicable aux particules de dioxyde de titane (CI 77891) contenues dans le dentifrice en tant que produit cosm\u00e9tique et a donc recommand\u00e9 des recherches suppl\u00e9mentaires.<\/p><h3>Absorption du dioxyde de titane par les poumons<\/h3><p>Le Comit\u00e9 scientifique pour la s\u00e9curit\u00e9 des consommateurs (CSSC) constate que l'utilisation de dioxyde de titane en poudre dans les produits externes, sur la base des donn\u00e9es actuelles et de la classification possible du dioxyde de titane selon le r\u00e8glement CLP en tant que\u00a0<a href=\"https:\/\/ec.europa.eu\/transparency\/regdoc\/rep\/3\/2019\/DE\/C-2019-7227-F1-DE-ANNEX-1-PART-1.PDF\" target=\"_blank\" rel=\"noopener\">Canc\u00e9rig\u00e8ne de cat\u00e9gorie 2 (inhalation)<\/a>\u00a0n'est pas s\u00fbr pour les consommateurs en g\u00e9n\u00e9ral lorsqu'il est inhal\u00e9.<\/p><p>Dans les cr\u00e8mes solaires, des particules de dioxyde de titane (nano) sont ajout\u00e9es pour pr\u00e9venir l'effet de blanchiment en tant que protection min\u00e9rale contre les UV.\u00a0<a href=\"https:\/\/ec.europa.eu\/health\/sites\/health\/files\/scientific_committees\/consumer_safety\/docs\/sccs_o_238.pdf\" target=\"_blank\" rel=\"noopener\">Les formes de nanoparticules d\u00e9j\u00e0 d\u00e9finies qui pourraient entra\u00eener une exposition dans les poumons ne sont pas autoris\u00e9es ici.<\/a>. Cependant, une \u00e9valuation finale de l'exposition aux nanoparticules et la modification n\u00e9cessaire du r\u00e8glement europ\u00e9en sur les cosm\u00e9tiques qui en r\u00e9sulte n'ont pas encore \u00e9t\u00e9 effectu\u00e9es.\u00a0<a href=\"https:\/\/eur-lex.europa.eu\/legal-content\/DE\/TXT\/PDF\/?uri=CELEX:32020R0217\" target=\"_blank\" rel=\"noopener\">Au 9 septembre 2021<\/a>\u00a0les produits cosm\u00e9tiques solides et liquides ainsi que les sprays contenant au moins 1% de dioxyde de titane devront porter des avertissements distincts dans toute l'UE. Il n'y a cependant pas d'interdiction.<\/p><h3>Interdiction du dioxyde de titane dans les aliments en Europe<\/h3><p>Depuis le 6 mai 2021, la\u00a0<a href=\"https:\/\/www.efsa.europa.eu\/de\/efsajournal\/pub\/6585\" target=\"_blank\" rel=\"noopener\">EFSA<\/a>\u00a0l'utilisation du dioxyde de titane en tant qu'additif alimentaire n'est plus s\u00fbre, car il n'est pas possible d'infirmer l'\u00e9ventuel effet mutag\u00e8ne des (nano)-particules de dioxyde de titane apr\u00e8s avoir pass\u00e9 en revue plus de 200 \u00e9tudes in vitro et in vivo pertinentes sur le sujet et r\u00e9alis\u00e9es sur des animaux. Les \u00e9tudes ne permettent pas non plus de conclure \u00e0 un lien entre certaines propri\u00e9t\u00e9s des (nano)-particules de dioxyde de titane (taille, nature) et le r\u00e9sultat des \u00e9tudes de g\u00e9notoxicit\u00e9. Il n'est pas possible de d\u00e9finir une dose journali\u00e8re acceptable. De m\u00eame, l'Agence fran\u00e7aise de s\u00e9curit\u00e9 sanitaire des aliments\u00a0<a href=\"https:\/\/www.anses.fr\/fr\/system\/files\/VSR2019SA0109Ra.pdf\" target=\"_blank\" rel=\"noopener\">ANSES<\/a>\u00a0a critiqu\u00e9 le manque de donn\u00e9es permettant de d\u00e9clarer la substance clairement inoffensive.<\/p><p>En cons\u00e9quence, la France est le premier membre de l'UE \u00e0 interdire le dioxyde de titane en tant qu'additif alimentaire \u00e0 partir du 1er janvier 2020. La Suisse suivra avec une interdiction fin 2021. Le dioxyde de titane reste toutefois autoris\u00e9 dans des produits tels que les cosm\u00e9tiques, les cr\u00e8mes solaires ou les m\u00e9dicaments.<\/p><h3>Conclusion<\/h3><p>Le dioxyde de titane est un additif qui n'est pas essentiel et qui est disproportionn\u00e9 par rapport aux risques potentiels. Il sert uniquement \u00e0 augmenter l'attrait visuel d'un produit et n'est donc qu'un outil de marketing.<\/p><p>Pour des raisons de sant\u00e9 et de protection du climat, il est donc recommand\u00e9 de renoncer \u00e0 l'ajout de dioxyde de titane dans les m\u00e9dicaments, les cr\u00e8mes de soin et les produits alimentaires.<\/p><p>Mise \u00e0 jour du 16\/10\/2021 :<\/p><p>Les \u00c9tats membres de l'UE ont approuv\u00e9 le 08.10.2021 la proposition de la Commission europ\u00e9enne de limiter l'utilisation des\u00a0<a href=\"https:\/\/ec.europa.eu\/germany\/news\/20211008-eu-verbot-titandioxid-in-lebensmitteln_de\" target=\"_blank\" rel=\"noopener\">d'interdire le dioxyde de titane (E171) en tant qu'additif dans les aliments \u00e0 partir de 2022.<\/a><\/p><p>\u00a0<\/p><p><strong>Mise \u00e0 jour du 04\/02\/2022 :<\/strong><\/p><p>Le site\u00a0<a href=\"https:\/\/germany.representation.ec.europa.eu\/news\/titandioxid-lebensmitteln-ab-sommer-2022-verboten-2022-01-14_de\" target=\"_blank\" rel=\"noopener\">Union europ\u00e9enne (UE)<\/a>\u00a0a adopt\u00e9 l'interdiction de l'utilisation du dioxyde de titane comme additif alimentaire (E171). Elle entrera en vigueur le 7 f\u00e9vrier 2022 et sera contraignante \u00e0 partir du 7 ao\u00fbt 2022. Les fabricants sont invit\u00e9s \u00e0 remplacer le dioxyde de titane dans les m\u00e9dicaments par des excipients dans les trois prochaines ann\u00e9es. Avant le 1er avril 2024, le\u00a0<a href=\"https:\/\/www.ema.europa.eu\/en\" target=\"_blank\" rel=\"noopener\">Agence europ\u00e9enne des m\u00e9dicaments (EMA)<\/a>\u00a0effectuer une \u00e9valuation suppl\u00e9mentaire du dioxyde de titane.<\/p><p>\u00a0<\/p><p><strong>Mise \u00e0 jour du 13\/08\/2025 :<\/strong><\/p><p><br \/>Le 01\/08\/2025, la CJUE a annul\u00e9 la classification du dioxyde de titane initi\u00e9e par la Commission europ\u00e9enne en 2019. Les fabricants, importateurs, utilisateurs et fournisseurs avaient port\u00e9 plainte contre la r\u00e9glementation europ\u00e9enne sur l'\u00e9tiquetage du dioxyde de titane en poudre comme \"probablement canc\u00e9rog\u00e8ne\", qui \u00e9tait en vigueur depuis le 1er octobre 2021. Selon l'arr\u00eat publi\u00e9 en 2022, la CJUE reproche \u00e0 l'Agence europ\u00e9enne des produits chimiques et \u00e0 la Commission europ\u00e9enne de ne pas avoir \u00e9valu\u00e9 correctement un avis sur la canc\u00e9rog\u00e9nicit\u00e9 du dioxyde de titane et d'avoir ainsi tir\u00e9 des conclusions erron\u00e9es pour les avertissements. La CJUE a rejet\u00e9 les recours et confirm\u00e9 que la classification du dioxyde de titane n'\u00e9tait pas justifi\u00e9e, car tous les facteurs scientifiques pertinents n'avaient pas \u00e9t\u00e9 pris en compte. <\/p>\t\t\t\t\t\t\t\t<\/div>\n\t\t\t\t<\/div>\n\t\t\t\t<div class=\"elementor-element elementor-element-4ba51c9 elementor-widget elementor-widget-toggle\" data-id=\"4ba51c9\" data-element_type=\"widget\" data-e-type=\"widget\" data-widget_type=\"toggle.default\">\n\t\t\t\t<div class=\"elementor-widget-container\">\n\t\t\t\t\t\t\t<div class=\"elementor-toggle\">\n\t\t\t\t\t\t\t<div class=\"elementor-toggle-item\">\n\t\t\t\t\t<div id=\"elementor-tab-title-7931\" class=\"elementor-tab-title\" data-tab=\"1\" role=\"button\" aria-controls=\"elementor-tab-content-7931\" aria-expanded=\"false\">\n\t\t\t\t\t\t\t\t\t\t\t\t<span class=\"elementor-toggle-icon elementor-toggle-icon-left\" aria-hidden=\"true\">\n\t\t\t\t\t\t\t\t\t\t\t\t\t\t\t<span class=\"elementor-toggle-icon-closed\"><i class=\"fas fa-caret-right\"><\/i><\/span>\n\t\t\t\t\t\t\t\t<span class=\"elementor-toggle-icon-opened\"><i class=\"elementor-toggle-icon-opened fas fa-caret-up\"><\/i><\/span>\n\t\t\t\t\t\t\t\t\t\t\t\t\t<\/span>\n\t\t\t\t\t\t\t\t\t\t\t\t<a class=\"elementor-toggle-title\" tabindex=\"0\">R\u00e9f\u00e9rences et informations juridiques<\/a>\n\t\t\t\t\t<\/div>\n\n\t\t\t\t\t<div id=\"elementor-tab-content-7931\" class=\"elementor-tab-content elementor-clearfix\" data-tab=\"1\" role=\"region\" aria-labelledby=\"elementor-tab-title-7931\"><p>Dr. med. Dipl. Biol. Susanne Saha 08\/2021<\/p><\/div>\n\t\t\t\t<\/div>\n\t\t\t\t\t\t\t\t<\/div>\n\t\t\t\t\t\t<\/div>\n\t\t\t\t<\/div>\n\t\t\t\t\t<\/div>\n\t\t\t\t<\/div>\n\t\t\t\t<\/div>","protected":false},"excerpt":{"rendered":"<p>Titandioxid ist ein Farbpigment, welches von allen Wei\u00dfpigmenten die h\u00f6chste Deckungskraft besitzt.\u00a0Es ist chemisch stabil\u00a0und gilt als ungiftig. In der Medizin wird es als reiner optischer Farbgeber mit der INCI (International Nomenclature of Cosmetic Ingredients) Bezeichnung\u00a0CI 77891\u00a0f\u00fcr Tabletten, Cremes,\u00a0 Kosmetika sowie in\u00a0Sonnencremes\u00a0als mineralischer UV-Filter verwendet. Als farbgebender Lebensmittelzusatzstoff\u00a0E171 wird es zum Beispiel in Bonbons, Kaugummis, [&hellip;]<\/p>\n","protected":false},"author":1,"featured_media":0,"parent":1142,"menu_order":0,"comment_status":"closed","ping_status":"closed","template":"","meta":{"_acf_changed":false,"footnotes":""},"class_list":["post-1225","page","type-page","status-publish","hentry"],"acf":[],"_links":{"self":[{"href":"https:\/\/agderma.de\/fr\/wp-json\/wp\/v2\/pages\/1225","targetHints":{"allow":["GET"]}}],"collection":[{"href":"https:\/\/agderma.de\/fr\/wp-json\/wp\/v2\/pages"}],"about":[{"href":"https:\/\/agderma.de\/fr\/wp-json\/wp\/v2\/types\/page"}],"author":[{"embeddable":true,"href":"https:\/\/agderma.de\/fr\/wp-json\/wp\/v2\/users\/1"}],"replies":[{"embeddable":true,"href":"https:\/\/agderma.de\/fr\/wp-json\/wp\/v2\/comments?post=1225"}],"version-history":[{"count":3,"href":"https:\/\/agderma.de\/fr\/wp-json\/wp\/v2\/pages\/1225\/revisions"}],"predecessor-version":[{"id":5787,"href":"https:\/\/agderma.de\/fr\/wp-json\/wp\/v2\/pages\/1225\/revisions\/5787"}],"up":[{"embeddable":true,"href":"https:\/\/agderma.de\/fr\/wp-json\/wp\/v2\/pages\/1142"}],"wp:attachment":[{"href":"https:\/\/agderma.de\/fr\/wp-json\/wp\/v2\/media?parent=1225"}],"curies":[{"name":"wp","href":"https:\/\/api.w.org\/{rel}","templated":true}]}}