{"id":1230,"date":"2023-01-27T02:54:44","date_gmt":"2023-01-27T02:54:44","guid":{"rendered":"http:\/\/agderma.de\/?page_id=1230"},"modified":"2023-02-14T10:08:36","modified_gmt":"2023-02-14T10:08:36","slug":"oublier-les-polymeres-synthetiques","status":"publish","type":"page","link":"https:\/\/agderma.de\/fr\/themen\/vergessen-synthetische-polymere\/","title":{"rendered":"Oubli\u00e9 : les polym\u00e8res synth\u00e9tiques"},"content":{"rendered":"<div data-elementor-type=\"wp-page\" data-elementor-id=\"1230\" class=\"elementor elementor-1230\" data-elementor-post-type=\"page\">\n\t\t\t\t<div class=\"elementor-element elementor-element-bb32a3f e-flex e-con-boxed e-con e-parent\" data-id=\"bb32a3f\" data-element_type=\"container\" data-e-type=\"container\" data-settings=\"{&quot;background_background&quot;:&quot;classic&quot;}\">\n\t\t\t\t\t<div class=\"e-con-inner\">\n\t\t\t\t<div class=\"elementor-element elementor-element-3a67742 elementor-widget elementor-widget-heading\" data-id=\"3a67742\" data-element_type=\"widget\" data-e-type=\"widget\" data-widget_type=\"heading.default\">\n\t\t\t\t<div class=\"elementor-widget-container\">\n\t\t\t\t\t<h1 class=\"elementor-heading-title elementor-size-default\">Oubli\u00e9 : les polym\u00e8res synth\u00e9tiques<\/h1>\t\t\t\t<\/div>\n\t\t\t\t<\/div>\n\t\t\t\t\t<\/div>\n\t\t\t\t<\/div>\n\t\t<div class=\"elementor-element elementor-element-76f7a45 e-flex e-con-boxed e-con e-parent\" data-id=\"76f7a45\" data-element_type=\"container\" data-e-type=\"container\">\n\t\t\t\t\t<div class=\"e-con-inner\">\n\t\t\t\t<div class=\"elementor-element elementor-element-dc10c6d elementor-widget elementor-widget-text-editor\" data-id=\"dc10c6d\" data-element_type=\"widget\" data-e-type=\"widget\" data-widget_type=\"text-editor.default\">\n\t\t\t\t<div class=\"elementor-widget-container\">\n\t\t\t\t\t\t\t\t\t<p><a href=\"https:\/\/www.nabu.de\/imperia\/md\/content\/nabude\/konsumressourcenmuell\/181012_mikroplastikstudie.pdf\" target=\"_blank\" rel=\"noopener\">Polym\u00e8res synth\u00e9tiques<\/a>\u00a0repr\u00e9sentent, outre les microplastiques qui sont par d\u00e9finition des particules plastiques solides de 5 mm ou moins, une autre forme de plastique utilis\u00e9e dans les cosm\u00e9tiques et les produits de soin tels que les shampooings et les gels douche comme agents exfoliants, \u00e9paississants et liants. Les polym\u00e8res artificiels se pr\u00e9sentent sous forme de liquide, de gel ou de cire et sont des cha\u00eenes compos\u00e9es d'unit\u00e9s chimiques r\u00e9p\u00e9titives. Beaucoup d'entre eux sont bas\u00e9s sur des mati\u00e8res premi\u00e8res p\u00e9troli\u00e8res, c'est-\u00e0-dire le p\u00e9trole et le gaz naturel. Contrairement aux polym\u00e8res biologiques tels que la cellulose, la g\u00e9latine ou l'amidon, ils sont tr\u00e8s peu ou pas du tout biod\u00e9gradables, se retrouvent presque enti\u00e8rement dans les eaux us\u00e9es et peuvent donc s'accumuler dans l'environnement, tout comme les microplastiques. Votre\u00a0<a href=\"https:\/\/www.bundesrat.de\/SharedDocs\/drucksachen\/2019\/0401-0500\/461-19.html\" target=\"_blank\" rel=\"noopener\">La part est multipli\u00e9e par 50<\/a>La quantit\u00e9 de microplastiques est estim\u00e9e \u00e0 plus de 1 000 tonnes par an.<\/p><p>Jusqu'\u00e0 pr\u00e9sent, on ne conna\u00eet pas d'effets n\u00e9gatifs des polym\u00e8res synth\u00e9tiques sur la sant\u00e9 et l'environnement. La raison en est qu'il existe peu d'\u00e9tudes sur ces substances. Des \u00e9tudes ont \u00e9t\u00e9 men\u00e9es sur quelques substances isol\u00e9es\u00a0<a href=\"https:\/\/echa.europa.eu\/de\/home\" target=\"_blank\" rel=\"noopener\">ECHA<\/a>\u00a0(European Chemicals Agency) ne fournit pas d'informations suffisantes.<\/p><p>Les polym\u00e8res synth\u00e9tiques n'ont donc pas \u00e9t\u00e9 au centre des d\u00e9bats jusqu'\u00e0 pr\u00e9sent, contrairement aux microplastiques. La plupart de ces compos\u00e9s sont class\u00e9s sous\u00a0<a href=\"https:\/\/www.umweltbundesamt.de\/themen\/chemikalien\/reach-chemikalien-reach\" target=\"_blank\" rel=\"noopener\">REACH<\/a>Les substances chimiques ne sont pas soumises \u00e0 l'obligation d'enregistrement en vertu du r\u00e8glement de l'UE sur les produits chimiques, car elles ne se pr\u00e9sentent pas sous forme solide. Dans la\u00a0<a href=\"https:\/\/www.nabu.de\/imperia\/md\/content\/nabude\/konsumressourcenmuell\/181012_mikroplastikstudie.pdf\" target=\"_blank\" rel=\"noopener\">\u00c9tude UMSICHT<\/a>\u00a0l'explication avanc\u00e9e est que les dangers potentiels des polym\u00e8res synth\u00e9tiques doivent \u00eatre d\u00e9montr\u00e9s par des \u00e9tudes avant d'\u00eatre inclus dans la liste des substances chimiques \u00e0 r\u00e9glementer. Cela ne tient pas compte du fait que nombre de ces substances ne sont pas biod\u00e9gradables. Les polym\u00e8res synth\u00e9tiques sont donc consid\u00e9r\u00e9s comme sous-r\u00e9glement\u00e9s dans l'\u00e9tude.<\/p><p>En septembre 2019, le gouvernement du Land de Hesse a pr\u00e9sent\u00e9 le\u00a0<a href=\"https:\/\/www.bundesrat.de\/SharedDocs\/drucksachen\/2019\/0401-0500\/461-19.html\" target=\"_blank\" rel=\"noopener\">Demande<\/a>\u00a0\"\u00c9viter les plastiques liquides et dissous - Pour une strat\u00e9gie globale de r\u00e9duction des polym\u00e8res difficilement d\u00e9gradables\" au Bundesrat. Cette demande a \u00e9t\u00e9 approuv\u00e9e par la commission de l'environnement et la commission des affaires europ\u00e9ennes du Bundesrat, mais rejet\u00e9e par la commission des affaires \u00e9conomiques du Bundesrat. Le Land de Hesse\u00a0<a href=\"http:\/\/dipbt.bundestag.de\/extrakt\/ba\/WP19\/2533\/253347.html\" target=\"_blank\" rel=\"noopener\">a ensuite retir\u00e9 sa demande<\/a>.<\/p><p>Les polym\u00e8res synth\u00e9tiques les plus connus, dont certains sont \u00e9galement pr\u00e9sents dans les produits externes, sont les suivants :<\/p><ul><li><a href=\"https:\/\/echa.europa.eu\/de\/substance-information\/-\/substanceinfo\/100.308.063\" target=\"_blank\" rel=\"noopener\">Copolym\u00e8re acrylique (AC)<\/a><\/li><li>Acrylate crosspolymer (ACS)<\/li><li><a href=\"https:\/\/echa.europa.eu\/de\/substance-information\/-\/substanceinfo\/100.131.870\" target=\"_blank\" rel=\"noopener\">Nylon-12<\/a><\/li><li>Nylon-6<\/li><li>Copolym\u00e8res d'\u00e9thyl\u00e8ne et d'ac\u00e9tate de vinyle (EVA)<\/li><li><a href=\"https:\/\/echa.europa.eu\/de\/substance-information\/-\/substanceinfo\/100.121.698?_disssubsinfo_WAR_disssubsinfoportlet_backURL=https%3A%2F%2Fecha.europa.eu%2Fde%2Fsearch-for-chemicals%3Fp_p_id%3Ddisssimplesearch_WAR_disssearchportlet%26p_p_lifecycle%3D0%26p_p_state%3Dnormal%26p_p_mode%3Dview%26p_p_col_id%3Dcolumn-1%26p_p_col_count%3D1%26_disssimplesearch_WAR_disssearchportlet_sessionCriteriaId%3DdissSimpleSearchSessionParam101401619378918703\" target=\"_blank\" rel=\"noopener\">Poly\u00e9thyl\u00e8ne (PE)<\/a><\/li><li><a href=\"https:\/\/echa.europa.eu\/de\/substance-information\/-\/substanceinfo\/100.117.813?_disssubsinfo_WAR_disssubsinfoportlet_backURL=https%3A%2F%2Fecha.europa.eu%2Fde%2Fsearch-for-chemicals%3Fp_p_id%3Ddisssimplesearch_WAR_disssearchportlet%26p_p_lifecycle%3D0%26p_p_state%3Dnormal%26p_p_mode%3Dview%26p_p_col_id%3Dcolumn-1%26p_p_col_count%3D1%26_disssimplesearch_WAR_disssearchportlet_sessionCriteriaId%3DdissSimpleSearchSessionParam101401619378918703\" target=\"_blank\" rel=\"noopener\">Polypropyl\u00e8ne (PP)<\/a><\/li><li><a href=\"https:\/\/echa.europa.eu\/de\/substance-information\/-\/substanceinfo\/100.213.480?_disssubsinfo_WAR_disssubsinfoportlet_backURL=https%3A%2F%2Fecha.europa.eu%2Fde%2Fsearch-for-chemicals%3Fp_p_id%3Ddisssimplesearch_WAR_disssearchportlet%26p_p_lifecycle%3D0%26p_p_state%3Dnormal%26p_p_mode%3Dview%26p_p_col_id%3Dcolumn-1%26p_p_col_count%3D1%26_disssimplesearch_WAR_disssearchportlet_sessionCriteriaId%3DdissSimpleSearchSessionParam101401619378918703)\" target=\"_blank\" rel=\"noopener\">Polyamide (PA)<\/a><a href=\"https:\/\/echa.europa.eu\/de\/substance-information\/-\/substanceinfo\/100.213.480?_disssubsinfo_WAR_disssubsinfoportlet_backURL=https%3A%2F%2Fecha.europa.eu%2Fde%2Fsearch-for-chemicals%3Fp_p_id%3Ddisssimplesearch_WAR_disssearchportlet%26p_p_lifecycle%3D0%26p_p_state%3Dnormal%26p_p_mode%3Dview%26p_p_col_id%3Dcolumn-1%26p_p_col_count%3D1%26_disssimplesearch_WAR_disssearchportlet_sessionCriteriaId%3DdissSimpleSearchSessionParam101401619378918703)\" target=\"_blank\" rel=\"noopener\">Irritation de la peau, peut provoquer des allergies, nocif pour les yeux.<\/a><\/li><li><a href=\"https:\/\/de.wikipedia.org\/wiki\/Polyquaternium\" target=\"_blank\" rel=\"noopener\">Polyquaternium (PQ)<\/a>: nom g\u00e9n\u00e9rique pour un grand nombre de compos\u00e9s organiques. Certains provoquent des irritations cutan\u00e9es, d'autres sont toxiques pour les organismes aquatiques.<\/li><li>Polystyr\u00e8ne (PS)<\/li><li><a href=\"https:\/\/echa.europa.eu\/de\/substance-information\/-\/substanceinfo\/100.123.495?_disssubsinfo_WAR_disssubsinfoportlet_backURL=https%3A%2F%2Fecha.europa.eu%2Fde%2Fsearch-for-chemicals%3Fp_p_id%3Ddisssimplesearch_WAR_disssearchportlet%26p_p_lifecycle%3D0%26p_p_state%3Dnormal%26p_p_mode%3Dview%26p_p_col_id%3Dcolumn-1%26p_p_col_count%3D1%26_disssimplesearch_WAR_disssearchportlet_sessionCriteriaId%3DdissSimpleSearchSessionParam101401619379202277\" target=\"_blank\" rel=\"noopener\">Polyur\u00e9thane (PUR)<\/a><\/li><\/ul><p>\u00a0<\/p>\t\t\t\t\t\t\t\t<\/div>\n\t\t\t\t<\/div>\n\t\t\t\t<div class=\"elementor-element elementor-element-4ba51c9 elementor-widget elementor-widget-toggle\" data-id=\"4ba51c9\" data-element_type=\"widget\" data-e-type=\"widget\" data-widget_type=\"toggle.default\">\n\t\t\t\t<div class=\"elementor-widget-container\">\n\t\t\t\t\t\t\t<div class=\"elementor-toggle\">\n\t\t\t\t\t\t\t<div class=\"elementor-toggle-item\">\n\t\t\t\t\t<div id=\"elementor-tab-title-7931\" class=\"elementor-tab-title\" data-tab=\"1\" role=\"button\" aria-controls=\"elementor-tab-content-7931\" aria-expanded=\"false\">\n\t\t\t\t\t\t\t\t\t\t\t\t<span class=\"elementor-toggle-icon elementor-toggle-icon-left\" aria-hidden=\"true\">\n\t\t\t\t\t\t\t\t\t\t\t\t\t\t\t<span class=\"elementor-toggle-icon-closed\"><i class=\"fas fa-caret-right\"><\/i><\/span>\n\t\t\t\t\t\t\t\t<span class=\"elementor-toggle-icon-opened\"><i class=\"elementor-toggle-icon-opened fas fa-caret-up\"><\/i><\/span>\n\t\t\t\t\t\t\t\t\t\t\t\t\t<\/span>\n\t\t\t\t\t\t\t\t\t\t\t\t<a class=\"elementor-toggle-title\" tabindex=\"0\">R\u00e9f\u00e9rences et informations juridiques<\/a>\n\t\t\t\t\t<\/div>\n\n\t\t\t\t\t<div id=\"elementor-tab-content-7931\" class=\"elementor-tab-content elementor-clearfix\" data-tab=\"1\" role=\"region\" aria-labelledby=\"elementor-tab-title-7931\"><p>Dr. med. Dipl. Biol. Susanne Saha 04\/2021<\/p><\/div>\n\t\t\t\t<\/div>\n\t\t\t\t\t\t\t\t<\/div>\n\t\t\t\t\t\t<\/div>\n\t\t\t\t<\/div>\n\t\t\t\t\t<\/div>\n\t\t\t\t<\/div>\n\t\t\t\t<\/div>","protected":false},"excerpt":{"rendered":"<p>Synthetische Polymere\u00a0stellen neben Mikroplastik, die definitionsgem\u00e4\u00df feste Kunststoffpartikel bis 5 mm sind, eine weitere Form von Kunststoffen dar, die in Kosmetika und Pflegeprodukten wie z. B. Schampoos und Duschgelen als Peeling-, Verdickungs- und Bindemittel verwendet werden. Die k\u00fcnstlich hergestellten Polymere kommen in fl\u00fcssiger, gel- oder wachsartiger Form vor und sind Ketten, die aus sich stets [&hellip;]<\/p>\n","protected":false},"author":1,"featured_media":0,"parent":1142,"menu_order":0,"comment_status":"closed","ping_status":"closed","template":"","meta":{"_acf_changed":false,"footnotes":""},"class_list":["post-1230","page","type-page","status-publish","hentry"],"acf":[],"_links":{"self":[{"href":"https:\/\/agderma.de\/fr\/wp-json\/wp\/v2\/pages\/1230","targetHints":{"allow":["GET"]}}],"collection":[{"href":"https:\/\/agderma.de\/fr\/wp-json\/wp\/v2\/pages"}],"about":[{"href":"https:\/\/agderma.de\/fr\/wp-json\/wp\/v2\/types\/page"}],"author":[{"embeddable":true,"href":"https:\/\/agderma.de\/fr\/wp-json\/wp\/v2\/users\/1"}],"replies":[{"embeddable":true,"href":"https:\/\/agderma.de\/fr\/wp-json\/wp\/v2\/comments?post=1230"}],"version-history":[{"count":0,"href":"https:\/\/agderma.de\/fr\/wp-json\/wp\/v2\/pages\/1230\/revisions"}],"up":[{"embeddable":true,"href":"https:\/\/agderma.de\/fr\/wp-json\/wp\/v2\/pages\/1142"}],"wp:attachment":[{"href":"https:\/\/agderma.de\/fr\/wp-json\/wp\/v2\/media?parent=1230"}],"curies":[{"name":"wp","href":"https:\/\/api.w.org\/{rel}","templated":true}]}}