{"id":1259,"date":"2023-01-27T03:47:18","date_gmt":"2023-01-27T03:47:18","guid":{"rendered":"http:\/\/agderma.de\/?page_id=1259"},"modified":"2023-02-24T02:39:50","modified_gmt":"2023-02-24T02:39:50","slug":"huile-de-paraffine-dans-les-cosmetiques","status":"publish","type":"page","link":"https:\/\/agderma.de\/fr\/themen\/paraffine-erdoel-in-kosmetik\/","title":{"rendered":"Paraffines - p\u00e9trole dans les cosm\u00e9tiques"},"content":{"rendered":"<div data-elementor-type=\"wp-page\" data-elementor-id=\"1259\" class=\"elementor elementor-1259\" data-elementor-post-type=\"page\">\n\t\t\t\t<div class=\"elementor-element elementor-element-3d478ea e-flex e-con-boxed e-con e-parent\" data-id=\"3d478ea\" data-element_type=\"container\" data-e-type=\"container\" data-settings=\"{&quot;background_background&quot;:&quot;classic&quot;}\">\n\t\t\t\t\t<div class=\"e-con-inner\">\n\t\t\t\t<div class=\"elementor-element elementor-element-3d3f871 elementor-widget elementor-widget-heading\" data-id=\"3d3f871\" data-element_type=\"widget\" data-e-type=\"widget\" data-widget_type=\"heading.default\">\n\t\t\t\t<div class=\"elementor-widget-container\">\n\t\t\t\t\t<h1 class=\"elementor-heading-title elementor-size-default\">Paraffines - p\u00e9trole dans les cosm\u00e9tiques<\/h1>\t\t\t\t<\/div>\n\t\t\t\t<\/div>\n\t\t\t\t\t<\/div>\n\t\t\t\t<\/div>\n\t\t<div class=\"elementor-element elementor-element-2179231 e-flex e-con-boxed e-con e-parent\" data-id=\"2179231\" data-element_type=\"container\" data-e-type=\"container\">\n\t\t\t\t\t<div class=\"e-con-inner\">\n\t\t\t\t<div class=\"elementor-element elementor-element-3c12a81 elementor-widget elementor-widget-text-editor\" data-id=\"3c12a81\" data-element_type=\"widget\" data-e-type=\"widget\" data-widget_type=\"text-editor.default\">\n\t\t\t\t<div class=\"elementor-widget-container\">\n\t\t\t\t\t\t\t\t\t<p>Les paraffines pour soins corporels, \u00e9galement appel\u00e9es huiles min\u00e9rales, sont un sous-produit du traitement du p\u00e9trole et proviennent de paraffines industrielles non purifi\u00e9es. Les paraffines purifi\u00e9es sont pr\u00e9sentes sous forme liquide ou solide dans de nombreux produits de soins personnels en tant que liant dans les cr\u00e8mes, les pommades, les p\u00e2tes, les lotions, les cosm\u00e9tiques et autres produits m\u00e9dicaux, car elles ont des propri\u00e9t\u00e9s filmog\u00e8nes, protectrices et hydrofuges. Ils dissolvent\u00a0<a href=\"https:\/\/pubmed.ncbi.nlm.nih.gov\/16787456\/\" target=\"_blank\" rel=\"noopener\">pas d'allergie<\/a>\u00a0sont tr\u00e8s bonnes cette fois-ci\u00a0<a href=\"https:\/\/www.bfr.bund.de\/de\/fragen_und_antworten_zu_mineraloel_in_kosmetischen_mitteln-194244.html\" target=\"_blank\" rel=\"noopener\">compatible<\/a>\u00a0et sont\u00a0<a href=\"https:\/\/www.tagesspiegel.de\/wirtschaft\/potenziell-krebserregend-stiftung-warentest-warnt-vor-mineraloel-kosmetik\/11828748.html\" target=\"_blank\" rel=\"noopener\">bon march\u00e9<\/a>.<\/p><h3>Les paraffines sont nocives pour l'environnement<\/h3><p><a href=\"https:\/\/echa.europa.eu\/de\/registration-dossier\/-\/registered-dossier\/15514\/7\/8\" target=\"_blank\" rel=\"noopener\">Paraffines brutes<\/a>\u00a0sont extraits, \u00e0 grand renfort d'\u00e9nergie, lors de la production d'huile lubrifiante.\u00a0<a href=\"https:\/\/agderma.de\/fr\/themes-2\/le-plastique-provoque-le-changement-climatique\/\">P\u00e9trole<\/a>\u00a0distill\u00e9e ou extraite du lignite ou des schistes bitumineux et des charbons de tourbe. La production de paraffine contribue ainsi \u00e0 l'augmentation des \u00e9missions de gaz \u00e0 effet de serre dans le monde.\u00a0<\/p><p>Lors de l'utilisation quotidienne, comme ils ne peuvent pas \u00eatre filtr\u00e9s par les stations d'\u00e9puration, ils se retrouvent dans le cycle de l'eau. Cependant, ils peuvent \u00eatre utilis\u00e9s par\u00a0<a href=\"https:\/\/e97ec710-2fbf-48c5-896e-412785f39c45.filesusr.com\/ugd\/e99956_88cb0c3bb8ac43f59fd9814d25ae9497.pdf\" target=\"_blank\" rel=\"noopener\">Bact\u00e9ries d\u00e9grad\u00e9es<\/a>\u00a0et ne restent pas en permanence dans l'environnement. Le site\u00a0<a href=\"https:\/\/www.bfr.bund.de\/cm\/343\/verschmutzung-von-nord-und-ostsee-durch-paraffin.pdf\" target=\"_blank\" rel=\"noopener\">Dur\u00e9e de d\u00e9gradation<\/a>\u00a0n'est pas claire.<\/p><p>Ces derni\u00e8res ann\u00e9es, de gros blocs de paraffine industrielle s'\u00e9chouent de plus en plus souvent sur les plages, probablement \u00e0 la suite de lavages de bateaux par des transporteurs de produits chimiques. Le rejet de paraffine et de substances analogues \u00e0 la paraffine dans la mer est jusqu'\u00e0 pr\u00e9sent r\u00e9glement\u00e9 au niveau international, mais n'est pas interdit. Le probl\u00e8me est que les morceaux de paraffine peuvent \u00eatre confondus avec de la nourriture par les animaux marins et les oiseaux de mer. De plus, en raison de leur faible degr\u00e9 de puret\u00e9, ces morceaux contiennent des substances canc\u00e9rig\u00e8nes telles que les hydrocarbures aromatiques polycycliques (voir MOAH ci-dessous), qui peuvent \u00eatre ing\u00e9r\u00e9es par les baigneurs et les animaux marins. Le site\u00a0<a href=\"https:\/\/www.bfr.bund.de\/cm\/343\/verschmutzung-von-nord-und-ostsee-durch-paraffin.pdf\" target=\"_blank\" rel=\"noopener\">Office f\u00e9d\u00e9ral de la recherche sur les risques (BfR)<\/a>\u00a0estime donc \"absolument n\u00e9cessaire d'interdire de mani\u00e8re g\u00e9n\u00e9rale les rejets de substances flottantes telles que la paraffine dans la mer du Nord et la mer Baltique\".<\/p><h3>Discussion des propri\u00e9t\u00e9s nocives pour la sant\u00e9<\/h3><p>Au cours du processus de transformation de la paraffine brute, deux autres composants de la paraffine sont produits en plus de la paraffine pure :<\/p><ul><li><p>les huiles min\u00e9rales aromatis\u00e9es, en abr\u00e9g\u00e9 MOAH (mineral oil saturated hydrocarbons) et<\/p><\/li><li><p>hydrocarbures satur\u00e9s d'huile min\u00e9rale, en abr\u00e9g\u00e9 MOSH (mineral oil aromatic hydrocarbons)<\/p><\/li><\/ul><p>En 2015, la\u00a0<a href=\"https:\/\/www.test.de\/Mineraloele-in-Kosmetika-Kritische-Stoffe-in-Cremes-Lippenpflegeprodukten-und-Vaseline-4853357-0\/\" target=\"_blank\" rel=\"noopener\">Fondation Warentest<\/a>\u00a0a constat\u00e9 la pr\u00e9sence de MOAH dans 25 des 25 produits cosm\u00e9tiques et de soins traditionnels test\u00e9s. Le MOAH est pr\u00e9sent dans\u00a0<a href=\"https:\/\/pubmed.ncbi.nlm.nih.gov\/6615701\/\" target=\"_blank\" rel=\"noopener\">fortement soup\u00e7onn\u00e9s d'\u00eatre canc\u00e9rig\u00e8nes<\/a>\u00a0d'\u00eatre un outil de travail. Trois ans plus tard, dans un avis publi\u00e9 en f\u00e9vrier 2018, le\u00a0<a href=\"https:\/\/www.bfr.bund.de\/cm\/343\/hochraffinierte-mineraloele-in-kosmetika-gesundheitliche-risiken-sind-nach-derzeitigem-kenntnisstand-nicht-zu-erwarten.pdf\" target=\"_blank\" rel=\"noopener\">Institut f\u00e9d\u00e9ral de recherche sur les risques (BfR)<\/a>\u00a0la m\u00e9thodologie d'analyse des MOSH et MOAH dans les produits. Le BfR conclut que seule la\u00a0<a href=\"https:\/\/pubmed.ncbi.nlm.nih.gov\/28941808\/\" target=\"_blank\" rel=\"noopener\">M\u00e9thodologie d'analyse en deux \u00e9tapes introduite en 2017<\/a>\u00a0a conduit \u00e0 une am\u00e9lioration significative de la quantification de la MOAH, qui semble avoir \u00e9t\u00e9 surestim\u00e9e dans l'ancienne proc\u00e9dure en une seule \u00e9tape, ce qui a conduit \u00e0 des valeurs de MOAH faussement \u00e9lev\u00e9es dans les produits.<\/p><p>Le MOSH, quant \u00e0 lui, est pr\u00e9sent en tant qu'impuret\u00e9 dans certains baumes \u00e0 l\u00e8vres. Lors de l'application, une partie p\u00e9n\u00e8tre dans le corps par absorption orale et s'accumule dans les organes. La pertinence toxicologique de cette substance n'a pas \u00e9t\u00e9 d\u00e9montr\u00e9e, comme le montre une \u00e9tude.\u00a0<a href=\"https:\/\/pubmed.ncbi.nlm.nih.gov\/22422433\/\" target=\"_blank\" rel=\"noopener\">\u00c9tude sur les rats<\/a>\u00a0observ\u00e9, \u00e0 haute voix\u00a0<a href=\"https:\/\/www.bfr.bund.de\/cm\/343\/hochraffinierte-mineraloele-in-kosmetika-gesundheitliche-risiken-sind-nach-derzeitigem-kenntnisstand-nicht-zu-erwarten.pdf\" target=\"_blank\" rel=\"noopener\">BfR<\/a>\u00a0douteux pour les humains.<\/p><p>Les paraffines de haute puret\u00e9 utilis\u00e9es dans les produits cosm\u00e9tiques ou comme ingr\u00e9dients de m\u00e9dicaments sont globalement couvertes par le\u00a0<a href=\"https:\/\/echa.europa.eu\/de\/registration-dossier\/-\/registered-dossier\/15514\/7\/8\" target=\"_blank\" rel=\"noopener\">Commission europ\u00e9enne<\/a>\u00a0et le\u00a0<a href=\"https:\/\/www.bfr.bund.de\/cm\/343\/verschmutzung-von-nord-und-ostsee-durch-paraffin.pdf\" target=\"_blank\" rel=\"noopener\">BfR<\/a>\u00a0est class\u00e9 comme non canc\u00e9rog\u00e8ne.<\/p><p>Le site\u00a0<a href=\"https:\/\/www.bfr.bund.de\/de\/fragen_und_antworten_zu_mineraloel_in_kosmetischen_mitteln-194244.html\" target=\"_blank\" rel=\"noopener\">BfR<\/a>\u00a0a reconnu en 2015 qu'il existait \"des lacunes dans les donn\u00e9es qui rendent difficile l'\u00e9valuation de la sant\u00e9. Ces lacunes concernent notamment les donn\u00e9es relatives \u00e0 l'absorption cutan\u00e9e apr\u00e8s un contact prolong\u00e9, \u00e0 la biodisponibilit\u00e9 orale et \u00e0 la pertinence des modifications histopathologiques du foie (microgranulomes) qui sont apparues lors de l'exp\u00e9rimentation animale sur une souche de rats particuli\u00e8rement sensible apr\u00e8s avoir \u00e9t\u00e9 nourris avec des pr\u00e9parations correspondantes (...) De m\u00eame, on sait actuellement peu de choses sur les effets et la pr\u00e9sence d'hydrocarbures aromatiques (MOAH) dans les produits cosm\u00e9tiques. Une \u00e9valuation globale est rendue difficile notamment par le manque de donn\u00e9es concernant la composition des m\u00e9langes d'huiles min\u00e9rales utilis\u00e9s dans l'industrie cosm\u00e9tique\".<\/p><p>L'utilisation d'excipients contenant de la paraffine est bien \u00e9tablie en dermatologie et dans d'autres sp\u00e9cialit\u00e9s m\u00e9dicales. Son utilisation \u00e0 grande \u00e9chelle dans les produits traditionnels et en vente libre devrait \u00e9galement \u00eatre \u00e9vit\u00e9e pour des raisons de\u00a0<a href=\"https:\/\/agderma.de\/fr\/themes-2\/le-plastique-provoque-le-changement-climatique\/\">Protection du climat<\/a>\u00a0doit absolument \u00eatre repens\u00e9e.<\/p><h3>Types de paraffine dans les produits de soin et les cosm\u00e9tiques<\/h3><p>\u00a0En fonction de sa composition chimique et de son mode de fabrication, la paraffine appara\u00eet sous les noms suivants dans les\u00a0<a href=\"https:\/\/www.verbraucherzentrale.de\/wissen\/umwelt-haushalt\/produkte\/kosmetik-inhaltsstoffe-kennzeichnung-und-unerwuenschte-wirkungen-26338\" target=\"_blank\" rel=\"noopener\">Listes d'ingr\u00e9dients<\/a>\u00a0sur les produits :<\/p><ul><li><a href=\"https:\/\/echa.europa.eu\/de\/registration-dossier\/-\/registered-dossier\/15514\/7\/8\" target=\"_blank\" rel=\"noopener\">Paraffinum liquidum<\/a><\/li><li>P\u00e9trole ou p\u00e9trolatum<\/li><li>Isoparaffine<\/li><li>Ceresin<\/li><li>Vaseline (cire microcristalline)<\/li><li>Cera Microcristallina<\/li><li>Cire min\u00e9rale ou huile min\u00e9rale<\/li><li>Ozokeritem<\/li><\/ul>\t\t\t\t\t\t\t\t<\/div>\n\t\t\t\t<\/div>\n\t\t\t\t<div class=\"elementor-element elementor-element-5361cbc elementor-widget elementor-widget-toggle\" data-id=\"5361cbc\" data-element_type=\"widget\" data-e-type=\"widget\" data-widget_type=\"toggle.default\">\n\t\t\t\t<div class=\"elementor-widget-container\">\n\t\t\t\t\t\t\t<div class=\"elementor-toggle\">\n\t\t\t\t\t\t\t<div class=\"elementor-toggle-item\">\n\t\t\t\t\t<div id=\"elementor-tab-title-8741\" class=\"elementor-tab-title\" data-tab=\"1\" role=\"button\" aria-controls=\"elementor-tab-content-8741\" aria-expanded=\"false\">\n\t\t\t\t\t\t\t\t\t\t\t\t<span class=\"elementor-toggle-icon elementor-toggle-icon-left\" aria-hidden=\"true\">\n\t\t\t\t\t\t\t\t\t\t\t\t\t\t\t<span class=\"elementor-toggle-icon-closed\"><i class=\"fas fa-caret-right\"><\/i><\/span>\n\t\t\t\t\t\t\t\t<span class=\"elementor-toggle-icon-opened\"><i class=\"elementor-toggle-icon-opened fas fa-caret-up\"><\/i><\/span>\n\t\t\t\t\t\t\t\t\t\t\t\t\t<\/span>\n\t\t\t\t\t\t\t\t\t\t\t\t<a class=\"elementor-toggle-title\" tabindex=\"0\">R\u00e9f\u00e9rences et informations juridiques<\/a>\n\t\t\t\t\t<\/div>\n\n\t\t\t\t\t<div id=\"elementor-tab-content-8741\" class=\"elementor-tab-content elementor-clearfix\" data-tab=\"1\" role=\"region\" aria-labelledby=\"elementor-tab-title-8741\"><p>Dr. med. Dipl. Biol. Susanne Saha 06\/2021<\/p><\/div>\n\t\t\t\t<\/div>\n\t\t\t\t\t\t\t\t<\/div>\n\t\t\t\t\t\t<\/div>\n\t\t\t\t<\/div>\n\t\t\t\t\t<\/div>\n\t\t\t\t<\/div>\n\t\t\t\t<\/div>","protected":false},"excerpt":{"rendered":"<p>Paraffine f\u00fcr die K\u00f6rperpflege, auch als Mineral\u00f6le bezeichnet, sind ein Nebenprodukt der Erd\u00f6laufbereitung und entstehen aus ungereinigten Industrieparaffinen. Gereinigte Paraffine sind in fl\u00fcssiger oder fester Form in zahlreichen K\u00f6rperpflegeprodukten als Bindemittel in Cremes, Salben, Pasten, Lotionen, Kosmetika und weiteren Medizinprodukten enthalten, da sie filmbildende, sch\u00fctzende und wasserabweisende Eigenschaften haben. Sie l\u00f6sen\u00a0keine Allergien\u00a0aus, sind dermal sehr [&hellip;]<\/p>\n","protected":false},"author":1,"featured_media":0,"parent":1142,"menu_order":0,"comment_status":"closed","ping_status":"closed","template":"","meta":{"_acf_changed":false,"footnotes":""},"class_list":["post-1259","page","type-page","status-publish","hentry"],"acf":[],"_links":{"self":[{"href":"https:\/\/agderma.de\/fr\/wp-json\/wp\/v2\/pages\/1259","targetHints":{"allow":["GET"]}}],"collection":[{"href":"https:\/\/agderma.de\/fr\/wp-json\/wp\/v2\/pages"}],"about":[{"href":"https:\/\/agderma.de\/fr\/wp-json\/wp\/v2\/types\/page"}],"author":[{"embeddable":true,"href":"https:\/\/agderma.de\/fr\/wp-json\/wp\/v2\/users\/1"}],"replies":[{"embeddable":true,"href":"https:\/\/agderma.de\/fr\/wp-json\/wp\/v2\/comments?post=1259"}],"version-history":[{"count":0,"href":"https:\/\/agderma.de\/fr\/wp-json\/wp\/v2\/pages\/1259\/revisions"}],"up":[{"embeddable":true,"href":"https:\/\/agderma.de\/fr\/wp-json\/wp\/v2\/pages\/1142"}],"wp:attachment":[{"href":"https:\/\/agderma.de\/fr\/wp-json\/wp\/v2\/media?parent=1259"}],"curies":[{"name":"wp","href":"https:\/\/api.w.org\/{rel}","templated":true}]}}