{"id":1265,"date":"2023-01-27T04:02:02","date_gmt":"2023-01-27T04:02:02","guid":{"rendered":"http:\/\/agderma.de\/?page_id=1265"},"modified":"2025-03-15T15:45:23","modified_gmt":"2025-03-15T15:45:23","slug":"statu-quo-sur-la-desinfection-securite-pour-lutilisateur-et-lenvironnement","status":"publish","type":"page","link":"https:\/\/agderma.de\/fr\/themen\/status-quo-der-desinfektion-sicherheit-fuer-anwender-und-umwelt\/","title":{"rendered":"Statu quo de la d\u00e9sinfection : s\u00e9curit\u00e9 pour les utilisateurs et l'environnement"},"content":{"rendered":"<div data-elementor-type=\"wp-page\" data-elementor-id=\"1265\" class=\"elementor elementor-1265\" data-elementor-post-type=\"page\">\n\t\t\t\t<div class=\"elementor-element elementor-element-3d478ea e-flex e-con-boxed e-con e-parent\" data-id=\"3d478ea\" data-element_type=\"container\" data-e-type=\"container\" data-settings=\"{&quot;background_background&quot;:&quot;classic&quot;}\">\n\t\t\t\t\t<div class=\"e-con-inner\">\n\t\t\t\t<div class=\"elementor-element elementor-element-3d3f871 elementor-widget elementor-widget-heading\" data-id=\"3d3f871\" data-element_type=\"widget\" data-e-type=\"widget\" data-widget_type=\"heading.default\">\n\t\t\t\t<div class=\"elementor-widget-container\">\n\t\t\t\t\t<h1 class=\"elementor-heading-title elementor-size-default\">Statu quo de la d\u00e9sinfection : s\u00e9curit\u00e9 pour les utilisateurs et l'environnement<\/h1>\t\t\t\t<\/div>\n\t\t\t\t<\/div>\n\t\t\t\t\t<\/div>\n\t\t\t\t<\/div>\n\t\t<div class=\"elementor-element elementor-element-2179231 e-flex e-con-boxed e-con e-parent\" data-id=\"2179231\" data-element_type=\"container\" data-e-type=\"container\">\n\t\t\t\t\t<div class=\"e-con-inner\">\n\t\t\t\t<div class=\"elementor-element elementor-element-3c12a81 elementor-widget elementor-widget-text-editor\" data-id=\"3c12a81\" data-element_type=\"widget\" data-e-type=\"widget\" data-widget_type=\"text-editor.default\">\n\t\t\t\t<div class=\"elementor-widget-container\">\n\t\t\t\t\t\t\t\t\t<p>Le fondement le plus important de la m\u00e9decine est le niveau \u00e9lev\u00e9 d'hygi\u00e8ne, dont l'importance cruciale est particuli\u00e8rement visible en p\u00e9riode de pand\u00e9mie et de d\u00e9veloppement croissant de la r\u00e9sistance microbienne. Dans le secteur de la sant\u00e9, la pr\u00e9vention des infections sert \u00e0 la s\u00e9curit\u00e9 des patients et \u00e0 la protection du personnel, et dans les entreprises, \u00e0 la s\u00e9curit\u00e9 des produits et des consommateurs. En Autriche et en Allemagne, les plans d'hygi\u00e8ne adapt\u00e9s \u00e0 chaque \u00e9tablissement sont l\u00e9galement obligatoires et impliquent l'utilisation de d\u00e9sinfectants efficaces. Si l'on consid\u00e8re le grand nombre d'institutions du secteur de la sant\u00e9 et que l'on y ajoute l'industrie alimentaire et les entreprises pharmaceutiques, il est indispensable d'utiliser de grandes quantit\u00e9s de d\u00e9sinfectants pour ou avant certaines \u00e9tapes de travail.<\/p><p>La d\u00e9sinfection chimique et la protection de l'environnement semblent \u00e0 premi\u00e8re vue \u00eatre deux domaines diam\u00e9tralement oppos\u00e9s. Les substances qui \u00e9liminent sp\u00e9cifiquement les micro-organismes pour prot\u00e9ger l'homme peuvent \u00e9galement tuer des microbes de diff\u00e9rents types qui ont un impact sur l'environnement via les eaux us\u00e9es. De plus, certains d\u00e9sinfectants contiennent des mol\u00e9cules, telles que des ald\u00e9hydes stables pour l'environnement ou des compos\u00e9s d'ammonium quaternaire (QAV), qui s'accumulent dans l'environnement et peuvent, selon leur concentration, avoir un effet toxique \u00e0 long terme sur les organismes aquatiques.\u00a0<\/p><h3>Focus sur la d\u00e9sinfection des mains<\/h3><p>Le lavage des mains est souvent consid\u00e9r\u00e9 comme la version la plus douce pour la peau et les d\u00e9sinfectants comme la mesure la plus \"agressive\" de l'hygi\u00e8ne des mains. Or, il s'est av\u00e9r\u00e9, notamment lors de la pand\u00e9mie, qu'un lavage excessif des mains avec du savon endommageait la barri\u00e8re cutan\u00e9e et favorisait ainsi l'apparition d'un ecz\u00e9ma irritatif et toxique des mains. Par cons\u00e9quent, la d\u00e9sinfection des mains est pr\u00e9f\u00e9rable \u00e0 un lavage fr\u00e9quent. Cependant, contrairement \u00e0 la d\u00e9sinfection des surfaces, il faut utiliser des substances actives compatibles avec la peau, car elles seules sont r\u00e9guli\u00e8rement tol\u00e9r\u00e9es par l'utilisateur. L'\u00e9l\u00e9ment central de la pr\u00e9vention des infections est la disponibilit\u00e9 universelle de d\u00e9sinfectants pour les mains, qui garantissent une protection compl\u00e8te contre les infections tout en respectant l'environnement.<\/p><p>Produits avec\u00a0<a href=\"https:\/\/www.gelbe-liste.de\/wirkstoffe\/Natriumhypochlorit_18048\" target=\"_blank\" rel=\"noopener\">Hypochlorite de sodium<\/a>\u00a0(NaOCl) sont annonc\u00e9es comme \"particuli\u00e8rement douces, biologiques et naturelles\". Cependant, cette substance active est hautement toxique et chimiquement r\u00e9active. Il s'agit d'un d\u00e9sinfectant de surface. Il n'est pas autoris\u00e9 pour la d\u00e9sinfection des mains dans la plupart des pays.<\/p><p>En revanche, les alcools chimiquement purs - propanol ou \u00e9thanol - en forte concentration pr\u00e9sentent une large efficacit\u00e9 contre les bact\u00e9ries, les champignons et parfois les virus, en d\u00e9naturant imm\u00e9diatement et de mani\u00e8re irr\u00e9versible les prot\u00e9ines des micro-organismes et en les d\u00e9truisant.<\/p><p>Les alcools sont tr\u00e8s bien tol\u00e9r\u00e9s sur une peau intacte et pr\u00e9sentent trois avantages essentiels : ils agissent tr\u00e8s rapidement, s\u00e8chent en 15 \u00e0 30 secondes sans laisser de r\u00e9sidus et ne pr\u00e9sentent pas de r\u00e9sidus nocifs ou irritants pour l'homme ou l'environnement. Le d\u00e9veloppement d'une r\u00e9sistance au propanol ou \u00e0 l'\u00e9thanol peut \u00eatre exclu.<\/p><p>Les additifs de soin tels que le dexpanth\u00e9nol et la vitamine E pr\u00e9viennent le d\u00e9graissage de la peau. Ils sont inoffensifs pour l'environnement, alors que\u00a0<a href=\"https:\/\/agderma.de\/fr\/themes-2\/huile-de-paraffine-dans-les-cosmetiques\/\">Glyc\u00e9rol<\/a>\u00a0est produit par p\u00e9trochimie, ce qui consomme beaucoup d'\u00e9nergie, c'est-\u00e0-dire qu'il est \u00e0 base de p\u00e9trole.<\/p><p>En particulier, les avantages des ingr\u00e9dients appel\u00e9s \"principes actifs r\u00e9manents\" (par ex.\u00a0<a href=\"https:\/\/www.chemie.de\/lexikon\/Chlorhexidin.html\" target=\"_blank\" rel=\"noopener\">Chlorhexidine<\/a>,\u00a0<a href=\"https:\/\/agderma.de\/fr\/themes-2\/triclosan-une-substance-problematique\/\">Triclosan<\/a>,\u00a0<a href=\"https:\/\/www.wien.gv.at\/wuawides\/internet\/Inhaltsstoffsuche\/Detail\/55\" target=\"_blank\" rel=\"noopener\">Sulfate d'\u00e9thyle de m\u00e9c\u00e9tronium<\/a>,\u00a0<a href=\"https:\/\/www.chemie.de\/lexikon\/Orthophenylphenol.html\" target=\"_blank\" rel=\"noopener\">Orthoph\u00e9nylph\u00e9nol<\/a>), c'est-\u00e0-dire des substances actives restant sur la peau, doit \u00eatre remise en question de mani\u00e8re critique.<\/p><p>Pour la chlorhexidine, par exemple, une\u00a0<a href=\"https:\/\/pubmed.ncbi.nlm.nih.gov\/27671220\/\" target=\"_blank\" rel=\"noopener\">d\u00e9veloppement de la r\u00e9sistance bact\u00e9rienne<\/a><a href=\"https:\/\/pubmed.ncbi.nlm.nih.gov\/27671220\/\" target=\"_blank\" rel=\"noopener\">,<\/a>\u00a0Induction de\u00a0<a href=\"https:\/\/pubmed.ncbi.nlm.nih.gov\/27799211\/\" target=\"_blank\" rel=\"noopener\">R\u00e9sistance crois\u00e9e aux antibiotiques de r\u00e9serve<\/a>\u00a0ainsi que\u00a0<a href=\"https:\/\/www.ncbi.nlm.nih.gov\/pmc\/articles\/PMC4411823\/\" target=\"_blank\" rel=\"noopener\">Irritation de la peau<\/a>\u00a0et des anaphylaxies ont \u00e9t\u00e9 d\u00e9crites. De plus, la mol\u00e9cule reste stable dans les eaux us\u00e9es. Aussi\u00a0<a href=\"https:\/\/agderma.de\/fr\/themes-2\/triclosan-une-substance-problematique\/\">Triclosan<\/a>\u00a0peut provoquer des allergies de contact et est tr\u00e8s toxique pour les organismes aquatiques. En 2016, il a donc \u00e9t\u00e9 interdit aux \u00c9tats-Unis en tant que substance nocive pour l'environnement et la sant\u00e9 dans les produits de nettoyage \u00e0 rincer pour les mains et le corps.<\/p><p>Le site\u00a0<a href=\"https:\/\/www.rki.de\/DE\/Content\/Kommissionen\/KRINKO\/krinko_node.html\" target=\"_blank\" rel=\"noopener\">Commission pour l'hygi\u00e8ne hospitali\u00e8re et la pr\u00e9vention des infections (KRINKO)<\/a>\u00a0d\u00e9conseille donc : \"Les pr\u00e9parations contenant des agents antimicrobiens r\u00e9manents ne sont pas recommand\u00e9es, car leur ajout n'am\u00e9liore pas l'efficacit\u00e9, mais augmente le risque d'effets secondaires\".<\/p><h3>Focus sur la d\u00e9sinfection des surfaces<\/h3><p>Pour la d\u00e9sinfection des surfaces et des instruments, de nombreux param\u00e8tres doivent \u00eatre pris en compte, tels que la compatibilit\u00e9 avec les mat\u00e9riaux, le temps d'action n\u00e9cessaire et\/ou le spectre d'activit\u00e9 requis.<\/p><p>Au niveau international, on observe une tendance \u00e0 l'utilisation de d\u00e9tergents biod\u00e9gradables, comme par exemple l'utilisation d'enzymes. Par ailleurs, les lingettes d\u00e9sinfectantes fabriqu\u00e9es \u00e0 partir de mat\u00e9riaux durables, qui \u00e9taient jusqu'\u00e0 pr\u00e9sent souvent en PET (poly\u00e9thyl\u00e8ne t\u00e9r\u00e9phtalate) ou en PP (polypropyl\u00e8ne), sont de plus en plus propos\u00e9es. Pour les professionnels, on trouve de plus en plus de produits de d\u00e9sinfection des surfaces \u00e0 base de principes actifs de\u00a0<a href=\"https:\/\/www.chemie.de\/lexikon\/Peroxyessigs%C3%A4ure.html\" target=\"_blank\" rel=\"noopener\">Acide perac\u00e9tique<\/a>\u00a0(PAA, en anglais peracetic acid) - qui se d\u00e9compose en oxyg\u00e8ne, eau et vinaigre apr\u00e8s utilisation - ou de l'oxyg\u00e8ne actif. Ils pr\u00e9sentent un spectre de performances particuli\u00e8rement \u00e9lev\u00e9 (virucide, sporicide), sont bien compatibles avec de nombreux mat\u00e9riaux et ne laissent pas de r\u00e9sidus toxiques persistants.<\/p><p>Un compl\u00e9ment durable pr\u00e9cieux serait le passage rapide \u00e0 des r\u00e9cipients de d\u00e9sinfectants recyclables ou upcycl\u00e9s pour la d\u00e9sinfection des mains et des surfaces et leur reprise par les fabricants.\u00a0<\/p><h3>Bases de donn\u00e9es pour les d\u00e9sinfectants<\/h3><p><a href=\"https:\/\/www.wien.gv.at\/english\/environment\/protection\/oekokauf\/disinfectants\/index.html\" target=\"_blank\" rel=\"noopener\">Base de donn\u00e9es viennoise sur les d\u00e9sinfectants (base de donn\u00e9es WIDES)<\/a>, Autriche<br \/>Pr\u00e9sentation transparente (en allemand et en anglais) des risques potentiels des d\u00e9sinfectants disponibles sur le march\u00e9. Permet de choisir le d\u00e9sinfectant qui pr\u00e9sente le moins de risques pour le personnel, les patients et l'environnement.<\/p><p><a href=\"https:\/\/expertisen.oeghmp.at\/\" target=\"_blank\" rel=\"noopener\">Soci\u00e9t\u00e9 d'hygi\u00e8ne, de microbiologie et de m\u00e9decine pr\u00e9ventive (\u00d6GHMP)<\/a>, Autriche<br \/>Pour les d\u00e9sinfections de routine dans le domaine de la m\u00e9decine humaine.<\/p><p><a href=\"https:\/\/edoc.rki.de\/bitstream\/handle\/176904\/5723\/2017_Article_ListeDerVomRobertKoch-Institut.pdf?sequence=1&amp;isAllowed=y\" target=\"_blank\" rel=\"noopener\">Institut Robert Koch (RKI)<\/a>, Allemagne<br \/>Liste des produits et proc\u00e9d\u00e9s de d\u00e9sinfection test\u00e9s et approuv\u00e9s pour les d\u00e9sinfections ordonn\u00e9es par les autorit\u00e9s dans le domaine humain.\u00a0<\/p><p><a href=\"https:\/\/vah-online.de\/de\/desinfektion\" target=\"_blank\" rel=\"noopener\">Commission des d\u00e9sinfectants de l'Association pour l'hygi\u00e8ne appliqu\u00e9e (VAH)<\/a>, Allemagne<br \/>Pour les d\u00e9sinfections de routine dans le domaine de la m\u00e9decine humaine.\u00a0<\/p><p><a href=\"https:\/\/www.desinfektionsmittelliste.de\/Home\/Page\/1\" target=\"_blank\" rel=\"noopener\">Association industrielle pour l'hygi\u00e8ne et la protection des surfaces (IHO)<\/a>, Allemagne<br \/>Test\u00e9 conform\u00e9ment \u00e0 la r\u00e9glementation europ\u00e9enne sur les biocides, efficacit\u00e9 prouv\u00e9e par une expertise. Les produits biocides r\u00e9pertori\u00e9s couvrent les domaines humain, v\u00e9t\u00e9rinaire et alimentaire.<\/p><p><a href=\"https:\/\/echa.europa.eu\/de\/home\" target=\"_blank\" rel=\"noopener\">Base de donn\u00e9es biocides de l'Agence europ\u00e9enne des produits chimiques (ECHA)<br \/><\/a>Listage des substances actives test\u00e9es et autoris\u00e9es conform\u00e9ment \u00e0 la r\u00e9glementation sur les biocides.<\/p>\t\t\t\t\t\t\t\t<\/div>\n\t\t\t\t<\/div>\n\t\t\t\t<div class=\"elementor-element elementor-element-5361cbc elementor-widget elementor-widget-toggle\" data-id=\"5361cbc\" data-element_type=\"widget\" data-e-type=\"widget\" data-widget_type=\"toggle.default\">\n\t\t\t\t<div class=\"elementor-widget-container\">\n\t\t\t\t\t\t\t<div class=\"elementor-toggle\">\n\t\t\t\t\t\t\t<div class=\"elementor-toggle-item\">\n\t\t\t\t\t<div id=\"elementor-tab-title-8741\" class=\"elementor-tab-title\" data-tab=\"1\" role=\"button\" aria-controls=\"elementor-tab-content-8741\" aria-expanded=\"false\">\n\t\t\t\t\t\t\t\t\t\t\t\t<span class=\"elementor-toggle-icon elementor-toggle-icon-left\" aria-hidden=\"true\">\n\t\t\t\t\t\t\t\t\t\t\t\t\t\t\t<span class=\"elementor-toggle-icon-closed\"><i class=\"fas fa-caret-right\"><\/i><\/span>\n\t\t\t\t\t\t\t\t<span class=\"elementor-toggle-icon-opened\"><i class=\"elementor-toggle-icon-opened fas fa-caret-up\"><\/i><\/span>\n\t\t\t\t\t\t\t\t\t\t\t\t\t<\/span>\n\t\t\t\t\t\t\t\t\t\t\t\t<a class=\"elementor-toggle-title\" tabindex=\"0\">R\u00e9f\u00e9rences et informations juridiques<\/a>\n\t\t\t\t\t<\/div>\n\n\t\t\t\t\t<div id=\"elementor-tab-content-8741\" class=\"elementor-tab-content elementor-clearfix\" data-tab=\"1\" role=\"region\" aria-labelledby=\"elementor-tab-title-8741\"><p>Dr. med. univ. Mahitab Khalifa-Paruch, Vienne, 11\/2021<\/p><\/div>\n\t\t\t\t<\/div>\n\t\t\t\t\t\t\t\t<\/div>\n\t\t\t\t\t\t<\/div>\n\t\t\t\t<\/div>\n\t\t\t\t\t<\/div>\n\t\t\t\t<\/div>\n\t\t\t\t<\/div>","protected":false},"excerpt":{"rendered":"<p>Das wichtigste Fundament der Medizin ist der hohe Hygienestandard, dessen zentrale Bedeutung besonders in Zeiten der Pandemie und bei zunehmender mikrobieller Resistenzentwicklung sichtbar wird. Im Gesundheitswesen dient die Infektions-pr\u00e4vention der Patientensicherheit und dem Schutz der MitarbeiterInnen, in Unternehmen der Produkt- und Konsumentensicherheit. An die jeweilige Einrichtung adaptierten Hygienepl\u00e4ne sind in \u00d6sterreich und Deutschland rechtlich verpflichtend [&hellip;]<\/p>\n","protected":false},"author":1,"featured_media":0,"parent":1142,"menu_order":0,"comment_status":"closed","ping_status":"closed","template":"","meta":{"_acf_changed":false,"footnotes":""},"class_list":["post-1265","page","type-page","status-publish","hentry"],"acf":[],"_links":{"self":[{"href":"https:\/\/agderma.de\/fr\/wp-json\/wp\/v2\/pages\/1265","targetHints":{"allow":["GET"]}}],"collection":[{"href":"https:\/\/agderma.de\/fr\/wp-json\/wp\/v2\/pages"}],"about":[{"href":"https:\/\/agderma.de\/fr\/wp-json\/wp\/v2\/types\/page"}],"author":[{"embeddable":true,"href":"https:\/\/agderma.de\/fr\/wp-json\/wp\/v2\/users\/1"}],"replies":[{"embeddable":true,"href":"https:\/\/agderma.de\/fr\/wp-json\/wp\/v2\/comments?post=1265"}],"version-history":[{"count":6,"href":"https:\/\/agderma.de\/fr\/wp-json\/wp\/v2\/pages\/1265\/revisions"}],"predecessor-version":[{"id":5622,"href":"https:\/\/agderma.de\/fr\/wp-json\/wp\/v2\/pages\/1265\/revisions\/5622"}],"up":[{"embeddable":true,"href":"https:\/\/agderma.de\/fr\/wp-json\/wp\/v2\/pages\/1142"}],"wp:attachment":[{"href":"https:\/\/agderma.de\/fr\/wp-json\/wp\/v2\/media?parent=1265"}],"curies":[{"name":"wp","href":"https:\/\/api.w.org\/{rel}","templated":true}]}}