{"id":1270,"date":"2023-01-27T04:08:36","date_gmt":"2023-01-27T04:08:36","guid":{"rendered":"http:\/\/agderma.de\/?page_id=1270"},"modified":"2023-02-24T02:44:54","modified_gmt":"2023-02-24T02:44:54","slug":"triclosan-une-substance-problematique","status":"publish","type":"page","link":"https:\/\/agderma.de\/fr\/themen\/triclosan-ein-problematischer-stoff\/","title":{"rendered":"Triclosan - une substance probl\u00e9matique"},"content":{"rendered":"<div data-elementor-type=\"wp-page\" data-elementor-id=\"1270\" class=\"elementor elementor-1270\" data-elementor-post-type=\"page\">\n\t\t\t\t<div class=\"elementor-element elementor-element-3d478ea e-flex e-con-boxed e-con e-parent\" data-id=\"3d478ea\" data-element_type=\"container\" data-e-type=\"container\" data-settings=\"{&quot;background_background&quot;:&quot;classic&quot;}\">\n\t\t\t\t\t<div class=\"e-con-inner\">\n\t\t\t\t<div class=\"elementor-element elementor-element-3d3f871 elementor-widget elementor-widget-heading\" data-id=\"3d3f871\" data-element_type=\"widget\" data-e-type=\"widget\" data-widget_type=\"heading.default\">\n\t\t\t\t<div class=\"elementor-widget-container\">\n\t\t\t\t\t<h1 class=\"elementor-heading-title elementor-size-default\">Triclosan - une substance probl\u00e9matique<\/h1>\t\t\t\t<\/div>\n\t\t\t\t<\/div>\n\t\t\t\t\t<\/div>\n\t\t\t\t<\/div>\n\t\t<div class=\"elementor-element elementor-element-2179231 e-flex e-con-boxed e-con e-parent\" data-id=\"2179231\" data-element_type=\"container\" data-e-type=\"container\">\n\t\t\t\t\t<div class=\"e-con-inner\">\n\t\t\t\t<div class=\"elementor-element elementor-element-3c12a81 elementor-widget elementor-widget-text-editor\" data-id=\"3c12a81\" data-element_type=\"widget\" data-e-type=\"widget\" data-widget_type=\"text-editor.default\">\n\t\t\t\t<div class=\"elementor-widget-container\">\n\t\t\t\t\t\t\t\t\t<p><a href=\"https:\/\/echa.europa.eu\/de\/brief-profile\/-\/briefprofile\/100.020.167\" target=\"_blank\" rel=\"noopener\">Triclosan<\/a>\u00a0est un agent antimicrobien efficace contre les bact\u00e9ries, les champignons et les virus envelopp\u00e9s. Il est utilis\u00e9 comme biocide et conservateur et est utilis\u00e9 dans de nombreux produits cosm\u00e9tiques tels que le dentifrice, les savons antibact\u00e9riens pour le lavage des mains, les d\u00e9sinfectants et les d\u00e9tergents.<\/p><p><a href=\"https:\/\/www.annualreviews.org\/doi\/10.1146\/annurev-pharmtox-010715-103417\" target=\"_blank\" rel=\"noopener\">Triclosan<\/a>\u00a0accumul\u00e9s, en cas d'exposition chimique\u00a0<a href=\"https:\/\/echa.europa.eu\/documents\/10162\/fbbd46b2-f92e-d84e-4540-6e6b292751dc\" target=\"_blank\" rel=\"noopener\">Long\u00e9vit\u00e9<\/a>L'utilisation croissante de ce produit dans les organismes aquatiques \u00e0 travers le monde en est la preuve. Il se caract\u00e9rise ici par\u00a0<a href=\"https:\/\/echa.europa.eu\/documents\/10162\/fbbd46b2-f92e-d84e-4540-6e6b292751dc\" target=\"_blank\" rel=\"noopener\">tr\u00e8s haute toxicit\u00e9<\/a><a href=\"https:\/\/echa.europa.eu\/documents\/10162\/fbbd46b2-f92e-d84e-4540-6e6b292751dc\" target=\"_blank\" rel=\"noopener\">\u00a0et est donc dangereux pour l'environnement<\/a>. En outre, il est utilis\u00e9 dans le\u00a0<a href=\"https:\/\/ec.europa.eu\/transparency\/regdoc\/rep\/1\/2018\/EN\/COM-2018-739-F1-EN-MAIN-PART-1.PDF\" target=\"_blank\" rel=\"noopener\">R\u00e9vision du r\u00e8glement (CE) n\u00b0 1223\/2009<\/a>\u00a0du Parlement europ\u00e9en de novembre 2018 en tant qu'auteur pr\u00e9sum\u00e9 de l'infraction.\u00a0<a href=\"https:\/\/agderma.de\/fr\/themes-2\/que-sont-les-perturbateurs-endocriniens\/\">perturbateur endocrinien<\/a>\u00a0nomm\u00e9e.<\/p><p><a href=\"https:\/\/www.tandfonline.com\/doi\/abs\/10.1080\/10937404.2017.1399306?journalCode=uteb20\" target=\"_blank\" rel=\"noopener\">Les troubles de sant\u00e9 suivants<\/a>\u00a0sont soup\u00e7onn\u00e9s d'\u00eatre caus\u00e9s par le triclosan :<\/p><ul><li>Baisse de la fertilit\u00e9<\/li><li>Augmentation du risque d'avortement<\/li><li>Diminution du poids, de la taille et du p\u00e9rim\u00e8tre cr\u00e2nien des nourrissons<\/li><li>Des preuves \u00e9pid\u00e9miologiques limit\u00e9es pour les maladies allergiques\u00a0<\/li><li>augmentation des taux sanguins des marqueurs du stress oxydatif et de l'hormone thyro\u00efdienne triiodothyronine\u00a0<\/li><li>Possible croissance de\u00a0<a href=\"https:\/\/www.annualreviews.org\/doi\/10.1146\/annurev-pharmtox-010715-103417\" target=\"_blank\" rel=\"noopener\">Tumeurs du foie et inflammation du foie<\/a><\/li><\/ul><p>En 2006, le\u00a0<a href=\"https:\/\/www.bfr.bund.de\/cm\/343\/triclosan_nur_im_aerztlichen_bereich_anwenden_um_resistenzbildungen_vorzubeugen.pdf\" target=\"_blank\" rel=\"noopener\">Institut f\u00e9d\u00e9ral d'\u00e9valuation des risques (BfR)<\/a>\u00a0l'utilisation \u00e0 grande \u00e9chelle dans les foyers, car il y a un risque de r\u00e9sistance des bact\u00e9ries. En 2017, des chercheurs de l'universit\u00e9 de Birmingham ont publi\u00e9 une\u00a0<a href=\"https:\/\/www.birmingham.ac.uk\/news\/latest\/2017\/07\/study-links-antibiotic-resistance-to-triclosan.aspx\" target=\"_blank\" rel=\"noopener\">\u00c9tude<\/a>Cette \u00e9tude a montr\u00e9 que les germes r\u00e9sistants aux antibiotiques \u00e0 base de quinolone (par exemple le clioquinol) pr\u00e9sentaient \u00e9galement des m\u00e9canismes de d\u00e9fense contre le triclosan.\u00a0<\/p><p>Par d\u00e9cision du 08.02.2016 de la\u00a0<a href=\"https:\/\/eur-lex.europa.eu\/legal-content\/DE\/TXT\/PDF\/?uri=CELEX:32012R0528\" target=\"_blank\" rel=\"noopener\">R\u00e8glement europ\u00e9en sur les biocides<\/a>\u00a0 le triclosan a \u00e9t\u00e9 interdit dans les produits d'hygi\u00e8ne destin\u00e9s \u00e0 \u00eatre appliqu\u00e9s sur de grandes surfaces de la peau. Cependant, le triclosan est toujours pr\u00e9sent dans des produits tels que le dentifrice, les savons et les gels douche, ainsi qu'en tant que biocide dans les cabinets m\u00e9dicaux et les h\u00f4pitaux.<\/p><p>En dermatologie, le triclosan entre \u00e9galement dans la composition de certaines formules magistrales (NRF 11.135 et NRF 11.122) et individuelles.<\/p><p>Il est donc recommand\u00e9 aux cliniques et aux cabinets m\u00e9dicaux d'examiner attentivement la prescription ou l'utilisation de produits externes contenant du triclosan.<\/p>\t\t\t\t\t\t\t\t<\/div>\n\t\t\t\t<\/div>\n\t\t\t\t<div class=\"elementor-element elementor-element-5361cbc elementor-widget elementor-widget-toggle\" data-id=\"5361cbc\" data-element_type=\"widget\" data-e-type=\"widget\" data-widget_type=\"toggle.default\">\n\t\t\t\t<div class=\"elementor-widget-container\">\n\t\t\t\t\t\t\t<div class=\"elementor-toggle\">\n\t\t\t\t\t\t\t<div class=\"elementor-toggle-item\">\n\t\t\t\t\t<div id=\"elementor-tab-title-8741\" class=\"elementor-tab-title\" data-tab=\"1\" role=\"button\" aria-controls=\"elementor-tab-content-8741\" aria-expanded=\"false\">\n\t\t\t\t\t\t\t\t\t\t\t\t<span class=\"elementor-toggle-icon elementor-toggle-icon-left\" aria-hidden=\"true\">\n\t\t\t\t\t\t\t\t\t\t\t\t\t\t\t<span class=\"elementor-toggle-icon-closed\"><i class=\"fas fa-caret-right\"><\/i><\/span>\n\t\t\t\t\t\t\t\t<span class=\"elementor-toggle-icon-opened\"><i class=\"elementor-toggle-icon-opened fas fa-caret-up\"><\/i><\/span>\n\t\t\t\t\t\t\t\t\t\t\t\t\t<\/span>\n\t\t\t\t\t\t\t\t\t\t\t\t<a class=\"elementor-toggle-title\" tabindex=\"0\">R\u00e9f\u00e9rences et informations juridiques<\/a>\n\t\t\t\t\t<\/div>\n\n\t\t\t\t\t<div id=\"elementor-tab-content-8741\" class=\"elementor-tab-content elementor-clearfix\" data-tab=\"1\" role=\"region\" aria-labelledby=\"elementor-tab-title-8741\"><p>Dr. med. Dipl. Biol. Susanne Saha 03\/2021<\/p><\/div>\n\t\t\t\t<\/div>\n\t\t\t\t\t\t\t\t<\/div>\n\t\t\t\t\t\t<\/div>\n\t\t\t\t<\/div>\n\t\t\t\t\t<\/div>\n\t\t\t\t<\/div>\n\t\t\t\t<\/div>","protected":false},"excerpt":{"rendered":"<p>Triclosan\u00a0ist ein antimikrobieller Wirkstoff, der gegen Bakterien Pilze und beh\u00fcllte Viren wirksam ist. Er wird als Biozid und Konservierungsstoff eingesetzt und findet Anwendung in zahlreichen kosmetischen Produkten wie z. B. Zahnpasta, antibakteriellen Handwaschseifen, Desinfektionsmitteln und Reinigungsmitteln. Triclosan\u00a0akkumuliert, bei chemischer\u00a0Langlebigkeit, nachweislich durch den weltweit zunehmenden Gebrauch in aquatischen Organismen. Es zeichnet sich hier durch\u00a0sehr hohe Toxizit\u00e4t\u00a0aus [&hellip;]<\/p>\n","protected":false},"author":1,"featured_media":0,"parent":1142,"menu_order":0,"comment_status":"closed","ping_status":"closed","template":"","meta":{"_acf_changed":false,"footnotes":""},"class_list":["post-1270","page","type-page","status-publish","hentry"],"acf":[],"_links":{"self":[{"href":"https:\/\/agderma.de\/fr\/wp-json\/wp\/v2\/pages\/1270","targetHints":{"allow":["GET"]}}],"collection":[{"href":"https:\/\/agderma.de\/fr\/wp-json\/wp\/v2\/pages"}],"about":[{"href":"https:\/\/agderma.de\/fr\/wp-json\/wp\/v2\/types\/page"}],"author":[{"embeddable":true,"href":"https:\/\/agderma.de\/fr\/wp-json\/wp\/v2\/users\/1"}],"replies":[{"embeddable":true,"href":"https:\/\/agderma.de\/fr\/wp-json\/wp\/v2\/comments?post=1270"}],"version-history":[{"count":0,"href":"https:\/\/agderma.de\/fr\/wp-json\/wp\/v2\/pages\/1270\/revisions"}],"up":[{"embeddable":true,"href":"https:\/\/agderma.de\/fr\/wp-json\/wp\/v2\/pages\/1142"}],"wp:attachment":[{"href":"https:\/\/agderma.de\/fr\/wp-json\/wp\/v2\/media?parent=1270"}],"curies":[{"name":"wp","href":"https:\/\/api.w.org\/{rel}","templated":true}]}}