{"id":1301,"date":"2023-01-27T06:32:42","date_gmt":"2023-01-27T06:32:42","guid":{"rendered":"http:\/\/agderma.de\/?page_id=1301"},"modified":"2025-03-11T15:36:24","modified_gmt":"2025-03-11T15:36:24","slug":"fact-sheet-resume-de-letude-packaging-turn-now-un-tournant-dans-le-domaine-des-emballages","status":"publish","type":"page","link":"https:\/\/agderma.de\/fr\/themen\/fact-sheet-zusammenfassung-der-studie-verpackungswende-jetzt\/","title":{"rendered":"Fiche d'information : R\u00e9sum\u00e9 de l'\u00e9tude : Transformer les emballages maintenant !"},"content":{"rendered":"<div data-elementor-type=\"wp-page\" data-elementor-id=\"1301\" class=\"elementor elementor-1301\" data-elementor-post-type=\"page\">\n\t\t\t\t<div class=\"elementor-element elementor-element-3d478ea e-flex e-con-boxed e-con e-parent\" data-id=\"3d478ea\" data-element_type=\"container\" data-e-type=\"container\" data-settings=\"{&quot;background_background&quot;:&quot;classic&quot;}\">\n\t\t\t\t\t<div class=\"e-con-inner\">\n\t\t\t\t<div class=\"elementor-element elementor-element-3d3f871 elementor-widget elementor-widget-heading\" data-id=\"3d3f871\" data-element_type=\"widget\" data-e-type=\"widget\" data-widget_type=\"heading.default\">\n\t\t\t\t<div class=\"elementor-widget-container\">\n\t\t\t\t\t<h1 class=\"elementor-heading-title elementor-size-default\">Fiche d'information : R\u00e9sum\u00e9 de l'\u00e9tude : Transformer les emballages maintenant !<\/h1>\t\t\t\t<\/div>\n\t\t\t\t<\/div>\n\t\t\t\t\t<\/div>\n\t\t\t\t<\/div>\n\t\t<div class=\"elementor-element elementor-element-2179231 e-flex e-con-boxed e-con e-parent\" data-id=\"2179231\" data-element_type=\"container\" data-e-type=\"container\">\n\t\t\t\t\t<div class=\"e-con-inner\">\n\t\t\t\t<div class=\"elementor-element elementor-element-b5828d9 elementor-widget elementor-widget-text-editor\" data-id=\"b5828d9\" data-element_type=\"widget\" data-e-type=\"widget\" data-widget_type=\"text-editor.default\">\n\t\t\t\t<div class=\"elementor-widget-container\">\n\t\t\t\t\t\t\t\t\t<h3>R\u00e9ussir la transition vers une \u00e9conomie circulaire pour les plastiques en Allemagne<\/h3>\n<p><a href=\"https:\/\/www.wwf.de\/fileadmin\/fm-wwf\/Publikationen-PDF\/Unternehmen\/WWF-Studie-Verpackungswende_jetzt_-_So_gelingt_der_Wandel_zu_einer_Kreislaufwirtschaft_f%C3%BCr_Kunststoffe_in_Deutschland.pdf\" target=\"_blank\" rel=\"noopener\">Une \u00e9tude du WWF Allemagne et de SYSTEMIQ d'ao\u00fbt 2021<\/a><\/p>\t\t\t\t\t\t\t\t<\/div>\n\t\t\t\t<\/div>\n\t\t\t\t<div class=\"elementor-element elementor-element-3c12a81 elementor-widget elementor-widget-text-editor\" data-id=\"3c12a81\" data-element_type=\"widget\" data-e-type=\"widget\" data-widget_type=\"text-editor.default\">\n\t\t\t\t<div class=\"elementor-widget-container\">\n\t\t\t\t\t\t\t\t\t<p>L'\u00e9tude met en lumi\u00e8re les inconv\u00e9nients de l'\u00e9conomie lin\u00e9aire des plastiques et d\u00e9crit les outils et les mesures permettant de r\u00e9ussir la transition vers une \u00e9conomie circulaire dans le but de r\u00e9duire la pollution et de diminuer consid\u00e9rablement les \u00e9missions de gaz \u00e0 effet de serre.<\/p><p>Les informations, donn\u00e9es et mesures de mise en \u0153uvre de l'\u00e9tude ont \u00e9t\u00e9 cit\u00e9es ou r\u00e9sum\u00e9es ci-dessous :<\/p><p>D'ici 2040, la production mondiale de plastique devrait doubler, les rejets de plastique dans l'environnement tripler et les r\u00e9serves de plastique dans l'oc\u00e9an quadrupler.<\/p><p>Les emballages plastiques repr\u00e9sentent aujourd'hui une part importante de la consommation de plastique (27%), des d\u00e9chets plastiques (59%) et des \u00e9missions de gaz \u00e0 effet de serre (15,3 millions de tonnes d'\u00e9quivalent CO2 par an).<\/p><p>On estime que l'industrie plastique mondiale consomme jusqu'\u00e0 19% du budget carbone disponible \u00e0 ne pas d\u00e9passer pour atteindre l'objectif de 1,5 degr\u00e9 fix\u00e9 par l'accord de Paris sur le climat.<\/p><p>95% de la valeur des emballages sont perdus apr\u00e8s un court cycle d'utilisation. Cela correspond \u00e0 une somme de 80 \u00e0 120 milliards de dollars par an. Avec 38 kg d'emballages consomm\u00e9s par an et par habitant, l'Allemagne se situe bien au-dessus de la moyenne europ\u00e9enne.<\/p><h3>L'\u00e9conomie lin\u00e9aire du plastique - \u00e9tat actuel :<\/h3><ul><li>En 2019, l'Allemagne a transform\u00e9 14,2 millions de tonnes de plastique, dont 12,1 millions de tonnes ont \u00e9t\u00e9 consomm\u00e9es sur le territoire national.<\/li><li>89% de tous les emballages plastiques sont constitu\u00e9s de mat\u00e9riaux vierges.<\/li><li>50% des d\u00e9chets d'emballages sont utilis\u00e9s pour produire de l'\u00e9nergie. Volume annuel d'incin\u00e9ration de 1,6 million de tonnes d'emballages plastiques d'une valeur de 3,8 milliards d'euros.<\/li><li>Sur 50% de plastiques non incin\u00e9r\u00e9s, 18% sont export\u00e9s.<\/li><li>D'autres 10% sont recycl\u00e9s en circuit ouvert et perdus apr\u00e8s un court cycle d'utilisation.<\/li><li>33% des emballages en Allemagne ne sont pas recyclables.<\/li><\/ul><h3>Si aucun changement syst\u00e9mique n'intervient dans le secteur des plastiques :<\/h3><p>On estime que la production d'emballages plastiques et l'\u00e9limination des d\u00e9chets g\u00e9n\u00e8rent de plus en plus d'\u00e9missions de gaz \u00e0 effet de serre. Le sc\u00e9nario \"Poursuite de la politique actuelle\" pr\u00e9voit une croissance mod\u00e9r\u00e9e des quantit\u00e9s de plastique utilis\u00e9es pour les emballages d'environ 0,6% par an, soit 14% d'ici 2040.<\/p><ul><li>Cr\u00e9ation de 329 millions de tonnes de gaz \u00e0 effet de serre entre 2019 et 2040.<\/li><li>Pr\u00e9vision : plus de 17,2 millions de tonnes de gaz \u00e0 effet de serre en 2040, g\u00e9n\u00e9r\u00e9s par les emballages plastiques pendant et apr\u00e8s le cycle de vie du produit.<\/li><\/ul><p>Cela repr\u00e9sente pr\u00e8s de 5% du budget d'\u00e9missions allemand (375 millions de tonnes en 2040) qui permettrait de respecter l'objectif de 1,5 degr\u00e9 fix\u00e9 par l'accord de Paris sur le climat.<\/p><p>Cependant, l'Allemagne peut r\u00e9duire le volume de tous les d\u00e9chets plastiques de 40%, la consommation de plastique neuf de plus de 60% et la valorisation \u00e9nerg\u00e9tique de plus de 70% d'ici 2040.\u00a0<\/p><h3>Un changement de syst\u00e8me vers une \u00e9conomie circulaire provoque<\/h3><ul><li>La r\u00e9duction du taux d'incin\u00e9ration de 73 % dans le changement de syst\u00e8me<\/li><li>La baisse de la demande de plastique neuf de 64 %<\/li><\/ul><p><span style=\"text-align: var(--text-align); font-family: var( --e-global-typography-text-font-family ), Sans-serif; font-size: var( --e-global-typography-text-font-size ); font-weight: var( --e-global-typography-text-font-weight );\">\u00a0<\/span><\/p><p><span style=\"text-align: var(--text-align); font-family: var( --e-global-typography-text-font-family ), Sans-serif; font-size: var( --e-global-typography-text-font-size ); font-weight: var( --e-global-typography-text-font-weight );\">D'ici 2040, 20 millions de tonnes de plastique vierge (soit plus de six ans de consommation d'emballages plastiques) et de <\/span><a style=\"text-align: var(--text-align); background-color: #ffffff; font-family: var( --e-global-typography-text-font-family ), Sans-serif; font-size: var( --e-global-typography-text-font-size ); font-weight: var( --e-global-typography-text-font-weight );\" href=\"https:\/\/agderma.de\/fr\/themes-2\/le-plastique-provoque-le-changement-climatique\/\">plus de 68 millions de tonnes d'\u00e9missions de gaz \u00e0 effet de serre<\/a><span style=\"text-align: var(--text-align); font-family: var( --e-global-typography-text-font-family ), Sans-serif; font-size: var( --e-global-typography-text-font-size ); font-weight: var( --e-global-typography-text-font-weight );\">\u00a0pourraient \u00eatre \u00e9conomis\u00e9s. Le b\u00e9n\u00e9fice syst\u00e9mique d'ici 2040 serait de pr\u00e8s d'un milliard d'euros.<\/span><\/p><h3>Comment parvenir \u00e0 un changement de syst\u00e8me ?<\/h3><p>Les obligations existantes (y compris les r\u00e9glementations politiques contraignantes et les initiatives volontaires de l'industrie) ne sont actuellement pas suffisantes pour permettre la transition vers une \u00e9conomie circulaire dans le secteur des emballages. De nouvelles mesures doivent donc \u00eatre prises :<\/p><p>1. mesure 1 -\u00a0<a href=\"https:\/\/agderma.de\/fr\/themes-2\/echantillons-de-produits\/\">\u00c9viter et minimiser les emballages inutiles<\/a>\u00a0r\u00e9duit les d\u00e9chets plastiques de 8%.<\/p><p>2\u00e8me mesure - Les concepts r\u00e9utilisables pourraient r\u00e9duire les d\u00e9chets plastiques jusqu'\u00e0 23% (909 kilotonnes) d'ici 2040.<\/p><p>3. mesure 3 - remplacer ou substituer les emballages plastiques jetables par du papier, du papier couch\u00e9 ou des mat\u00e9riaux biosourc\u00e9s.<\/p><p>4e mesure - Une conception adapt\u00e9e au recyclage peut am\u00e9liorer consid\u00e9rablement le recyclage en boucle ferm\u00e9e (complexit\u00e9 r\u00e9duite des emballages, d\u00e9lais clairs pour les fabricants). Elle favorise le rendement du recyclage et la valeur des mati\u00e8res recycl\u00e9es.<\/p><p>5e action - Le tri des d\u00e9chets \u00e0 la source et un tri de qualit\u00e9 am\u00e9liorent l'efficacit\u00e9 et les r\u00e9sultats du syst\u00e8me de recyclage :<\/p><ul><li>Standardisation du syst\u00e8me de recyclage<\/li><li>Sensibilisation du consommateur<\/li><li>Une indication claire de recyclage sur les emballages<\/li><\/ul><p>6e action - Nouvelles r\u00e9glementations et technologies pour le recyclage en circuit ferm\u00e9 des plastiques alimentaires tout en prot\u00e9geant la sant\u00e9 et la s\u00e9curit\u00e9 des consommateurs*.<\/p><p>7) Action 7 - March\u00e9s du recyclage : des normes, des incitations et des normes de march\u00e9 (par exemple, des normes pour les produits recycl\u00e9s et les mat\u00e9riaux recyclables) doivent \u00eatre \u00e9labor\u00e9es du c\u00f4t\u00e9 de la demande.<\/p><p>L'Allemagne peut devenir un mod\u00e8le pour l'Europe en mati\u00e8re de transition vers une \u00e9conomie circulaire pour les plastiques.<\/p><h3>Pour les fabricants, cela signifie<\/h3><p>1. assurer une plus grande transparence en publiant des objectifs de recyclabilit\u00e9 et en rendant compte des progr\u00e8s r\u00e9alis\u00e9s<\/p><p>2. am\u00e9liorer les processus de tri et de recyclage gr\u00e2ce \u00e0 des normes open source pour l'ensemble du cycle de vie d'un produit (par exemple, des traceurs sur l'emballage qui informent sur la composition et l'origine de l'emballage dans un souci de tra\u00e7abilit\u00e9).<\/p><p>3. uniformisation des syst\u00e8mes de collecte et simplification du tri : actuellement, diff\u00e9rents syst\u00e8mes de collecte des mat\u00e9riaux recycl\u00e9s coexistent.<\/p><p>4. soutenir et \u00e9duquer avec des indications de recyclage simples et claires sur l'emballage.<\/p><p>5. promouvoir l'appr\u00e9ciation des mat\u00e9riaux recycl\u00e9s par les consommateurs en les \u00e9duquant et en les sensibilisant.<\/p><p>6. prendre en compte les restrictions potentielles de la qualit\u00e9 (downcycling par diminution de la qualit\u00e9).<\/p><h3>6 crit\u00e8res cl\u00e9s pour la conception d'emballages adapt\u00e9s au recyclage :<\/h3><p>1. abandon des multimat\u00e9riaux pour les applications non alimentaires d'ici 2030 et de tous les multimat\u00e9riaux alimentaires d'ici 2040, passage aux monomat\u00e9riaux<\/p><p>2. renoncer au PVC, au polystyr\u00e8ne expans\u00e9 et au noir de carbone industriel \u00e0 partir de 2025.<\/p><p>3. l'utilisation exclusive de r\u00e9cipients transparents et incolores.\u00a0<\/p><p>4. retrait facile des \u00e9tiquettes, minimisation de l'impression directe sur les r\u00e9cipients<\/p><p>5) Additifs, barri\u00e8res, rev\u00eatements, colles et peintures non probl\u00e9matiques pour le recyclage.<\/p><p>6. mat\u00e9riaux non probl\u00e9matiques pour les fermetures (sortie des joints et des valves en silicone ainsi que des couvercles en PS, PVC, aluminium et acier)<\/p>\t\t\t\t\t\t\t\t<\/div>\n\t\t\t\t<\/div>\n\t\t\t\t<div class=\"elementor-element elementor-element-5361cbc elementor-widget elementor-widget-toggle\" data-id=\"5361cbc\" data-element_type=\"widget\" data-e-type=\"widget\" data-widget_type=\"toggle.default\">\n\t\t\t\t<div class=\"elementor-widget-container\">\n\t\t\t\t\t\t\t<div class=\"elementor-toggle\">\n\t\t\t\t\t\t\t<div class=\"elementor-toggle-item\">\n\t\t\t\t\t<div id=\"elementor-tab-title-8741\" class=\"elementor-tab-title\" data-tab=\"1\" role=\"button\" aria-controls=\"elementor-tab-content-8741\" aria-expanded=\"false\">\n\t\t\t\t\t\t\t\t\t\t\t\t<span class=\"elementor-toggle-icon elementor-toggle-icon-left\" aria-hidden=\"true\">\n\t\t\t\t\t\t\t\t\t\t\t\t\t\t\t<span class=\"elementor-toggle-icon-closed\"><i class=\"fas fa-caret-right\"><\/i><\/span>\n\t\t\t\t\t\t\t\t<span class=\"elementor-toggle-icon-opened\"><i class=\"elementor-toggle-icon-opened fas fa-caret-up\"><\/i><\/span>\n\t\t\t\t\t\t\t\t\t\t\t\t\t<\/span>\n\t\t\t\t\t\t\t\t\t\t\t\t<a class=\"elementor-toggle-title\" tabindex=\"0\">R\u00e9f\u00e9rences et informations juridiques<\/a>\n\t\t\t\t\t<\/div>\n\n\t\t\t\t\t<div id=\"elementor-tab-content-8741\" class=\"elementor-tab-content elementor-clearfix\" data-tab=\"1\" role=\"region\" aria-labelledby=\"elementor-tab-title-8741\"><p>D'autres donn\u00e9es et faits ainsi que des r\u00e9f\u00e9rences bibliographiques et peuvent \u00eatre obtenus \u00e0 partir de l'\u00e9tude\u00a0<a href=\"https:\/\/www.wwf.de\/fileadmin\/fm-wwf\/Publikationen-PDF\/Unternehmen\/WWF-Studie-Verpackungswende_jetzt_-_So_gelingt_der_Wandel_zu_einer_Kreislaufwirtschaft_f%C3%BCr_Kunststoffe_in_Deutschland.pdf\" target=\"_blank\" rel=\"noreferrer noopener\">\"Tournons la page des emballages maintenant !\"<\/a>\u00a0peuvent \u00eatre pr\u00e9lev\u00e9s.<\/p><\/div>\n\t\t\t\t<\/div>\n\t\t\t\t\t\t\t\t<\/div>\n\t\t\t\t\t\t<\/div>\n\t\t\t\t<\/div>\n\t\t\t\t\t<\/div>\n\t\t\t\t<\/div>\n\t\t\t\t<\/div>","protected":false},"excerpt":{"rendered":"<p>So gelingt der Wandel zu einer Kreislaufwirtschaft f\u00fcr Kunststoffe in Deutschland Eine Studie des WWF Deutschland und SYSTEMIQ vom August 2021 Die Studie beleuchtet die Nachteile der linearen Kunststoffwirtschaft und schildert Instrumente und Ma\u00dfnahmen, wie der Wandel zur Kreislaufwirtschaft mit dem Ziel der Reduktion von Umweltverschmutzung und deutlichen Senkung der Treibhausgasemissionen gelingen kann. Im Folgenden [&hellip;]<\/p>\n","protected":false},"author":1,"featured_media":0,"parent":1142,"menu_order":0,"comment_status":"closed","ping_status":"closed","template":"","meta":{"_acf_changed":false,"footnotes":""},"class_list":["post-1301","page","type-page","status-publish","hentry"],"acf":[],"_links":{"self":[{"href":"https:\/\/agderma.de\/fr\/wp-json\/wp\/v2\/pages\/1301","targetHints":{"allow":["GET"]}}],"collection":[{"href":"https:\/\/agderma.de\/fr\/wp-json\/wp\/v2\/pages"}],"about":[{"href":"https:\/\/agderma.de\/fr\/wp-json\/wp\/v2\/types\/page"}],"author":[{"embeddable":true,"href":"https:\/\/agderma.de\/fr\/wp-json\/wp\/v2\/users\/1"}],"replies":[{"embeddable":true,"href":"https:\/\/agderma.de\/fr\/wp-json\/wp\/v2\/comments?post=1301"}],"version-history":[{"count":6,"href":"https:\/\/agderma.de\/fr\/wp-json\/wp\/v2\/pages\/1301\/revisions"}],"predecessor-version":[{"id":5597,"href":"https:\/\/agderma.de\/fr\/wp-json\/wp\/v2\/pages\/1301\/revisions\/5597"}],"up":[{"embeddable":true,"href":"https:\/\/agderma.de\/fr\/wp-json\/wp\/v2\/pages\/1142"}],"wp:attachment":[{"href":"https:\/\/agderma.de\/fr\/wp-json\/wp\/v2\/media?parent=1301"}],"curies":[{"name":"wp","href":"https:\/\/api.w.org\/{rel}","templated":true}]}}