{"id":141,"date":"2023-01-15T13:43:34","date_gmt":"2023-01-15T13:43:34","guid":{"rendered":"http:\/\/agderma.de\/?page_id=141"},"modified":"2023-07-02T17:47:33","modified_gmt":"2023-07-02T17:47:33","slug":"mentions-legales","status":"publish","type":"page","link":"https:\/\/agderma.de\/fr\/impressum\/","title":{"rendered":"Mentions l\u00e9gales"},"content":{"rendered":"<div data-elementor-type=\"wp-page\" data-elementor-id=\"141\" class=\"elementor elementor-141\" data-elementor-post-type=\"page\">\n\t\t\t\t<div class=\"elementor-element elementor-element-0f95bb3 e-flex e-con-boxed e-con e-parent\" data-id=\"0f95bb3\" data-element_type=\"container\" data-e-type=\"container\" data-settings=\"{&quot;background_background&quot;:&quot;classic&quot;}\">\n\t\t\t\t\t<div class=\"e-con-inner\">\n\t\t\t\t<div class=\"elementor-element elementor-element-ce00341 elementor-widget elementor-widget-heading\" data-id=\"ce00341\" data-element_type=\"widget\" data-e-type=\"widget\" data-widget_type=\"heading.default\">\n\t\t\t\t<div class=\"elementor-widget-container\">\n\t\t\t\t\t<h1 class=\"elementor-heading-title elementor-size-default\">Mentions l\u00e9gales<\/h1>\t\t\t\t<\/div>\n\t\t\t\t<\/div>\n\t\t\t\t\t<\/div>\n\t\t\t\t<\/div>\n\t\t<div class=\"elementor-element elementor-element-c6c08c0 e-flex e-con-boxed e-con e-parent\" data-id=\"c6c08c0\" data-element_type=\"container\" data-e-type=\"container\">\n\t\t\t\t\t<div class=\"e-con-inner\">\n\t\t\t\t<div class=\"elementor-element elementor-element-f21ce47 elementor-widget elementor-widget-text-editor\" data-id=\"f21ce47\" data-element_type=\"widget\" data-e-type=\"widget\" data-widget_type=\"text-editor.default\">\n\t\t\t\t<div class=\"elementor-widget-container\">\n\t\t\t\t\t\t\t\t\t<p><strong>Informations conform\u00e9ment au \u00a7 5 TMG<\/strong><\/p>\n<p>Dr. med. Dipl. biol. Susanne Saha<br>8, rue Guntram<br>79106 Fribourg<\/p><p><strong>TVA-<wbr>Num\u00e9ro d'identification :<\/strong> FR361047847<br><\/p>\n<p><strong>Contact<\/strong><br>T\u00e9l\u00e9phone : +49 (0)176-36311268<br>T\u00e9l\u00e9copieur : +49 (0)32-121113865<\/p>\n<p><strong>e-mail :<\/strong> office@agderma.de<\/p>\n<p><strong>Responsables de la r\u00e9daction<\/strong><br>Dr. med. Dipl. biol. Susanne Saha<br>8, rue Guntram<br>79106 Fribourg<\/p>\n<p><strong>Responsabilit\u00e9 du contenu<\/strong><br>En tant que prestataire de services, nous sommes responsables de nos propres contenus sur ces pages conform\u00e9ment au \u00a7 7 alin\u00e9a 1 de la loi allemande sur les t\u00e9l\u00e9m\u00e9dias (TMG). Conform\u00e9ment aux \u00a7\u00a7 8 \u00e0 10 de la TMG, nous ne sommes toutefois pas tenus, en tant que prestataire de services, de surveiller les informations externes transmises ou enregistr\u00e9es ou de rechercher les circonstances qui indiquent une activit\u00e9 ill\u00e9gale.<\/p>\n<p>obligations de supprimer ou de bloquer l'utilisation d'informations conform\u00e9ment aux dispositions g\u00e9n\u00e9rales de la loi sur la protection des donn\u00e9es.<br>lois en vigueur n'en sont pas affect\u00e9es. Une responsabilit\u00e9 \u00e0 cet \u00e9gard n'est toutefois possible qu'\u00e0 partir du moment o\u00f9 une violation concr\u00e8te de la loi est connue. D\u00e8s que nous aurons connaissance d'une telle violation, nous supprimerons imm\u00e9diatement le contenu en question.<\/p>\n<p><strong>Responsabilit\u00e9 des liens<\/strong><br>Notre offre contient des liens vers des sites Web externes de tiers, sur lesquels nous n'avons aucune influence. Nous ne pouvons donc pas nous porter garants de ces contenus externes. Le fournisseur ou l'exploitant des pages li\u00e9es est toujours responsable du contenu de ces pages. Les pages li\u00e9es ont \u00e9t\u00e9 v\u00e9rifi\u00e9es au moment de la cr\u00e9ation du lien afin de s'assurer qu'elles n'enfreignaient pas la loi. Aucun contenu ill\u00e9gal n'a \u00e9t\u00e9 identifi\u00e9 au moment de la cr\u00e9ation des liens.<\/p>\n<p>Un contr\u00f4le permanent du contenu des pages li\u00e9es n'est cependant pas exigible sans indices concrets d'une violation de la loi. Si nous prenons connaissance d'une violation de la loi, nous supprimerons imm\u00e9diatement les liens en question.<\/p>\n<p><strong>Droit d'auteur<\/strong><br>Les contenus et les \u0153uvres cr\u00e9\u00e9s par les exploitants de ces pages sont soumis au droit d'auteur allemand. La reproduction, le traitement, la diffusion et toute forme d'exploitation en dehors du cadre du droit d'auteur sont interdits.<br>Les limites du droit d'auteur n\u00e9cessitent l'accord \u00e9crit de l'auteur ou du cr\u00e9ateur respectif. Les t\u00e9l\u00e9chargements et les copies de ce site ne sont autoris\u00e9s que pour un usage priv\u00e9 et non commercial.<\/p>\n<p>Dans la mesure o\u00f9 les contenus de ce site n'ont pas \u00e9t\u00e9 cr\u00e9\u00e9s par l'exploitant, les droits d'auteur de tiers sont respect\u00e9s. En particulier, les contenus de tiers sont identifi\u00e9s comme tels. Si vous constatez n\u00e9anmoins une violation des droits d'auteur, nous vous prions de nous en informer. D\u00e8s que nous aurons connaissance d'une violation de la loi, nous supprimerons imm\u00e9diatement le contenu en question.<\/p>\t\t\t\t\t\t\t\t<\/div>\n\t\t\t\t<\/div>\n\t\t\t\t<div class=\"elementor-element elementor-element-29d5703 elementor-widget elementor-widget-toggle\" data-id=\"29d5703\" data-element_type=\"widget\" data-e-type=\"widget\" data-widget_type=\"toggle.default\">\n\t\t\t\t<div class=\"elementor-widget-container\">\n\t\t\t\t\t\t\t<div class=\"elementor-toggle\">\n\t\t\t\t\t\t\t<div class=\"elementor-toggle-item\">\n\t\t\t\t\t<div id=\"elementor-tab-title-4381\" class=\"elementor-tab-title\" data-tab=\"1\" role=\"button\" aria-controls=\"elementor-tab-content-4381\" aria-expanded=\"false\">\n\t\t\t\t\t\t\t\t\t\t\t\t<span class=\"elementor-toggle-icon elementor-toggle-icon-left\" aria-hidden=\"true\">\n\t\t\t\t\t\t\t\t\t\t\t\t\t\t\t<span class=\"elementor-toggle-icon-closed\"><i class=\"fas fa-caret-right\"><\/i><\/span>\n\t\t\t\t\t\t\t\t<span class=\"elementor-toggle-icon-opened\"><i class=\"elementor-toggle-icon-opened fas fa-caret-up\"><\/i><\/span>\n\t\t\t\t\t\t\t\t\t\t\t\t\t<\/span>\n\t\t\t\t\t\t\t\t\t\t\t\t<a class=\"elementor-toggle-title\" tabindex=\"0\">R\u00e9f\u00e9rences et informations juridiques<\/a>\n\t\t\t\t\t<\/div>\n\n\t\t\t\t\t<div id=\"elementor-tab-content-4381\" class=\"elementor-tab-content elementor-clearfix\" data-tab=\"1\" role=\"region\" aria-labelledby=\"elementor-tab-title-4381\"><p>Source : https:\/\/www.e-recht24.de\/impressum-generator.html<\/p><\/div>\n\t\t\t\t<\/div>\n\t\t\t\t\t\t\t\t<\/div>\n\t\t\t\t\t\t<\/div>\n\t\t\t\t<\/div>\n\t\t\t\t\t<\/div>\n\t\t\t\t<\/div>\n\t\t\t\t<\/div>","protected":false},"excerpt":{"rendered":"<p>Angaben gem\u00e4\u00df \u00a7 5 TMG Dr. med. Dipl. Biol. Susanne SahaGuntramstra\u00dfe 879106 Freiburg Umsatzsteuer-Identifikationsnummer: DE361047847 KontaktTelefon: +49 (0)176-36311268Fax: +49 (0)32-121113865 E-Mail: office@agderma.de Redaktionell VerantwortlicheDr. med. Dipl. Biol. Susanne SahaGuntramstra\u00dfe 879106 Freiburg Haftung f\u00fcr InhalteAls Diensteanbieter sind wir gem\u00e4\u00df \u00a7 7 Abs.1 TMG f\u00fcr eigene Inhalte auf diesen Seiten nach den allgemeinen Gesetzen verantwortlich. Nach \u00a7\u00a7 [&hellip;]<\/p>\n","protected":false},"author":1,"featured_media":0,"parent":0,"menu_order":0,"comment_status":"closed","ping_status":"closed","template":"","meta":{"_acf_changed":false,"footnotes":""},"class_list":["post-141","page","type-page","status-publish","hentry"],"acf":[],"_links":{"self":[{"href":"https:\/\/agderma.de\/fr\/wp-json\/wp\/v2\/pages\/141","targetHints":{"allow":["GET"]}}],"collection":[{"href":"https:\/\/agderma.de\/fr\/wp-json\/wp\/v2\/pages"}],"about":[{"href":"https:\/\/agderma.de\/fr\/wp-json\/wp\/v2\/types\/page"}],"author":[{"embeddable":true,"href":"https:\/\/agderma.de\/fr\/wp-json\/wp\/v2\/users\/1"}],"replies":[{"embeddable":true,"href":"https:\/\/agderma.de\/fr\/wp-json\/wp\/v2\/comments?post=141"}],"version-history":[{"count":4,"href":"https:\/\/agderma.de\/fr\/wp-json\/wp\/v2\/pages\/141\/revisions"}],"predecessor-version":[{"id":4650,"href":"https:\/\/agderma.de\/fr\/wp-json\/wp\/v2\/pages\/141\/revisions\/4650"}],"wp:attachment":[{"href":"https:\/\/agderma.de\/fr\/wp-json\/wp\/v2\/media?parent=141"}],"curies":[{"name":"wp","href":"https:\/\/api.w.org\/{rel}","templated":true}]}}