{"id":1944,"date":"2023-02-05T23:34:07","date_gmt":"2023-02-05T23:34:07","guid":{"rendered":"http:\/\/agderma.de\/?page_id=1944"},"modified":"2023-05-30T09:46:07","modified_gmt":"2023-05-30T09:46:07","slug":"donateurs-2024","status":"publish","type":"page","link":"https:\/\/agderma.de\/fr\/spenden\/spenderinnen-2022\/","title":{"rendered":"Donateur:int\u00e9rieur 2022"},"content":{"rendered":"<div data-elementor-type=\"wp-page\" data-elementor-id=\"1944\" class=\"elementor elementor-1944\" data-elementor-post-type=\"page\">\n\t\t\t\t<div class=\"elementor-element elementor-element-1e4e154 e-flex e-con-boxed e-con e-parent\" data-id=\"1e4e154\" data-element_type=\"container\" data-e-type=\"container\" data-settings=\"{&quot;background_background&quot;:&quot;classic&quot;}\">\n\t\t\t\t\t<div class=\"e-con-inner\">\n\t\t\t\t<div class=\"elementor-element elementor-element-217f7d6 elementor-widget elementor-widget-heading\" data-id=\"217f7d6\" data-element_type=\"widget\" data-e-type=\"widget\" data-widget_type=\"heading.default\">\n\t\t\t\t<div class=\"elementor-widget-container\">\n\t\t\t\t\t<h1 class=\"elementor-heading-title elementor-size-default\">Donateur:s pour l'ann\u00e9e 2022<\/h1>\t\t\t\t<\/div>\n\t\t\t\t<\/div>\n\t\t\t\t\t<\/div>\n\t\t\t\t<\/div>\n\t\t<div class=\"elementor-element elementor-element-d57dcce e-flex e-con-boxed e-con e-parent\" data-id=\"d57dcce\" data-element_type=\"container\" data-e-type=\"container\">\n\t\t\t\t\t<div class=\"e-con-inner\">\n\t\t<div class=\"elementor-element elementor-element-26e6976 e-flex e-con-boxed e-con e-child\" data-id=\"26e6976\" data-element_type=\"container\" data-e-type=\"container\">\n\t\t\t\t\t<div class=\"e-con-inner\">\n\t\t<div class=\"elementor-element elementor-element-1aa93bd e-con-full e-flex e-con e-child\" data-id=\"1aa93bd\" data-element_type=\"container\" data-e-type=\"container\">\n\t\t\t\t<div class=\"elementor-element elementor-element-9f7e514 elementor-widget elementor-widget-heading\" data-id=\"9f7e514\" data-element_type=\"widget\" data-e-type=\"widget\" data-widget_type=\"heading.default\">\n\t\t\t\t<div class=\"elementor-widget-container\">\n\t\t\t\t\t<h2 class=\"elementor-heading-title elementor-size-default\"><a href=\"https:\/\/www.sana1.de\/\" target=\"_blank\" rel=\"noopener\">Sana Vita GmbH<\/a><\/h2>\t\t\t\t<\/div>\n\t\t\t\t<\/div>\n\t\t\t\t<div class=\"elementor-element elementor-element-91ae0e2 elementor-widget elementor-widget-text-editor\" data-id=\"91ae0e2\" data-element_type=\"widget\" data-e-type=\"widget\" data-widget_type=\"text-editor.default\">\n\t\t\t\t<div class=\"elementor-widget-container\">\n\t\t\t\t\t\t\t\t\t<p>1.000,00 \u20ac<\/p>\t\t\t\t\t\t\t\t<\/div>\n\t\t\t\t<\/div>\n\t\t\t\t<div class=\"elementor-element elementor-element-76eb54f elementor-widget elementor-widget-text-editor\" data-id=\"76eb54f\" data-element_type=\"widget\" data-e-type=\"widget\" data-widget_type=\"text-editor.default\">\n\t\t\t\t<div class=\"elementor-widget-container\">\n\t\t\t\t\t\t\t\t\t<p><strong>But :<br \/><\/strong>D\u00e9veloppement web<\/p>\t\t\t\t\t\t\t\t<\/div>\n\t\t\t\t<\/div>\n\t\t\t\t<\/div>\n\t\t<div class=\"elementor-element elementor-element-bfde30b e-con-full e-flex e-con e-child\" data-id=\"bfde30b\" data-element_type=\"container\" data-e-type=\"container\">\n\t\t\t\t<div class=\"elementor-element elementor-element-bcd82ee elementor-widget elementor-widget-image\" data-id=\"bcd82ee\" data-element_type=\"widget\" data-e-type=\"widget\" data-widget_type=\"image.default\">\n\t\t\t\t<div class=\"elementor-widget-container\">\n\t\t\t\t\t\t\t\t\t\t\t\t\t\t\t<img decoding=\"async\" width=\"150\" height=\"150\" src=\"https:\/\/agderma.de\/wp-content\/uploads\/2023\/01\/Logo-Sana-Vita_-e1674629668470.webp\" class=\"attachment-large size-large wp-image-1130\" alt=\"\" \/>\t\t\t\t\t\t\t\t\t\t\t\t\t\t\t<\/div>\n\t\t\t\t<\/div>\n\t\t\t\t<\/div>\n\t\t\t\t\t<\/div>\n\t\t\t\t<\/div>\n\t\t<div class=\"elementor-element elementor-element-28da505 e-flex e-con-boxed e-con e-child\" data-id=\"28da505\" data-element_type=\"container\" data-e-type=\"container\">\n\t\t\t\t\t<div class=\"e-con-inner\">\n\t\t<div class=\"elementor-element elementor-element-fc5f72d e-con-full e-flex e-con e-child\" data-id=\"fc5f72d\" data-element_type=\"container\" data-e-type=\"container\">\n\t\t\t\t<div class=\"elementor-element elementor-element-31ac91c elementor-widget elementor-widget-heading\" data-id=\"31ac91c\" data-element_type=\"widget\" data-e-type=\"widget\" data-widget_type=\"heading.default\">\n\t\t\t\t<div class=\"elementor-widget-container\">\n\t\t\t\t\t<h2 class=\"elementor-heading-title elementor-size-default\"><a href=\"https:\/\/www.pierre-fabre.com\/de-de\" target=\"_blank\" rel=\"noopener\">Pierre Fabre Dermo-Kosmetik GmbH<\/a><\/h2>\t\t\t\t<\/div>\n\t\t\t\t<\/div>\n\t\t\t\t<div class=\"elementor-element elementor-element-6560335 elementor-widget elementor-widget-text-editor\" data-id=\"6560335\" data-element_type=\"widget\" data-e-type=\"widget\" data-widget_type=\"text-editor.default\">\n\t\t\t\t<div class=\"elementor-widget-container\">\n\t\t\t\t\t\t\t\t\t<p>2.890,48 \u20ac<\/p>\t\t\t\t\t\t\t\t<\/div>\n\t\t\t\t<\/div>\n\t\t\t\t<div class=\"elementor-element elementor-element-59bc581 elementor-widget elementor-widget-text-editor\" data-id=\"59bc581\" data-element_type=\"widget\" data-e-type=\"widget\" data-widget_type=\"text-editor.default\">\n\t\t\t\t<div class=\"elementor-widget-container\">\n\t\t\t\t\t\t\t\t\t<p><strong>But :<br \/><\/strong>Traduction du site web et des articles suivants en fran\u00e7ais et en anglais :<\/p><ul><li>Le plastique en dermatologie<\/li><li>Que sont les perturbateurs endocriniens ?<\/li><li>Probl\u00e8mes li\u00e9s aux cr\u00e8mes solaires<\/li><li>Triclosan - une substance probl\u00e9matique<\/li><li>Cancer du sein d\u00fb aux parab\u00e8nes ?<\/li><li>Oubli\u00e9 : les polym\u00e8res synth\u00e9tiques<\/li><\/ul>\t\t\t\t\t\t\t\t<\/div>\n\t\t\t\t<\/div>\n\t\t\t\t<\/div>\n\t\t<div class=\"elementor-element elementor-element-76a4d49 e-con-full e-flex e-con e-child\" data-id=\"76a4d49\" data-element_type=\"container\" data-e-type=\"container\">\n\t\t\t\t<div class=\"elementor-element elementor-element-bbd3372 elementor-widget elementor-widget-image\" data-id=\"bbd3372\" data-element_type=\"widget\" data-e-type=\"widget\" data-widget_type=\"image.default\">\n\t\t\t\t<div class=\"elementor-widget-container\">\n\t\t\t\t\t\t\t\t\t\t\t\t\t\t\t<img decoding=\"async\" width=\"150\" height=\"150\" src=\"https:\/\/agderma.de\/wp-content\/uploads\/2023\/01\/Logo-Pierre-Fabre.webp\" class=\"attachment-large size-large wp-image-1131\" alt=\"\" \/>\t\t\t\t\t\t\t\t\t\t\t\t\t\t\t<\/div>\n\t\t\t\t<\/div>\n\t\t\t\t<\/div>\n\t\t\t\t\t<\/div>\n\t\t\t\t<\/div>\n\t\t<div class=\"elementor-element elementor-element-e94e244 e-flex e-con-boxed e-con e-child\" data-id=\"e94e244\" data-element_type=\"container\" data-e-type=\"container\">\n\t\t\t\t\t<div class=\"e-con-inner\">\n\t\t<div class=\"elementor-element elementor-element-12fc768 e-con-full e-flex e-con e-child\" data-id=\"12fc768\" data-element_type=\"container\" data-e-type=\"container\">\n\t\t\t\t<div class=\"elementor-element elementor-element-40fe897 elementor-widget elementor-widget-heading\" data-id=\"40fe897\" data-element_type=\"widget\" data-e-type=\"widget\" data-widget_type=\"heading.default\">\n\t\t\t\t<div class=\"elementor-widget-container\">\n\t\t\t\t\t<h2 class=\"elementor-heading-title elementor-size-default\"><a href=\"https:\/\/hautaerzte-karlsruhe.de\/\" target=\"_blank\" rel=\"noopener\">Dermatologues sur la place du march\u00e9<\/a><\/h2>\t\t\t\t<\/div>\n\t\t\t\t<\/div>\n\t\t\t\t<div class=\"elementor-element elementor-element-2c3854f elementor-widget elementor-widget-text-editor\" data-id=\"2c3854f\" data-element_type=\"widget\" data-e-type=\"widget\" data-widget_type=\"text-editor.default\">\n\t\t\t\t<div class=\"elementor-widget-container\">\n\t\t\t\t\t\t\t\t\t<p>193,97 \u20ac<\/p>\t\t\t\t\t\t\t\t<\/div>\n\t\t\t\t<\/div>\n\t\t\t\t<div class=\"elementor-element elementor-element-bcc2fda elementor-widget elementor-widget-text-editor\" data-id=\"bcc2fda\" data-element_type=\"widget\" data-e-type=\"widget\" data-widget_type=\"text-editor.default\">\n\t\t\t\t<div class=\"elementor-widget-container\">\n\t\t\t\t\t\t\t\t\t<p><strong>But :<br \/><\/strong>Traduction de l'article suivant en fran\u00e7ais et en anglais :<\/p><ul><li>Le plastique provoque le changement climatique<\/li><\/ul>\t\t\t\t\t\t\t\t<\/div>\n\t\t\t\t<\/div>\n\t\t\t\t<\/div>\n\t\t<div class=\"elementor-element elementor-element-26b4296 e-con-full e-flex e-con e-child\" data-id=\"26b4296\" data-element_type=\"container\" data-e-type=\"container\">\n\t\t\t\t<div class=\"elementor-element elementor-element-2d13fd6 elementor-widget elementor-widget-image\" data-id=\"2d13fd6\" data-element_type=\"widget\" data-e-type=\"widget\" data-widget_type=\"image.default\">\n\t\t\t\t<div class=\"elementor-widget-container\">\n\t\t\t\t\t\t\t\t\t\t\t\t\t\t\t<img decoding=\"async\" width=\"150\" height=\"150\" src=\"https:\/\/agderma.de\/wp-content\/uploads\/2023\/01\/Logo-Hautaerzte-am-Marktplatz.webp\" class=\"attachment-large size-large wp-image-1132\" alt=\"\" \/>\t\t\t\t\t\t\t\t\t\t\t\t\t\t\t<\/div>\n\t\t\t\t<\/div>\n\t\t\t\t<\/div>\n\t\t\t\t\t<\/div>\n\t\t\t\t<\/div>\n\t\t<div class=\"elementor-element elementor-element-1650b43 e-flex e-con-boxed e-con e-child\" data-id=\"1650b43\" data-element_type=\"container\" data-e-type=\"container\">\n\t\t\t\t\t<div class=\"e-con-inner\">\n\t\t<div class=\"elementor-element elementor-element-9befff4 e-con-full e-flex e-con e-child\" data-id=\"9befff4\" data-element_type=\"container\" data-e-type=\"container\">\n\t\t\t\t<div class=\"elementor-element elementor-element-e9b0dcc elementor-widget elementor-widget-heading\" data-id=\"e9b0dcc\" data-element_type=\"widget\" data-e-type=\"widget\" data-widget_type=\"heading.default\">\n\t\t\t\t<div class=\"elementor-widget-container\">\n\t\t\t\t\t<h2 class=\"elementor-heading-title elementor-size-default\"><a href=\"https:\/\/hautaerzte-karlsruhe.de\/\" target=\"_blank\" rel=\"noopener\">Helge Grehm<\/a><\/h2>\t\t\t\t<\/div>\n\t\t\t\t<\/div>\n\t\t\t\t<div class=\"elementor-element elementor-element-19b79cd elementor-widget elementor-widget-text-editor\" data-id=\"19b79cd\" data-element_type=\"widget\" data-e-type=\"widget\" data-widget_type=\"text-editor.default\">\n\t\t\t\t<div class=\"elementor-widget-container\">\n\t\t\t\t\t\t\t\t\t<p>176,12 \u20ac<\/p>\t\t\t\t\t\t\t\t<\/div>\n\t\t\t\t<\/div>\n\t\t\t\t<div class=\"elementor-element elementor-element-617e255 elementor-widget elementor-widget-text-editor\" data-id=\"617e255\" data-element_type=\"widget\" data-e-type=\"widget\" data-widget_type=\"text-editor.default\">\n\t\t\t\t<div class=\"elementor-widget-container\">\n\t\t\t\t\t\t\t\t\t<p><strong>But :<br \/><\/strong>Traduction de l'article suivant en fran\u00e7ais et en anglais :<\/p><ul><li class=\"font_8\">\u00c9chantillons de produits<\/li><\/ul>\t\t\t\t\t\t\t\t<\/div>\n\t\t\t\t<\/div>\n\t\t\t\t<\/div>\n\t\t<div class=\"elementor-element elementor-element-a02f5e6 e-con-full e-flex e-con e-child\" data-id=\"a02f5e6\" data-element_type=\"container\" data-e-type=\"container\">\n\t\t\t\t<\/div>\n\t\t\t\t\t<\/div>\n\t\t\t\t<\/div>\n\t\t<div class=\"elementor-element elementor-element-de47783 e-flex e-con-boxed e-con e-child\" data-id=\"de47783\" data-element_type=\"container\" data-e-type=\"container\">\n\t\t\t\t\t<div class=\"e-con-inner\">\n\t\t<div class=\"elementor-element elementor-element-3da07e8 e-con-full e-flex e-con e-child\" data-id=\"3da07e8\" data-element_type=\"container\" data-e-type=\"container\">\n\t\t\t\t<div class=\"elementor-element elementor-element-2b7c2d9 elementor-widget elementor-widget-heading\" data-id=\"2b7c2d9\" data-element_type=\"widget\" data-e-type=\"widget\" data-widget_type=\"heading.default\">\n\t\t\t\t<div class=\"elementor-widget-container\">\n\t\t\t\t\t<h2 class=\"elementor-heading-title elementor-size-default\"><a href=\"https:\/\/www.beiersdorf.de\/\" target=\"_blank\" rel=\"noopener\">Beiersdorf Dermo Medical GmbH<\/a><\/h2>\t\t\t\t<\/div>\n\t\t\t\t<\/div>\n\t\t\t\t<div class=\"elementor-element elementor-element-3ba53c5 elementor-widget elementor-widget-text-editor\" data-id=\"3ba53c5\" data-element_type=\"widget\" data-e-type=\"widget\" data-widget_type=\"text-editor.default\">\n\t\t\t\t<div class=\"elementor-widget-container\">\n\t\t\t\t\t\t\t\t\t<p>3.000,00 \u20ac<\/p>\t\t\t\t\t\t\t\t<\/div>\n\t\t\t\t<\/div>\n\t\t\t\t<div class=\"elementor-element elementor-element-4be56ab elementor-widget elementor-widget-text-editor\" data-id=\"4be56ab\" data-element_type=\"widget\" data-e-type=\"widget\" data-widget_type=\"text-editor.default\">\n\t\t\t\t<div class=\"elementor-widget-container\">\n\t\t\t\t\t\t\t\t\t<p><strong>But :<br \/><\/strong>D\u00e9veloppement web et traduction de l'article suivant en fran\u00e7ais et en anglais :<\/p><ul><li><p class=\"font_8\">A\u00e9rosols doseurs - th\u00e9rapie li\u00e9e au climat<\/p><\/li><\/ul>\t\t\t\t\t\t\t\t<\/div>\n\t\t\t\t<\/div>\n\t\t\t\t<div class=\"elementor-element elementor-element-e739e32 elementor-widget elementor-widget-text-editor\" data-id=\"e739e32\" data-element_type=\"widget\" data-e-type=\"widget\" data-widget_type=\"text-editor.default\">\n\t\t\t\t<div class=\"elementor-widget-container\">\n\t\t\t\t\t\t\t\t\t<p>1.000,00 \u20ac<\/p>\t\t\t\t\t\t\t\t<\/div>\n\t\t\t\t<\/div>\n\t\t\t\t<div class=\"elementor-element elementor-element-eb5dae8 elementor-widget elementor-widget-text-editor\" data-id=\"eb5dae8\" data-element_type=\"widget\" data-e-type=\"widget\" data-widget_type=\"text-editor.default\">\n\t\t\t\t<div class=\"elementor-widget-container\">\n\t\t\t\t\t\t\t\t\t<p><strong>But :<br \/><\/strong>Optimisation web<\/p>\t\t\t\t\t\t\t\t<\/div>\n\t\t\t\t<\/div>\n\t\t\t\t<\/div>\n\t\t<div class=\"elementor-element elementor-element-4832e88 e-con-full e-flex e-con e-child\" data-id=\"4832e88\" data-element_type=\"container\" data-e-type=\"container\">\n\t\t\t\t<div class=\"elementor-element elementor-element-8f2b305 elementor-widget elementor-widget-image\" data-id=\"8f2b305\" data-element_type=\"widget\" data-e-type=\"widget\" data-widget_type=\"image.default\">\n\t\t\t\t<div class=\"elementor-widget-container\">\n\t\t\t\t\t\t\t\t\t\t\t\t\t\t\t<img loading=\"lazy\" decoding=\"async\" width=\"150\" height=\"150\" src=\"https:\/\/agderma.de\/wp-content\/uploads\/2023\/01\/Logo-Beiersdorf-Dermo_.webp\" class=\"attachment-large size-large wp-image-1133\" alt=\"\" \/>\t\t\t\t\t\t\t\t\t\t\t\t\t\t\t<\/div>\n\t\t\t\t<\/div>\n\t\t\t\t<\/div>\n\t\t\t\t\t<\/div>\n\t\t\t\t<\/div>\n\t\t<div class=\"elementor-element elementor-element-f6c0066 e-flex e-con-boxed e-con e-child\" data-id=\"f6c0066\" data-element_type=\"container\" data-e-type=\"container\">\n\t\t\t\t\t<div class=\"e-con-inner\">\n\t\t<div class=\"elementor-element elementor-element-748e6c1 e-con-full e-flex e-con e-child\" data-id=\"748e6c1\" data-element_type=\"container\" data-e-type=\"container\">\n\t\t\t\t<div class=\"elementor-element elementor-element-71162de elementor-widget elementor-widget-heading\" data-id=\"71162de\" data-element_type=\"widget\" data-e-type=\"widget\" data-widget_type=\"heading.default\">\n\t\t\t\t<div class=\"elementor-widget-container\">\n\t\t\t\t\t<h2 class=\"elementor-heading-title elementor-size-default\"><a href=\"http:\/\/www.haut-venen-spezialistin.de\/\" target=\"_blank\" rel=\"noopener\">Dr. med. Rahel Pfister<\/a><\/h2>\t\t\t\t<\/div>\n\t\t\t\t<\/div>\n\t\t\t\t<div class=\"elementor-element elementor-element-e83a2dd elementor-widget elementor-widget-text-editor\" data-id=\"e83a2dd\" data-element_type=\"widget\" data-e-type=\"widget\" data-widget_type=\"text-editor.default\">\n\t\t\t\t<div class=\"elementor-widget-container\">\n\t\t\t\t\t\t\t\t\t<p>200,00 \u20ac<\/p>\t\t\t\t\t\t\t\t<\/div>\n\t\t\t\t<\/div>\n\t\t\t\t<div class=\"elementor-element elementor-element-1ea6850 elementor-widget elementor-widget-text-editor\" data-id=\"1ea6850\" data-element_type=\"widget\" data-e-type=\"widget\" data-widget_type=\"text-editor.default\">\n\t\t\t\t<div class=\"elementor-widget-container\">\n\t\t\t\t\t\t\t\t\t<p><strong>But :<br \/><\/strong>Traduction de l'article suivant en fran\u00e7ais et en anglais :<\/p><ul><li>Diclof\u00e9nac<\/li><\/ul>\t\t\t\t\t\t\t\t<\/div>\n\t\t\t\t<\/div>\n\t\t\t\t<\/div>\n\t\t<div class=\"elementor-element elementor-element-6e48c33 e-con-full e-flex e-con e-child\" data-id=\"6e48c33\" data-element_type=\"container\" data-e-type=\"container\">\n\t\t\t\t<div class=\"elementor-element elementor-element-b191ab8 elementor-widget elementor-widget-image\" data-id=\"b191ab8\" data-element_type=\"widget\" data-e-type=\"widget\" data-widget_type=\"image.default\">\n\t\t\t\t<div class=\"elementor-widget-container\">\n\t\t\t\t\t\t\t\t\t\t\t\t\t\t\t<img loading=\"lazy\" decoding=\"async\" width=\"150\" height=\"150\" src=\"https:\/\/agderma.de\/wp-content\/uploads\/2023\/01\/Logo-Dr_-med_-Rahel-Pfister_.webp\" class=\"attachment-large size-large wp-image-1134\" alt=\"\" \/>\t\t\t\t\t\t\t\t\t\t\t\t\t\t\t<\/div>\n\t\t\t\t<\/div>\n\t\t\t\t<\/div>\n\t\t\t\t\t<\/div>\n\t\t\t\t<\/div>\n\t\t<div class=\"elementor-element elementor-element-164eeb9 e-flex e-con-boxed e-con e-child\" data-id=\"164eeb9\" data-element_type=\"container\" data-e-type=\"container\">\n\t\t\t\t\t<div class=\"e-con-inner\">\n\t\t<div class=\"elementor-element elementor-element-0276094 e-con-full e-flex e-con e-child\" data-id=\"0276094\" data-element_type=\"container\" data-e-type=\"container\">\n\t\t\t\t<div class=\"elementor-element elementor-element-5845ae9 elementor-widget elementor-widget-heading\" data-id=\"5845ae9\" data-element_type=\"widget\" data-e-type=\"widget\" data-widget_type=\"heading.default\">\n\t\t\t\t<div class=\"elementor-widget-container\">\n\t\t\t\t\t<h2 class=\"elementor-heading-title elementor-size-default\"><a href=\"https:\/\/de.larocheposaypro.com\/\" target=\"_blank\" rel=\"noopener\">La Roche-Posay (L'Or\u00e9al)<\/a><\/h2>\t\t\t\t<\/div>\n\t\t\t\t<\/div>\n\t\t\t\t<div class=\"elementor-element elementor-element-246e94f elementor-widget elementor-widget-text-editor\" data-id=\"246e94f\" data-element_type=\"widget\" data-e-type=\"widget\" data-widget_type=\"text-editor.default\">\n\t\t\t\t<div class=\"elementor-widget-container\">\n\t\t\t\t\t\t\t\t\t<p>3.000,00 \u20ac<\/p>\t\t\t\t\t\t\t\t<\/div>\n\t\t\t\t<\/div>\n\t\t\t\t<div class=\"elementor-element elementor-element-2afd10a elementor-widget elementor-widget-text-editor\" data-id=\"2afd10a\" data-element_type=\"widget\" data-e-type=\"widget\" data-widget_type=\"text-editor.default\">\n\t\t\t\t<div class=\"elementor-widget-container\">\n\t\t\t\t\t\t\t\t\t<p><strong>But :<br \/><\/strong>IT 2 500 \u20ac<br \/>Domaine, h\u00e9bergement, organisation du bureau 500 \u20ac<\/p>\t\t\t\t\t\t\t\t<\/div>\n\t\t\t\t<\/div>\n\t\t\t\t<\/div>\n\t\t<div class=\"elementor-element elementor-element-babfef6 e-con-full e-flex e-con e-child\" data-id=\"babfef6\" data-element_type=\"container\" data-e-type=\"container\">\n\t\t\t\t<div class=\"elementor-element elementor-element-9478000 elementor-widget elementor-widget-image\" data-id=\"9478000\" data-element_type=\"widget\" data-e-type=\"widget\" data-widget_type=\"image.default\">\n\t\t\t\t<div class=\"elementor-widget-container\">\n\t\t\t\t\t\t\t\t\t\t\t\t\t\t\t<img loading=\"lazy\" decoding=\"async\" width=\"150\" height=\"150\" src=\"https:\/\/agderma.de\/wp-content\/uploads\/2023\/01\/Logo-La-Roche-Posay-LOreal.webp\" class=\"attachment-large size-large wp-image-1135\" alt=\"\" \/>\t\t\t\t\t\t\t\t\t\t\t\t\t\t\t<\/div>\n\t\t\t\t<\/div>\n\t\t\t\t<\/div>\n\t\t\t\t\t<\/div>\n\t\t\t\t<\/div>\n\t\t\t\t\t<\/div>\n\t\t\t\t<\/div>\n\t\t\t\t<\/div>","protected":false},"excerpt":{"rendered":"<p>Spender:innen f\u00fcr das Jahr 2022 Sana Vita GmbH 1.000,00 \u20ac Zweck:Webentwicklung Pierre Fabre Dermo-Kosmetik GmbH 2.890,48 \u20ac Zweck:\u00dcbersetzung der Website und der folgenden Artikel in Franz\u00f6sisch und Englisch: Plastik in der Dermatologie \u200bWas sind endokrine Disruptoren? Probleme durch Sonnenschutzcremes Triclosan &#8211; ein problematischer Stoff Brustkrebs durch Parabene? Vergessen: Synthetische Polymere Haut\u00e4rzte am Marktplatz 193,97 \u20ac [&hellip;]<\/p>\n","protected":false},"author":1,"featured_media":0,"parent":158,"menu_order":0,"comment_status":"closed","ping_status":"closed","template":"","meta":{"_acf_changed":false,"footnotes":""},"class_list":["post-1944","page","type-page","status-publish","hentry"],"acf":[],"_links":{"self":[{"href":"https:\/\/agderma.de\/fr\/wp-json\/wp\/v2\/pages\/1944","targetHints":{"allow":["GET"]}}],"collection":[{"href":"https:\/\/agderma.de\/fr\/wp-json\/wp\/v2\/pages"}],"about":[{"href":"https:\/\/agderma.de\/fr\/wp-json\/wp\/v2\/types\/page"}],"author":[{"embeddable":true,"href":"https:\/\/agderma.de\/fr\/wp-json\/wp\/v2\/users\/1"}],"replies":[{"embeddable":true,"href":"https:\/\/agderma.de\/fr\/wp-json\/wp\/v2\/comments?post=1944"}],"version-history":[{"count":1,"href":"https:\/\/agderma.de\/fr\/wp-json\/wp\/v2\/pages\/1944\/revisions"}],"predecessor-version":[{"id":4450,"href":"https:\/\/agderma.de\/fr\/wp-json\/wp\/v2\/pages\/1944\/revisions\/4450"}],"up":[{"embeddable":true,"href":"https:\/\/agderma.de\/fr\/wp-json\/wp\/v2\/pages\/158"}],"wp:attachment":[{"href":"https:\/\/agderma.de\/fr\/wp-json\/wp\/v2\/media?parent=1944"}],"curies":[{"name":"wp","href":"https:\/\/api.w.org\/{rel}","templated":true}]}}