{"id":2028,"date":"2023-02-06T10:33:20","date_gmt":"2023-02-06T10:33:20","guid":{"rendered":"http:\/\/agderma.de\/?page_id=2028"},"modified":"2023-06-16T06:34:44","modified_gmt":"2023-06-16T06:34:44","slug":"formations-continues","status":"publish","type":"page","link":"https:\/\/agderma.de\/fr\/fortbildungen\/","title":{"rendered":"Modules d'apprentissage"},"content":{"rendered":"<div data-elementor-type=\"wp-page\" data-elementor-id=\"2028\" class=\"elementor elementor-2028\" data-elementor-post-type=\"page\">\n\t\t\t\t<div class=\"elementor-element elementor-element-92e1a53 e-flex e-con-boxed e-con e-parent\" data-id=\"92e1a53\" data-element_type=\"container\" data-e-type=\"container\" data-settings=\"{&quot;background_background&quot;:&quot;classic&quot;}\">\n\t\t\t\t\t<div class=\"e-con-inner\">\n\t\t\t\t<div class=\"elementor-element elementor-element-8793525 elementor-widget elementor-widget-heading\" data-id=\"8793525\" data-element_type=\"widget\" data-e-type=\"widget\" data-widget_type=\"heading.default\">\n\t\t\t\t<div class=\"elementor-widget-container\">\n\t\t\t\t\t<h1 class=\"elementor-heading-title elementor-size-default\">Modules d'apprentissage<\/h1>\t\t\t\t<\/div>\n\t\t\t\t<\/div>\n\t\t\t\t<div class=\"elementor-element elementor-element-3af978b elementor-widget elementor-widget-heading\" data-id=\"3af978b\" data-element_type=\"widget\" data-e-type=\"widget\" data-widget_type=\"heading.default\">\n\t\t\t\t<div class=\"elementor-widget-container\">\n\t\t\t\t\t<h2 class=\"elementor-heading-title elementor-size-default\">Cours de formation continue pour les assistantes m\u00e9dicales (AMF)<\/h2>\t\t\t\t<\/div>\n\t\t\t\t<\/div>\n\t\t\t\t\t<\/div>\n\t\t\t\t<\/div>\n\t\t<div class=\"elementor-element elementor-element-201c245 e-flex e-con-boxed e-con e-parent\" data-id=\"201c245\" data-element_type=\"container\" data-e-type=\"container\">\n\t\t\t\t\t<div class=\"e-con-inner\">\n\t\t\t\t<div class=\"elementor-element elementor-element-182653f elementor-widget elementor-widget-toggle\" data-id=\"182653f\" data-element_type=\"widget\" data-e-type=\"widget\" data-widget_type=\"toggle.default\">\n\t\t\t\t<div class=\"elementor-widget-container\">\n\t\t\t\t\t\t\t<div class=\"elementor-toggle\">\n\t\t\t\t\t\t\t<div class=\"elementor-toggle-item\">\n\t\t\t\t\t<div id=\"elementor-tab-title-2531\" class=\"elementor-tab-title\" data-tab=\"1\" role=\"button\" aria-controls=\"elementor-tab-content-2531\" aria-expanded=\"false\">\n\t\t\t\t\t\t\t\t\t\t\t\t<span class=\"elementor-toggle-icon elementor-toggle-icon-right\" aria-hidden=\"true\">\n\t\t\t\t\t\t\t\t\t\t\t\t\t\t\t<span class=\"elementor-toggle-icon-closed\"><i class=\"fas fa-chevron-down\"><\/i><\/span>\n\t\t\t\t\t\t\t\t<span class=\"elementor-toggle-icon-opened\"><i class=\"elementor-toggle-icon-opened fas fa-chevron-up\"><\/i><\/span>\n\t\t\t\t\t\t\t\t\t\t\t\t\t<\/span>\n\t\t\t\t\t\t\t\t\t\t\t\t<a class=\"elementor-toggle-title\" tabindex=\"0\">Pourquoi avons-nous cr\u00e9\u00e9 des modules d'apprentissage pour les assistantes m\u00e9dicales (AMF) ?<\/a>\n\t\t\t\t\t<\/div>\n\n\t\t\t\t\t<div id=\"elementor-tab-content-2531\" class=\"elementor-tab-content elementor-clearfix\" data-tab=\"1\" role=\"region\" aria-labelledby=\"elementor-tab-title-2531\"><p>En novembre 2021, le congr\u00e8s des m\u00e9decins allemands a demand\u00e9 la mise en \u0153uvre imm\u00e9diate de mesures durables par les soci\u00e9t\u00e9s m\u00e9dicales. L'objectif est de r\u00e9duire de mani\u00e8re significative les \u00e9missions de gaz \u00e0 effet de serre du secteur de la sant\u00e9 afin de prot\u00e9ger les patients.<\/p><p>Nous pensons que la gestion de cette charge de travail suppl\u00e9mentaire passe par une information compl\u00e8te de tous les travailleurs du secteur de la sant\u00e9. C'est pourquoi les modules d'apprentissage d'AGN fournissent des connaissances de base sur la crise climatique et plastique, les mesures durables, la r\u00e9silience et la sant\u00e9 de la plan\u00e8te, entre autres, dans des s\u00e9minaires en ligne d'environ 45 minutes. Des conseils faciles \u00e0 mettre en \u0153uvre et permettant de gagner du temps doivent aider \u00e0 int\u00e9grer durablement des mesures durables dans le travail quotidien. Les cours sont compl\u00e9t\u00e9s par<br \/>modules d'apprentissage gr\u00e2ce \u00e0 des <a href=\"https:\/\/agderma.de\/fr\/gestion-durable-du-cabinet\/modeles-de-qm\/\">des propositions gratuites de gestion de la qualit\u00e9<\/a>\u00a0sur cette plate-forme, qui peuvent \u00eatre int\u00e9gr\u00e9s dans le syst\u00e8me de gestion de la qualit\u00e9 propre au cabinet. Travailler de mani\u00e8re durable ne signifie pas seulement prot\u00e9ger le climat et l'environnement, mais renforce \u00e9galement l'\u00e9quipe et permet de r\u00e9aliser des \u00e9conomies substantielles.<\/p><p>Les modules d'apprentissage s'orientent th\u00e9matiquement vers le <a href=\"https:\/\/www.bundesaerztekammer.de\/fileadmin\/user_upload\/_old-files\/downloads\/pdf-Ordner\/MFA-Fort\/2021-09-17_MFC_Klimawandel_u_Gesundheit_MFA.pdf\" target=\"_blank\" rel=\"noopener\">Curriculum de l'Ordre f\u00e9d\u00e9ral des m\u00e9decins<\/a>\u00a0pour la formation des assistants m\u00e9dicaux. Ils conviennent \u00e9galement aux employ\u00e9s des professions de soins.<\/p><p>Nous vous recommandons de regarder les modules dans l'ordre, car ils sont bas\u00e9s sur le contenu.<\/p><p><strong>La s\u00e9rie de cours s'enrichit continuellement de nouveaux th\u00e8mes. Veuillez consulter cette page pour vous tenir au courant.<\/strong><\/p><\/div>\n\t\t\t\t<\/div>\n\t\t\t\t\t\t\t\t<\/div>\n\t\t\t\t\t\t<\/div>\n\t\t\t\t<\/div>\n\t\t\t\t\t<\/div>\n\t\t\t\t<\/div>\n\t\t<div class=\"elementor-element elementor-element-266aba3 e-flex e-con-boxed e-con e-parent\" data-id=\"266aba3\" data-element_type=\"container\" data-e-type=\"container\">\n\t\t\t\t\t<div class=\"e-con-inner\">\n\t\t\t\t<div class=\"elementor-element elementor-element-786dacf elementor-widget elementor-widget-video\" data-id=\"786dacf\" data-element_type=\"widget\" data-e-type=\"widget\" data-settings=\"{&quot;video_type&quot;:&quot;hosted&quot;,&quot;controls&quot;:&quot;yes&quot;}\" data-widget_type=\"video.default\">\n\t\t\t\t<div class=\"elementor-widget-container\">\n\t\t\t\t\t\t\t<div class=\"e-hosted-video elementor-wrapper elementor-open-inline\">\n\t\t\t\t\t<video class=\"elementor-video\" src=\"https:\/\/agderma.de\/wp-content\/uploads\/2023\/05\/mfaTeaser.mp4\" controls=\"\" preload=\"metadata\" controlslist=\"nodownload\" poster=\"https:\/\/agderma.de\/wp-content\/uploads\/2023\/05\/teaserThumbnail.png\"><\/video>\n\t\t\t\t<\/div>\n\t\t\t\t\t\t<\/div>\n\t\t\t\t<\/div>\n\t\t\t\t<div class=\"elementor-element elementor-element-8c28419 elementor-widget elementor-widget-text-editor\" data-id=\"8c28419\" data-element_type=\"widget\" data-e-type=\"widget\" data-widget_type=\"text-editor.default\">\n\t\t\t\t<div class=\"elementor-widget-container\">\n\t\t\t\t\t\t\t\t\t<p>Vid\u00e9o cr\u00e9\u00e9e par <a href=\"https:\/\/zenbuero.de\/\" target=\"_blank\" rel=\"noopener\">Bureau Zen<\/a><\/p>\t\t\t\t\t\t\t\t<\/div>\n\t\t\t\t<\/div>\n\t\t\t\t\t<\/div>\n\t\t\t\t<\/div>\n\t\t<div class=\"elementor-element elementor-element-219f73c e-flex e-con-boxed e-con e-parent\" data-id=\"219f73c\" data-element_type=\"container\" data-e-type=\"container\">\n\t\t\t\t\t<div class=\"e-con-inner\">\n\t\t\t\t<div class=\"elementor-element elementor-element-979a4ab e-n-tabs-mobile elementor-widget elementor-widget-n-tabs\" data-id=\"979a4ab\" data-element_type=\"widget\" data-e-type=\"widget\" data-settings=\"{&quot;horizontal_scroll&quot;:&quot;disable&quot;}\" data-widget_type=\"nested-tabs.default\">\n\t\t\t\t<div class=\"elementor-widget-container\">\n\t\t\t\t\t\t\t<div class=\"e-n-tabs\" data-widget-number=\"158966955\" aria-label=\"les onglets. Ouvrez les \u00e9l\u00e9ments avec Enter ou Space, fermez-les avec Escape et naviguez avec les touches fl\u00e9ch\u00e9es.\">\n\t\t\t<div class=\"e-n-tabs-heading\" role=\"tablist\">\n\t\t\t\t\t<button id=\"e-n-tab-title-1589669551\" data-tab-title-id=\"e-n-tab-title-1589669551\" class=\"e-n-tab-title\" aria-selected=\"true\" data-tab-index=\"1\" role=\"tab\" tabindex=\"0\" aria-controls=\"e-n-tab-content-1589669551\" style=\"--n-tabs-title-order: 1;\">\n\t\t\t\t\t\t<span class=\"e-n-tab-title-text\">\n\t\t\t\tAllemand\t\t\t<\/span>\n\t\t<\/button>\n\t\t\t\t<button id=\"e-n-tab-title-1589669552\" data-tab-title-id=\"e-n-tab-title-1589669552\" class=\"e-n-tab-title\" aria-selected=\"false\" data-tab-index=\"2\" role=\"tab\" tabindex=\"-1\" aria-controls=\"e-n-tab-content-1589669552\" style=\"--n-tabs-title-order: 2;\">\n\t\t\t\t\t\t<span class=\"e-n-tab-title-text\">\n\t\t\t\tTurc\t\t\t<\/span>\n\t\t<\/button>\n\t\t\t\t\t<\/div>\n\t\t\t<div class=\"e-n-tabs-content\">\n\t\t\t\t<div id=\"e-n-tab-content-1589669551\" role=\"tabpanel\" aria-labelledby=\"e-n-tab-title-1589669551\" data-tab-index=\"1\" style=\"--n-tabs-title-order: 1;\" class=\"e-active elementor-element elementor-element-85876a6 e-con-full e-flex e-con e-parent\" data-id=\"85876a6\" data-element_type=\"container\" data-e-type=\"container\">\n\t\t<div class=\"elementor-element elementor-element-18e7bb2 e-con-full e-flex e-con e-child\" data-id=\"18e7bb2\" data-element_type=\"container\" data-e-type=\"container\">\n\t\t<div class=\"elementor-element elementor-element-3747818 e-flex e-con-boxed e-con e-child\" data-id=\"3747818\" data-element_type=\"container\" data-e-type=\"container\">\n\t\t\t\t\t<div class=\"e-con-inner\">\n\t\t\t\t<div class=\"elementor-element elementor-element-09a6384 elementor-widget elementor-widget-image\" data-id=\"09a6384\" data-element_type=\"widget\" data-e-type=\"widget\" data-widget_type=\"image.default\">\n\t\t\t\t<div class=\"elementor-widget-container\">\n\t\t\t\t\t\t\t\t\t\t\t\t\t\t\t<img fetchpriority=\"high\" decoding=\"async\" width=\"800\" height=\"447\" src=\"https:\/\/agderma.de\/wp-content\/uploads\/2023\/03\/kurs1Titelbild-1024x572.png\" class=\"attachment-large size-large wp-image-3706\" alt=\"\" srcset=\"https:\/\/agderma.de\/wp-content\/uploads\/2023\/03\/kurs1Titelbild-1024x572.png 1024w, https:\/\/agderma.de\/wp-content\/uploads\/2023\/03\/kurs1Titelbild-300x168.png 300w, https:\/\/agderma.de\/wp-content\/uploads\/2023\/03\/kurs1Titelbild-768x429.png 768w, https:\/\/agderma.de\/wp-content\/uploads\/2023\/03\/kurs1Titelbild-1536x858.png 1536w, https:\/\/agderma.de\/wp-content\/uploads\/2023\/03\/kurs1Titelbild-18x10.png 18w, https:\/\/agderma.de\/wp-content\/uploads\/2023\/03\/kurs1Titelbild.png 1594w\" sizes=\"(max-width: 800px) 100vw, 800px\" \/>\t\t\t\t\t\t\t\t\t\t\t\t\t\t\t<\/div>\n\t\t\t\t<\/div>\n\t\t\t\t\t<\/div>\n\t\t\t\t<\/div>\n\t\t<div class=\"elementor-element elementor-element-44209cf e-flex e-con-boxed e-con e-child\" data-id=\"44209cf\" data-element_type=\"container\" data-e-type=\"container\">\n\t\t\t\t\t<div class=\"e-con-inner\">\n\t\t\t\t<div class=\"elementor-element elementor-element-064970c elementor-widget elementor-widget-text-editor\" data-id=\"064970c\" data-element_type=\"widget\" data-e-type=\"widget\" data-widget_type=\"text-editor.default\">\n\t\t\t\t<div class=\"elementor-widget-container\">\n\t\t\t\t\t\t\t\t\t<p>Ce cours comprend des modules sur les bases du changement climatique et explique la gestion durable des pratiques avec des conseils et des astuces.<\/p><p><b>Apr\u00e8s ce cours, vous serez en mesure de mettre en pratique de mani\u00e8re autonome des mesures durables simples et efficaces, d'augmenter votre propre satisfaction et de rendre ainsi votre lieu de travail plus attrayant.<\/b><\/p><p><em>Dur\u00e9e de chaque module de cours : environ 40 minutes<\/em><\/p><p><em>Dur\u00e9e totale du cours : environ 1 heure 20 minutes<\/em><\/p>\t\t\t\t\t\t\t\t<\/div>\n\t\t\t\t<\/div>\n\t\t\t\t<div class=\"elementor-element elementor-element-8483cb6 elementor-widget elementor-widget-button\" data-id=\"8483cb6\" data-element_type=\"widget\" data-e-type=\"widget\" data-widget_type=\"button.default\">\n\t\t\t\t<div class=\"elementor-widget-container\">\n\t\t\t\t\t\t\t\t\t<div class=\"elementor-button-wrapper\">\n\t\t\t\t\t<a class=\"elementor-button elementor-button-link elementor-size-sm\" href=\"https:\/\/shop.agderma.de\/\">\n\t\t\t\t\t\t<span class=\"elementor-button-content-wrapper\">\n\t\t\t\t\t\t<span class=\"elementor-button-icon\">\n\t\t\t\t<i aria-hidden=\"true\" class=\"fas fa-arrow-right\"><\/i>\t\t\t<\/span>\n\t\t\t\t\t\t\t\t\t<span class=\"elementor-button-text\">En savoir plus<\/span>\n\t\t\t\t\t<\/span>\n\t\t\t\t\t<\/a>\n\t\t\t\t<\/div>\n\t\t\t\t\t\t\t\t<\/div>\n\t\t\t\t<\/div>\n\t\t\t\t\t<\/div>\n\t\t\t\t<\/div>\n\t\t\t\t<\/div>\n\t\t<div class=\"elementor-element elementor-element-5eddd9f e-con-full e-flex e-con e-child\" data-id=\"5eddd9f\" data-element_type=\"container\" data-e-type=\"container\">\n\t\t<div class=\"elementor-element elementor-element-74487e3 e-flex e-con-boxed e-con e-child\" data-id=\"74487e3\" data-element_type=\"container\" data-e-type=\"container\">\n\t\t\t\t\t<div class=\"e-con-inner\">\n\t\t\t\t<div class=\"elementor-element elementor-element-adea670 elementor-widget elementor-widget-image\" data-id=\"adea670\" data-element_type=\"widget\" data-e-type=\"widget\" data-widget_type=\"image.default\">\n\t\t\t\t<div class=\"elementor-widget-container\">\n\t\t\t\t\t\t\t\t\t\t\t\t\t\t\t<img decoding=\"async\" width=\"800\" height=\"448\" src=\"https:\/\/agderma.de\/wp-content\/uploads\/2023\/03\/kurs2Titelbild-1024x573.png\" class=\"attachment-large size-large wp-image-3705\" alt=\"\" srcset=\"https:\/\/agderma.de\/wp-content\/uploads\/2023\/03\/kurs2Titelbild-1024x573.png 1024w, https:\/\/agderma.de\/wp-content\/uploads\/2023\/03\/kurs2Titelbild-300x168.png 300w, https:\/\/agderma.de\/wp-content\/uploads\/2023\/03\/kurs2Titelbild-768x430.png 768w, https:\/\/agderma.de\/wp-content\/uploads\/2023\/03\/kurs2Titelbild-1536x860.png 1536w, https:\/\/agderma.de\/wp-content\/uploads\/2023\/03\/kurs2Titelbild-18x10.png 18w, https:\/\/agderma.de\/wp-content\/uploads\/2023\/03\/kurs2Titelbild.png 1586w\" sizes=\"(max-width: 800px) 100vw, 800px\" \/>\t\t\t\t\t\t\t\t\t\t\t\t\t\t\t<\/div>\n\t\t\t\t<\/div>\n\t\t\t\t\t<\/div>\n\t\t\t\t<\/div>\n\t\t<div class=\"elementor-element elementor-element-c9f28c2 e-flex e-con-boxed e-con e-child\" data-id=\"c9f28c2\" data-element_type=\"container\" data-e-type=\"container\">\n\t\t\t\t\t<div class=\"e-con-inner\">\n\t\t\t\t<div class=\"elementor-element elementor-element-24832c9 elementor-widget elementor-widget-text-editor\" data-id=\"24832c9\" data-element_type=\"widget\" data-e-type=\"widget\" data-widget_type=\"text-editor.default\">\n\t\t\t\t<div class=\"elementor-widget-container\">\n\t\t\t\t\t\t\t\t\t<p>Les modules de ce cours traitent de l'impact de la crise climatique sur les cabinets m\u00e9dicaux et des mesures \u00e0 prendre d\u00e8s maintenant.<\/p><p><b>A l'issue de ce cours, vous aurez compris quelles crises dues \u00e0 des \u00e9v\u00e9nements m\u00e9t\u00e9orologiques pourraient \u00e9galement affecter votre cabinet \u00e0 l'avenir et comment faire face aux probl\u00e8mes \u00e9ventuels avec assurance et efficacit\u00e9.<\/b><\/p><p><em>Dur\u00e9e de chaque module de cours : environ 40 minutes<\/em><\/p><p><em>Dur\u00e9e totale du cours : environ 1 heure 20 minutes<\/em><\/p>\t\t\t\t\t\t\t\t<\/div>\n\t\t\t\t<\/div>\n\t\t\t\t<div class=\"elementor-element elementor-element-29be8df elementor-widget elementor-widget-button\" data-id=\"29be8df\" data-element_type=\"widget\" data-e-type=\"widget\" data-widget_type=\"button.default\">\n\t\t\t\t<div class=\"elementor-widget-container\">\n\t\t\t\t\t\t\t\t\t<div class=\"elementor-button-wrapper\">\n\t\t\t\t\t<a class=\"elementor-button elementor-button-link elementor-size-sm\" href=\"https:\/\/shop.agderma.de\/\">\n\t\t\t\t\t\t<span class=\"elementor-button-content-wrapper\">\n\t\t\t\t\t\t<span class=\"elementor-button-icon\">\n\t\t\t\t<i aria-hidden=\"true\" class=\"fas fa-arrow-right\"><\/i>\t\t\t<\/span>\n\t\t\t\t\t\t\t\t\t<span class=\"elementor-button-text\">En savoir plus<\/span>\n\t\t\t\t\t<\/span>\n\t\t\t\t\t<\/a>\n\t\t\t\t<\/div>\n\t\t\t\t\t\t\t\t<\/div>\n\t\t\t\t<\/div>\n\t\t\t\t\t<\/div>\n\t\t\t\t<\/div>\n\t\t\t\t<\/div>\n\t\t\t\t<\/div>\n\t\t<div id=\"e-n-tab-content-1589669552\" role=\"tabpanel\" aria-labelledby=\"e-n-tab-title-1589669552\" data-tab-index=\"2\" style=\"--n-tabs-title-order: 2;\" class=\"elementor-element elementor-element-e5f9c5d e-con-full e-flex e-con e-parent\" data-id=\"e5f9c5d\" data-element_type=\"container\" data-e-type=\"container\">\n\t\t<div class=\"elementor-element elementor-element-6de3f81 e-con-full e-flex e-con e-child\" data-id=\"6de3f81\" data-element_type=\"container\" data-e-type=\"container\">\n\t\t<div class=\"elementor-element elementor-element-d1ad362 e-flex e-con-boxed e-con e-child\" data-id=\"d1ad362\" data-element_type=\"container\" data-e-type=\"container\">\n\t\t\t\t\t<div class=\"e-con-inner\">\n\t\t\t\t<div class=\"elementor-element elementor-element-ccfd0ae elementor-widget elementor-widget-image\" data-id=\"ccfd0ae\" data-element_type=\"widget\" data-e-type=\"widget\" data-widget_type=\"image.default\">\n\t\t\t\t<div class=\"elementor-widget-container\">\n\t\t\t\t\t\t\t\t\t\t\t\t\t\t\t<img decoding=\"async\" width=\"800\" height=\"450\" src=\"https:\/\/agderma.de\/wp-content\/uploads\/2023\/03\/Fotos-fuer-die-Kurse.pptx-1-1024x576.jpg\" class=\"attachment-large size-large wp-image-3704\" alt=\"\" srcset=\"https:\/\/agderma.de\/wp-content\/uploads\/2023\/03\/Fotos-fuer-die-Kurse.pptx-1-1024x576.jpg 1024w, https:\/\/agderma.de\/wp-content\/uploads\/2023\/03\/Fotos-fuer-die-Kurse.pptx-1-300x169.jpg 300w, https:\/\/agderma.de\/wp-content\/uploads\/2023\/03\/Fotos-fuer-die-Kurse.pptx-1-768x432.jpg 768w, https:\/\/agderma.de\/wp-content\/uploads\/2023\/03\/Fotos-fuer-die-Kurse.pptx-1.jpg 1280w\" sizes=\"(max-width: 800px) 100vw, 800px\" \/>\t\t\t\t\t\t\t\t\t\t\t\t\t\t\t<\/div>\n\t\t\t\t<\/div>\n\t\t\t\t\t<\/div>\n\t\t\t\t<\/div>\n\t\t<div class=\"elementor-element elementor-element-faed05c e-flex e-con-boxed e-con e-child\" data-id=\"faed05c\" data-element_type=\"container\" data-e-type=\"container\">\n\t\t\t\t\t<div class=\"e-con-inner\">\n\t\t\t\t<div class=\"elementor-element elementor-element-de6a5fd elementor-widget elementor-widget-text-editor\" data-id=\"de6a5fd\" data-element_type=\"widget\" data-e-type=\"widget\" data-widget_type=\"text-editor.default\">\n\t\t\t\t<div class=\"elementor-widget-container\">\n\t\t\t\t\t\t\t\t\t<p>Bu ders, iklim de\u011fi\u015fikli\u011fin temelleri \u00fczerine mod\u00fcller i\u00e7erir ve \u0130pu\u00e7lar\u0131 ve p\u00fcf noktalar\u0131 ile s\u00fcrd\u00fcr\u00fclebilir pratik rehberlik.<\/p><p><strong>Bu kurstan sonra, basit ve etkili s\u00fcrd\u00fcr\u00fclebilir \u00f6nlemleri pratikte ba\u011f\u0131ms\u0131z olarak uygulayabilecek, kendi memnuniyetinizi art\u0131rabilecek ve b\u00f6ylece i\u015fyerini daha \u00e7ekici hale getirebileceksiniz.<\/strong><\/p><p><em>Cours mod\u00fcl\u00fc ba\u015f\u0131na s\u00fcre : yakla\u015f\u0131k 40 dakika<\/em><\/p><p><em>Toplam kurs s\u00fcresi : yakla\u015f\u0131k 1 saat 20 dakika<\/em><\/p>\t\t\t\t\t\t\t\t<\/div>\n\t\t\t\t<\/div>\n\t\t\t\t<div class=\"elementor-element elementor-element-b16b252 elementor-widget elementor-widget-button\" data-id=\"b16b252\" data-element_type=\"widget\" data-e-type=\"widget\" data-widget_type=\"button.default\">\n\t\t\t\t<div class=\"elementor-widget-container\">\n\t\t\t\t\t\t\t\t\t<div class=\"elementor-button-wrapper\">\n\t\t\t\t\t<a class=\"elementor-button elementor-button-link elementor-size-sm\" href=\"https:\/\/shop.agderma.de\/produkt\/suerdueruelebilir-uygulama-yoenetimi\/\">\n\t\t\t\t\t\t<span class=\"elementor-button-content-wrapper\">\n\t\t\t\t\t\t<span class=\"elementor-button-icon\">\n\t\t\t\t<i aria-hidden=\"true\" class=\"fas fa-arrow-right\"><\/i>\t\t\t<\/span>\n\t\t\t\t\t\t\t\t\t<span class=\"elementor-button-text\">En savoir plus<\/span>\n\t\t\t\t\t<\/span>\n\t\t\t\t\t<\/a>\n\t\t\t\t<\/div>\n\t\t\t\t\t\t\t\t<\/div>\n\t\t\t\t<\/div>\n\t\t\t\t\t<\/div>\n\t\t\t\t<\/div>\n\t\t\t\t<\/div>\n\t\t\t\t<\/div>\n\t\t\t\t\t<\/div>\n\t\t<\/div>\n\t\t\t\t\t\t<\/div>\n\t\t\t\t<\/div>\n\t\t\t\t\t<\/div>\n\t\t\t\t<\/div>\n\t\t<div class=\"elementor-element elementor-element-bf7b7e3 e-flex e-con-boxed e-con e-parent\" data-id=\"bf7b7e3\" data-element_type=\"container\" data-e-type=\"container\">\n\t\t\t\t\t<div class=\"e-con-inner\">\n\t\t\t\t<div class=\"elementor-element elementor-element-2ae6690 elementor-position-inline-start elementor-view-default elementor-mobile-position-block-start elementor-widget elementor-widget-icon-box\" data-id=\"2ae6690\" data-element_type=\"widget\" data-e-type=\"widget\" data-widget_type=\"icon-box.default\">\n\t\t\t\t<div class=\"elementor-widget-container\">\n\t\t\t\t\t\t\t<div class=\"elementor-icon-box-wrapper\">\n\n\t\t\t\t\t\t<div class=\"elementor-icon-box-icon\">\n\t\t\t\t<span  class=\"elementor-icon\">\n\t\t\t\t<i aria-hidden=\"true\" class=\"fas fa-question-circle\"><\/i>\t\t\t\t<\/span>\n\t\t\t<\/div>\n\t\t\t\n\t\t\t\t\t\t<div class=\"elementor-icon-box-content\">\n\n\t\t\t\t\t\t\t\t\t<h3 class=\"elementor-icon-box-title\">\n\t\t\t\t\t\t<span  >\n\t\t\t\t\t\t\tInt\u00e9ress\u00e9(e) par d'autres modules de formation ?\t\t\t\t\t\t<\/span>\n\t\t\t\t\t<\/h3>\n\t\t\t\t\n\t\t\t\t\t\t\t\t\t<p class=\"elementor-icon-box-description\">\n\t\t\t\t\t\tVisitez notre site \u00e0 intervalles r\u00e9guliers\npour vous tenir au courant des nouvelles publications.\nVous avez appr\u00e9ci\u00e9 nos formations ? N'h\u00e9sitez pas \u00e0 nous faire part de vos commentaires et de vos\nN'h\u00e9sitez pas \u00e0 nous faire part de vos suggestions.\n<br><br>\n\n<a href=\"https:\/\/agderma.de\/fr\/contact\/\" class=\"elementor-button-link elementor-button elementor-size-sm\" role=\"button\">\n<span class=\"elementor-button-content-wrapper\">\n&lt;span class=&quot;elementor-button-icon elementor-align-icon-right&quot;<i aria-hidden=\"true\" class=\"fas fa-arrow-right\"><\/i>\t\t\t<\/span>\n<span class=\"elementor-button-text\">Contact<\/span>\n\t\t<\/span>\n\t\t\t\t<\/a>\t\t\t\t\t<\/p>\n\t\t\t\t\n\t\t\t<\/div>\n\t\t\t\n\t\t<\/div>\n\t\t\t\t\t\t<\/div>\n\t\t\t\t<\/div>\n\t\t\t\t\t<\/div>\n\t\t\t\t<\/div>\n\t\t\t\t<\/div>","protected":false},"excerpt":{"rendered":"<p>Fortbildungskurse f\u00fcr Medizinische Fachangestellte (MFA) Warum haben wir Lernmodule f\u00fcr Medizinische Fachangestellte (MFA) erstellt: Im November 2021 forderte der Deutsche \u00c4rztetag die sofortige Umsetzung nachhaltiger Ma\u00dfnahmen durch medizinische Fachgesellschaften. Das Ziel: Treibhausgasemissionen des Gesundheitssektors zum Schutz der Patient:innen deutlich senken. Wir sind der Meinung, dass die Bew\u00e4ltigung dieser zus\u00e4tzlichen Arbeitsaufgabe nur durch umfassende Information aller [&hellip;]<\/p>\n","protected":false},"author":1,"featured_media":0,"parent":0,"menu_order":0,"comment_status":"closed","ping_status":"closed","template":"","meta":{"_acf_changed":false,"footnotes":""},"class_list":["post-2028","page","type-page","status-publish","hentry"],"acf":[],"_links":{"self":[{"href":"https:\/\/agderma.de\/fr\/wp-json\/wp\/v2\/pages\/2028","targetHints":{"allow":["GET"]}}],"collection":[{"href":"https:\/\/agderma.de\/fr\/wp-json\/wp\/v2\/pages"}],"about":[{"href":"https:\/\/agderma.de\/fr\/wp-json\/wp\/v2\/types\/page"}],"author":[{"embeddable":true,"href":"https:\/\/agderma.de\/fr\/wp-json\/wp\/v2\/users\/1"}],"replies":[{"embeddable":true,"href":"https:\/\/agderma.de\/fr\/wp-json\/wp\/v2\/comments?post=2028"}],"version-history":[{"count":5,"href":"https:\/\/agderma.de\/fr\/wp-json\/wp\/v2\/pages\/2028\/revisions"}],"predecessor-version":[{"id":4555,"href":"https:\/\/agderma.de\/fr\/wp-json\/wp\/v2\/pages\/2028\/revisions\/4555"}],"wp:attachment":[{"href":"https:\/\/agderma.de\/fr\/wp-json\/wp\/v2\/media?parent=2028"}],"curies":[{"name":"wp","href":"https:\/\/api.w.org\/{rel}","templated":true}]}}