{"id":33,"date":"2023-01-15T11:26:54","date_gmt":"2023-01-15T11:26:54","guid":{"rendered":"http:\/\/agderma.de\/?page_id=33"},"modified":"2024-09-25T04:42:13","modified_gmt":"2024-09-25T04:42:13","slug":"gestion-clinique-durable","status":"publish","type":"page","link":"https:\/\/agderma.de\/fr\/nachhaltiges-klinikmanagement\/","title":{"rendered":"Gestion durable des cliniques"},"content":{"rendered":"<div data-elementor-type=\"wp-page\" data-elementor-id=\"33\" class=\"elementor elementor-33\" data-elementor-post-type=\"page\">\n\t\t\t\t<div class=\"elementor-element elementor-element-4b4918b e-flex e-con-boxed e-con e-parent\" data-id=\"4b4918b\" data-element_type=\"container\" data-e-type=\"container\" data-settings=\"{&quot;background_background&quot;:&quot;classic&quot;}\">\n\t\t\t\t\t<div class=\"e-con-inner\">\n\t\t\t\t<div class=\"elementor-element elementor-element-abb9015 elementor-widget elementor-widget-heading\" data-id=\"abb9015\" data-element_type=\"widget\" data-e-type=\"widget\" data-widget_type=\"heading.default\">\n\t\t\t\t<div class=\"elementor-widget-container\">\n\t\t\t\t\t<h1 class=\"elementor-heading-title elementor-size-default\">Gestion durable des cliniques<\/h1>\t\t\t\t<\/div>\n\t\t\t\t<\/div>\n\t\t\t\t\t<\/div>\n\t\t\t\t<\/div>\n\t\t<div class=\"elementor-element elementor-element-836808e e-flex e-con-boxed e-con e-parent\" data-id=\"836808e\" data-element_type=\"container\" data-e-type=\"container\">\n\t\t\t\t\t<div class=\"e-con-inner\">\n\t\t<div class=\"elementor-element elementor-element-4177ebd e-con-full e-flex e-con e-child\" data-id=\"4177ebd\" data-element_type=\"container\" data-e-type=\"container\">\n\t\t\t\t<div class=\"elementor-element elementor-element-8486632 elementor-widget elementor-widget-image\" data-id=\"8486632\" data-element_type=\"widget\" data-e-type=\"widget\" data-widget_type=\"image.default\">\n\t\t\t\t<div class=\"elementor-widget-container\">\n\t\t\t\t\t\t\t\t\t\t\t\t\t\t\t<img fetchpriority=\"high\" decoding=\"async\" width=\"800\" height=\"533\" src=\"https:\/\/agderma.de\/wp-content\/uploads\/2023\/02\/team-of-surgeons-performing-surgery-2022-03-07-17-45-20-utc-1-1024x682.jpg\" class=\"attachment-large size-large wp-image-3036\" alt=\"\" srcset=\"https:\/\/agderma.de\/wp-content\/uploads\/2023\/02\/team-of-surgeons-performing-surgery-2022-03-07-17-45-20-utc-1-1024x682.jpg 1024w, https:\/\/agderma.de\/wp-content\/uploads\/2023\/02\/team-of-surgeons-performing-surgery-2022-03-07-17-45-20-utc-1-300x200.jpg 300w, https:\/\/agderma.de\/wp-content\/uploads\/2023\/02\/team-of-surgeons-performing-surgery-2022-03-07-17-45-20-utc-1-768x512.jpg 768w, https:\/\/agderma.de\/wp-content\/uploads\/2023\/02\/team-of-surgeons-performing-surgery-2022-03-07-17-45-20-utc-1.jpg 1400w\" sizes=\"(max-width: 800px) 100vw, 800px\" \/>\t\t\t\t\t\t\t\t\t\t\t\t\t\t\t<\/div>\n\t\t\t\t<\/div>\n\t\t\t\t<div class=\"elementor-element elementor-element-e3da578 elementor-widget elementor-widget-toggle\" data-id=\"e3da578\" data-element_type=\"widget\" data-e-type=\"widget\" data-widget_type=\"toggle.default\">\n\t\t\t\t<div class=\"elementor-widget-container\">\n\t\t\t\t\t\t\t<div class=\"elementor-toggle\">\n\t\t\t\t\t\t\t<div class=\"elementor-toggle-item\">\n\t\t\t\t\t<div id=\"elementor-tab-title-2381\" class=\"elementor-tab-title\" data-tab=\"1\" role=\"button\" aria-controls=\"elementor-tab-content-2381\" aria-expanded=\"false\">\n\t\t\t\t\t\t\t\t\t\t\t\t<span class=\"elementor-toggle-icon elementor-toggle-icon-right\" aria-hidden=\"true\">\n\t\t\t\t\t\t\t\t\t\t\t\t\t\t\t<span class=\"elementor-toggle-icon-closed\"><i class=\"fas fa-chevron-down\"><\/i><\/span>\n\t\t\t\t\t\t\t\t<span class=\"elementor-toggle-icon-opened\"><i class=\"elementor-toggle-icon-opened fas fa-chevron-up\"><\/i><\/span>\n\t\t\t\t\t\t\t\t\t\t\t\t\t<\/span>\n\t\t\t\t\t\t\t\t\t\t\t\t<a class=\"elementor-toggle-title\" tabindex=\"0\">Conseils actuels \u00e9prouv\u00e9s pour la mise en \u0153uvre de mesures durables dans votre h\u00f4pital<\/a>\n\t\t\t\t\t<\/div>\n\n\t\t\t\t\t<div id=\"elementor-tab-content-2381\" class=\"elementor-tab-content elementor-clearfix\" data-tab=\"1\" role=\"region\" aria-labelledby=\"elementor-tab-title-2381\"><p><a href=\"https:\/\/agderma.de\/wp-content\/uploads\/2024\/09\/Aktionsplaene-fuer-Kliniken.pdf\">Plans d'action pour les cliniques<\/a><\/p><p><a href=\"https:\/\/klinikum-darmstadt.de\/fileadmin\/user_upload\/user_upload\/Energiesparfibel_webkorr.pdf\" target=\"_blank\" rel=\"noopener\">Guide des \u00e9conomies d'\u00e9nergie de l'h\u00f4pital de Darmstadt<\/a><\/p><p><a href=\"https:\/\/agderma.de\/wp-content\/uploads\/2023\/02\/Oeffentlichkeistarbeit-an-Kliniken.pdf\">Relations publiques\u00a0<\/a><\/p><p><a href=\"https:\/\/agderma.de\/wp-content\/uploads\/2023\/03\/cfh_praxisleitfaden_klimatransformation_im_krankenhaus.pdf\">Guide pratique de la transformation climatique dans les h\u00f4pitaux (Havelh\u00f6he)<\/a><\/p><p><a href=\"https:\/\/www.ifeu.de\/nachrichtenarchiv\/treibhausgasbilanz-fuer-gesundheitsinstitutionen-klimeg-rechner-jetzt-online\" target=\"_blank\" rel=\"noopener\">Calculer le bilan des gaz \u00e0 effet de serre pour les h\u00f4pitaux (KliMeG)<\/a><\/p><\/div>\n\t\t\t\t<\/div>\n\t\t\t\t\t\t\t\t<\/div>\n\t\t\t\t\t\t<\/div>\n\t\t\t\t<\/div>\n\t\t\t\t<\/div>\n\t\t\t\t\t<\/div>\n\t\t\t\t<\/div>\n\t\t<div class=\"elementor-element elementor-element-acaaf0c e-flex e-con-boxed e-con e-parent\" data-id=\"acaaf0c\" data-element_type=\"container\" data-e-type=\"container\">\n\t\t\t\t\t<div class=\"e-con-inner\">\n\t\t\t\t<div class=\"elementor-element elementor-element-b09d95f elementor-widget elementor-widget-heading\" data-id=\"b09d95f\" data-element_type=\"widget\" data-e-type=\"widget\" data-widget_type=\"heading.default\">\n\t\t\t\t<div class=\"elementor-widget-container\">\n\t\t\t\t\t<h2 class=\"elementor-heading-title elementor-size-default\">Pourquoi la gestion clinique durable est-elle importante ?<\/h2>\t\t\t\t<\/div>\n\t\t\t\t<\/div>\n\t\t\t\t<div class=\"elementor-element elementor-element-25fa55d elementor-widget elementor-widget-text-editor\" data-id=\"25fa55d\" data-element_type=\"widget\" data-e-type=\"widget\" data-widget_type=\"text-editor.default\">\n\t\t\t\t<div class=\"elementor-widget-container\">\n\t\t\t\t\t\t\t\t\t<p>Le syst\u00e8me de sant\u00e9 allemand est responsable d'environ 5 % des \u00e9missions de gaz \u00e0 effet de serre. Outre le dioxyde de carbone (CO2), les gaz \u00e0 effet de serre les plus importants dans les h\u00f4pitaux sont le dioxyde de carbone (CO2) et le dioxyde de carbone (CO2). <a href=\"https:\/\/agderma.de\/fr\/themes-2\/aerosols-de-dosage-therapie-climatique\/\">Anesth\u00e9siques par inhalation<\/a>\u00a0jouent un r\u00f4le crucial. Ils contiennent en partie des hydrocarbures fluor\u00e9s et sont non seulement difficilement d\u00e9gradables, mais aussi jusqu'\u00e0 18 fois plus puissants que le CO2. Les cha\u00eenes d'approvisionnement, la consommation d'\u00e9nergie et la surprescription de produits pharmaceutiques et de diagnostics sont \u00e9galement des facteurs importants d'\u00e9missions de gaz \u00e0 effet de serre. Sur le site\u00a0<a href=\"https:\/\/www.klik-krankenhaus.de\/startseite\" target=\"_blank\" rel=\"noopener\">Projet KLIK Green<\/a>\u00a0de BUND e.V., un projet de gestion durable des h\u00f4pitaux, 250 h\u00f4pitaux ont particip\u00e9 en 2021. Il s'est av\u00e9r\u00e9 que l'introduction de mesures durables dans de nombreux domaines a permis non seulement d'\u00e9conomiser une quantit\u00e9 consid\u00e9rable d'\u00e9nergie et de ressources, soit environ 200 000 tonnes de gaz \u00e0 effet de serre, mais aussi de r\u00e9aliser des \u00e9conomies substantielles pour toutes les cliniques participantes. Un site\u00a0<a href=\"https:\/\/www.ncbi.nlm.nih.gov\/pmc\/articles\/PMC4513229\/\" target=\"_blank\" rel=\"noopener\">\u00c9tude de la Harvard T.H. Chan School of Public Health de Boston (\u00c9tats-Unis)<\/a>\u00a0a d\u00e9j\u00e0 d\u00e9montr\u00e9 en 2015 que la satisfaction des patients et des employ\u00e9s avait en outre augment\u00e9 et que la mortalit\u00e9 des patients avait diminu\u00e9 dans les infrastructures de b\u00e2timents durables.<\/p><p>Un\u00a0<a href=\"https:\/\/www.kgnw.de\/download\/wuppertal-institut-zielbild-klimaneutrales-krankenhaus-2022-03-30\" target=\"_blank\" rel=\"noopener\">Expertise<\/a>\u00a0command\u00e9e par l'association des h\u00f4pitaux de Rh\u00e9nanie-du-Nord-Westphalie consid\u00e8re l'introduction d'une gestion de la protection climatique comme une premi\u00e8re \u00e9tape importante. Dans un plan de mesures concr\u00e8tes, l'expertise montre comment les cliniques peuvent devenir climatiquement neutres d'ici 2030.\u00a0<\/p><p><strong>Les premi\u00e8res \u00e9tapes suivantes sont recommand\u00e9es sur la voie de la durabilit\u00e9 :<\/strong><\/p><ul><li><p><a href=\"https:\/\/www.uniklinik-freiburg.de\/allgemeinmedizin\/cafoges.html\" target=\"_blank\" rel=\"noopener\">Calcul de l'empreinte carbone de l'h\u00f4pital<\/a><\/p><\/li><li><p>Mise en place de responsables climat\/d'une \u00e9quipe interdisciplinaire charg\u00e9e de la mise en \u0153uvre des mesures de durabilit\u00e9.<\/p><\/li><li><p>Premi\u00e8res mesures \u00e0 prendre : Introduction de mesures \u00e0 bas seuil telles que l'\u00e9conomie de papier gr\u00e2ce \u00e0 l'impression recto-verso, le tri des d\u00e9chets, la r\u00e9duction du plastique et la minimisation de l'\u00e9nergie.<\/p><\/li><li><p>En accord avec la direction, si possible, mise en place d'une gestion professionnelle du changement climatique.<\/p><\/li><li><p>Examiner en temps utile les possibilit\u00e9s de r\u00e9novation \u00e9nerg\u00e9tique du b\u00e2timent de la clinique (par exemple, les toits, les b\u00e2timents et les fen\u00eatres), car elles sont co\u00fbteuses et n\u00e9cessitent une planification, mais offrent durablement les plus grandes possibilit\u00e9s d'\u00e9conomie de CO2.<\/p><\/li><\/ul><p>Pour plus d'informations et de possibilit\u00e9s d'action pour les cliniques, vous pouvez consulter le\u00a0<a href=\"https:\/\/www.klik-krankenhaus.de\/klik-datenbank\/informationen-zur-klik-datenbank\" target=\"_blank\" rel=\"noopener\">base de donn\u00e9es publique du projet KLIK Green<\/a>\u00a0de BUND e.V..<\/p><p><strong>Possibilit\u00e9s de financement<br \/><\/strong>Certaines mesures, telles que les \u00e9nergies renouvelables, la mobilit\u00e9 ou la conversion, sont \u00e9ligibles. Vous trouverez de nombreuses possibilit\u00e9s de financement pour des mesures durables, par exemple\u00a0<a href=\"https:\/\/www.foerderdatenbank.de\/FDB\/DE\/Home\/home.html\" target=\"_blank\" rel=\"noopener\">ici<\/a>.<\/p><p>\u00a0<strong>Formation continue<\/strong><\/p><ul><li><p>Le site\u00a0<a href=\"https:\/\/www.klimawandel-gesundheit.de\/institutionen-und-initiativen\/planetary-health-academy\/\" target=\"_blank\" rel=\"noopener\">Planetary Health Academy de l'association Allianz Klimawandel und Gesundheit e.V. (KLUG e.V.)<\/a>\u00a0propose des s\u00e9ries de conf\u00e9rences gratuites sur la transformation du secteur de la sant\u00e9, donn\u00e9es par des chercheurs de renomm\u00e9e internationale. En partie en anglais.\u00a0<\/p><\/li><li><p><a href=\"https:\/\/eur.nursesclimatechallenge.org\/de\" target=\"_blank\" rel=\"noopener\">Nurses Climate Challenge Europe<\/a>\u00a0fournit un portail de formation continue en allemand et en anglais pour les soignants de\u00a0<a href=\"https:\/\/noharm-europe.org\/\" target=\"_blank\" rel=\"noopener\">Soins de sant\u00e9 sans danger<\/a>\u00a0est une image.<\/p><\/li><li><p><a href=\"https:\/\/agderma.de\/wp-content\/uploads\/2023\/02\/e99956_fa7a6cea6ef14afcb7dcc766ded624c6.pdf\">S\u00e9minaires en ligne<\/a>\u00a0pour les assistantes m\u00e9dicales sur le th\u00e8me du d\u00e9veloppement durable sont organis\u00e9es par la\u00a0<a href=\"https:\/\/www.mfa-akademie.com\/\" target=\"_blank\" rel=\"noopener\">Acad\u00e9mie des AMF en dermatologie<\/a>\u00a0est propos\u00e9.<\/p><\/li><li><p><a href=\"https:\/\/projekt.klimaretter-lebensretter.de\/das-projekt\/ueber-das-projekt\/\" target=\"_blank\" rel=\"noopener\">Projet Sauveteur de climat-Sauveteur de vie<\/a>Un outil de comp\u00e9tition pour les \u00e9tablissements hospitaliers et ambulatoires. Il montre la quantit\u00e9 de gaz \u00e0 effet de serre CO2 \u00e9conomis\u00e9e par une \u00e9quipe ou une personne gr\u00e2ce \u00e0 des mesures durables.<\/p><\/li><\/ul>\t\t\t\t\t\t\t\t<\/div>\n\t\t\t\t<\/div>\n\t\t\t\t<div class=\"elementor-element elementor-element-f0eb642 elementor-position-inline-start elementor-view-default elementor-mobile-position-block-start elementor-widget elementor-widget-icon-box\" data-id=\"f0eb642\" data-element_type=\"widget\" data-e-type=\"widget\" data-widget_type=\"icon-box.default\">\n\t\t\t\t<div class=\"elementor-widget-container\">\n\t\t\t\t\t\t\t<div class=\"elementor-icon-box-wrapper\">\n\n\t\t\t\t\t\t<div class=\"elementor-icon-box-icon\">\n\t\t\t\t<a href=\"https:\/\/agderma.de\/fr\/contact\/\" class=\"elementor-icon\" tabindex=\"-1\" aria-label=\"Souhaits de sujets ou suggestions ?\">\n\t\t\t\t<i aria-hidden=\"true\" class=\"fas fa-question-circle\"><\/i>\t\t\t\t<\/a>\n\t\t\t<\/div>\n\t\t\t\n\t\t\t\t\t\t<div class=\"elementor-icon-box-content\">\n\n\t\t\t\t\t\t\t\t\t<h3 class=\"elementor-icon-box-title\">\n\t\t\t\t\t\t<a href=\"https:\/\/agderma.de\/fr\/contact\/\">\n\t\t\t\t\t\t\tSouhaits de sujets ou suggestions ?\t\t\t\t\t\t<\/a>\n\t\t\t\t\t<\/h3>\n\t\t\t\t\n\t\t\t\t\t\t\t\t\t<p class=\"elementor-icon-box-description\">\n\t\t\t\t\t\tVous souhaitez en savoir plus sur un sujet particulier, mais vous ne trouvez pas d'informations ici ? Ou vous souhaitez nous signaler des corrections ? N'h\u00e9sitez pas \u00e0 nous contacter.\n<br><br>\n<a href=\"https:\/\/agderma.de\/fr\/contact\/\" class=\"elementor-button-link elementor-button elementor-size-sm\" role=\"button\"><span class=\"elementor-button-content-wrapper\">&lt;span class=&quot;elementor-button-icon elementor-align-icon-right&quot; <i aria-hidden=\"true\">\t\t\t<\/span>\n<span class=\"elementor-button-text\">Contact<\/span>\n\t\t<\/span>\n\t\t\t\t<\/a>\t\t\t\t\t<\/p>\n\t\t\t\t\n\t\t\t<\/div>\n\t\t\t\n\t\t<\/div>\n\t\t\t\t\t\t<\/div>\n\t\t\t\t<\/div>\n\t\t\t\t\t<\/div>\n\t\t\t\t<\/div>\n\t\t\t\t<\/div>","protected":false},"excerpt":{"rendered":"<p>Bew\u00e4hrte aktuelle Tipps zur Umsetzung nachhaltiger Ma\u00dfnahmen in Ihrer Klinik Aktionspl\u00e4ne f\u00fcr Kliniken Energiesparfibel des Klinikums Darmstadt \u00d6ffentlichkeitsarbeit\u00a0 Praxisleitfaden zur Klimatransformation in Krankenh\u00e4usern (Havelh\u00f6he) Treibhausgasbilanz f\u00fcr Krankenh\u00e4user berechnen (KliMeG) Warum ist nachhaltiges Klinikmanagement wichtig? Das deutsche Gesundheitssystem ist f\u00fcr ca. 5 % der Treibhausgasemissionen verantwortlich. In der Klinik spielen neben Kohlendioxid (CO2) als Treibhausgase insbesondere [&hellip;]<\/p>\n","protected":false},"author":1,"featured_media":0,"parent":0,"menu_order":0,"comment_status":"closed","ping_status":"closed","template":"","meta":{"_acf_changed":false,"footnotes":""},"class_list":["post-33","page","type-page","status-publish","hentry"],"acf":[],"_links":{"self":[{"href":"https:\/\/agderma.de\/fr\/wp-json\/wp\/v2\/pages\/33","targetHints":{"allow":["GET"]}}],"collection":[{"href":"https:\/\/agderma.de\/fr\/wp-json\/wp\/v2\/pages"}],"about":[{"href":"https:\/\/agderma.de\/fr\/wp-json\/wp\/v2\/types\/page"}],"author":[{"embeddable":true,"href":"https:\/\/agderma.de\/fr\/wp-json\/wp\/v2\/users\/1"}],"replies":[{"embeddable":true,"href":"https:\/\/agderma.de\/fr\/wp-json\/wp\/v2\/comments?post=33"}],"version-history":[{"count":16,"href":"https:\/\/agderma.de\/fr\/wp-json\/wp\/v2\/pages\/33\/revisions"}],"predecessor-version":[{"id":5474,"href":"https:\/\/agderma.de\/fr\/wp-json\/wp\/v2\/pages\/33\/revisions\/5474"}],"wp:attachment":[{"href":"https:\/\/agderma.de\/fr\/wp-json\/wp\/v2\/media?parent=33"}],"curies":[{"name":"wp","href":"https:\/\/api.w.org\/{rel}","templated":true}]}}