{"id":4580,"date":"2023-06-19T10:27:56","date_gmt":"2023-06-19T10:27:56","guid":{"rendered":"https:\/\/agderma.de\/?page_id=4580"},"modified":"2023-08-21T07:25:53","modified_gmt":"2023-08-21T07:25:53","slug":"credits-photographiques","status":"publish","type":"page","link":"https:\/\/agderma.de\/fr\/bildnachweise\/","title":{"rendered":"Cr\u00e9dits photographiques"},"content":{"rendered":"\t\t<div data-elementor-type=\"wp-page\" data-elementor-id=\"4580\" class=\"elementor elementor-4580\" data-elementor-post-type=\"page\">\n\t\t\t\t<div class=\"elementor-element elementor-element-c0d8afa e-flex e-con-boxed e-con e-parent\" data-id=\"c0d8afa\" data-element_type=\"container\" data-e-type=\"container\" data-settings=\"{&quot;background_background&quot;:&quot;classic&quot;}\">\n\t\t\t\t\t<div class=\"e-con-inner\">\n\t\t\t\t<div class=\"elementor-element elementor-element-bf9abd6 elementor-widget elementor-widget-heading\" data-id=\"bf9abd6\" data-element_type=\"widget\" data-e-type=\"widget\" data-widget_type=\"heading.default\">\n\t\t\t\t<div class=\"elementor-widget-container\">\n\t\t\t\t\t<h1 class=\"elementor-heading-title elementor-size-default\">Bildnachweise<\/h1>\t\t\t\t<\/div>\n\t\t\t\t<\/div>\n\t\t\t\t\t<\/div>\n\t\t\t\t<\/div>\n\t\t<div class=\"elementor-element elementor-element-11d4ad9 e-flex e-con-boxed e-con e-parent\" data-id=\"11d4ad9\" data-element_type=\"container\" data-e-type=\"container\">\n\t\t\t\t\t<div class=\"e-con-inner\">\n\t\t\t\t<div class=\"elementor-element elementor-element-51b3b86 elementor-widget elementor-widget-text-editor\" data-id=\"51b3b86\" data-element_type=\"widget\" data-e-type=\"widget\" data-widget_type=\"text-editor.default\">\n\t\t\t\t<div class=\"elementor-widget-container\">\n\t\t\t\t\t\t\t\t\t<p>Im Folgenden f\u00fchren wir die Bildquellen, falls rechtlich erforderlich, f\u00fcr die auf unserer Plattform verwendeten Fotos auf. Einige der Bilder auf dieser Website wurden \u00fcber die Fotoplattform Envato Elements lizenziert. F\u00fcr diese Bilder und Inhalte ist <a href=\"https:\/\/help.elements.envato.com\/hc\/en-us\/articles\/360000629346-Envato-Elements-License-FAQ#:~:text=No%2C%20it%20is%20not%20mandatory,you%20should%20not%20claim%20copyright\" target=\"_blank\" rel=\"noopener\">kein Bildnachweis<\/a> erforderlich. [19.06.2023]<\/p>\t\t\t\t\t\t\t\t<\/div>\n\t\t\t\t<\/div>\n\t\t\t\t<div class=\"elementor-element elementor-element-20b176b gallery-spacing-custom elementor-widget elementor-widget-image-gallery\" data-id=\"20b176b\" data-element_type=\"widget\" data-e-type=\"widget\" data-widget_type=\"image-gallery.default\">\n\t\t\t\t<div class=\"elementor-widget-container\">\n\t\t\t\t\t\t\t<div class=\"elementor-image-gallery\">\n\t\t\t<div id='gallery-1' class='gallery galleryid-4580 gallery-columns-4 gallery-size-medium'><figure class='gallery-item'>\n\t\t\t<div class='gallery-icon landscape'>\n\t\t\t\t<img fetchpriority=\"high\" decoding=\"async\" width=\"300\" height=\"215\" src=\"https:\/\/agderma.de\/wp-content\/uploads\/2023\/03\/AGN-Einkauf-1-300x215.webp\" class=\"attachment-medium size-medium\" alt=\"\" aria-describedby=\"gallery-1-4508\" srcset=\"https:\/\/agderma.de\/wp-content\/uploads\/2023\/03\/AGN-Einkauf-1-300x215.webp 300w, https:\/\/agderma.de\/wp-content\/uploads\/2023\/03\/AGN-Einkauf-1-1024x736.webp 1024w, https:\/\/agderma.de\/wp-content\/uploads\/2023\/03\/AGN-Einkauf-1-768x552.webp 768w\" sizes=\"(max-width: 300px) 100vw, 300px\" \/>\n\t\t\t<\/div>\n\t\t\t\t<figcaption class='wp-caption-text gallery-caption' id='gallery-1-4508'>\n\t\t\t\t<a href=\"https:\/\/stock.adobe.com\/de\/contributor\/200914827\/vegefox-com?load_type=author&amp;prev_url=detail\" target=\"_blank\" rel=\"noopener\">vegefox.com<\/a> \u2013 stock.adobe.com\n\t\t\t\t<\/figcaption><\/figure><figure class='gallery-item'>\n\t\t\t<div class='gallery-icon landscape'>\n\t\t\t\t<img decoding=\"async\" width=\"300\" height=\"203\" src=\"https:\/\/agderma.de\/wp-content\/uploads\/2023\/02\/AdobeStock_206763342-300x203.jpeg\" class=\"attachment-medium size-medium\" alt=\"\" aria-describedby=\"gallery-1-3440\" srcset=\"https:\/\/agderma.de\/wp-content\/uploads\/2023\/02\/AdobeStock_206763342-300x203.jpeg 300w, https:\/\/agderma.de\/wp-content\/uploads\/2023\/02\/AdobeStock_206763342-1024x694.jpeg 1024w, https:\/\/agderma.de\/wp-content\/uploads\/2023\/02\/AdobeStock_206763342-768x521.jpeg 768w, https:\/\/agderma.de\/wp-content\/uploads\/2023\/02\/AdobeStock_206763342.jpeg 1400w\" sizes=\"(max-width: 300px) 100vw, 300px\" \/>\n\t\t\t<\/div>\n\t\t\t\t<figcaption class='wp-caption-text gallery-caption' id='gallery-1-3440'>\n\t\t\t\t<a href=\"https:\/\/stock.adobe.com\/de\/contributor\/205405392\/billionphotos-com?load_type=author&amp;prev_url=detail\" target=\"_blank\" rel=\"noopener\">BillionPhotos.com<\/a> \u2013 stock.adobe.com\n\t\t\t\t<\/figcaption><\/figure><figure class='gallery-item'>\n\t\t\t<div class='gallery-icon landscape'>\n\t\t\t\t<img decoding=\"async\" width=\"300\" height=\"199\" src=\"https:\/\/agderma.de\/wp-content\/uploads\/2023\/02\/place-name-sign-4929731_1920-300x199.jpg\" class=\"attachment-medium size-medium\" alt=\"\" aria-describedby=\"gallery-1-3326\" srcset=\"https:\/\/agderma.de\/wp-content\/uploads\/2023\/02\/place-name-sign-4929731_1920-300x199.jpg 300w, https:\/\/agderma.de\/wp-content\/uploads\/2023\/02\/place-name-sign-4929731_1920-1024x679.jpg 1024w, https:\/\/agderma.de\/wp-content\/uploads\/2023\/02\/place-name-sign-4929731_1920-768x509.jpg 768w, https:\/\/agderma.de\/wp-content\/uploads\/2023\/02\/place-name-sign-4929731_1920.jpg 1400w\" sizes=\"(max-width: 300px) 100vw, 300px\" \/>\n\t\t\t<\/div>\n\t\t\t\t<figcaption class='wp-caption-text gallery-caption' id='gallery-1-3326'>\n\t\t\t\t<a href=\"https:\/\/pixabay.com\/de\/users\/geralt-9301\/\" target=\"_blank\" rel=\"noopener\">geralt<\/a> \u2013 pixabay.com\n\t\t\t\t<\/figcaption><\/figure><figure class='gallery-item'>\n\t\t\t<div class='gallery-icon landscape'>\n\t\t\t\t<img loading=\"lazy\" decoding=\"async\" width=\"300\" height=\"82\" src=\"https:\/\/agderma.de\/wp-content\/uploads\/2023\/02\/AdobeStock_525336100-300x82.jpeg\" class=\"attachment-medium size-medium\" alt=\"\" aria-describedby=\"gallery-1-3336\" srcset=\"https:\/\/agderma.de\/wp-content\/uploads\/2023\/02\/AdobeStock_525336100-300x82.jpeg 300w, https:\/\/agderma.de\/wp-content\/uploads\/2023\/02\/AdobeStock_525336100-1024x281.jpeg 1024w, https:\/\/agderma.de\/wp-content\/uploads\/2023\/02\/AdobeStock_525336100-768x211.jpeg 768w, https:\/\/agderma.de\/wp-content\/uploads\/2023\/02\/AdobeStock_525336100.jpeg 1400w\" sizes=\"(max-width: 300px) 100vw, 300px\" \/>\n\t\t\t<\/div>\n\t\t\t\t<figcaption class='wp-caption-text gallery-caption' id='gallery-1-3336'>\n\t\t\t\t<a href=\"https:\/\/stock.adobe.com\/de\/contributor\/202972026\/magele-picture?load_type=author&amp;prev_url=detail\" target=\"_blank\" rel=\"noopener\">magele-picture<\/a> \u2013 stock.adobe.com\n\t\t\t\t<\/figcaption><\/figure><figure class='gallery-item'>\n\t\t\t<div class='gallery-icon landscape'>\n\t\t\t\t<img loading=\"lazy\" decoding=\"async\" width=\"300\" height=\"200\" src=\"https:\/\/agderma.de\/wp-content\/uploads\/2023\/02\/AdobeStock_535282120-1-300x200.jpg\" class=\"attachment-medium size-medium\" alt=\"\" aria-describedby=\"gallery-1-3190\" srcset=\"https:\/\/agderma.de\/wp-content\/uploads\/2023\/02\/AdobeStock_535282120-1-300x200.jpg 300w, https:\/\/agderma.de\/wp-content\/uploads\/2023\/02\/AdobeStock_535282120-1-1024x683.jpg 1024w, https:\/\/agderma.de\/wp-content\/uploads\/2023\/02\/AdobeStock_535282120-1-768x512.jpg 768w, https:\/\/agderma.de\/wp-content\/uploads\/2023\/02\/AdobeStock_535282120-1-1536x1024.jpg 1536w, https:\/\/agderma.de\/wp-content\/uploads\/2023\/02\/AdobeStock_535282120-1-2048x1365.jpg 2048w, https:\/\/agderma.de\/wp-content\/uploads\/2023\/02\/AdobeStock_535282120-1-18x12.jpg 18w\" sizes=\"(max-width: 300px) 100vw, 300px\" \/>\n\t\t\t<\/div>\n\t\t\t\t<figcaption class='wp-caption-text gallery-caption' id='gallery-1-3190'>\n\t\t\t\t<a href=\"https:\/\/pixabay.com\/de\/users\/photosforyou-124319\/\" target=\"_blank\" rel=\"noopener\">photosforyou<\/a> \u2013 pixabay.com\n\t\t\t\t<\/figcaption><\/figure><figure class='gallery-item'>\n\t\t\t<div class='gallery-icon landscape'>\n\t\t\t\t<img loading=\"lazy\" decoding=\"async\" width=\"300\" height=\"225\" src=\"https:\/\/agderma.de\/wp-content\/uploads\/2023\/02\/AdobeStock_358747503-e1676755122888-300x225.jpg\" class=\"attachment-medium size-medium\" alt=\"\" aria-describedby=\"gallery-1-3160\" srcset=\"https:\/\/agderma.de\/wp-content\/uploads\/2023\/02\/AdobeStock_358747503-e1676755122888-300x225.jpg 300w, https:\/\/agderma.de\/wp-content\/uploads\/2023\/02\/AdobeStock_358747503-e1676755122888-1024x768.jpg 1024w, https:\/\/agderma.de\/wp-content\/uploads\/2023\/02\/AdobeStock_358747503-e1676755122888-768x576.jpg 768w, https:\/\/agderma.de\/wp-content\/uploads\/2023\/02\/AdobeStock_358747503-e1676755122888-1536x1152.jpg 1536w, https:\/\/agderma.de\/wp-content\/uploads\/2023\/02\/AdobeStock_358747503-e1676755122888.jpg 1867w\" sizes=\"(max-width: 300px) 100vw, 300px\" \/>\n\t\t\t<\/div>\n\t\t\t\t<figcaption class='wp-caption-text gallery-caption' id='gallery-1-3160'>\n\t\t\t\t<a href=\"https:\/\/stock.adobe.com\/de\/contributor\/209492993\/underocean?load_type=author&amp;prev_url=detail\" target=\"_blank\" rel=\"noopener\">underocean<\/a> \u2013 stock.adobe.com\n\t\t\t\t<\/figcaption><\/figure><figure class='gallery-item'>\n\t\t\t<div class='gallery-icon landscape'>\n\t\t\t\t<img loading=\"lazy\" decoding=\"async\" width=\"300\" height=\"171\" src=\"https:\/\/agderma.de\/wp-content\/uploads\/2023\/02\/Group-119-300x171.jpg\" class=\"attachment-medium size-medium\" alt=\"\" srcset=\"https:\/\/agderma.de\/wp-content\/uploads\/2023\/02\/Group-119-300x171.jpg 300w, https:\/\/agderma.de\/wp-content\/uploads\/2023\/02\/Group-119-1024x582.jpg 1024w, https:\/\/agderma.de\/wp-content\/uploads\/2023\/02\/Group-119-768x437.jpg 768w, https:\/\/agderma.de\/wp-content\/uploads\/2023\/02\/Group-119.jpg 1400w\" sizes=\"(max-width: 300px) 100vw, 300px\" \/>\n\t\t\t<\/div><\/figure><figure class='gallery-item'>\n\t\t\t<div class='gallery-icon landscape'>\n\t\t\t\t<img loading=\"lazy\" decoding=\"async\" width=\"300\" height=\"200\" src=\"https:\/\/agderma.de\/wp-content\/uploads\/2023\/02\/AdobeStock_462621988-300x200.jpeg\" class=\"attachment-medium size-medium\" alt=\"\" aria-describedby=\"gallery-1-3147\" srcset=\"https:\/\/agderma.de\/wp-content\/uploads\/2023\/02\/AdobeStock_462621988-300x200.jpeg 300w, https:\/\/agderma.de\/wp-content\/uploads\/2023\/02\/AdobeStock_462621988-1024x682.jpeg 1024w, https:\/\/agderma.de\/wp-content\/uploads\/2023\/02\/AdobeStock_462621988-768x512.jpeg 768w, https:\/\/agderma.de\/wp-content\/uploads\/2023\/02\/AdobeStock_462621988.jpeg 1400w\" sizes=\"(max-width: 300px) 100vw, 300px\" \/>\n\t\t\t<\/div>\n\t\t\t\t<figcaption class='wp-caption-text gallery-caption' id='gallery-1-3147'>\n\t\t\t\t<a href=\"https:\/\/stock.adobe.com\/de\/contributor\/208360089\/%D0%B0%D0%BB%D0%B5%D0%BA%D1%81%D0%B0%D0%BD%D0%B4%D1%80-%D0%BA%D0%BB%D1%8E%D0%B9%D0%BA%D0%BE?load_type=author&amp;prev_url=detail\" target=\"_blank\" rel=\"noopener\">\u0410\u043b\u0435\u043a\u0441\u0430\u043d\u0434\u0440 \u041a\u043b\u044e\u0439\u043a\u043e<\/a> \u2013 stock.adobe.com\n\t\t\t\t<\/figcaption><\/figure><figure class='gallery-item'>\n\t\t\t<div class='gallery-icon landscape'>\n\t\t\t\t<img loading=\"lazy\" decoding=\"async\" width=\"300\" height=\"200\" src=\"https:\/\/agderma.de\/wp-content\/uploads\/2023\/02\/AdobeStock_354273086-300x200.jpeg\" class=\"attachment-medium size-medium\" alt=\"\" aria-describedby=\"gallery-1-3144\" srcset=\"https:\/\/agderma.de\/wp-content\/uploads\/2023\/02\/AdobeStock_354273086-300x200.jpeg 300w, https:\/\/agderma.de\/wp-content\/uploads\/2023\/02\/AdobeStock_354273086-1024x684.jpeg 1024w, https:\/\/agderma.de\/wp-content\/uploads\/2023\/02\/AdobeStock_354273086-768x513.jpeg 768w, https:\/\/agderma.de\/wp-content\/uploads\/2023\/02\/AdobeStock_354273086.jpeg 1400w\" sizes=\"(max-width: 300px) 100vw, 300px\" \/>\n\t\t\t<\/div>\n\t\t\t\t<figcaption class='wp-caption-text gallery-caption' id='gallery-1-3144'>\n\t\t\t\t<a href=\"https:\/\/stock.adobe.com\/de\/contributor\/207630376\/natali?load_type=author&amp;prev_url=detail\" target=\"_blank\" rel=\"noopener\">Natali<\/a> \u2013 stock.adobe.com\n\t\t\t\t<\/figcaption><\/figure><figure class='gallery-item'>\n\t\t\t<div class='gallery-icon landscape'>\n\t\t\t\t<img loading=\"lazy\" decoding=\"async\" width=\"300\" height=\"200\" src=\"https:\/\/agderma.de\/wp-content\/uploads\/2023\/02\/AdobeStock_373673552-300x200.jpeg\" class=\"attachment-medium size-medium\" alt=\"\" aria-describedby=\"gallery-1-3146\" srcset=\"https:\/\/agderma.de\/wp-content\/uploads\/2023\/02\/AdobeStock_373673552-300x200.jpeg 300w, https:\/\/agderma.de\/wp-content\/uploads\/2023\/02\/AdobeStock_373673552-1024x682.jpeg 1024w, https:\/\/agderma.de\/wp-content\/uploads\/2023\/02\/AdobeStock_373673552-768x512.jpeg 768w, https:\/\/agderma.de\/wp-content\/uploads\/2023\/02\/AdobeStock_373673552.jpeg 1400w\" sizes=\"(max-width: 300px) 100vw, 300px\" \/>\n\t\t\t<\/div>\n\t\t\t\t<figcaption class='wp-caption-text gallery-caption' id='gallery-1-3146'>\n\t\t\t\t<a href=\"https:\/\/stock.adobe.com\/de\/contributor\/206795501\/sosiukin?load_type=author&amp;prev_url=detail\" target=\"_blank\" rel=\"noopener\">sosiukin<\/a> \u2013 stock.adobe.com\n\t\t\t\t<\/figcaption><\/figure><figure class='gallery-item'>\n\t\t\t<div class='gallery-icon landscape'>\n\t\t\t\t<img loading=\"lazy\" decoding=\"async\" width=\"300\" height=\"200\" src=\"https:\/\/agderma.de\/wp-content\/uploads\/2023\/02\/AdobeStock_330419532-1-300x200.jpeg\" class=\"attachment-medium size-medium\" alt=\"\" aria-describedby=\"gallery-1-3143\" srcset=\"https:\/\/agderma.de\/wp-content\/uploads\/2023\/02\/AdobeStock_330419532-1-300x200.jpeg 300w, https:\/\/agderma.de\/wp-content\/uploads\/2023\/02\/AdobeStock_330419532-1-1024x682.jpeg 1024w, https:\/\/agderma.de\/wp-content\/uploads\/2023\/02\/AdobeStock_330419532-1-768x512.jpeg 768w, https:\/\/agderma.de\/wp-content\/uploads\/2023\/02\/AdobeStock_330419532-1.jpeg 1400w\" sizes=\"(max-width: 300px) 100vw, 300px\" \/>\n\t\t\t<\/div>\n\t\t\t\t<figcaption class='wp-caption-text gallery-caption' id='gallery-1-3143'>\n\t\t\t\t<a href=\"https:\/\/stock.adobe.com\/de\/contributor\/202330721\/luis-angel-garcia?load_type=author&amp;prev_url=detail\" target=\"_blank\" rel=\"noopener\">Luis Angel Garcia<\/a> \u2013 stock.adobe.com\n\t\t\t\t<\/figcaption><\/figure><figure class='gallery-item'>\n\t\t\t<div class='gallery-icon landscape'>\n\t\t\t\t<img loading=\"lazy\" decoding=\"async\" width=\"300\" height=\"169\" src=\"https:\/\/agderma.de\/wp-content\/uploads\/2023\/02\/AdobeStock_258980886-1-300x169.jpeg\" class=\"attachment-medium size-medium\" alt=\"\" aria-describedby=\"gallery-1-3142\" srcset=\"https:\/\/agderma.de\/wp-content\/uploads\/2023\/02\/AdobeStock_258980886-1-300x169.jpeg 300w, https:\/\/agderma.de\/wp-content\/uploads\/2023\/02\/AdobeStock_258980886-1-1024x576.jpeg 1024w, https:\/\/agderma.de\/wp-content\/uploads\/2023\/02\/AdobeStock_258980886-1-768x432.jpeg 768w, https:\/\/agderma.de\/wp-content\/uploads\/2023\/02\/AdobeStock_258980886-1.jpeg 1400w\" sizes=\"(max-width: 300px) 100vw, 300px\" \/>\n\t\t\t<\/div>\n\t\t\t\t<figcaption class='wp-caption-text gallery-caption' id='gallery-1-3142'>\n\t\t\t\t<a href=\"https:\/\/stock.adobe.com\/de\/contributor\/204330675\/enriscapes?load_type=author&amp;prev_url=detail\" target=\"_blank\" rel=\"noopener\">enriscapes<\/a> \u2013 stock.adobe.com\n\t\t\t\t<\/figcaption><\/figure><figure class='gallery-item'>\n\t\t\t<div class='gallery-icon landscape'>\n\t\t\t\t<img loading=\"lazy\" decoding=\"async\" width=\"300\" height=\"204\" src=\"https:\/\/agderma.de\/wp-content\/uploads\/2023\/02\/AdobeStock_138125581-300x204.jpeg\" class=\"attachment-medium size-medium\" alt=\"\" aria-describedby=\"gallery-1-3141\" srcset=\"https:\/\/agderma.de\/wp-content\/uploads\/2023\/02\/AdobeStock_138125581-300x204.jpeg 300w, https:\/\/agderma.de\/wp-content\/uploads\/2023\/02\/AdobeStock_138125581-1024x698.jpeg 1024w, https:\/\/agderma.de\/wp-content\/uploads\/2023\/02\/AdobeStock_138125581-768x523.jpeg 768w, https:\/\/agderma.de\/wp-content\/uploads\/2023\/02\/AdobeStock_138125581.jpeg 1400w\" sizes=\"(max-width: 300px) 100vw, 300px\" \/>\n\t\t\t<\/div>\n\t\t\t\t<figcaption class='wp-caption-text gallery-caption' id='gallery-1-3141'>\n\t\t\t\t<a href=\"https:\/\/stock.adobe.com\/de\/contributor\/206581500\/macgyverhh?load_type=author&#038;prev_url=detail\" target=\"_blank\" rel=\"noopener\">macgyverhh<\/a> \u2013 stock.adobe.com\n\t\t\t\t<\/figcaption><\/figure><figure class='gallery-item'>\n\t\t\t<div class='gallery-icon landscape'>\n\t\t\t\t<img loading=\"lazy\" decoding=\"async\" width=\"300\" height=\"200\" src=\"https:\/\/agderma.de\/wp-content\/uploads\/2023\/08\/Themen-Berufsdermatologie-und-Arbeitsmedizin-530591577-300x200.jpeg\" class=\"attachment-medium size-medium\" alt=\"\" aria-describedby=\"gallery-1-4686\" srcset=\"https:\/\/agderma.de\/wp-content\/uploads\/2023\/08\/Themen-Berufsdermatologie-und-Arbeitsmedizin-530591577-300x200.jpeg 300w, https:\/\/agderma.de\/wp-content\/uploads\/2023\/08\/Themen-Berufsdermatologie-und-Arbeitsmedizin-530591577-1024x683.jpeg 1024w, https:\/\/agderma.de\/wp-content\/uploads\/2023\/08\/Themen-Berufsdermatologie-und-Arbeitsmedizin-530591577-768x512.jpeg 768w, https:\/\/agderma.de\/wp-content\/uploads\/2023\/08\/Themen-Berufsdermatologie-und-Arbeitsmedizin-530591577-1536x1024.jpeg 1536w, https:\/\/agderma.de\/wp-content\/uploads\/2023\/08\/Themen-Berufsdermatologie-und-Arbeitsmedizin-530591577-2048x1365.jpeg 2048w, https:\/\/agderma.de\/wp-content\/uploads\/2023\/08\/Themen-Berufsdermatologie-und-Arbeitsmedizin-530591577-18x12.jpeg 18w\" sizes=\"(max-width: 300px) 100vw, 300px\" \/>\n\t\t\t<\/div>\n\t\t\t\t<figcaption class='wp-caption-text gallery-caption' id='gallery-1-4686'>\n\t\t\t\t<a href=\"https:\/\/stock.adobe.com\/de\/contributor\/203023278\/patrickjohn71?load_type=author&#038;prev_url=detail\" target=\"_blank\" rel=\"noopener\">patrickjohn71<\/a> \u2013 stock.adobe.com\n\t\t\t\t<\/figcaption><\/figure>\n\t\t<\/div>\n\t\t<\/div>\n\t\t\t\t\t\t<\/div>\n\t\t\t\t<\/div>\n\t\t\t\t\t<\/div>\n\t\t\t\t<\/div>\n\t\t\t\t<\/div>\n\t\t","protected":false},"excerpt":{"rendered":"<p>Im Folgenden f\u00fchren wir die Bildquellen, falls rechtlich erforderlich, f\u00fcr die auf unserer Plattform verwendeten Fotos auf. Einige der Bilder auf dieser Website wurden \u00fcber die Fotoplattform Envato Elements lizenziert. F\u00fcr diese Bilder und Inhalte ist kein Bildnachweis erforderlich. [19.06.2023] vegefox.com \u2013 stock.adobe.com BillionPhotos.com \u2013 stock.adobe.com geralt \u2013 pixabay.com magele-picture \u2013 stock.adobe.com photosforyou \u2013 pixabay.com [&hellip;]<\/p>\n","protected":false},"author":1,"featured_media":0,"parent":0,"menu_order":0,"comment_status":"closed","ping_status":"closed","template":"","meta":{"_acf_changed":false,"footnotes":""},"class_list":["post-4580","page","type-page","status-publish","hentry"],"acf":[],"_links":{"self":[{"href":"https:\/\/agderma.de\/fr\/wp-json\/wp\/v2\/pages\/4580","targetHints":{"allow":["GET"]}}],"collection":[{"href":"https:\/\/agderma.de\/fr\/wp-json\/wp\/v2\/pages"}],"about":[{"href":"https:\/\/agderma.de\/fr\/wp-json\/wp\/v2\/types\/page"}],"author":[{"embeddable":true,"href":"https:\/\/agderma.de\/fr\/wp-json\/wp\/v2\/users\/1"}],"replies":[{"embeddable":true,"href":"https:\/\/agderma.de\/fr\/wp-json\/wp\/v2\/comments?post=4580"}],"version-history":[{"count":5,"href":"https:\/\/agderma.de\/fr\/wp-json\/wp\/v2\/pages\/4580\/revisions"}],"predecessor-version":[{"id":4689,"href":"https:\/\/agderma.de\/fr\/wp-json\/wp\/v2\/pages\/4580\/revisions\/4689"}],"wp:attachment":[{"href":"https:\/\/agderma.de\/fr\/wp-json\/wp\/v2\/media?parent=4580"}],"curies":[{"name":"wp","href":"https:\/\/api.w.org\/{rel}","templated":true}]}}