{"id":5138,"date":"2024-04-17T05:33:13","date_gmt":"2024-04-17T05:33:13","guid":{"rendered":"https:\/\/agderma.de\/?page_id=5138"},"modified":"2024-04-17T05:41:09","modified_gmt":"2024-04-17T05:41:09","slug":"article-des-climadocs-pour-lagn","status":"publish","type":"page","link":"https:\/\/agderma.de\/fr\/themen\/artikel-der-klimadocs-fuer-die-agn\/","title":{"rendered":"Articles des KlimaDocs pour l'AGN"},"content":{"rendered":"<div data-elementor-type=\"wp-page\" data-elementor-id=\"5138\" class=\"elementor elementor-5138\" data-elementor-post-type=\"page\">\n\t\t\t\t<div class=\"elementor-element elementor-element-3d478ea e-flex e-con-boxed e-con e-parent\" data-id=\"3d478ea\" data-element_type=\"container\" data-e-type=\"container\" data-settings=\"{&quot;background_background&quot;:&quot;classic&quot;}\">\n\t\t\t\t\t<div class=\"e-con-inner\">\n\t\t\t\t<div class=\"elementor-element elementor-element-3d3f871 elementor-widget elementor-widget-heading\" data-id=\"3d3f871\" data-element_type=\"widget\" data-e-type=\"widget\" data-widget_type=\"heading.default\">\n\t\t\t\t<div class=\"elementor-widget-container\">\n\t\t\t\t\t<h1 class=\"elementor-heading-title elementor-size-default\">Articles des KlimaDocs pour l'AGN<\/h1>\t\t\t\t<\/div>\n\t\t\t\t<\/div>\n\t\t\t\t\t<\/div>\n\t\t\t\t<\/div>\n\t\t<div class=\"elementor-element elementor-element-2179231 e-flex e-con-boxed e-con e-parent\" data-id=\"2179231\" data-element_type=\"container\" data-e-type=\"container\">\n\t\t\t\t\t<div class=\"e-con-inner\">\n\t\t\t\t<div class=\"elementor-element elementor-element-3c12a81 elementor-widget elementor-widget-text-editor\" data-id=\"3c12a81\" data-element_type=\"widget\" data-e-type=\"widget\" data-widget_type=\"text-editor.default\">\n\t\t\t\t<div class=\"elementor-widget-container\">\n\t\t\t\t\t\t\t\t\t<p>D'un point de vue m\u00e9dical, la protection du climat est avant tout une protection de la sant\u00e9. Les KlimaDocs expliquent comment les gens peuvent contribuer \u00e0 lutter contre le changement climatique tout en prot\u00e9geant leur propre sant\u00e9. La vision de notre association \u00e0 but non lucratif est d'amener le th\u00e8me de \"l'am\u00e9lioration de la sant\u00e9 gr\u00e2ce \u00e0 la protection du climat\" au c\u0153ur du d\u00e9bat social, afin de susciter un changement de mentalit\u00e9 et de comportement.<\/p><p>Pour ce faire, nous souhaitons convaincre les m\u00e9decins et autres professionnels de la sant\u00e9 des cabinets m\u00e9dicaux et des cliniques de jouer le r\u00f4le de multiplicateurs et d'informer leurs patients sur les avantages pour la sant\u00e9 d'un comportement respectueux du climat (ce que l'on appelle les co-b\u00e9n\u00e9fices). Nous b\u00e9n\u00e9ficions d'une grande confiance de la part de nos patients et nous touchons toutes les personnes de la soci\u00e9t\u00e9.<\/p><p><strong>Notre message : <\/strong>Selon l'OMS, la lutte contre le changement climatique est actuellement la chose la plus importante que nous puissions faire pour notre sant\u00e9. Chacun d'entre nous peut apporter une contribution importante. Il ne s'agit pas de renoncer, mais de changer pour le mieux.<\/p><p>Pour ce faire, nous mettons \u00e0 la disposition des cabinets et des cliniques des <strong>un mat\u00e9riel d'information solide <\/strong>est \u00e0 votre disposition pour vous aider dans cette t\u00e2che. Le mat\u00e9riel a \u00e9t\u00e9 \u00e9labor\u00e9 en collaboration avec des soci\u00e9t\u00e9s savantes et des experts en communication sur la sant\u00e9 et comprend des supports imprim\u00e9s, des brochures et des articles num\u00e9riques, un bouton pour le site web, des affiches pour la salle d'attente et 2 petits films pour la salle d'attente ou le site web, ainsi que des cartes de rendez-vous. Il peut \u00eatre mis \u00e0 disposition dans la salle d'attente sans perte de temps suppl\u00e9mentaire ou \u00eatre remis en main propre, par exemple dans le cadre d'examens de d\u00e9pistage. Vos patients re\u00e7oivent ainsi des conseils simples et rapides \u00e0 mettre en \u0153uvre, qui leur permettent de prendre soin de leur sant\u00e9, de leur entourage et du climat.<\/p><p><strong>Vous \u00eates m\u00e9decin ou un autre professionnel de la sant\u00e9 ? <\/strong>Vous pouvez t\u00e9l\u00e9charger nos documents gratuits sur <a href=\"http:\/\/www.klimadocs.de\" target=\"_blank\" rel=\"noopener\">www.klimadocs.de<\/a> peuvent \u00eatre command\u00e9s. Vous devenez ainsi automatiquement vous-m\u00eame un ClimatDoc, mais vous ne prenez pas d'autres engagements tels qu'une adh\u00e9sion ou autre.<\/p><p>Participez, car l'avenir n'arrive pas simplement, mais nous le fa\u00e7onnons par nos actions !<\/p>\t\t\t\t\t\t\t\t<\/div>\n\t\t\t\t<\/div>\n\t\t\t\t\t<\/div>\n\t\t\t\t<\/div>\n\t\t\t\t<\/div>","protected":false},"excerpt":{"rendered":"<p>Aus medizinischer Sicht ist Klimaschutz zuallererst Gesundheitsschutz. Wie die Menschen dazu beitragen k\u00f6nnen, dem Klimawandel entgegenzuwirken und dadurch zugleich ihre eigene\u00a0 Gesundheit sch\u00fctzen, dar\u00fcber kl\u00e4ren die KlimaDocs auf. Die Vision unseres gemeinn\u00fctzigen Vereins ist, das Thema \u201eMehr Gesundheit durch Klimaschutz\u201c in die Mitte des gesellschaftlichen Diskurses zu bringen, um so ein Umdenken sowie Verhaltens\u00e4nderungen anzusto\u00dfen. [&hellip;]<\/p>\n","protected":false},"author":1,"featured_media":0,"parent":1142,"menu_order":0,"comment_status":"closed","ping_status":"closed","template":"","meta":{"_acf_changed":false,"footnotes":""},"class_list":["post-5138","page","type-page","status-publish","hentry"],"acf":[],"_links":{"self":[{"href":"https:\/\/agderma.de\/fr\/wp-json\/wp\/v2\/pages\/5138","targetHints":{"allow":["GET"]}}],"collection":[{"href":"https:\/\/agderma.de\/fr\/wp-json\/wp\/v2\/pages"}],"about":[{"href":"https:\/\/agderma.de\/fr\/wp-json\/wp\/v2\/types\/page"}],"author":[{"embeddable":true,"href":"https:\/\/agderma.de\/fr\/wp-json\/wp\/v2\/users\/1"}],"replies":[{"embeddable":true,"href":"https:\/\/agderma.de\/fr\/wp-json\/wp\/v2\/comments?post=5138"}],"version-history":[{"count":9,"href":"https:\/\/agderma.de\/fr\/wp-json\/wp\/v2\/pages\/5138\/revisions"}],"predecessor-version":[{"id":5154,"href":"https:\/\/agderma.de\/fr\/wp-json\/wp\/v2\/pages\/5138\/revisions\/5154"}],"up":[{"embeddable":true,"href":"https:\/\/agderma.de\/fr\/wp-json\/wp\/v2\/pages\/1142"}],"wp:attachment":[{"href":"https:\/\/agderma.de\/fr\/wp-json\/wp\/v2\/media?parent=5138"}],"curies":[{"name":"wp","href":"https:\/\/api.w.org\/{rel}","templated":true}]}}