{"id":5663,"date":"2025-03-28T14:38:52","date_gmt":"2025-03-28T14:38:52","guid":{"rendered":"https:\/\/agderma.de\/?page_id=5663"},"modified":"2025-03-28T14:41:51","modified_gmt":"2025-03-28T14:41:51","slug":"flyer-bon-pour-le-climat-double-bon-pour-moi","status":"publish","type":"page","link":"https:\/\/agderma.de\/fr\/themen\/flyer-gut-fuer-das-klima-doppelt-gut-fuer-mich\/","title":{"rendered":"D\u00e9pliant \"Bon pour le climat - doublement bon pour moi\"."},"content":{"rendered":"<div data-elementor-type=\"wp-page\" data-elementor-id=\"5663\" class=\"elementor elementor-5663\" data-elementor-post-type=\"page\">\n\t\t\t\t<div class=\"elementor-element elementor-element-3d478ea e-flex e-con-boxed e-con e-parent\" data-id=\"3d478ea\" data-element_type=\"container\" data-e-type=\"container\" data-settings=\"{&quot;background_background&quot;:&quot;classic&quot;}\">\n\t\t\t\t\t<div class=\"e-con-inner\">\n\t\t\t\t<div class=\"elementor-element elementor-element-3d3f871 elementor-widget elementor-widget-heading\" data-id=\"3d3f871\" data-element_type=\"widget\" data-e-type=\"widget\" data-widget_type=\"heading.default\">\n\t\t\t\t<div class=\"elementor-widget-container\">\n\t\t\t\t\t<h1 class=\"elementor-heading-title elementor-size-default\">D\u00e9pliant \"Bon pour le climat - doublement bon pour moi\".<\/h1>\t\t\t\t<\/div>\n\t\t\t\t<\/div>\n\t\t\t\t\t<\/div>\n\t\t\t\t<\/div>\n\t\t<div class=\"elementor-element elementor-element-2179231 e-flex e-con-boxed e-con e-parent\" data-id=\"2179231\" data-element_type=\"container\" data-e-type=\"container\">\n\t\t\t\t\t<div class=\"e-con-inner\">\n\t\t\t\t<div class=\"elementor-element elementor-element-3c12a81 elementor-widget elementor-widget-text-editor\" data-id=\"3c12a81\" data-element_type=\"widget\" data-e-type=\"widget\" data-widget_type=\"text-editor.default\">\n\t\t\t\t<div class=\"elementor-widget-container\">\n\t\t\t\t\t\t\t\t\t<div class=\"elementToProof\">Le nouveau d\u00e9pliant de l'association KlimaDocs e.V. est arriv\u00e9 ! En collaboration avec KLUG - Alliance pour le changement climatique et la sant\u00e9, l'Association des m\u00e9decins g\u00e9n\u00e9ralistes et de famille (H\u00c4V) et l'Institut f\u00e9d\u00e9ral de la sant\u00e9 publique (BI\u00d6G), un d\u00e9pliant compact a \u00e9t\u00e9 cr\u00e9\u00e9 sur la base des connaissances actuelles en mati\u00e8re de recherche sur la communication climatique. Il propose des conseils pratiques pour promouvoir la sant\u00e9 gr\u00e2ce \u00e0 un comportement respectueux du climat. La version r\u00e9vis\u00e9e contient des recommandations suppl\u00e9mentaires sur l'alimentation, la mobilit\u00e9 et l'utilisation des \u00e9nergies renouvelables. Le nouveau mat\u00e9riel d'information est particuli\u00e8rement adapt\u00e9 aux cabinets m\u00e9dicaux, aux th\u00e9rapeutes, au personnel soignant et aux services de sant\u00e9 publique. Vous pouvez commander gratuitement le d\u00e9pliant et d'autres documents sur notre site Web ou les consulter en ligne :\u00a0<strong><a id=\"OWAfe4a4d1d-24e1-ad2b-3d64-3a6655162950\" class=\"x_OWAAutoLink\" href=\"https:\/\/klimadocs.de\/mehr-gesundheit-durch-klimaschutz\" target=\"_blank\" rel=\"noopener\" data-linkindex=\"0\" data-auth=\"NotApplicable\">D\u00e9pliant g\u00e9n\u00e9ral KlimaDocs<\/a><\/strong><\/div><div>\u00a0<\/div><div class=\"elementToProof\"><u>Adh\u00e9sion<\/u><\/div><div class=\"elementToProof\">Soutenez KlimaDocs e.V. en devenant membre de soutien et contribuez activement \u00e0 la promotion de la sant\u00e9 par la protection du climat. Avec une cotisation annuelle de 100 euros (tarif r\u00e9duit pour les membres de KLUG), vous aidez \u00e0 mettre \u00e0 disposition les projets de KlimaDocs e.V. et des mat\u00e9riaux gratuits. En tant que membre de soutien, vous recevrez r\u00e9guli\u00e8rement des informations sur les nouveaut\u00e9s et les projets actuels de l'association. Pour plus de d\u00e9tails et pour vous inscrire, consultez le\u00a0<a id=\"LPlnk381161\" href=\"https:\/\/klimadocs.de\/mitglied-werden\" target=\"_blank\" rel=\"noopener\">Site web<\/a>\u00a0de l'association KlimaDocs e.V.\u00a0<\/div>\t\t\t\t\t\t\t\t<\/div>\n\t\t\t\t<\/div>\n\t\t\t\t\t<\/div>\n\t\t\t\t<\/div>\n\t\t\t\t<\/div>","protected":false},"excerpt":{"rendered":"<p>Der neue Flyer des KlimaDocs e.V. ist da! In Zusammenarbeit mit KLUG \u2013 Allianz f\u00fcr Klimawandel und Gesundheit, dem Haus\u00e4rzt:innen- und Haus\u00e4rzteverband (H\u00c4V) sowie dem Bundesinstitut f\u00fcr \u00d6ffentliche Gesundheit (BI\u00d6G) wurde ein kompaktes Faltblatt erstellt, der auf aktuellen Erkenntnissen der Klimakommunikationsforschung basiert. Er bietet praktische Tipps zur F\u00f6rderung der Gesundheit durch klimafreundliches Verhalten. Die \u00fcberarbeitete [&hellip;]<\/p>\n","protected":false},"author":1,"featured_media":0,"parent":1142,"menu_order":0,"comment_status":"closed","ping_status":"closed","template":"","meta":{"_acf_changed":false,"footnotes":""},"class_list":["post-5663","page","type-page","status-publish","hentry"],"acf":[],"_links":{"self":[{"href":"https:\/\/agderma.de\/fr\/wp-json\/wp\/v2\/pages\/5663","targetHints":{"allow":["GET"]}}],"collection":[{"href":"https:\/\/agderma.de\/fr\/wp-json\/wp\/v2\/pages"}],"about":[{"href":"https:\/\/agderma.de\/fr\/wp-json\/wp\/v2\/types\/page"}],"author":[{"embeddable":true,"href":"https:\/\/agderma.de\/fr\/wp-json\/wp\/v2\/users\/1"}],"replies":[{"embeddable":true,"href":"https:\/\/agderma.de\/fr\/wp-json\/wp\/v2\/comments?post=5663"}],"version-history":[{"count":4,"href":"https:\/\/agderma.de\/fr\/wp-json\/wp\/v2\/pages\/5663\/revisions"}],"predecessor-version":[{"id":5667,"href":"https:\/\/agderma.de\/fr\/wp-json\/wp\/v2\/pages\/5663\/revisions\/5667"}],"up":[{"embeddable":true,"href":"https:\/\/agderma.de\/fr\/wp-json\/wp\/v2\/pages\/1142"}],"wp:attachment":[{"href":"https:\/\/agderma.de\/fr\/wp-json\/wp\/v2\/media?parent=5663"}],"curies":[{"name":"wp","href":"https:\/\/api.w.org\/{rel}","templated":true}]}}