{"id":5837,"date":"2026-02-18T20:49:35","date_gmt":"2026-02-18T20:49:35","guid":{"rendered":"https:\/\/agderma.de\/?page_id=5837"},"modified":"2026-02-18T21:09:06","modified_gmt":"2026-02-18T21:09:06","slug":"information","status":"publish","type":"page","link":"https:\/\/agderma.de\/fr\/","title":{"rendered":"Information"},"content":{"rendered":"<div data-elementor-type=\"wp-page\" data-elementor-id=\"5837\" class=\"elementor elementor-5837\" data-elementor-post-type=\"page\">\n\t\t\t\t<div class=\"elementor-element elementor-element-00b0ece e-flex e-con-boxed e-con e-parent\" data-id=\"00b0ece\" data-element_type=\"container\" data-e-type=\"container\">\n\t\t\t\t\t<div class=\"e-con-inner\">\n\t\t<div class=\"elementor-element elementor-element-3a530a8 e-con-full e-flex e-con e-child\" data-id=\"3a530a8\" data-element_type=\"container\" data-e-type=\"container\" data-settings=\"{&quot;background_background&quot;:&quot;classic&quot;}\">\n\t\t<div class=\"elementor-element elementor-element-2451754 e-con-full e-flex e-con e-child\" data-id=\"2451754\" data-element_type=\"container\" data-e-type=\"container\">\n\t\t\t\t<div class=\"elementor-element elementor-element-92d237e elementor-widget elementor-widget-heading\" data-id=\"92d237e\" data-element_type=\"widget\" data-e-type=\"widget\" data-widget_type=\"heading.default\">\n\t\t\t\t<div class=\"elementor-widget-container\">\n\t\t\t\t\t<h2 class=\"elementor-heading-title elementor-size-default\">Communiqu\u00e9 sur la r\u00e9orientation organisationnelle de l'Association pour le d\u00e9veloppement durable en dermatologie (AGN) e.V.<\/h2>\t\t\t\t<\/div>\n\t\t\t\t<\/div>\n\t\t\t\t<div class=\"elementor-element elementor-element-40b0318 elementor-widget elementor-widget-text-editor\" data-id=\"40b0318\" data-element_type=\"widget\" data-e-type=\"widget\" data-widget_type=\"text-editor.default\">\n\t\t\t\t<div class=\"elementor-widget-container\">\n\t\t\t\t\t\t\t\t\t<p><span style=\"font-weight: 400;\">Le 19 f\u00e9vrier 2026, l'association Arbeitsgemeinschaft Nachhaltigkeit in dermatologie (AGN) e.V. sera officiellement dissoute. Dans le cadre d'une r\u00e9orientation strat\u00e9gique, nous rejoignons l'association <a href=\"https:\/\/www.klimawandel-gesundheit.de\/\" target=\"_blank\" rel=\"noopener\">KLUG - Alliance allemande pour le changement climatique et la sant\u00e9.<\/a> de l'ann\u00e9e derni\u00e8re. L\u00e0, nous serons consid\u00e9r\u00e9s comme <a href=\"https:\/\/www.klimawandel-gesundheit.de\/klug-unterstuetzen\/aktiv-werden\/klug-arbeitsgruppen\/arbeitsgruppe-dermatologie\/\" target=\"_blank\" rel=\"noopener\">GT Dermatologie<\/a><\/span> <span style=\"font-weight: 400;\">poursuivre notre travail et continuer \u00e0 nous engager avec nos th\u00e8mes pour une orientation de la dermatologie respectueuse de l'environnement. Tout le mat\u00e9riel que nous avons produit jusqu'\u00e0 pr\u00e9sent est utilis\u00e9 par KLUG et son \u00e9quipe. <a href=\"https:\/\/klimeg.de\/qm-vorlagen\/\" target=\"_blank\" rel=\"noopener\">Centre de comp\u00e9tence pour la m\u00e9decine et les \u00e9tablissements de sant\u00e9 r\u00e9silients face au climat (KliMeG)<\/a> et y seront disponibles gratuitement, comme d'habitude.<\/span><\/p><p><span style=\"font-weight: 400;\">Nous remercions tout particuli\u00e8rement la Soci\u00e9t\u00e9 allemande de dermatologie<\/span> <span style=\"font-weight: 400;\">ainsi que tous les partenaires, membres et supporters qui nous ont accompagn\u00e9s et soutenus au fil des ans. Leur engagement a \u00e9t\u00e9 d\u00e9terminant dans les succ\u00e8s que notre initiative a connus jusqu'\u00e0 pr\u00e9sent.<\/span><\/p><p><span style=\"font-weight: 400;\">Nous sommes impatients de continuer \u00e0 vous accueillir dans le cadre de KLUG et de travailler ensemble \u00e0 un avenir du secteur de la sant\u00e9 respectueux du climat.<\/span><\/p><p><span style=\"font-weight: 400;\">Meilleures salutations<\/span><\/p><p><span style=\"font-weight: 400;\">Votre \u00e9quipe du GT Dermatologie chez KLUG<\/span><\/p>\t\t\t\t\t\t\t\t<\/div>\n\t\t\t\t<\/div>\n\t\t\t\t<\/div>\n\t\t<div class=\"elementor-element elementor-element-27a7fcc e-con-full e-flex e-con e-child\" data-id=\"27a7fcc\" data-element_type=\"container\" data-e-type=\"container\">\n\t\t\t\t<div class=\"elementor-element elementor-element-4e3894c elementor-widget elementor-widget-image\" data-id=\"4e3894c\" data-element_type=\"widget\" data-e-type=\"widget\" data-widget_type=\"image.default\">\n\t\t\t\t<div class=\"elementor-widget-container\">\n\t\t\t\t\t\t\t\t\t\t\t\t\t\t\t<img fetchpriority=\"high\" decoding=\"async\" width=\"303\" height=\"525\" src=\"https:\/\/agderma.de\/wp-content\/uploads\/2023\/04\/undraw_love_it_3km3.svg\" class=\"attachment-large size-large wp-image-4021\" alt=\"\" \/>\t\t\t\t\t\t\t\t\t\t\t\t\t\t\t<\/div>\n\t\t\t\t<\/div>\n\t\t\t\t<\/div>\n\t\t\t\t<\/div>\n\t\t\t\t\t<\/div>\n\t\t\t\t<\/div>\n\t\t\t\t<\/div>","protected":false},"excerpt":{"rendered":"<p>Mitteilung zur organisatorischen Neuausrichtung der Arbeitsgemeinschaft Nachhaltigkeit in der Dermatologie (AGN) e.V. Am 19. Februar 2026 wird die Arbeitsgemeinschaft Nachhaltigkeit in der Dermatologie (AGN) e.V. offiziell aufgel\u00f6st. Im Rahmen einer strategischen Neuausrichtung schlie\u00dfen wir uns dem Verein KLUG &#8211; Deutsche Allianz f\u00fcr Klimawandel und Gesundheit e.V. an. Dort werden wir als AG Dermatologie unsere Arbeit [&hellip;]<\/p>\n","protected":false},"author":1,"featured_media":0,"parent":0,"menu_order":0,"comment_status":"closed","ping_status":"closed","template":"elementor_canvas","meta":{"_acf_changed":false,"footnotes":""},"class_list":["post-5837","page","type-page","status-publish","hentry"],"acf":[],"_links":{"self":[{"href":"https:\/\/agderma.de\/fr\/wp-json\/wp\/v2\/pages\/5837","targetHints":{"allow":["GET"]}}],"collection":[{"href":"https:\/\/agderma.de\/fr\/wp-json\/wp\/v2\/pages"}],"about":[{"href":"https:\/\/agderma.de\/fr\/wp-json\/wp\/v2\/types\/page"}],"author":[{"embeddable":true,"href":"https:\/\/agderma.de\/fr\/wp-json\/wp\/v2\/users\/1"}],"replies":[{"embeddable":true,"href":"https:\/\/agderma.de\/fr\/wp-json\/wp\/v2\/comments?post=5837"}],"version-history":[{"count":7,"href":"https:\/\/agderma.de\/fr\/wp-json\/wp\/v2\/pages\/5837\/revisions"}],"predecessor-version":[{"id":5845,"href":"https:\/\/agderma.de\/fr\/wp-json\/wp\/v2\/pages\/5837\/revisions\/5845"}],"wp:attachment":[{"href":"https:\/\/agderma.de\/fr\/wp-json\/wp\/v2\/media?parent=5837"}],"curies":[{"name":"wp","href":"https:\/\/api.w.org\/{rel}","templated":true}]}}