{"id":1169,"date":"2023-01-26T05:59:52","date_gmt":"2023-01-26T05:59:52","guid":{"rendered":"http:\/\/agderma.de\/?page_id=1169"},"modified":"2025-03-15T15:41:44","modified_gmt":"2025-03-15T15:41:44","slug":"plastica-in-dermatologia","status":"publish","type":"page","link":"https:\/\/agderma.de\/it\/themen\/plastik-in-der-dermatologie\/","title":{"rendered":"Plastiche in dermatologia"},"content":{"rendered":"<div data-elementor-type=\"wp-page\" data-elementor-id=\"1169\" class=\"elementor elementor-1169\" data-elementor-post-type=\"page\">\n\t\t\t\t<div class=\"elementor-element elementor-element-3d478ea e-flex e-con-boxed e-con e-parent\" data-id=\"3d478ea\" data-element_type=\"container\" data-e-type=\"container\" data-settings=\"{&quot;background_background&quot;:&quot;classic&quot;}\">\n\t\t\t\t\t<div class=\"e-con-inner\">\n\t\t\t\t<div class=\"elementor-element elementor-element-3d3f871 elementor-widget elementor-widget-heading\" data-id=\"3d3f871\" data-element_type=\"widget\" data-e-type=\"widget\" data-widget_type=\"heading.default\">\n\t\t\t\t<div class=\"elementor-widget-container\">\n\t\t\t\t\t<h1 class=\"elementor-heading-title elementor-size-default\">Plastiche in dermatologia<\/h1>\t\t\t\t<\/div>\n\t\t\t\t<\/div>\n\t\t\t\t\t<\/div>\n\t\t\t\t<\/div>\n\t\t<div class=\"elementor-element elementor-element-2179231 e-flex e-con-boxed e-con e-parent\" data-id=\"2179231\" data-element_type=\"container\" data-e-type=\"container\">\n\t\t\t\t\t<div class=\"e-con-inner\">\n\t\t\t\t<div class=\"elementor-element elementor-element-3c12a81 elementor-widget elementor-widget-text-editor\" data-id=\"3c12a81\" data-element_type=\"widget\" data-e-type=\"widget\" data-widget_type=\"text-editor.default\">\n\t\t\t\t<div class=\"elementor-widget-container\">\n\t\t\t\t\t\t\t\t\t<p>Nella pratica medica quotidiana, vengono prodotti molti rifiuti di plastica nell'assistenza ai pazienti, dagli aghi delle siringhe ai set chirurgici elaborati, ai guanti, alle maschere e alle forniture di laboratorio. Inoltre, nella routine di uno studio o di una clinica dermatologica, numerosi campioni di plastica confezionati per prodotti di cura di varia origine svolgono un ruolo importante nell'assistenza ai pazienti.<\/p><p>Esistono oltre 200 tipi diversi di plastica solida, di composizione variabile. La plastica \u00e8 onnipresente e si accumula negli oceani da decenni attraverso i fiumi, le acque reflue e l'acqua piovana. Attualmente si stima che ci siano gi\u00e0 14 milioni di tonnellate di microplastiche sul fondo marino.<\/p><p>La maggior parte di queste sostanze non sono affatto biodegradabili o lo sono solo con difficolt\u00e0 e, a seconda delle loro dimensioni, non possono essere filtrate dalle acque reflue nelle aree urbane attraverso gli impianti di depurazione. Queste sostanze finiscono nuovamente nel piatto attraverso la catena alimentare.<\/p><p><strong>In pratica, la plastica ha un peso diverso:<\/strong><\/p><ul><li><strong>Macroplastica<\/strong> sotto forma di materiale di imballaggio come tubi, bottiglie e barattoli.<\/li><li><strong>Microplastiche<\/strong> come composti sintetici solidi di varie composizioni fino ad un diametro massimo di 5 mm. Questi cadono come <strong>microplastiche primarie<\/strong> nella formulazione degli esterni, ad esempio come sostanze solide come particelle abrasive, paste e polveri. Inoltre, qui sono elencati anche i polimeri liquidi pi\u00f9 comuni, che possono essere contenuti negli agenti esterni, ad esempio come emulsionanti e conservanti. Secondario <strong>Microplastiche<\/strong> d'altra parte, si crea dalle macroplastiche attraverso i processi di abrasione e decomposizione causati dal sole e dal vento.<\/li><\/ul><div>\u00a0<\/div><p>Da qualche anno, \u00e8 sempre pi\u00f9 evidente che, oltre alle microplastiche, anche alcune altre sostanze presenti nei prodotti esterni hanno effetti nocivi sulla salute. Tra queste vi sono gli allergeni come gli acrilati, i parabeni che provocano il tumore, le sostanze ormonali come <a href=\"https:\/\/agderma.de\/it\/argomenti\/cosa-sono-gli-interferenti-endocrini\/\">interferenti endocrini<\/a> e altro ancora <a href=\"https:\/\/agderma.de\/it\/argomenti\/problema-causato-dalle-creme-di-protezione-solare\/\">Ingredienti dei prodotti di protezione solare<\/a>che stanno portando alla morte delle barriere coralline in tutto il mondo.<\/p>\t\t\t\t\t\t\t\t<\/div>\n\t\t\t\t<\/div>\n\t\t\t\t<div class=\"elementor-element elementor-element-5d58bc7 elementor-widget elementor-widget-image\" data-id=\"5d58bc7\" data-element_type=\"widget\" data-e-type=\"widget\" data-widget_type=\"image.default\">\n\t\t\t\t<div class=\"elementor-widget-container\">\n\t\t\t\t\t\t\t\t\t\t\t\t<figure class=\"wp-caption\">\n\t\t\t\t\t\t\t\t\t\t\t<a href=\"https:\/\/www.mdr.de\/wissen\/gefahr-mikroplastik-in-menschen100_zc-b1d0fd3e_zs-64b8d9c9.html\" target=\"_blank\" rel=\"noopener\">\n\t\t\t\t\t\t\t<img fetchpriority=\"high\" decoding=\"async\" width=\"600\" height=\"337\" src=\"https:\/\/agderma.de\/wp-content\/uploads\/2023\/01\/Beitrag-Plastik-in-der-Dermatologie_Video.webp\" class=\"attachment-large size-large wp-image-1172\" alt=\"\" srcset=\"https:\/\/agderma.de\/wp-content\/uploads\/2023\/01\/Beitrag-Plastik-in-der-Dermatologie_Video.webp 600w, https:\/\/agderma.de\/wp-content\/uploads\/2023\/01\/Beitrag-Plastik-in-der-Dermatologie_Video-300x169.webp 300w\" sizes=\"(max-width: 600px) 100vw, 600px\" \/>\t\t\t\t\t\t\t\t<\/a>\n\t\t\t\t\t\t\t\t\t\t\t<figcaption class=\"widget-image-caption wp-caption-text\">Video: Microplastiche: il pericolo invisibile Per gentile concessione di MDR Wissen (2018)<\/figcaption>\n\t\t\t\t\t\t\t\t\t\t<\/figure>\n\t\t\t\t\t\t\t\t\t<\/div>\n\t\t\t\t<\/div>\n\t\t\t\t<div class=\"elementor-element elementor-element-b668183 elementor-widget elementor-widget-text-editor\" data-id=\"b668183\" data-element_type=\"widget\" data-e-type=\"widget\" data-widget_type=\"text-editor.default\">\n\t\t\t\t<div class=\"elementor-widget-container\">\n\t\t\t\t\t\t\t\t\t<p>Un rapporto pubblicato nel marzo 2021 <a href=\"https:\/\/pubs.acs.org\/doi\/10.1021\/acs.est.0c05984\" target=\"_blank\" rel=\"noopener\">Studio<\/a> di San Francisco \u00e8 stato in grado di rilevare 109 sostanze chimiche industriali nel sangue dei neonati e delle loro madri, utilizzando la spettrometria di massa. Questo ha dimostrato chiaramente che le nanoparticelle chimiche possono attraversare la barriera placentare. 55 sostanze sono state rilevate per la prima volta nel sangue umano. 28 sostanze sono state chiaramente attribuite al settore cosmetico. Per 42 composti chimici, non \u00e8 stato possibile determinare le fonti e le aree di applicazione.<\/p><p>Questo genera le maggiori preoccupazioni. Mancano studi che esaminino quali interazioni possono nascere dalla moltitudine di sostanze chimiche presenti nell'ambiente, se si rivelano tossiche e in che misura possono influenzare l'embriogenesi degli esseri viventi.<\/p>\t\t\t\t\t\t\t\t<\/div>\n\t\t\t\t<\/div>\n\t\t\t\t<div class=\"elementor-element elementor-element-5361cbc elementor-widget elementor-widget-toggle\" data-id=\"5361cbc\" data-element_type=\"widget\" data-e-type=\"widget\" data-widget_type=\"toggle.default\">\n\t\t\t\t<div class=\"elementor-widget-container\">\n\t\t\t\t\t\t\t<div class=\"elementor-toggle\">\n\t\t\t\t\t\t\t<div class=\"elementor-toggle-item\">\n\t\t\t\t\t<div id=\"elementor-tab-title-8741\" class=\"elementor-tab-title\" data-tab=\"1\" role=\"button\" aria-controls=\"elementor-tab-content-8741\" aria-expanded=\"false\">\n\t\t\t\t\t\t\t\t\t\t\t\t<span class=\"elementor-toggle-icon elementor-toggle-icon-left\" aria-hidden=\"true\">\n\t\t\t\t\t\t\t\t\t\t\t\t\t\t\t<span class=\"elementor-toggle-icon-closed\"><i class=\"fas fa-caret-right\"><\/i><\/span>\n\t\t\t\t\t\t\t\t<span class=\"elementor-toggle-icon-opened\"><i class=\"elementor-toggle-icon-opened fas fa-caret-up\"><\/i><\/span>\n\t\t\t\t\t\t\t\t\t\t\t\t\t<\/span>\n\t\t\t\t\t\t\t\t\t\t\t\t<a class=\"elementor-toggle-title\" tabindex=\"0\">Riferimenti e informazioni legali<\/a>\n\t\t\t\t\t<\/div>\n\n\t\t\t\t\t<div id=\"elementor-tab-content-8741\" class=\"elementor-tab-content elementor-clearfix\" data-tab=\"1\" role=\"region\" aria-labelledby=\"elementor-tab-title-8741\"><p class=\"font_8\"><span class=\"color_11\">\u00a9 Dr. med. Dipl. Biol. Susanne Saha 03\/2021<\/span><\/p><p><strong>Riferimenti:<\/strong><\/p><ul><li><a href=\"https:\/\/codecheck-app.com\/wp-content\/uploads\/2016\/10\/Codecheck_Mikroplastikstudie_2016.pdf\" target=\"_blank\" rel=\"noopener\">Studio sulle microplastiche 2016<\/a><\/li><li><a href=\"https:\/\/www.bund.net\/fileadmin\/user_upload_bund\/publikationen\/chemie\/chemie_plastikatlas_2019.pdf\" target=\"_blank\" rel=\"noopener\">PLASTIKATLAS 2019 - Fatti e cifre su un mondo pieno di plastica<\/a>Fondazione Heinrich B\u00f6ll e Lega tedesca per l'ambiente e la conservazione della natura, 2a edizione, luglio 2019<\/li><li><a href=\"https:\/\/www.umsicht.fraunhofer.de\/content\/dam\/umsicht\/de\/dokumente\/publikationen\/2018\/kunststoffe-id-umwelt-konsortialstudie-mikroplastik.pdf\" target=\"_blank\" rel=\"noopener\">Studio di prudenza<\/a>Istituto Fraunhofer, 2018<\/li><\/ul><\/div>\n\t\t\t\t<\/div>\n\t\t\t\t\t\t\t\t<\/div>\n\t\t\t\t\t\t<\/div>\n\t\t\t\t<\/div>\n\t\t\t\t\t<\/div>\n\t\t\t\t<\/div>\n\t\t\t\t<\/div>","protected":false},"excerpt":{"rendered":"<p>Im medizinischen Alltag f\u00e4llt bei der Patientenversorgung von der Spritzkan\u00fcle bis zu aufw\u00e4ndigen OP-Sets, Handschuhen, Masken und Laborbedarf viel Plastikabfall an. Zudem spielen in der Routine einer dermatologischen Praxis oder Klinik zahlreiche in Plastik verpackte Proben f\u00fcr Pflegemittel unterschiedlichster Herkunft eine wichtige Rolle in der Patientenversorgung. Es gibt \u00fcber 200 verschiedene feste Plastikarten unterschiedlichster Zusammensetzung. [&hellip;]<\/p>\n","protected":false},"author":1,"featured_media":0,"parent":1142,"menu_order":0,"comment_status":"closed","ping_status":"closed","template":"","meta":{"_acf_changed":false,"footnotes":""},"class_list":["post-1169","page","type-page","status-publish","hentry"],"acf":[],"_links":{"self":[{"href":"https:\/\/agderma.de\/it\/wp-json\/wp\/v2\/pages\/1169","targetHints":{"allow":["GET"]}}],"collection":[{"href":"https:\/\/agderma.de\/it\/wp-json\/wp\/v2\/pages"}],"about":[{"href":"https:\/\/agderma.de\/it\/wp-json\/wp\/v2\/types\/page"}],"author":[{"embeddable":true,"href":"https:\/\/agderma.de\/it\/wp-json\/wp\/v2\/users\/1"}],"replies":[{"embeddable":true,"href":"https:\/\/agderma.de\/it\/wp-json\/wp\/v2\/comments?post=1169"}],"version-history":[{"count":13,"href":"https:\/\/agderma.de\/it\/wp-json\/wp\/v2\/pages\/1169\/revisions"}],"predecessor-version":[{"id":5616,"href":"https:\/\/agderma.de\/it\/wp-json\/wp\/v2\/pages\/1169\/revisions\/5616"}],"up":[{"embeddable":true,"href":"https:\/\/agderma.de\/it\/wp-json\/wp\/v2\/pages\/1142"}],"wp:attachment":[{"href":"https:\/\/agderma.de\/it\/wp-json\/wp\/v2\/media?parent=1169"}],"curies":[{"name":"wp","href":"https:\/\/api.w.org\/{rel}","templated":true}]}}