{"id":1176,"date":"2023-01-26T06:12:54","date_gmt":"2023-01-26T06:12:54","guid":{"rendered":"http:\/\/agderma.de\/?page_id=1176"},"modified":"2023-02-24T02:22:08","modified_gmt":"2023-02-24T02:22:08","slug":"campioni-di-prodotto","status":"publish","type":"page","link":"https:\/\/agderma.de\/it\/themen\/produktproben\/","title":{"rendered":"Campioni di prodotti"},"content":{"rendered":"<div data-elementor-type=\"wp-page\" data-elementor-id=\"1176\" class=\"elementor elementor-1176\" data-elementor-post-type=\"page\">\n\t\t\t\t<div class=\"elementor-element elementor-element-3d478ea e-flex e-con-boxed e-con e-parent\" data-id=\"3d478ea\" data-element_type=\"container\" data-e-type=\"container\" data-settings=\"{&quot;background_background&quot;:&quot;classic&quot;}\">\n\t\t\t\t\t<div class=\"e-con-inner\">\n\t\t\t\t<div class=\"elementor-element elementor-element-3d3f871 elementor-widget elementor-widget-heading\" data-id=\"3d3f871\" data-element_type=\"widget\" data-e-type=\"widget\" data-widget_type=\"heading.default\">\n\t\t\t\t<div class=\"elementor-widget-container\">\n\t\t\t\t\t<h1 class=\"elementor-heading-title elementor-size-default\">Campioni di prodotti<\/h1>\t\t\t\t<\/div>\n\t\t\t\t<\/div>\n\t\t\t\t\t<\/div>\n\t\t\t\t<\/div>\n\t\t<div class=\"elementor-element elementor-element-2179231 e-flex e-con-boxed e-con e-parent\" data-id=\"2179231\" data-element_type=\"container\" data-e-type=\"container\">\n\t\t\t\t\t<div class=\"e-con-inner\">\n\t\t\t\t<div class=\"elementor-element elementor-element-3c12a81 elementor-widget elementor-widget-text-editor\" data-id=\"3c12a81\" data-element_type=\"widget\" data-e-type=\"widget\" data-widget_type=\"text-editor.default\">\n\t\t\t\t<div class=\"elementor-widget-container\">\n\t\t\t\t\t\t\t\t\t<p>I campioni di prodotti di diversi produttori dei cosiddetti \"cosmeceutici\" vengono distribuiti quotidianamente negli studi e nelle cliniche.<\/p><p>I cosmeceutici, un neologismo composto da \"cosmetici\" e \"farmaceutici\", contengono la massima concentrazione possibile di principi attivi che vengono approvati prima di essere classificati come medicinali. Pertanto, hanno un profilo di efficacia pi\u00f9 elevato rispetto ai prodotti di cura convenzionali.<\/p><p>Da un lato, questi campioni offrono ai pazienti diverse alternative per la cura della pelle, ma dall'altro sono problematici per l'ambiente e rappresentano anche un fattore di costo per lo studio.<\/p><p><strong>Il fattore ambientale<\/strong>\u200b<\/p><p>Spesso vengono consegnate scatole avvolte in una pellicola di plastica, contenenti diversi campioni e, in alcuni casi, cuscinetti di raccomandazione. Ogni piccola mini-package contiene una provetta, che di solito \u00e8 composta da due diversi tipi di plastica (coperchio e provetta). Molti dei campioni di prodotto contengono un massimo di 5-7 ml di contenuto, a volte mescolato con microplastiche di diversa composizione chimica. Alcuni di essi contengono sostanze sospettate di essere dannose, ad esempio, <a href=\"https:\/\/agderma.de\/it\/argomenti\/cosa-sono-gli-interferenti-endocrini\/\">ormone attivo<\/a> o<a href=\"https:\/\/agderma.de\/it\/argomenti\/problema-causato-dalle-creme-di-protezione-solare\/\"> tossico per gli organismi acquatici<\/a> per avere un effetto. La produzione ad alta intensit\u00e0 energetica delle buste di plastica si basa su combustibili fossili come il gas e il petrolio e mette a rischio la salute dei consumatori. <a href=\"https:\/\/agderma.de\/it\/argomenti\/la-plastica-provoca-il-cambiamento-climatico\/\">Gas serra anidride carbonica<\/a> gratis.<\/p><p>Si pu\u00f2 presumere che ogni giorno migliaia di campioni vengano distribuiti ai pazienti da medici di diverse specialit\u00e0 e farmacisti. Non tutti i campioni vengono provati dai pazienti. Inoltre, molti tubetti e bustine rimangono negli armadietti degli studi e delle cliniche oltre la data di scadenza e devono essere selezionati e scartati dagli operatori sanitari. \u00c8 probabile che i diversi tipi di imballaggio siano raramente separati dagli studi medici e dai consumatori, il che impedisce il recupero della plastica riciclabile negli impianti di riciclaggio dei rifiuti. Solo in Germania, ogni giorno vengono prodotte diverse tonnellate di rifiuti da incenerimento e quindi di gas a effetto serra dai campioni di prodotti. Si pu\u00f2 anche ipotizzare che alcuni campioni finiscano nell'ambiente a causa di viaggi e spostamenti o vengano smaltiti in Paesi che non dispongono di un sistema di smaltimento o riciclaggio dei rifiuti adeguato.<\/p><p><strong>Il fattore costo<\/strong><\/p><p>Nelle propriet\u00e0 in affitto, i campioni di prodotti occupano uno spazio di stoccaggio e quindi consumano una superficie che genera costi di affitto. Richiedono la manodopera di professionisti medici per riceverli, conservarli, smistarli e smaltirli. Il consumo continuo di tempo di lavoro che ne deriva non \u00e8 pi\u00f9 a disposizione di uno studio, di una clinica o di una farmacia per altre attivit\u00e0 e deve comunque essere retribuito. Il volume dei rifiuti aumenta enormemente anche a causa dei campioni di prodotto e del riconfezionamento. Poich\u00e9 le tasse sui rifiuti nella maggior parte dei comuni e delle citt\u00e0 si basano sulla quantit\u00e0 di rifiuti generati, ci\u00f2 si riflette sui costi da pagare.<\/p><p><strong>Aggiornamento dal 01 agosto 2022<\/strong><\/p><p>La plastica viene prodotta sulla base di combustibili fossili come il gas naturale e il petrolio. La guerra in Ucraina e la conseguente crescente restrizione delle forniture di gas alla Germania mettono quindi chiaramente in discussione la produzione e la distribuzione di campioni di prodotti da un punto di vista economico.<\/p>\t\t\t\t\t\t\t\t<\/div>\n\t\t\t\t<\/div>\n\t\t\t\t<div class=\"elementor-element elementor-element-5361cbc elementor-widget elementor-widget-toggle\" data-id=\"5361cbc\" data-element_type=\"widget\" data-e-type=\"widget\" data-widget_type=\"toggle.default\">\n\t\t\t\t<div class=\"elementor-widget-container\">\n\t\t\t\t\t\t\t<div class=\"elementor-toggle\">\n\t\t\t\t\t\t\t<div class=\"elementor-toggle-item\">\n\t\t\t\t\t<div id=\"elementor-tab-title-8741\" class=\"elementor-tab-title\" data-tab=\"1\" role=\"button\" aria-controls=\"elementor-tab-content-8741\" aria-expanded=\"false\">\n\t\t\t\t\t\t\t\t\t\t\t\t<span class=\"elementor-toggle-icon elementor-toggle-icon-left\" aria-hidden=\"true\">\n\t\t\t\t\t\t\t\t\t\t\t\t\t\t\t<span class=\"elementor-toggle-icon-closed\"><i class=\"fas fa-caret-right\"><\/i><\/span>\n\t\t\t\t\t\t\t\t<span class=\"elementor-toggle-icon-opened\"><i class=\"elementor-toggle-icon-opened fas fa-caret-up\"><\/i><\/span>\n\t\t\t\t\t\t\t\t\t\t\t\t\t<\/span>\n\t\t\t\t\t\t\t\t\t\t\t\t<a class=\"elementor-toggle-title\" tabindex=\"0\">Riferimenti e informazioni legali<\/a>\n\t\t\t\t\t<\/div>\n\n\t\t\t\t\t<div id=\"elementor-tab-content-8741\" class=\"elementor-tab-content elementor-clearfix\" data-tab=\"1\" role=\"region\" aria-labelledby=\"elementor-tab-title-8741\"><p>\u00a9 Dr. med. Dipl. Biol. Susanne Saha 06\/2021<\/p><p><strong>Altri materiali:<\/strong><\/p><ul><li><a href=\"https:\/\/agderma.de\/wp-content\/uploads\/2023\/02\/Infoblatt-Produktproben.pdf\">Informazioni per il paziente sui campioni di prodotto<\/a><\/li><li>Modello QM: <a href=\"https:\/\/agderma.de\/wp-content\/uploads\/2023\/02\/Buero-FB-Werbung-abbestellen.docx\">Cancellazione della pubblicit\u00e0<\/a><\/li><\/ul><p>\u200b<\/p><\/div>\n\t\t\t\t<\/div>\n\t\t\t\t\t\t\t\t<\/div>\n\t\t\t\t\t\t<\/div>\n\t\t\t\t<\/div>\n\t\t\t\t\t<\/div>\n\t\t\t\t<\/div>\n\t\t\t\t<\/div>","protected":false},"excerpt":{"rendered":"<p>T\u00e4glich werden Produktproben unterschiedlicher Hersteller von sogenannten \u201eCosmeceuticals\u201c in den Praxen und Kliniken verteilt. Cosmeceuticals, eine Wortsch\u00f6pfung aus \u201ecosmetics\u201c (Kosmetik) und \u201epharmaceuticals\u201c (Medikament), enthalten die h\u00f6chstm\u00f6gliche Konzentration an Wirkstoffen, die zugelassen sind, bevor sie als Arzneimittel eingestuft werden. Sie haben dadurch ein h\u00f6heres Wirkprofil als herk\u00f6mmliche Pflegeprodukte. Geben diese Proben einerseits die M\u00f6glichkeit, Patient*innen mehrere [&hellip;]<\/p>\n","protected":false},"author":1,"featured_media":0,"parent":1142,"menu_order":0,"comment_status":"closed","ping_status":"closed","template":"","meta":{"_acf_changed":false,"footnotes":""},"class_list":["post-1176","page","type-page","status-publish","hentry"],"acf":[],"_links":{"self":[{"href":"https:\/\/agderma.de\/it\/wp-json\/wp\/v2\/pages\/1176","targetHints":{"allow":["GET"]}}],"collection":[{"href":"https:\/\/agderma.de\/it\/wp-json\/wp\/v2\/pages"}],"about":[{"href":"https:\/\/agderma.de\/it\/wp-json\/wp\/v2\/types\/page"}],"author":[{"embeddable":true,"href":"https:\/\/agderma.de\/it\/wp-json\/wp\/v2\/users\/1"}],"replies":[{"embeddable":true,"href":"https:\/\/agderma.de\/it\/wp-json\/wp\/v2\/comments?post=1176"}],"version-history":[{"count":0,"href":"https:\/\/agderma.de\/it\/wp-json\/wp\/v2\/pages\/1176\/revisions"}],"up":[{"embeddable":true,"href":"https:\/\/agderma.de\/it\/wp-json\/wp\/v2\/pages\/1142"}],"wp:attachment":[{"href":"https:\/\/agderma.de\/it\/wp-json\/wp\/v2\/media?parent=1176"}],"curies":[{"name":"wp","href":"https:\/\/api.w.org\/{rel}","templated":true}]}}