{"id":1182,"date":"2023-01-26T06:21:00","date_gmt":"2023-01-26T06:21:00","guid":{"rendered":"http:\/\/agderma.de\/?page_id=1182"},"modified":"2023-02-14T09:28:32","modified_gmt":"2023-02-14T09:28:32","slug":"bioplastica","status":"publish","type":"page","link":"https:\/\/agderma.de\/it\/themen\/bio-kunststoffe\/","title":{"rendered":"\"Plastica \"Bio"},"content":{"rendered":"\t\t<div data-elementor-type=\"wp-page\" data-elementor-id=\"1182\" class=\"elementor elementor-1182\" data-elementor-post-type=\"page\">\n\t\t\t\t<div class=\"elementor-element elementor-element-3d478ea e-flex e-con-boxed e-con e-parent\" data-id=\"3d478ea\" data-element_type=\"container\" data-e-type=\"container\" data-settings=\"{&quot;background_background&quot;:&quot;classic&quot;}\">\n\t\t\t\t\t<div class=\"e-con-inner\">\n\t\t\t\t<div class=\"elementor-element elementor-element-3d3f871 elementor-widget elementor-widget-heading\" data-id=\"3d3f871\" data-element_type=\"widget\" data-e-type=\"widget\" data-widget_type=\"heading.default\">\n\t\t\t\t<div class=\"elementor-widget-container\">\n\t\t\t\t\t<h1 class=\"elementor-heading-title elementor-size-default\">&#8220;Bio&#8221;-Kunststoffe<\/h1>\t\t\t\t<\/div>\n\t\t\t\t<\/div>\n\t\t\t\t\t<\/div>\n\t\t\t\t<\/div>\n\t\t<div class=\"elementor-element elementor-element-2179231 e-flex e-con-boxed e-con e-parent\" data-id=\"2179231\" data-element_type=\"container\" data-e-type=\"container\">\n\t\t\t\t\t<div class=\"e-con-inner\">\n\t\t\t\t<div class=\"elementor-element elementor-element-3c12a81 elementor-widget elementor-widget-text-editor\" data-id=\"3c12a81\" data-element_type=\"widget\" data-e-type=\"widget\" data-widget_type=\"text-editor.default\">\n\t\t\t\t<div class=\"elementor-widget-container\">\n\t\t\t\t\t\t\t\t\t<p>Aufgrund der wachsenden Umweltverschmutzung durch Kunststoffe und die damit einhergehend immer gr\u00f6\u00dfer werdende Belastung f\u00fcr die Umwelt, gewinnen in der letzten Zeit sogenannte\u00a0<a href=\"https:\/\/pubmed.ncbi.nlm.nih.gov\/28411152\/\" target=\"_blank\" rel=\"noreferrer noopener\">\u201eBio\u201c-Kunststoffe als vermeintlich umweltfreundliche Alternative<\/a>\u00a0zu herk\u00f6mmlichen Plastikarten zunehmend an Bedeutung. \u201eBio\u201c-Kunststoffe k\u00f6nnen aus nachwachsenden Rohstoffen gewonnen werden oder kompostierbar sein oder sogar beides. Vor allem mit Hinblick auf globale gesellschaftliche Herausforderungen, wie dem Klimawandel und der Endlichkeit fossiler Ressourcen, erh\u00e4lt die Entwicklung hin zu einer biobasierten \u00d6konomie immer mehr Beachtung von Politik und Forschung.<\/p><p>Im Rahmen einer aktuellen Untersuchung zur Einsch\u00e4tzung von \u201eBio\u201c-Kunststoffen in der Bev\u00f6lkerung und bei K\u00e4ufer:innen in Deutschland wurde seitens Scherer et al. (2020) aufgezeigt,\u00a0<a href=\"https:\/\/link.springer.com\/content\/pdf\/bfm%3A978-3-658-27795-6%2F1.pdf\" target=\"_blank\" rel=\"noreferrer noopener\">dass K\u00e4ufer:innen eine sehr hohe Absicht zeigen, Produkte aus \u201eBio\u201c-Kunststoffen in Kaufentscheidungen vorzuziehen<\/a>.<\/p><p>Der Begriff der &#8220;Bio&#8221;-Kunststoffe ist jedoch nicht einheitlich definiert. Problematisch ist, dass der Wortbestandteil \u201eBio\u201c eine <a href=\"https:\/\/www.wwf.de\/themen-projekte\/landwirtschaft\/bioenergie\/bioplastik\" target=\"_blank\" rel=\"noopener\">vermeintliche <em>Umweltfreundlichkeit<\/em><\/a> suggeriert, die hier nicht unbedingt in jedem Fall zutrifft (WWF Deutschland 2021).<\/p><p>Der Begriff \u201eBio\u201c-Kunststoff wird f\u00fcr eine Vielzahl unterschiedlicher Polymere verwendet und kann einen\u00a0<a href=\"https:\/\/www.wwf.de\/themen-projekte\/landwirtschaft\/bioenergie\/bioplastik\" target=\"_blank\" rel=\"noreferrer noopener\">Hinweis auf die Herstellung aus nachwachsenden Rohstoffen oder eine potenzielle biologische Abbaubarkeit<\/a>\u00a0geben oder beides.\u200b<\/p><p>Zimmermann et al. (2020) zeigten j\u00fcngst, dass in 80 Prozent biobasierter und bioabbaubarer Produkte (z. B. Trinkflaschen, Schokoladenverpackungen usw.)\u00a0<a href=\"https:\/\/www.springerprofessional.de\/de\/biokunststoffe-hintergruende\/17593838\" target=\"_blank\" rel=\"noopener\">mehr als 1000 Substanzen enthalten waren, die zum Teil toxische Auswirkungen in Zellkulturen zeigten<\/a>; pflanzenbasierte Produkte aus Cellulose und St\u00e4rke w\u00fcrden dabei die meisten Chemikalien enthalten.<\/p><h3>Biologisch abbaubar, biobasiert oder beides?<\/h3><p>Die Eigenschaft\u00a0<a href=\"https:\/\/icmpp.ro\/sustainableplastics\/files\/Biodegradable_plastics_and_polymers.pdf\" target=\"_blank\" rel=\"noreferrer noopener\">biologisch abbaubar<\/a>\u00a0beschreibt, dass ein Material durch in der Umwelt vorhandene Mikroorganismen in nat\u00fcrliche Substanzen (z. B. Wasser, Kohlendioxid, Kompost) umgewandelt werden kann, ohne, dass zus\u00e4tzliche chemische Zus\u00e4tze n\u00f6tig sind.<\/p><p>Die Begrifflichkeit <a href=\"https:\/\/link.springer.com\/book\/10.1007\/978-3-658-27795-6\" target=\"_blank\" rel=\"noreferrer noopener\">biobasiert<\/a>\u00a0beschreibt, dass ein Material auf Basis von Biomasse bzw. nachwachsenden Rohstoffen (z. B. pflanzliche Stoffe, wie Zucker, St\u00e4rke, Pflanzen\u00f6len oder Zellulose) gewonnen wurde.<\/p><p>\u200b<span class=\"color_11\">Nach Fraunhofer UMSICHT (2022) lassen sich entsprechend der oben genannten Kriterien\u00a0<a href=\"https:\/\/www.umsicht.fraunhofer.de\/de\/ueber-fraunhofer-umsicht\/nachhaltigkeit\/nationale-informationsstelle-nachhaltige-kunststoffe\/polymere-kunststoff\/biokunststoffe.html#1\" target=\"_blank\" rel=\"noreferrer noopener\">vier Gruppen von Biokunststoffen<\/a>\u00a0ableiten:<\/span><\/p><ol><li>Nicht biologisch abbaubare Kunststoffe aus fossilen Rohstoffen<\/li><li>Nicht biologisch abbaubare Kunststoffe aus nachwachsenden Rohstoffen<\/li><li>Biologisch abbaubare Kunststoffe aus fossilen Rohstoffen<\/li><li>Biologisch abbaubare Kunststoffe aus nachwachsenden Rohstoffen<\/li><\/ol><h3>Bioabbaubarkeit von Kunstoffen und Biokunststoffen<\/h3><p>Grunds\u00e4tzlich gilt: Nicht alle Kunststoffe aus nachwachsenden Rohstoffen sind biologisch abbaubar, wobei auch unterschiedliche Abbau-Zeiten zu ber\u00fccksichtigen sind. Einige Kunststoffe aus petrochemischen (fossilen) Rohstoffen hingegen k\u00f6nnen biologisch abgebaut werden. Tabelle 1 stellt eine \u00dcbersicht \u00fcber Beispiele f\u00fcr verschiedene Arten von Kunststoffen und Biokunststoffen mitsamt ihrer Bioabbaubarkeit dar.<\/p><p>Tabelle 1: Kunststofftypen mit Beispielen<\/p>\t\t\t\t\t\t\t\t<\/div>\n\t\t\t\t<\/div>\n\t\t\t\t<div class=\"elementor-element elementor-element-5d58bc7 elementor-widget elementor-widget-image\" data-id=\"5d58bc7\" data-element_type=\"widget\" data-e-type=\"widget\" data-widget_type=\"image.default\">\n\t\t\t\t<div class=\"elementor-widget-container\">\n\t\t\t\t\t\t\t\t\t\t\t\t<figure class=\"wp-caption\">\n\t\t\t\t\t\t\t\t\t\t\t<a href=\"https:\/\/www.mdr.de\/wissen\/gefahr-mikroplastik-in-menschen100_zc-b1d0fd3e_zs-64b8d9c9.html\" target=\"_blank\" rel=\"noopener\">\n\t\t\t\t\t\t\t<img fetchpriority=\"high\" decoding=\"async\" width=\"641\" height=\"311\" src=\"https:\/\/agderma.de\/wp-content\/uploads\/2023\/01\/Tabelle-Bio-Kunststoffe.webp\" class=\"attachment-large size-large wp-image-1184\" alt=\"\" srcset=\"https:\/\/agderma.de\/wp-content\/uploads\/2023\/01\/Tabelle-Bio-Kunststoffe.webp 641w, https:\/\/agderma.de\/wp-content\/uploads\/2023\/01\/Tabelle-Bio-Kunststoffe-300x146.webp 300w\" sizes=\"(max-width: 641px) 100vw, 641px\" \/>\t\t\t\t\t\t\t\t<\/a>\n\t\t\t\t\t\t\t\t\t\t\t<figcaption class=\"widget-image-caption wp-caption-text\">fossil-basiert: petrochemische Rohstoffe; NawaRo: nachwachsende Rohstoffe  Quelle: <a href=\"Fraunhofer UMSICHT (2022)\">Fraunhofer UMSICHT (2022)<\/a><\/figcaption>\n\t\t\t\t\t\t\t\t\t\t<\/figure>\n\t\t\t\t\t\t\t\t\t<\/div>\n\t\t\t\t<\/div>\n\t\t\t\t<div class=\"elementor-element elementor-element-b668183 elementor-widget elementor-widget-text-editor\" data-id=\"b668183\" data-element_type=\"widget\" data-e-type=\"widget\" data-widget_type=\"text-editor.default\">\n\t\t\t\t<div class=\"elementor-widget-container\">\n\t\t\t\t\t\t\t\t\t<h3>Aktuelle Diskurse zu Biokunststoffen<\/h3><p class=\"font_8\"><a href=\"https:\/\/pubmed.ncbi.nlm.nih.gov\/32951901\/\" target=\"_blank\" rel=\"noopener\">Biobasierte bzw. bioabbaubare Materialien sind nicht zwingend weniger bedenklich<\/a> als herk\u00f6mmliche Kunststoffe, wie Zimmermann et al. (2020) j\u00fcngst zeigten.<\/p><p>Drei Viertel aller untersuchten Produkte enthielten, wie die herk\u00f6mmlichen Kunststoffe, sch\u00e4dliche Zusatzchemikalien (Additive), wie Substanzen, die toxisch auf Zellen wirken oder hormon\u00e4hnliche Effekte hervorrufen. Die o.g. Autor:innengruppe betont die Notwendigkeit der Durchf\u00fchrung weiterer Studien im Zuge der Risikoforschung zu Plastik und seinen Alternativen. Hier ist\u00a0<a href=\"https:\/\/pubmed.ncbi.nlm.nih.gov\/32951901\/\" target=\"_blank\" rel=\"noreferrer noopener\">dringend angeraten, dass eine vollst\u00e4ndige Transparenz \u00fcber alle Inhaltsstoffe eines jeden Produkts verpflichtend verf\u00fcgbar<\/a>\u00a0ist, damit Gesundheitsrisiken ausgeschlossen werden k\u00f6nnen. Zimmermann et al. (2019, 2020) fanden in etwa einem Viertel der Proben nur eine geringe inh\u00e4rente Toxizit\u00e4t der Proben. Diese Auswahl k\u00f6nnte wegweisend sein f\u00fcr die zuk\u00fcnftige Entwicklung einer neuen Generation gering toxischer und umweltfreundlicher Kunststoffe.<\/p><p>Viele der derzeitig als biologisch abbaubar gekennzeichneten Biokunststoffe <a href=\"https:\/\/www.wwf.de\/themen-projekte\/landwirtschaft\/bioenergie\/bioplastik\" target=\"_blank\" rel=\"noopener\">k\u00f6nnen ausschlie\u00dflich nur unter spezifischen Bedingungen, die in der nat\u00fcrlichen Umwelt nicht zwingend vorliegen, abgebaut werden.<\/a><\/p><p>\u200b<a href=\"https:\/\/www.umweltbundesamt.de\/sites\/default\/files\/medien\/421\/publikationen\/18-07-25_abschlussbericht_bak_final_pb2.pdf\" target=\"_blank\" rel=\"noopener\">In den meisten industriellen Kompostieranlagen sind die Verrottungszeiten f\u00fcr die Zersetzung von bioabbaubaren Kunststoffen zu kurz<\/a>, so dass trotz entsprechender Zertifizierung bioabbaubare Produkte nicht ausreichend zersetzt werden.<\/p><p>Sie m\u00fcssen aufwendig aussortiert werden und werden schlie\u00dflich verbrannt.<\/p><ul><li>Geltende Normen, die die Abbaubarkeit bescheinigen, stehen in der Kritik, da sie u. a. keinen vollst\u00e4ndigen Abbau gew\u00e4hrleisten und zudem die Abbaubarkeit der zahlreichen Additive, sogenannter Zusatzstoffe, die die Eigenschaft des Kunststoffes bestimmen, nicht ber\u00fccksichtigt wird.<\/li><li>Es stellt sich die Frage, ob Verbraucher:innen grunds\u00e4tzlich aufgekl\u00e4rt genug sind korrekt abzuw\u00e4gen bzw. zu entscheiden, wie \u201eBio\u201c-Kunststoffe ad\u00e4quat zu entsorgen sind. Es ist sehr wahrscheinlich, dass ein Teil der nicht oder schlecht abbaubaren \u201eBio\u201c-Kunststoffe \u00fcber den Abfall, insbesondere Kompost, der Entsorgung zugef\u00fchrt werden.<\/li><li>Es wird den Verbraucher:innen suggeriert, dass die Plastikproduktion weiter beibehalten werden kann, da Plastik f\u00fcr viele Einwegprodukte weiterhin Verwendung findet (business as usual) statt systematisch auf unverpackt und Mehrweg als Standard umzustellen.<\/li><li>Die Herstellung von \u201eBio\u201c-Kunststoffen ist \u2013 wie bei herk\u00f6mmlichen Kunststoffen \u2013 energieaufw\u00e4ndig und erzeugt Treibhausgase. W\u00fcnschenswert ist daher die deutliche Reduktion der Produktion und Nutzung von s\u00e4mtlichen Plastikarten im Sinne der Kreislaufwirtschaft (reduce-reuse-recycle).<\/li><li>Auch bioabbaubare Kunststoffe sind im Sinne einer Kreislaufwirtschaft nicht zielf\u00fchrend, denn damit wird ein aufwendig produzierter nachwachsender Rohstoff dem Kreislauf entzogen. Dabei ist nur die m\u00f6glichst lange Nutzung \u2013 also ein Verbleiben im Kreislauf \u2013 zukunftsf\u00e4hig und ressourcenschonend.<\/li><li>Kann auf Einwegverpackung aus zum Beispiel hygienischen Gr\u00fcnden nicht verzichtet werden, empfehlen sich Verpackungen aus Kunststoff-Rezyklaten anstatt Verpackungen aus nachwachsenden Rohstoffen.<\/li><\/ul><h3>\u200bFazit<\/h3><p><a href=\"https:\/\/www.unep.org\/news-and-stories\/press-release\/un-environment-assembly-opens-all-eyes-global-agreement-plastic\" target=\"_blank\" rel=\"noreferrer noopener\">Am 2. M\u00e4rz 2022 beschlossen 193 Mitgliedsstaaten in der Umweltversammlung der Vereinten Nationen (UNEA)<\/a>, dass der Neueintrag von Plastik in die Umwelt schrittweise \u2013 voraussichtlich bis 2030 \u2013 vollst\u00e4ndig gestoppt werden soll.<\/p><p>\u200bEin solch neues globales Abkommen <a href=\"https:\/\/exit-plastik.de\/plastics-treaty\/\" target=\"_blank\" rel=\"noopener\">sollte den gesamten Lebenszyklus von Plastik umfassen<\/a>, einschlie\u00dflich der Rohstoffgewinnung, der Produktion, des Transports, der Nutzung, der Entsorgung und der Sanierung.<\/p><p>\u200bEs steht zu bef\u00fcrchten, dass \u201eBio\u201c-Kunststoffe in der n\u00e4chsten Zukunft, vor allem auch im medizinischen Sektor, zunehmend vermehrte Aufmerksamkeit erlangen, ohne dass entsprechend ausreichende Kennzeichnung und breite Aufkl\u00e4rung zu diesen innovativen Kunststoffarten erfolgt. \u201eBio\u201c-Kunststoffe, speziell biobasierte und biologisch abbaubare \u201eBio\u201c-Kunststoffe, k\u00f6nnen zwar eine Alternative zu herk\u00f6mmlichen Kunstoffen darstellen, <a href=\"https:\/\/www.bund.net\/fileadmin\/user_upload_bund\/publikationen\/ressourcen_und_technik\/ressourcen_technik_biooekonomie_projekt_studie_spangenberg.pdf\" target=\"_blank\" rel=\"noopener\">die Verwendung dieser Kunststoffarten wird jedoch in der derzeitigen Form voraussichtlich nicht den Ausweg aus der Plastikkrise weisen.<\/a><\/p><p><strong>Weiterf\u00fchrende Informationen zum Thema finden Sie hier:<\/strong><\/p><ul><li><a href=\"https:\/\/www.bund.net\/bioplastik\/\" target=\"_blank\" rel=\"noopener\">BUND e.V.: &#8220;Bio&#8221;-Plastik weckt falsche Hoffnung<\/a><\/li><li>Rosenboom JG, Langer R, Traverso G. Bioplastics for a circular economy. Nature Reviews Materials 7, 117\u2013137 (2022). <a href=\"https:\/\/doi.org\/10.1038\/s41578-021-00407-8\" target=\"_blank\" rel=\"noopener\">https:\/\/doi.org\/10.1038\/s41578-021-00407-8<\/a><\/li><\/ul><p>\u200b<\/p>\t\t\t\t\t\t\t\t<\/div>\n\t\t\t\t<\/div>\n\t\t\t\t<div class=\"elementor-element elementor-element-5361cbc elementor-widget elementor-widget-toggle\" data-id=\"5361cbc\" data-element_type=\"widget\" data-e-type=\"widget\" data-widget_type=\"toggle.default\">\n\t\t\t\t<div class=\"elementor-widget-container\">\n\t\t\t\t\t\t\t<div class=\"elementor-toggle\">\n\t\t\t\t\t\t\t<div class=\"elementor-toggle-item\">\n\t\t\t\t\t<div id=\"elementor-tab-title-8741\" class=\"elementor-tab-title\" data-tab=\"1\" role=\"button\" aria-controls=\"elementor-tab-content-8741\" aria-expanded=\"false\">\n\t\t\t\t\t\t\t\t\t\t\t\t<span class=\"elementor-toggle-icon elementor-toggle-icon-left\" aria-hidden=\"true\">\n\t\t\t\t\t\t\t\t\t\t\t\t\t\t\t<span class=\"elementor-toggle-icon-closed\"><i class=\"fas fa-caret-right\"><\/i><\/span>\n\t\t\t\t\t\t\t\t<span class=\"elementor-toggle-icon-opened\"><i class=\"elementor-toggle-icon-opened fas fa-caret-up\"><\/i><\/span>\n\t\t\t\t\t\t\t\t\t\t\t\t\t<\/span>\n\t\t\t\t\t\t\t\t\t\t\t\t<a class=\"elementor-toggle-title\" tabindex=\"0\">Literaturverweise und rechtliche Hinweise<\/a>\n\t\t\t\t\t<\/div>\n\n\t\t\t\t\t<div id=\"elementor-tab-content-8741\" class=\"elementor-tab-content elementor-clearfix\" data-tab=\"1\" role=\"region\" aria-labelledby=\"elementor-tab-title-8741\"><p>Behnsen H, Endres H-J (2020): Biokunststoffe \u2013 Hintergr\u00fcnde. In: Endres H-J, Mudersbach M, Behnsen H, Spierling S (Hrsg.): Biokunststoffe unter dem Blickwinkel der Nachhaltigkeit und Kommunikation: Status quo, M\u00f6glichkeiten und Herausforderungen. Springer Fachmedien Wiesbaden, Wiesbaden: 7-16.<\/p><p>Fraunhofer UMSICHT\u00a0(2022): Biokunststoffe. Verf\u00fcgbar unter:\u00a0<a href=\"https:\/\/www.umsicht.fraunhofer.de\/de\/ueber-fraunhofer-umsicht\/nachhaltigkeit\/nationale-informationsstelle-nachhaltige-kunststoffe\/polymere-kunststoff\/biokunststoffe.html#1\" target=\"_blank\" rel=\"noreferrer noopener\">https:\/\/www.umsicht.fraunhofer.de\/de\/ueber-fraunhofer-umsicht\/nachhaltigkeit\/nationale-informationsstelle-nachhaltige-kunststoffe\/polymere-kunststoff\/biokunststoffe.html#1<\/a>\u00a0[letzter Zugriff: 10.02.2022].<\/p><p>Kr\u017ean A\u00a0(2012): Biodegradable polymers and plastics. Verf\u00fcgbar unter:\u00a0<a href=\"https:\/\/icmpp.ro\/sustainableplastics\/files\/Biodegradable_plastics_and_polymers.pdf\" target=\"_blank\" rel=\"noopener\">https:\/\/icmpp.ro\/sustainableplastics\/files\/Biodegradable_plastics_and_polymers.pdf<\/a>\u00a0[letzter Zugriff: 17.02.2022].<\/p><p>Patermann C, Aguilar A\u00a0(2018): The origins of the bioeconomy in the European Union.\u00a0New biotechnology, 40: 20-24.<\/p><p>Scherer C, Klein F, Emberger-Klein A, Menrad K\u00a0(2020): Einsch\u00e4tzung von Biokunststoffen in der Bev\u00f6lkerung und bei K\u00e4uferInnen in Deutschland. In: Endres H-J, Mudersbach M, Behnsen H, Spierling S (Hrsg.):\u00a0Biokunststoffe unter dem Blickwinkel der Nachhaltigkeit und Kommunikation: Status quo, M\u00f6glichkeiten und Herausforderungen. Springer Fachmedien Wiesbaden, Wiesbaden: 159-181.<\/p><p>Spangenberg J, Kuhlmann W (2020): F&amp;E-Vorhaben \u201eBio\u00f6konomie im Lichte der Nachhaltigkeit und der Umsetzung der SDGs\u201c (FKZ 3520890900). Verf\u00fcgbar unter: <a href=\"https:\/\/www.bund.net\/fileadmin\/user_upload_bund\/publikationen\/ressourcen_und_technik\/ressourcen_technik_biooekonomie_projekt_studie_spangenberg.pdf\" target=\"_blank\" rel=\"noopener\">https:\/\/www.bund.net\/fileadmin\/user_upload_bund\/publikationen\/ressourcen_und_technik\/ressourcen_technik_biooekonomie_projekt_studie_spangenberg.pdf<\/a>\u00a0[letzter Zugriff: 17.02.2022].<\/p><p>WWF Deutschland (2021): Bioplastik. Verf\u00fcgbar unter: <a href=\"https:\/\/www.wwf.de\/themen-projekte\/landwirtschaft\/bioenergie\/bioplastik\" target=\"_blank\" rel=\"noopener\">https:\/\/www.wwf.de\/themen-projekte\/landwirtschaft\/bioenergie\/bioplastik<\/a> [letzter Zugriff: 17.02.2022].\u200b<\/p><p>Zimmermann L, Dombrowski A, V\u00f6lker C, Wagner M (2020): Are bioplastics and plant-based materials safer than conventional plastics? In vitro toxicity and chemical composition. Environment International, 145: 106066.<\/p><p>Zimmermann L, Dierkes G, Ternes TA, V\u00f6lker C, Wagner M\u00a0(2019): Benchmarking the in vitro toxicity and chemical composition of plastic consumer products.\u00a0Environ. Sci. Technol.\u00a053 (2019) 11467-11477.\u00a0<a href=\"https:\/\/doi.org\/10.1021\/acs.est.9b02293\" target=\"_blank\" rel=\"noreferrer noopener\">https:\/\/doi.org\/10.1021\/acs.est.9b02293<\/a><\/p><\/div>\n\t\t\t\t<\/div>\n\t\t\t\t\t\t\t\t<\/div>\n\t\t\t\t\t\t<\/div>\n\t\t\t\t<\/div>\n\t\t\t\t\t<\/div>\n\t\t\t\t<\/div>\n\t\t\t\t<\/div>\n\t\t","protected":false},"excerpt":{"rendered":"<p>Aufgrund der wachsenden Umweltverschmutzung durch Kunststoffe und die damit einhergehend immer gr\u00f6\u00dfer werdende Belastung f\u00fcr die Umwelt, gewinnen in der letzten Zeit sogenannte\u00a0\u201eBio\u201c-Kunststoffe als vermeintlich umweltfreundliche Alternative\u00a0zu herk\u00f6mmlichen Plastikarten zunehmend an Bedeutung. \u201eBio\u201c-Kunststoffe k\u00f6nnen aus nachwachsenden Rohstoffen gewonnen werden oder kompostierbar sein oder sogar beides. Vor allem mit Hinblick auf globale gesellschaftliche Herausforderungen, wie dem [&hellip;]<\/p>\n","protected":false},"author":1,"featured_media":0,"parent":1142,"menu_order":0,"comment_status":"closed","ping_status":"closed","template":"","meta":{"_acf_changed":false,"footnotes":""},"class_list":["post-1182","page","type-page","status-publish","hentry"],"acf":[],"_links":{"self":[{"href":"https:\/\/agderma.de\/it\/wp-json\/wp\/v2\/pages\/1182","targetHints":{"allow":["GET"]}}],"collection":[{"href":"https:\/\/agderma.de\/it\/wp-json\/wp\/v2\/pages"}],"about":[{"href":"https:\/\/agderma.de\/it\/wp-json\/wp\/v2\/types\/page"}],"author":[{"embeddable":true,"href":"https:\/\/agderma.de\/it\/wp-json\/wp\/v2\/users\/1"}],"replies":[{"embeddable":true,"href":"https:\/\/agderma.de\/it\/wp-json\/wp\/v2\/comments?post=1182"}],"version-history":[{"count":0,"href":"https:\/\/agderma.de\/it\/wp-json\/wp\/v2\/pages\/1182\/revisions"}],"up":[{"embeddable":true,"href":"https:\/\/agderma.de\/it\/wp-json\/wp\/v2\/pages\/1142"}],"wp:attachment":[{"href":"https:\/\/agderma.de\/it\/wp-json\/wp\/v2\/media?parent=1182"}],"curies":[{"name":"wp","href":"https:\/\/api.w.org\/{rel}","templated":true}]}}