{"id":1192,"date":"2023-01-26T07:05:50","date_gmt":"2023-01-26T07:05:50","guid":{"rendered":"http:\/\/agderma.de\/?page_id=1192"},"modified":"2025-03-15T15:43:05","modified_gmt":"2025-03-15T15:43:05","slug":"dosaggio-degli-aerosol-terapia-rilevante-per-il-clima","status":"publish","type":"page","link":"https:\/\/agderma.de\/it\/themen\/dosieraerosole-klimarelevante-therapie\/","title":{"rendered":"Inalatori a dosaggio dosato Terapia rilevante per il clima"},"content":{"rendered":"<div data-elementor-type=\"wp-page\" data-elementor-id=\"1192\" class=\"elementor elementor-1192\" data-elementor-post-type=\"page\">\n\t\t\t\t<div class=\"elementor-element elementor-element-3d478ea e-flex e-con-boxed e-con e-parent\" data-id=\"3d478ea\" data-element_type=\"container\" data-e-type=\"container\" data-settings=\"{&quot;background_background&quot;:&quot;classic&quot;}\">\n\t\t\t\t\t<div class=\"e-con-inner\">\n\t\t\t\t<div class=\"elementor-element elementor-element-3d3f871 elementor-widget elementor-widget-heading\" data-id=\"3d3f871\" data-element_type=\"widget\" data-e-type=\"widget\" data-widget_type=\"heading.default\">\n\t\t\t\t<div class=\"elementor-widget-container\">\n\t\t\t\t\t<h1 class=\"elementor-heading-title elementor-size-default\">Inalatori a dosaggio dosato Terapia rilevante per il clima<\/h1>\t\t\t\t<\/div>\n\t\t\t\t<\/div>\n\t\t\t\t\t<\/div>\n\t\t\t\t<\/div>\n\t\t<div class=\"elementor-element elementor-element-2179231 e-flex e-con-boxed e-con e-parent\" data-id=\"2179231\" data-element_type=\"container\" data-e-type=\"container\">\n\t\t\t\t\t<div class=\"e-con-inner\">\n\t\t\t\t<div class=\"elementor-element elementor-element-3c12a81 elementor-widget elementor-widget-text-editor\" data-id=\"3c12a81\" data-element_type=\"widget\" data-e-type=\"widget\" data-widget_type=\"text-editor.default\">\n\t\t\t\t<div class=\"elementor-widget-container\">\n\t\t\t\t\t\t\t\t\t<h3>La terapia per l'asma e la BPCO \u00e8 rilevante per il clima<\/h3><p>La maggior parte dei dermatologi ha familiarit\u00e0 con la diagnosi e il trattamento delle malattie allergiche del tratto respiratorio superiore, come la rinocongiuntivite allergica e l'asma. Gli spostamenti stagionali e il prolungamento della stagione dei pollini causati dal cambiamento climatico hanno\u00a0<a href=\"https:\/\/www.lungenaerzte-im-netz.de\/krankheiten\/asthma-bronchiale\/haeufigkeit\/\" target=\"_blank\" rel=\"noopener\">Le malattie respiratorie allergiche sono aumentate drasticamente a partire dagli anni '80.<\/a>che influisce sulla frequenza di prescrizione di DAe e PI.<\/p><p>I farmaci quotidiani contro l'asma allergica sono prescritti in due diverse forme di applicazione, tra le altre:<\/p><ol><li><strong>Inalatori a dosaggio dosato (DAe)<\/strong> vengono applicati alla bocca. Applicando una pressione sul grilletto, il propellente con l'ingrediente attivo viene erogato nel tratto respiratorio con l'inalazione simultanea.<\/li><li><strong>Inalatori in polvere (PI)<\/strong> sono racchiusi dalla bocca. L'inalazione avviene tramite aspirazione durante l'inspirazione rapida.<\/li><\/ol><h3>I propellenti degli inalatori dosati sono pi\u00f9 dannosi per il clima rispetto agli inalatori in polvere.<\/h3><p>Oltre al gas a effetto serra anidride carbonica, la cui quota \u00e8 aumentata notevolmente dopo l'industrializzazione, altri gas a effetto serra come\u00a0<a href=\"https:\/\/agderma.de\/it\/argomenti\/la-plastica-provoca-il-cambiamento-climatico\/\" target=\"_blank\" rel=\"noopener\">Metano<\/a>Il protossido di azoto e i gas fluorurati ad effetto serra (F-gas) prodotti dall'uomo vengono rilasciati nell'atmosfera. I gas F non influiscono sullo strato di ozono, a differenza dei CFC, la cui produzione \u00e8 stata vietata a livello mondiale dal 2020.<\/p><p>I gas F non si trovano solo in prodotti come congelatori, condizionatori d'aria, estintori e materiali isolanti, ma anche negli spray per l'asma. Il\u00a0<a href=\"http:\/\/www.duh.de\/uploads\/tx_duhdownloads\/F-Gase_Hintergrundpapier.pdf\" target=\"_blank\" rel=\"noopener\">Il potenziale di riscaldamento globale di questi gas \u00e8 da 100 a 23.000 volte pi\u00f9 alto.<\/a>\u00a0come quello dell'anidride carbonica. Il\u00a0<a href=\"https:\/\/www.umweltbundesamt.de\/daten\/klima\/atmosphaerische-treibhausgas-konzentrationen#beitrag-langlebiger-treibhausgase-zum-treibhauseffekt\" target=\"_blank\" rel=\"noopener\">Tempo di permanenza nell'atmosfera<\/a>\u00a0\u00e8 in alcuni casi compreso tra alcuni decenni e diverse centinaia di anni. In tutto il mondo, contribuiscono a circa\u00a0<a href=\"https:\/\/bmjopen.bmj.com\/content\/9\/10\/e028763\" target=\"_blank\" rel=\"noopener\">due per cento all'effetto serra<\/a>\u00a0e quindi circa quanto il traffico aereo internazionale. Una ricerca precedente ha dimostrato, ad esempio, che i DAe prescritti in Inghilterra contribuiscono per 3,9 % all'impronta di carbonio del Servizio Sanitario Nazionale britannico. In Germania, le emissioni di gas fluorurati rappresentano gi\u00e0\u00a0<a href=\"https:\/\/www.umweltbundesamt.de\/daten\/klima\/treibhausgas-emissionen-in-deutschland\/emissionen-fluorierter-treibhausgase-f-gase\" target=\"_blank\" rel=\"noopener\">Agenzia federale per l'ambiente<\/a>\u00a0rappresenta circa l'1,6 percento delle emissioni di gas serra.<\/p><p><a href=\"https:\/\/pubmed.ncbi.nlm.nih.gov\/33124196\/\" target=\"_blank\" rel=\"noopener\">I gas F utilizzati negli spray per l'asma<\/a>soprattutto il tetrafluoroetano HFA 134a e l'eptafluoropropano HFA 227ea, sono potenti gas a effetto serra e rispettivamente fino a 1.430 e 3.220 volte pi\u00f9 potenti dell'anidride carbonica.<\/p><h3>Confronto inalatori dosati (DAe) - inalatori in polvere (PI)<\/h3><p>Se ora confrontiamo il bilancio di anidride carbonica di DAe con PI, quello di\u00a0<a href=\"https:\/\/thorax.bmj.com\/content\/75\/1\/82\" target=\"_blank\" rel=\"noopener\">PI fino a 20 volte migliore<\/a>\u00a0come\u00a0<a href=\"https:\/\/www.aerzteblatt.de\/n107077\/\" target=\"_blank\" rel=\"noopener\">che DAe<\/a>.<\/p><p>La maggior parte dei principi attivi e delle combinazioni di principi attivi che svolgono un ruolo nella terapia dell'asma e della BPCO sono disponibili sia come DAe che come PI.<\/p>\t\t\t\t\t\t\t\t<\/div>\n\t\t\t\t<\/div>\n\t\t\t\t<div class=\"elementor-element elementor-element-5d58bc7 elementor-widget elementor-widget-image\" data-id=\"5d58bc7\" data-element_type=\"widget\" data-e-type=\"widget\" data-widget_type=\"image.default\">\n\t\t\t\t<div class=\"elementor-widget-container\">\n\t\t\t\t\t\t\t\t\t\t\t\t<figure class=\"wp-caption\">\n\t\t\t\t\t\t\t\t\t\t<img fetchpriority=\"high\" decoding=\"async\" width=\"625\" height=\"120\" src=\"https:\/\/agderma.de\/wp-content\/uploads\/2023\/01\/Tabelle-Dosieraerosole.webp\" class=\"attachment-large size-large wp-image-1195\" alt=\"\" srcset=\"https:\/\/agderma.de\/wp-content\/uploads\/2023\/01\/Tabelle-Dosieraerosole.webp 625w, https:\/\/agderma.de\/wp-content\/uploads\/2023\/01\/Tabelle-Dosieraerosole-300x58.webp 300w\" sizes=\"(max-width: 625px) 100vw, 625px\" \/>\t\t\t\t\t\t\t\t\t\t\t<figcaption class=\"widget-image-caption wp-caption-text\"><\/figcaption>\n\t\t\t\t\t\t\t\t\t\t<\/figure>\n\t\t\t\t\t\t\t\t\t<\/div>\n\t\t\t\t<\/div>\n\t\t\t\t<div class=\"elementor-element elementor-element-a5951ba elementor-widget elementor-widget-text-editor\" data-id=\"a5951ba\" data-element_type=\"widget\" data-e-type=\"widget\" data-widget_type=\"text-editor.default\">\n\t\t\t\t<div class=\"elementor-widget-container\">\n\t\t\t\t\t\t\t\t\t<p>* In\u00a0<a href=\"https:\/\/www.cme-point.de\/Fortbildungen\/2589_CME_Inhalationssysteme.pdf\" target=\"_blank\" rel=\"noopener\">Studi<\/a>\u00a0\u00e8 stato dimostrato che l'efficacia dei rispettivi sistemi DAe rispetto a PI non dipende dal tipo di farmaco, ma dalla corretta applicazione.<\/p><p>** cfr. <a href=\"https:\/\/bmjopen.bmj.com\/content\/9\/10\/e028763\" target=\"_blank\" rel=\"noopener\">https:\/\/bmjopen.bmj.com\/content\/9\/10\/e028763<\/a><\/p>\t\t\t\t\t\t\t\t<\/div>\n\t\t\t\t<\/div>\n\t\t\t\t<div class=\"elementor-element elementor-element-b668183 elementor-widget elementor-widget-text-editor\" data-id=\"b668183\" data-element_type=\"widget\" data-e-type=\"widget\" data-widget_type=\"text-editor.default\">\n\t\t\t\t<div class=\"elementor-widget-container\">\n\t\t\t\t\t\t\t\t\t<p><strong>Raccomandazione per la prescrizione di farmaci per l'asma:<\/strong><\/p><ul><li>Consideri la possibilit\u00e0 di prescrivere inalatori in polvere se \u00e8 possibile un respiro profondo di 2-3 secondi o un respiro pi\u00f9 lungo di 4-5 secondi, poich\u00e9 questi hanno un equilibrio climatico molto migliore.<\/li><li>hen utilizzare gli MDI come farmaci di emergenza o per le persone anziane, \u00e8 necessario fornire informazioni accurate non solo sul loro uso, ma anche sul loro smaltimento.<\/li><li>Tenga presente i propellenti degli inalatori dosati, che differiscono in modo significativo in termini di impronta di carbonio.<\/li><li>Inalatori a dosaggio dosato <a href=\"https:\/\/agderma.de\/it\/gestione-sostenibile-della-pratica\/modelli-sqm\/\">smaltire correttamente<\/a>poich\u00e9 i gas residui fuoriescono dopo la fine dell'uso e gli inalatori sono merci pericolose.<\/li><li>I servizi di smaltimento dei farmaci dipendono dal Comune. Qui trover\u00e0 ulteriori informazioni<\/li><\/ul><p>Aggiornamento: <a href=\"https:\/\/register.awmf.org\/assets\/guidelines\/053-059k_S2k_Klimabewusste-Verordnung-Inhalativa_2024-04.pdf\" target=\"_blank\" rel=\"noopener\">Linea guida S2k \"Prescrizione consapevole di inalanti\" 1\/24<\/a><\/p>\t\t\t\t\t\t\t\t<\/div>\n\t\t\t\t<\/div>\n\t\t\t\t<div class=\"elementor-element elementor-element-5361cbc elementor-widget elementor-widget-toggle\" data-id=\"5361cbc\" data-element_type=\"widget\" data-e-type=\"widget\" data-widget_type=\"toggle.default\">\n\t\t\t\t<div class=\"elementor-widget-container\">\n\t\t\t\t\t\t\t<div class=\"elementor-toggle\">\n\t\t\t\t\t\t\t<div class=\"elementor-toggle-item\">\n\t\t\t\t\t<div id=\"elementor-tab-title-8741\" class=\"elementor-tab-title\" data-tab=\"1\" role=\"button\" aria-controls=\"elementor-tab-content-8741\" aria-expanded=\"false\">\n\t\t\t\t\t\t\t\t\t\t\t\t<span class=\"elementor-toggle-icon elementor-toggle-icon-left\" aria-hidden=\"true\">\n\t\t\t\t\t\t\t\t\t\t\t\t\t\t\t<span class=\"elementor-toggle-icon-closed\"><i class=\"fas fa-caret-right\"><\/i><\/span>\n\t\t\t\t\t\t\t\t<span class=\"elementor-toggle-icon-opened\"><i class=\"elementor-toggle-icon-opened fas fa-caret-up\"><\/i><\/span>\n\t\t\t\t\t\t\t\t\t\t\t\t\t<\/span>\n\t\t\t\t\t\t\t\t\t\t\t\t<a class=\"elementor-toggle-title\" tabindex=\"0\">Riferimenti e informazioni legali<\/a>\n\t\t\t\t\t<\/div>\n\n\t\t\t\t\t<div id=\"elementor-tab-content-8741\" class=\"elementor-tab-content elementor-clearfix\" data-tab=\"1\" role=\"region\" aria-labelledby=\"elementor-tab-title-8741\"><p>\u00a9 Dr. med. Christina Hecker e Dr. med. Dipl. Biol. Susanne Saha 07\/2021<\/p><\/div>\n\t\t\t\t<\/div>\n\t\t\t\t\t\t\t\t<\/div>\n\t\t\t\t\t\t<\/div>\n\t\t\t\t<\/div>\n\t\t\t\t\t<\/div>\n\t\t\t\t<\/div>\n\t\t\t\t<\/div>","protected":false},"excerpt":{"rendered":"<p>Die Therapie von Asthma und COPD ist klimarelevant\u200b Der gr\u00f6\u00dfte Anteil der Dermatologinnen und Dermatologen ist als Allergolog*innen mit der Diagnostik und Therapie allergischer Erkrankungen der oberen Atemwege wie z. B. Rhinokonjunktivitis allergica und Asthma vertraut. Durch den Klimawandel bedingte jahreszeitliche Verschiebungen und Verl\u00e4ngerung der Pollensaison haben\u00a0allergische Atemwegserkrankungen seit den 80iger Jahren stark zugenommen, was [&hellip;]<\/p>\n","protected":false},"author":1,"featured_media":0,"parent":1142,"menu_order":0,"comment_status":"closed","ping_status":"closed","template":"","meta":{"_acf_changed":false,"footnotes":""},"class_list":["post-1192","page","type-page","status-publish","hentry"],"acf":[],"_links":{"self":[{"href":"https:\/\/agderma.de\/it\/wp-json\/wp\/v2\/pages\/1192","targetHints":{"allow":["GET"]}}],"collection":[{"href":"https:\/\/agderma.de\/it\/wp-json\/wp\/v2\/pages"}],"about":[{"href":"https:\/\/agderma.de\/it\/wp-json\/wp\/v2\/types\/page"}],"author":[{"embeddable":true,"href":"https:\/\/agderma.de\/it\/wp-json\/wp\/v2\/users\/1"}],"replies":[{"embeddable":true,"href":"https:\/\/agderma.de\/it\/wp-json\/wp\/v2\/comments?post=1192"}],"version-history":[{"count":22,"href":"https:\/\/agderma.de\/it\/wp-json\/wp\/v2\/pages\/1192\/revisions"}],"predecessor-version":[{"id":5619,"href":"https:\/\/agderma.de\/it\/wp-json\/wp\/v2\/pages\/1192\/revisions\/5619"}],"up":[{"embeddable":true,"href":"https:\/\/agderma.de\/it\/wp-json\/wp\/v2\/pages\/1142"}],"wp:attachment":[{"href":"https:\/\/agderma.de\/it\/wp-json\/wp\/v2\/media?parent=1192"}],"curies":[{"name":"wp","href":"https:\/\/api.w.org\/{rel}","templated":true}]}}